{"id":84,"date":"2017-08-04T16:01:00","date_gmt":"2017-08-04T14:01:00","guid":{"rendered":"https:\/\/newweb.turismoenzamora.es\/?page_id=84"},"modified":"2021-09-01T16:15:42","modified_gmt":"2021-09-01T14:15:42","slug":"patrimonio-gastronomico","status":"publish","type":"page","link":"https:\/\/turismoenzamora.es\/zh\/patrimonio-gastronomico\/","title":{"rendered":"Patrimonio Gastron\u00f3mico"},"content":{"rendered":"<p><\/p>\n<h2>Alimentos de zamora<br \/>\n\u7f8e\u98df\u5b66\u8428\u83ab\u62c9\u7684\u2fbc\u54c1\u8d28\u2edd\u7269<\/h2>\n<p><img fetchpriority=\"high\" decoding=\"async\" class=\"aligncenter size-full wp-image-7001\" src=\"https:\/\/turismoenzamora.es\/wp-content\/uploads\/2018\/04\/Bodeg\u00f3n-Alimentos-Concha-Prada.jpg\" alt=\"\" data-id=\"7001\" width=\"3543\" height=\"1757\" srcset=\"https:\/\/turismoenzamora.es\/wp-content\/uploads\/2018\/04\/Bodeg\u00f3n-Alimentos-Concha-Prada.jpg 3543w, https:\/\/turismoenzamora.es\/wp-content\/uploads\/2018\/04\/Bodeg\u00f3n-Alimentos-Concha-Prada-300x149.jpg 300w, https:\/\/turismoenzamora.es\/wp-content\/uploads\/2018\/04\/Bodeg\u00f3n-Alimentos-Concha-Prada-768x381.jpg 768w, https:\/\/turismoenzamora.es\/wp-content\/uploads\/2018\/04\/Bodeg\u00f3n-Alimentos-Concha-Prada-1024x508.jpg 1024w\" sizes=\"(max-width: 3543px) 100vw, 3543px\" \/><\/p>\n<h6>Zamora Con Mucho Gusto<\/h6>\n<p>\u5982\u4f55\u6700\u76f4\u89c2\u7684\u4e86\u89e3\u2f00\u4e2a\u5730\u57df\u7684\u4e2a\u6027\uff1f\u54c1\u5c1d\u5f53<br \/>\n\u5730\u7f8e\u2edd\u5c31\u662f\u2f00\u4e2a\u6781\u5176\u795e\u5947\u7684\u2f45\u6cd5\u548c\u4f53\u9a8c\u3002<br \/>\n\u8428\u83ab\u62c9\u7684\u755c\u7267\u548c\u519c\u526f\u4ea7\u54c1\u2f00\u76f4\u662f\u8fd9\u2fa5\u7684\u9a84<br \/>\n\u50b2\uff0c\u5929\u7136\u4e14\u4f18\u8d28\u6b63\u662f\u8fd9\u2fa5\u7684\u2f63\u6d3b\u7406\u5ff5\u3002<br \/>\n\u6162\u6162\u65f6\u95f4\u2ed3\u6cb3\u79ef\u7d2f\u4e0b\uff0c\u5f53\u5730\u7f8e\u5473\u4f73\u80b4\uff0c\u5230\u5904<br \/>\n\u80fd\u2ec5\u5230\u8fd9\u4e9b\u4f20\u7edf\u7f8e\u5473\u7684\u8eab\u5f71\uff0c\u5982\u9c9c\u7f8e\u7684\u2f29\u2f5c<br \/>\n\u2f81\u3001\u5ae9\u6ed1\u7684\u9cd5\u2ee5\uff0c\u6e05\u723d\u7684\u9cdf\u2ee5\uff0c\u2f1c\u6216\u662f\u79cb\u5b63<br \/>\n\u5404\u79cd\u7edd\u7f8e\u7684\u91ce\u5473\uff0c\u518d\u914d\u4e0a\u6258\u7f57\u7ea2\u9152\u3001\u8428\u83ab\u62c9<br \/>\n\u5976\u916a\u548c\u9e70\u5634\u2f96\u3002\u8ba9\u2f08\u610f\u72b9\u672a\u5c3d\u3002<br \/>\n\u503c\u5f97\u2f00\u63d0\u7684\u662f\uff0c\u5df2\u7ecf\u6709\u597d\u2f0f\u5bb6\u503c\u5f97\u4fe1\u8d56\u7684\u9910<br \/>\n\u5385\u90fd\u88ab\u4e16\u754c\u7ea7\u7f8e\u2edd\u6307\u5357\uff08\u5982\u2f76\u5176\u6797\uff09\u63a8\u8350\u4ecb<br \/>\n\u7ecd\u8fc7\u3002\u6709\u4e9b\u9700\u8981\u63d0\u524d\u8bb8\u4e45\u9884\u5b9a\uff0c\u4f46\u6709\u4e9b\u5bb6\u5e38<br \/>\n\u5982\u90bb\u5c45\uff0c\u4f9d\u7136\u63a9\u76d6\u4e0d\u4e86\u7f8e\u2edd\u7684\u5149\u8292\u3002<br \/>\n\u540c\u65f6\u6bcf\u5e74\u5728\u6b64\u8fd8\u4f1a\u4e3e\u2f8f\u201cDe tapas por<br \/>\nZamora\u201d\u7684tapa\u7f8e\u2edd\u8282\uff0c\u5c4a\u65f6\u8bb8\u591a\u9910\u5385\u90fd\u4f1a<br \/>\n\u6302\u4e0a\u53c2\u4e0e\u8005\u7684\u62db\u724c\uff0c\u4ee5\u2f17\u5206\u4f18\u60e0\u5374\u521b\u65b0\u7684\u7f8e<br \/>\n\u2edd\u53c2\u52a0\u7ade\u9009\uff0c\u4f5c\u4e3a\u7f8e\u2edd\u7231\u597d\u8005\uff0c\u5343\u4e07\u4e0d\u8981\u9519<br \/>\n\u8fc7\u4e86\u3002<\/p>\n<p><a href=\"https:\/\/turismoenzamora.es\/wp-content\/uploads\/2018\/04\/folletoPatrimonioGastron\u00f3mico.pdf\"><img decoding=\"async\" class=\"alignright wp-image-2020 size-full\" src=\"https:\/\/turismoenzamora.es\/wp-content\/uploads\/2017\/08\/descarga-1.jpg\" alt=\"\" width=\"32\" height=\"40\"><\/a><\/p>\n<div style=\"overflow-x: auto;\">\n<table>\n<tbody>\n<tr>\n<td><a href=\"https:\/\/turismoenzamora.es\/queso\"><img decoding=\"async\" class=\"alignnone size-medium wp-image-1821\" src=\"https:\/\/turismoenzamora.es\/wp-content\/uploads\/2017\/08\/categoria-queso-gastronomiaa-300x149.jpg\" alt=\"\" width=\"300\" height=\"149\" srcset=\"https:\/\/turismoenzamora.es\/wp-content\/uploads\/2017\/08\/categoria-queso-gastronomiaa-300x149.jpg 300w, https:\/\/turismoenzamora.es\/wp-content\/uploads\/2017\/08\/categoria-queso-gastronomiaa.jpg 400w\" sizes=\"(max-width: 300px) 100vw, 300px\" \/><\/a><\/td>\n<td><a href=\"https:\/\/turismoenzamora.es\/harina\"><img loading=\"lazy\" decoding=\"async\" class=\"alignnone size-medium wp-image-1819\" src=\"https:\/\/turismoenzamora.es\/wp-content\/uploads\/2017\/08\/categoria-gastronomia-harinaa-300x149.jpg\" alt=\"\" width=\"300\" height=\"149\" srcset=\"https:\/\/turismoenzamora.es\/wp-content\/uploads\/2017\/08\/categoria-gastronomia-harinaa-300x149.jpg 300w, https:\/\/turismoenzamora.es\/wp-content\/uploads\/2017\/08\/categoria-gastronomia-harinaa.jpg 400w\" sizes=\"(max-width: 300px) 100vw, 300px\" \/><\/a><\/td>\n<td><a href=\"https:\/\/turismoenzamora.es\/chorizo\/\"><img loading=\"lazy\" decoding=\"async\" class=\"alignnone size-medium wp-image-1820\" src=\"https:\/\/turismoenzamora.es\/wp-content\/uploads\/2017\/08\/categoria-gastronomia-chorizoo-300x149.jpg\" alt=\"chorizo\" width=\"300\" height=\"149\" srcset=\"https:\/\/turismoenzamora.es\/wp-content\/uploads\/2017\/08\/categoria-gastronomia-chorizoo-300x149.jpg 300w, https:\/\/turismoenzamora.es\/wp-content\/uploads\/2017\/08\/categoria-gastronomia-chorizoo.jpg 400w\" sizes=\"(max-width: 300px) 100vw, 300px\" \/><\/a><\/td>\n<\/tr>\n<tr>\n<td align=\"center\"><a href=\"https:\/\/turismoenzamora.es\/queso\">QUESO \u5976\u916a<\/a><\/td>\n<td align=\"center\"><a href=\"https:\/\/turismoenzamora.es\/harina\">HARINA \u2f29\u2ee8\u2faf\u7c89<\/a><\/td>\n<td align=\"center\"><a href=\"https:\/\/turismoenzamora.es\/chorizo\">CHORIZO \u4e54\u5229\u4f50\uff08\u2ec4\u73ed\u2f5b\u2fb9\u80a0\uff09<\/a><\/td>\n<\/tr>\n<tr>\n<td><a href=\"https:\/\/turismoenzamora.es\/ternera-de-aliste\"><img loading=\"lazy\" decoding=\"async\" class=\"alignnone size-medium wp-image-1822\" src=\"https:\/\/turismoenzamora.es\/wp-content\/uploads\/2017\/08\/categoria-gastronomia-ternera_alistee-300x143.jpg\" alt=\"\" width=\"300\" height=\"143\" srcset=\"https:\/\/turismoenzamora.es\/wp-content\/uploads\/2017\/08\/categoria-gastronomia-ternera_alistee-300x143.jpg 300w, https:\/\/turismoenzamora.es\/wp-content\/uploads\/2017\/08\/categoria-gastronomia-ternera_alistee.jpg 400w\" sizes=\"(max-width: 300px) 100vw, 300px\" \/><\/a><\/td>\n<td><a href=\"https:\/\/turismoenzamora.es\/lechazo-de-castilla-y-leon\"><img loading=\"lazy\" decoding=\"async\" class=\"alignnone size-medium wp-image-1823\" src=\"https:\/\/turismoenzamora.es\/wp-content\/uploads\/2017\/08\/categoria-lechazo-gastronomiaa-300x143.jpg\" alt=\"\" width=\"300\" height=\"143\" srcset=\"https:\/\/turismoenzamora.es\/wp-content\/uploads\/2017\/08\/categoria-lechazo-gastronomiaa-300x143.jpg 300w, https:\/\/turismoenzamora.es\/wp-content\/uploads\/2017\/08\/categoria-lechazo-gastronomiaa.jpg 400w\" sizes=\"(max-width: 300px) 100vw, 300px\" \/><\/a><\/td>\n<td><a href=\"https:\/\/turismoenzamora.es\/habon-sanabres\"><img loading=\"lazy\" decoding=\"async\" class=\"alignnone size-medium wp-image-1824\" src=\"https:\/\/turismoenzamora.es\/wp-content\/uploads\/2017\/08\/categoria-gastronomia-habon_de_sanabriaa-300x149.jpg\" alt=\"\" width=\"300\" height=\"149\" srcset=\"https:\/\/turismoenzamora.es\/wp-content\/uploads\/2017\/08\/categoria-gastronomia-habon_de_sanabriaa-300x149.jpg 300w, https:\/\/turismoenzamora.es\/wp-content\/uploads\/2017\/08\/categoria-gastronomia-habon_de_sanabriaa.jpg 400w\" sizes=\"(max-width: 300px) 100vw, 300px\" \/><\/a><\/td>\n<\/tr>\n<tr>\n<td align=\"center\"><a href=\"https:\/\/turismoenzamora.es\/ternera-de-aliste\">TERNERA DE ALISTE \u963f\u2fa5\u65af\u7279\u2f5c\u2f81<\/a><\/td>\n<td align=\"center\"><a href=\"https:\/\/turismoenzamora.es\/lechazo-de-castilla-y-leon\">LECHAZO DE CASTILLA Y LE\u00d3N \u2f7a\u2f81<\/a><\/td>\n<td align=\"center\"><a href=\"https:\/\/turismoenzamora.es\/habon-sanabres\">HAB\u00d3N SANABR\u00c9S \u5723\u7eb3\u592b\u2fa5\u4e9a\u2f69\u2f96<\/a><\/td>\n<\/tr>\n<tr>\n<td><a href=\"https:\/\/turismoenzamora.es\/garbanzo-de-fuentesauco\"><img loading=\"lazy\" decoding=\"async\" class=\"alignnone size-medium wp-image-1825\" src=\"https:\/\/turismoenzamora.es\/wp-content\/uploads\/2017\/08\/categoria-gastronomia-garbanzoss-300x149.jpg\" alt=\"\" width=\"300\" height=\"149\" srcset=\"https:\/\/turismoenzamora.es\/wp-content\/uploads\/2017\/08\/categoria-gastronomia-garbanzoss-300x149.jpg 300w, https:\/\/turismoenzamora.es\/wp-content\/uploads\/2017\/08\/categoria-gastronomia-garbanzoss.jpg 400w\" sizes=\"(max-width: 300px) 100vw, 300px\" \/><\/a><\/td>\n<td><a href=\"https:\/\/turismoenzamora.es\/pimiento-de-fresno-benavente\"><img loading=\"lazy\" decoding=\"async\" class=\"alignnone size-medium wp-image-1826\" src=\"https:\/\/turismoenzamora.es\/wp-content\/uploads\/2017\/08\/categoria-gastronomia-pimientoo-300x143.jpg\" alt=\"\" width=\"300\" height=\"143\" srcset=\"https:\/\/turismoenzamora.es\/wp-content\/uploads\/2017\/08\/categoria-gastronomia-pimientoo-300x143.jpg 300w, https:\/\/turismoenzamora.es\/wp-content\/uploads\/2017\/08\/categoria-gastronomia-pimientoo.jpg 400w\" sizes=\"(max-width: 300px) 100vw, 300px\" \/><\/a><\/td>\n<td><a href=\"https:\/\/turismoenzamora.es\/minicocina-de-tapas-por-zamora\"><img loading=\"lazy\" decoding=\"async\" class=\"alignnone size-medium wp-image-1827\" src=\"https:\/\/turismoenzamora.es\/wp-content\/uploads\/2018\/04\/caprichos.jpg\" alt=\"\" width=\"300\" height=\"149\"><\/a><\/td>\n<\/tr>\n<tr>\n<td align=\"center\"><a href=\"https:\/\/turismoenzamora.es\/garbanzo-de-fuentesauco\">GARBANZO DE FUENTESA\u00daCO \u9e70\u5634\u2f96<\/a><\/td>\n<td align=\"center\"><a href=\"https:\/\/turismoenzamora.es\/pimiento-de-fresno-benavente\">PIMIENTO DE FRESNO &#8211; BENAVENTE \u7ea2\u2f8a\u706f\u7b3c\u6912<\/a><\/td>\n<td align=\"center\"><a href=\"https:\/\/turismoenzamora.es\/minicocina-de-tapas-por-zamora\">MINICOCINA: DE TAPAS POR ZAMORA<\/a><\/td>\n<\/tr>\n<tr>\n<td><a href=\"https:\/\/turismoenzamora.es\/setas\"><img loading=\"lazy\" decoding=\"async\" class=\"alignnone size-medium wp-image-1828\" src=\"https:\/\/turismoenzamora.es\/wp-content\/uploads\/2017\/08\/categoria-gastronomia-setass-300x149.jpg\" alt=\"\" width=\"300\" height=\"149\" srcset=\"https:\/\/turismoenzamora.es\/wp-content\/uploads\/2017\/08\/categoria-gastronomia-setass-300x149.jpg 300w, https:\/\/turismoenzamora.es\/wp-content\/uploads\/2017\/08\/categoria-gastronomia-setass.jpg 400w\" sizes=\"(max-width: 300px) 100vw, 300px\" \/><\/a><\/td>\n<td><a href=\"https:\/\/turismoenzamora.es\/otros\"><img loading=\"lazy\" decoding=\"async\" class=\"alignnone size-medium wp-image-1829\" src=\"https:\/\/turismoenzamora.es\/wp-content\/uploads\/2017\/08\/categoria-gastronomia-castanas-300x149.jpg\" alt=\"\" width=\"300\" height=\"149\" srcset=\"https:\/\/turismoenzamora.es\/wp-content\/uploads\/2017\/08\/categoria-gastronomia-castanas-300x149.jpg 300w, https:\/\/turismoenzamora.es\/wp-content\/uploads\/2017\/08\/categoria-gastronomia-castanas.jpg 400w\" sizes=\"(max-width: 300px) 100vw, 300px\" \/><\/a><\/td>\n<\/tr>\n<tr>\n<td align=\"center\"><a href=\"https:\/\/turismoenzamora.es\/setas\">SETAS \u8611\u83c7\/\u83cc\u7c7b<\/a><\/td>\n<td align=\"center\"><a href=\"https:\/\/turismoenzamora.es\/otros\">OTROS  \u5176\u4ed6<\/a><\/td>\n<\/tr>\n<\/tbody>\n<\/table>\n<\/div>\n<p><\/p>","protected":false},"excerpt":{"rendered":"<p>Alimentos de zamora \u7f8e\u98df\u5b66\u8428\u83ab\u62c9\u7684\u2fbc\u54c1\u8d28\u2edd\u7269 Zamora Con Mucho Gusto [&hellip;]<\/p>\n","protected":false},"author":1,"featured_media":0,"parent":0,"menu_order":5,"comment_status":"closed","ping_status":"closed","template":"","meta":{"inline_featured_image":false,"site-sidebar-layout":"default","site-content-layout":"","ast-site-content-layout":"","site-content-style":"default","site-sidebar-style":"default","ast-global-header-display":"","ast-banner-title-visibility":"","ast-main-header-display":"","ast-hfb-above-header-display":"","ast-hfb-below-header-display":"","ast-hfb-mobile-header-display":"","site-post-title":"","ast-breadcrumbs-content":"","ast-featured-img":"","footer-sml-layout":"","theme-transparent-header-meta":"","adv-header-id-meta":"","stick-header-meta":"","header-above-stick-meta":"","header-main-stick-meta":"","header-below-stick-meta":"","astra-migrate-meta-layouts":"default","ast-page-background-enabled":"default","ast-page-background-meta":{"desktop":{"background-color":"","background-image":"","background-repeat":"repeat","background-position":"center center","background-size":"auto","background-attachment":"scroll","background-type":"","background-media":"","overlay-type":"","overlay-color":"","overlay-opacity":"","overlay-gradient":""},"tablet":{"background-color":"","background-image":"","background-repeat":"repeat","background-position":"center center","background-size":"auto","background-attachment":"scroll","background-type":"","background-media":"","overlay-type":"","overlay-color":"","overlay-opacity":"","overlay-gradient":""},"mobile":{"background-color":"","background-image":"","background-repeat":"repeat","background-position":"center center","background-size":"auto","background-attachment":"scroll","background-type":"","background-media":"","overlay-type":"","overlay-color":"","overlay-opacity":"","overlay-gradient":""}},"ast-content-background-meta":{"desktop":{"background-color":"var(--ast-global-color-5)","background-image":"","background-repeat":"repeat","background-position":"center center","background-size":"auto","background-attachment":"scroll","background-type":"","background-media":"","overlay-type":"","overlay-color":"","overlay-opacity":"","overlay-gradient":""},"tablet":{"background-color":"var(--ast-global-color-5)","background-image":"","background-repeat":"repeat","background-position":"center center","background-size":"auto","background-attachment":"scroll","background-type":"","background-media":"","overlay-type":"","overlay-color":"","overlay-opacity":"","overlay-gradient":""},"mobile":{"background-color":"var(--ast-global-color-5)","background-image":"","background-repeat":"repeat","background-position":"center center","background-size":"auto","background-attachment":"scroll","background-type":"","background-media":"","overlay-type":"","overlay-color":"","overlay-opacity":"","overlay-gradient":""}},"ngg_post_thumbnail":0,"footnotes":""},"yoast_head":"<!-- This site is optimized with the Yoast SEO plugin v23.0 - https:\/\/yoast.com\/wordpress\/plugins\/seo\/ -->\n<title>Turismo de Zamora , Turismo Sostenible<\/title>\n<meta name=\"description\" content=\"Esta es la p\u00e1gina Oficial de Turismo de Diputaci\u00f3n de Zamora, donde podr\u00e1 encontrar toda la informaci\u00f3n para disfrutar al m\u00e1ximo de nuestra provincia.\" \/>\n<meta name=\"robots\" content=\"index, follow, max-snippet:-1, max-image-preview:large, max-video-preview:-1\" \/>\n<link rel=\"canonical\" href=\"https:\/\/turismoenzamora.es\/fr\/patrimonio-gastronomico\/\" \/>\n<meta property=\"og:locale\" content=\"zh_CN\" \/>\n<meta property=\"og:type\" content=\"article\" \/>\n<meta property=\"og:title\" content=\"Turismo de Zamora , Turismo Sostenible\" \/>\n<meta property=\"og:description\" content=\"Esta es la p\u00e1gina Oficial de Turismo de Diputaci\u00f3n de Zamora, donde podr\u00e1 encontrar toda la informaci\u00f3n para disfrutar al m\u00e1ximo de nuestra provincia.\" \/>\n<meta property=\"og:url\" content=\"https:\/\/turismoenzamora.es\/fr\/patrimonio-gastronomico\/\" \/>\n<meta property=\"og:site_name\" content=\"(Espa\u00f1ol) Turismo sostenible. Patronato de Turismo de la Diputaci\u00f3n de Zamora.&quot;Turismo Sostenible&quot;.\" \/>\n<meta property=\"article:publisher\" content=\"https:\/\/www.facebook.com\/ZamoraSpain\/\" \/>\n<meta property=\"article:modified_time\" content=\"2021-09-01T14:15:42+00:00\" \/>\n<meta property=\"og:image\" content=\"https:\/\/turismoenzamora.es\/wp-content\/uploads\/2017\/08\/descarga-1.jpg\" \/>\n<meta name=\"twitter:card\" content=\"summary_large_image\" \/>\n<meta name=\"twitter:site\" content=\"@ZamoraSpain\" \/>\n<meta name=\"twitter:label1\" content=\"\u9884\u8ba1\u9605\u8bfb\u65f6\u95f4\" \/>\n\t<meta name=\"twitter:data1\" content=\"11\u5206\" \/>\n<script type=\"application\/ld+json\" class=\"yoast-schema-graph\">{\"@context\":\"https:\/\/schema.org\",\"@graph\":[{\"@type\":\"WebPage\",\"@id\":\"https:\/\/turismoenzamora.es\/fr\/patrimonio-gastronomico\/\",\"url\":\"https:\/\/turismoenzamora.es\/fr\/patrimonio-gastronomico\/\",\"name\":\"Turismo de Zamora , Turismo Sostenible\",\"isPartOf\":{\"@id\":\"https:\/\/turismoenzamora.es\/pt\/#website\"},\"primaryImageOfPage\":{\"@id\":\"https:\/\/turismoenzamora.es\/fr\/patrimonio-gastronomico\/#primaryimage\"},\"image\":{\"@id\":\"https:\/\/turismoenzamora.es\/fr\/patrimonio-gastronomico\/#primaryimage\"},\"thumbnailUrl\":\"https:\/\/turismoenzamora.es\/wp-content\/uploads\/2017\/08\/descarga-1.jpg\",\"datePublished\":\"2017-08-04T14:01:00+00:00\",\"dateModified\":\"2021-09-01T14:15:42+00:00\",\"description\":\"Esta es la p\u00e1gina Oficial de Turismo de Diputaci\u00f3n de Zamora, donde podr\u00e1 encontrar toda la informaci\u00f3n para disfrutar al m\u00e1ximo de nuestra provincia.\",\"breadcrumb\":{\"@id\":\"https:\/\/turismoenzamora.es\/fr\/patrimonio-gastronomico\/#breadcrumb\"},\"inLanguage\":\"zh-CN\",\"potentialAction\":[{\"@type\":\"ReadAction\",\"target\":[\"https:\/\/turismoenzamora.es\/fr\/patrimonio-gastronomico\/\"]}]},{\"@type\":\"ImageObject\",\"inLanguage\":\"zh-CN\",\"@id\":\"https:\/\/turismoenzamora.es\/fr\/patrimonio-gastronomico\/#primaryimage\",\"url\":\"https:\/\/turismoenzamora.es\/wp-content\/uploads\/2017\/08\/descarga-1.jpg\",\"contentUrl\":\"https:\/\/turismoenzamora.es\/wp-content\/uploads\/2017\/08\/descarga-1.jpg\"},{\"@type\":\"BreadcrumbList\",\"@id\":\"https:\/\/turismoenzamora.es\/fr\/patrimonio-gastronomico\/#breadcrumb\",\"itemListElement\":[{\"@type\":\"ListItem\",\"position\":1,\"name\":\"Portada\",\"item\":\"https:\/\/turismoenzamora.es\/\"},{\"@type\":\"ListItem\",\"position\":2,\"name\":\"Patrimonio Gastron\u00f3mico\"}]},{\"@type\":\"WebSite\",\"@id\":\"https:\/\/turismoenzamora.es\/pt\/#website\",\"url\":\"https:\/\/turismoenzamora.es\/pt\/\",\"name\":\"Turismo sostenible. Patronato de Turismo de la Diputaci\u00f3n de Zamora.&quot;Turismo Sostenible&quot;.\",\"description\":\"(Espa\u00f1ol) Turismo sostenible. Patronato de Turismo de la Diputaci\u00f3n de Zamora.&quot;Turismo Sostenible&quot;.\",\"publisher\":{\"@id\":\"https:\/\/turismoenzamora.es\/pt\/#organization\"},\"potentialAction\":[{\"@type\":\"SearchAction\",\"target\":{\"@type\":\"EntryPoint\",\"urlTemplate\":\"https:\/\/turismoenzamora.es\/pt\/?s={search_term_string}\"},\"query-input\":\"required name=search_term_string\"}],\"inLanguage\":\"zh-CN\"},{\"@type\":\"Organization\",\"@id\":\"https:\/\/turismoenzamora.es\/pt\/#organization\",\"name\":\"Patronato de Turismo de la Diputaci\u00f3n de Zamora\",\"url\":\"https:\/\/turismoenzamora.es\/pt\/\",\"logo\":{\"@type\":\"ImageObject\",\"inLanguage\":\"zh-CN\",\"@id\":\"https:\/\/turismoenzamora.es\/pt\/#\/schema\/logo\/image\/\",\"url\":\"https:\/\/turismoenzamora.es\/wp-content\/uploads\/2018\/06\/ZamoraLogo.png\",\"contentUrl\":\"https:\/\/turismoenzamora.es\/wp-content\/uploads\/2018\/06\/ZamoraLogo.png\",\"width\":1276,\"height\":290,\"caption\":\"Patronato de Turismo de la Diputaci\u00f3n de Zamora\"},\"image\":{\"@id\":\"https:\/\/turismoenzamora.es\/pt\/#\/schema\/logo\/image\/\"},\"sameAs\":[\"https:\/\/www.facebook.com\/ZamoraSpain\/\",\"https:\/\/x.com\/ZamoraSpain\",\"https:\/\/www.instagram.com\/turismoenzamora.es\/\",\"https:\/\/www.pinterest.es\/TurismoenZamora\/\",\"https:\/\/www.youtube.com\/channel\/UC2bOyOZ-2cLm-uXlBFYUV9w\"]}]}<\/script>\n<!-- \/ Yoast SEO plugin. -->","yoast_head_json":{"title":"Turismo de Zamora , Turismo Sostenible","description":"Esta es la p\u00e1gina Oficial de Turismo de Diputaci\u00f3n de Zamora, donde podr\u00e1 encontrar toda la informaci\u00f3n para disfrutar al m\u00e1ximo de nuestra provincia.","robots":{"index":"index","follow":"follow","max-snippet":"max-snippet:-1","max-image-preview":"max-image-preview:large","max-video-preview":"max-video-preview:-1"},"canonical":"https:\/\/turismoenzamora.es\/fr\/patrimonio-gastronomico\/","og_locale":"zh_CN","og_type":"article","og_title":"Turismo de Zamora , Turismo Sostenible","og_description":"Esta es la p\u00e1gina Oficial de Turismo de Diputaci\u00f3n de Zamora, donde podr\u00e1 encontrar toda la informaci\u00f3n para disfrutar al m\u00e1ximo de nuestra provincia.","og_url":"https:\/\/turismoenzamora.es\/fr\/patrimonio-gastronomico\/","og_site_name":"(Espa\u00f1ol) Turismo sostenible. Patronato de Turismo de la Diputaci\u00f3n de Zamora.&quot;Turismo Sostenible&quot;.","article_publisher":"https:\/\/www.facebook.com\/ZamoraSpain\/","article_modified_time":"2021-09-01T14:15:42+00:00","og_image":[{"url":"https:\/\/turismoenzamora.es\/wp-content\/uploads\/2017\/08\/descarga-1.jpg"}],"twitter_card":"summary_large_image","twitter_site":"@ZamoraSpain","twitter_misc":{"\u9884\u8ba1\u9605\u8bfb\u65f6\u95f4":"11\u5206"},"schema":{"@context":"https:\/\/schema.org","@graph":[{"@type":"WebPage","@id":"https:\/\/turismoenzamora.es\/fr\/patrimonio-gastronomico\/","url":"https:\/\/turismoenzamora.es\/fr\/patrimonio-gastronomico\/","name":"Turismo de Zamora , Turismo Sostenible","isPartOf":{"@id":"https:\/\/turismoenzamora.es\/pt\/#website"},"primaryImageOfPage":{"@id":"https:\/\/turismoenzamora.es\/fr\/patrimonio-gastronomico\/#primaryimage"},"image":{"@id":"https:\/\/turismoenzamora.es\/fr\/patrimonio-gastronomico\/#primaryimage"},"thumbnailUrl":"https:\/\/turismoenzamora.es\/wp-content\/uploads\/2017\/08\/descarga-1.jpg","datePublished":"2017-08-04T14:01:00+00:00","dateModified":"2021-09-01T14:15:42+00:00","description":"Esta es la p\u00e1gina Oficial de Turismo de Diputaci\u00f3n de Zamora, donde podr\u00e1 encontrar toda la informaci\u00f3n para disfrutar al m\u00e1ximo de nuestra provincia.","breadcrumb":{"@id":"https:\/\/turismoenzamora.es\/fr\/patrimonio-gastronomico\/#breadcrumb"},"inLanguage":"zh-CN","potentialAction":[{"@type":"ReadAction","target":["https:\/\/turismoenzamora.es\/fr\/patrimonio-gastronomico\/"]}]},{"@type":"ImageObject","inLanguage":"zh-CN","@id":"https:\/\/turismoenzamora.es\/fr\/patrimonio-gastronomico\/#primaryimage","url":"https:\/\/turismoenzamora.es\/wp-content\/uploads\/2017\/08\/descarga-1.jpg","contentUrl":"https:\/\/turismoenzamora.es\/wp-content\/uploads\/2017\/08\/descarga-1.jpg"},{"@type":"BreadcrumbList","@id":"https:\/\/turismoenzamora.es\/fr\/patrimonio-gastronomico\/#breadcrumb","itemListElement":[{"@type":"ListItem","position":1,"name":"Portada","item":"https:\/\/turismoenzamora.es\/"},{"@type":"ListItem","position":2,"name":"Patrimonio Gastron\u00f3mico"}]},{"@type":"WebSite","@id":"https:\/\/turismoenzamora.es\/pt\/#website","url":"https:\/\/turismoenzamora.es\/pt\/","name":"Turismo sostenible. Patronato de Turismo de la Diputaci\u00f3n de Zamora.&quot;Turismo Sostenible&quot;.","description":"(Espa\u00f1ol) Turismo sostenible. Patronato de Turismo de la Diputaci\u00f3n de Zamora.&quot;Turismo Sostenible&quot;.","publisher":{"@id":"https:\/\/turismoenzamora.es\/pt\/#organization"},"potentialAction":[{"@type":"SearchAction","target":{"@type":"EntryPoint","urlTemplate":"https:\/\/turismoenzamora.es\/pt\/?s={search_term_string}"},"query-input":"required name=search_term_string"}],"inLanguage":"zh-CN"},{"@type":"Organization","@id":"https:\/\/turismoenzamora.es\/pt\/#organization","name":"Patronato de Turismo de la Diputaci\u00f3n de Zamora","url":"https:\/\/turismoenzamora.es\/pt\/","logo":{"@type":"ImageObject","inLanguage":"zh-CN","@id":"https:\/\/turismoenzamora.es\/pt\/#\/schema\/logo\/image\/","url":"https:\/\/turismoenzamora.es\/wp-content\/uploads\/2018\/06\/ZamoraLogo.png","contentUrl":"https:\/\/turismoenzamora.es\/wp-content\/uploads\/2018\/06\/ZamoraLogo.png","width":1276,"height":290,"caption":"Patronato de Turismo de la Diputaci\u00f3n de Zamora"},"image":{"@id":"https:\/\/turismoenzamora.es\/pt\/#\/schema\/logo\/image\/"},"sameAs":["https:\/\/www.facebook.com\/ZamoraSpain\/","https:\/\/x.com\/ZamoraSpain","https:\/\/www.instagram.com\/turismoenzamora.es\/","https:\/\/www.pinterest.es\/TurismoenZamora\/","https:\/\/www.youtube.com\/channel\/UC2bOyOZ-2cLm-uXlBFYUV9w"]}]}},"_links":{"self":[{"href":"https:\/\/turismoenzamora.es\/zh\/wp-json\/wp\/v2\/pages\/84"}],"collection":[{"href":"https:\/\/turismoenzamora.es\/zh\/wp-json\/wp\/v2\/pages"}],"about":[{"href":"https:\/\/turismoenzamora.es\/zh\/wp-json\/wp\/v2\/types\/page"}],"author":[{"embeddable":true,"href":"https:\/\/turismoenzamora.es\/zh\/wp-json\/wp\/v2\/users\/1"}],"replies":[{"embeddable":true,"href":"https:\/\/turismoenzamora.es\/zh\/wp-json\/wp\/v2\/comments?post=84"}],"version-history":[{"count":0,"href":"https:\/\/turismoenzamora.es\/zh\/wp-json\/wp\/v2\/pages\/84\/revisions"}],"wp:attachment":[{"href":"https:\/\/turismoenzamora.es\/zh\/wp-json\/wp\/v2\/media?parent=84"}],"curies":[{"name":"wp","href":"https:\/\/api.w.org\/{rel}","templated":true}]}}