{"id":4848,"date":"2017-10-17T16:30:24","date_gmt":"2017-10-17T14:30:24","guid":{"rendered":"https:\/\/newweb.turismoenzamora.es\/?page_id=4848"},"modified":"2021-09-17T12:00:11","modified_gmt":"2021-09-17T10:00:11","slug":"reserva-de-la-biosfera-meseta-iberica","status":"publish","type":"page","link":"https:\/\/turismoenzamora.es\/zh\/patrimonio-natural\/reserva-de-la-biosfera-meseta-iberica\/","title":{"rendered":"Reserva de la Biosfera Meseta Ib\u00e9rica"},"content":{"rendered":"\t\t<div data-elementor-type=\"wp-page\" data-elementor-id=\"4848\" class=\"elementor elementor-4848\" data-elementor-post-type=\"page\">\n\t\t\t\t\t\t<section class=\"elementor-section elementor-top-section elementor-element elementor-element-421c890b elementor-section-boxed elementor-section-height-default elementor-section-height-default\" data-id=\"421c890b\" data-element_type=\"section\">\n\t\t\t\t\t\t<div class=\"elementor-container elementor-column-gap-default\">\n\t\t\t\t\t<div class=\"elementor-column elementor-col-100 elementor-top-column elementor-element elementor-element-429e24be\" data-id=\"429e24be\" data-element_type=\"column\">\n\t\t\t<div class=\"elementor-widget-wrap elementor-element-populated\">\n\t\t\t\t\t\t<div class=\"elementor-element elementor-element-3ade1902 elementor-widget elementor-widget-text-editor\" data-id=\"3ade1902\" data-element_type=\"widget\" data-widget_type=\"text-editor.default\">\n\t\t\t\t<div class=\"elementor-widget-container\">\n\t\t\t\t\t\t\t<p>&nbsp;<\/p>\n<h1 style=\"padding-left: 70px; padding-right: 70px;\">La Reserva de la Biosfera Transfronteriza Meseta Ib\u00e9rica<br>\u4f0a\u6bd4\u5229\u4e9a\u534a\u5c9b\u7684\u9ad8\u539f\u751f\u6001\u751f\u7269\u5708\u4fdd\u62a4\u533a<\/h1>\n<p><\/p>\n<p style=\"padding-left: 70px; padding-right: 70px;\"><img fetchpriority=\"high\" decoding=\"async\" class=\"wp-image-13197 alignleft\" src=\"https:\/\/www.turismoenzamora.es\/wp-content\/uploads\/2021\/09\/MesetaIberica_cmyk.jpg\" alt=\"\" width=\"341\" height=\"185\" srcset=\"https:\/\/turismoenzamora.es\/wp-content\/uploads\/2021\/09\/MesetaIberica_cmyk.jpg 736w, https:\/\/turismoenzamora.es\/wp-content\/uploads\/2021\/09\/MesetaIberica_cmyk-300x163.jpg 300w\" sizes=\"(max-width: 341px) 100vw, 341px\" \/>\u8ba9\u6211\u4eec\u6cbf\u7740\u8428\u83ab\u62c9\u548c\u8428\u62c9\u66fc\u5361\u7701\u4efd\u4e4b\u95f4\u7684\u8fb9\u754c\u7ebf\u2f9b\uff0c \u8fd9\u2fa5\u7684\u68ee\u6797\u4fdd\u62a4\u533a\u8986\u76d6\u4e8611326\u5e73\u2f45\u516c\u2fa5\uff0c\u7136\u540e\u66f4\u662f\u5411 \u5916\u884d\u2f63\u2f84\u8461\u8404\u2f5b\u7684\u4e1c\u5317\u2f45\u3002\u8fd9\u662f\u6b27\u6d32\u6700\u2f24\u4e5f\u6700\u91cd\u8981\u7684 \u2f83\u7136\u4fdd\u62a4\u533a\u4e4b\u2f00\u3002\uff0c\u5360\u5730\u8986\u76d6\u8303\u56f4\u2fbc\u8fbe87\u4e2a\u5e02\u7ba1\u8f96 \u533a\uff0c\u5176\u4e2d\u8fd1\u2f00\u534a\u90fd\u5728\u8428\u83ab\u62c9\u7701\u5185\u3002\u57282015\u5e74\uff0c\u6574\u4e2a\u5730 \u533a\u88ab\u8054\u5408\u56fd\u6559\u79d1\u2f42\u7ec4\u7ec7\u5ba3\u5e03\u4e3a\u201c\u53ef\u6301\u7eed\u53d1\u5c55\u7a7a\u95f4\u201d\u3002\u5176\u4e2d \u5305\u62ec\u4e86\u2f84\u5c114\u4e2a\u2f83\u7136\u516c\u56ed\u548c\u591a\u5904Natura 2000\uff08\u8fd9\u662f\u6b27 \u6d32\u8054\u76df\u2f83\u7136\u4fdd\u62a4\u533a\u2f79\u7edc\uff0c\u7531\u201c\u7279\u522b\u4fdd\u62a4\u533a\u201d\uff08SACs\uff09 \u548c\u201c\u7279\u6b8a\u4fdd\u62a4\u5730\u201d\uff08SPAs\uff09\u4e24\u90e8\u5206\u7ec4\u6210\uff09\u3002 \u72ec\u6811\u2f00\u5e1c\u2f1c\u591a\u6837\u7684\u2f83\u7136\u2edb\u5149\u3002 \u90a3\u5982\u2ee2\u8d5b\u514b\u827a\u672f\u2f00\u822c\u8fde\u7ef5\u4e0d\u7edd\u7684\u68ee\u6797\u2edb\u5149\uff0c\u663e\u793a\u51fa\u4ee4 \u2f08\u60ca\u53f9\u7684\u72ec\u7279\u2edb\u683c\u3002\u968f\u7740\u90a3\u2fbc\u8fbe\u4e24\u5343\u591a\u2f76\u7684\u2f2d\u5cf0\uff0c\u6211 \u4eec\u4fbf\u53ef\u6e38\u2f9b\u5728\u8428\u7eb3\u592b\u2fa5\u4e9a\u6e56\u2f83\u7136\u516c\u56ed\u2fa5\uff0c\u90a3\u2fa5 \u6709\u7740\u7f8e\u4e3d\u7684\u6e56\u6cca\uff0c\u6df1\u9083\u7684\u5ce1\u2f95\uff0c\u751a\u2f84\u8fd8\u80fd\u2ec5\u5230\u53e4\u4ee3\u51b0 \u5ddd\u9057\u8ff9\u7fa4\u3002\u5de8\u2f24\u7684\u8428\u7eb3\u592b\u2fa5\u4e9a\u6e56\u5c31\u662f\u7531\u53e4\u51bb\u6e56\u8bde\u2f63 \u7684\uff0c\u2f7d\u4e14\u4e5f\u662f\u6574\u4e2a\u4f0a\u2f50\u5229\u4e9a\u534a\u5c9b\u4e0a\u6700\u2f24\u7684\u6b64\u7c7b\u53e4\u6e56 \u6cca\u3002 \u8fd9\u2f5a\u533a\u57df\u4e0d\u4f46\u2edb\u666f\u4f18\u7f8e\uff0c\u2f7d\u4e14\u6781\u5177\u8003\u53e4\u4ef7\u503c\u3002 \u60a0\u2ed3\u7684\u675c\u7f57\u6cb3\u5ce1\u2f95\u6240\u5728\u2f83\u7136\u516c\u56ed\u963f\u4e3d\u5351\u65afArribes\uff0c\u5e26 \u6211\u4eec\u4eab\u53d7\u2ec4\u73ed\u2f5b\u4e0e\u8461\u8404\u2f5b\u4e24\u56fd\u5171\u6709\u7684\u2f24\u2f83\u7136\u5b9d\u7269\u3002 \u2f63\u7269\u591a\u6837\u6027\u7684\u5b9d\u5e93 \u8fd9\u2fa5\u88ab\u79f0\u4e3a\u201c\u4f0a\u2f50\u5229\u4e9a\u534a\u5c9b\u7684\u2fbc\u539f\u2f63\u6001\u2f63\u7269\u5708\u4fdd\u62a4 \u533a\u201d\uff08La Reserva de la Biosfera Meseta Ib\u00e9rica\uff09\uff0c\u540c \u65f6\u4e5f\u662f\u5730\u4e2d\u6d77\u548c\u2f24\u2ec4\u6d0b\u2f53\u5019\u7684\u4ea4\u754c\u5730\u533a\uff0c\u56e0\u6b64\u8fd9\u2fa5\u4e5f \u6210\u4e86\u8bb8\u591a\u6fd2\u5371\u7269\u79cd\u7684\u907f\u96be\u6240\u3002\u2f50\u5982\u8fd9\u2fa5\u7684\u5e93\u83b1\u5e03\u62c9\u2f2d \uff08las serran\u00edas de la Culebra\uff09\u5c31\u6709\u8fd9\u5bc6\u5ea6\u6700\u2fbc\u7684\u6b27 \u6d32\u72fc\u6816\u606f\u5730\u3002 \u91ce\u2fc5\uff0c\u91ce\u732a\uff0c\u5f53\u7136\u6709\u6210\u7fa4\u7684\u2f5c\u2f7a\uff0c\u751a\u2f84\u2fca\u9e73\uff0c\u9e70\u548c\u732b \u5934\u9e70\u7b49\u90fd\u662f\u5f53\u5730\u7269\u79cd\u591a\u6837\u6027\u7684\u5b9d\u2ec9\u3002\u5728\u963f\u4e3d\u5351\u65af \uff08Arribes\uff09\u53ca\u675c\u7f57\u6cb3\u7684\u56fd\u5bb6\u516c\u56ed\uff0c\u66f4\u6709\u7a00\u6709\u4e14\u72ec\u2f00\u2f46 \u2f06\u7684\u6cb3\u6d41\u7269\u79cd\uff0c\u4f8b\u5982\u8d3b\u2ec9\u548c\u4e03\u9cc3\u9cd7\u7b49\u8bb8\u591a\u5176\u4ed6\u7269\u79cd\u3002 \u8457\u540d\u7684\u5efa\u7b51\u548c\u500d\u53d7\u6b22\u8fce\u7684\u7f8e\u2edd \u4e0d\u5f97\u4e0d\u63d0\u7684\u8fd8\u6709\uff0c\u53e6\u2f00\u4e2a\u2f46\u4ef7\u7684\u5f53\u5730\u2f42\u5316\u8d22\u5bcc\uff0c\u90a3\u5c31 \u662f\u5145\u6ee1\u4e86\u5386\u53f2\u548c\u4f20\u7edf\u7684\u5f53\u5730\u7f8e\u2edd\uff0c\u2f83\u5f8b\u4e14\u54c1\u8d28\u6781\u2fbc\u7684 \u7f8e\u2edd\uff0c\u2f50\u5982\u5907\u53d7\u77a9\u2f6c\u7684\u2f81\u7c7b\u5236\u54c1\u3001\u5976\u916a\u548c\u5f53\u5730\u91ce\u5473\u7279 \u4ea7\uff0c\u5c31\u50cf\u675c\u7f57\u6cb3\u2f95\u7684\u852c\u679c\u5982\u6a59\u2f26\u2f1c\u6216\u662f\u7f8e\u5473\u575a\u679c\u5982\u674f \u4ec1\uff0c\u66f4\u4e0d\u8981\u8bf4\u5bb6\u55bb\u6237\u6653\u7684\u5357\u6b27\u6a44\u6984\u6cb9\uff0c\u5e94\u6709\u5c3d\u6709\u3002<\/p><p style=\"padding-left: 70px; padding-right: 70px;\">\u66f4\u591a\u4fe1\u606f\uff1a <a href=\"http:\/\/www.biosfera-mesetaiberica.com\/es\">http:\/\/www.biosfera-mesetaiberica.com\/es<\/a><\/p>\n<p>&nbsp; &nbsp; &nbsp; &nbsp; &nbsp; &nbsp; &nbsp; &nbsp; &nbsp;&nbsp; &nbsp; &nbsp; &nbsp; &nbsp; &nbsp; &nbsp; &nbsp;&nbsp;<a href=\"https:\/\/www.turismoenzamora.es\/wp-content\/uploads\/2017\/11\/Meseta_iberica_versao-23-nov-2016.pdf\"><img decoding=\"async\" class=\"size-full wp-image-4861 alignnone\" src=\"https:\/\/www.turismoenzamora.es\/wp-content\/uploads\/2017\/08\/masinfo-1.png\" alt=\"descarga\" width=\"63\" height=\"32\" data-id=\"4861\"><\/a><\/p>\n<p><\/p>\n<p><!-- wp:paragraph --><\/p>\n<p><!-- \/wp:paragraph --><\/p>\t\t\t\t\t\t<\/div>\n\t\t\t\t<\/div>\n\t\t\t\t\t<\/div>\n\t\t<\/div>\n\t\t\t\t\t<\/div>\n\t\t<\/section>\n\t\t\t\t<\/div>\n\t\t","protected":false},"excerpt":{"rendered":"<p>&nbsp; La Reserva de la Biosfera Transfronteriza Meseta [&hellip;]<\/p>\n","protected":false},"author":1,"featured_media":0,"parent":91,"menu_order":1,"comment_status":"closed","ping_status":"closed","template":"","meta":{"inline_featured_image":false,"site-sidebar-layout":"default","site-content-layout":"default","ast-site-content-layout":"","site-content-style":"default","site-sidebar-style":"default","ast-global-header-display":"","ast-banner-title-visibility":"","ast-main-header-display":"","ast-hfb-above-header-display":"","ast-hfb-below-header-display":"","ast-hfb-mobile-header-display":"","site-post-title":"disabled","ast-breadcrumbs-content":"","ast-featured-img":"","footer-sml-layout":"","theme-transparent-header-meta":"default","adv-header-id-meta":"","stick-header-meta":"","header-above-stick-meta":"","header-main-stick-meta":"","header-below-stick-meta":"","astra-migrate-meta-layouts":"default","ast-page-background-enabled":"default","ast-page-background-meta":{"desktop":{"background-color":"","background-image":"","background-repeat":"repeat","background-position":"center center","background-size":"auto","background-attachment":"scroll","background-type":"","background-media":"","overlay-type":"","overlay-color":"","overlay-opacity":"","overlay-gradient":""},"tablet":{"background-color":"","background-image":"","background-repeat":"repeat","background-position":"center center","background-size":"auto","background-attachment":"scroll","background-type":"","background-media":"","overlay-type":"","overlay-color":"","overlay-opacity":"","overlay-gradient":""},"mobile":{"background-color":"","background-image":"","background-repeat":"repeat","background-position":"center center","background-size":"auto","background-attachment":"scroll","background-type":"","background-media":"","overlay-type":"","overlay-color":"","overlay-opacity":"","overlay-gradient":""}},"ast-content-background-meta":{"desktop":{"background-color":"var(--ast-global-color-5)","background-image":"","background-repeat":"repeat","background-position":"center center","background-size":"auto","background-attachment":"scroll","background-type":"","background-media":"","overlay-type":"","overlay-color":"","overlay-opacity":"","overlay-gradient":""},"tablet":{"background-color":"var(--ast-global-color-5)","background-image":"","background-repeat":"repeat","background-position":"center center","background-size":"auto","background-attachment":"scroll","background-type":"","background-media":"","overlay-type":"","overlay-color":"","overlay-opacity":"","overlay-gradient":""},"mobile":{"background-color":"var(--ast-global-color-5)","background-image":"","background-repeat":"repeat","background-position":"center center","background-size":"auto","background-attachment":"scroll","background-type":"","background-media":"","overlay-type":"","overlay-color":"","overlay-opacity":"","overlay-gradient":""}},"ngg_post_thumbnail":0,"footnotes":""},"yoast_head":"<!-- This site is optimized with the Yoast SEO plugin v23.0 - https:\/\/yoast.com\/wordpress\/plugins\/seo\/ -->\n<title>Turismo de Zamora , Turismo Sostenible<\/title>\n<meta name=\"description\" content=\"Esta es la p\u00e1gina Oficial de Turismo de Diputaci\u00f3n de Zamora, donde podr\u00e1 encontrar toda la informaci\u00f3n para disfrutar al m\u00e1ximo de nuestra provincia.\" \/>\n<meta name=\"robots\" content=\"index, follow, max-snippet:-1, max-image-preview:large, max-video-preview:-1\" \/>\n<link rel=\"canonical\" href=\"https:\/\/turismoenzamora.es\/fr\/patrimonio-natural\/reserva-de-la-biosfera-meseta-iberica\/\" \/>\n<meta property=\"og:locale\" content=\"zh_CN\" \/>\n<meta property=\"og:type\" content=\"article\" \/>\n<meta property=\"og:title\" content=\"Turismo de Zamora , Turismo Sostenible\" \/>\n<meta property=\"og:description\" content=\"Esta es la p\u00e1gina Oficial de Turismo de Diputaci\u00f3n de Zamora, donde podr\u00e1 encontrar toda la informaci\u00f3n para disfrutar al m\u00e1ximo de nuestra provincia.\" \/>\n<meta property=\"og:url\" content=\"https:\/\/turismoenzamora.es\/fr\/patrimonio-natural\/reserva-de-la-biosfera-meseta-iberica\/\" \/>\n<meta property=\"og:site_name\" content=\"(Espa\u00f1ol) Turismo sostenible. Patronato de Turismo de la Diputaci\u00f3n de Zamora.&quot;Turismo Sostenible&quot;.\" \/>\n<meta property=\"article:publisher\" content=\"https:\/\/www.facebook.com\/ZamoraSpain\/\" \/>\n<meta property=\"article:modified_time\" content=\"2021-09-17T10:00:11+00:00\" \/>\n<meta property=\"og:image\" content=\"https:\/\/turismoenzamora.es\/wp-content\/uploads\/2021\/09\/MesetaIberica_cmyk.jpg\" \/>\n<meta name=\"twitter:card\" content=\"summary_large_image\" \/>\n<meta name=\"twitter:site\" content=\"@ZamoraSpain\" \/>\n<meta name=\"twitter:label1\" content=\"\u9884\u8ba1\u9605\u8bfb\u65f6\u95f4\" \/>\n\t<meta name=\"twitter:data1\" content=\"12\u5206\" \/>\n<script type=\"application\/ld+json\" class=\"yoast-schema-graph\">{\"@context\":\"https:\/\/schema.org\",\"@graph\":[{\"@type\":\"WebPage\",\"@id\":\"https:\/\/turismoenzamora.es\/fr\/patrimonio-natural\/reserva-de-la-biosfera-meseta-iberica\/\",\"url\":\"https:\/\/turismoenzamora.es\/fr\/patrimonio-natural\/reserva-de-la-biosfera-meseta-iberica\/\",\"name\":\"Turismo de Zamora , Turismo Sostenible\",\"isPartOf\":{\"@id\":\"https:\/\/turismoenzamora.es\/pt\/#website\"},\"primaryImageOfPage\":{\"@id\":\"https:\/\/turismoenzamora.es\/fr\/patrimonio-natural\/reserva-de-la-biosfera-meseta-iberica\/#primaryimage\"},\"image\":{\"@id\":\"https:\/\/turismoenzamora.es\/fr\/patrimonio-natural\/reserva-de-la-biosfera-meseta-iberica\/#primaryimage\"},\"thumbnailUrl\":\"https:\/\/turismoenzamora.es\/wp-content\/uploads\/2021\/09\/MesetaIberica_cmyk.jpg\",\"datePublished\":\"2017-10-17T14:30:24+00:00\",\"dateModified\":\"2021-09-17T10:00:11+00:00\",\"description\":\"Esta es la p\u00e1gina Oficial de Turismo de Diputaci\u00f3n de Zamora, donde podr\u00e1 encontrar toda la informaci\u00f3n para disfrutar al m\u00e1ximo de nuestra provincia.\",\"breadcrumb\":{\"@id\":\"https:\/\/turismoenzamora.es\/fr\/patrimonio-natural\/reserva-de-la-biosfera-meseta-iberica\/#breadcrumb\"},\"inLanguage\":\"zh-CN\",\"potentialAction\":[{\"@type\":\"ReadAction\",\"target\":[\"https:\/\/turismoenzamora.es\/fr\/patrimonio-natural\/reserva-de-la-biosfera-meseta-iberica\/\"]}]},{\"@type\":\"ImageObject\",\"inLanguage\":\"zh-CN\",\"@id\":\"https:\/\/turismoenzamora.es\/fr\/patrimonio-natural\/reserva-de-la-biosfera-meseta-iberica\/#primaryimage\",\"url\":\"https:\/\/turismoenzamora.es\/wp-content\/uploads\/2021\/09\/MesetaIberica_cmyk.jpg\",\"contentUrl\":\"https:\/\/turismoenzamora.es\/wp-content\/uploads\/2021\/09\/MesetaIberica_cmyk.jpg\"},{\"@type\":\"BreadcrumbList\",\"@id\":\"https:\/\/turismoenzamora.es\/fr\/patrimonio-natural\/reserva-de-la-biosfera-meseta-iberica\/#breadcrumb\",\"itemListElement\":[{\"@type\":\"ListItem\",\"position\":1,\"name\":\"Portada\",\"item\":\"https:\/\/turismoenzamora.es\/\"},{\"@type\":\"ListItem\",\"position\":2,\"name\":\"Patrimonio Natural\",\"item\":\"https:\/\/turismoenzamora.es\/fr\/patrimonio-natural\/\"},{\"@type\":\"ListItem\",\"position\":3,\"name\":\"Reserva de la Biosfera Meseta Ib\u00e9rica\"}]},{\"@type\":\"WebSite\",\"@id\":\"https:\/\/turismoenzamora.es\/pt\/#website\",\"url\":\"https:\/\/turismoenzamora.es\/pt\/\",\"name\":\"Turismo sostenible. Patronato de Turismo de la Diputaci\u00f3n de Zamora.&quot;Turismo Sostenible&quot;.\",\"description\":\"(Espa\u00f1ol) Turismo sostenible. Patronato de Turismo de la Diputaci\u00f3n de Zamora.&quot;Turismo Sostenible&quot;.\",\"publisher\":{\"@id\":\"https:\/\/turismoenzamora.es\/pt\/#organization\"},\"potentialAction\":[{\"@type\":\"SearchAction\",\"target\":{\"@type\":\"EntryPoint\",\"urlTemplate\":\"https:\/\/turismoenzamora.es\/pt\/?s={search_term_string}\"},\"query-input\":\"required name=search_term_string\"}],\"inLanguage\":\"zh-CN\"},{\"@type\":\"Organization\",\"@id\":\"https:\/\/turismoenzamora.es\/pt\/#organization\",\"name\":\"Patronato de Turismo de la Diputaci\u00f3n de Zamora\",\"url\":\"https:\/\/turismoenzamora.es\/pt\/\",\"logo\":{\"@type\":\"ImageObject\",\"inLanguage\":\"zh-CN\",\"@id\":\"https:\/\/turismoenzamora.es\/pt\/#\/schema\/logo\/image\/\",\"url\":\"https:\/\/turismoenzamora.es\/wp-content\/uploads\/2018\/06\/ZamoraLogo.png\",\"contentUrl\":\"https:\/\/turismoenzamora.es\/wp-content\/uploads\/2018\/06\/ZamoraLogo.png\",\"width\":1276,\"height\":290,\"caption\":\"Patronato de Turismo de la Diputaci\u00f3n de Zamora\"},\"image\":{\"@id\":\"https:\/\/turismoenzamora.es\/pt\/#\/schema\/logo\/image\/\"},\"sameAs\":[\"https:\/\/www.facebook.com\/ZamoraSpain\/\",\"https:\/\/x.com\/ZamoraSpain\",\"https:\/\/www.instagram.com\/turismoenzamora.es\/\",\"https:\/\/www.pinterest.es\/TurismoenZamora\/\",\"https:\/\/www.youtube.com\/channel\/UC2bOyOZ-2cLm-uXlBFYUV9w\"]}]}<\/script>\n<!-- \/ Yoast SEO plugin. -->","yoast_head_json":{"title":"Turismo de Zamora , Turismo Sostenible","description":"Esta es la p\u00e1gina Oficial de Turismo de Diputaci\u00f3n de Zamora, donde podr\u00e1 encontrar toda la informaci\u00f3n para disfrutar al m\u00e1ximo de nuestra provincia.","robots":{"index":"index","follow":"follow","max-snippet":"max-snippet:-1","max-image-preview":"max-image-preview:large","max-video-preview":"max-video-preview:-1"},"canonical":"https:\/\/turismoenzamora.es\/fr\/patrimonio-natural\/reserva-de-la-biosfera-meseta-iberica\/","og_locale":"zh_CN","og_type":"article","og_title":"Turismo de Zamora , Turismo Sostenible","og_description":"Esta es la p\u00e1gina Oficial de Turismo de Diputaci\u00f3n de Zamora, donde podr\u00e1 encontrar toda la informaci\u00f3n para disfrutar al m\u00e1ximo de nuestra provincia.","og_url":"https:\/\/turismoenzamora.es\/fr\/patrimonio-natural\/reserva-de-la-biosfera-meseta-iberica\/","og_site_name":"(Espa\u00f1ol) Turismo sostenible. Patronato de Turismo de la Diputaci\u00f3n de Zamora.&quot;Turismo Sostenible&quot;.","article_publisher":"https:\/\/www.facebook.com\/ZamoraSpain\/","article_modified_time":"2021-09-17T10:00:11+00:00","og_image":[{"url":"https:\/\/turismoenzamora.es\/wp-content\/uploads\/2021\/09\/MesetaIberica_cmyk.jpg"}],"twitter_card":"summary_large_image","twitter_site":"@ZamoraSpain","twitter_misc":{"\u9884\u8ba1\u9605\u8bfb\u65f6\u95f4":"12\u5206"},"schema":{"@context":"https:\/\/schema.org","@graph":[{"@type":"WebPage","@id":"https:\/\/turismoenzamora.es\/fr\/patrimonio-natural\/reserva-de-la-biosfera-meseta-iberica\/","url":"https:\/\/turismoenzamora.es\/fr\/patrimonio-natural\/reserva-de-la-biosfera-meseta-iberica\/","name":"Turismo de Zamora , Turismo Sostenible","isPartOf":{"@id":"https:\/\/turismoenzamora.es\/pt\/#website"},"primaryImageOfPage":{"@id":"https:\/\/turismoenzamora.es\/fr\/patrimonio-natural\/reserva-de-la-biosfera-meseta-iberica\/#primaryimage"},"image":{"@id":"https:\/\/turismoenzamora.es\/fr\/patrimonio-natural\/reserva-de-la-biosfera-meseta-iberica\/#primaryimage"},"thumbnailUrl":"https:\/\/turismoenzamora.es\/wp-content\/uploads\/2021\/09\/MesetaIberica_cmyk.jpg","datePublished":"2017-10-17T14:30:24+00:00","dateModified":"2021-09-17T10:00:11+00:00","description":"Esta es la p\u00e1gina Oficial de Turismo de Diputaci\u00f3n de Zamora, donde podr\u00e1 encontrar toda la informaci\u00f3n para disfrutar al m\u00e1ximo de nuestra provincia.","breadcrumb":{"@id":"https:\/\/turismoenzamora.es\/fr\/patrimonio-natural\/reserva-de-la-biosfera-meseta-iberica\/#breadcrumb"},"inLanguage":"zh-CN","potentialAction":[{"@type":"ReadAction","target":["https:\/\/turismoenzamora.es\/fr\/patrimonio-natural\/reserva-de-la-biosfera-meseta-iberica\/"]}]},{"@type":"ImageObject","inLanguage":"zh-CN","@id":"https:\/\/turismoenzamora.es\/fr\/patrimonio-natural\/reserva-de-la-biosfera-meseta-iberica\/#primaryimage","url":"https:\/\/turismoenzamora.es\/wp-content\/uploads\/2021\/09\/MesetaIberica_cmyk.jpg","contentUrl":"https:\/\/turismoenzamora.es\/wp-content\/uploads\/2021\/09\/MesetaIberica_cmyk.jpg"},{"@type":"BreadcrumbList","@id":"https:\/\/turismoenzamora.es\/fr\/patrimonio-natural\/reserva-de-la-biosfera-meseta-iberica\/#breadcrumb","itemListElement":[{"@type":"ListItem","position":1,"name":"Portada","item":"https:\/\/turismoenzamora.es\/"},{"@type":"ListItem","position":2,"name":"Patrimonio Natural","item":"https:\/\/turismoenzamora.es\/fr\/patrimonio-natural\/"},{"@type":"ListItem","position":3,"name":"Reserva de la Biosfera Meseta Ib\u00e9rica"}]},{"@type":"WebSite","@id":"https:\/\/turismoenzamora.es\/pt\/#website","url":"https:\/\/turismoenzamora.es\/pt\/","name":"Turismo sostenible. Patronato de Turismo de la Diputaci\u00f3n de Zamora.&quot;Turismo Sostenible&quot;.","description":"(Espa\u00f1ol) Turismo sostenible. Patronato de Turismo de la Diputaci\u00f3n de Zamora.&quot;Turismo Sostenible&quot;.","publisher":{"@id":"https:\/\/turismoenzamora.es\/pt\/#organization"},"potentialAction":[{"@type":"SearchAction","target":{"@type":"EntryPoint","urlTemplate":"https:\/\/turismoenzamora.es\/pt\/?s={search_term_string}"},"query-input":"required name=search_term_string"}],"inLanguage":"zh-CN"},{"@type":"Organization","@id":"https:\/\/turismoenzamora.es\/pt\/#organization","name":"Patronato de Turismo de la Diputaci\u00f3n de Zamora","url":"https:\/\/turismoenzamora.es\/pt\/","logo":{"@type":"ImageObject","inLanguage":"zh-CN","@id":"https:\/\/turismoenzamora.es\/pt\/#\/schema\/logo\/image\/","url":"https:\/\/turismoenzamora.es\/wp-content\/uploads\/2018\/06\/ZamoraLogo.png","contentUrl":"https:\/\/turismoenzamora.es\/wp-content\/uploads\/2018\/06\/ZamoraLogo.png","width":1276,"height":290,"caption":"Patronato de Turismo de la Diputaci\u00f3n de Zamora"},"image":{"@id":"https:\/\/turismoenzamora.es\/pt\/#\/schema\/logo\/image\/"},"sameAs":["https:\/\/www.facebook.com\/ZamoraSpain\/","https:\/\/x.com\/ZamoraSpain","https:\/\/www.instagram.com\/turismoenzamora.es\/","https:\/\/www.pinterest.es\/TurismoenZamora\/","https:\/\/www.youtube.com\/channel\/UC2bOyOZ-2cLm-uXlBFYUV9w"]}]}},"_links":{"self":[{"href":"https:\/\/turismoenzamora.es\/zh\/wp-json\/wp\/v2\/pages\/4848"}],"collection":[{"href":"https:\/\/turismoenzamora.es\/zh\/wp-json\/wp\/v2\/pages"}],"about":[{"href":"https:\/\/turismoenzamora.es\/zh\/wp-json\/wp\/v2\/types\/page"}],"author":[{"embeddable":true,"href":"https:\/\/turismoenzamora.es\/zh\/wp-json\/wp\/v2\/users\/1"}],"replies":[{"embeddable":true,"href":"https:\/\/turismoenzamora.es\/zh\/wp-json\/wp\/v2\/comments?post=4848"}],"version-history":[{"count":0,"href":"https:\/\/turismoenzamora.es\/zh\/wp-json\/wp\/v2\/pages\/4848\/revisions"}],"up":[{"embeddable":true,"href":"https:\/\/turismoenzamora.es\/zh\/wp-json\/wp\/v2\/pages\/91"}],"wp:attachment":[{"href":"https:\/\/turismoenzamora.es\/zh\/wp-json\/wp\/v2\/media?parent=4848"}],"curies":[{"name":"wp","href":"https:\/\/api.w.org\/{rel}","templated":true}]}}