{"id":4816,"date":"2017-10-16T14:57:12","date_gmt":"2017-10-16T12:57:12","guid":{"rendered":"https:\/\/newweb.turismoenzamora.es\/?page_id=4816"},"modified":"2025-06-18T14:45:51","modified_gmt":"2025-06-18T12:45:51","slug":"semana-santa","status":"publish","type":"page","link":"https:\/\/turismoenzamora.es\/zh\/patrimonio-popular\/semana-santa\/","title":{"rendered":"(Espa\u00f1ol) Semana Santa"},"content":{"rendered":"<p><\/p>\n<h2>Semana Santa<br \/>\n\u5723\u5468<\/h2>\n<p><iframe src=\"https:\/\/www.youtube.com\/embed\/HkFAOv9imwM\" width=\"560\" height=\"315\" frameborder=\"0\" allowfullscreen=\"allowfullscreen\"><\/iframe><br \/>\n\u8428\u83ab\u62c9\u7684\u5723\u5468\u6e38\u2f8f\u2fae\u5e38\u5b8f\u2f24\uff0c\u6709\u4e25\u8083\u7684\u5929\u4e3b<br \/>\n\u6559\u5217\u961f\uff0c\u4e5f\u6709\u5206\u2edd\u674f\u4ec1\u7684\u6d3b\u52a8\uff0c\u6709\u9523\u2fce\u55a7\u5929<br \/>\n\u7684\u2f08\u2f53\uff0c\u8fd8\u6709\u5386\u53f2\u60a0\u4e45\u7684\u5851\u50cf\u656c\u732e\u3002\u6765\u2f83\u5404<br \/>\n\u5730\u7684\u6e38\u5ba2\u7edc\u7ece\u4e0d\u7edd\uff0c\u2f24\u5bb6\u2f00\u8d77\u6c89\u6d78\u4e8e\u8282\u2f47\u7684<br \/>\n\u2f53\u6c1b\u4e2d\u3002<\/p>\n<p>\u7b2c\u2f00\u6b21\u6765\u7684\u8bdd\uff0c\u63a8\u8350\u5148\u53bb\u5f53\u5c40\u65c5\u6e38\u529e\u516c\u5ba4\uff0c<br \/>\n\u514d\u8d39\u62ff\u53d6\u5723\u5468\u6307\u5357\u2f3f\u518c\uff0c\u8fd9\u53ef\u4ee5\u8ba9\u4f60\u5bf9\u5723\u5468<br \/>\n\u6d3b\u52a8\u4e86\u89e3\u66f4\u6e05\u6670\u3002\u5728\u8fd9\u2f00\u6574\u5468\u2fa5\uff0c\u2f24\u2f24\u2f29\u2f29<br \/>\n\u7684\u6d3b\u52a8\u6570\u4e0d\u80dc\u6570\uff0c\u8010\u2f3c\u5730\u53bb\u53d1\u73b0\u5404\u79cd\u2ec6\u843d\u7684<br \/>\n\u8da3\u4e8b\u5427\u3002<\/p>\n<p>\u5982\u679c\u4e0d\u5de7\u4f60\u2f46\u6cd5\u5728\u5723\u5468\u65f6\u671f\u6765\u5230\u8428\u83ab\u62c9\uff0c\u4e0d<br \/>\n\u8981\u2f53\u9981\uff0c\u8428\u83ab\u62c9\u7684\u5723\u5468\u8fd8\u6709\u2f00\u6240\u4e13\u2ed4\u4e3a\u5723\u5468<br \/>\n\u8bde\u2f63\u7684\u5723\u5468\u2f42\u5316\u535a\u7269\u9986\u3002<\/p>\n<p>\u6b64\u535a\u7269\u9986\u662f\u4e13\u2ed4\u4e3a\u8fd9\u2f00\u2f42\u5316\u4f20\u627f\u2f7d\u5efa\u7684\uff0c\u2fa5<br \/>\n\u2faf\u5305\u62ec\u4e86\u591a\u8fbe36\u4ef6\u3002\u96d5\u5851\u4f5c\u54c1\uff0c\u4e0d\u540c\u7684\u5144\u5f1f<br \/>\n\u4f1a\u5723\u888d\uff0c\u7e41\u534e\u7684\u4eea\u5f0f\u7269\u4ef6\uff0c\u5404\u79cd\u56fe\u817e\u5143\u7d20\u7b49<br \/>\n\u5723\u5468\u5c55\u54c1\u3002\u76f8\u4fe1\u4e30\u5bcc\u7684\u9986\u85cf\uff0c\u80fd\u8ba9\u9519\u8fc7\u8428\u83ab<br \/>\n\u62c9\u5723\u5468\u6d3b\u52a8\u7684\u4f60\uff0c\u2f00\u9971\u773c\u798f\u3002<\/p>\n<p>\u82e5\u4f60\u5728\u5723\u5468\u524d\u2f0f\u5468\u6765\u5230\u672c\u9986\uff0c\u4f60\u8fd8\u80fd\u514d\u8d39\u53c2<br \/>\n\u52a0\u2f00\u4e9b\u2fae\u5e38\u96be\u5f97\u2f00\u2ec5\u7684\u5723\u5468\u51c6\u5907\u2f2f\u4f5c\u548c\u9884\u70ed<br \/>\n\u6d3b\u52a8\u7b49\u3002<\/p>\n<p>\u559c\u6b22\u2f42\u5316\u4e60\u4fd7\u7684\u4f60\uff0c\u2f00\u5b9a\u4e0d\u8981\u9519\u8fc7\u4e86\u3002<br \/>\n<\/br><br \/>\n<a href=\"https:\/\/www.semanasantaenzamora.es\/\"style=\"color:blue;\">https:\/\/www.semanasantaenzamora.es\/<\/a><\/p>\n<p style=\"padding-left: 120px;\">&nbsp;<\/p>\n<p>&nbsp;<\/p>\n<p>&nbsp;<\/p>\n<p>&nbsp;<\/p>\n<table style=\"margin-left: 30px;\" width=\"500\" cellspacing=\"0\" align=\"center\">\n<tbody style=\"padding-left: 30px;\">\n<tr style=\"padding-left: 30px;\">\n<td style=\"text-align: center; padding-left: 30px;\"><a href=\"https:\/\/turismoenzamora.es\/zamora-2\/\"><img fetchpriority=\"high\" decoding=\"async\" class=\"aligncenter wp-image-4831 size-medium\" src=\"https:\/\/turismoenzamora.es\/wp-content\/uploads\/2017\/10\/categoria-ssanta-zamora-redimen-300x210.jpg\" alt=\"\" width=\"300\" height=\"210\" data-id=\"4824\" srcset=\"https:\/\/turismoenzamora.es\/wp-content\/uploads\/2017\/10\/categoria-ssanta-zamora-redimen-300x210.jpg 300w, https:\/\/turismoenzamora.es\/wp-content\/uploads\/2017\/10\/categoria-ssanta-zamora-redimen.jpg 670w\" sizes=\"(max-width: 300px) 100vw, 300px\" \/>Zamora<\/a><\/td>\n<td style=\"text-align: center; padding-left: 30px;\"><a href=\"https:\/\/turismoenzamora.es\/toro\/\"><img decoding=\"async\" class=\"aligncenter wp-image-4825 size-medium\" src=\"https:\/\/turismoenzamora.es\/wp-content\/uploads\/2017\/10\/categoria-ssanta-toro-300x210.jpg\" alt=\"\" width=\"300\" height=\"210\" data-id=\"4534\" srcset=\"https:\/\/turismoenzamora.es\/wp-content\/uploads\/2017\/10\/categoria-ssanta-toro-300x210.jpg 300w, https:\/\/turismoenzamora.es\/wp-content\/uploads\/2017\/10\/categoria-ssanta-toro.jpg 670w\" sizes=\"(max-width: 300px) 100vw, 300px\" \/>Toro<\/a><\/td>\n<td style=\"text-align: center; padding-left: 30px;\"><a href=\"https:\/\/turismoenzamora.es\/bercianos-de-aliste\/\"><img decoding=\"async\" class=\"aligncenter wp-image-4832 size-medium\" src=\"https:\/\/turismoenzamora.es\/wp-content\/uploads\/2017\/10\/categoria-ssanta-bercianos_redimen-300x210.jpg\" alt=\"\" width=\"300\" height=\"210\" data-id=\"4535\" srcset=\"https:\/\/turismoenzamora.es\/wp-content\/uploads\/2017\/10\/categoria-ssanta-bercianos_redimen-300x210.jpg 300w, https:\/\/turismoenzamora.es\/wp-content\/uploads\/2017\/10\/categoria-ssanta-bercianos_redimen.jpg 670w\" sizes=\"(max-width: 300px) 100vw, 300px\" \/>Bercianos de Aliste<\/a><\/td>\n<\/tr>\n<tr style=\"padding-left: 30px;\">\n<td style=\"text-align: center; padding-left: 30px;\"><a href=\"https:\/\/turismoenzamora.es\/benavente\/\"><img loading=\"lazy\" decoding=\"async\" class=\"aligncenter wp-image-4833 size-medium\" src=\"https:\/\/turismoenzamora.es\/wp-content\/uploads\/2017\/10\/categoria-ssanta-benavente-redimen-300x210.jpg\" alt=\"\" width=\"300\" height=\"210\" data-id=\"4537\" srcset=\"https:\/\/turismoenzamora.es\/wp-content\/uploads\/2017\/10\/categoria-ssanta-benavente-redimen-300x210.jpg 300w, https:\/\/turismoenzamora.es\/wp-content\/uploads\/2017\/10\/categoria-ssanta-benavente-redimen.jpg 670w\" sizes=\"(max-width: 300px) 100vw, 300px\" \/>Benavente<\/a><\/td>\n<td style=\"text-align: center; padding-left: 30px;\"><a href=\"https:\/\/turismoenzamora.es\/otras-pasiones\/\"><img loading=\"lazy\" decoding=\"async\" class=\"aligncenter wp-image-4834 size-medium\" src=\"https:\/\/turismoenzamora.es\/wp-content\/uploads\/2017\/10\/categoria-ssanta-otras-redimen-300x210.jpg\" alt=\"\" width=\"300\" height=\"210\" data-id=\"4539\" srcset=\"https:\/\/turismoenzamora.es\/wp-content\/uploads\/2017\/10\/categoria-ssanta-otras-redimen-300x210.jpg 300w, https:\/\/turismoenzamora.es\/wp-content\/uploads\/2017\/10\/categoria-ssanta-otras-redimen.jpg 670w\" sizes=\"(max-width: 300px) 100vw, 300px\" \/>Otras Pasiones<\/a><\/td>\n<td style=\"padding-left: 30px;\">&nbsp;<\/td>\n<\/tr>\n<\/tbody>\n<\/table>\n<p><\/p>\n<p>&nbsp;<\/p>","protected":false},"excerpt":{"rendered":"<p>Semana Santa \u5723\u5468 \u8428\u83ab\u62c9\u7684\u5723\u5468\u6e38\u2f8f\u2fae\u5e38\u5b8f\u2f24\uff0c\u6709\u4e25\u8083\u7684\u5929\u4e3b \u6559\u5217\u961f\uff0c\u4e5f\u6709\u5206\u2edd\u674f\u4ec1\u7684\u6d3b\u52a8\uff0c\u6709\u9523\u2fce\u55a7\u5929 [&hellip;]<\/p>\n","protected":false},"author":1,"featured_media":0,"parent":88,"menu_order":5,"comment_status":"closed","ping_status":"closed","template":"","meta":{"inline_featured_image":false,"site-sidebar-layout":"default","site-content-layout":"default","ast-site-content-layout":"default","site-content-style":"default","site-sidebar-style":"default","ast-global-header-display":"","ast-banner-title-visibility":"","ast-main-header-display":"","ast-hfb-above-header-display":"","ast-hfb-below-header-display":"","ast-hfb-mobile-header-display":"","site-post-title":"disabled","ast-breadcrumbs-content":"","ast-featured-img":"","footer-sml-layout":"","theme-transparent-header-meta":"default","adv-header-id-meta":"","stick-header-meta":"","header-above-stick-meta":"","header-main-stick-meta":"","header-below-stick-meta":"","astra-migrate-meta-layouts":"set","ast-page-background-enabled":"default","ast-page-background-meta":{"desktop":{"background-color":"","background-image":"","background-repeat":"repeat","background-position":"center center","background-size":"auto","background-attachment":"scroll","background-type":"","background-media":"","overlay-type":"","overlay-color":"","overlay-opacity":"","overlay-gradient":""},"tablet":{"background-color":"","background-image":"","background-repeat":"repeat","background-position":"center center","background-size":"auto","background-attachment":"scroll","background-type":"","background-media":"","overlay-type":"","overlay-color":"","overlay-opacity":"","overlay-gradient":""},"mobile":{"background-color":"","background-image":"","background-repeat":"repeat","background-position":"center center","background-size":"auto","background-attachment":"scroll","background-type":"","background-media":"","overlay-type":"","overlay-color":"","overlay-opacity":"","overlay-gradient":""}},"ast-content-background-meta":{"desktop":{"background-color":"var(--ast-global-color-5)","background-image":"","background-repeat":"repeat","background-position":"center center","background-size":"auto","background-attachment":"scroll","background-type":"","background-media":"","overlay-type":"","overlay-color":"","overlay-opacity":"","overlay-gradient":""},"tablet":{"background-color":"var(--ast-global-color-5)","background-image":"","background-repeat":"repeat","background-position":"center center","background-size":"auto","background-attachment":"scroll","background-type":"","background-media":"","overlay-type":"","overlay-color":"","overlay-opacity":"","overlay-gradient":""},"mobile":{"background-color":"var(--ast-global-color-5)","background-image":"","background-repeat":"repeat","background-position":"center center","background-size":"auto","background-attachment":"scroll","background-type":"","background-media":"","overlay-type":"","overlay-color":"","overlay-opacity":"","overlay-gradient":""}},"ngg_post_thumbnail":0,"footnotes":""},"yoast_head":"<!-- This site is optimized with the Yoast SEO plugin v23.0 - https:\/\/yoast.com\/wordpress\/plugins\/seo\/ -->\n<title>Turismo de Zamora , Turismo Sostenible<\/title>\n<meta name=\"description\" content=\"Esta es la p\u00e1gina Oficial de Turismo de Diputaci\u00f3n de Zamora, donde podr\u00e1 encontrar toda la informaci\u00f3n para disfrutar al m\u00e1ximo de nuestra provincia.\" \/>\n<meta name=\"robots\" content=\"index, follow, max-snippet:-1, max-image-preview:large, max-video-preview:-1\" \/>\n<link rel=\"canonical\" href=\"https:\/\/turismoenzamora.es\/patrimonio-popular\/semana-santa\/\" \/>\n<meta property=\"og:locale\" content=\"zh_CN\" \/>\n<meta property=\"og:type\" content=\"article\" \/>\n<meta property=\"og:title\" content=\"Turismo de Zamora , Turismo Sostenible\" \/>\n<meta property=\"og:description\" content=\"Esta es la p\u00e1gina Oficial de Turismo de Diputaci\u00f3n de Zamora, donde podr\u00e1 encontrar toda la informaci\u00f3n para disfrutar al m\u00e1ximo de nuestra provincia.\" \/>\n<meta property=\"og:url\" content=\"https:\/\/turismoenzamora.es\/patrimonio-popular\/semana-santa\/\" \/>\n<meta property=\"og:site_name\" content=\"(Espa\u00f1ol) Turismo sostenible. Patronato de Turismo de la Diputaci\u00f3n de Zamora.&quot;Turismo Sostenible&quot;.\" \/>\n<meta property=\"article:publisher\" content=\"https:\/\/www.facebook.com\/ZamoraSpain\/\" \/>\n<meta property=\"article:modified_time\" content=\"2025-06-18T12:45:51+00:00\" \/>\n<meta property=\"og:image\" content=\"https:\/\/turismoenzamora.es\/wp-content\/uploads\/2017\/10\/categoria-ssanta-zamora-redimen-300x210.jpg\" \/>\n<meta name=\"twitter:card\" content=\"summary_large_image\" \/>\n<meta name=\"twitter:site\" content=\"@ZamoraSpain\" \/>\n<meta name=\"twitter:label1\" content=\"\u9884\u8ba1\u9605\u8bfb\u65f6\u95f4\" \/>\n\t<meta name=\"twitter:data1\" content=\"15\u5206\" \/>\n<script type=\"application\/ld+json\" class=\"yoast-schema-graph\">{\"@context\":\"https:\/\/schema.org\",\"@graph\":[{\"@type\":\"WebPage\",\"@id\":\"https:\/\/turismoenzamora.es\/patrimonio-popular\/semana-santa\/\",\"url\":\"https:\/\/turismoenzamora.es\/patrimonio-popular\/semana-santa\/\",\"name\":\"Turismo de Zamora , Turismo Sostenible\",\"isPartOf\":{\"@id\":\"https:\/\/turismoenzamora.es\/pt\/#website\"},\"primaryImageOfPage\":{\"@id\":\"https:\/\/turismoenzamora.es\/patrimonio-popular\/semana-santa\/#primaryimage\"},\"image\":{\"@id\":\"https:\/\/turismoenzamora.es\/patrimonio-popular\/semana-santa\/#primaryimage\"},\"thumbnailUrl\":\"https:\/\/turismoenzamora.es\/wp-content\/uploads\/2017\/10\/categoria-ssanta-zamora-redimen-300x210.jpg\",\"datePublished\":\"2017-10-16T12:57:12+00:00\",\"dateModified\":\"2025-06-18T12:45:51+00:00\",\"description\":\"Esta es la p\u00e1gina Oficial de Turismo de Diputaci\u00f3n de Zamora, donde podr\u00e1 encontrar toda la informaci\u00f3n para disfrutar al m\u00e1ximo de nuestra provincia.\",\"breadcrumb\":{\"@id\":\"https:\/\/turismoenzamora.es\/patrimonio-popular\/semana-santa\/#breadcrumb\"},\"inLanguage\":\"zh-CN\",\"potentialAction\":[{\"@type\":\"ReadAction\",\"target\":[\"https:\/\/turismoenzamora.es\/patrimonio-popular\/semana-santa\/\"]}]},{\"@type\":\"ImageObject\",\"inLanguage\":\"zh-CN\",\"@id\":\"https:\/\/turismoenzamora.es\/patrimonio-popular\/semana-santa\/#primaryimage\",\"url\":\"https:\/\/turismoenzamora.es\/wp-content\/uploads\/2017\/10\/categoria-ssanta-zamora-redimen-300x210.jpg\",\"contentUrl\":\"https:\/\/turismoenzamora.es\/wp-content\/uploads\/2017\/10\/categoria-ssanta-zamora-redimen-300x210.jpg\"},{\"@type\":\"BreadcrumbList\",\"@id\":\"https:\/\/turismoenzamora.es\/patrimonio-popular\/semana-santa\/#breadcrumb\",\"itemListElement\":[{\"@type\":\"ListItem\",\"position\":1,\"name\":\"Portada\",\"item\":\"https:\/\/turismoenzamora.es\/\"},{\"@type\":\"ListItem\",\"position\":2,\"name\":\"Patrimonio Popular\",\"item\":\"https:\/\/turismoenzamora.es\/de\/patrimonio-popular\/\"},{\"@type\":\"ListItem\",\"position\":3,\"name\":\"Semana Santa\"}]},{\"@type\":\"WebSite\",\"@id\":\"https:\/\/turismoenzamora.es\/pt\/#website\",\"url\":\"https:\/\/turismoenzamora.es\/pt\/\",\"name\":\"Turismo sostenible. Patronato de Turismo de la Diputaci\u00f3n de Zamora.&quot;Turismo Sostenible&quot;.\",\"description\":\"(Espa\u00f1ol) Turismo sostenible. Patronato de Turismo de la Diputaci\u00f3n de Zamora.&quot;Turismo Sostenible&quot;.\",\"publisher\":{\"@id\":\"https:\/\/turismoenzamora.es\/pt\/#organization\"},\"potentialAction\":[{\"@type\":\"SearchAction\",\"target\":{\"@type\":\"EntryPoint\",\"urlTemplate\":\"https:\/\/turismoenzamora.es\/pt\/?s={search_term_string}\"},\"query-input\":\"required name=search_term_string\"}],\"inLanguage\":\"zh-CN\"},{\"@type\":\"Organization\",\"@id\":\"https:\/\/turismoenzamora.es\/pt\/#organization\",\"name\":\"Patronato de Turismo de la Diputaci\u00f3n de Zamora\",\"url\":\"https:\/\/turismoenzamora.es\/pt\/\",\"logo\":{\"@type\":\"ImageObject\",\"inLanguage\":\"zh-CN\",\"@id\":\"https:\/\/turismoenzamora.es\/pt\/#\/schema\/logo\/image\/\",\"url\":\"https:\/\/turismoenzamora.es\/wp-content\/uploads\/2018\/06\/ZamoraLogo.png\",\"contentUrl\":\"https:\/\/turismoenzamora.es\/wp-content\/uploads\/2018\/06\/ZamoraLogo.png\",\"width\":1276,\"height\":290,\"caption\":\"Patronato de Turismo de la Diputaci\u00f3n de Zamora\"},\"image\":{\"@id\":\"https:\/\/turismoenzamora.es\/pt\/#\/schema\/logo\/image\/\"},\"sameAs\":[\"https:\/\/www.facebook.com\/ZamoraSpain\/\",\"https:\/\/x.com\/ZamoraSpain\",\"https:\/\/www.instagram.com\/turismoenzamora.es\/\",\"https:\/\/www.pinterest.es\/TurismoenZamora\/\",\"https:\/\/www.youtube.com\/channel\/UC2bOyOZ-2cLm-uXlBFYUV9w\"]}]}<\/script>\n<!-- \/ Yoast SEO plugin. -->","yoast_head_json":{"title":"Turismo de Zamora , Turismo Sostenible","description":"Esta es la p\u00e1gina Oficial de Turismo de Diputaci\u00f3n de Zamora, donde podr\u00e1 encontrar toda la informaci\u00f3n para disfrutar al m\u00e1ximo de nuestra provincia.","robots":{"index":"index","follow":"follow","max-snippet":"max-snippet:-1","max-image-preview":"max-image-preview:large","max-video-preview":"max-video-preview:-1"},"canonical":"https:\/\/turismoenzamora.es\/patrimonio-popular\/semana-santa\/","og_locale":"zh_CN","og_type":"article","og_title":"Turismo de Zamora , Turismo Sostenible","og_description":"Esta es la p\u00e1gina Oficial de Turismo de Diputaci\u00f3n de Zamora, donde podr\u00e1 encontrar toda la informaci\u00f3n para disfrutar al m\u00e1ximo de nuestra provincia.","og_url":"https:\/\/turismoenzamora.es\/patrimonio-popular\/semana-santa\/","og_site_name":"(Espa\u00f1ol) Turismo sostenible. Patronato de Turismo de la Diputaci\u00f3n de Zamora.&quot;Turismo Sostenible&quot;.","article_publisher":"https:\/\/www.facebook.com\/ZamoraSpain\/","article_modified_time":"2025-06-18T12:45:51+00:00","og_image":[{"url":"https:\/\/turismoenzamora.es\/wp-content\/uploads\/2017\/10\/categoria-ssanta-zamora-redimen-300x210.jpg"}],"twitter_card":"summary_large_image","twitter_site":"@ZamoraSpain","twitter_misc":{"\u9884\u8ba1\u9605\u8bfb\u65f6\u95f4":"15\u5206"},"schema":{"@context":"https:\/\/schema.org","@graph":[{"@type":"WebPage","@id":"https:\/\/turismoenzamora.es\/patrimonio-popular\/semana-santa\/","url":"https:\/\/turismoenzamora.es\/patrimonio-popular\/semana-santa\/","name":"Turismo de Zamora , Turismo Sostenible","isPartOf":{"@id":"https:\/\/turismoenzamora.es\/pt\/#website"},"primaryImageOfPage":{"@id":"https:\/\/turismoenzamora.es\/patrimonio-popular\/semana-santa\/#primaryimage"},"image":{"@id":"https:\/\/turismoenzamora.es\/patrimonio-popular\/semana-santa\/#primaryimage"},"thumbnailUrl":"https:\/\/turismoenzamora.es\/wp-content\/uploads\/2017\/10\/categoria-ssanta-zamora-redimen-300x210.jpg","datePublished":"2017-10-16T12:57:12+00:00","dateModified":"2025-06-18T12:45:51+00:00","description":"Esta es la p\u00e1gina Oficial de Turismo de Diputaci\u00f3n de Zamora, donde podr\u00e1 encontrar toda la informaci\u00f3n para disfrutar al m\u00e1ximo de nuestra provincia.","breadcrumb":{"@id":"https:\/\/turismoenzamora.es\/patrimonio-popular\/semana-santa\/#breadcrumb"},"inLanguage":"zh-CN","potentialAction":[{"@type":"ReadAction","target":["https:\/\/turismoenzamora.es\/patrimonio-popular\/semana-santa\/"]}]},{"@type":"ImageObject","inLanguage":"zh-CN","@id":"https:\/\/turismoenzamora.es\/patrimonio-popular\/semana-santa\/#primaryimage","url":"https:\/\/turismoenzamora.es\/wp-content\/uploads\/2017\/10\/categoria-ssanta-zamora-redimen-300x210.jpg","contentUrl":"https:\/\/turismoenzamora.es\/wp-content\/uploads\/2017\/10\/categoria-ssanta-zamora-redimen-300x210.jpg"},{"@type":"BreadcrumbList","@id":"https:\/\/turismoenzamora.es\/patrimonio-popular\/semana-santa\/#breadcrumb","itemListElement":[{"@type":"ListItem","position":1,"name":"Portada","item":"https:\/\/turismoenzamora.es\/"},{"@type":"ListItem","position":2,"name":"Patrimonio Popular","item":"https:\/\/turismoenzamora.es\/de\/patrimonio-popular\/"},{"@type":"ListItem","position":3,"name":"Semana Santa"}]},{"@type":"WebSite","@id":"https:\/\/turismoenzamora.es\/pt\/#website","url":"https:\/\/turismoenzamora.es\/pt\/","name":"Turismo sostenible. Patronato de Turismo de la Diputaci\u00f3n de Zamora.&quot;Turismo Sostenible&quot;.","description":"(Espa\u00f1ol) Turismo sostenible. Patronato de Turismo de la Diputaci\u00f3n de Zamora.&quot;Turismo Sostenible&quot;.","publisher":{"@id":"https:\/\/turismoenzamora.es\/pt\/#organization"},"potentialAction":[{"@type":"SearchAction","target":{"@type":"EntryPoint","urlTemplate":"https:\/\/turismoenzamora.es\/pt\/?s={search_term_string}"},"query-input":"required name=search_term_string"}],"inLanguage":"zh-CN"},{"@type":"Organization","@id":"https:\/\/turismoenzamora.es\/pt\/#organization","name":"Patronato de Turismo de la Diputaci\u00f3n de Zamora","url":"https:\/\/turismoenzamora.es\/pt\/","logo":{"@type":"ImageObject","inLanguage":"zh-CN","@id":"https:\/\/turismoenzamora.es\/pt\/#\/schema\/logo\/image\/","url":"https:\/\/turismoenzamora.es\/wp-content\/uploads\/2018\/06\/ZamoraLogo.png","contentUrl":"https:\/\/turismoenzamora.es\/wp-content\/uploads\/2018\/06\/ZamoraLogo.png","width":1276,"height":290,"caption":"Patronato de Turismo de la Diputaci\u00f3n de Zamora"},"image":{"@id":"https:\/\/turismoenzamora.es\/pt\/#\/schema\/logo\/image\/"},"sameAs":["https:\/\/www.facebook.com\/ZamoraSpain\/","https:\/\/x.com\/ZamoraSpain","https:\/\/www.instagram.com\/turismoenzamora.es\/","https:\/\/www.pinterest.es\/TurismoenZamora\/","https:\/\/www.youtube.com\/channel\/UC2bOyOZ-2cLm-uXlBFYUV9w"]}]}},"_links":{"self":[{"href":"https:\/\/turismoenzamora.es\/zh\/wp-json\/wp\/v2\/pages\/4816"}],"collection":[{"href":"https:\/\/turismoenzamora.es\/zh\/wp-json\/wp\/v2\/pages"}],"about":[{"href":"https:\/\/turismoenzamora.es\/zh\/wp-json\/wp\/v2\/types\/page"}],"author":[{"embeddable":true,"href":"https:\/\/turismoenzamora.es\/zh\/wp-json\/wp\/v2\/users\/1"}],"replies":[{"embeddable":true,"href":"https:\/\/turismoenzamora.es\/zh\/wp-json\/wp\/v2\/comments?post=4816"}],"version-history":[{"count":0,"href":"https:\/\/turismoenzamora.es\/zh\/wp-json\/wp\/v2\/pages\/4816\/revisions"}],"up":[{"embeddable":true,"href":"https:\/\/turismoenzamora.es\/zh\/wp-json\/wp\/v2\/pages\/88"}],"wp:attachment":[{"href":"https:\/\/turismoenzamora.es\/zh\/wp-json\/wp\/v2\/media?parent=4816"}],"curies":[{"name":"wp","href":"https:\/\/api.w.org\/{rel}","templated":true}]}}