{"id":409,"date":"2017-08-08T10:13:44","date_gmt":"2017-08-08T10:13:44","guid":{"rendered":"https:\/\/newweb.turismoenzamora.es\/?page_id=409"},"modified":"2020-06-16T10:33:45","modified_gmt":"2020-06-16T10:33:45","slug":"tierra-del-vino","status":"publish","type":"page","link":"https:\/\/turismoenzamora.es\/zh\/tierra-del-vino\/","title":{"rendered":"Tierra del Vino"},"content":{"rendered":"<p><\/p>\n<h1 class=\"title\">Tierra del Vino \u201c\u8461\u8404\u9152\u4e4b\u4e61\u201d<\/h1>\n<p>&nbsp;<\/p>\n<p><img fetchpriority=\"high\" decoding=\"async\" class=\"aligncenter size-full wp-image-6934\" src=\"https:\/\/turismoenzamora.es\/wp-content\/uploads\/2017\/08\/Patrimonio-gastron\u00f3mico.-enoturismotierravino.jpg\" alt=\"\" data-id=\"6934\" width=\"900\" height=\"500\" srcset=\"https:\/\/turismoenzamora.es\/wp-content\/uploads\/2017\/08\/Patrimonio-gastron\u00f3mico.-enoturismotierravino.jpg 900w, https:\/\/turismoenzamora.es\/wp-content\/uploads\/2017\/08\/Patrimonio-gastron\u00f3mico.-enoturismotierravino-300x167.jpg 300w, https:\/\/turismoenzamora.es\/wp-content\/uploads\/2017\/08\/Patrimonio-gastron\u00f3mico.-enoturismotierravino-768x427.jpg 768w\" sizes=\"(max-width: 900px) 100vw, 900px\" \/><\/p>\n<p>&nbsp;<\/p>\n<p>\u201c\u8461\u8404\u9152\u4e4b\u4e61\u201d-\u8fed\u62c9\u5fb7\u2f50\u8bfa\u4ea7\u533a\uff0c\u662f\u2f00\u4e2a\u8428\u83ab \u62c9\u548c\u8428\u62c9\u66fc\u5361\u4e4b\u95f4\u7684\u2f00\u4e2aD.O\u8461\u8404\u9152\u4ea7\u533a\uff0c \u5b83\u5360\u57301800\u5e73\u2f45\u516c\u2fa5\uff0c\u5750\u62e5\u4f0a\u2f50\u5229\u4e9a\u534a\u5c9b\u84c4 \u2f54\u91cf\u6700\u2f24\u7684\u675c\u7f57\u6cb3\uff08Duero\uff09\uff0c\u6ecb\u6da6\u7740\u2f83\u2f30 \u90a3\u2f34\u9614\u7684\u8461\u8404\u2f65\u3002 \u2f00\u671b\u2f46\u9645\u7684\u8461\u8404\u2f65\uff0c\u4f34\u968f\u7740\u5f53\u5730\u5e73\u5766\u5f00\u9614\u7684 \u2edb\u666f\uff0c\u76f8\u5f97\u76ca\u5f70\uff0c\u5171\u5b58\u5171\u8363\u3002 \u8fd9\u2fa5\u4e5f\u662f\u671d\u5723\u4e4b\u8def\u7684\u5fc5\u7ecf\u4e4b\u5904\u3002\u6cbf\u7740\u2f00\u9053\u9053 \u8461\u8404\u2f65\u7684\u2f29\u5f84\uff0c\u4f34\u968f\u7740\u8def\u8fb9\u9690\u9690\u7ef0\u7ef0\u7684\u7f57\u2ee2 \u9057\u8ff9\uff0c\u671d\u5723\u8005\u4eec\u8d1f\u91cd\u524d\u2f8f\uff0c\u52c7\u6562\u575a\u5b9a\u3002\u8fd9\u79cd \u2f42\u5316\u5386\u53f2\u5e95\u8574\uff0c\u2f83\u53e4\u5ef6\u4f38\u2f84\u4eca\uff0c\u2f00\u76f4\u662f\u5f53\u5730 \u7684\u2f00\u9053\u72ec\u7279\u7684\u2edb\u666f\u7ebf\u3002<\/p>\n<p>&nbsp;<\/p>\n<p><img decoding=\"async\" class=\"size-medium wp-image-634 alignleft\" src=\"https:\/\/turismoenzamora.es\/wp-content\/uploads\/2017\/08\/tierra_2-300x293.jpg\" alt=\"\" width=\"300\" height=\"293\" srcset=\"https:\/\/turismoenzamora.es\/wp-content\/uploads\/2017\/08\/tierra_2-300x293.jpg 300w, https:\/\/turismoenzamora.es\/wp-content\/uploads\/2017\/08\/tierra_2.jpg 363w\" sizes=\"(max-width: 300px) 100vw, 300px\" \/><\/p>\n<p>\u5f53\u5e74\uff0c\u968f\u7740\u7f57\u2ee2\u2f08\u7684\u5230\u6765\uff0c\u8461\u8404\u7684\u79cd\u2f26\u4e5f\u5728 \u8fd9\u2f5a\u2f1f\u5730\u4e0a\u2f63\u2ed3\u624e\u6839\u3002\u5f53\u5730\u4e5f\u56e0\u6b64\u62e5\u6709\u7740\u6700 \u53e4\u2f7c\u7684\u8461\u8404\u85e4\uff0c\u8fd9\u2f5a\u2f1f\u5730\u4ece\u2f7d\u88ab\u79f0\u4e3a\u201ctierra de vino\u201d\u4e5f\u662f\u552f\u2f00\u8363\u83b7\u8fd9\u4e2a\u79f0\u53f7\u7684\u5730\u2f45\uff0c\u5b57 \u5982\u5176\u610f\uff0c \u201c\u8461\u8404\u9152\u4e4b\u4e61\u201d\u3002 \u8fd9\u2fa5\u7684\u8461\u8404\u4e3b\u8981\u54c1\u79cd\u4e3a\u5766\u666e\u62c9\u5c3c\u6d1b\u8461\u8404\uff0c\u6240 \u4ee5\u917f\u5236\u2f7d\u6210\u7684\u6b4c\u6d77\u5a1c\u548c\u2f9a\u971e\u73e0\uff0c\u90fd\u5728\u8fd9\u2fa5\u2fae \u5e38\u5e38\u2ec5\u3002 \u5f53\u7136\u4e0d\u2f4c\u8fd9\u4e9b\uff0c\u5404\u2f8a\u2f69\u8461\u8404\u9152\u4e5f\u662f\u4e89\u5947\u2f43 \u8273\uff0c\u2f50\u5982\u2ee2\u5c14\u2ec4\u4e9aMalvas\u00eda\uff0c\u2f1c\u6216\u2ed8\u8461\u8404\u9152 Verdejo\u7b49\u3002\u4e0d\u5982\u5982\u6b64\uff0c\u6388\u6743\u54c1\u79cd\u4e5f\u6709\u4e0d \u5c11\uff0c\u5982Albillo\uff0c Palomino\u548cGodello\u7b49\u3002 \u8fd9\u2fa5\u8fd8\u6709\u4e0d\u5c11\u7684\u8461\u8404\u9152\u535a\u7269\u9986\uff0c\u6b22\u8fce\u2f24\u5bb6\u53c2 \u89c2\u3001\u5b66\u4e60\u548c\u54c1\u5c1d\u3002<\/p>\n<p><a href=\"http:\/\/www.tierradelvino.net\/\" target=\"_blank\" rel=\"noopener noreferrer\">\u5173\u6ce8\u5b98\u2f45\u2f79\u7ad9\uff0c\u5f97\u5230\u66f4\u591a\u4fe1\u606f\u3002<\/a><\/p>\n<p><\/p>","protected":false},"excerpt":{"rendered":"<p>Tierra del Vino \u201c\u8461\u8404\u9152\u4e4b\u4e61\u201d &nbsp; &nbsp; \u201c\u8461\u8404\u9152\u4e4b\u4e61\u201d-\u8fed\u62c9\u5fb7\u2f50\u8bfa\u4ea7\u533a\uff0c\u662f [&hellip;]<\/p>\n","protected":false},"author":1,"featured_media":0,"parent":0,"menu_order":0,"comment_status":"closed","ping_status":"closed","template":"","meta":{"inline_featured_image":false,"site-sidebar-layout":"default","site-content-layout":"default","ast-site-content-layout":"","site-content-style":"default","site-sidebar-style":"default","ast-global-header-display":"","ast-banner-title-visibility":"","ast-main-header-display":"","ast-hfb-above-header-display":"","ast-hfb-below-header-display":"","ast-hfb-mobile-header-display":"","site-post-title":"disabled","ast-breadcrumbs-content":"","ast-featured-img":"","footer-sml-layout":"","theme-transparent-header-meta":"default","adv-header-id-meta":"","stick-header-meta":"","header-above-stick-meta":"","header-main-stick-meta":"","header-below-stick-meta":"","astra-migrate-meta-layouts":"default","ast-page-background-enabled":"default","ast-page-background-meta":{"desktop":{"background-color":"","background-image":"","background-repeat":"repeat","background-position":"center center","background-size":"auto","background-attachment":"scroll","background-type":"","background-media":"","overlay-type":"","overlay-color":"","overlay-opacity":"","overlay-gradient":""},"tablet":{"background-color":"","background-image":"","background-repeat":"repeat","background-position":"center center","background-size":"auto","background-attachment":"scroll","background-type":"","background-media":"","overlay-type":"","overlay-color":"","overlay-opacity":"","overlay-gradient":""},"mobile":{"background-color":"","background-image":"","background-repeat":"repeat","background-position":"center center","background-size":"auto","background-attachment":"scroll","background-type":"","background-media":"","overlay-type":"","overlay-color":"","overlay-opacity":"","overlay-gradient":""}},"ast-content-background-meta":{"desktop":{"background-color":"var(--ast-global-color-5)","background-image":"","background-repeat":"repeat","background-position":"center center","background-size":"auto","background-attachment":"scroll","background-type":"","background-media":"","overlay-type":"","overlay-color":"","overlay-opacity":"","overlay-gradient":""},"tablet":{"background-color":"var(--ast-global-color-5)","background-image":"","background-repeat":"repeat","background-position":"center center","background-size":"auto","background-attachment":"scroll","background-type":"","background-media":"","overlay-type":"","overlay-color":"","overlay-opacity":"","overlay-gradient":""},"mobile":{"background-color":"var(--ast-global-color-5)","background-image":"","background-repeat":"repeat","background-position":"center center","background-size":"auto","background-attachment":"scroll","background-type":"","background-media":"","overlay-type":"","overlay-color":"","overlay-opacity":"","overlay-gradient":""}},"ngg_post_thumbnail":0,"footnotes":""},"yoast_head":"<!-- This site is optimized with the Yoast SEO plugin v23.0 - https:\/\/yoast.com\/wordpress\/plugins\/seo\/ -->\n<title>Turismo de Zamora , Turismo Sostenible<\/title>\n<meta name=\"description\" content=\"Esta es la p\u00e1gina Oficial de Turismo de Diputaci\u00f3n de Zamora, donde podr\u00e1 encontrar toda la informaci\u00f3n para disfrutar al m\u00e1ximo de nuestra provincia.\" \/>\n<meta name=\"robots\" content=\"index, follow, max-snippet:-1, max-image-preview:large, max-video-preview:-1\" \/>\n<link rel=\"canonical\" href=\"https:\/\/turismoenzamora.es\/de\/tierra-del-vino\/\" \/>\n<meta property=\"og:locale\" content=\"zh_CN\" \/>\n<meta property=\"og:type\" content=\"article\" \/>\n<meta property=\"og:title\" content=\"Turismo de Zamora , Turismo Sostenible\" \/>\n<meta property=\"og:description\" content=\"Esta es la p\u00e1gina Oficial de Turismo de Diputaci\u00f3n de Zamora, donde podr\u00e1 encontrar toda la informaci\u00f3n para disfrutar al m\u00e1ximo de nuestra provincia.\" \/>\n<meta property=\"og:url\" content=\"https:\/\/turismoenzamora.es\/de\/tierra-del-vino\/\" \/>\n<meta property=\"og:site_name\" content=\"(Espa\u00f1ol) Turismo sostenible. Patronato de Turismo de la Diputaci\u00f3n de Zamora.&quot;Turismo Sostenible&quot;.\" \/>\n<meta property=\"article:publisher\" content=\"https:\/\/www.facebook.com\/ZamoraSpain\/\" \/>\n<meta property=\"article:modified_time\" content=\"2020-06-16T10:33:45+00:00\" \/>\n<meta property=\"og:image\" content=\"https:\/\/turismoenzamora.es\/wp-content\/uploads\/2017\/08\/tierra_2-300x293.jpg\" \/>\n<meta name=\"twitter:card\" content=\"summary_large_image\" \/>\n<meta name=\"twitter:site\" content=\"@ZamoraSpain\" \/>\n<meta name=\"twitter:label1\" content=\"\u9884\u8ba1\u9605\u8bfb\u65f6\u95f4\" \/>\n\t<meta name=\"twitter:data1\" content=\"10\u5206\" \/>\n<script type=\"application\/ld+json\" class=\"yoast-schema-graph\">{\"@context\":\"https:\/\/schema.org\",\"@graph\":[{\"@type\":\"WebPage\",\"@id\":\"https:\/\/turismoenzamora.es\/de\/tierra-del-vino\/\",\"url\":\"https:\/\/turismoenzamora.es\/de\/tierra-del-vino\/\",\"name\":\"Turismo de Zamora , Turismo Sostenible\",\"isPartOf\":{\"@id\":\"https:\/\/turismoenzamora.es\/pt\/#website\"},\"primaryImageOfPage\":{\"@id\":\"https:\/\/turismoenzamora.es\/de\/tierra-del-vino\/#primaryimage\"},\"image\":{\"@id\":\"https:\/\/turismoenzamora.es\/de\/tierra-del-vino\/#primaryimage\"},\"thumbnailUrl\":\"https:\/\/turismoenzamora.es\/wp-content\/uploads\/2017\/08\/tierra_2-300x293.jpg\",\"datePublished\":\"2017-08-08T10:13:44+00:00\",\"dateModified\":\"2020-06-16T10:33:45+00:00\",\"description\":\"Esta es la p\u00e1gina Oficial de Turismo de Diputaci\u00f3n de Zamora, donde podr\u00e1 encontrar toda la informaci\u00f3n para disfrutar al m\u00e1ximo de nuestra provincia.\",\"breadcrumb\":{\"@id\":\"https:\/\/turismoenzamora.es\/de\/tierra-del-vino\/#breadcrumb\"},\"inLanguage\":\"zh-CN\",\"potentialAction\":[{\"@type\":\"ReadAction\",\"target\":[\"https:\/\/turismoenzamora.es\/de\/tierra-del-vino\/\"]}]},{\"@type\":\"ImageObject\",\"inLanguage\":\"zh-CN\",\"@id\":\"https:\/\/turismoenzamora.es\/de\/tierra-del-vino\/#primaryimage\",\"url\":\"https:\/\/turismoenzamora.es\/wp-content\/uploads\/2017\/08\/tierra_2-300x293.jpg\",\"contentUrl\":\"https:\/\/turismoenzamora.es\/wp-content\/uploads\/2017\/08\/tierra_2-300x293.jpg\"},{\"@type\":\"BreadcrumbList\",\"@id\":\"https:\/\/turismoenzamora.es\/de\/tierra-del-vino\/#breadcrumb\",\"itemListElement\":[{\"@type\":\"ListItem\",\"position\":1,\"name\":\"Portada\",\"item\":\"https:\/\/turismoenzamora.es\/\"},{\"@type\":\"ListItem\",\"position\":2,\"name\":\"Tierra del Vino\"}]},{\"@type\":\"WebSite\",\"@id\":\"https:\/\/turismoenzamora.es\/pt\/#website\",\"url\":\"https:\/\/turismoenzamora.es\/pt\/\",\"name\":\"Turismo sostenible. Patronato de Turismo de la Diputaci\u00f3n de Zamora.&quot;Turismo Sostenible&quot;.\",\"description\":\"(Espa\u00f1ol) Turismo sostenible. Patronato de Turismo de la Diputaci\u00f3n de Zamora.&quot;Turismo Sostenible&quot;.\",\"publisher\":{\"@id\":\"https:\/\/turismoenzamora.es\/pt\/#organization\"},\"potentialAction\":[{\"@type\":\"SearchAction\",\"target\":{\"@type\":\"EntryPoint\",\"urlTemplate\":\"https:\/\/turismoenzamora.es\/pt\/?s={search_term_string}\"},\"query-input\":\"required name=search_term_string\"}],\"inLanguage\":\"zh-CN\"},{\"@type\":\"Organization\",\"@id\":\"https:\/\/turismoenzamora.es\/pt\/#organization\",\"name\":\"Patronato de Turismo de la Diputaci\u00f3n de Zamora\",\"url\":\"https:\/\/turismoenzamora.es\/pt\/\",\"logo\":{\"@type\":\"ImageObject\",\"inLanguage\":\"zh-CN\",\"@id\":\"https:\/\/turismoenzamora.es\/pt\/#\/schema\/logo\/image\/\",\"url\":\"https:\/\/turismoenzamora.es\/wp-content\/uploads\/2018\/06\/ZamoraLogo.png\",\"contentUrl\":\"https:\/\/turismoenzamora.es\/wp-content\/uploads\/2018\/06\/ZamoraLogo.png\",\"width\":1276,\"height\":290,\"caption\":\"Patronato de Turismo de la Diputaci\u00f3n de Zamora\"},\"image\":{\"@id\":\"https:\/\/turismoenzamora.es\/pt\/#\/schema\/logo\/image\/\"},\"sameAs\":[\"https:\/\/www.facebook.com\/ZamoraSpain\/\",\"https:\/\/x.com\/ZamoraSpain\",\"https:\/\/www.instagram.com\/turismoenzamora.es\/\",\"https:\/\/www.pinterest.es\/TurismoenZamora\/\",\"https:\/\/www.youtube.com\/channel\/UC2bOyOZ-2cLm-uXlBFYUV9w\"]}]}<\/script>\n<!-- \/ Yoast SEO plugin. -->","yoast_head_json":{"title":"Turismo de Zamora , Turismo Sostenible","description":"Esta es la p\u00e1gina Oficial de Turismo de Diputaci\u00f3n de Zamora, donde podr\u00e1 encontrar toda la informaci\u00f3n para disfrutar al m\u00e1ximo de nuestra provincia.","robots":{"index":"index","follow":"follow","max-snippet":"max-snippet:-1","max-image-preview":"max-image-preview:large","max-video-preview":"max-video-preview:-1"},"canonical":"https:\/\/turismoenzamora.es\/de\/tierra-del-vino\/","og_locale":"zh_CN","og_type":"article","og_title":"Turismo de Zamora , Turismo Sostenible","og_description":"Esta es la p\u00e1gina Oficial de Turismo de Diputaci\u00f3n de Zamora, donde podr\u00e1 encontrar toda la informaci\u00f3n para disfrutar al m\u00e1ximo de nuestra provincia.","og_url":"https:\/\/turismoenzamora.es\/de\/tierra-del-vino\/","og_site_name":"(Espa\u00f1ol) Turismo sostenible. Patronato de Turismo de la Diputaci\u00f3n de Zamora.&quot;Turismo Sostenible&quot;.","article_publisher":"https:\/\/www.facebook.com\/ZamoraSpain\/","article_modified_time":"2020-06-16T10:33:45+00:00","og_image":[{"url":"https:\/\/turismoenzamora.es\/wp-content\/uploads\/2017\/08\/tierra_2-300x293.jpg"}],"twitter_card":"summary_large_image","twitter_site":"@ZamoraSpain","twitter_misc":{"\u9884\u8ba1\u9605\u8bfb\u65f6\u95f4":"10\u5206"},"schema":{"@context":"https:\/\/schema.org","@graph":[{"@type":"WebPage","@id":"https:\/\/turismoenzamora.es\/de\/tierra-del-vino\/","url":"https:\/\/turismoenzamora.es\/de\/tierra-del-vino\/","name":"Turismo de Zamora , Turismo Sostenible","isPartOf":{"@id":"https:\/\/turismoenzamora.es\/pt\/#website"},"primaryImageOfPage":{"@id":"https:\/\/turismoenzamora.es\/de\/tierra-del-vino\/#primaryimage"},"image":{"@id":"https:\/\/turismoenzamora.es\/de\/tierra-del-vino\/#primaryimage"},"thumbnailUrl":"https:\/\/turismoenzamora.es\/wp-content\/uploads\/2017\/08\/tierra_2-300x293.jpg","datePublished":"2017-08-08T10:13:44+00:00","dateModified":"2020-06-16T10:33:45+00:00","description":"Esta es la p\u00e1gina Oficial de Turismo de Diputaci\u00f3n de Zamora, donde podr\u00e1 encontrar toda la informaci\u00f3n para disfrutar al m\u00e1ximo de nuestra provincia.","breadcrumb":{"@id":"https:\/\/turismoenzamora.es\/de\/tierra-del-vino\/#breadcrumb"},"inLanguage":"zh-CN","potentialAction":[{"@type":"ReadAction","target":["https:\/\/turismoenzamora.es\/de\/tierra-del-vino\/"]}]},{"@type":"ImageObject","inLanguage":"zh-CN","@id":"https:\/\/turismoenzamora.es\/de\/tierra-del-vino\/#primaryimage","url":"https:\/\/turismoenzamora.es\/wp-content\/uploads\/2017\/08\/tierra_2-300x293.jpg","contentUrl":"https:\/\/turismoenzamora.es\/wp-content\/uploads\/2017\/08\/tierra_2-300x293.jpg"},{"@type":"BreadcrumbList","@id":"https:\/\/turismoenzamora.es\/de\/tierra-del-vino\/#breadcrumb","itemListElement":[{"@type":"ListItem","position":1,"name":"Portada","item":"https:\/\/turismoenzamora.es\/"},{"@type":"ListItem","position":2,"name":"Tierra del Vino"}]},{"@type":"WebSite","@id":"https:\/\/turismoenzamora.es\/pt\/#website","url":"https:\/\/turismoenzamora.es\/pt\/","name":"Turismo sostenible. Patronato de Turismo de la Diputaci\u00f3n de Zamora.&quot;Turismo Sostenible&quot;.","description":"(Espa\u00f1ol) Turismo sostenible. Patronato de Turismo de la Diputaci\u00f3n de Zamora.&quot;Turismo Sostenible&quot;.","publisher":{"@id":"https:\/\/turismoenzamora.es\/pt\/#organization"},"potentialAction":[{"@type":"SearchAction","target":{"@type":"EntryPoint","urlTemplate":"https:\/\/turismoenzamora.es\/pt\/?s={search_term_string}"},"query-input":"required name=search_term_string"}],"inLanguage":"zh-CN"},{"@type":"Organization","@id":"https:\/\/turismoenzamora.es\/pt\/#organization","name":"Patronato de Turismo de la Diputaci\u00f3n de Zamora","url":"https:\/\/turismoenzamora.es\/pt\/","logo":{"@type":"ImageObject","inLanguage":"zh-CN","@id":"https:\/\/turismoenzamora.es\/pt\/#\/schema\/logo\/image\/","url":"https:\/\/turismoenzamora.es\/wp-content\/uploads\/2018\/06\/ZamoraLogo.png","contentUrl":"https:\/\/turismoenzamora.es\/wp-content\/uploads\/2018\/06\/ZamoraLogo.png","width":1276,"height":290,"caption":"Patronato de Turismo de la Diputaci\u00f3n de Zamora"},"image":{"@id":"https:\/\/turismoenzamora.es\/pt\/#\/schema\/logo\/image\/"},"sameAs":["https:\/\/www.facebook.com\/ZamoraSpain\/","https:\/\/x.com\/ZamoraSpain","https:\/\/www.instagram.com\/turismoenzamora.es\/","https:\/\/www.pinterest.es\/TurismoenZamora\/","https:\/\/www.youtube.com\/channel\/UC2bOyOZ-2cLm-uXlBFYUV9w"]}]}},"_links":{"self":[{"href":"https:\/\/turismoenzamora.es\/zh\/wp-json\/wp\/v2\/pages\/409"}],"collection":[{"href":"https:\/\/turismoenzamora.es\/zh\/wp-json\/wp\/v2\/pages"}],"about":[{"href":"https:\/\/turismoenzamora.es\/zh\/wp-json\/wp\/v2\/types\/page"}],"author":[{"embeddable":true,"href":"https:\/\/turismoenzamora.es\/zh\/wp-json\/wp\/v2\/users\/1"}],"replies":[{"embeddable":true,"href":"https:\/\/turismoenzamora.es\/zh\/wp-json\/wp\/v2\/comments?post=409"}],"version-history":[{"count":0,"href":"https:\/\/turismoenzamora.es\/zh\/wp-json\/wp\/v2\/pages\/409\/revisions"}],"wp:attachment":[{"href":"https:\/\/turismoenzamora.es\/zh\/wp-json\/wp\/v2\/media?parent=409"}],"curies":[{"name":"wp","href":"https:\/\/api.w.org\/{rel}","templated":true}]}}