{"id":407,"date":"2017-08-08T10:13:35","date_gmt":"2017-08-08T10:13:35","guid":{"rendered":"https:\/\/newweb.turismoenzamora.es\/?page_id=407"},"modified":"2020-06-16T10:33:24","modified_gmt":"2020-06-16T10:33:24","slug":"arribes-2","status":"publish","type":"page","link":"https:\/\/turismoenzamora.es\/zh\/arribes-2\/","title":{"rendered":"Arribes"},"content":{"rendered":"<p><\/p>\n<h1>Arribes \u963f\u2fa5\u5351\u65af\u4ea7\u533a<\/h1>\n<p><img fetchpriority=\"high\" decoding=\"async\" class=\"aligncenter size-full wp-image-6932\" src=\"https:\/\/turismoenzamora.es\/wp-content\/uploads\/2017\/08\/Patrimonio-Gastron\u00f3micoarribes.jpg\" alt=\"\" data-id=\"6932\" width=\"900\" height=\"332\" srcset=\"https:\/\/turismoenzamora.es\/wp-content\/uploads\/2017\/08\/Patrimonio-Gastron\u00f3micoarribes.jpg 900w, https:\/\/turismoenzamora.es\/wp-content\/uploads\/2017\/08\/Patrimonio-Gastron\u00f3micoarribes-300x111.jpg 300w, https:\/\/turismoenzamora.es\/wp-content\/uploads\/2017\/08\/Patrimonio-Gastron\u00f3micoarribes-768x283.jpg 768w, https:\/\/turismoenzamora.es\/wp-content\/uploads\/2017\/08\/Patrimonio-Gastron\u00f3micoarribes-132x49.jpg 132w\" sizes=\"(max-width: 900px) 100vw, 900px\" \/><\/p>\n<p>&nbsp;<\/p>\n<p>\u963f\u2fa5\u5351\u65af\u4ea7\u533a\u4f4d\u4e8e\u8428\u62c9\u66fc\u5361\u7701\u548c\u8428\u83ab\u62c9\u7701\u4e4b\u95f4\uff0c \u5b83\u7684DO\u2f17\u5206\u7279\u6b8a\uff0c\u56e0\u4e3a\u5b83\u540c\u65f6\u4e5f\u662f\u2f83\u7136\u4fdd\u62a4 \u533a\uff0c\u540d\u4e3a\uff1a\u963f\u4e3d\u5351\u65af\u00b7\u5fb7\u5c14\u00b7\u675c\u7f57\u2f83\u7136\u516c\u56ed\u3002\uff08el Parque Natural de Arribes del Duero. \uff09 \u8fd9\u2fa5\u6709\u2f24\u7ea6450\u516c\u9877\u5b98\u2f45\u767b\u8bb0\u2f64\u8015\u5730\u3002\u516d\u4e2a\u5f53\u5730 \u7684\u8461\u8404\u9152\u2f1a\u662f\u6709DO\u8d44\u8d28\u4fdd\u62a4\u7684\uff0c\u6240\u4ee5\u8bf7\u2f00\u5b9a\u8981 \u6ce8\u610f\u9152\u74f6\u4e0a\u7cbe\u2f3c\u5236\u4f5c\u7684\u4ea7\u533a\u6807\u7b7e\u5982\uff1a Pino del Oro\uff0c Villadepera\uff0c Villalcampo\uff0c Moral de Sayago\uff0c Badilla\uff0c Fariza\uff0c M\u00e1moles\uff0c Fornillos de Fermoselle\u3002 \u8fd9\u2fa5\u4e45\u8d1f\u76db\u540d\u7684\u80af\u5b9a\u4e0d\u5f97\u4e0d\u8bf4\u9053\u5176\u2f69\u8461\u8404\u9152\uff0c\u6211 \u4eec\u5728\u6b64\u8bf4\u5176\u4e2d\u7684\u4e09\u79cd\uff1a Malvasia \u739b\u5c14\u7ef4\u8428\u9152 \u53e4\u2f7c\u7684\u8461\u8404\u54c1\u79cd\uff0c\u80fd\u917f\u5236\u51fa\u4e2a\u6027\u2f17\u2f9c\uff0c\u9152\u2f12\u5f3a\u52b2 \u7684\u6df1\u2f8a\u2f69\u8461\u8404\u9152\u3002 Verdejo \u7ef4\u5cb1\u8377\uff08\u4e5f\u53eb\u2ed8\u8461\u8404\u9152\uff09 \u559d\u8d77\u4f86\u2f1d\u611f\u8f7b\u76c8\uff0c\u9178\u5ea6\u6e05\u723d\u3001\u65b0\u9c9c\u591a\u6c41\uff0c\u4e14\u5e26\u6709 \u9971\u6ee1\u679c\u2fb9\u3002 albillo \u963f\u2f50\u6d1b \u8fd9\u5f53\u5730\u6700\u539f\u2f63\u7684\u8461\u8404\u54c1\u79cd\u4e4b\u2f00\uff0c\u2f17\u4e94\u4e16\u7eaa\u5f00\u59cb\u6709 \u79cd\u690d\u7684\u75d5\u8ff9\uff0c\u4f46\u2f00\u76f4\u4ee5\u4f86\u5374\u662f\u2ec4\u73ed\u2f5b\u5b88\u5f97\u5f88\u597d\u7684 \u79d8\u5bc6\u54c1\u79cd\uff0c\u76f4\u5230\u6700\u8fd1\u624d\u4e3a\u2f08\u6240\u77e5\u3002\u9152\u4f53\u5747\u5300\uff0c\u2f00 \u4e1d\u5b9c\u2f08\u7684\u9178\u5ea6\u5f88\u662f\u6e05\u723d\u3002 \u4e0a\u2faf\u8fd9\u4e09\u79cd\uff0c\u90fd\u662f\u88ab\u8fd9\u4ea7\u5730\u540d\u4fdd\u62a4\u7684\uff0c\u6216\u662f\u2fae\u5e38 \u9c9c\u4e3a\u79cd\u690d\u7684\u7a00\u5c11\u54c1\u79cd\u3002\u2f50\u5982Bru\u00f1al\uff0c Bastardillo \u548cPuesto en Cruz\u3002 \u4e0e\u6b64\u540c\u65f6\uff0c\u8fd9\u4e2a\u5730\u57df\u4e5f\u76db\u4ea7\u679c\u2fb9\u6e05\u723d\u7684\u65b0\u9152\uff0c\u2f24 \u591a\u65b0\u9152\u4e3a\u7ea2\u8461\u8404\u9152\uff0c\u2f50\u5982\uff0c JuanGarc\u00eda\uff0c Rufete \u548cTempranillovarieties\u3002\u6210\u917f\u548c\u6843\u7ea2\u8461\u8404\u9152\u4e5f\u6709 \u4e0d\u5c11\u3002 \u559c\u6b22\u54c1\u9152\u7684\u2f08\u2f20\uff0c\u5343\u4e07\u4e0d\u8981\u9519\u8fc7\u3002<\/p>\n<p><a href=\"http:\/\/doarribes.es\/\"><img decoding=\"async\" class=\"wp-image-630 size-thumbnail aligncenter\" src=\"https:\/\/turismoenzamora.es\/wp-content\/uploads\/2017\/08\/arribes_2_2-150x150.jpg\" alt=\"\" width=\"150\" height=\"150\"><\/a><\/p>\n<p style=\"text-align: justify;\">&nbsp;<\/p>\n<p><a href=\"http:\/\/doarribes.es\/\" target=\"_blank\" rel=\"noopener noreferrer\">\u5173\u6ce8\u5b98\u2f45\u2f79\u7ad9\uff0c\u5f97\u5230\u66f4\u591a\u4fe1\u606f\u3002<\/a><\/p>\n<p><\/p>","protected":false},"excerpt":{"rendered":"<p>Arribes \u963f\u2fa5\u5351\u65af\u4ea7\u533a &nbsp; \u963f\u2fa5\u5351\u65af\u4ea7\u533a\u4f4d\u4e8e\u8428\u62c9\u66fc\u5361\u7701\u548c\u8428\u83ab\u62c9\u7701\u4e4b\u95f4\uff0c \u5b83\u7684DO\u2f17\u5206\u7279\u6b8a\uff0c\u56e0\u4e3a [&hellip;]<\/p>\n","protected":false},"author":1,"featured_media":0,"parent":0,"menu_order":0,"comment_status":"closed","ping_status":"closed","template":"","meta":{"inline_featured_image":false,"site-sidebar-layout":"default","site-content-layout":"default","ast-site-content-layout":"","site-content-style":"default","site-sidebar-style":"default","ast-global-header-display":"","ast-banner-title-visibility":"","ast-main-header-display":"","ast-hfb-above-header-display":"","ast-hfb-below-header-display":"","ast-hfb-mobile-header-display":"","site-post-title":"disabled","ast-breadcrumbs-content":"","ast-featured-img":"","footer-sml-layout":"","theme-transparent-header-meta":"default","adv-header-id-meta":"","stick-header-meta":"","header-above-stick-meta":"","header-main-stick-meta":"","header-below-stick-meta":"","astra-migrate-meta-layouts":"default","ast-page-background-enabled":"default","ast-page-background-meta":{"desktop":{"background-color":"","background-image":"","background-repeat":"repeat","background-position":"center center","background-size":"auto","background-attachment":"scroll","background-type":"","background-media":"","overlay-type":"","overlay-color":"","overlay-opacity":"","overlay-gradient":""},"tablet":{"background-color":"","background-image":"","background-repeat":"repeat","background-position":"center center","background-size":"auto","background-attachment":"scroll","background-type":"","background-media":"","overlay-type":"","overlay-color":"","overlay-opacity":"","overlay-gradient":""},"mobile":{"background-color":"","background-image":"","background-repeat":"repeat","background-position":"center center","background-size":"auto","background-attachment":"scroll","background-type":"","background-media":"","overlay-type":"","overlay-color":"","overlay-opacity":"","overlay-gradient":""}},"ast-content-background-meta":{"desktop":{"background-color":"var(--ast-global-color-5)","background-image":"","background-repeat":"repeat","background-position":"center center","background-size":"auto","background-attachment":"scroll","background-type":"","background-media":"","overlay-type":"","overlay-color":"","overlay-opacity":"","overlay-gradient":""},"tablet":{"background-color":"var(--ast-global-color-5)","background-image":"","background-repeat":"repeat","background-position":"center center","background-size":"auto","background-attachment":"scroll","background-type":"","background-media":"","overlay-type":"","overlay-color":"","overlay-opacity":"","overlay-gradient":""},"mobile":{"background-color":"var(--ast-global-color-5)","background-image":"","background-repeat":"repeat","background-position":"center center","background-size":"auto","background-attachment":"scroll","background-type":"","background-media":"","overlay-type":"","overlay-color":"","overlay-opacity":"","overlay-gradient":""}},"ngg_post_thumbnail":0,"footnotes":""},"yoast_head":"<!-- This site is optimized with the Yoast SEO plugin v23.0 - https:\/\/yoast.com\/wordpress\/plugins\/seo\/ -->\n<title>Turismo de Zamora , Turismo Sostenible<\/title>\n<meta name=\"description\" content=\"Esta es la p\u00e1gina Oficial de Turismo de Diputaci\u00f3n de Zamora, donde podr\u00e1 encontrar toda la informaci\u00f3n para disfrutar al m\u00e1ximo de nuestra provincia.\" \/>\n<meta name=\"robots\" content=\"index, follow, max-snippet:-1, max-image-preview:large, max-video-preview:-1\" \/>\n<link rel=\"canonical\" href=\"https:\/\/turismoenzamora.es\/arribes-2\/\" \/>\n<meta property=\"og:locale\" content=\"zh_CN\" \/>\n<meta property=\"og:type\" content=\"article\" \/>\n<meta property=\"og:title\" content=\"Turismo de Zamora , Turismo Sostenible\" \/>\n<meta property=\"og:description\" content=\"Esta es la p\u00e1gina Oficial de Turismo de Diputaci\u00f3n de Zamora, donde podr\u00e1 encontrar toda la informaci\u00f3n para disfrutar al m\u00e1ximo de nuestra provincia.\" \/>\n<meta property=\"og:url\" content=\"https:\/\/turismoenzamora.es\/arribes-2\/\" \/>\n<meta property=\"og:site_name\" content=\"(Espa\u00f1ol) Turismo sostenible. Patronato de Turismo de la Diputaci\u00f3n de Zamora.&quot;Turismo Sostenible&quot;.\" \/>\n<meta property=\"article:publisher\" content=\"https:\/\/www.facebook.com\/ZamoraSpain\/\" \/>\n<meta property=\"article:modified_time\" content=\"2020-06-16T10:33:24+00:00\" \/>\n<meta property=\"og:image\" content=\"https:\/\/turismoenzamora.es\/wp-content\/uploads\/2017\/08\/arribes_2_2-150x150.jpg\" \/>\n<meta name=\"twitter:card\" content=\"summary_large_image\" \/>\n<meta name=\"twitter:site\" content=\"@ZamoraSpain\" \/>\n<meta name=\"twitter:label1\" content=\"\u9884\u8ba1\u9605\u8bfb\u65f6\u95f4\" \/>\n\t<meta name=\"twitter:data1\" content=\"8\u5206\" \/>\n<script type=\"application\/ld+json\" class=\"yoast-schema-graph\">{\"@context\":\"https:\/\/schema.org\",\"@graph\":[{\"@type\":\"WebPage\",\"@id\":\"https:\/\/turismoenzamora.es\/arribes-2\/\",\"url\":\"https:\/\/turismoenzamora.es\/arribes-2\/\",\"name\":\"Turismo de Zamora , Turismo Sostenible\",\"isPartOf\":{\"@id\":\"https:\/\/turismoenzamora.es\/pt\/#website\"},\"primaryImageOfPage\":{\"@id\":\"https:\/\/turismoenzamora.es\/arribes-2\/#primaryimage\"},\"image\":{\"@id\":\"https:\/\/turismoenzamora.es\/arribes-2\/#primaryimage\"},\"thumbnailUrl\":\"https:\/\/turismoenzamora.es\/wp-content\/uploads\/2017\/08\/arribes_2_2-150x150.jpg\",\"datePublished\":\"2017-08-08T10:13:35+00:00\",\"dateModified\":\"2020-06-16T10:33:24+00:00\",\"description\":\"Esta es la p\u00e1gina Oficial de Turismo de Diputaci\u00f3n de Zamora, donde podr\u00e1 encontrar toda la informaci\u00f3n para disfrutar al m\u00e1ximo de nuestra provincia.\",\"breadcrumb\":{\"@id\":\"https:\/\/turismoenzamora.es\/arribes-2\/#breadcrumb\"},\"inLanguage\":\"zh-CN\",\"potentialAction\":[{\"@type\":\"ReadAction\",\"target\":[\"https:\/\/turismoenzamora.es\/arribes-2\/\"]}]},{\"@type\":\"ImageObject\",\"inLanguage\":\"zh-CN\",\"@id\":\"https:\/\/turismoenzamora.es\/arribes-2\/#primaryimage\",\"url\":\"https:\/\/turismoenzamora.es\/wp-content\/uploads\/2017\/08\/arribes_2_2-150x150.jpg\",\"contentUrl\":\"https:\/\/turismoenzamora.es\/wp-content\/uploads\/2017\/08\/arribes_2_2-150x150.jpg\"},{\"@type\":\"BreadcrumbList\",\"@id\":\"https:\/\/turismoenzamora.es\/arribes-2\/#breadcrumb\",\"itemListElement\":[{\"@type\":\"ListItem\",\"position\":1,\"name\":\"Portada\",\"item\":\"https:\/\/turismoenzamora.es\/\"},{\"@type\":\"ListItem\",\"position\":2,\"name\":\"Arribes\"}]},{\"@type\":\"WebSite\",\"@id\":\"https:\/\/turismoenzamora.es\/pt\/#website\",\"url\":\"https:\/\/turismoenzamora.es\/pt\/\",\"name\":\"Turismo sostenible. Patronato de Turismo de la Diputaci\u00f3n de Zamora.&quot;Turismo Sostenible&quot;.\",\"description\":\"(Espa\u00f1ol) Turismo sostenible. Patronato de Turismo de la Diputaci\u00f3n de Zamora.&quot;Turismo Sostenible&quot;.\",\"publisher\":{\"@id\":\"https:\/\/turismoenzamora.es\/pt\/#organization\"},\"potentialAction\":[{\"@type\":\"SearchAction\",\"target\":{\"@type\":\"EntryPoint\",\"urlTemplate\":\"https:\/\/turismoenzamora.es\/pt\/?s={search_term_string}\"},\"query-input\":\"required name=search_term_string\"}],\"inLanguage\":\"zh-CN\"},{\"@type\":\"Organization\",\"@id\":\"https:\/\/turismoenzamora.es\/pt\/#organization\",\"name\":\"Patronato de Turismo de la Diputaci\u00f3n de Zamora\",\"url\":\"https:\/\/turismoenzamora.es\/pt\/\",\"logo\":{\"@type\":\"ImageObject\",\"inLanguage\":\"zh-CN\",\"@id\":\"https:\/\/turismoenzamora.es\/pt\/#\/schema\/logo\/image\/\",\"url\":\"https:\/\/turismoenzamora.es\/wp-content\/uploads\/2018\/06\/ZamoraLogo.png\",\"contentUrl\":\"https:\/\/turismoenzamora.es\/wp-content\/uploads\/2018\/06\/ZamoraLogo.png\",\"width\":1276,\"height\":290,\"caption\":\"Patronato de Turismo de la Diputaci\u00f3n de Zamora\"},\"image\":{\"@id\":\"https:\/\/turismoenzamora.es\/pt\/#\/schema\/logo\/image\/\"},\"sameAs\":[\"https:\/\/www.facebook.com\/ZamoraSpain\/\",\"https:\/\/x.com\/ZamoraSpain\",\"https:\/\/www.instagram.com\/turismoenzamora.es\/\",\"https:\/\/www.pinterest.es\/TurismoenZamora\/\",\"https:\/\/www.youtube.com\/channel\/UC2bOyOZ-2cLm-uXlBFYUV9w\"]}]}<\/script>\n<!-- \/ Yoast SEO plugin. -->","yoast_head_json":{"title":"Turismo de Zamora , Turismo Sostenible","description":"Esta es la p\u00e1gina Oficial de Turismo de Diputaci\u00f3n de Zamora, donde podr\u00e1 encontrar toda la informaci\u00f3n para disfrutar al m\u00e1ximo de nuestra provincia.","robots":{"index":"index","follow":"follow","max-snippet":"max-snippet:-1","max-image-preview":"max-image-preview:large","max-video-preview":"max-video-preview:-1"},"canonical":"https:\/\/turismoenzamora.es\/arribes-2\/","og_locale":"zh_CN","og_type":"article","og_title":"Turismo de Zamora , Turismo Sostenible","og_description":"Esta es la p\u00e1gina Oficial de Turismo de Diputaci\u00f3n de Zamora, donde podr\u00e1 encontrar toda la informaci\u00f3n para disfrutar al m\u00e1ximo de nuestra provincia.","og_url":"https:\/\/turismoenzamora.es\/arribes-2\/","og_site_name":"(Espa\u00f1ol) Turismo sostenible. Patronato de Turismo de la Diputaci\u00f3n de Zamora.&quot;Turismo Sostenible&quot;.","article_publisher":"https:\/\/www.facebook.com\/ZamoraSpain\/","article_modified_time":"2020-06-16T10:33:24+00:00","og_image":[{"url":"https:\/\/turismoenzamora.es\/wp-content\/uploads\/2017\/08\/arribes_2_2-150x150.jpg"}],"twitter_card":"summary_large_image","twitter_site":"@ZamoraSpain","twitter_misc":{"\u9884\u8ba1\u9605\u8bfb\u65f6\u95f4":"8\u5206"},"schema":{"@context":"https:\/\/schema.org","@graph":[{"@type":"WebPage","@id":"https:\/\/turismoenzamora.es\/arribes-2\/","url":"https:\/\/turismoenzamora.es\/arribes-2\/","name":"Turismo de Zamora , Turismo Sostenible","isPartOf":{"@id":"https:\/\/turismoenzamora.es\/pt\/#website"},"primaryImageOfPage":{"@id":"https:\/\/turismoenzamora.es\/arribes-2\/#primaryimage"},"image":{"@id":"https:\/\/turismoenzamora.es\/arribes-2\/#primaryimage"},"thumbnailUrl":"https:\/\/turismoenzamora.es\/wp-content\/uploads\/2017\/08\/arribes_2_2-150x150.jpg","datePublished":"2017-08-08T10:13:35+00:00","dateModified":"2020-06-16T10:33:24+00:00","description":"Esta es la p\u00e1gina Oficial de Turismo de Diputaci\u00f3n de Zamora, donde podr\u00e1 encontrar toda la informaci\u00f3n para disfrutar al m\u00e1ximo de nuestra provincia.","breadcrumb":{"@id":"https:\/\/turismoenzamora.es\/arribes-2\/#breadcrumb"},"inLanguage":"zh-CN","potentialAction":[{"@type":"ReadAction","target":["https:\/\/turismoenzamora.es\/arribes-2\/"]}]},{"@type":"ImageObject","inLanguage":"zh-CN","@id":"https:\/\/turismoenzamora.es\/arribes-2\/#primaryimage","url":"https:\/\/turismoenzamora.es\/wp-content\/uploads\/2017\/08\/arribes_2_2-150x150.jpg","contentUrl":"https:\/\/turismoenzamora.es\/wp-content\/uploads\/2017\/08\/arribes_2_2-150x150.jpg"},{"@type":"BreadcrumbList","@id":"https:\/\/turismoenzamora.es\/arribes-2\/#breadcrumb","itemListElement":[{"@type":"ListItem","position":1,"name":"Portada","item":"https:\/\/turismoenzamora.es\/"},{"@type":"ListItem","position":2,"name":"Arribes"}]},{"@type":"WebSite","@id":"https:\/\/turismoenzamora.es\/pt\/#website","url":"https:\/\/turismoenzamora.es\/pt\/","name":"Turismo sostenible. Patronato de Turismo de la Diputaci\u00f3n de Zamora.&quot;Turismo Sostenible&quot;.","description":"(Espa\u00f1ol) Turismo sostenible. Patronato de Turismo de la Diputaci\u00f3n de Zamora.&quot;Turismo Sostenible&quot;.","publisher":{"@id":"https:\/\/turismoenzamora.es\/pt\/#organization"},"potentialAction":[{"@type":"SearchAction","target":{"@type":"EntryPoint","urlTemplate":"https:\/\/turismoenzamora.es\/pt\/?s={search_term_string}"},"query-input":"required name=search_term_string"}],"inLanguage":"zh-CN"},{"@type":"Organization","@id":"https:\/\/turismoenzamora.es\/pt\/#organization","name":"Patronato de Turismo de la Diputaci\u00f3n de Zamora","url":"https:\/\/turismoenzamora.es\/pt\/","logo":{"@type":"ImageObject","inLanguage":"zh-CN","@id":"https:\/\/turismoenzamora.es\/pt\/#\/schema\/logo\/image\/","url":"https:\/\/turismoenzamora.es\/wp-content\/uploads\/2018\/06\/ZamoraLogo.png","contentUrl":"https:\/\/turismoenzamora.es\/wp-content\/uploads\/2018\/06\/ZamoraLogo.png","width":1276,"height":290,"caption":"Patronato de Turismo de la Diputaci\u00f3n de Zamora"},"image":{"@id":"https:\/\/turismoenzamora.es\/pt\/#\/schema\/logo\/image\/"},"sameAs":["https:\/\/www.facebook.com\/ZamoraSpain\/","https:\/\/x.com\/ZamoraSpain","https:\/\/www.instagram.com\/turismoenzamora.es\/","https:\/\/www.pinterest.es\/TurismoenZamora\/","https:\/\/www.youtube.com\/channel\/UC2bOyOZ-2cLm-uXlBFYUV9w"]}]}},"_links":{"self":[{"href":"https:\/\/turismoenzamora.es\/zh\/wp-json\/wp\/v2\/pages\/407"}],"collection":[{"href":"https:\/\/turismoenzamora.es\/zh\/wp-json\/wp\/v2\/pages"}],"about":[{"href":"https:\/\/turismoenzamora.es\/zh\/wp-json\/wp\/v2\/types\/page"}],"author":[{"embeddable":true,"href":"https:\/\/turismoenzamora.es\/zh\/wp-json\/wp\/v2\/users\/1"}],"replies":[{"embeddable":true,"href":"https:\/\/turismoenzamora.es\/zh\/wp-json\/wp\/v2\/comments?post=407"}],"version-history":[{"count":0,"href":"https:\/\/turismoenzamora.es\/zh\/wp-json\/wp\/v2\/pages\/407\/revisions"}],"wp:attachment":[{"href":"https:\/\/turismoenzamora.es\/zh\/wp-json\/wp\/v2\/media?parent=407"}],"curies":[{"name":"wp","href":"https:\/\/api.w.org\/{rel}","templated":true}]}}