{"id":405,"date":"2017-08-08T10:13:28","date_gmt":"2017-08-08T10:13:28","guid":{"rendered":"https:\/\/newweb.turismoenzamora.es\/?page_id=405"},"modified":"2020-06-16T10:32:55","modified_gmt":"2020-06-16T10:32:55","slug":"toro-2","status":"publish","type":"page","link":"https:\/\/turismoenzamora.es\/zh\/toro-2\/","title":{"rendered":"Toro"},"content":{"rendered":"<p><\/p>\n<h1 class=\"title\">Toro \u6258\u7f57<\/h1>\n<p><img fetchpriority=\"high\" decoding=\"async\" class=\"aligncenter size-full wp-image-6930\" src=\"https:\/\/turismoenzamora.es\/wp-content\/uploads\/2017\/08\/Patrimonio-gastron\u00f3micotoro.jpg\" alt=\"\" data-id=\"6930\" width=\"900\" height=\"500\" srcset=\"https:\/\/turismoenzamora.es\/wp-content\/uploads\/2017\/08\/Patrimonio-gastron\u00f3micotoro.jpg 900w, https:\/\/turismoenzamora.es\/wp-content\/uploads\/2017\/08\/Patrimonio-gastron\u00f3micotoro-300x167.jpg 300w, https:\/\/turismoenzamora.es\/wp-content\/uploads\/2017\/08\/Patrimonio-gastron\u00f3micotoro-768x427.jpg 768w\" sizes=\"(max-width: 900px) 100vw, 900px\" \/><\/p>\n<p>&nbsp;<\/p>\n<p>\u5728\u8428\u83ab\u62c9\u57ce\u4e0e\u5df4\u5229\u4e9a\u591a\u5229\u5fb7\u57ce\u4ea4\u6c47\u5904\uff0c\u662f\u6258<br \/>\n\u7f57\u7684\u8461\u8404\u9152\u917f\u9020\u5730\u533a\u3002\u5f53\u5e74\u7f57\u2ee2\u519b\u961f\u5c06\u6258\u7f57<br \/>\n\u5e02\u4f5c\u4e3a\u51fb\u8d25\u574e\u5854\u5e03\u2fa5\u4e9a\u2f08\u548c\u963f\u65af\u56fe\u2fa5\u4e9a\u2f08\u7684<br \/>\n\u57fa\u5730\u65f6\uff0c\u968f\u7740\u6218\u4e89\u2f00\u540c\u53d1\u9175\u7684\u662f\u8fd9\u2fa5\u7684\u8461<br \/>\n\u8404\u3002<br \/>\nToro DO \u4e8e1987\u5e74\u6b63\u5f0f\u8ba4\u8bc1\uff0c\u662fTierra del<br \/>\nVino\uff08\u2ec4\u73ed\u2f5b\u7ea2\u9152\u4ea7\u533a\uff09\uff0c ValledelGuare\u00f1a<br \/>\n\u548cTierra de Toro\u2f83\u7136\u533a\u57df\u7684\u2f00\u90e8\u5206\uff0c\u6bd7\u90bb<br \/>\nTierra del Pan\u548cTierra de Campos\u3002 \u8be5\u5730<br \/>\n\u533a\u5360\u573060000\u516c\u9877\uff0c\u5176\u4e2d5800\u516c\u9877\u7684\u2f1f\u5730\uff0c<br \/>\n\u90fd\u81f4\u2f12\u4e8e\u79cd\u690d\u8461\u8404\uff0c\u8fd9\u4e5f\u6210\u5c31\u4e86\u5f53\u5730\u522b\u81f4\u7684<br \/>\n\u2edb\u666f\u7ebf\uff1a\u2f00\u671b\u2f46\u9645\u7684\u65f1\u5730\u8461\u8404\u2f65\u3002<\/p>\n<p><img decoding=\"async\" class=\"alignleft wp-image-7297 size-full\" src=\"https:\/\/turismoenzamora.es\/wp-content\/uploads\/2017\/08\/dotoro.jpg\" alt=\"toro\" data-id=\"7297\" width=\"193\" height=\"507\" srcset=\"https:\/\/turismoenzamora.es\/wp-content\/uploads\/2017\/08\/dotoro.jpg 193w, https:\/\/turismoenzamora.es\/wp-content\/uploads\/2017\/08\/dotoro-114x300.jpg 114w\" sizes=\"(max-width: 193px) 100vw, 193px\" \/>\u8be5\u5730\u533a\u5305\u62ec\u5df4\u5229\u4e9a\u591a\u5229\u5fb7\u7701\u7684\u4e09\u4e2a\u57ce\u5e02\u548c\u2f17<br \/>\n\u2f06\u4e2a\u8428\u83ab\u62c9\u7701\u7684\u57ce\u5e02\uff0c\u5176\u4e2d\u5305\u62ec\u4e09\u4e2a\u8461\u8404\u9152<br \/>\n\u2f1a\uff0c 11\u4e2a\u9152\u5e84\u3002 \u9664\u6258\u7f57\u5e02\u5916\uff0c\u8fd9\u4e2aDO\u4ea7\u533a<br \/>\n\u7684\u8428\u83ab\u62c9\u90e8\u5206\u8fd8\u5305\u62ecArgujillo\uff0c<br \/>\nB\u00f3vedadeToro\uff0c Morales de Toro\uff0c El<br \/>\nPego\uff0c Peleagonzalo\uff0c ElPi\u00f1ero\uff0c San<br \/>\nMiguel de la Ribera\uff0c Sanzoles\uff0c<br \/>\nValdefinjas\uff0c Venialbo\u548cVillabuena del<br \/>\nPuente\u3002<br \/>\nToro\u6258\u7f57\u51ac\u5b63\u2f17\u5206\u5bd2\u51b7\uff0c\u518d\u52a0\u4e0a\u708e\u70ed\u7684\u590f<br \/>\n\u5b63\uff0c\u5728\u5168\u5e74\u2f46\u6570\u2f29\u65f6\u7684\u9633\u5149\u6c90\u6d74\u4e0b\uff0c\u4f18\u8d28\u8461<br \/>\n\u8404\u2f83\u7136\u2f63\u2ed3\uff0c\u7279\u522b\u662f\u5f53\u5730\u54c1\u79cdTinta de Toro<br \/>\n\u6258\u7f57\u7d2b\u7ea2\u8461\u8404\u3002<br \/>\n\u9664\u4e86\u4e3b\u8981\u54c1\u79cd\uff0c\u8fd9\u2fa5\u4e5f\u4ea7\u6b4c\u6d77\u5a1c\u3002 \u5728\u2f69\u8461<br \/>\n\u8404\u9152\u4e2d\uff0c\u8981\u6570\u2ed8\u8461\u8404\u9152\u7ef4\u5cb1\u8377\u7684Verdejo\u548c<br \/>\n\u739b\u5c14\u7ef4\u8428\u9152\u7684Malvas\u00eda\u4e3a\u4e3b\u2ec6\u3002<br \/>\n\u5728\u8be5\u5730\u533a\u4eab\u6709\u76db\u8a89\u7684\u8461\u8404\u9152\u4e2d\uff0c\u4e0d\u4f46\u6709\u5e74\u8f7b<br \/>\n\u7684\u6a61\u2f4a\u7ea2\u8461\u8404\u9152\uff0c\u2f7d\u4e14\u4e5f\u4e0d\u4e4f\u9648\u5e74\u8461\u8404\u9152\u3002<br \/>\n\u7cbe\u2f3c\u5236\u4f5c\u7684\u8fc7\u7a0b\u2f84\u5c11\u53d1\u917512\u4e2a\u2f49\uff0c\u7279\u7ea7\u73cd\u85cf<br \/>\n\u5219\u2f84\u5c1124\u4e2a\u2f49\u3002 \u63a5\u4e0b\u6765\u50a8\u5907\u8461\u8404\u9152\u2f84\u5c11\u4e5f<br \/>\n\u8981\u4e94\u5e74\u7684\u65f6\u5149\uff0c\u2f00\u5207\u54c1\u8d28\u4e3a\u4f18\u3002<br \/>\n\u4e8e\u6b64\u540c\u65f6\uff0c\u8fd9\u2fa5\u4e5f\u4ea7\u6843\u7ea2\u8461\u8404\u9152\u3002\u2f46\u8bba\u662f\u767e<br \/>\n\u59d3\u9910\u684c\u8fd8\u662f\u7687\u5ba4\u5fa1\u2f64\uff0c\u8fd9\u2fa5\u90fd\u80fd\u7531\u4ee4\u2f08\u611f\u52a8<br \/>\n\u7684\u5355\u5b81\u4f20\u8fbe\u51fa\u6765\uff0c\u2fb9\u5473\u56db\u6ea2\uff0c\u679c\u2fb9\u6ee1\u676f\u3002<\/p>\n<h6><a href=\"https:\/\/www.dotoro.com\/es\/\" target=\"_blank\" rel=\"noopener noreferrer\">\u5173\u6ce8\u5b98\u2f45\u2f79\u7ad9\uff0c\u5f97\u5230\u66f4\u591a\u4fe1\u606f<\/a><\/h6>\n<p><\/p>","protected":false},"excerpt":{"rendered":"<p>Toro \u6258\u7f57 &nbsp; \u5728\u8428\u83ab\u62c9\u57ce\u4e0e\u5df4\u5229\u4e9a\u591a\u5229\u5fb7\u57ce\u4ea4\u6c47\u5904\uff0c\u662f\u6258 \u7f57\u7684\u8461\u8404\u9152\u917f\u9020\u5730\u533a\u3002\u5f53\u5e74\u7f57\u2ee2\u519b\u961f\u5c06\u6258\u7f57  [&hellip;]<\/p>\n","protected":false},"author":1,"featured_media":0,"parent":0,"menu_order":0,"comment_status":"closed","ping_status":"closed","template":"","meta":{"inline_featured_image":false,"site-sidebar-layout":"default","site-content-layout":"default","ast-site-content-layout":"","site-content-style":"default","site-sidebar-style":"default","ast-global-header-display":"","ast-banner-title-visibility":"","ast-main-header-display":"","ast-hfb-above-header-display":"","ast-hfb-below-header-display":"","ast-hfb-mobile-header-display":"","site-post-title":"disabled","ast-breadcrumbs-content":"","ast-featured-img":"","footer-sml-layout":"","theme-transparent-header-meta":"default","adv-header-id-meta":"","stick-header-meta":"","header-above-stick-meta":"","header-main-stick-meta":"","header-below-stick-meta":"","astra-migrate-meta-layouts":"default","ast-page-background-enabled":"default","ast-page-background-meta":{"desktop":{"background-color":"","background-image":"","background-repeat":"repeat","background-position":"center center","background-size":"auto","background-attachment":"scroll","background-type":"","background-media":"","overlay-type":"","overlay-color":"","overlay-opacity":"","overlay-gradient":""},"tablet":{"background-color":"","background-image":"","background-repeat":"repeat","background-position":"center center","background-size":"auto","background-attachment":"scroll","background-type":"","background-media":"","overlay-type":"","overlay-color":"","overlay-opacity":"","overlay-gradient":""},"mobile":{"background-color":"","background-image":"","background-repeat":"repeat","background-position":"center center","background-size":"auto","background-attachment":"scroll","background-type":"","background-media":"","overlay-type":"","overlay-color":"","overlay-opacity":"","overlay-gradient":""}},"ast-content-background-meta":{"desktop":{"background-color":"var(--ast-global-color-5)","background-image":"","background-repeat":"repeat","background-position":"center center","background-size":"auto","background-attachment":"scroll","background-type":"","background-media":"","overlay-type":"","overlay-color":"","overlay-opacity":"","overlay-gradient":""},"tablet":{"background-color":"var(--ast-global-color-5)","background-image":"","background-repeat":"repeat","background-position":"center center","background-size":"auto","background-attachment":"scroll","background-type":"","background-media":"","overlay-type":"","overlay-color":"","overlay-opacity":"","overlay-gradient":""},"mobile":{"background-color":"var(--ast-global-color-5)","background-image":"","background-repeat":"repeat","background-position":"center center","background-size":"auto","background-attachment":"scroll","background-type":"","background-media":"","overlay-type":"","overlay-color":"","overlay-opacity":"","overlay-gradient":""}},"ngg_post_thumbnail":0,"footnotes":""},"yoast_head":"<!-- This site is optimized with the Yoast SEO plugin v23.0 - https:\/\/yoast.com\/wordpress\/plugins\/seo\/ -->\n<title>Turismo de Zamora , Turismo Sostenible<\/title>\n<meta name=\"description\" content=\"Esta es la p\u00e1gina Oficial de Turismo de Diputaci\u00f3n de Zamora, donde podr\u00e1 encontrar toda la informaci\u00f3n para disfrutar al m\u00e1ximo de nuestra provincia.\" \/>\n<meta name=\"robots\" content=\"index, follow, max-snippet:-1, max-image-preview:large, max-video-preview:-1\" \/>\n<link rel=\"canonical\" href=\"https:\/\/turismoenzamora.es\/fr\/toro-2\/\" \/>\n<meta property=\"og:locale\" content=\"zh_CN\" \/>\n<meta property=\"og:type\" content=\"article\" \/>\n<meta property=\"og:title\" content=\"Turismo de Zamora , Turismo Sostenible\" \/>\n<meta property=\"og:description\" content=\"Esta es la p\u00e1gina Oficial de Turismo de Diputaci\u00f3n de Zamora, donde podr\u00e1 encontrar toda la informaci\u00f3n para disfrutar al m\u00e1ximo de nuestra provincia.\" \/>\n<meta property=\"og:url\" content=\"https:\/\/turismoenzamora.es\/fr\/toro-2\/\" \/>\n<meta property=\"og:site_name\" content=\"(Espa\u00f1ol) Turismo sostenible. Patronato de Turismo de la Diputaci\u00f3n de Zamora.&quot;Turismo Sostenible&quot;.\" \/>\n<meta property=\"article:publisher\" content=\"https:\/\/www.facebook.com\/ZamoraSpain\/\" \/>\n<meta property=\"article:modified_time\" content=\"2020-06-16T10:32:55+00:00\" \/>\n<meta property=\"og:image\" content=\"https:\/\/turismoenzamora.es\/wp-content\/uploads\/2017\/08\/dotoro.jpg\" \/>\n<meta name=\"twitter:card\" content=\"summary_large_image\" \/>\n<meta name=\"twitter:site\" content=\"@ZamoraSpain\" \/>\n<meta name=\"twitter:label1\" content=\"\u9884\u8ba1\u9605\u8bfb\u65f6\u95f4\" \/>\n\t<meta name=\"twitter:data1\" content=\"9\u5206\" \/>\n<script type=\"application\/ld+json\" class=\"yoast-schema-graph\">{\"@context\":\"https:\/\/schema.org\",\"@graph\":[{\"@type\":\"WebPage\",\"@id\":\"https:\/\/turismoenzamora.es\/fr\/toro-2\/\",\"url\":\"https:\/\/turismoenzamora.es\/fr\/toro-2\/\",\"name\":\"Turismo de Zamora , Turismo Sostenible\",\"isPartOf\":{\"@id\":\"https:\/\/turismoenzamora.es\/pt\/#website\"},\"primaryImageOfPage\":{\"@id\":\"https:\/\/turismoenzamora.es\/fr\/toro-2\/#primaryimage\"},\"image\":{\"@id\":\"https:\/\/turismoenzamora.es\/fr\/toro-2\/#primaryimage\"},\"thumbnailUrl\":\"https:\/\/turismoenzamora.es\/wp-content\/uploads\/2017\/08\/dotoro.jpg\",\"datePublished\":\"2017-08-08T10:13:28+00:00\",\"dateModified\":\"2020-06-16T10:32:55+00:00\",\"description\":\"Esta es la p\u00e1gina Oficial de Turismo de Diputaci\u00f3n de Zamora, donde podr\u00e1 encontrar toda la informaci\u00f3n para disfrutar al m\u00e1ximo de nuestra provincia.\",\"breadcrumb\":{\"@id\":\"https:\/\/turismoenzamora.es\/fr\/toro-2\/#breadcrumb\"},\"inLanguage\":\"zh-CN\",\"potentialAction\":[{\"@type\":\"ReadAction\",\"target\":[\"https:\/\/turismoenzamora.es\/fr\/toro-2\/\"]}]},{\"@type\":\"ImageObject\",\"inLanguage\":\"zh-CN\",\"@id\":\"https:\/\/turismoenzamora.es\/fr\/toro-2\/#primaryimage\",\"url\":\"https:\/\/turismoenzamora.es\/wp-content\/uploads\/2017\/08\/dotoro.jpg\",\"contentUrl\":\"https:\/\/turismoenzamora.es\/wp-content\/uploads\/2017\/08\/dotoro.jpg\"},{\"@type\":\"BreadcrumbList\",\"@id\":\"https:\/\/turismoenzamora.es\/fr\/toro-2\/#breadcrumb\",\"itemListElement\":[{\"@type\":\"ListItem\",\"position\":1,\"name\":\"Portada\",\"item\":\"https:\/\/turismoenzamora.es\/\"},{\"@type\":\"ListItem\",\"position\":2,\"name\":\"Toro\"}]},{\"@type\":\"WebSite\",\"@id\":\"https:\/\/turismoenzamora.es\/pt\/#website\",\"url\":\"https:\/\/turismoenzamora.es\/pt\/\",\"name\":\"Turismo sostenible. Patronato de Turismo de la Diputaci\u00f3n de Zamora.&quot;Turismo Sostenible&quot;.\",\"description\":\"(Espa\u00f1ol) Turismo sostenible. Patronato de Turismo de la Diputaci\u00f3n de Zamora.&quot;Turismo Sostenible&quot;.\",\"publisher\":{\"@id\":\"https:\/\/turismoenzamora.es\/pt\/#organization\"},\"potentialAction\":[{\"@type\":\"SearchAction\",\"target\":{\"@type\":\"EntryPoint\",\"urlTemplate\":\"https:\/\/turismoenzamora.es\/pt\/?s={search_term_string}\"},\"query-input\":\"required name=search_term_string\"}],\"inLanguage\":\"zh-CN\"},{\"@type\":\"Organization\",\"@id\":\"https:\/\/turismoenzamora.es\/pt\/#organization\",\"name\":\"Patronato de Turismo de la Diputaci\u00f3n de Zamora\",\"url\":\"https:\/\/turismoenzamora.es\/pt\/\",\"logo\":{\"@type\":\"ImageObject\",\"inLanguage\":\"zh-CN\",\"@id\":\"https:\/\/turismoenzamora.es\/pt\/#\/schema\/logo\/image\/\",\"url\":\"https:\/\/turismoenzamora.es\/wp-content\/uploads\/2018\/06\/ZamoraLogo.png\",\"contentUrl\":\"https:\/\/turismoenzamora.es\/wp-content\/uploads\/2018\/06\/ZamoraLogo.png\",\"width\":1276,\"height\":290,\"caption\":\"Patronato de Turismo de la Diputaci\u00f3n de Zamora\"},\"image\":{\"@id\":\"https:\/\/turismoenzamora.es\/pt\/#\/schema\/logo\/image\/\"},\"sameAs\":[\"https:\/\/www.facebook.com\/ZamoraSpain\/\",\"https:\/\/x.com\/ZamoraSpain\",\"https:\/\/www.instagram.com\/turismoenzamora.es\/\",\"https:\/\/www.pinterest.es\/TurismoenZamora\/\",\"https:\/\/www.youtube.com\/channel\/UC2bOyOZ-2cLm-uXlBFYUV9w\"]}]}<\/script>\n<!-- \/ Yoast SEO plugin. -->","yoast_head_json":{"title":"Turismo de Zamora , Turismo Sostenible","description":"Esta es la p\u00e1gina Oficial de Turismo de Diputaci\u00f3n de Zamora, donde podr\u00e1 encontrar toda la informaci\u00f3n para disfrutar al m\u00e1ximo de nuestra provincia.","robots":{"index":"index","follow":"follow","max-snippet":"max-snippet:-1","max-image-preview":"max-image-preview:large","max-video-preview":"max-video-preview:-1"},"canonical":"https:\/\/turismoenzamora.es\/fr\/toro-2\/","og_locale":"zh_CN","og_type":"article","og_title":"Turismo de Zamora , Turismo Sostenible","og_description":"Esta es la p\u00e1gina Oficial de Turismo de Diputaci\u00f3n de Zamora, donde podr\u00e1 encontrar toda la informaci\u00f3n para disfrutar al m\u00e1ximo de nuestra provincia.","og_url":"https:\/\/turismoenzamora.es\/fr\/toro-2\/","og_site_name":"(Espa\u00f1ol) Turismo sostenible. Patronato de Turismo de la Diputaci\u00f3n de Zamora.&quot;Turismo Sostenible&quot;.","article_publisher":"https:\/\/www.facebook.com\/ZamoraSpain\/","article_modified_time":"2020-06-16T10:32:55+00:00","og_image":[{"url":"https:\/\/turismoenzamora.es\/wp-content\/uploads\/2017\/08\/dotoro.jpg"}],"twitter_card":"summary_large_image","twitter_site":"@ZamoraSpain","twitter_misc":{"\u9884\u8ba1\u9605\u8bfb\u65f6\u95f4":"9\u5206"},"schema":{"@context":"https:\/\/schema.org","@graph":[{"@type":"WebPage","@id":"https:\/\/turismoenzamora.es\/fr\/toro-2\/","url":"https:\/\/turismoenzamora.es\/fr\/toro-2\/","name":"Turismo de Zamora , Turismo Sostenible","isPartOf":{"@id":"https:\/\/turismoenzamora.es\/pt\/#website"},"primaryImageOfPage":{"@id":"https:\/\/turismoenzamora.es\/fr\/toro-2\/#primaryimage"},"image":{"@id":"https:\/\/turismoenzamora.es\/fr\/toro-2\/#primaryimage"},"thumbnailUrl":"https:\/\/turismoenzamora.es\/wp-content\/uploads\/2017\/08\/dotoro.jpg","datePublished":"2017-08-08T10:13:28+00:00","dateModified":"2020-06-16T10:32:55+00:00","description":"Esta es la p\u00e1gina Oficial de Turismo de Diputaci\u00f3n de Zamora, donde podr\u00e1 encontrar toda la informaci\u00f3n para disfrutar al m\u00e1ximo de nuestra provincia.","breadcrumb":{"@id":"https:\/\/turismoenzamora.es\/fr\/toro-2\/#breadcrumb"},"inLanguage":"zh-CN","potentialAction":[{"@type":"ReadAction","target":["https:\/\/turismoenzamora.es\/fr\/toro-2\/"]}]},{"@type":"ImageObject","inLanguage":"zh-CN","@id":"https:\/\/turismoenzamora.es\/fr\/toro-2\/#primaryimage","url":"https:\/\/turismoenzamora.es\/wp-content\/uploads\/2017\/08\/dotoro.jpg","contentUrl":"https:\/\/turismoenzamora.es\/wp-content\/uploads\/2017\/08\/dotoro.jpg"},{"@type":"BreadcrumbList","@id":"https:\/\/turismoenzamora.es\/fr\/toro-2\/#breadcrumb","itemListElement":[{"@type":"ListItem","position":1,"name":"Portada","item":"https:\/\/turismoenzamora.es\/"},{"@type":"ListItem","position":2,"name":"Toro"}]},{"@type":"WebSite","@id":"https:\/\/turismoenzamora.es\/pt\/#website","url":"https:\/\/turismoenzamora.es\/pt\/","name":"Turismo sostenible. Patronato de Turismo de la Diputaci\u00f3n de Zamora.&quot;Turismo Sostenible&quot;.","description":"(Espa\u00f1ol) Turismo sostenible. Patronato de Turismo de la Diputaci\u00f3n de Zamora.&quot;Turismo Sostenible&quot;.","publisher":{"@id":"https:\/\/turismoenzamora.es\/pt\/#organization"},"potentialAction":[{"@type":"SearchAction","target":{"@type":"EntryPoint","urlTemplate":"https:\/\/turismoenzamora.es\/pt\/?s={search_term_string}"},"query-input":"required name=search_term_string"}],"inLanguage":"zh-CN"},{"@type":"Organization","@id":"https:\/\/turismoenzamora.es\/pt\/#organization","name":"Patronato de Turismo de la Diputaci\u00f3n de Zamora","url":"https:\/\/turismoenzamora.es\/pt\/","logo":{"@type":"ImageObject","inLanguage":"zh-CN","@id":"https:\/\/turismoenzamora.es\/pt\/#\/schema\/logo\/image\/","url":"https:\/\/turismoenzamora.es\/wp-content\/uploads\/2018\/06\/ZamoraLogo.png","contentUrl":"https:\/\/turismoenzamora.es\/wp-content\/uploads\/2018\/06\/ZamoraLogo.png","width":1276,"height":290,"caption":"Patronato de Turismo de la Diputaci\u00f3n de Zamora"},"image":{"@id":"https:\/\/turismoenzamora.es\/pt\/#\/schema\/logo\/image\/"},"sameAs":["https:\/\/www.facebook.com\/ZamoraSpain\/","https:\/\/x.com\/ZamoraSpain","https:\/\/www.instagram.com\/turismoenzamora.es\/","https:\/\/www.pinterest.es\/TurismoenZamora\/","https:\/\/www.youtube.com\/channel\/UC2bOyOZ-2cLm-uXlBFYUV9w"]}]}},"_links":{"self":[{"href":"https:\/\/turismoenzamora.es\/zh\/wp-json\/wp\/v2\/pages\/405"}],"collection":[{"href":"https:\/\/turismoenzamora.es\/zh\/wp-json\/wp\/v2\/pages"}],"about":[{"href":"https:\/\/turismoenzamora.es\/zh\/wp-json\/wp\/v2\/types\/page"}],"author":[{"embeddable":true,"href":"https:\/\/turismoenzamora.es\/zh\/wp-json\/wp\/v2\/users\/1"}],"replies":[{"embeddable":true,"href":"https:\/\/turismoenzamora.es\/zh\/wp-json\/wp\/v2\/comments?post=405"}],"version-history":[{"count":0,"href":"https:\/\/turismoenzamora.es\/zh\/wp-json\/wp\/v2\/pages\/405\/revisions"}],"wp:attachment":[{"href":"https:\/\/turismoenzamora.es\/zh\/wp-json\/wp\/v2\/media?parent=405"}],"curies":[{"name":"wp","href":"https:\/\/api.w.org\/{rel}","templated":true}]}}