{"id":325,"date":"2017-08-08T07:29:03","date_gmt":"2017-08-08T05:29:03","guid":{"rendered":"https:\/\/newweb.turismoenzamora.es\/?page_id=325"},"modified":"2025-04-16T13:18:48","modified_gmt":"2025-04-16T11:18:48","slug":"bercianos-de-aliste","status":"publish","type":"page","link":"https:\/\/turismoenzamora.es\/zh\/patrimonio-popular\/semana-santa\/bercianos-de-aliste\/","title":{"rendered":"Bercianos de Aliste"},"content":{"rendered":"<p><\/p>\n<h1>Bercianos de Aliste<br \/>\n\u2ec9\u5c14\u65af\u4e9a\u8bfa\u4e1d\u00b7\u5fb7\u00b7\u963f\u5229\u65af\u7279<\/h1>\n<p>&nbsp;<\/p>\n<p><img fetchpriority=\"high\" decoding=\"async\" class=\"aligncenter size-full wp-image-6914\" src=\"https:\/\/turismoenzamora.es\/wp-content\/uploads\/2017\/08\/Patrimonio-cultural.-Semana-Santabercianos.jpg\" alt=\"\" width=\"900\" height=\"600\" data-id=\"6914\" srcset=\"https:\/\/turismoenzamora.es\/wp-content\/uploads\/2017\/08\/Patrimonio-cultural.-Semana-Santabercianos.jpg 900w, https:\/\/turismoenzamora.es\/wp-content\/uploads\/2017\/08\/Patrimonio-cultural.-Semana-Santabercianos-300x200.jpg 300w, https:\/\/turismoenzamora.es\/wp-content\/uploads\/2017\/08\/Patrimonio-cultural.-Semana-Santabercianos-768x512.jpg 768w\" sizes=\"(max-width: 900px) 100vw, 900px\" \/><\/p>\n<p>&nbsp;<\/p>\n<p style=\"text-align: justify;\">\u2ec9\u5c14\u65af\u4e9a\u8bfa\u4e1d\u00b7\u5fb7\u00b7\u963f\u5229\u65af\u7279\u57282011\u5e74\u88ab\u8bc4\u4e3a \u56fd\u5bb6\u7ea7\u65c5\u6e38\u7279\u2f8a\u533a,\u4ee5\u53ca\u57282014\u5e74\u7684\u2f42\u5316\u2fae \u7269\u8d28\u2f42\u5316\u7279\u2f8a\u533a\uff0c\u4ee5\u5176\u7b80\u7ea6\u548c\u6df1\u60c5\u2f7d\u95fb\u540d\u3002 \u8fd9\u79cd\u5947\u7279\u7684\u7ec4\u5408\uff0c\u53ef\u4ee5\u8ffd\u6eaf\u5230\u8fd9\u2fa5\u6df1\u9083\u7684\u5b97 \u6559\u4fe1\u4ef0\uff0c\u8fd9\u2fa5\u7684\u2f29\u9547\u2f08\u2ea0\uff0c\u4f9d\u7136\u4fdd\u7559\u7740\u4ed6\u4eec \u5bf9\u5929\u4e3b\u6559\u6d3b\u52a8\u7684\u5c0a\u91cd\u548c\u8654\u8bda\u3002 \u6240\u4ee5\u5728\u5723\u5468\u6e38 \u2f8f\u6d3b\u52a8\u4e2d\uff0c\u8fd9\u2fa5\u6700\u795e\u5947\u7684\u2f00\u5e55\u4e5f\u4f1a\u51fa\u73b0\uff0c\u90a3 \u5c31\u662f\uff0c\u5728Santo Entierro\uff08\u5723\u846c\uff09\u6e38\u2f8f\u961f\u4f0d \u2fa5\u7684\u5144\u5f1f\u4f1a\u6210\u5458\uff0c\u4f1a\u62ab\u4e0a\u771f\u7684\u88f9\u2f2b\u5e03\u6765\u8868\u73b0 \u5176\u8654\u8bda\u7684\u7cbe\u795e\u72b6\u6001\u3002<\/p>\n<p style=\"text-align: justify;\">\u8fd9\u79cd\u4e3e\u52a8\uff0c\u5728\u5f53\u4ee3\u7684\u2ec4\u73ed\u2f5b\uff0c\u2f0f\u4e4e\u662f\u4e0d\u53ef\u601d \u8bae\u7684\uff0c\u597d\u79c1\u73b0\u5b9e\u4e3b\u4e49\u548c\u4fe1\u4ef0\u7684\u827a\u672f\u8868\u73b0\u3002<\/p>\n<p>&nbsp;<\/p>\n<p><img decoding=\"async\" class=\"size-medium wp-image-548 alignleft\" src=\"https:\/\/turismoenzamora.es\/wp-content\/uploads\/2017\/08\/ss_bercianos_de_aliste_2-231x300.jpg\" alt=\"\" width=\"231\" height=\"300\" srcset=\"https:\/\/turismoenzamora.es\/wp-content\/uploads\/2017\/08\/ss_bercianos_de_aliste_2-231x300.jpg 231w, https:\/\/turismoenzamora.es\/wp-content\/uploads\/2017\/08\/ss_bercianos_de_aliste_2.jpg 330w\" sizes=\"(max-width: 231px) 100vw, 231px\" \/><\/p>\n<p style=\"text-align: justify;\">\u4e4b\u540e\uff0c\u4e0b\u5348\u7684\u65f6\u5019\uff0c\u2f08\u4eec\u6162\u6162\u5411\u4ea4\u901a\u805a\u96c6\uff0c \u8fdb\u2f0a\u6559\u5802\u2fa5\uff0c\u5728\u9489\u5728\u2f17\u5b57\u67b6\u4e0a\u7684\u57fa\u7763\u7684\u5f62\u8c61 \u2faf\u524d\uff0c\u7267\u5e08\u7ed9\u4f17\u2f08\u8bb2\u8ff0\u6700\u6734\u5b9e\u7684\u5723\u7ecf\u6545\u4e8b\u3002 \u7136\u540e\u4e24\u4f4d\u796d\u53f8\u2f64\u68af\u2f26\u53d6\u4e0b\u57fa\u7763\u7684\u5f62\u8c61\uff0c\u5c06\u4ed6 \u653e\u5728\u2f00\u4e2a\u73bb\u7483\u68fa\u6750\u2fa5\u3002 \u7136\u540e\u5f00\u59cb\u846c\u793c\u6e38\u2f8f\u7684 \u4eea\u5f0f\u3002<\/p>\n<p style=\"text-align: justify;\">\u968f\u540e\u4ed6\u4eec\u5c06\u68fa\u6750\u5e26\u5230\u9661\u5ced\u7684\u2f2d\u4e18\uff0c\u5531\u8bd7\u73ed\u5531 \u7740\u5723\u6b4c\u201cLas cinco llagas\u201d\u548c\u201cEl Miserere\u201d\uff0c \u5e76\u5bf9\u2f17\u5b57\u67b6\u81f4\u656c\u3002<\/p>\n<p style=\"text-align: justify;\">\u8fd9\u5929\u5144\u5f1f\u4f1a\u7684\u2f08\uff0c\u6709\u4e9b\u8eab\u7a7f\u2f69\u888d\u2f69\u889c\uff0c\u8fd9\u4ee3 \u8868\u7740\u4ed6\u4eec\u5df2\u7ecf\u8ba2\u5a5a\u3002 \u8eab\u7a7f\u2f1f\u8910\u2f8a\u7684\u5219\u90fd\u662f\u5e74 \u2ed3\u7684\u7537\u6027\u3002 \u4f60\u751a\u2f84\u53ef\u4ee5\u53d1\u73b0\u2f00\u4e2a\u5e26\u7740\u515c\u5e3d\u7684\u2f08\u597d\u4f3c\u4e5e \u8ba8\uff0c\u8fd9\u4e5f\u662f\u5411\u5723\u7ecf\u6545\u4e8b\u5728\u81f4\u656c\u3002<\/p>\n<p style=\"text-align: justify;\">\u591c\u2f8a\u6e10\u6d53\uff0c\u968f\u7740\u6700\u540e\u7684\u81f4\u656c\u4eea\u5f0f\u7ed3\u675f\uff0c\u6e38\u2f8f \u5bf9\u6211\u518d\u6b21\u62ac\u7740\u73bb\u7483\u68fa\u6750\u56de\u5230\u5f53\u521d\u7684\u6559\u5802\uff0c\u968f \u7740\u2f08\u4eec\u5c06\u8036\u7a23\u4ece\u73bb\u7483\u68fa\u653e\u56de\u539f\u6765\u7684\u68fa\u6901\u4e2d\u3002 \u2f00\u5207\u796d\u5960\u4e5f\u6700\u7ec8\u843d\u4e0b\u4e86\u5e37\u5e55\u3002<\/p>\n<p><a href=\"https:\/\/turismoenzamora.es\/wp-content\/uploads\/2020\/03\/folleto-patrimonio-cultural3-20.pdf\" target=\"_blank\" rel=\"noopener noreferrer\"><img decoding=\"async\" class=\"alignleft wp-image-4861 size-full\" src=\"https:\/\/turismoenzamora.es\/wp-content\/uploads\/2017\/08\/masinfo-1.png\" alt=\"M\u00e1s Informaci\u00f3n\" width=\"63\" height=\"32\" data-id=\"4861\"><\/a><\/p>\n<p><\/p>","protected":false},"excerpt":{"rendered":"<p>Bercianos de Aliste \u2ec9\u5c14\u65af\u4e9a\u8bfa\u4e1d\u00b7\u5fb7\u00b7\u963f\u5229\u65af\u7279 &nbsp; &nbsp; \u2ec9\u5c14\u65af\u4e9a\u8bfa\u4e1d\u00b7 [&hellip;]<\/p>\n","protected":false},"author":1,"featured_media":0,"parent":4816,"menu_order":2,"comment_status":"closed","ping_status":"closed","template":"","meta":{"inline_featured_image":false,"site-sidebar-layout":"default","site-content-layout":"default","ast-site-content-layout":"","site-content-style":"default","site-sidebar-style":"default","ast-global-header-display":"","ast-banner-title-visibility":"","ast-main-header-display":"","ast-hfb-above-header-display":"","ast-hfb-below-header-display":"","ast-hfb-mobile-header-display":"","site-post-title":"disabled","ast-breadcrumbs-content":"","ast-featured-img":"","footer-sml-layout":"","theme-transparent-header-meta":"default","adv-header-id-meta":"","stick-header-meta":"","header-above-stick-meta":"","header-main-stick-meta":"","header-below-stick-meta":"","astra-migrate-meta-layouts":"default","ast-page-background-enabled":"default","ast-page-background-meta":{"desktop":{"background-color":"","background-image":"","background-repeat":"repeat","background-position":"center center","background-size":"auto","background-attachment":"scroll","background-type":"","background-media":"","overlay-type":"","overlay-color":"","overlay-opacity":"","overlay-gradient":""},"tablet":{"background-color":"","background-image":"","background-repeat":"repeat","background-position":"center center","background-size":"auto","background-attachment":"scroll","background-type":"","background-media":"","overlay-type":"","overlay-color":"","overlay-opacity":"","overlay-gradient":""},"mobile":{"background-color":"","background-image":"","background-repeat":"repeat","background-position":"center center","background-size":"auto","background-attachment":"scroll","background-type":"","background-media":"","overlay-type":"","overlay-color":"","overlay-opacity":"","overlay-gradient":""}},"ast-content-background-meta":{"desktop":{"background-color":"var(--ast-global-color-5)","background-image":"","background-repeat":"repeat","background-position":"center center","background-size":"auto","background-attachment":"scroll","background-type":"","background-media":"","overlay-type":"","overlay-color":"","overlay-opacity":"","overlay-gradient":""},"tablet":{"background-color":"var(--ast-global-color-5)","background-image":"","background-repeat":"repeat","background-position":"center center","background-size":"auto","background-attachment":"scroll","background-type":"","background-media":"","overlay-type":"","overlay-color":"","overlay-opacity":"","overlay-gradient":""},"mobile":{"background-color":"var(--ast-global-color-5)","background-image":"","background-repeat":"repeat","background-position":"center center","background-size":"auto","background-attachment":"scroll","background-type":"","background-media":"","overlay-type":"","overlay-color":"","overlay-opacity":"","overlay-gradient":""}},"ngg_post_thumbnail":0,"footnotes":""},"yoast_head":"<!-- This site is optimized with the Yoast SEO plugin v23.0 - https:\/\/yoast.com\/wordpress\/plugins\/seo\/ -->\n<title>Turismo de Zamora , Turismo Sostenible<\/title>\n<meta name=\"description\" content=\"Esta es la p\u00e1gina Oficial de Turismo de Diputaci\u00f3n de Zamora, donde podr\u00e1 encontrar toda la informaci\u00f3n para disfrutar al m\u00e1ximo de nuestra provincia.\" \/>\n<meta name=\"robots\" content=\"index, follow, max-snippet:-1, max-image-preview:large, max-video-preview:-1\" \/>\n<link rel=\"canonical\" href=\"https:\/\/turismoenzamora.es\/patrimonio-popular\/semana-santa\/bercianos-de-aliste\/\" \/>\n<meta property=\"og:locale\" content=\"zh_CN\" \/>\n<meta property=\"og:type\" content=\"article\" \/>\n<meta property=\"og:title\" content=\"Turismo de Zamora , Turismo Sostenible\" \/>\n<meta property=\"og:description\" content=\"Esta es la p\u00e1gina Oficial de Turismo de Diputaci\u00f3n de Zamora, donde podr\u00e1 encontrar toda la informaci\u00f3n para disfrutar al m\u00e1ximo de nuestra provincia.\" \/>\n<meta property=\"og:url\" content=\"https:\/\/turismoenzamora.es\/patrimonio-popular\/semana-santa\/bercianos-de-aliste\/\" \/>\n<meta property=\"og:site_name\" content=\"(Espa\u00f1ol) Turismo sostenible. Patronato de Turismo de la Diputaci\u00f3n de Zamora.&quot;Turismo Sostenible&quot;.\" \/>\n<meta property=\"article:publisher\" content=\"https:\/\/www.facebook.com\/ZamoraSpain\/\" \/>\n<meta property=\"article:modified_time\" content=\"2025-04-16T11:18:48+00:00\" \/>\n<meta property=\"og:image\" content=\"https:\/\/turismoenzamora.es\/wp-content\/uploads\/2017\/08\/Patrimonio-cultural.-Semana-Santabercianos.jpg\" \/>\n<meta name=\"twitter:card\" content=\"summary_large_image\" \/>\n<meta name=\"twitter:site\" content=\"@ZamoraSpain\" \/>\n<meta name=\"twitter:label1\" content=\"\u9884\u8ba1\u9605\u8bfb\u65f6\u95f4\" \/>\n\t<meta name=\"twitter:data1\" content=\"10\u5206\" \/>\n<script type=\"application\/ld+json\" class=\"yoast-schema-graph\">{\"@context\":\"https:\/\/schema.org\",\"@graph\":[{\"@type\":\"WebPage\",\"@id\":\"https:\/\/turismoenzamora.es\/patrimonio-popular\/semana-santa\/bercianos-de-aliste\/\",\"url\":\"https:\/\/turismoenzamora.es\/patrimonio-popular\/semana-santa\/bercianos-de-aliste\/\",\"name\":\"Turismo de Zamora , Turismo Sostenible\",\"isPartOf\":{\"@id\":\"https:\/\/turismoenzamora.es\/pt\/#website\"},\"primaryImageOfPage\":{\"@id\":\"https:\/\/turismoenzamora.es\/patrimonio-popular\/semana-santa\/bercianos-de-aliste\/#primaryimage\"},\"image\":{\"@id\":\"https:\/\/turismoenzamora.es\/patrimonio-popular\/semana-santa\/bercianos-de-aliste\/#primaryimage\"},\"thumbnailUrl\":\"https:\/\/turismoenzamora.es\/wp-content\/uploads\/2017\/08\/Patrimonio-cultural.-Semana-Santabercianos.jpg\",\"datePublished\":\"2017-08-08T05:29:03+00:00\",\"dateModified\":\"2025-04-16T11:18:48+00:00\",\"description\":\"Esta es la p\u00e1gina Oficial de Turismo de Diputaci\u00f3n de Zamora, donde podr\u00e1 encontrar toda la informaci\u00f3n para disfrutar al m\u00e1ximo de nuestra provincia.\",\"breadcrumb\":{\"@id\":\"https:\/\/turismoenzamora.es\/patrimonio-popular\/semana-santa\/bercianos-de-aliste\/#breadcrumb\"},\"inLanguage\":\"zh-CN\",\"potentialAction\":[{\"@type\":\"ReadAction\",\"target\":[\"https:\/\/turismoenzamora.es\/patrimonio-popular\/semana-santa\/bercianos-de-aliste\/\"]}]},{\"@type\":\"ImageObject\",\"inLanguage\":\"zh-CN\",\"@id\":\"https:\/\/turismoenzamora.es\/patrimonio-popular\/semana-santa\/bercianos-de-aliste\/#primaryimage\",\"url\":\"https:\/\/turismoenzamora.es\/wp-content\/uploads\/2017\/08\/Patrimonio-cultural.-Semana-Santabercianos.jpg\",\"contentUrl\":\"https:\/\/turismoenzamora.es\/wp-content\/uploads\/2017\/08\/Patrimonio-cultural.-Semana-Santabercianos.jpg\"},{\"@type\":\"BreadcrumbList\",\"@id\":\"https:\/\/turismoenzamora.es\/patrimonio-popular\/semana-santa\/bercianos-de-aliste\/#breadcrumb\",\"itemListElement\":[{\"@type\":\"ListItem\",\"position\":1,\"name\":\"Portada\",\"item\":\"https:\/\/turismoenzamora.es\/\"},{\"@type\":\"ListItem\",\"position\":2,\"name\":\"Patrimonio Popular\",\"item\":\"https:\/\/turismoenzamora.es\/de\/patrimonio-popular\/\"},{\"@type\":\"ListItem\",\"position\":3,\"name\":\"Semana Santa\",\"item\":\"https:\/\/turismoenzamora.es\/patrimonio-popular\/semana-santa\/\"},{\"@type\":\"ListItem\",\"position\":4,\"name\":\"Bercianos de Aliste\"}]},{\"@type\":\"WebSite\",\"@id\":\"https:\/\/turismoenzamora.es\/pt\/#website\",\"url\":\"https:\/\/turismoenzamora.es\/pt\/\",\"name\":\"Turismo sostenible. Patronato de Turismo de la Diputaci\u00f3n de Zamora.&quot;Turismo Sostenible&quot;.\",\"description\":\"(Espa\u00f1ol) Turismo sostenible. Patronato de Turismo de la Diputaci\u00f3n de Zamora.&quot;Turismo Sostenible&quot;.\",\"publisher\":{\"@id\":\"https:\/\/turismoenzamora.es\/pt\/#organization\"},\"potentialAction\":[{\"@type\":\"SearchAction\",\"target\":{\"@type\":\"EntryPoint\",\"urlTemplate\":\"https:\/\/turismoenzamora.es\/pt\/?s={search_term_string}\"},\"query-input\":\"required name=search_term_string\"}],\"inLanguage\":\"zh-CN\"},{\"@type\":\"Organization\",\"@id\":\"https:\/\/turismoenzamora.es\/pt\/#organization\",\"name\":\"Patronato de Turismo de la Diputaci\u00f3n de Zamora\",\"url\":\"https:\/\/turismoenzamora.es\/pt\/\",\"logo\":{\"@type\":\"ImageObject\",\"inLanguage\":\"zh-CN\",\"@id\":\"https:\/\/turismoenzamora.es\/pt\/#\/schema\/logo\/image\/\",\"url\":\"https:\/\/turismoenzamora.es\/wp-content\/uploads\/2018\/06\/ZamoraLogo.png\",\"contentUrl\":\"https:\/\/turismoenzamora.es\/wp-content\/uploads\/2018\/06\/ZamoraLogo.png\",\"width\":1276,\"height\":290,\"caption\":\"Patronato de Turismo de la Diputaci\u00f3n de Zamora\"},\"image\":{\"@id\":\"https:\/\/turismoenzamora.es\/pt\/#\/schema\/logo\/image\/\"},\"sameAs\":[\"https:\/\/www.facebook.com\/ZamoraSpain\/\",\"https:\/\/x.com\/ZamoraSpain\",\"https:\/\/www.instagram.com\/turismoenzamora.es\/\",\"https:\/\/www.pinterest.es\/TurismoenZamora\/\",\"https:\/\/www.youtube.com\/channel\/UC2bOyOZ-2cLm-uXlBFYUV9w\"]}]}<\/script>\n<!-- \/ Yoast SEO plugin. -->","yoast_head_json":{"title":"Turismo de Zamora , Turismo Sostenible","description":"Esta es la p\u00e1gina Oficial de Turismo de Diputaci\u00f3n de Zamora, donde podr\u00e1 encontrar toda la informaci\u00f3n para disfrutar al m\u00e1ximo de nuestra provincia.","robots":{"index":"index","follow":"follow","max-snippet":"max-snippet:-1","max-image-preview":"max-image-preview:large","max-video-preview":"max-video-preview:-1"},"canonical":"https:\/\/turismoenzamora.es\/patrimonio-popular\/semana-santa\/bercianos-de-aliste\/","og_locale":"zh_CN","og_type":"article","og_title":"Turismo de Zamora , Turismo Sostenible","og_description":"Esta es la p\u00e1gina Oficial de Turismo de Diputaci\u00f3n de Zamora, donde podr\u00e1 encontrar toda la informaci\u00f3n para disfrutar al m\u00e1ximo de nuestra provincia.","og_url":"https:\/\/turismoenzamora.es\/patrimonio-popular\/semana-santa\/bercianos-de-aliste\/","og_site_name":"(Espa\u00f1ol) Turismo sostenible. Patronato de Turismo de la Diputaci\u00f3n de Zamora.&quot;Turismo Sostenible&quot;.","article_publisher":"https:\/\/www.facebook.com\/ZamoraSpain\/","article_modified_time":"2025-04-16T11:18:48+00:00","og_image":[{"url":"https:\/\/turismoenzamora.es\/wp-content\/uploads\/2017\/08\/Patrimonio-cultural.-Semana-Santabercianos.jpg"}],"twitter_card":"summary_large_image","twitter_site":"@ZamoraSpain","twitter_misc":{"\u9884\u8ba1\u9605\u8bfb\u65f6\u95f4":"10\u5206"},"schema":{"@context":"https:\/\/schema.org","@graph":[{"@type":"WebPage","@id":"https:\/\/turismoenzamora.es\/patrimonio-popular\/semana-santa\/bercianos-de-aliste\/","url":"https:\/\/turismoenzamora.es\/patrimonio-popular\/semana-santa\/bercianos-de-aliste\/","name":"Turismo de Zamora , Turismo Sostenible","isPartOf":{"@id":"https:\/\/turismoenzamora.es\/pt\/#website"},"primaryImageOfPage":{"@id":"https:\/\/turismoenzamora.es\/patrimonio-popular\/semana-santa\/bercianos-de-aliste\/#primaryimage"},"image":{"@id":"https:\/\/turismoenzamora.es\/patrimonio-popular\/semana-santa\/bercianos-de-aliste\/#primaryimage"},"thumbnailUrl":"https:\/\/turismoenzamora.es\/wp-content\/uploads\/2017\/08\/Patrimonio-cultural.-Semana-Santabercianos.jpg","datePublished":"2017-08-08T05:29:03+00:00","dateModified":"2025-04-16T11:18:48+00:00","description":"Esta es la p\u00e1gina Oficial de Turismo de Diputaci\u00f3n de Zamora, donde podr\u00e1 encontrar toda la informaci\u00f3n para disfrutar al m\u00e1ximo de nuestra provincia.","breadcrumb":{"@id":"https:\/\/turismoenzamora.es\/patrimonio-popular\/semana-santa\/bercianos-de-aliste\/#breadcrumb"},"inLanguage":"zh-CN","potentialAction":[{"@type":"ReadAction","target":["https:\/\/turismoenzamora.es\/patrimonio-popular\/semana-santa\/bercianos-de-aliste\/"]}]},{"@type":"ImageObject","inLanguage":"zh-CN","@id":"https:\/\/turismoenzamora.es\/patrimonio-popular\/semana-santa\/bercianos-de-aliste\/#primaryimage","url":"https:\/\/turismoenzamora.es\/wp-content\/uploads\/2017\/08\/Patrimonio-cultural.-Semana-Santabercianos.jpg","contentUrl":"https:\/\/turismoenzamora.es\/wp-content\/uploads\/2017\/08\/Patrimonio-cultural.-Semana-Santabercianos.jpg"},{"@type":"BreadcrumbList","@id":"https:\/\/turismoenzamora.es\/patrimonio-popular\/semana-santa\/bercianos-de-aliste\/#breadcrumb","itemListElement":[{"@type":"ListItem","position":1,"name":"Portada","item":"https:\/\/turismoenzamora.es\/"},{"@type":"ListItem","position":2,"name":"Patrimonio Popular","item":"https:\/\/turismoenzamora.es\/de\/patrimonio-popular\/"},{"@type":"ListItem","position":3,"name":"Semana Santa","item":"https:\/\/turismoenzamora.es\/patrimonio-popular\/semana-santa\/"},{"@type":"ListItem","position":4,"name":"Bercianos de Aliste"}]},{"@type":"WebSite","@id":"https:\/\/turismoenzamora.es\/pt\/#website","url":"https:\/\/turismoenzamora.es\/pt\/","name":"Turismo sostenible. Patronato de Turismo de la Diputaci\u00f3n de Zamora.&quot;Turismo Sostenible&quot;.","description":"(Espa\u00f1ol) Turismo sostenible. Patronato de Turismo de la Diputaci\u00f3n de Zamora.&quot;Turismo Sostenible&quot;.","publisher":{"@id":"https:\/\/turismoenzamora.es\/pt\/#organization"},"potentialAction":[{"@type":"SearchAction","target":{"@type":"EntryPoint","urlTemplate":"https:\/\/turismoenzamora.es\/pt\/?s={search_term_string}"},"query-input":"required name=search_term_string"}],"inLanguage":"zh-CN"},{"@type":"Organization","@id":"https:\/\/turismoenzamora.es\/pt\/#organization","name":"Patronato de Turismo de la Diputaci\u00f3n de Zamora","url":"https:\/\/turismoenzamora.es\/pt\/","logo":{"@type":"ImageObject","inLanguage":"zh-CN","@id":"https:\/\/turismoenzamora.es\/pt\/#\/schema\/logo\/image\/","url":"https:\/\/turismoenzamora.es\/wp-content\/uploads\/2018\/06\/ZamoraLogo.png","contentUrl":"https:\/\/turismoenzamora.es\/wp-content\/uploads\/2018\/06\/ZamoraLogo.png","width":1276,"height":290,"caption":"Patronato de Turismo de la Diputaci\u00f3n de Zamora"},"image":{"@id":"https:\/\/turismoenzamora.es\/pt\/#\/schema\/logo\/image\/"},"sameAs":["https:\/\/www.facebook.com\/ZamoraSpain\/","https:\/\/x.com\/ZamoraSpain","https:\/\/www.instagram.com\/turismoenzamora.es\/","https:\/\/www.pinterest.es\/TurismoenZamora\/","https:\/\/www.youtube.com\/channel\/UC2bOyOZ-2cLm-uXlBFYUV9w"]}]}},"_links":{"self":[{"href":"https:\/\/turismoenzamora.es\/zh\/wp-json\/wp\/v2\/pages\/325"}],"collection":[{"href":"https:\/\/turismoenzamora.es\/zh\/wp-json\/wp\/v2\/pages"}],"about":[{"href":"https:\/\/turismoenzamora.es\/zh\/wp-json\/wp\/v2\/types\/page"}],"author":[{"embeddable":true,"href":"https:\/\/turismoenzamora.es\/zh\/wp-json\/wp\/v2\/users\/1"}],"replies":[{"embeddable":true,"href":"https:\/\/turismoenzamora.es\/zh\/wp-json\/wp\/v2\/comments?post=325"}],"version-history":[{"count":0,"href":"https:\/\/turismoenzamora.es\/zh\/wp-json\/wp\/v2\/pages\/325\/revisions"}],"up":[{"embeddable":true,"href":"https:\/\/turismoenzamora.es\/zh\/wp-json\/wp\/v2\/pages\/4816"}],"wp:attachment":[{"href":"https:\/\/turismoenzamora.es\/zh\/wp-json\/wp\/v2\/media?parent=325"}],"curies":[{"name":"wp","href":"https:\/\/api.w.org\/{rel}","templated":true}]}}