{"id":321,"date":"2017-08-08T07:28:41","date_gmt":"2017-08-08T05:28:41","guid":{"rendered":"https:\/\/newweb.turismoenzamora.es\/?page_id=321"},"modified":"2025-04-16T13:03:18","modified_gmt":"2025-04-16T11:03:18","slug":"zamora","status":"publish","type":"page","link":"https:\/\/turismoenzamora.es\/zh\/patrimonio-popular\/semana-santa\/zamora\/","title":{"rendered":"Zamora"},"content":{"rendered":"<p><\/p>\n<h1>Zamora<br \/>\n\u8428\u83ab\u62c9<\/h1>\n<p>&nbsp;<\/p>\n<p><img fetchpriority=\"high\" decoding=\"async\" class=\"aligncenter size-full wp-image-6920\" src=\"https:\/\/turismoenzamora.es\/wp-content\/uploads\/2017\/08\/Patrimonio-Cultural.-Semana-Santazamora.jpg\" alt=\"\" width=\"900\" height=\"600\" data-id=\"6920\" srcset=\"https:\/\/turismoenzamora.es\/wp-content\/uploads\/2017\/08\/Patrimonio-Cultural.-Semana-Santazamora.jpg 900w, https:\/\/turismoenzamora.es\/wp-content\/uploads\/2017\/08\/Patrimonio-Cultural.-Semana-Santazamora-300x200.jpg 300w, https:\/\/turismoenzamora.es\/wp-content\/uploads\/2017\/08\/Patrimonio-Cultural.-Semana-Santazamora-768x512.jpg 768w\" sizes=\"(max-width: 900px) 100vw, 900px\" \/><\/p>\n<p>&nbsp;<\/p>\n<p style=\"text-align: justify;\">\u65e9\u57281986\u5e74\uff0c\u8428\u83ab\u62c9\u57ce\u7684\u5723\u5468\u6d3b\u52a8\u5c31\u88ab\u8bc4\u4e3a\u2ec4\u73ed\u2f5b\u56fd \u5bb6\u7ea7\u65c5\u6e38\u7279\u2f8a\u70b9\uff08Inter\u00e9sTur\u00edstico Internacional \uff09\uff0c \u6240\u4ee5\u5728\u6bcf\u5e74\u5723\u5468\uff0c\u8fd9\u2fa5\u7684\u6d3b\u52a8\u2f83\u5982\u4f1a\u5438\u5f15\u6765\u2f24\u91cf\u7684\u6e38 \u5ba2\uff0c\u56e0\u5176\u7ecf\u5178\u4e14\u5b8f\u2f24\u7684\u573a\u2faf\uff0c\u6bcf\u5e74\u8fd9\u4e2a\u65f6\u671f\u7684\u2f08\u2f1d\u89c4 \u6a21\u751a\u2f84\u66b4\u589e5\u500d\u4e4b\u591a\u3002<\/p>\n<p style=\"text-align: justify;\">\u8fd9\u4f20\u7edf\u7684\u76db\u4e8b\uff0c\u53ef\u4ee5\u8ffd\u6eaf\u2f84\u4e2d\u4e16\u7eaa\u7684\u2ec4\u73ed\u2f5b\uff0c\u4ece\u90a3\u65f6 \u5f00\u59cb\uff0c\u5723\u5468\u7684\u6e38\u2f8f\u6d3b\u52a8\uff0c\u4e0d\u4f46\u5e84\u91cd\u8083\u7a46\uff0c\u2f7d\u4e14\u6108\u53d1\u663e \u5f97\u7f8e\u4e3d\u4e14\u6709\u9b45\u2f12\u3002<\/p>\n<p style=\"text-align: justify;\">\u5723\u5468\u6e38\u2f8f\u7684\u961f\u4f0d\uff0c\u5e84\u4e25\u4e14\u5bcc\u6709\u8868\u73b0\u2f12\uff0c\u8fd9\u5b97\u6559\u2f53\u6c1b\u628a \u6211\u4eec\u5e26\u2f0a\u8428\u83ab\u62c9\u7684\u53e4\u57ce\u8857\u9053\uff0c\u604d\u4f5b\u65f6\u5149\u7a7f\u8d8a\uff0c\u767e\u5e74\u5c31 \u5728\u811a\u4e0b\u3002<\/p>\n<p style=\"text-align: justify;\">\u90a3\u4e9b\u6f02\u4eae\u7684\u82b1\u2ecb\u548c\u5386\u53f2\u60a0\u4e45\u7684\u2f42\u7269\u96d5\u5851\uff0c\u5438\u5f15\u8fd9\u8bb8\u591a \u827a\u672f\u5bb6\u548c\u6444\u5f71\u5e08\uff0c\u5982Cristo de las Injurias\uff0c Benlliure \u548cRam\u00f3n\u00c1lvarez\u7b49\u3002<\/p>\n<p style=\"text-align: justify;\">\u5723\u5468\u662f\u590d\u6d3b\u8282\u7684\u524d\u2f00\u4e2a\u793c\u62dc\uff0c\u662f\u2ec4\u73ed\u2f5b\u2fae\u5e38\u91cd\u8981\u7684\u8282 \u2f47\uff0c\u4f20\u7edf\u4e2d\uff0c\u5723\u5468\u662f\u5929\u4e3b\u6559\u793c\u4eea\u5e74\u5386\u4e2d\u2f24\u658b\u671f\u7684\u6700\u540e \u2f00\u5468\uff0c\u2f64\u6765\u7eaa\u5ff5\u8036\u7a23\u53d7\u96be\u3002\u6bcf\u5e74\u5e86\u795d\u7684\u65f6\u95f4\u90fd\u4e0d\u2f00 \u6837\uff0c\u56e0\u4e3a\u8fd9\u4e2a\u8282\u2f47\u662f\u6839\u636e\u2f49\u5386\u4e3e\u2f8f\u7684\u3002<\/p>\n<p style=\"text-align: justify;\">\u8428\u83ab\u62c9\u7684\u5723\u5468\u4e09\u662f\u5176\u4e2d\u2f00\u4e2a\u4eae\u70b9\uff0c\u5728Sant\u00edsimo Cristode las Injurias\u6e38\u2f8f\u4e4b\u524d\uff0c\u6240\u6709\u6765\u8bbf\u8005\u4e0e\u6e38\u2f8f\u961f \u4f0d\u548c\u4e3b\u6559\u2f00\u8d77\uff0c\u8fdb\u2f8f\u2f00\u4e2a\u201c\u9759\u9ed8\u5ba3\u2f94\u201d\u3002\u8fd9\u65f6\u7684\u2f46\u58f0\u4e4b \u2f12\uff0c\u8ba9\u2f08\u8eab\u2f3c\u6f84\u51c0\u3002<\/p>\n<p style=\"text-align: justify;\">\u5723\u5468\u56db\uff0c\u4e5f\u5c31\u662f\u6700\u540e\u7684\u665a\u9910\u2f47\uff0c Yacente\u6e38\u2f8f\u961f\u4f0d\u4f1a \u541f\u5531Miserere\uff0c\u62ac\u7740\u5723\u68fa\uff0c\u5728\u8036\u7a23\u53d7\u96be\u2f47\u7684\u2f26\u591c\u5230\u6765 \u524d\uff0c\u4e25\u8083\u5730\u4e3e\u529e\u8d77\u201c\u5723\u846c\u201d\u3002<\/p>\n<p>&nbsp;<\/p>\n<p><img decoding=\"async\" class=\"size-medium wp-image-541 alignleft\" src=\"https:\/\/turismoenzamora.es\/wp-content\/uploads\/2017\/08\/ss_zamora_2-300x182.jpg\" alt=\"\" width=\"300\" height=\"182\" srcset=\"https:\/\/turismoenzamora.es\/wp-content\/uploads\/2017\/08\/ss_zamora_2-300x182.jpg 300w, https:\/\/turismoenzamora.es\/wp-content\/uploads\/2017\/08\/ss_zamora_2-768x465.jpg 768w, https:\/\/turismoenzamora.es\/wp-content\/uploads\/2017\/08\/ss_zamora_2.jpg 853w\" sizes=\"(max-width: 300px) 100vw, 300px\" \/> \u65f6\u95f4\u6765\u5230\u4e86\u5723\u5468\u4e94\uff0c\u4e5f\u5c31\u662f\u6551\u4e3b\u53d7\u96be\u2f47\uff0c\u968f\u7740\u6d69\u6d69\u8361 \u8361\u7684\u6e38\u2f8f\u961f\u4f0d\uff0c\u4f60\u4f1a\u53d1\u73b0\uff0c\u8fd9\u2f00\u5929\u662f\u2f00\u4e2a\u7279\u522b\u7684\u6ee1\u2f49 \u2f47\u3002<\/p>\n<p style=\"text-align: justify;\">\u6700\u540e\u6211\u4eec\u2f00\u5b9a\u8981\u6765\u8bf4\u8bf4\u5723\u5468\u2f47\uff0c\u4e5f\u5c31\u662f\u2f24\u5bb6\u719f\u77e5\u7684\u590d \u6d3b\u8282\u3002\u968f\u7740\u5723\u7ecf\u6545\u4e8b\u7684\u63a8\u8fdb\uff0c\u2f24\u5bb6\u8fce\u6765\u4e86\u8fd9\u2f00\u7279\u522b\u7684 \u2f47\u2f26\uff0c\u57ce\u2fa5\u4f1a\u653e\u8d77\u70df\u82b1\uff0c\u5168\u57ce\u2f00\u8d77\uff0c\u5c3d\u4eab\u7f8e\u2edd\u3002<\/p>\n<p style=\"text-align: justify;\">\u5f53\u7136\uff0c\u5728\u5723\u5468\u671f\u95f4\uff0c\u4f60\u4e0d\u4f46\u80fd\u4eab\u53d7\u795e\u5723\u7684\u2f53\u6c1b\uff0c\u8fd8\u80fd \u54c1\u5c1d\u5230\u5f53\u5730\u7f8e\u2edd\uff0c\u2f50\u5982\u6709\u540d\u7684\u201cbacalao a la tranca\u201d\uff08\u4f20\u7edf\u9cd5\u2ee5\u7279\u5236\uff09\u548c\u201cajo arriero\u201d\uff08\u849c\u2fb9\u2f1f\u2f96 \u9e21\u86cb\u6c99\u62c9\uff09\u548c\u201caceitada\u201d\uff08\u5723\u5468\u7279\u5236\u2f29\u997c\u2f32\uff09\u3002<\/p>\n<p>\u6709\u5173\u66f4\u591a\u4fe1\u606f\uff0c\u8bf7\u8bbf\u95ee <a href=\"http:\/\/semanasantadezamora.com\/\" target=\"_blank\" rel=\"noopener noreferrer\">Junta Pro Semana Santa Zamora<\/a><br \/>\n<a href=\"https:\/\/turismoenzamora.es\/wp-content\/uploads\/2020\/03\/folleto-patrimonio-cultural3-20.pdf\" target=\"_blank\" rel=\"noopener noreferrer\"><img decoding=\"async\" class=\"alignleft wp-image-4861 size-full\" src=\"https:\/\/turismoenzamora.es\/wp-content\/uploads\/2017\/08\/masinfo-1.png\" alt=\"M\u00e1s Informaci\u00f3n\" width=\"63\" height=\"32\" data-id=\"4861\"><\/a><\/p>\n<p><\/p>","protected":false},"excerpt":{"rendered":"<p>Zamora \u8428\u83ab\u62c9 &nbsp; &nbsp; \u65e9\u57281986\u5e74\uff0c\u8428\u83ab\u62c9\u57ce\u7684\u5723\u5468\u6d3b\u52a8\u5c31\u88ab\u8bc4\u4e3a\u2ec4\u73ed\u2f5b\u56fd \u5bb6\u7ea7\u65c5\u6e38 [&hellip;]<\/p>\n","protected":false},"author":1,"featured_media":0,"parent":4816,"menu_order":5,"comment_status":"closed","ping_status":"closed","template":"","meta":{"inline_featured_image":false,"site-sidebar-layout":"default","site-content-layout":"default","ast-site-content-layout":"default","site-content-style":"default","site-sidebar-style":"default","ast-global-header-display":"","ast-banner-title-visibility":"","ast-main-header-display":"","ast-hfb-above-header-display":"","ast-hfb-below-header-display":"","ast-hfb-mobile-header-display":"","site-post-title":"disabled","ast-breadcrumbs-content":"","ast-featured-img":"","footer-sml-layout":"","theme-transparent-header-meta":"default","adv-header-id-meta":"","stick-header-meta":"","header-above-stick-meta":"","header-main-stick-meta":"","header-below-stick-meta":"","astra-migrate-meta-layouts":"set","ast-page-background-enabled":"default","ast-page-background-meta":{"desktop":{"background-color":"","background-image":"","background-repeat":"repeat","background-position":"center center","background-size":"auto","background-attachment":"scroll","background-type":"","background-media":"","overlay-type":"","overlay-color":"","overlay-opacity":"","overlay-gradient":""},"tablet":{"background-color":"","background-image":"","background-repeat":"repeat","background-position":"center center","background-size":"auto","background-attachment":"scroll","background-type":"","background-media":"","overlay-type":"","overlay-color":"","overlay-opacity":"","overlay-gradient":""},"mobile":{"background-color":"","background-image":"","background-repeat":"repeat","background-position":"center center","background-size":"auto","background-attachment":"scroll","background-type":"","background-media":"","overlay-type":"","overlay-color":"","overlay-opacity":"","overlay-gradient":""}},"ast-content-background-meta":{"desktop":{"background-color":"var(--ast-global-color-5)","background-image":"","background-repeat":"repeat","background-position":"center center","background-size":"auto","background-attachment":"scroll","background-type":"","background-media":"","overlay-type":"","overlay-color":"","overlay-opacity":"","overlay-gradient":""},"tablet":{"background-color":"var(--ast-global-color-5)","background-image":"","background-repeat":"repeat","background-position":"center center","background-size":"auto","background-attachment":"scroll","background-type":"","background-media":"","overlay-type":"","overlay-color":"","overlay-opacity":"","overlay-gradient":""},"mobile":{"background-color":"var(--ast-global-color-5)","background-image":"","background-repeat":"repeat","background-position":"center center","background-size":"auto","background-attachment":"scroll","background-type":"","background-media":"","overlay-type":"","overlay-color":"","overlay-opacity":"","overlay-gradient":""}},"ngg_post_thumbnail":0,"footnotes":""},"yoast_head":"<!-- This site is optimized with the Yoast SEO plugin v23.0 - https:\/\/yoast.com\/wordpress\/plugins\/seo\/ -->\n<title>Turismo de Zamora , Turismo Sostenible<\/title>\n<meta name=\"description\" content=\"Esta es la p\u00e1gina Oficial de Turismo de Diputaci\u00f3n de Zamora, donde podr\u00e1 encontrar toda la informaci\u00f3n para disfrutar al m\u00e1ximo de nuestra provincia.\" \/>\n<meta name=\"robots\" content=\"index, follow, max-snippet:-1, max-image-preview:large, max-video-preview:-1\" \/>\n<link rel=\"canonical\" href=\"https:\/\/turismoenzamora.es\/patrimonio-popular\/semana-santa\/zamora\/\" \/>\n<meta property=\"og:locale\" content=\"zh_CN\" \/>\n<meta property=\"og:type\" content=\"article\" \/>\n<meta property=\"og:title\" content=\"Turismo de Zamora , Turismo Sostenible\" \/>\n<meta property=\"og:description\" content=\"Esta es la p\u00e1gina Oficial de Turismo de Diputaci\u00f3n de Zamora, donde podr\u00e1 encontrar toda la informaci\u00f3n para disfrutar al m\u00e1ximo de nuestra provincia.\" \/>\n<meta property=\"og:url\" content=\"https:\/\/turismoenzamora.es\/patrimonio-popular\/semana-santa\/zamora\/\" \/>\n<meta property=\"og:site_name\" content=\"(Espa\u00f1ol) Turismo sostenible. Patronato de Turismo de la Diputaci\u00f3n de Zamora.&quot;Turismo Sostenible&quot;.\" \/>\n<meta property=\"article:publisher\" content=\"https:\/\/www.facebook.com\/ZamoraSpain\/\" \/>\n<meta property=\"article:modified_time\" content=\"2025-04-16T11:03:18+00:00\" \/>\n<meta property=\"og:image\" content=\"https:\/\/turismoenzamora.es\/wp-content\/uploads\/2017\/08\/Patrimonio-Cultural.-Semana-Santazamora.jpg\" \/>\n<meta name=\"twitter:card\" content=\"summary_large_image\" \/>\n<meta name=\"twitter:site\" content=\"@ZamoraSpain\" \/>\n<meta name=\"twitter:label1\" content=\"\u9884\u8ba1\u9605\u8bfb\u65f6\u95f4\" \/>\n\t<meta name=\"twitter:data1\" content=\"13\u5206\" \/>\n<script type=\"application\/ld+json\" class=\"yoast-schema-graph\">{\"@context\":\"https:\/\/schema.org\",\"@graph\":[{\"@type\":\"WebPage\",\"@id\":\"https:\/\/turismoenzamora.es\/patrimonio-popular\/semana-santa\/zamora\/\",\"url\":\"https:\/\/turismoenzamora.es\/patrimonio-popular\/semana-santa\/zamora\/\",\"name\":\"Turismo de Zamora , Turismo Sostenible\",\"isPartOf\":{\"@id\":\"https:\/\/turismoenzamora.es\/pt\/#website\"},\"primaryImageOfPage\":{\"@id\":\"https:\/\/turismoenzamora.es\/patrimonio-popular\/semana-santa\/zamora\/#primaryimage\"},\"image\":{\"@id\":\"https:\/\/turismoenzamora.es\/patrimonio-popular\/semana-santa\/zamora\/#primaryimage\"},\"thumbnailUrl\":\"https:\/\/turismoenzamora.es\/wp-content\/uploads\/2017\/08\/Patrimonio-Cultural.-Semana-Santazamora.jpg\",\"datePublished\":\"2017-08-08T05:28:41+00:00\",\"dateModified\":\"2025-04-16T11:03:18+00:00\",\"description\":\"Esta es la p\u00e1gina Oficial de Turismo de Diputaci\u00f3n de Zamora, donde podr\u00e1 encontrar toda la informaci\u00f3n para disfrutar al m\u00e1ximo de nuestra provincia.\",\"breadcrumb\":{\"@id\":\"https:\/\/turismoenzamora.es\/patrimonio-popular\/semana-santa\/zamora\/#breadcrumb\"},\"inLanguage\":\"zh-CN\",\"potentialAction\":[{\"@type\":\"ReadAction\",\"target\":[\"https:\/\/turismoenzamora.es\/patrimonio-popular\/semana-santa\/zamora\/\"]}]},{\"@type\":\"ImageObject\",\"inLanguage\":\"zh-CN\",\"@id\":\"https:\/\/turismoenzamora.es\/patrimonio-popular\/semana-santa\/zamora\/#primaryimage\",\"url\":\"https:\/\/turismoenzamora.es\/wp-content\/uploads\/2017\/08\/Patrimonio-Cultural.-Semana-Santazamora.jpg\",\"contentUrl\":\"https:\/\/turismoenzamora.es\/wp-content\/uploads\/2017\/08\/Patrimonio-Cultural.-Semana-Santazamora.jpg\"},{\"@type\":\"BreadcrumbList\",\"@id\":\"https:\/\/turismoenzamora.es\/patrimonio-popular\/semana-santa\/zamora\/#breadcrumb\",\"itemListElement\":[{\"@type\":\"ListItem\",\"position\":1,\"name\":\"Portada\",\"item\":\"https:\/\/turismoenzamora.es\/\"},{\"@type\":\"ListItem\",\"position\":2,\"name\":\"Patrimonio Popular\",\"item\":\"https:\/\/turismoenzamora.es\/de\/patrimonio-popular\/\"},{\"@type\":\"ListItem\",\"position\":3,\"name\":\"Semana Santa\",\"item\":\"https:\/\/turismoenzamora.es\/patrimonio-popular\/semana-santa\/\"},{\"@type\":\"ListItem\",\"position\":4,\"name\":\"Zamora\"}]},{\"@type\":\"WebSite\",\"@id\":\"https:\/\/turismoenzamora.es\/pt\/#website\",\"url\":\"https:\/\/turismoenzamora.es\/pt\/\",\"name\":\"Turismo sostenible. Patronato de Turismo de la Diputaci\u00f3n de Zamora.&quot;Turismo Sostenible&quot;.\",\"description\":\"(Espa\u00f1ol) Turismo sostenible. Patronato de Turismo de la Diputaci\u00f3n de Zamora.&quot;Turismo Sostenible&quot;.\",\"publisher\":{\"@id\":\"https:\/\/turismoenzamora.es\/pt\/#organization\"},\"potentialAction\":[{\"@type\":\"SearchAction\",\"target\":{\"@type\":\"EntryPoint\",\"urlTemplate\":\"https:\/\/turismoenzamora.es\/pt\/?s={search_term_string}\"},\"query-input\":\"required name=search_term_string\"}],\"inLanguage\":\"zh-CN\"},{\"@type\":\"Organization\",\"@id\":\"https:\/\/turismoenzamora.es\/pt\/#organization\",\"name\":\"Patronato de Turismo de la Diputaci\u00f3n de Zamora\",\"url\":\"https:\/\/turismoenzamora.es\/pt\/\",\"logo\":{\"@type\":\"ImageObject\",\"inLanguage\":\"zh-CN\",\"@id\":\"https:\/\/turismoenzamora.es\/pt\/#\/schema\/logo\/image\/\",\"url\":\"https:\/\/turismoenzamora.es\/wp-content\/uploads\/2018\/06\/ZamoraLogo.png\",\"contentUrl\":\"https:\/\/turismoenzamora.es\/wp-content\/uploads\/2018\/06\/ZamoraLogo.png\",\"width\":1276,\"height\":290,\"caption\":\"Patronato de Turismo de la Diputaci\u00f3n de Zamora\"},\"image\":{\"@id\":\"https:\/\/turismoenzamora.es\/pt\/#\/schema\/logo\/image\/\"},\"sameAs\":[\"https:\/\/www.facebook.com\/ZamoraSpain\/\",\"https:\/\/x.com\/ZamoraSpain\",\"https:\/\/www.instagram.com\/turismoenzamora.es\/\",\"https:\/\/www.pinterest.es\/TurismoenZamora\/\",\"https:\/\/www.youtube.com\/channel\/UC2bOyOZ-2cLm-uXlBFYUV9w\"]}]}<\/script>\n<!-- \/ Yoast SEO plugin. -->","yoast_head_json":{"title":"Turismo de Zamora , Turismo Sostenible","description":"Esta es la p\u00e1gina Oficial de Turismo de Diputaci\u00f3n de Zamora, donde podr\u00e1 encontrar toda la informaci\u00f3n para disfrutar al m\u00e1ximo de nuestra provincia.","robots":{"index":"index","follow":"follow","max-snippet":"max-snippet:-1","max-image-preview":"max-image-preview:large","max-video-preview":"max-video-preview:-1"},"canonical":"https:\/\/turismoenzamora.es\/patrimonio-popular\/semana-santa\/zamora\/","og_locale":"zh_CN","og_type":"article","og_title":"Turismo de Zamora , Turismo Sostenible","og_description":"Esta es la p\u00e1gina Oficial de Turismo de Diputaci\u00f3n de Zamora, donde podr\u00e1 encontrar toda la informaci\u00f3n para disfrutar al m\u00e1ximo de nuestra provincia.","og_url":"https:\/\/turismoenzamora.es\/patrimonio-popular\/semana-santa\/zamora\/","og_site_name":"(Espa\u00f1ol) Turismo sostenible. Patronato de Turismo de la Diputaci\u00f3n de Zamora.&quot;Turismo Sostenible&quot;.","article_publisher":"https:\/\/www.facebook.com\/ZamoraSpain\/","article_modified_time":"2025-04-16T11:03:18+00:00","og_image":[{"url":"https:\/\/turismoenzamora.es\/wp-content\/uploads\/2017\/08\/Patrimonio-Cultural.-Semana-Santazamora.jpg"}],"twitter_card":"summary_large_image","twitter_site":"@ZamoraSpain","twitter_misc":{"\u9884\u8ba1\u9605\u8bfb\u65f6\u95f4":"13\u5206"},"schema":{"@context":"https:\/\/schema.org","@graph":[{"@type":"WebPage","@id":"https:\/\/turismoenzamora.es\/patrimonio-popular\/semana-santa\/zamora\/","url":"https:\/\/turismoenzamora.es\/patrimonio-popular\/semana-santa\/zamora\/","name":"Turismo de Zamora , Turismo Sostenible","isPartOf":{"@id":"https:\/\/turismoenzamora.es\/pt\/#website"},"primaryImageOfPage":{"@id":"https:\/\/turismoenzamora.es\/patrimonio-popular\/semana-santa\/zamora\/#primaryimage"},"image":{"@id":"https:\/\/turismoenzamora.es\/patrimonio-popular\/semana-santa\/zamora\/#primaryimage"},"thumbnailUrl":"https:\/\/turismoenzamora.es\/wp-content\/uploads\/2017\/08\/Patrimonio-Cultural.-Semana-Santazamora.jpg","datePublished":"2017-08-08T05:28:41+00:00","dateModified":"2025-04-16T11:03:18+00:00","description":"Esta es la p\u00e1gina Oficial de Turismo de Diputaci\u00f3n de Zamora, donde podr\u00e1 encontrar toda la informaci\u00f3n para disfrutar al m\u00e1ximo de nuestra provincia.","breadcrumb":{"@id":"https:\/\/turismoenzamora.es\/patrimonio-popular\/semana-santa\/zamora\/#breadcrumb"},"inLanguage":"zh-CN","potentialAction":[{"@type":"ReadAction","target":["https:\/\/turismoenzamora.es\/patrimonio-popular\/semana-santa\/zamora\/"]}]},{"@type":"ImageObject","inLanguage":"zh-CN","@id":"https:\/\/turismoenzamora.es\/patrimonio-popular\/semana-santa\/zamora\/#primaryimage","url":"https:\/\/turismoenzamora.es\/wp-content\/uploads\/2017\/08\/Patrimonio-Cultural.-Semana-Santazamora.jpg","contentUrl":"https:\/\/turismoenzamora.es\/wp-content\/uploads\/2017\/08\/Patrimonio-Cultural.-Semana-Santazamora.jpg"},{"@type":"BreadcrumbList","@id":"https:\/\/turismoenzamora.es\/patrimonio-popular\/semana-santa\/zamora\/#breadcrumb","itemListElement":[{"@type":"ListItem","position":1,"name":"Portada","item":"https:\/\/turismoenzamora.es\/"},{"@type":"ListItem","position":2,"name":"Patrimonio Popular","item":"https:\/\/turismoenzamora.es\/de\/patrimonio-popular\/"},{"@type":"ListItem","position":3,"name":"Semana Santa","item":"https:\/\/turismoenzamora.es\/patrimonio-popular\/semana-santa\/"},{"@type":"ListItem","position":4,"name":"Zamora"}]},{"@type":"WebSite","@id":"https:\/\/turismoenzamora.es\/pt\/#website","url":"https:\/\/turismoenzamora.es\/pt\/","name":"Turismo sostenible. Patronato de Turismo de la Diputaci\u00f3n de Zamora.&quot;Turismo Sostenible&quot;.","description":"(Espa\u00f1ol) Turismo sostenible. Patronato de Turismo de la Diputaci\u00f3n de Zamora.&quot;Turismo Sostenible&quot;.","publisher":{"@id":"https:\/\/turismoenzamora.es\/pt\/#organization"},"potentialAction":[{"@type":"SearchAction","target":{"@type":"EntryPoint","urlTemplate":"https:\/\/turismoenzamora.es\/pt\/?s={search_term_string}"},"query-input":"required name=search_term_string"}],"inLanguage":"zh-CN"},{"@type":"Organization","@id":"https:\/\/turismoenzamora.es\/pt\/#organization","name":"Patronato de Turismo de la Diputaci\u00f3n de Zamora","url":"https:\/\/turismoenzamora.es\/pt\/","logo":{"@type":"ImageObject","inLanguage":"zh-CN","@id":"https:\/\/turismoenzamora.es\/pt\/#\/schema\/logo\/image\/","url":"https:\/\/turismoenzamora.es\/wp-content\/uploads\/2018\/06\/ZamoraLogo.png","contentUrl":"https:\/\/turismoenzamora.es\/wp-content\/uploads\/2018\/06\/ZamoraLogo.png","width":1276,"height":290,"caption":"Patronato de Turismo de la Diputaci\u00f3n de Zamora"},"image":{"@id":"https:\/\/turismoenzamora.es\/pt\/#\/schema\/logo\/image\/"},"sameAs":["https:\/\/www.facebook.com\/ZamoraSpain\/","https:\/\/x.com\/ZamoraSpain","https:\/\/www.instagram.com\/turismoenzamora.es\/","https:\/\/www.pinterest.es\/TurismoenZamora\/","https:\/\/www.youtube.com\/channel\/UC2bOyOZ-2cLm-uXlBFYUV9w"]}]}},"_links":{"self":[{"href":"https:\/\/turismoenzamora.es\/zh\/wp-json\/wp\/v2\/pages\/321"}],"collection":[{"href":"https:\/\/turismoenzamora.es\/zh\/wp-json\/wp\/v2\/pages"}],"about":[{"href":"https:\/\/turismoenzamora.es\/zh\/wp-json\/wp\/v2\/types\/page"}],"author":[{"embeddable":true,"href":"https:\/\/turismoenzamora.es\/zh\/wp-json\/wp\/v2\/users\/1"}],"replies":[{"embeddable":true,"href":"https:\/\/turismoenzamora.es\/zh\/wp-json\/wp\/v2\/comments?post=321"}],"version-history":[{"count":0,"href":"https:\/\/turismoenzamora.es\/zh\/wp-json\/wp\/v2\/pages\/321\/revisions"}],"up":[{"embeddable":true,"href":"https:\/\/turismoenzamora.es\/zh\/wp-json\/wp\/v2\/pages\/4816"}],"wp:attachment":[{"href":"https:\/\/turismoenzamora.es\/zh\/wp-json\/wp\/v2\/media?parent=321"}],"curies":[{"name":"wp","href":"https:\/\/api.w.org\/{rel}","templated":true}]}}