{"id":312,"date":"2017-08-08T07:23:59","date_gmt":"2017-08-08T05:23:59","guid":{"rendered":"https:\/\/newweb.turismoenzamora.es\/?page_id=312"},"modified":"2021-09-01T16:54:54","modified_gmt":"2021-09-01T14:54:54","slug":"ferias-y-celebraciones-taurinas","status":"publish","type":"page","link":"https:\/\/turismoenzamora.es\/zh\/patrimonio-popular\/ferias-y-celebraciones-taurinas\/","title":{"rendered":"(Espa\u00f1ol) Ferias y Celebraciones Taurinas"},"content":{"rendered":"<p><\/p>\n<h1>Ferias y Celebraciones Taurinas<br \/>\n\u8282\u2f47\u6d3b\u52a8\u548c\u2f43\u2f5c\u6d3b\u52a8<\/h1>\n<p><img fetchpriority=\"high\" decoding=\"async\" class=\"aligncenter size-full wp-image-6903\" src=\"https:\/\/turismoenzamora.es\/wp-content\/uploads\/2017\/08\/Patrimonio-cultural.-Ferias-y-celebraciones-taurinas.jpg\" alt=\"\" data-id=\"6903\" width=\"900\" height=\"600\" srcset=\"https:\/\/turismoenzamora.es\/wp-content\/uploads\/2017\/08\/Patrimonio-cultural.-Ferias-y-celebraciones-taurinas.jpg 900w, https:\/\/turismoenzamora.es\/wp-content\/uploads\/2017\/08\/Patrimonio-cultural.-Ferias-y-celebraciones-taurinas-300x200.jpg 300w, https:\/\/turismoenzamora.es\/wp-content\/uploads\/2017\/08\/Patrimonio-cultural.-Ferias-y-celebraciones-taurinas-768x512.jpg 768w\" sizes=\"(max-width: 900px) 100vw, 900px\" \/><\/p>\n<p>&nbsp;<\/p>\n<p>\u968f\u7740\u6c14\u6e29\u6e10\u6e10\u5347\u9ad8\uff0c\u4eba\u4eec\u7684\u6b22\u5e86\u8282\u65e5\u7684\u60c5\u7eea\u4e5f\u968f\u4e4b\u9ad8\u6da8\uff0c\u6597\u725b\u9879\u76ee\u4e5f\u5f00\u59cb\u4e3e\u529e\u3002<\/p>\n<h3><strong><span style=\"color: #000000;\">El Toro Enmaromado<\/span><\/strong><\/h3>\n<p style=\"text-align: justify;\">Toro Enmaromado\u662f\u2ec9\u7eb3\u2f42\u7279\u7684\u5934\u2f5c\u6d3b\u52a8\uff0c\u516c\u2f5c\u2ec6\u4e0a\u7cfb\u7740\u2ed3\u2ed3\u7ef3 \u7d22\uff0c\u2f08\u4eec\u4e0e\u516c\u2f5c\u62d4\u6cb3\uff0c\u5c55\u73b0\u52c7\u2f53\u7684\u65f6\u523b\u5230\u4e86\u3002.<\/p>\n<h3><span style=\"color: #000000;\">Ferias y fiestas de San Pedro en Zamora<br \/>\n\u8428\u83ab\u62c9\u7684\u5723\u4f69\u5fb7\u7f57\u8282<\/span><\/h3>\n<p><img decoding=\"async\" class=\"size-medium wp-image-619 alignleft\" src=\"https:\/\/turismoenzamora.es\/wp-content\/uploads\/2017\/08\/taurina_2-261x300.jpg\" alt=\"\" width=\"261\" height=\"300\" srcset=\"https:\/\/turismoenzamora.es\/wp-content\/uploads\/2017\/08\/taurina_2-261x300.jpg 261w, https:\/\/turismoenzamora.es\/wp-content\/uploads\/2017\/08\/taurina_2.jpg 276w\" sizes=\"(max-width: 261px) 100vw, 261px\" \/><\/p>\n<p>&nbsp;<\/p>\n<p style=\"text-align: justify;\">6\u2f49 29\u2f47\u5723\u4f69\u5fb7\u7f57\u8282\uff0c \u662f\u2f00\u4e2a\u2fae\u5e38\u4e30\u5bcc\u7684\u8282\u2f47\uff0c\u5728\u4e3a\u671f\u2f00\u5468\u7684\u8282\u2f47 \u6d3b\u52a8\u4e2d\uff0c\u6709\u5404\u2f8a\u5404\u6837\u7684\u8282\u2f6c\uff0c\u2f50\u5982\u6447\u6eda\u2fb3\u4e50\u8282\u3001\u7235\u2f20\u4e50\u6f14\u594f\u8868\u6f14\u3001 \u5f17\u6717\u660e\u2f3d\u2fb3\u4e50\u4f1a\u3001\u2f43\u2f5c\u2f50\u8d5b\u3001\u9676\u74f7\u2f2f\u827a\u54c1\u5c55\u89c8\u4f1a\u4ee5\u53ca\u2f17\u5206\u53e4\u2f7c\u7684\u2f24 \u849c\u8282\u7b49\u3002\u8fd9\u662f\u8428\u83ab\u62c9\u6700\u91cd\u8981\u7684\u8282\u2f47\u6d3b\u52a8\u4e4b\u2f00\uff0c\u8bb8\u591a\u5468\u8fb9\u57ce\u5e02\u7684\u5c45\u2ea0 \u548c\u5404\u8def\u827a\u672f\u5bb6\u5c4a\u65f6\u90fd\u4f1a\u9646\u7eed\u524d\u6765\u3002\u73b0\u4ee3\u2f42\u5316\u548c\u2ea0\u4fd7\u2edb\u60c5\u2f00\u540c\u5c55\u73b0\u51fa \u6765\uff0c\u2f00\u6d3e\u6b23\u6b23\u5411\u8363\u4e4b\u666f\u3002<\/p>\n<p>&nbsp;<\/p>\n<p>&nbsp;<\/p>\n<p>&nbsp;<\/p>\n<h3><span style=\"color: #000000;\">Los Espantes de Fuentesa\u00faco<\/span><\/h3>\n<p><img decoding=\"async\" class=\"size-medium wp-image-620 alignleft\" src=\"https:\/\/turismoenzamora.es\/wp-content\/uploads\/2017\/08\/taurina_3-300x161.jpg\" alt=\"\" width=\"300\" height=\"161\" srcset=\"https:\/\/turismoenzamora.es\/wp-content\/uploads\/2017\/08\/taurina_3-300x161.jpg 300w, https:\/\/turismoenzamora.es\/wp-content\/uploads\/2017\/08\/taurina_3.jpg 494w\" sizes=\"(max-width: 300px) 100vw, 300px\" \/><\/p>\n<p style=\"text-align: justify;\">\u2f17\u4e5d\u4e16\u7eaa\u5f00\u59cb\uff0c\u4e30\u5fb7\u90b5\u2f3d\u9547\uff0c\u6bcf\u5e74\u7684\u516d\u2f49\u521d\u4f1a\u4e3e\u2f8f\u2f00\u6b21\u5954\u2f5c\u6d3b \u52a8\uff0c\u5f53\u5730\u2f08\u4f1a\u9a91\u7740\u2ee2\uff0c\u9a71\u8d76\u7740\u58ee\u7855\u7684\u516c\u2f5c\u9a70\u9a8b\u5728\u8349\u539f\u4e0a\uff0c\u76f4\u2f84\u2f29\u9547 \u4e2d\u2f3c\u3002\u8fd9\u662f\u5f53\u5730\u2fae\u5e38\u6709\u7279\u2f8a\u7684\u5954\u2f5c\u6d3b\u52a8\u3002<\/p>\n<p>&nbsp;<\/p>\n<h3><span style=\"color: #000000;\">Fermoselle<br \/>\n\u8d39\u5c14\u83ab\u585e\u91ce\u2f29\u9547<\/span><\/h3>\n<p style=\"text-align: justify;\">\u2f0b\u2f49\u7684\u4e0b\u65ec\uff0c\u8d39\u5c14\u83ab\u585e\u91ce\u9547\u7684\u5965\u53e4\u65af\u4e01\u8282\uff0c\u5c45\u2ea0\u4f1a\u2f64\u2f4a\u677f\u628a\u2ee2\u7ea6\u5c14 \u2f34\u573a\u7edf\u7edf\u56f4\u4f4f\uff0c\u7b80\u79f0\u2f00\u4e2a\u4e34\u65f6\u7684\u2f43\u2f5c\u573a\u3002\u2f08\u4eec\u770b\u7740\u5954\u8dd1\u7684\u516c\u2f5c\u2f00\u4e2a \u2f00\u4e2a\u8fdb\u2f0a\u4f1a\u573a\uff0c\u2f43\u2f5c\u6d3b\u52a8\u5c31\u6b64\u62c9\u5f00\u5e37\u5e55\u3002<\/p>\n<h3><span style=\"color: #000000;\">Villalpando<br \/>\n\u2f50\u4e9a\u5c14\u6f58\u591a<\/span><\/h3>\n<p style=\"text-align: justify;\">\u57288\u2f49 16\u2f47\u7684\u5723\u7f57\u514b\u8282\uff0c\u8fd9\u2fa5\u7684\u2f43\u2f5c\u6d3b\u52a8\u62c9\u5f00\u5e8f\u5e55\uff0c\u4f34\u968f\u7740\u9a91\u2ee2\u6216 \u6469\u6258\u2ecb\u7684\u8ffd\u9010\uff0c\u5148\u5f00\u59cb\u7684\u662f\u7cbe\u5f69\u7684\u5954\u2f5c\u6d3b\u52a8\u3002\u665a\u4e9b\u65f6\u5019\uff0c\u4e1a\u4f59\u2f43\u2f5c \u8d5b\u4e5f\u6b63\u5f0f\u5f00\u59cb\uff0c\u4e1a\u4f59\u7231\u597d\u8005\u4f1a\u4e5f\u7eb7\u7eb7\u8fdc\u9053\u2f7d\u6765\u3002\u8fd9\u4e2a\u88ab\u79f0\u4e3a\u201ctoros del alba\u201d\u7684\u6d3b\u52a8\u7ed9\u5f53\u5730\u5e26\u6765\u4e86\u4e0d\u5c11\u540d\u2f53\u3002<\/p>\n<h3><span style=\"color: #000000;\">Fiestas de San Agust\u00edn<br \/>\n\u5723\u5965\u53e4\u65af\u4e01\u8282<\/span><\/h3>\n<p style=\"text-align: justify;\">\u6bcf\u5e74\u76848\u2f49 28\u2f47\uff0c\u662f\u6258\u7f57\u57ce\u7684\u5723\u963f\u53e4\u65af\u4e01\u8282\u3002\u6258\u7f57\u57ce\u7684Toro\u2f00\u5b57 \u2faf\u610f\u601d\u4fbf\u662f\u201c\u516c\u2f5c\/\u2f43\u2f5c\u201d\uff0c\u6240\u4ee5\u8fd9\u2f09\u7684\u2f43\u2f5c\u2f42\u5316\u5f53\u7136\u4e0d\u5c11\uff0c\u4e0d\u4f46\u4f1a\u5728 \u2f43\u2f5c\u573a\u4e2d\u6709\u2f43\u2f5c\u8d5b\uff0c\u8fd8\u4f1a\u4e3e\u2f8f\u5954\u2f5c\u6d3b\u52a8\u3002\u8fd9\u2fa5\u6700\u6709\u540d\u7684\u662f\u2f00\u4e2a\u88ab\u79f0 \u4e3a\u201c\u8461\u8404\u9152\u4e4b\u6cc9\u201d\u7684\u6d3b\u52a8\u3002 \u6d3b\u52a8\u5728\u2f43\u2f5c\u573a\u4e3e\u529e\uff0c\u4e3b\u529e\u2f45\u4f1a\u653e\u51fa\u4f53\u79ef\u8f83\u2f29\u7684\u5c11\u5e74\u516c\u2f5c\uff0c\u2f29\u516c \u2f5c\u5230\u5904\u4e71\u8dd1\u7684\u540c\u65f6\uff0c\u5954\u2f5c\u8005\u8981\u53ca\u65f6\u8eb2\u907f\u5f00\uff0c\u2f7d\u4e14\u8fd8\u8981\u5c3d\u5168\u2f12\u9760\u8fd1\u2f43 \u2f5c\u573a\u7684\u4e2d\u2f3c\u70b9\uff0c\u56e0\u4e3a\u5728\u4e2d\u2f3c\u70b9\u4e0a\uff0c\u4e3b\u529e\u2f45\u4f1a\u653e\u4e0a\u2f00\u6574\u6876\u7684\u8461\u8404\u9152\uff0c \u5982\u679c\u8c01\u540c\u65f6\u654f\u6377\u5730\u8eb2\u5f00\u2f29\u516c\u2f5c\uff0c\u2f1c\u80fd\u559d\u5230\u6876\u4e2d\u7684\u8461\u8404\u9152\uff0c\u89c2\u4f17\u7edd\u5bf9 \u4f1a\u4e0d\u60dc\u4f59\u2f12\u7684\u7ed9\u4e88\u6700\u70ed\u70c8\u7684\u638c\u58f0\u3002<\/p>\n<h3><span style=\"color: #000000;\"><span style=\"color: #000000;\">Toro<br \/>\n\u6258\u7f57\u57ce\u7684\u8461\u8404\u91c7\u6458\u8282<\/span><\/span><\/h3>\n<p><img loading=\"lazy\" decoding=\"async\" class=\"size-medium wp-image-621 alignright\" src=\"https:\/\/turismoenzamora.es\/wp-content\/uploads\/2017\/08\/taurina_4-300x287.jpg\" alt=\"\" width=\"300\" height=\"287\" srcset=\"https:\/\/turismoenzamora.es\/wp-content\/uploads\/2017\/08\/taurina_4-300x287.jpg 300w, https:\/\/turismoenzamora.es\/wp-content\/uploads\/2017\/08\/taurina_4.jpg 360w\" sizes=\"(max-width: 300px) 100vw, 300px\" \/><\/p>\n<p style=\"text-align: justify;\">\u5728\u2f17\u2f49\u4e0a\u65ec\uff0c\u2f00\u4e2a\u91cd\u8981\u8282\u2f47\u662f\u6258\u7f57\u57ce\u7684\u8461\u8404\u91c7\u6458\u8282\uff08la Vendimia\uff09\u3002\u8fd9\u4e2a\u4f20\u7edf\u4e14\u6709\u8da3\u7684\u8282\u2f47\u4e5f\u662f\u88ab\u5b98\u2f45\u8ba4\u53ef\u7684\u65c5\u6e38\u5947\u8da3 \u666f\u70b9\u4e4b\u2f00\u3002 \u5728\u8fd9\u4e2a\u5145\u6ee1\u8461\u8404\u2fb9\u2f53\u7684\u8282\u2f47\u2fa5\uff0c\u4f60\u53ef\u4ee5\u968f\u65f6\u5b66\u5230\u8461\u8404 \u91c7\u6458\u7684\u77e5\u8bc6\uff0c\u54c1\u5c1d\u5230\u9c9c\u7f8e\u7684D.O.\u7ea7\u522b\u8461\u8404\u9152\uff0c\u8fd8\u53ef\u4ee5\u6b23\u8d4f\u7f8e\u4e3d\u7684\u82b1 \u2ecb\u6e38\u2f8f\u6d3b\u52a8\u3002<\/p>\n<p>&nbsp;<\/p>\n<h3><span style=\"color: #000000;\">Las Victorias<br \/>\n\u62c9\u65af\u7ef4\u591a\u5229\u4e9a\u65af\u8282<\/span><\/h3>\n<p style=\"text-align: justify;\">\u57289\u2f49 8\u2f47\u7684\u5723\u7eb3\u592b\u5229\u4e9a\u2f29\u9547\uff0c\u2f08\u4eec\u4e3e\u2f8f\u62c9\u65af\u7ef4\u591a\u5229\u4e9a\u65af\u8282\uff0c\u8fd9 \u2f00\u5929\u7684\u60ca\u2f3c\u2f00\u523b\uff0c\u662f\u5728\u665a\u4e0a\u7684\u2ee2\u7ea6\u5c14\u2f34\u573a\u4e0a\u3002\u8fd9\u2fa5\u7684\u4e3b\u2ec6\u662f\u201c\u70df\u2f55 \u516c\u2f5c\u201d\uff0c\u2f00\u5934\u6d51\u8eab\u55b7\u5c04\u2f55\u82b1\u7684\u516c\u2f5c\u6a21\u578b\u88ab\u2f08\u2fbc\u4e3e\u7740\u51b2\u8fdb\u2f08\u7fa4\uff0c\u2f24\u5bb6 \u8ffd\u9010\u6b22\u7b11\uff0c\u2fae\u5e38\u6709\u8da3\u3002 \u8fd9\u4e2a\u6709\u8da3\u7684\u6d3b\u52a8\u572819\u4e16\u7eaa\u9010\u6e10\u5f62\u6210\uff0c\u2f84\u4eca\u6210\u4e3a\u4e86\u5e74\u8f7b\u2f08\u559c\u6b22\u7684\u2f00 \u4e2a\u91cd\u8981\u8282\u2f47\u3002<\/p>\n<p><a href=\"https:\/\/turismoenzamora.es\/wp-content\/uploads\/2018\/05\/folletoPatrimonioPopular-1.pdf\"><img decoding=\"async\" src=\"https:\/\/turismoenzamora.es\/wp-content\/uploads\/2017\/08\/masinfo.png\"><\/a><\/p>\n<p><\/p>","protected":false},"excerpt":{"rendered":"<p>Ferias y Celebraciones Taurinas \u8282\u2f47\u6d3b\u52a8\u548c\u2f43\u2f5c\u6d3b\u52a8 &nbsp; \u968f\u7740\u6c14\u6e29\u6e10\u6e10 [&hellip;]<\/p>\n","protected":false},"author":1,"featured_media":0,"parent":88,"menu_order":4,"comment_status":"closed","ping_status":"closed","template":"","meta":{"inline_featured_image":false,"site-sidebar-layout":"default","site-content-layout":"default","ast-site-content-layout":"","site-content-style":"default","site-sidebar-style":"default","ast-global-header-display":"","ast-banner-title-visibility":"","ast-main-header-display":"","ast-hfb-above-header-display":"","ast-hfb-below-header-display":"","ast-hfb-mobile-header-display":"","site-post-title":"disabled","ast-breadcrumbs-content":"","ast-featured-img":"","footer-sml-layout":"","theme-transparent-header-meta":"default","adv-header-id-meta":"","stick-header-meta":"","header-above-stick-meta":"","header-main-stick-meta":"","header-below-stick-meta":"","astra-migrate-meta-layouts":"default","ast-page-background-enabled":"default","ast-page-background-meta":{"desktop":{"background-color":"","background-image":"","background-repeat":"repeat","background-position":"center center","background-size":"auto","background-attachment":"scroll","background-type":"","background-media":"","overlay-type":"","overlay-color":"","overlay-opacity":"","overlay-gradient":""},"tablet":{"background-color":"","background-image":"","background-repeat":"repeat","background-position":"center center","background-size":"auto","background-attachment":"scroll","background-type":"","background-media":"","overlay-type":"","overlay-color":"","overlay-opacity":"","overlay-gradient":""},"mobile":{"background-color":"","background-image":"","background-repeat":"repeat","background-position":"center center","background-size":"auto","background-attachment":"scroll","background-type":"","background-media":"","overlay-type":"","overlay-color":"","overlay-opacity":"","overlay-gradient":""}},"ast-content-background-meta":{"desktop":{"background-color":"var(--ast-global-color-5)","background-image":"","background-repeat":"repeat","background-position":"center center","background-size":"auto","background-attachment":"scroll","background-type":"","background-media":"","overlay-type":"","overlay-color":"","overlay-opacity":"","overlay-gradient":""},"tablet":{"background-color":"var(--ast-global-color-5)","background-image":"","background-repeat":"repeat","background-position":"center center","background-size":"auto","background-attachment":"scroll","background-type":"","background-media":"","overlay-type":"","overlay-color":"","overlay-opacity":"","overlay-gradient":""},"mobile":{"background-color":"var(--ast-global-color-5)","background-image":"","background-repeat":"repeat","background-position":"center center","background-size":"auto","background-attachment":"scroll","background-type":"","background-media":"","overlay-type":"","overlay-color":"","overlay-opacity":"","overlay-gradient":""}},"ngg_post_thumbnail":0,"footnotes":""},"yoast_head":"<!-- This site is optimized with the Yoast SEO plugin v23.0 - https:\/\/yoast.com\/wordpress\/plugins\/seo\/ -->\n<title>Turismo de Zamora , Turismo Sostenible<\/title>\n<meta name=\"description\" content=\"Esta es la p\u00e1gina Oficial de Turismo de Diputaci\u00f3n de Zamora, donde podr\u00e1 encontrar toda la informaci\u00f3n para disfrutar al m\u00e1ximo de nuestra provincia.\" \/>\n<meta name=\"robots\" content=\"index, follow, max-snippet:-1, max-image-preview:large, max-video-preview:-1\" \/>\n<link rel=\"canonical\" href=\"https:\/\/turismoenzamora.es\/de\/patrimonio-popular\/ferias-y-celebraciones-taurinas\/\" \/>\n<meta property=\"og:locale\" content=\"zh_CN\" \/>\n<meta property=\"og:type\" content=\"article\" \/>\n<meta property=\"og:title\" content=\"Turismo de Zamora , Turismo Sostenible\" \/>\n<meta property=\"og:description\" content=\"Esta es la p\u00e1gina Oficial de Turismo de Diputaci\u00f3n de Zamora, donde podr\u00e1 encontrar toda la informaci\u00f3n para disfrutar al m\u00e1ximo de nuestra provincia.\" \/>\n<meta property=\"og:url\" content=\"https:\/\/turismoenzamora.es\/de\/patrimonio-popular\/ferias-y-celebraciones-taurinas\/\" \/>\n<meta property=\"og:site_name\" content=\"(Espa\u00f1ol) Turismo sostenible. Patronato de Turismo de la Diputaci\u00f3n de Zamora.&quot;Turismo Sostenible&quot;.\" \/>\n<meta property=\"article:publisher\" content=\"https:\/\/www.facebook.com\/ZamoraSpain\/\" \/>\n<meta property=\"article:modified_time\" content=\"2021-09-01T14:54:54+00:00\" \/>\n<meta property=\"og:image\" content=\"https:\/\/turismoenzamora.es\/wp-content\/uploads\/2017\/08\/Patrimonio-cultural.-Ferias-y-celebraciones-taurinas.jpg\" \/>\n<meta name=\"twitter:card\" content=\"summary_large_image\" \/>\n<meta name=\"twitter:site\" content=\"@ZamoraSpain\" \/>\n<meta name=\"twitter:label1\" content=\"\u9884\u8ba1\u9605\u8bfb\u65f6\u95f4\" \/>\n\t<meta name=\"twitter:data1\" content=\"18\u5206\" \/>\n<script type=\"application\/ld+json\" class=\"yoast-schema-graph\">{\"@context\":\"https:\/\/schema.org\",\"@graph\":[{\"@type\":\"WebPage\",\"@id\":\"https:\/\/turismoenzamora.es\/de\/patrimonio-popular\/ferias-y-celebraciones-taurinas\/\",\"url\":\"https:\/\/turismoenzamora.es\/de\/patrimonio-popular\/ferias-y-celebraciones-taurinas\/\",\"name\":\"Turismo de Zamora , Turismo Sostenible\",\"isPartOf\":{\"@id\":\"https:\/\/turismoenzamora.es\/pt\/#website\"},\"primaryImageOfPage\":{\"@id\":\"https:\/\/turismoenzamora.es\/de\/patrimonio-popular\/ferias-y-celebraciones-taurinas\/#primaryimage\"},\"image\":{\"@id\":\"https:\/\/turismoenzamora.es\/de\/patrimonio-popular\/ferias-y-celebraciones-taurinas\/#primaryimage\"},\"thumbnailUrl\":\"https:\/\/turismoenzamora.es\/wp-content\/uploads\/2017\/08\/Patrimonio-cultural.-Ferias-y-celebraciones-taurinas.jpg\",\"datePublished\":\"2017-08-08T05:23:59+00:00\",\"dateModified\":\"2021-09-01T14:54:54+00:00\",\"description\":\"Esta es la p\u00e1gina Oficial de Turismo de Diputaci\u00f3n de Zamora, donde podr\u00e1 encontrar toda la informaci\u00f3n para disfrutar al m\u00e1ximo de nuestra provincia.\",\"breadcrumb\":{\"@id\":\"https:\/\/turismoenzamora.es\/de\/patrimonio-popular\/ferias-y-celebraciones-taurinas\/#breadcrumb\"},\"inLanguage\":\"zh-CN\",\"potentialAction\":[{\"@type\":\"ReadAction\",\"target\":[\"https:\/\/turismoenzamora.es\/de\/patrimonio-popular\/ferias-y-celebraciones-taurinas\/\"]}]},{\"@type\":\"ImageObject\",\"inLanguage\":\"zh-CN\",\"@id\":\"https:\/\/turismoenzamora.es\/de\/patrimonio-popular\/ferias-y-celebraciones-taurinas\/#primaryimage\",\"url\":\"https:\/\/turismoenzamora.es\/wp-content\/uploads\/2017\/08\/Patrimonio-cultural.-Ferias-y-celebraciones-taurinas.jpg\",\"contentUrl\":\"https:\/\/turismoenzamora.es\/wp-content\/uploads\/2017\/08\/Patrimonio-cultural.-Ferias-y-celebraciones-taurinas.jpg\"},{\"@type\":\"BreadcrumbList\",\"@id\":\"https:\/\/turismoenzamora.es\/de\/patrimonio-popular\/ferias-y-celebraciones-taurinas\/#breadcrumb\",\"itemListElement\":[{\"@type\":\"ListItem\",\"position\":1,\"name\":\"Portada\",\"item\":\"https:\/\/turismoenzamora.es\/\"},{\"@type\":\"ListItem\",\"position\":2,\"name\":\"Patrimonio Popular\",\"item\":\"https:\/\/turismoenzamora.es\/de\/patrimonio-popular\/\"},{\"@type\":\"ListItem\",\"position\":3,\"name\":\"M\u00e4rkte und stierkampffeste\"}]},{\"@type\":\"WebSite\",\"@id\":\"https:\/\/turismoenzamora.es\/pt\/#website\",\"url\":\"https:\/\/turismoenzamora.es\/pt\/\",\"name\":\"Turismo sostenible. Patronato de Turismo de la Diputaci\u00f3n de Zamora.&quot;Turismo Sostenible&quot;.\",\"description\":\"(Espa\u00f1ol) Turismo sostenible. Patronato de Turismo de la Diputaci\u00f3n de Zamora.&quot;Turismo Sostenible&quot;.\",\"publisher\":{\"@id\":\"https:\/\/turismoenzamora.es\/pt\/#organization\"},\"potentialAction\":[{\"@type\":\"SearchAction\",\"target\":{\"@type\":\"EntryPoint\",\"urlTemplate\":\"https:\/\/turismoenzamora.es\/pt\/?s={search_term_string}\"},\"query-input\":\"required name=search_term_string\"}],\"inLanguage\":\"zh-CN\"},{\"@type\":\"Organization\",\"@id\":\"https:\/\/turismoenzamora.es\/pt\/#organization\",\"name\":\"Patronato de Turismo de la Diputaci\u00f3n de Zamora\",\"url\":\"https:\/\/turismoenzamora.es\/pt\/\",\"logo\":{\"@type\":\"ImageObject\",\"inLanguage\":\"zh-CN\",\"@id\":\"https:\/\/turismoenzamora.es\/pt\/#\/schema\/logo\/image\/\",\"url\":\"https:\/\/turismoenzamora.es\/wp-content\/uploads\/2018\/06\/ZamoraLogo.png\",\"contentUrl\":\"https:\/\/turismoenzamora.es\/wp-content\/uploads\/2018\/06\/ZamoraLogo.png\",\"width\":1276,\"height\":290,\"caption\":\"Patronato de Turismo de la Diputaci\u00f3n de Zamora\"},\"image\":{\"@id\":\"https:\/\/turismoenzamora.es\/pt\/#\/schema\/logo\/image\/\"},\"sameAs\":[\"https:\/\/www.facebook.com\/ZamoraSpain\/\",\"https:\/\/x.com\/ZamoraSpain\",\"https:\/\/www.instagram.com\/turismoenzamora.es\/\",\"https:\/\/www.pinterest.es\/TurismoenZamora\/\",\"https:\/\/www.youtube.com\/channel\/UC2bOyOZ-2cLm-uXlBFYUV9w\"]}]}<\/script>\n<!-- \/ Yoast SEO plugin. -->","yoast_head_json":{"title":"Turismo de Zamora , Turismo Sostenible","description":"Esta es la p\u00e1gina Oficial de Turismo de Diputaci\u00f3n de Zamora, donde podr\u00e1 encontrar toda la informaci\u00f3n para disfrutar al m\u00e1ximo de nuestra provincia.","robots":{"index":"index","follow":"follow","max-snippet":"max-snippet:-1","max-image-preview":"max-image-preview:large","max-video-preview":"max-video-preview:-1"},"canonical":"https:\/\/turismoenzamora.es\/de\/patrimonio-popular\/ferias-y-celebraciones-taurinas\/","og_locale":"zh_CN","og_type":"article","og_title":"Turismo de Zamora , Turismo Sostenible","og_description":"Esta es la p\u00e1gina Oficial de Turismo de Diputaci\u00f3n de Zamora, donde podr\u00e1 encontrar toda la informaci\u00f3n para disfrutar al m\u00e1ximo de nuestra provincia.","og_url":"https:\/\/turismoenzamora.es\/de\/patrimonio-popular\/ferias-y-celebraciones-taurinas\/","og_site_name":"(Espa\u00f1ol) Turismo sostenible. Patronato de Turismo de la Diputaci\u00f3n de Zamora.&quot;Turismo Sostenible&quot;.","article_publisher":"https:\/\/www.facebook.com\/ZamoraSpain\/","article_modified_time":"2021-09-01T14:54:54+00:00","og_image":[{"url":"https:\/\/turismoenzamora.es\/wp-content\/uploads\/2017\/08\/Patrimonio-cultural.-Ferias-y-celebraciones-taurinas.jpg"}],"twitter_card":"summary_large_image","twitter_site":"@ZamoraSpain","twitter_misc":{"\u9884\u8ba1\u9605\u8bfb\u65f6\u95f4":"18\u5206"},"schema":{"@context":"https:\/\/schema.org","@graph":[{"@type":"WebPage","@id":"https:\/\/turismoenzamora.es\/de\/patrimonio-popular\/ferias-y-celebraciones-taurinas\/","url":"https:\/\/turismoenzamora.es\/de\/patrimonio-popular\/ferias-y-celebraciones-taurinas\/","name":"Turismo de Zamora , Turismo Sostenible","isPartOf":{"@id":"https:\/\/turismoenzamora.es\/pt\/#website"},"primaryImageOfPage":{"@id":"https:\/\/turismoenzamora.es\/de\/patrimonio-popular\/ferias-y-celebraciones-taurinas\/#primaryimage"},"image":{"@id":"https:\/\/turismoenzamora.es\/de\/patrimonio-popular\/ferias-y-celebraciones-taurinas\/#primaryimage"},"thumbnailUrl":"https:\/\/turismoenzamora.es\/wp-content\/uploads\/2017\/08\/Patrimonio-cultural.-Ferias-y-celebraciones-taurinas.jpg","datePublished":"2017-08-08T05:23:59+00:00","dateModified":"2021-09-01T14:54:54+00:00","description":"Esta es la p\u00e1gina Oficial de Turismo de Diputaci\u00f3n de Zamora, donde podr\u00e1 encontrar toda la informaci\u00f3n para disfrutar al m\u00e1ximo de nuestra provincia.","breadcrumb":{"@id":"https:\/\/turismoenzamora.es\/de\/patrimonio-popular\/ferias-y-celebraciones-taurinas\/#breadcrumb"},"inLanguage":"zh-CN","potentialAction":[{"@type":"ReadAction","target":["https:\/\/turismoenzamora.es\/de\/patrimonio-popular\/ferias-y-celebraciones-taurinas\/"]}]},{"@type":"ImageObject","inLanguage":"zh-CN","@id":"https:\/\/turismoenzamora.es\/de\/patrimonio-popular\/ferias-y-celebraciones-taurinas\/#primaryimage","url":"https:\/\/turismoenzamora.es\/wp-content\/uploads\/2017\/08\/Patrimonio-cultural.-Ferias-y-celebraciones-taurinas.jpg","contentUrl":"https:\/\/turismoenzamora.es\/wp-content\/uploads\/2017\/08\/Patrimonio-cultural.-Ferias-y-celebraciones-taurinas.jpg"},{"@type":"BreadcrumbList","@id":"https:\/\/turismoenzamora.es\/de\/patrimonio-popular\/ferias-y-celebraciones-taurinas\/#breadcrumb","itemListElement":[{"@type":"ListItem","position":1,"name":"Portada","item":"https:\/\/turismoenzamora.es\/"},{"@type":"ListItem","position":2,"name":"Patrimonio Popular","item":"https:\/\/turismoenzamora.es\/de\/patrimonio-popular\/"},{"@type":"ListItem","position":3,"name":"M\u00e4rkte und stierkampffeste"}]},{"@type":"WebSite","@id":"https:\/\/turismoenzamora.es\/pt\/#website","url":"https:\/\/turismoenzamora.es\/pt\/","name":"Turismo sostenible. Patronato de Turismo de la Diputaci\u00f3n de Zamora.&quot;Turismo Sostenible&quot;.","description":"(Espa\u00f1ol) Turismo sostenible. Patronato de Turismo de la Diputaci\u00f3n de Zamora.&quot;Turismo Sostenible&quot;.","publisher":{"@id":"https:\/\/turismoenzamora.es\/pt\/#organization"},"potentialAction":[{"@type":"SearchAction","target":{"@type":"EntryPoint","urlTemplate":"https:\/\/turismoenzamora.es\/pt\/?s={search_term_string}"},"query-input":"required name=search_term_string"}],"inLanguage":"zh-CN"},{"@type":"Organization","@id":"https:\/\/turismoenzamora.es\/pt\/#organization","name":"Patronato de Turismo de la Diputaci\u00f3n de Zamora","url":"https:\/\/turismoenzamora.es\/pt\/","logo":{"@type":"ImageObject","inLanguage":"zh-CN","@id":"https:\/\/turismoenzamora.es\/pt\/#\/schema\/logo\/image\/","url":"https:\/\/turismoenzamora.es\/wp-content\/uploads\/2018\/06\/ZamoraLogo.png","contentUrl":"https:\/\/turismoenzamora.es\/wp-content\/uploads\/2018\/06\/ZamoraLogo.png","width":1276,"height":290,"caption":"Patronato de Turismo de la Diputaci\u00f3n de Zamora"},"image":{"@id":"https:\/\/turismoenzamora.es\/pt\/#\/schema\/logo\/image\/"},"sameAs":["https:\/\/www.facebook.com\/ZamoraSpain\/","https:\/\/x.com\/ZamoraSpain","https:\/\/www.instagram.com\/turismoenzamora.es\/","https:\/\/www.pinterest.es\/TurismoenZamora\/","https:\/\/www.youtube.com\/channel\/UC2bOyOZ-2cLm-uXlBFYUV9w"]}]}},"_links":{"self":[{"href":"https:\/\/turismoenzamora.es\/zh\/wp-json\/wp\/v2\/pages\/312"}],"collection":[{"href":"https:\/\/turismoenzamora.es\/zh\/wp-json\/wp\/v2\/pages"}],"about":[{"href":"https:\/\/turismoenzamora.es\/zh\/wp-json\/wp\/v2\/types\/page"}],"author":[{"embeddable":true,"href":"https:\/\/turismoenzamora.es\/zh\/wp-json\/wp\/v2\/users\/1"}],"replies":[{"embeddable":true,"href":"https:\/\/turismoenzamora.es\/zh\/wp-json\/wp\/v2\/comments?post=312"}],"version-history":[{"count":0,"href":"https:\/\/turismoenzamora.es\/zh\/wp-json\/wp\/v2\/pages\/312\/revisions"}],"up":[{"embeddable":true,"href":"https:\/\/turismoenzamora.es\/zh\/wp-json\/wp\/v2\/pages\/88"}],"wp:attachment":[{"href":"https:\/\/turismoenzamora.es\/zh\/wp-json\/wp\/v2\/media?parent=312"}],"curies":[{"name":"wp","href":"https:\/\/api.w.org\/{rel}","templated":true}]}}