{"id":310,"date":"2017-08-08T07:23:33","date_gmt":"2017-08-08T05:23:33","guid":{"rendered":"https:\/\/newweb.turismoenzamora.es\/?page_id=310"},"modified":"2021-09-01T16:54:29","modified_gmt":"2021-09-01T14:54:29","slug":"romerias-de-otono","status":"publish","type":"page","link":"https:\/\/turismoenzamora.es\/zh\/patrimonio-popular\/romerias-de-otono\/","title":{"rendered":"(Espa\u00f1ol) Romer\u00edas de Oto\u00f1o"},"content":{"rendered":"<p><\/p>\n<h1 class=\"title\">Romerias de Oto\u00f1o<br \/>\n\u79cb\u65e5\u671d\u5723\u8282\uff08\u79cb\u5929\u7684\u4f20\u7edf\u6d3b\u52a8\uff09<\/h1>\n<p>&nbsp;<\/p>\n<p><img fetchpriority=\"high\" decoding=\"async\" class=\"aligncenter size-full wp-image-6908\" src=\"https:\/\/turismoenzamora.es\/wp-content\/uploads\/2017\/08\/Patrimonio-cultural.-Romer\u00edas-de-oto\u00f1o.-LA-ALCOBILLA.jpg\" alt=\"\" data-id=\"6908\" width=\"800\" height=\"534\" srcset=\"https:\/\/turismoenzamora.es\/wp-content\/uploads\/2017\/08\/Patrimonio-cultural.-Romer\u00edas-de-oto\u00f1o.-LA-ALCOBILLA.jpg 800w, https:\/\/turismoenzamora.es\/wp-content\/uploads\/2017\/08\/Patrimonio-cultural.-Romer\u00edas-de-oto\u00f1o.-LA-ALCOBILLA-300x200.jpg 300w, https:\/\/turismoenzamora.es\/wp-content\/uploads\/2017\/08\/Patrimonio-cultural.-Romer\u00edas-de-oto\u00f1o.-LA-ALCOBILLA-768x513.jpg 768w\" sizes=\"(max-width: 800px) 100vw, 800px\" \/><\/p>\n<p>&nbsp;<\/p>\n<p style=\"text-align: justify;\">\u968f\u7740\u6e29\u5ea6\u7684\u4e0b\u964d\uff0c\u8428\u83ab\u62c9\u7701\u7684\u4f20\u7edf\u6d3b\u52a8\u5f00\u59cb\u6e10\u6e10\u51cf\u5c11\u3002\u867d\u7136\u5982\u6b64\uff0c\u98df\u7269\u7684\u9999\u6c14\u548c\u7f8e\u5473\u5374\u6108\u52a0\u6d53\u70c8\u3002\u5728\u5404\u4e2a\u6559\u533a\u6559\u5802\u7684\u56db\u5468\uff0c\u4eba\u4eec\u751f\u8d77\u7bdd\u706b\u3001\u5531\u8d77\u5723\u6b4c\u3001\u5439\u7740Gaita\uff08\u897f\u73ed\u7259\u98ce\u7b1b\uff09\u3001\u8e29\u54cd\u9f13\u70b9\uff0c\u4eab\u53d7\u5206\u91cf\u5341\u8db3\u7684\u7f8e\u98df\uff0c\u79cb\u65e5\u671d\u5723\u8282\u5c31\u6b64\u62c9\u5f00\u5e37\u5e55\u3002<\/p>\n<h3><span style=\"color: #000000;\"><strong>La Alcobilla<br \/>\n\u6559\u533a\u6559\u5802<\/strong><\/span><\/h3>\n<p style=\"text-align: justify;\">\u57289\u2f49 8\u2f47\uff0c\u8fd9\u2fa5\u4e3e\u2f8f\u79cb\u2f47\u671d\u5723\u8282\u3002\u968f\u7740\u671d\u62dc \u5723\u2e9f\u7684\u6d3b\u52a8\uff0c\u7f8e\u9152\u2fb3\u4e50\uff0c\u8fd8\u6709\u7ae0\u2ee5\u6599\u7406\u8ba9\u2f08 \u6c89\u6d78\u5728\u8282\u2f47\u2f53\u6c1b\u4e2d\u3002<\/p>\n<h3><span style=\"color: #000000;\"><strong>La Peregrina<br \/>\n\u6559\u533a\u6559\u5802<\/strong><\/span><\/h3>\n<p><img decoding=\"async\" class=\"size-medium wp-image-614 alignleft\" src=\"https:\/\/turismoenzamora.es\/wp-content\/uploads\/2017\/08\/oto\u00f1o_2-300x159.jpg\" alt=\"\" width=\"300\" height=\"159\" srcset=\"https:\/\/turismoenzamora.es\/wp-content\/uploads\/2017\/08\/oto\u00f1o_2-300x159.jpg 300w, https:\/\/turismoenzamora.es\/wp-content\/uploads\/2017\/08\/oto\u00f1o_2.jpg 492w\" sizes=\"(max-width: 300px) 100vw, 300px\" \/><\/p>\n<p style=\"text-align: justify;\">\u57289\u2f49\u7684\u7b2c\u2f00\u4e2a\u661f\u671f\u2f47\uff0c \u8fd9\u2fa5\u4e3e\u2f8f\u79cb\u2f47\u671d\u5723 \u8282\u3002\u968f\u7740\u671d\u62dc\u5723\u2e9f\u7684\u6d3b\u52a8\uff0c\u7f8e\u9152\u2fb3\u4e50\uff0c\u6211\u4eec \u53ef\u4ee5\u6b23\u8d4f\u8fd9\u5ea719\u4e16\u7eaa\u7684\u7f8e\u4e3d\u6559\u5802\u3002<\/p>\n<p>&nbsp;<\/p>\n<p>&nbsp;<\/p>\n<h3><span style=\"color: #000000;\"><strong>Virgen de la Carballeda<br \/>\n\u6559\u533a\u6559\u5802<\/strong><\/span><\/h3>\n<p>\u57289\u2f49\u7684\u7b2c\u2f06\u4e2a\u661f\u671f\u2f47\uff0c\u9664\u4e86\u671d\u62dc\u548c\u7f8e\u2edd\u8282 \u5e86\u6d3b\u52a8\uff0c\u8fd9\u2fa5\u7684\u2f08\u4eec\u4f1a\u5e26\u4e0a\u9c9c\u82b1\uff0c\u8fdb\u732e\u7ed9\u8fd9 \u2fa5\u7684\u5723\u2e9f\u3002\u5723\u2e9f\u50cf\u88ab\u82b1\u6d77\u5305\u56f4\uff0c\u8282\u2f47\u2f53\u6c1b\u70ed \u70c8\u3002<\/p>\n<h3><span style=\"color: #000000;\"><strong>Romer\u00eda de la Tuiza<br \/>\n\u6559\u533a\u6559\u5802<\/strong><\/span><\/h3>\n<p style=\"text-align: justify;\">\u8fd9\u4e2a\u7f8e\u4e3d\u7684\u6559\u533a\u6559\u5802\uff0c\u6df1\u5904\u8fde\u7ef5\u2ed8\u2f2d\u73af\u62b1 \u4e2d\uff0c\u7f8e\u4e3d\u7684\u666f\u2f8a\u548c\u7f8e\u5473\u7684\u2edd\u7269\u4e2d\uff0c\u2f24\u5bb6\u5c3d\u60c5 \u4eab\u53d7\u7740\u8282\u2f47\u7684\u2f53\u6c1b\u3002<\/p>\n<h3><span style=\"color: #000000;\"><strong>Los Remedios<br \/>\n\u6559\u533a\u6559\u5802<\/strong><\/span><\/h3>\n<p style=\"text-align: justify;\">\u5728\u8428\u7eb3\u5e03\u2fa5\u4e9a\u6559\u533a\u7684\u8fd9\u2f0f\u5ea7\u6559\u533a\u6559\u5802\uff0c\u2f00\u5411 \u662f\u6700\u5177\u2f08\u2f53\u7684\u3002\u8fd9\u2fa5\u7684\u8282\u2f47\u6d3b\u52a8\u4e30\u5bcc\uff0c\u7f8e \u2edd\u3001\u7f8e\u9152\u3001\u2fb3\u4e50\u3001\u671d\u5723\uff0c\u5f53\u7136\u8fd8\u4f1a\u6709\u5f53\u5730\u7684 \u8428\u7eb3\u5e03\u2fa5\u4e9a\u7279\u4ea7\u7ae0\u2ee5\u6599\u7406\uff0c\u8ba9\u2f08\u2f00\u9971\u2f1d\u798f\u3002<\/p>\n<p><a href=\"https:\/\/turismoenzamora.es\/wp-content\/uploads\/2018\/05\/folletoPatrimonioPopular-1.pdf\"><img decoding=\"async\" src=\"https:\/\/turismoenzamora.es\/wp-content\/uploads\/2017\/08\/masinfo.png\"><\/a><\/p>\n<p><\/p>","protected":false},"excerpt":{"rendered":"<p>Romerias de Oto\u00f1o \u79cb\u65e5\u671d\u5723\u8282\uff08\u79cb\u5929\u7684\u4f20\u7edf\u6d3b\u52a8\uff09 &nbsp; &nbsp; \u968f\u7740\u6e29\u5ea6\u7684\u4e0b\u964d\uff0c [&hellip;]<\/p>\n","protected":false},"author":1,"featured_media":0,"parent":88,"menu_order":3,"comment_status":"closed","ping_status":"closed","template":"","meta":{"inline_featured_image":false,"site-sidebar-layout":"default","site-content-layout":"default","ast-site-content-layout":"","site-content-style":"default","site-sidebar-style":"default","ast-global-header-display":"","ast-banner-title-visibility":"","ast-main-header-display":"","ast-hfb-above-header-display":"","ast-hfb-below-header-display":"","ast-hfb-mobile-header-display":"","site-post-title":"disabled","ast-breadcrumbs-content":"","ast-featured-img":"","footer-sml-layout":"","theme-transparent-header-meta":"default","adv-header-id-meta":"","stick-header-meta":"","header-above-stick-meta":"","header-main-stick-meta":"","header-below-stick-meta":"","astra-migrate-meta-layouts":"default","ast-page-background-enabled":"default","ast-page-background-meta":{"desktop":{"background-color":"","background-image":"","background-repeat":"repeat","background-position":"center center","background-size":"auto","background-attachment":"scroll","background-type":"","background-media":"","overlay-type":"","overlay-color":"","overlay-opacity":"","overlay-gradient":""},"tablet":{"background-color":"","background-image":"","background-repeat":"repeat","background-position":"center center","background-size":"auto","background-attachment":"scroll","background-type":"","background-media":"","overlay-type":"","overlay-color":"","overlay-opacity":"","overlay-gradient":""},"mobile":{"background-color":"","background-image":"","background-repeat":"repeat","background-position":"center center","background-size":"auto","background-attachment":"scroll","background-type":"","background-media":"","overlay-type":"","overlay-color":"","overlay-opacity":"","overlay-gradient":""}},"ast-content-background-meta":{"desktop":{"background-color":"var(--ast-global-color-5)","background-image":"","background-repeat":"repeat","background-position":"center center","background-size":"auto","background-attachment":"scroll","background-type":"","background-media":"","overlay-type":"","overlay-color":"","overlay-opacity":"","overlay-gradient":""},"tablet":{"background-color":"var(--ast-global-color-5)","background-image":"","background-repeat":"repeat","background-position":"center center","background-size":"auto","background-attachment":"scroll","background-type":"","background-media":"","overlay-type":"","overlay-color":"","overlay-opacity":"","overlay-gradient":""},"mobile":{"background-color":"var(--ast-global-color-5)","background-image":"","background-repeat":"repeat","background-position":"center center","background-size":"auto","background-attachment":"scroll","background-type":"","background-media":"","overlay-type":"","overlay-color":"","overlay-opacity":"","overlay-gradient":""}},"ngg_post_thumbnail":0,"footnotes":""},"yoast_head":"<!-- This site is optimized with the Yoast SEO plugin v23.0 - https:\/\/yoast.com\/wordpress\/plugins\/seo\/ -->\n<title>Turismo de Zamora , Turismo Sostenible<\/title>\n<meta name=\"description\" content=\"Esta es la p\u00e1gina Oficial de Turismo de Diputaci\u00f3n de Zamora, donde podr\u00e1 encontrar toda la informaci\u00f3n para disfrutar al m\u00e1ximo de nuestra provincia.\" \/>\n<meta name=\"robots\" content=\"index, follow, max-snippet:-1, max-image-preview:large, max-video-preview:-1\" \/>\n<link rel=\"canonical\" href=\"https:\/\/turismoenzamora.es\/patrimonio-popular\/romerias-de-otono\/\" \/>\n<meta property=\"og:locale\" content=\"zh_CN\" \/>\n<meta property=\"og:type\" content=\"article\" \/>\n<meta property=\"og:title\" content=\"Turismo de Zamora , Turismo Sostenible\" \/>\n<meta property=\"og:description\" content=\"Esta es la p\u00e1gina Oficial de Turismo de Diputaci\u00f3n de Zamora, donde podr\u00e1 encontrar toda la informaci\u00f3n para disfrutar al m\u00e1ximo de nuestra provincia.\" \/>\n<meta property=\"og:url\" content=\"https:\/\/turismoenzamora.es\/patrimonio-popular\/romerias-de-otono\/\" \/>\n<meta property=\"og:site_name\" content=\"(Espa\u00f1ol) Turismo sostenible. Patronato de Turismo de la Diputaci\u00f3n de Zamora.&quot;Turismo Sostenible&quot;.\" \/>\n<meta property=\"article:publisher\" content=\"https:\/\/www.facebook.com\/ZamoraSpain\/\" \/>\n<meta property=\"article:modified_time\" content=\"2021-09-01T14:54:29+00:00\" \/>\n<meta property=\"og:image\" content=\"https:\/\/turismoenzamora.es\/wp-content\/uploads\/2017\/08\/masinfo.png\" \/>\n<meta name=\"twitter:card\" content=\"summary_large_image\" \/>\n<meta name=\"twitter:site\" content=\"@ZamoraSpain\" \/>\n<meta name=\"twitter:label1\" content=\"\u9884\u8ba1\u9605\u8bfb\u65f6\u95f4\" \/>\n\t<meta name=\"twitter:data1\" content=\"11\u5206\" \/>\n<script type=\"application\/ld+json\" class=\"yoast-schema-graph\">{\"@context\":\"https:\/\/schema.org\",\"@graph\":[{\"@type\":\"WebPage\",\"@id\":\"https:\/\/turismoenzamora.es\/patrimonio-popular\/romerias-de-otono\/\",\"url\":\"https:\/\/turismoenzamora.es\/patrimonio-popular\/romerias-de-otono\/\",\"name\":\"Turismo de Zamora , Turismo Sostenible\",\"isPartOf\":{\"@id\":\"https:\/\/turismoenzamora.es\/pt\/#website\"},\"primaryImageOfPage\":{\"@id\":\"https:\/\/turismoenzamora.es\/patrimonio-popular\/romerias-de-otono\/#primaryimage\"},\"image\":{\"@id\":\"https:\/\/turismoenzamora.es\/patrimonio-popular\/romerias-de-otono\/#primaryimage\"},\"thumbnailUrl\":\"https:\/\/turismoenzamora.es\/wp-content\/uploads\/2017\/08\/masinfo.png\",\"datePublished\":\"2017-08-08T05:23:33+00:00\",\"dateModified\":\"2021-09-01T14:54:29+00:00\",\"description\":\"Esta es la p\u00e1gina Oficial de Turismo de Diputaci\u00f3n de Zamora, donde podr\u00e1 encontrar toda la informaci\u00f3n para disfrutar al m\u00e1ximo de nuestra provincia.\",\"breadcrumb\":{\"@id\":\"https:\/\/turismoenzamora.es\/patrimonio-popular\/romerias-de-otono\/#breadcrumb\"},\"inLanguage\":\"zh-CN\",\"potentialAction\":[{\"@type\":\"ReadAction\",\"target\":[\"https:\/\/turismoenzamora.es\/patrimonio-popular\/romerias-de-otono\/\"]}]},{\"@type\":\"ImageObject\",\"inLanguage\":\"zh-CN\",\"@id\":\"https:\/\/turismoenzamora.es\/patrimonio-popular\/romerias-de-otono\/#primaryimage\",\"url\":\"https:\/\/turismoenzamora.es\/wp-content\/uploads\/2017\/08\/masinfo.png\",\"contentUrl\":\"https:\/\/turismoenzamora.es\/wp-content\/uploads\/2017\/08\/masinfo.png\"},{\"@type\":\"BreadcrumbList\",\"@id\":\"https:\/\/turismoenzamora.es\/patrimonio-popular\/romerias-de-otono\/#breadcrumb\",\"itemListElement\":[{\"@type\":\"ListItem\",\"position\":1,\"name\":\"Portada\",\"item\":\"https:\/\/turismoenzamora.es\/\"},{\"@type\":\"ListItem\",\"position\":2,\"name\":\"Patrimonio Popular\",\"item\":\"https:\/\/turismoenzamora.es\/de\/patrimonio-popular\/\"},{\"@type\":\"ListItem\",\"position\":3,\"name\":\"Romer\u00edas de Oto\u00f1o\"}]},{\"@type\":\"WebSite\",\"@id\":\"https:\/\/turismoenzamora.es\/pt\/#website\",\"url\":\"https:\/\/turismoenzamora.es\/pt\/\",\"name\":\"Turismo sostenible. Patronato de Turismo de la Diputaci\u00f3n de Zamora.&quot;Turismo Sostenible&quot;.\",\"description\":\"(Espa\u00f1ol) Turismo sostenible. Patronato de Turismo de la Diputaci\u00f3n de Zamora.&quot;Turismo Sostenible&quot;.\",\"publisher\":{\"@id\":\"https:\/\/turismoenzamora.es\/pt\/#organization\"},\"potentialAction\":[{\"@type\":\"SearchAction\",\"target\":{\"@type\":\"EntryPoint\",\"urlTemplate\":\"https:\/\/turismoenzamora.es\/pt\/?s={search_term_string}\"},\"query-input\":\"required name=search_term_string\"}],\"inLanguage\":\"zh-CN\"},{\"@type\":\"Organization\",\"@id\":\"https:\/\/turismoenzamora.es\/pt\/#organization\",\"name\":\"Patronato de Turismo de la Diputaci\u00f3n de Zamora\",\"url\":\"https:\/\/turismoenzamora.es\/pt\/\",\"logo\":{\"@type\":\"ImageObject\",\"inLanguage\":\"zh-CN\",\"@id\":\"https:\/\/turismoenzamora.es\/pt\/#\/schema\/logo\/image\/\",\"url\":\"https:\/\/turismoenzamora.es\/wp-content\/uploads\/2018\/06\/ZamoraLogo.png\",\"contentUrl\":\"https:\/\/turismoenzamora.es\/wp-content\/uploads\/2018\/06\/ZamoraLogo.png\",\"width\":1276,\"height\":290,\"caption\":\"Patronato de Turismo de la Diputaci\u00f3n de Zamora\"},\"image\":{\"@id\":\"https:\/\/turismoenzamora.es\/pt\/#\/schema\/logo\/image\/\"},\"sameAs\":[\"https:\/\/www.facebook.com\/ZamoraSpain\/\",\"https:\/\/x.com\/ZamoraSpain\",\"https:\/\/www.instagram.com\/turismoenzamora.es\/\",\"https:\/\/www.pinterest.es\/TurismoenZamora\/\",\"https:\/\/www.youtube.com\/channel\/UC2bOyOZ-2cLm-uXlBFYUV9w\"]}]}<\/script>\n<!-- \/ Yoast SEO plugin. -->","yoast_head_json":{"title":"Turismo de Zamora , Turismo Sostenible","description":"Esta es la p\u00e1gina Oficial de Turismo de Diputaci\u00f3n de Zamora, donde podr\u00e1 encontrar toda la informaci\u00f3n para disfrutar al m\u00e1ximo de nuestra provincia.","robots":{"index":"index","follow":"follow","max-snippet":"max-snippet:-1","max-image-preview":"max-image-preview:large","max-video-preview":"max-video-preview:-1"},"canonical":"https:\/\/turismoenzamora.es\/patrimonio-popular\/romerias-de-otono\/","og_locale":"zh_CN","og_type":"article","og_title":"Turismo de Zamora , Turismo Sostenible","og_description":"Esta es la p\u00e1gina Oficial de Turismo de Diputaci\u00f3n de Zamora, donde podr\u00e1 encontrar toda la informaci\u00f3n para disfrutar al m\u00e1ximo de nuestra provincia.","og_url":"https:\/\/turismoenzamora.es\/patrimonio-popular\/romerias-de-otono\/","og_site_name":"(Espa\u00f1ol) Turismo sostenible. Patronato de Turismo de la Diputaci\u00f3n de Zamora.&quot;Turismo Sostenible&quot;.","article_publisher":"https:\/\/www.facebook.com\/ZamoraSpain\/","article_modified_time":"2021-09-01T14:54:29+00:00","og_image":[{"url":"https:\/\/turismoenzamora.es\/wp-content\/uploads\/2017\/08\/masinfo.png"}],"twitter_card":"summary_large_image","twitter_site":"@ZamoraSpain","twitter_misc":{"\u9884\u8ba1\u9605\u8bfb\u65f6\u95f4":"11\u5206"},"schema":{"@context":"https:\/\/schema.org","@graph":[{"@type":"WebPage","@id":"https:\/\/turismoenzamora.es\/patrimonio-popular\/romerias-de-otono\/","url":"https:\/\/turismoenzamora.es\/patrimonio-popular\/romerias-de-otono\/","name":"Turismo de Zamora , Turismo Sostenible","isPartOf":{"@id":"https:\/\/turismoenzamora.es\/pt\/#website"},"primaryImageOfPage":{"@id":"https:\/\/turismoenzamora.es\/patrimonio-popular\/romerias-de-otono\/#primaryimage"},"image":{"@id":"https:\/\/turismoenzamora.es\/patrimonio-popular\/romerias-de-otono\/#primaryimage"},"thumbnailUrl":"https:\/\/turismoenzamora.es\/wp-content\/uploads\/2017\/08\/masinfo.png","datePublished":"2017-08-08T05:23:33+00:00","dateModified":"2021-09-01T14:54:29+00:00","description":"Esta es la p\u00e1gina Oficial de Turismo de Diputaci\u00f3n de Zamora, donde podr\u00e1 encontrar toda la informaci\u00f3n para disfrutar al m\u00e1ximo de nuestra provincia.","breadcrumb":{"@id":"https:\/\/turismoenzamora.es\/patrimonio-popular\/romerias-de-otono\/#breadcrumb"},"inLanguage":"zh-CN","potentialAction":[{"@type":"ReadAction","target":["https:\/\/turismoenzamora.es\/patrimonio-popular\/romerias-de-otono\/"]}]},{"@type":"ImageObject","inLanguage":"zh-CN","@id":"https:\/\/turismoenzamora.es\/patrimonio-popular\/romerias-de-otono\/#primaryimage","url":"https:\/\/turismoenzamora.es\/wp-content\/uploads\/2017\/08\/masinfo.png","contentUrl":"https:\/\/turismoenzamora.es\/wp-content\/uploads\/2017\/08\/masinfo.png"},{"@type":"BreadcrumbList","@id":"https:\/\/turismoenzamora.es\/patrimonio-popular\/romerias-de-otono\/#breadcrumb","itemListElement":[{"@type":"ListItem","position":1,"name":"Portada","item":"https:\/\/turismoenzamora.es\/"},{"@type":"ListItem","position":2,"name":"Patrimonio Popular","item":"https:\/\/turismoenzamora.es\/de\/patrimonio-popular\/"},{"@type":"ListItem","position":3,"name":"Romer\u00edas de Oto\u00f1o"}]},{"@type":"WebSite","@id":"https:\/\/turismoenzamora.es\/pt\/#website","url":"https:\/\/turismoenzamora.es\/pt\/","name":"Turismo sostenible. Patronato de Turismo de la Diputaci\u00f3n de Zamora.&quot;Turismo Sostenible&quot;.","description":"(Espa\u00f1ol) Turismo sostenible. Patronato de Turismo de la Diputaci\u00f3n de Zamora.&quot;Turismo Sostenible&quot;.","publisher":{"@id":"https:\/\/turismoenzamora.es\/pt\/#organization"},"potentialAction":[{"@type":"SearchAction","target":{"@type":"EntryPoint","urlTemplate":"https:\/\/turismoenzamora.es\/pt\/?s={search_term_string}"},"query-input":"required name=search_term_string"}],"inLanguage":"zh-CN"},{"@type":"Organization","@id":"https:\/\/turismoenzamora.es\/pt\/#organization","name":"Patronato de Turismo de la Diputaci\u00f3n de Zamora","url":"https:\/\/turismoenzamora.es\/pt\/","logo":{"@type":"ImageObject","inLanguage":"zh-CN","@id":"https:\/\/turismoenzamora.es\/pt\/#\/schema\/logo\/image\/","url":"https:\/\/turismoenzamora.es\/wp-content\/uploads\/2018\/06\/ZamoraLogo.png","contentUrl":"https:\/\/turismoenzamora.es\/wp-content\/uploads\/2018\/06\/ZamoraLogo.png","width":1276,"height":290,"caption":"Patronato de Turismo de la Diputaci\u00f3n de Zamora"},"image":{"@id":"https:\/\/turismoenzamora.es\/pt\/#\/schema\/logo\/image\/"},"sameAs":["https:\/\/www.facebook.com\/ZamoraSpain\/","https:\/\/x.com\/ZamoraSpain","https:\/\/www.instagram.com\/turismoenzamora.es\/","https:\/\/www.pinterest.es\/TurismoenZamora\/","https:\/\/www.youtube.com\/channel\/UC2bOyOZ-2cLm-uXlBFYUV9w"]}]}},"_links":{"self":[{"href":"https:\/\/turismoenzamora.es\/zh\/wp-json\/wp\/v2\/pages\/310"}],"collection":[{"href":"https:\/\/turismoenzamora.es\/zh\/wp-json\/wp\/v2\/pages"}],"about":[{"href":"https:\/\/turismoenzamora.es\/zh\/wp-json\/wp\/v2\/types\/page"}],"author":[{"embeddable":true,"href":"https:\/\/turismoenzamora.es\/zh\/wp-json\/wp\/v2\/users\/1"}],"replies":[{"embeddable":true,"href":"https:\/\/turismoenzamora.es\/zh\/wp-json\/wp\/v2\/comments?post=310"}],"version-history":[{"count":0,"href":"https:\/\/turismoenzamora.es\/zh\/wp-json\/wp\/v2\/pages\/310\/revisions"}],"up":[{"embeddable":true,"href":"https:\/\/turismoenzamora.es\/zh\/wp-json\/wp\/v2\/pages\/88"}],"wp:attachment":[{"href":"https:\/\/turismoenzamora.es\/zh\/wp-json\/wp\/v2\/media?parent=310"}],"curies":[{"name":"wp","href":"https:\/\/api.w.org\/{rel}","templated":true}]}}