{"id":308,"date":"2017-08-08T07:23:19","date_gmt":"2017-08-08T05:23:19","guid":{"rendered":"https:\/\/newweb.turismoenzamora.es\/?page_id=308"},"modified":"2021-09-01T16:53:47","modified_gmt":"2021-09-01T14:53:47","slug":"romerias-de-primavera","status":"publish","type":"page","link":"https:\/\/turismoenzamora.es\/zh\/patrimonio-popular\/romerias-de-primavera\/","title":{"rendered":"(Espa\u00f1ol) Romer\u00edas de Primavera"},"content":{"rendered":"<p><\/p>\n<h1>Romer\u00edas de Primavera<br \/>\n\u6625\u5b63\u671d\u5723\u8282<\/h1>\n<p><img fetchpriority=\"high\" decoding=\"async\" class=\"aligncenter size-full wp-image-6912\" src=\"https:\/\/turismoenzamora.es\/wp-content\/uploads\/2017\/08\/Patrimonio-culturalromeriasprimavera.jpg\" alt=\"\" data-id=\"6912\" width=\"900\" height=\"600\" srcset=\"https:\/\/turismoenzamora.es\/wp-content\/uploads\/2017\/08\/Patrimonio-culturalromeriasprimavera.jpg 900w, https:\/\/turismoenzamora.es\/wp-content\/uploads\/2017\/08\/Patrimonio-culturalromeriasprimavera-300x200.jpg 300w, https:\/\/turismoenzamora.es\/wp-content\/uploads\/2017\/08\/Patrimonio-culturalromeriasprimavera-768x512.jpg 768w\" sizes=\"(max-width: 900px) 100vw, 900px\" \/><\/p>\n<p style=\"text-align: justify;\">\u51ac\u53bb\u6625\u6765\uff0c\u2f1c\u662f\u2f00\u5e74\u6625\u6765\u5230\uff0c\u968f\u7740\u2f69\u5929\u7684\u65f6\u95f4\u6162\u6162\u53d8\u2ed3\uff0c\u9633\u5149\u6e10\u6e10 \u6d12\u6ee1\u2f24\u5730\u3002 \u8428\u83ab\u62c9\u7701\u7684\u2f08\u4eec\uff0c\u5f00\u59cb\u5e86\u795d\u4e25\u51ac\u7684\u7ed3\u675f\uff0c\u5404\u5730\u6751\u5e84\u4e5f\u5f00\u59cb\u6b22\u5e86\u6625\u5b63 \u671d\u5723\u8282\u3002 \u6625\u5b63\u671d\u5723\u8282\u4e0d\u662f\u5355\u6307\u2f00\u5929\uff0c\u2f7d\u662f\u6574\u4e2a\u6625\u5b63\u6240\u6709\u4f20\u7edf\u8282\u2f47\u7684\u7edf\u79f0\u3002<\/p>\n<h3><span style=\"color: #000000;\"><strong>Mayos<br \/>\n\u4e94\u2f49\u8282\u3002<\/strong><\/span><\/h3>\n<p style=\"text-align: justify;\">\u2f84\u4eca\u8fd8\u6709\u90e8\u5206\u6751\u5e84\u4fdd\u6709\u8fd9\u4e2a\u6709\u519c\u8015\u2f42\u5316\u80cc\u666f\u7684\u4f20\u7edf\u8282\u2f47\u3002 \u5728\u4e94\u2f49\u7684\u7b2c\u2f00\u5929\uff0c\u6751\u2fa5\u4f1a\u6709\u5e74\u8f7b\u2f08\u53bb\u68ee\u6797\u4e2d\u9009\u62e9\u2f00\u68f5\u2f24\u6811\uff0c\u7136\u540e\u780d \u5012\u3001\u8fd0\u56de\u6751\u2fa5\u3002\u6700\u540e\u8d39\u52b2\u2f12\u2f53\uff0c\u518d\u628a\u7740\u68f5\u2f24\u6811\u7684\u4e3b\u2f32\u90e8\u5206\uff0c\u6811\u2f74\u5728 \u6751\u2f26\u7684\u2f34\u573a\u4e2d\u592e\u3002 \u636e\u8bf4\u8fd9\u4e2a\u8282\u2f47\u53ef\u4ee5\u7948\u7977\u2f1f\u5730\u7684\u80a5\u6c83\u548c\u826f\u597d\u7684\u6536\u6210\u3002<\/p>\n<h3><span style=\"color: #000000;\"><strong>La Luz<br \/>\n\u5149\u4e4b\u8282<\/strong><\/span><\/h3>\n<p style=\"text-align: justify;\">\u8fd9\u4e2a\u6709\u8da3\u8282\u2f47\u662f\u2ec4\u8461\u4e24\u56fd\u5171\u4eab\u7684\u3002 \u6bcf\u5e74\u4e94\u2f49\u7684\u7b2c\u2f06\u5468\uff0c\u5728\u963f\u2fa5\u65af\u7279\u7684\u2f00\u4e2a\u90ca\u533a\u6559\u5802\u4e3e\u529e\uff0c\u56e0\u4e3a\u8fd9\u4e2a\u5730 \u533a\u662f\u2ec4\u8461\u4ea4\u754c\u5904\uff0c\u6240\u4ee5\u8282\u2f47\u5f53\u5929\uff0c\u4e0d\u4f46\u4f1a\u770b\u5230\u8bb8\u591a\u2ec4\u73ed\u2f5b\u8bed\u7684\u7269 \u54c1\uff0c\u540c\u65f6\u4e5f\u6709\u8bb8\u591a\u8461\u8404\u2f5b\u8bed\u7684\u4ea7\u54c1\u51fa\u73b0\u5728\u96c6\u5e02\u4e0a\u3002\u53ef\u4ee5\u8bf4\u662f\u5f88\u5947\u7279 \u7684\u2f00\u4e2a\u201c\u56fd\u9645\u6027\u201d\u8282\u2f47\u4e86\u3002<\/p>\n<h3><span style=\"color: #000000;\"><strong>San Isidro Labrador<\/strong><\/span><\/h3>\n<p style=\"text-align: justify;\">5\u2f49 15\u2f47\uff0c San Isidro Labrador\u8282\u662f\u6625\u5b63\u8282\u2f47\u4e2d\u7684\u2f00\u4e2a\u4ee3\u8868\u3002 \u6625\u5b63\u7684\u8282\u2f47\u6d3b\u52a8\u4e2d\uff0c\u519c\u4e1a\u5c55\u4f1a\u4e5f\u662f\u5f88\u91cd\u8981\u7684\u2f00\u73af\uff0c\u6240\u4ee5\u5f88\u591a\u5730\u2f45\u90fd \u4f1a\u4e3e\u2f8f\u519c\u526f\u2edd\u54c1\u535a\u89c8\u4f1a\u3002\u8fd9\u2f00\u5929\uff0c\u5176\u4e2d\u6700\u6709\u540d\u7684\uff0c\u662f\u2ec4\u73ed\u2f5b-\u8461\u8404 \u2f5b\u519c\u526f\u2edd\u54c1\u535a\u89c8\u4f1a\uff0c\u4e5f\u662f\u53c2\u89c2\u2f08\u6570\u6700\u591a\u7684\u3002<\/p>\n<h3><span style=\"color: #000000;\"><strong>Nuestra Se\u00f1ora de Gracia<\/strong><\/span><\/h3>\n<p style=\"text-align: justify;\">\u2f00\u5468\u4e4b\u540e\uff0c\u8fce\u6765\u53e6\u2f00\u4e2a\u8282\u2f47\uff0c Nuestra Se\u00f1ora de Gracia\u8282\uff0c\u867d\u7136 \u8fd9\u66fe\u7ecf\u662f\u2f00\u4e2a\u53e4\u2f7c\u4e14\u91cd\u8981\u7684\u6c42\u2fac\u796d\u8282\uff0c\u73b0\u5728\u65e9\u5df2\u6210\u4e3a\u4e86\u2f24\u5bb6\u5408\u5bb6\u6b22 \u805a\u7684\u5e78\u798f\u2f47\u2f26\u3002<\/p>\n<h3><span style=\"color: #000000;\"><strong>Cristo de Morales<\/strong><\/span><\/h3>\n<p style=\"text-align: justify;\">5\u2f49 9\u2f47\uff0c\u5728\u8428\u83ab\u62c9\u57ce\u548cMorales del Vin\u6751\u5e84\uff0c\u6709\u8fd9\u4e2a\u2f00\u4e2a\u6734\u5b9e\u7684\u8282 \u2f47\uff0c\u8fd9\u4e2a\u65f6\u8282\u771f\u662f\u699b\u2f26\u6536\u83b7\u5b63\u8282\u3002\u2f83\u7136\u7684\uff0c\u8fd9\u4e2a\u8282\u2f47\u5c31\u662f\u2f24\u5bb6\u5171\u4eab \u65b0\u9c9c\u7684\u699b\u2f26\u4ee5\u53ca\u5404\u79cd\u4f20\u7edf\u2f29\u5403\u3002<\/p>\n<h3><span style=\"color: #000000;\"><strong>La Hiniesta<br \/>\n\u4f0a\u6d85\u65af\u5854\u9547<\/strong><\/span><\/h3>\n<p style=\"text-align: justify;\"><img decoding=\"async\" class=\"size-medium wp-image-609 aligncenter\" src=\"https:\/\/turismoenzamora.es\/wp-content\/uploads\/2017\/08\/romerias_2-176x300.jpg\" alt=\"\" width=\"176\" height=\"300\" srcset=\"https:\/\/turismoenzamora.es\/wp-content\/uploads\/2017\/08\/romerias_2-176x300.jpg 176w, https:\/\/turismoenzamora.es\/wp-content\/uploads\/2017\/08\/romerias_2.jpg 406w\" sizes=\"(max-width: 176px) 100vw, 176px\" \/><\/p>\n<p style=\"text-align: justify;\">\u5723\u7075\u964d\u4e34\u8282\u671f\u95f4\u7684\u661f\u671f\u4e00\uff0c\u8fd9\u91cc\u4f1a\u4e3e\u884c\u795e\u5723\u7684\u5723\u6bcd\u50cf\u6e38\u884c\u4eea\u5f0f\u3002\u5f53\u7136\u4e0e\u6b64\u4e4b\u5916\u8fd8\u6709\u7f8e\u98df\u7f8e\u9152\u4e00\u8d77\u5206\u4eab\u3002<\/p>\n<p>&nbsp;<\/p>\n<h3><span style=\"color: #000000;\"><strong>El Cristo de las Batallas<\/strong><\/span><\/h3>\n<p><img decoding=\"async\" class=\"size-medium wp-image-610 aligncenter\" src=\"https:\/\/turismoenzamora.es\/wp-content\/uploads\/2017\/08\/romerias_3-300x191.jpg\" alt=\"\" width=\"300\" height=\"191\" srcset=\"https:\/\/turismoenzamora.es\/wp-content\/uploads\/2017\/08\/romerias_3-300x191.jpg 300w, https:\/\/turismoenzamora.es\/wp-content\/uploads\/2017\/08\/romerias_3.jpg 621w\" sizes=\"(max-width: 300px) 100vw, 300px\" \/><\/p>\n<p>&nbsp;<\/p>\n<p style=\"text-align: justify;\">\u53e6\u4e00\u4e2a\u5723\u7075\u964d\u4e34\u8282\u671f\u95f4\u7684\u6d3b\u52a8\uff0c\u662f\u5728\u6258\u7f57\u57ce\u7684Cristo de las Batallas\u6559\u533a\u6559\u5802\u4e3e\u529e\u7684\u3002\u8fd9\u91cc\u4f1a\u4e3e\u884c\u76db\u5927\u5b97\u6559\u6e38\u884c\u4eea\u5f0f\uff0c\u8fd8\u4f1a\u6cbf\u7740\u675c\u7f57\u6cb3\uff0c\u642d\u8d77\u5404\u8272\u5c0f\u98df\u7684\u5e10\u7bf7\uff0c\u4eba\u4eec\u5728\u6b64\u5206\u4eab\u7f8e\u5473\u4f73\u80b4\u3002<\/p>\n<p>&nbsp;<\/p>\n<h3><span style=\"color: #000000;\"><strong>Los Viriatos<\/strong><\/span><\/h3>\n<p style=\"text-align: justify;\">\u5728\u6bd4\u5229\u4e9a\u7279\u65af\u7684\u516d\u6708\uff0c\u5728Fariza\u6cd5\u5229\u8428\u7684\u8282\u65e5\u5df2\u88ab\u897f\u73ed\u7259\u8ba4\u53ef\u4e3a\u56fd\u5bb6\u7279\u8272\u666f\u70b9\u3002 \u8fd9\u4e2a\u8282\u65e5\u91cc\uff0c\u4f46\u5f88\u591a\u4eba\u4f1a\u7acb\u8d77\u4e03\u7c73\u9ad8\u7684\u5de8\u5927\u6a2a\u5e45\u65d7\u5e1c\uff0c\u5927\u5bb6\u4e3e\u7740\u8fd9\u4e9b\u5de8\u5927\u65e0\u6bd4\u7684\u6a2a\u5e45\u65d7\u5e1c\uff0c\u6574\u9f50\u6709\u5e8f\u5730\u5b8c\u6210\u6e38\u884c\u4eea\u5f0f\uff0c\u5f88\u662f\u58ee\u89c2\u3002<\/p>\n<h3><span style=\"color: #000000;\"><strong>La Veguilla<\/strong><\/span><\/h3>\n<p style=\"text-align: justify;\">\u5728\u8d1d\u7eb3\u6587\u7279\u7684\u8fd9\u4e2a\u8282\u65e5\u4e5f\u662f\u975e\u5e38\u6709\u8da3\uff0c\u7f8e\u9152\u7f8e\u98df\u52a0\u5b97\u6559\u4eea\u5f0f\u8fd8\u4e0d\u591f\u7684\u8bdd\uff0c\u8fd8\u80fd\u53c2\u52a0\u5f53\u5730\u7684\u5954\u725b\u6d3b\u52a8\uff0c\u8bd5\u8bd5\u4f60\u7684\u80c6\u91cf\u548c\u52c7\u6c14\u3002<\/p>\n<p><a href=\"https:\/\/turismoenzamora.es\/wp-content\/uploads\/2018\/05\/folletoPatrimonioPopular-1.pdf\" target=\"_blank\" rel=\"noopener noreferrer\"><img decoding=\"async\" class=\"\" src=\"https:\/\/turismoenzamora.es\/wp-content\/uploads\/2017\/08\/masinfo-1.png\"><\/a><\/p>\n<p><\/p>","protected":false},"excerpt":{"rendered":"<p>Romer\u00edas de Primavera \u6625\u5b63\u671d\u5723\u8282 \u51ac\u53bb\u6625\u6765\uff0c\u2f1c\u662f\u2f00\u5e74\u6625\u6765\u5230\uff0c\u968f\u7740\u2f69\u5929\u7684\u65f6\u95f4\u6162\u6162\u53d8\u2ed3\uff0c\u9633\u5149 [&hellip;]<\/p>\n","protected":false},"author":1,"featured_media":0,"parent":88,"menu_order":2,"comment_status":"closed","ping_status":"closed","template":"","meta":{"inline_featured_image":false,"site-sidebar-layout":"default","site-content-layout":"default","ast-site-content-layout":"","site-content-style":"default","site-sidebar-style":"default","ast-global-header-display":"","ast-banner-title-visibility":"","ast-main-header-display":"","ast-hfb-above-header-display":"","ast-hfb-below-header-display":"","ast-hfb-mobile-header-display":"","site-post-title":"disabled","ast-breadcrumbs-content":"","ast-featured-img":"","footer-sml-layout":"","theme-transparent-header-meta":"default","adv-header-id-meta":"","stick-header-meta":"","header-above-stick-meta":"","header-main-stick-meta":"","header-below-stick-meta":"","astra-migrate-meta-layouts":"default","ast-page-background-enabled":"default","ast-page-background-meta":{"desktop":{"background-color":"","background-image":"","background-repeat":"repeat","background-position":"center center","background-size":"auto","background-attachment":"scroll","background-type":"","background-media":"","overlay-type":"","overlay-color":"","overlay-opacity":"","overlay-gradient":""},"tablet":{"background-color":"","background-image":"","background-repeat":"repeat","background-position":"center center","background-size":"auto","background-attachment":"scroll","background-type":"","background-media":"","overlay-type":"","overlay-color":"","overlay-opacity":"","overlay-gradient":""},"mobile":{"background-color":"","background-image":"","background-repeat":"repeat","background-position":"center center","background-size":"auto","background-attachment":"scroll","background-type":"","background-media":"","overlay-type":"","overlay-color":"","overlay-opacity":"","overlay-gradient":""}},"ast-content-background-meta":{"desktop":{"background-color":"var(--ast-global-color-5)","background-image":"","background-repeat":"repeat","background-position":"center center","background-size":"auto","background-attachment":"scroll","background-type":"","background-media":"","overlay-type":"","overlay-color":"","overlay-opacity":"","overlay-gradient":""},"tablet":{"background-color":"var(--ast-global-color-5)","background-image":"","background-repeat":"repeat","background-position":"center center","background-size":"auto","background-attachment":"scroll","background-type":"","background-media":"","overlay-type":"","overlay-color":"","overlay-opacity":"","overlay-gradient":""},"mobile":{"background-color":"var(--ast-global-color-5)","background-image":"","background-repeat":"repeat","background-position":"center center","background-size":"auto","background-attachment":"scroll","background-type":"","background-media":"","overlay-type":"","overlay-color":"","overlay-opacity":"","overlay-gradient":""}},"ngg_post_thumbnail":0,"footnotes":""},"yoast_head":"<!-- This site is optimized with the Yoast SEO plugin v23.0 - https:\/\/yoast.com\/wordpress\/plugins\/seo\/ -->\n<title>Turismo de Zamora , Turismo Sostenible<\/title>\n<meta name=\"description\" content=\"Esta es la p\u00e1gina Oficial de Turismo de Diputaci\u00f3n de Zamora, donde podr\u00e1 encontrar toda la informaci\u00f3n para disfrutar al m\u00e1ximo de nuestra provincia.\" \/>\n<meta name=\"robots\" content=\"index, follow, max-snippet:-1, max-image-preview:large, max-video-preview:-1\" \/>\n<link rel=\"canonical\" href=\"https:\/\/turismoenzamora.es\/fr\/patrimonio-popular\/romerias-de-primavera\/\" \/>\n<meta property=\"og:locale\" content=\"zh_CN\" \/>\n<meta property=\"og:type\" content=\"article\" \/>\n<meta property=\"og:title\" content=\"Turismo de Zamora , Turismo Sostenible\" \/>\n<meta property=\"og:description\" content=\"Esta es la p\u00e1gina Oficial de Turismo de Diputaci\u00f3n de Zamora, donde podr\u00e1 encontrar toda la informaci\u00f3n para disfrutar al m\u00e1ximo de nuestra provincia.\" \/>\n<meta property=\"og:url\" content=\"https:\/\/turismoenzamora.es\/fr\/patrimonio-popular\/romerias-de-primavera\/\" \/>\n<meta property=\"og:site_name\" content=\"(Espa\u00f1ol) Turismo sostenible. Patronato de Turismo de la Diputaci\u00f3n de Zamora.&quot;Turismo Sostenible&quot;.\" \/>\n<meta property=\"article:publisher\" content=\"https:\/\/www.facebook.com\/ZamoraSpain\/\" \/>\n<meta property=\"article:modified_time\" content=\"2021-09-01T14:53:47+00:00\" \/>\n<meta property=\"og:image\" content=\"https:\/\/turismoenzamora.es\/wp-content\/uploads\/2017\/08\/Patrimonio-culturalromeriasprimavera.jpg\" \/>\n<meta name=\"twitter:card\" content=\"summary_large_image\" \/>\n<meta name=\"twitter:site\" content=\"@ZamoraSpain\" \/>\n<meta name=\"twitter:label1\" content=\"\u9884\u8ba1\u9605\u8bfb\u65f6\u95f4\" \/>\n\t<meta name=\"twitter:data1\" content=\"16\u5206\" \/>\n<script type=\"application\/ld+json\" class=\"yoast-schema-graph\">{\"@context\":\"https:\/\/schema.org\",\"@graph\":[{\"@type\":\"WebPage\",\"@id\":\"https:\/\/turismoenzamora.es\/fr\/patrimonio-popular\/romerias-de-primavera\/\",\"url\":\"https:\/\/turismoenzamora.es\/fr\/patrimonio-popular\/romerias-de-primavera\/\",\"name\":\"Turismo de Zamora , Turismo Sostenible\",\"isPartOf\":{\"@id\":\"https:\/\/turismoenzamora.es\/pt\/#website\"},\"primaryImageOfPage\":{\"@id\":\"https:\/\/turismoenzamora.es\/fr\/patrimonio-popular\/romerias-de-primavera\/#primaryimage\"},\"image\":{\"@id\":\"https:\/\/turismoenzamora.es\/fr\/patrimonio-popular\/romerias-de-primavera\/#primaryimage\"},\"thumbnailUrl\":\"https:\/\/turismoenzamora.es\/wp-content\/uploads\/2017\/08\/Patrimonio-culturalromeriasprimavera.jpg\",\"datePublished\":\"2017-08-08T05:23:19+00:00\",\"dateModified\":\"2021-09-01T14:53:47+00:00\",\"description\":\"Esta es la p\u00e1gina Oficial de Turismo de Diputaci\u00f3n de Zamora, donde podr\u00e1 encontrar toda la informaci\u00f3n para disfrutar al m\u00e1ximo de nuestra provincia.\",\"breadcrumb\":{\"@id\":\"https:\/\/turismoenzamora.es\/fr\/patrimonio-popular\/romerias-de-primavera\/#breadcrumb\"},\"inLanguage\":\"zh-CN\",\"potentialAction\":[{\"@type\":\"ReadAction\",\"target\":[\"https:\/\/turismoenzamora.es\/fr\/patrimonio-popular\/romerias-de-primavera\/\"]}]},{\"@type\":\"ImageObject\",\"inLanguage\":\"zh-CN\",\"@id\":\"https:\/\/turismoenzamora.es\/fr\/patrimonio-popular\/romerias-de-primavera\/#primaryimage\",\"url\":\"https:\/\/turismoenzamora.es\/wp-content\/uploads\/2017\/08\/Patrimonio-culturalromeriasprimavera.jpg\",\"contentUrl\":\"https:\/\/turismoenzamora.es\/wp-content\/uploads\/2017\/08\/Patrimonio-culturalromeriasprimavera.jpg\"},{\"@type\":\"BreadcrumbList\",\"@id\":\"https:\/\/turismoenzamora.es\/fr\/patrimonio-popular\/romerias-de-primavera\/#breadcrumb\",\"itemListElement\":[{\"@type\":\"ListItem\",\"position\":1,\"name\":\"Portada\",\"item\":\"https:\/\/turismoenzamora.es\/\"},{\"@type\":\"ListItem\",\"position\":2,\"name\":\"Patrimonio Popular\",\"item\":\"https:\/\/turismoenzamora.es\/de\/patrimonio-popular\/\"},{\"@type\":\"ListItem\",\"position\":3,\"name\":\"Processions de Printemps\"}]},{\"@type\":\"WebSite\",\"@id\":\"https:\/\/turismoenzamora.es\/pt\/#website\",\"url\":\"https:\/\/turismoenzamora.es\/pt\/\",\"name\":\"Turismo sostenible. Patronato de Turismo de la Diputaci\u00f3n de Zamora.&quot;Turismo Sostenible&quot;.\",\"description\":\"(Espa\u00f1ol) Turismo sostenible. Patronato de Turismo de la Diputaci\u00f3n de Zamora.&quot;Turismo Sostenible&quot;.\",\"publisher\":{\"@id\":\"https:\/\/turismoenzamora.es\/pt\/#organization\"},\"potentialAction\":[{\"@type\":\"SearchAction\",\"target\":{\"@type\":\"EntryPoint\",\"urlTemplate\":\"https:\/\/turismoenzamora.es\/pt\/?s={search_term_string}\"},\"query-input\":\"required name=search_term_string\"}],\"inLanguage\":\"zh-CN\"},{\"@type\":\"Organization\",\"@id\":\"https:\/\/turismoenzamora.es\/pt\/#organization\",\"name\":\"Patronato de Turismo de la Diputaci\u00f3n de Zamora\",\"url\":\"https:\/\/turismoenzamora.es\/pt\/\",\"logo\":{\"@type\":\"ImageObject\",\"inLanguage\":\"zh-CN\",\"@id\":\"https:\/\/turismoenzamora.es\/pt\/#\/schema\/logo\/image\/\",\"url\":\"https:\/\/turismoenzamora.es\/wp-content\/uploads\/2018\/06\/ZamoraLogo.png\",\"contentUrl\":\"https:\/\/turismoenzamora.es\/wp-content\/uploads\/2018\/06\/ZamoraLogo.png\",\"width\":1276,\"height\":290,\"caption\":\"Patronato de Turismo de la Diputaci\u00f3n de Zamora\"},\"image\":{\"@id\":\"https:\/\/turismoenzamora.es\/pt\/#\/schema\/logo\/image\/\"},\"sameAs\":[\"https:\/\/www.facebook.com\/ZamoraSpain\/\",\"https:\/\/x.com\/ZamoraSpain\",\"https:\/\/www.instagram.com\/turismoenzamora.es\/\",\"https:\/\/www.pinterest.es\/TurismoenZamora\/\",\"https:\/\/www.youtube.com\/channel\/UC2bOyOZ-2cLm-uXlBFYUV9w\"]}]}<\/script>\n<!-- \/ Yoast SEO plugin. -->","yoast_head_json":{"title":"Turismo de Zamora , Turismo Sostenible","description":"Esta es la p\u00e1gina Oficial de Turismo de Diputaci\u00f3n de Zamora, donde podr\u00e1 encontrar toda la informaci\u00f3n para disfrutar al m\u00e1ximo de nuestra provincia.","robots":{"index":"index","follow":"follow","max-snippet":"max-snippet:-1","max-image-preview":"max-image-preview:large","max-video-preview":"max-video-preview:-1"},"canonical":"https:\/\/turismoenzamora.es\/fr\/patrimonio-popular\/romerias-de-primavera\/","og_locale":"zh_CN","og_type":"article","og_title":"Turismo de Zamora , Turismo Sostenible","og_description":"Esta es la p\u00e1gina Oficial de Turismo de Diputaci\u00f3n de Zamora, donde podr\u00e1 encontrar toda la informaci\u00f3n para disfrutar al m\u00e1ximo de nuestra provincia.","og_url":"https:\/\/turismoenzamora.es\/fr\/patrimonio-popular\/romerias-de-primavera\/","og_site_name":"(Espa\u00f1ol) Turismo sostenible. Patronato de Turismo de la Diputaci\u00f3n de Zamora.&quot;Turismo Sostenible&quot;.","article_publisher":"https:\/\/www.facebook.com\/ZamoraSpain\/","article_modified_time":"2021-09-01T14:53:47+00:00","og_image":[{"url":"https:\/\/turismoenzamora.es\/wp-content\/uploads\/2017\/08\/Patrimonio-culturalromeriasprimavera.jpg"}],"twitter_card":"summary_large_image","twitter_site":"@ZamoraSpain","twitter_misc":{"\u9884\u8ba1\u9605\u8bfb\u65f6\u95f4":"16\u5206"},"schema":{"@context":"https:\/\/schema.org","@graph":[{"@type":"WebPage","@id":"https:\/\/turismoenzamora.es\/fr\/patrimonio-popular\/romerias-de-primavera\/","url":"https:\/\/turismoenzamora.es\/fr\/patrimonio-popular\/romerias-de-primavera\/","name":"Turismo de Zamora , Turismo Sostenible","isPartOf":{"@id":"https:\/\/turismoenzamora.es\/pt\/#website"},"primaryImageOfPage":{"@id":"https:\/\/turismoenzamora.es\/fr\/patrimonio-popular\/romerias-de-primavera\/#primaryimage"},"image":{"@id":"https:\/\/turismoenzamora.es\/fr\/patrimonio-popular\/romerias-de-primavera\/#primaryimage"},"thumbnailUrl":"https:\/\/turismoenzamora.es\/wp-content\/uploads\/2017\/08\/Patrimonio-culturalromeriasprimavera.jpg","datePublished":"2017-08-08T05:23:19+00:00","dateModified":"2021-09-01T14:53:47+00:00","description":"Esta es la p\u00e1gina Oficial de Turismo de Diputaci\u00f3n de Zamora, donde podr\u00e1 encontrar toda la informaci\u00f3n para disfrutar al m\u00e1ximo de nuestra provincia.","breadcrumb":{"@id":"https:\/\/turismoenzamora.es\/fr\/patrimonio-popular\/romerias-de-primavera\/#breadcrumb"},"inLanguage":"zh-CN","potentialAction":[{"@type":"ReadAction","target":["https:\/\/turismoenzamora.es\/fr\/patrimonio-popular\/romerias-de-primavera\/"]}]},{"@type":"ImageObject","inLanguage":"zh-CN","@id":"https:\/\/turismoenzamora.es\/fr\/patrimonio-popular\/romerias-de-primavera\/#primaryimage","url":"https:\/\/turismoenzamora.es\/wp-content\/uploads\/2017\/08\/Patrimonio-culturalromeriasprimavera.jpg","contentUrl":"https:\/\/turismoenzamora.es\/wp-content\/uploads\/2017\/08\/Patrimonio-culturalromeriasprimavera.jpg"},{"@type":"BreadcrumbList","@id":"https:\/\/turismoenzamora.es\/fr\/patrimonio-popular\/romerias-de-primavera\/#breadcrumb","itemListElement":[{"@type":"ListItem","position":1,"name":"Portada","item":"https:\/\/turismoenzamora.es\/"},{"@type":"ListItem","position":2,"name":"Patrimonio Popular","item":"https:\/\/turismoenzamora.es\/de\/patrimonio-popular\/"},{"@type":"ListItem","position":3,"name":"Processions de Printemps"}]},{"@type":"WebSite","@id":"https:\/\/turismoenzamora.es\/pt\/#website","url":"https:\/\/turismoenzamora.es\/pt\/","name":"Turismo sostenible. Patronato de Turismo de la Diputaci\u00f3n de Zamora.&quot;Turismo Sostenible&quot;.","description":"(Espa\u00f1ol) Turismo sostenible. Patronato de Turismo de la Diputaci\u00f3n de Zamora.&quot;Turismo Sostenible&quot;.","publisher":{"@id":"https:\/\/turismoenzamora.es\/pt\/#organization"},"potentialAction":[{"@type":"SearchAction","target":{"@type":"EntryPoint","urlTemplate":"https:\/\/turismoenzamora.es\/pt\/?s={search_term_string}"},"query-input":"required name=search_term_string"}],"inLanguage":"zh-CN"},{"@type":"Organization","@id":"https:\/\/turismoenzamora.es\/pt\/#organization","name":"Patronato de Turismo de la Diputaci\u00f3n de Zamora","url":"https:\/\/turismoenzamora.es\/pt\/","logo":{"@type":"ImageObject","inLanguage":"zh-CN","@id":"https:\/\/turismoenzamora.es\/pt\/#\/schema\/logo\/image\/","url":"https:\/\/turismoenzamora.es\/wp-content\/uploads\/2018\/06\/ZamoraLogo.png","contentUrl":"https:\/\/turismoenzamora.es\/wp-content\/uploads\/2018\/06\/ZamoraLogo.png","width":1276,"height":290,"caption":"Patronato de Turismo de la Diputaci\u00f3n de Zamora"},"image":{"@id":"https:\/\/turismoenzamora.es\/pt\/#\/schema\/logo\/image\/"},"sameAs":["https:\/\/www.facebook.com\/ZamoraSpain\/","https:\/\/x.com\/ZamoraSpain","https:\/\/www.instagram.com\/turismoenzamora.es\/","https:\/\/www.pinterest.es\/TurismoenZamora\/","https:\/\/www.youtube.com\/channel\/UC2bOyOZ-2cLm-uXlBFYUV9w"]}]}},"_links":{"self":[{"href":"https:\/\/turismoenzamora.es\/zh\/wp-json\/wp\/v2\/pages\/308"}],"collection":[{"href":"https:\/\/turismoenzamora.es\/zh\/wp-json\/wp\/v2\/pages"}],"about":[{"href":"https:\/\/turismoenzamora.es\/zh\/wp-json\/wp\/v2\/types\/page"}],"author":[{"embeddable":true,"href":"https:\/\/turismoenzamora.es\/zh\/wp-json\/wp\/v2\/users\/1"}],"replies":[{"embeddable":true,"href":"https:\/\/turismoenzamora.es\/zh\/wp-json\/wp\/v2\/comments?post=308"}],"version-history":[{"count":0,"href":"https:\/\/turismoenzamora.es\/zh\/wp-json\/wp\/v2\/pages\/308\/revisions"}],"up":[{"embeddable":true,"href":"https:\/\/turismoenzamora.es\/zh\/wp-json\/wp\/v2\/pages\/88"}],"wp:attachment":[{"href":"https:\/\/turismoenzamora.es\/zh\/wp-json\/wp\/v2\/media?parent=308"}],"curies":[{"name":"wp","href":"https:\/\/api.w.org\/{rel}","templated":true}]}}