{"id":2575,"date":"2017-08-21T10:27:15","date_gmt":"2017-08-21T08:27:15","guid":{"rendered":"https:\/\/newweb.turismoenzamora.es\/?page_id=2575"},"modified":"2026-02-10T17:00:33","modified_gmt":"2026-02-10T16:00:33","slug":"oficinas-de-turismo","status":"publish","type":"page","link":"https:\/\/turismoenzamora.es\/zh\/servicios-turisticos\/informacion-turistica\/oficinas-de-turismo\/","title":{"rendered":"(Espa\u00f1ol) Oficinas de turismo"},"content":{"rendered":"\t\t<div data-elementor-type=\"wp-page\" data-elementor-id=\"2575\" class=\"elementor elementor-2575\" data-elementor-post-type=\"page\">\n\t\t\t\t\t\t<section class=\"elementor-section elementor-top-section elementor-element elementor-element-39d51a02 elementor-section-boxed elementor-section-height-default elementor-section-height-default\" data-id=\"39d51a02\" data-element_type=\"section\">\n\t\t\t\t\t\t<div class=\"elementor-container elementor-column-gap-default\">\n\t\t\t\t\t<div class=\"elementor-column elementor-col-100 elementor-top-column elementor-element elementor-element-2f6c61be\" data-id=\"2f6c61be\" data-element_type=\"column\">\n\t\t\t<div class=\"elementor-widget-wrap elementor-element-populated\">\n\t\t\t\t\t\t<div class=\"elementor-element elementor-element-7494354f elementor-widget elementor-widget-text-editor\" data-id=\"7494354f\" data-element_type=\"widget\" data-widget_type=\"text-editor.default\">\n\t\t\t\t<div class=\"elementor-widget-container\">\n\t\t\t\t\t\t\t<p><\/p>\n<header>\n<h1>\u8428\u83ab\u62c9 ZAMORA<\/h1>\n<\/header>\n<h2>\u5b98\u2f45\u65c5\u6e38\u5c40\u529e\u516c\u5ba4<\/h2>\n<p>\u54a8\u8be2\u7535\u8bdd: 980 533 694<br>oficinaturismo@zamora.es<br>\u8425\u4e1a\u65f6\u95f4:<br>7\u2f49 1\u2f47\u2f849\u2f49 30\u2f47\uff1a<br>\u5468\u2f00\u2f84\u5468\u2f47\uff0c\u4e0a\u534810\u70b9\u2f84\u4e0b\u53482\u70b9\uff0c\u4e0b\u53485\u70b9\u2f84\u665a\u4e0a8\u70b9\u3002<br>10\u2f49 1\u2f47\u2f843\u2f49 31\u2f47\uff1a<br>\u5468\u2f00\u2f84\u5468\u516d\uff0c\u4e0a\u534810\u70b9\u2f84\u4e0b\u53482\u70b9\uff0c\u4e0b\u53484\u70b9\u2f847\u70b930\u5206\u3002<br>\u5468\u2f47\uff0c\u4e0a\u534810\u70b9\u2f84\u4e0b\u53482\u70b9<br>\u4e0d\u8425\u4e1a\u65f6\u95f4\uff1a 1\u2f49 1\u2f47 12\u2f49 25\u2f47\u548c12\u2f49 24\u2f47\u548c31\u2f47\u4e0b\u5348\u3002<br>4\u2f49 1\u2f47\u2f846\u2f49 30\u2f47\uff1a\u5468\u2f00\u2f84\u5468\u516d\u4e0a\u534810\u70b9\u2f84\u4e0b\u53482\u70b9\uff0c\u4e0b\u53484\u70b930\u5206<br>\u2f84\u665a\u4e0a8\u70b9\u3002 \u5468\u2f47 10\u2f8414\u2f29\u65f6\u3002<br>\u533a\u65c5\u6e38\u5c40\u529e\u516c\u5ba4<br>\u7535\u8bdd: 980 531 845<br>oficinadeturismodezamora@jcyl.es<br>\u8425\u4e1a\u65f6\u95f4:<br>\u5468\u2f00\u2f84\u5468\u516d\uff0c\u4e0a\u53489:30\u2f84\u4e0b\u53482:00\uff0c\u4e0b\u53484\u70b9\u2f84\u665a\u4e0a7\u70b9\u3002<br>\u5468\u2f47\uff0c\u4e0a\u53489:30\u2f84\u4e0b\u53485:00<br>7\u2f49 1\u2f47\u2f849\u2f49 15\u2f47\uff1a<br>\u5468\u2f00\u2f84\u5468\u516d\uff0c\u4e0a\u53489:30\u2f84\u4e0b\u53482:00\uff0c\u4e0b\u53485\u70b9\u2f84\u665a\u4e0a8\u70b9\u3002<br>\u5468\u2f47\u4e0a\u53489:30\u2f84\u4e0b\u53485:00<br>\u4e0d\u8425\u4e1a\u65f6\u95f4\uff1a 12\u2f49 25\u2f47\uff0c 1\u2f49 1\u2f47\u548c12\u2f49 24\u2f47\u548c31\u2f47\u4e0b\u5348<br>\u8428\u83ab\u62c9\u7701\u65c5\u6e38\u5c40<br>PATRONATO PROVINCIAL DE TURISMO<br>\u7701\u65c5\u6e38\u5c40\u529e\u516c\u5ba4<br>\u5730\u5740\uff1a Plaza de Viriato, s\/n. Zamora\u7535\u8bdd\u548c\u4f20\u771f: 980 536 495<br>informacionturistica@zamoradipu.es<br>\u8425\u4e1a\u65f6\u95f4:<br>11\u2f49\u2f842\u2f49\uff1a\u6bcf\u5929\u4e0a\u534810\u70b9\u2f84\u4e0b\u53482\u70b9\uff0c\u4e0b\u53484\u70b9\u2f84\u665a\u4e0a7\u70b9<br>3\u2f49\u2f8410\u2f49\uff1a\u6bcf\u5929\u4e0a\u534810\u70b9\u2f84\u4e0b\u53482\u70b9\uff0c\u4e0b\u53484\u70b930\u5206\u2f848\u70b930\u5206<br>\u5173\u95ed\uff1a 12\u2f49 25\u2f47\uff0c 1\u2f49 1\u2f47\u548c12\u2f49 24\u2f47\u548c31\u2f47\u4e0b\u5348<br>\u963f\u5c14\u5361\u5c3c\u585e\u65af<br>ALCA\u00d1ICES<br>\u65c5\u6e38\u5c40\u529e\u516c\u5ba4<br>\u7535\u8bdd: 980 680 368<br>\u8425\u4e1a\u65f6\u95f4:<br>7\u2f49\u2f8410\u2f49\uff1a<br>\u5468\u2f06\u2f84\u5468\u2f47\uff0c\u4e0a\u534811\u70b9\u2f84\u4e0b\u53482<br>\u70b9\uff0c\u4e0b\u53484\u70b9\u2f84\u665a\u4e0a7\u70b9\u3002<br>\u2ec9\u7eb3\u2f42\u7279 BENAVENTE<br>\u65c5\u6e38\u5c40\u529e\u516c\u5ba4<br>\u7535\u8bdd: 980 634 211<br>\u4f20\u771f: 980 636 108<br>turismo@benavente.es<br>\u8425\u4e1a\u65f6\u95f4:<br>\u5468\u2f00\u2f84\u5468\u516d<br>\u4e0a\u534810\u70b9\u2f84\u4e0b\u53482\u70b9\uff0c\u4e0b\u53484\u70b930<br>\u5206\u2f84\u4e0b\u53487\u70b930\u5206\u3002<br>\u5468\u2f47\u548c\u8282\u5047\u2f47<br>\u4e0a\u534810\u70b930\u5206\u2f84\u4e0b\u53482\u70b9\u3002\u6258\u96f7\u52a0\u83ab\u7eb3\u65af<br>TORREGAMONES<br>\u65c5\u6e38\u5c40\u529e\u516c\u5ba4<br>\u7535\u8bdd\uff1a 980 616 118<br>\u8425\u4e1a\u65f6\u95f4:<br>5\u2f49\u2f849\u2f49\uff1a<br>\u5468\u2f06\u2f84\u5468\u56db\uff0c\u4e0a\u534810\u70b9\u2f84\u4e0b\u53484<br>\u70b9<br>\u5468\u4e94\u2f84\u5468\u2f47\uff0c\u4e0a\u534811\u70b9\u2f84\u4e0b\u53482<br>\u70b930\u5206\uff0c\u4e0b\u53483\u70b930\u5206\u2f84\u4e0b\u53487<br>\u70b930\u5206\u3002<br>\u5468\u2f00\u4f11\u606f<br>\u8d39\u5c14\u83ab\u585e\u5217 FERMOSELLE<br>\u65c5\u6e38\u5c40\u529e\u516c\u5ba4<br>\u7535\u8bdd: 980 613 535<br>ofturismofer@hotmail.com<br>\u8425\u4e1a\u65f6\u95f4:<br>4\u2f49 20\u2f47\u2f845\u2f49 31\u2f47\uff1a<br>\u5468\u516d\u548c\u5468\u2f47\uff0c\u4e0a\u534810\u70b9\u2f84\u4e0b\u53482<br>\u70b9\uff0c\u4e0b\u53485:30\u2f84\u665a\u4e0a8:30\u3002<br>6\u2f49 1\u2f47\u2f849\u2f49 30\u2f47\uff1a<br>\u5468\u2f06\u2f84\u5468\u4e94\uff0c\u4e0a\u534810\u70b9\u2f84\u4e0b\u53482<br>\u70b9\uff0c\u4e0b\u53485\u70b9\u2f847\u70b930\u5206\u3002<br>\u5468\u516d\u548c\u5468\u2f47\uff0c\u4e0a\u534810\u70b9\u2f84\u4e0b\u53482<br>\u70b9\uff0c\u4e0b\u53485\u70b9\u2f84\u665a\u4e0a8\u70b9\u3002<br>\u5468\u2f00\u4f11\u606f<br>\u8fc8\u5c14\u52a0\u591a-\u5fb7\u5c14-\u5761\u6069\u7279<br>MERCADO DEL PUENTE<br>Oficina de Turismo<br>Tfno.: 980 621 408<br><a title=\"mailto:oturlago@hotmail.com\" href=\"mailto:oturlago@hotmail.com\" data-linkindex=\"0\" data-ogsc=\"rgb(58, 58, 58)\" data-olk-copy-source=\"MessageBody\">oturlago@<\/a>aytogalende.net<br>\u8425\u4e1a\u65f6\u95f4:<br>\u5168\u5e74\u5f00\u653e\u65f6\u95f4\uff1a<br>\u5468\u2f00\u2f84\u5468\u2f47\uff0c\u4e0a\u534810\u70b9\u2f84\u4e0b\u53482<br>\u70b9\uff0c\u4e0b\u53484\u70b930\u5206\u2f84\u4e0b\u53487\u70b930<br>\u5206\u3002<br>\u5468\u2f06\uff0c\u5468\u56db\u548c\u5468\u2f47\uff0c\u4e0a\u534810\u70b9<br>\u2f84\u4e0b\u53482\u70b9<br>\u5723\u7eb3\u592b\u5229\u4e9a\u2f29\u9547<br>PUEBLA DE SANABRIA<br>\u65c5\u6e38\u5c40\u529e\u516c\u5ba4<br>\u7535\u8bdd: 980 620 734<br>ofturismo@pueblasanabria.com<br>\u8425\u4e1a\u65f6\u95f4:<br>\u5168\u5e74\u5f00\u653e\u65f6\u95f4\u4e3a11\u70b9-14\u70b9\u548c16<br>\u70b9-20\u70b9\u3002<br>\u590f\u5b63\uff1a 11\u70b9-14\u70b9\u548c17\u70b9-21\u70b9\u6797\u6602\u5185\u683c\u7f57-\u5fb7\u5c14-\u5e03\u6069\u7279<br>RIONEGRO DEL PUENTE<br>\u65c5\u6e38\u5c40\u529e\u516c\u5ba4<br>\u7535\u8bdd\u548c\u4f20\u771f: 980 652 161<br>\u6258\u7f57\u57ce TORO<br>\u65c5\u6e38\u5c40\u529e\u516c\u5ba4<br>\u7535\u8bdd: 980 694 747<br>turismo@toroayto.es<br>\u8425\u4e1a\u65f6\u95f4:<br>10\u70b9\u2f8414\u70b9\uff0c 16\u70b9\u2f8419\u70b9<br>\u5362\u5e03\u96f7\u8fbe-\u585e\u4e07\u63d0\u65af<br>ROBLEDA-CERVANTES<br>\u65c5\u6e38\u5c40\u529e\u516c\u5ba4<br>\u8425\u4e1a\u65f6\u95f4:<br>7\u2f49\u548c8\u2f49\u5468\u2f00\u2f84\u5468\u2f47\u4e0a\u534810\u70b9<br>\u2f84\u4e0b\u53481\u70b9\u548c\u4e0b\u53485\u70b9\u2f84\u665a\u4e0a8\u70b9<\/p>\n<p><!-- wp:paragraph --><\/p>\n<p><!-- \/wp:paragraph --><\/p>\t\t\t\t\t\t<\/div>\n\t\t\t\t<\/div>\n\t\t\t\t\t<\/div>\n\t\t<\/div>\n\t\t\t\t\t<\/div>\n\t\t<\/section>\n\t\t\t\t<\/div>\n\t\t","protected":false},"excerpt":{"rendered":"<p>\u8428\u83ab\u62c9 ZAMORA \u5b98\u2f45\u65c5\u6e38\u5c40\u529e\u516c\u5ba4 \u54a8\u8be2\u7535\u8bdd: 980 533 694oficinaturismo@zam [&hellip;]<\/p>\n","protected":false},"author":1,"featured_media":0,"parent":2059,"menu_order":4,"comment_status":"closed","ping_status":"closed","template":"","meta":{"inline_featured_image":false,"site-sidebar-layout":"default","site-content-layout":"default","ast-site-content-layout":"","site-content-style":"default","site-sidebar-style":"default","ast-global-header-display":"","ast-banner-title-visibility":"","ast-main-header-display":"","ast-hfb-above-header-display":"","ast-hfb-below-header-display":"","ast-hfb-mobile-header-display":"","site-post-title":"","ast-breadcrumbs-content":"","ast-featured-img":"","footer-sml-layout":"","theme-transparent-header-meta":"default","adv-header-id-meta":"","stick-header-meta":"","header-above-stick-meta":"","header-main-stick-meta":"","header-below-stick-meta":"","astra-migrate-meta-layouts":"default","ast-page-background-enabled":"default","ast-page-background-meta":{"desktop":{"background-color":"","background-image":"","background-repeat":"repeat","background-position":"center center","background-size":"auto","background-attachment":"scroll","background-type":"","background-media":"","overlay-type":"","overlay-color":"","overlay-opacity":"","overlay-gradient":""},"tablet":{"background-color":"","background-image":"","background-repeat":"repeat","background-position":"center center","background-size":"auto","background-attachment":"scroll","background-type":"","background-media":"","overlay-type":"","overlay-color":"","overlay-opacity":"","overlay-gradient":""},"mobile":{"background-color":"","background-image":"","background-repeat":"repeat","background-position":"center center","background-size":"auto","background-attachment":"scroll","background-type":"","background-media":"","overlay-type":"","overlay-color":"","overlay-opacity":"","overlay-gradient":""}},"ast-content-background-meta":{"desktop":{"background-color":"var(--ast-global-color-5)","background-image":"","background-repeat":"repeat","background-position":"center center","background-size":"auto","background-attachment":"scroll","background-type":"","background-media":"","overlay-type":"","overlay-color":"","overlay-opacity":"","overlay-gradient":""},"tablet":{"background-color":"var(--ast-global-color-5)","background-image":"","background-repeat":"repeat","background-position":"center center","background-size":"auto","background-attachment":"scroll","background-type":"","background-media":"","overlay-type":"","overlay-color":"","overlay-opacity":"","overlay-gradient":""},"mobile":{"background-color":"var(--ast-global-color-5)","background-image":"","background-repeat":"repeat","background-position":"center center","background-size":"auto","background-attachment":"scroll","background-type":"","background-media":"","overlay-type":"","overlay-color":"","overlay-opacity":"","overlay-gradient":""}},"ngg_post_thumbnail":0,"footnotes":""},"yoast_head":"<!-- This site is optimized with the Yoast SEO plugin v23.0 - https:\/\/yoast.com\/wordpress\/plugins\/seo\/ -->\n<title>Turismo de Zamora , Turismo Sostenible<\/title>\n<meta name=\"description\" content=\"Esta es la p\u00e1gina Oficial de Turismo de Diputaci\u00f3n de Zamora, donde podr\u00e1 encontrar toda la informaci\u00f3n para disfrutar al m\u00e1ximo de nuestra provincia.\" \/>\n<meta name=\"robots\" content=\"index, follow, max-snippet:-1, max-image-preview:large, max-video-preview:-1\" \/>\n<link rel=\"canonical\" href=\"https:\/\/turismoenzamora.es\/servicios-turisticos\/informacion-turistica\/oficinas-de-turismo\/\" \/>\n<meta property=\"og:locale\" content=\"zh_CN\" \/>\n<meta property=\"og:type\" content=\"article\" \/>\n<meta property=\"og:title\" content=\"Turismo de Zamora , Turismo Sostenible\" \/>\n<meta property=\"og:description\" content=\"Esta es la p\u00e1gina Oficial de Turismo de Diputaci\u00f3n de Zamora, donde podr\u00e1 encontrar toda la informaci\u00f3n para disfrutar al m\u00e1ximo de nuestra provincia.\" \/>\n<meta property=\"og:url\" content=\"https:\/\/turismoenzamora.es\/servicios-turisticos\/informacion-turistica\/oficinas-de-turismo\/\" \/>\n<meta property=\"og:site_name\" content=\"(Espa\u00f1ol) Turismo sostenible. Patronato de Turismo de la Diputaci\u00f3n de Zamora.&quot;Turismo Sostenible&quot;.\" \/>\n<meta property=\"article:publisher\" content=\"https:\/\/www.facebook.com\/ZamoraSpain\/\" \/>\n<meta property=\"article:modified_time\" content=\"2026-02-10T16:00:33+00:00\" \/>\n<meta name=\"twitter:card\" content=\"summary_large_image\" \/>\n<meta name=\"twitter:site\" content=\"@ZamoraSpain\" \/>\n<meta name=\"twitter:label1\" content=\"\u9884\u8ba1\u9605\u8bfb\u65f6\u95f4\" \/>\n\t<meta name=\"twitter:data1\" content=\"14\u5206\" \/>\n<script type=\"application\/ld+json\" class=\"yoast-schema-graph\">{\"@context\":\"https:\/\/schema.org\",\"@graph\":[{\"@type\":\"WebPage\",\"@id\":\"https:\/\/turismoenzamora.es\/servicios-turisticos\/informacion-turistica\/oficinas-de-turismo\/\",\"url\":\"https:\/\/turismoenzamora.es\/servicios-turisticos\/informacion-turistica\/oficinas-de-turismo\/\",\"name\":\"Turismo de Zamora , Turismo Sostenible\",\"isPartOf\":{\"@id\":\"https:\/\/turismoenzamora.es\/pt\/#website\"},\"datePublished\":\"2017-08-21T08:27:15+00:00\",\"dateModified\":\"2026-02-10T16:00:33+00:00\",\"description\":\"Esta es la p\u00e1gina Oficial de Turismo de Diputaci\u00f3n de Zamora, donde podr\u00e1 encontrar toda la informaci\u00f3n para disfrutar al m\u00e1ximo de nuestra provincia.\",\"breadcrumb\":{\"@id\":\"https:\/\/turismoenzamora.es\/servicios-turisticos\/informacion-turistica\/oficinas-de-turismo\/#breadcrumb\"},\"inLanguage\":\"zh-CN\",\"potentialAction\":[{\"@type\":\"ReadAction\",\"target\":[\"https:\/\/turismoenzamora.es\/servicios-turisticos\/informacion-turistica\/oficinas-de-turismo\/\"]}]},{\"@type\":\"BreadcrumbList\",\"@id\":\"https:\/\/turismoenzamora.es\/servicios-turisticos\/informacion-turistica\/oficinas-de-turismo\/#breadcrumb\",\"itemListElement\":[{\"@type\":\"ListItem\",\"position\":1,\"name\":\"Portada\",\"item\":\"https:\/\/turismoenzamora.es\/\"},{\"@type\":\"ListItem\",\"position\":2,\"name\":\"Servicios Tur\u00edsticos\",\"item\":\"https:\/\/turismoenzamora.es\/fr\/servicios-turisticos\/\"},{\"@type\":\"ListItem\",\"position\":3,\"name\":\"Informations touristiques\",\"item\":\"https:\/\/turismoenzamora.es\/fr\/servicios-turisticos\/informacion-turistica\/\"},{\"@type\":\"ListItem\",\"position\":4,\"name\":\"[:es]Oficinas de turismo[:en]Tourist Offices[:fr]Offices de tourisme[:pt]Ag\u00eancias de Turismo[:de]Tourismusb\u00fcros[:]\"}]},{\"@type\":\"WebSite\",\"@id\":\"https:\/\/turismoenzamora.es\/pt\/#website\",\"url\":\"https:\/\/turismoenzamora.es\/pt\/\",\"name\":\"Turismo sostenible. Patronato de Turismo de la Diputaci\u00f3n de Zamora.&quot;Turismo Sostenible&quot;.\",\"description\":\"(Espa\u00f1ol) Turismo sostenible. Patronato de Turismo de la Diputaci\u00f3n de Zamora.&quot;Turismo Sostenible&quot;.\",\"publisher\":{\"@id\":\"https:\/\/turismoenzamora.es\/pt\/#organization\"},\"potentialAction\":[{\"@type\":\"SearchAction\",\"target\":{\"@type\":\"EntryPoint\",\"urlTemplate\":\"https:\/\/turismoenzamora.es\/pt\/?s={search_term_string}\"},\"query-input\":\"required name=search_term_string\"}],\"inLanguage\":\"zh-CN\"},{\"@type\":\"Organization\",\"@id\":\"https:\/\/turismoenzamora.es\/pt\/#organization\",\"name\":\"Patronato de Turismo de la Diputaci\u00f3n de Zamora\",\"url\":\"https:\/\/turismoenzamora.es\/pt\/\",\"logo\":{\"@type\":\"ImageObject\",\"inLanguage\":\"zh-CN\",\"@id\":\"https:\/\/turismoenzamora.es\/pt\/#\/schema\/logo\/image\/\",\"url\":\"https:\/\/turismoenzamora.es\/wp-content\/uploads\/2018\/06\/ZamoraLogo.png\",\"contentUrl\":\"https:\/\/turismoenzamora.es\/wp-content\/uploads\/2018\/06\/ZamoraLogo.png\",\"width\":1276,\"height\":290,\"caption\":\"Patronato de Turismo de la Diputaci\u00f3n de Zamora\"},\"image\":{\"@id\":\"https:\/\/turismoenzamora.es\/pt\/#\/schema\/logo\/image\/\"},\"sameAs\":[\"https:\/\/www.facebook.com\/ZamoraSpain\/\",\"https:\/\/x.com\/ZamoraSpain\",\"https:\/\/www.instagram.com\/turismoenzamora.es\/\",\"https:\/\/www.pinterest.es\/TurismoenZamora\/\",\"https:\/\/www.youtube.com\/channel\/UC2bOyOZ-2cLm-uXlBFYUV9w\"]}]}<\/script>\n<!-- \/ Yoast SEO plugin. -->","yoast_head_json":{"title":"Turismo de Zamora , Turismo Sostenible","description":"Esta es la p\u00e1gina Oficial de Turismo de Diputaci\u00f3n de Zamora, donde podr\u00e1 encontrar toda la informaci\u00f3n para disfrutar al m\u00e1ximo de nuestra provincia.","robots":{"index":"index","follow":"follow","max-snippet":"max-snippet:-1","max-image-preview":"max-image-preview:large","max-video-preview":"max-video-preview:-1"},"canonical":"https:\/\/turismoenzamora.es\/servicios-turisticos\/informacion-turistica\/oficinas-de-turismo\/","og_locale":"zh_CN","og_type":"article","og_title":"Turismo de Zamora , Turismo Sostenible","og_description":"Esta es la p\u00e1gina Oficial de Turismo de Diputaci\u00f3n de Zamora, donde podr\u00e1 encontrar toda la informaci\u00f3n para disfrutar al m\u00e1ximo de nuestra provincia.","og_url":"https:\/\/turismoenzamora.es\/servicios-turisticos\/informacion-turistica\/oficinas-de-turismo\/","og_site_name":"(Espa\u00f1ol) Turismo sostenible. Patronato de Turismo de la Diputaci\u00f3n de Zamora.&quot;Turismo Sostenible&quot;.","article_publisher":"https:\/\/www.facebook.com\/ZamoraSpain\/","article_modified_time":"2026-02-10T16:00:33+00:00","twitter_card":"summary_large_image","twitter_site":"@ZamoraSpain","twitter_misc":{"\u9884\u8ba1\u9605\u8bfb\u65f6\u95f4":"14\u5206"},"schema":{"@context":"https:\/\/schema.org","@graph":[{"@type":"WebPage","@id":"https:\/\/turismoenzamora.es\/servicios-turisticos\/informacion-turistica\/oficinas-de-turismo\/","url":"https:\/\/turismoenzamora.es\/servicios-turisticos\/informacion-turistica\/oficinas-de-turismo\/","name":"Turismo de Zamora , Turismo Sostenible","isPartOf":{"@id":"https:\/\/turismoenzamora.es\/pt\/#website"},"datePublished":"2017-08-21T08:27:15+00:00","dateModified":"2026-02-10T16:00:33+00:00","description":"Esta es la p\u00e1gina Oficial de Turismo de Diputaci\u00f3n de Zamora, donde podr\u00e1 encontrar toda la informaci\u00f3n para disfrutar al m\u00e1ximo de nuestra provincia.","breadcrumb":{"@id":"https:\/\/turismoenzamora.es\/servicios-turisticos\/informacion-turistica\/oficinas-de-turismo\/#breadcrumb"},"inLanguage":"zh-CN","potentialAction":[{"@type":"ReadAction","target":["https:\/\/turismoenzamora.es\/servicios-turisticos\/informacion-turistica\/oficinas-de-turismo\/"]}]},{"@type":"BreadcrumbList","@id":"https:\/\/turismoenzamora.es\/servicios-turisticos\/informacion-turistica\/oficinas-de-turismo\/#breadcrumb","itemListElement":[{"@type":"ListItem","position":1,"name":"Portada","item":"https:\/\/turismoenzamora.es\/"},{"@type":"ListItem","position":2,"name":"Servicios Tur\u00edsticos","item":"https:\/\/turismoenzamora.es\/fr\/servicios-turisticos\/"},{"@type":"ListItem","position":3,"name":"Informations touristiques","item":"https:\/\/turismoenzamora.es\/fr\/servicios-turisticos\/informacion-turistica\/"},{"@type":"ListItem","position":4,"name":"[:es]Oficinas de turismo[:en]Tourist Offices[:fr]Offices de tourisme[:pt]Ag\u00eancias de Turismo[:de]Tourismusb\u00fcros[:]"}]},{"@type":"WebSite","@id":"https:\/\/turismoenzamora.es\/pt\/#website","url":"https:\/\/turismoenzamora.es\/pt\/","name":"Turismo sostenible. Patronato de Turismo de la Diputaci\u00f3n de Zamora.&quot;Turismo Sostenible&quot;.","description":"(Espa\u00f1ol) Turismo sostenible. Patronato de Turismo de la Diputaci\u00f3n de Zamora.&quot;Turismo Sostenible&quot;.","publisher":{"@id":"https:\/\/turismoenzamora.es\/pt\/#organization"},"potentialAction":[{"@type":"SearchAction","target":{"@type":"EntryPoint","urlTemplate":"https:\/\/turismoenzamora.es\/pt\/?s={search_term_string}"},"query-input":"required name=search_term_string"}],"inLanguage":"zh-CN"},{"@type":"Organization","@id":"https:\/\/turismoenzamora.es\/pt\/#organization","name":"Patronato de Turismo de la Diputaci\u00f3n de Zamora","url":"https:\/\/turismoenzamora.es\/pt\/","logo":{"@type":"ImageObject","inLanguage":"zh-CN","@id":"https:\/\/turismoenzamora.es\/pt\/#\/schema\/logo\/image\/","url":"https:\/\/turismoenzamora.es\/wp-content\/uploads\/2018\/06\/ZamoraLogo.png","contentUrl":"https:\/\/turismoenzamora.es\/wp-content\/uploads\/2018\/06\/ZamoraLogo.png","width":1276,"height":290,"caption":"Patronato de Turismo de la Diputaci\u00f3n de Zamora"},"image":{"@id":"https:\/\/turismoenzamora.es\/pt\/#\/schema\/logo\/image\/"},"sameAs":["https:\/\/www.facebook.com\/ZamoraSpain\/","https:\/\/x.com\/ZamoraSpain","https:\/\/www.instagram.com\/turismoenzamora.es\/","https:\/\/www.pinterest.es\/TurismoenZamora\/","https:\/\/www.youtube.com\/channel\/UC2bOyOZ-2cLm-uXlBFYUV9w"]}]}},"_links":{"self":[{"href":"https:\/\/turismoenzamora.es\/zh\/wp-json\/wp\/v2\/pages\/2575"}],"collection":[{"href":"https:\/\/turismoenzamora.es\/zh\/wp-json\/wp\/v2\/pages"}],"about":[{"href":"https:\/\/turismoenzamora.es\/zh\/wp-json\/wp\/v2\/types\/page"}],"author":[{"embeddable":true,"href":"https:\/\/turismoenzamora.es\/zh\/wp-json\/wp\/v2\/users\/1"}],"replies":[{"embeddable":true,"href":"https:\/\/turismoenzamora.es\/zh\/wp-json\/wp\/v2\/comments?post=2575"}],"version-history":[{"count":0,"href":"https:\/\/turismoenzamora.es\/zh\/wp-json\/wp\/v2\/pages\/2575\/revisions"}],"up":[{"embeddable":true,"href":"https:\/\/turismoenzamora.es\/zh\/wp-json\/wp\/v2\/pages\/2059"}],"wp:attachment":[{"href":"https:\/\/turismoenzamora.es\/zh\/wp-json\/wp\/v2\/media?parent=2575"}],"curies":[{"name":"wp","href":"https:\/\/api.w.org\/{rel}","templated":true}]}}