{"id":2244,"date":"2017-08-18T08:31:31","date_gmt":"2017-08-18T06:31:31","guid":{"rendered":"https:\/\/newweb.turismoenzamora.es\/?page_id=2244"},"modified":"2026-03-27T14:48:11","modified_gmt":"2026-03-27T13:48:11","slug":"horarios-de-apertura-por-la-provincia","status":"publish","type":"page","link":"https:\/\/turismoenzamora.es\/zh\/servicios-turisticos\/informacion-turistica\/horarios-de-apertura\/horarios-de-apertura-por-la-provincia\/","title":{"rendered":"(Espa\u00f1ol) Horarios de apertura por la Provincia"},"content":{"rendered":"\t\t<div data-elementor-type=\"wp-page\" data-elementor-id=\"2244\" class=\"elementor elementor-2244\" data-elementor-post-type=\"page\">\n\t\t\t\t\t\t<section class=\"elementor-section elementor-top-section elementor-element elementor-element-13eaf778 elementor-section-boxed elementor-section-height-default elementor-section-height-default\" data-id=\"13eaf778\" data-element_type=\"section\">\n\t\t\t\t\t\t<div class=\"elementor-container elementor-column-gap-default\">\n\t\t\t\t\t<div class=\"elementor-column elementor-col-100 elementor-top-column elementor-element elementor-element-1fc771a0\" data-id=\"1fc771a0\" data-element_type=\"column\">\n\t\t\t<div class=\"elementor-widget-wrap elementor-element-populated\">\n\t\t\t\t\t\t<div class=\"elementor-element elementor-element-46e67c93 elementor-widget__width-initial elementor-widget elementor-widget-text-editor\" data-id=\"46e67c93\" data-element_type=\"widget\" data-widget_type=\"text-editor.default\">\n\t\t\t\t<div class=\"elementor-widget-container\">\n\t\t\t\t\t\t\t<ul>\n<li><\/p>\n<p><\/p>\n<header>\n<h1>Provincia<\/h1>\n<\/header>\n<h2>NUESTRA SE\u00d1ORA DEL AZOGUE\u6559\u5802<\/h2>\n<p>&#8211; \u5468\u672b\uff0c\u5047\u671f\u548c\u957f\u5468\u672b\uff1a11\u70b9-14\u70b9\u548c16\u70b9 -19\u70b9<br \/>&#8211; \u5468\u65e5\u4e0b\u5348\u5173\u95ed\u3002 \u57ce\u5821\/\u65c5\u6e38\u5c40\uff08CASTILLO \/ OFICINA DE TURISMO\uff09<\/p>\n<p>&#8211; \u6bcf\u5929\uff1a11\u70b9\u81f314\u70b9 \u548c17\u70b9\u81f322\u70b9<\/p>\n<p>\u5907\u6ce8<br \/>&#8211; \u57ce\u5821\u4e4b\u65c5\uff1a\u5468\u516d\u548c\u5468\u65e5\u665a\u4e0a7\u70b9\u3002<\/p>\n<p>\u5723\u9a6c\u4e01\u4fee\u9053\u9662\u53ca\u6559\u5802<br \/>IGLESIA Y MONASTERIO DE SAN MART\u00cdN<\/p>\n<p>\u4ece7\u6708\u52309\u6708<br \/>&#8211; \u5468\u4e8c\u81f3\u5468\u65e5\uff1a11\u70b9-14\u70b9\uff0c17\u70b9-20\u70b9<br \/>&#8211; \u661f\u671f\u4e00\uff1a\u4f11\u606f<br \/>\u4ece\u56db\u6708\u5230\u516d\u6708<br \/>&#8211; \u5468\u4e94\u548c\u5468\u516d\uff1a10\u70b9-13\uff0c17\u70b9-20\u70b9<br \/>&#8211; \u5468\u65e5\uff1a\u4ec5\u9650\u65e9\u6668<br \/>\u4ece\u5341\u6708\u5230\u5341\u4e8c\u6708<br \/>&#8211; \u5468\u4e94\u548c\u5468\u516d\uff1a10-14\u70b9\uff0c16-18\u70b9<br \/>&#8211; \u5468\u65e5\uff1a\u4ec5\u9650\u65e9\u6668<br \/>\u5907\u6ce8<br \/>&#8211; \u666e\u901a\u95e8\u7968\uff1a1\u6b27\u5143<\/p>\n<p>SAN PEDRO DE LA NAVE \u6559\u5802<\/p>\n<p>2\u67088\u65e5\u52303\u670831\u65e5\uff0c10\u6708\u523012\u67089\u65e5<br \/>\u5468\u4e94\u548c\u5468\u516d\u4e0a\u534810:00 &#8211; 1:30\uff0c\u4e0b\u53484:30 &#8211; 6:30<br \/>\u5468\u65e5\u4e0a\u534810:00 &#8211; 1:30<\/p>\n<p>4\u6708\u52309\u6708<br \/>\u5468\u4e8c\u81f3\u5468\u65e510:30 &#8211; 1:30\uff0c\u4e0b\u53485\u70b9- 8\u70b9<br \/>\u5468\u4e00\u4f11\u606f<\/p>\n<p>&#8211; \u54a8\u8be2\u7535\u8bdd618 301 349<\/p>\n<p>\u4f0a\u6bd4\u5229\u4e9a\u72fc\u7684\u535a\u7269\u9986<br \/>CENTRO DEL LOBO IB\u00c9RICO DE CASTILLA Y LE\u00d3N<\/p>\n<p>\u5468\u4e8c\u81f3\u5468\u65e5\u4e0a\u534810\u70b9\u81f3\u4e0b\u53482\u70b9\uff0c<br \/>\u4e0b\u53484\u70b9\u81f3\u665a\u4e0a8\u70b9\u3002<br \/>\u5468\u4e00\u4f11\u606f\u3002<\/p>\n<p>\u5bfc\u6e38\u670d\u52a1\u65f6\u95f4\u4e3a\u4e0a\u534810:30\uff0c\u4e0b\u53483:45\u3002<br \/>\u514d\u8d39\u53c2\u89c2\uff1a\u5728\u4e2d\u5fc3\u7684\u5f00\u653e\u65f6\u95f4\u3002<br \/>\u9884\u7ea6\u53c2\u89c2\uff08\u6700\u5c1115\u4eba\uff09\u3002<br \/>\u7535\u8bdd\u3002 980 567 638\/608 05 34 15<br \/>\u7535\u5b50\u90ae\u4ef6\uff1acentrodellobo@patrimonionatural.org<br \/>\u8d39\u7528\uff1a\u81ea\u7531\u53c2\u89c2\uff1a6\u6b27\u5143<br \/>&#8211; \u5bfc\u6e38\u53c2\u89c2\uff1a8\u6b27\u5143<br \/>&#8211; 5\u5c81\u4ee5\u4e0b\u513f\u7ae5\u514d\u8d39<\/p>\n<p>\u8702\u871c\u535a\u7269\u9986<br \/>CENTRO DE INTERPRETACI\u00d3N DE LA MIEL<\/p>\n<p>7\u67081\u65e5\u81f312\u65e5\uff1a\u5468\u516d\u548c\u5468\u65e511\u70b9\u81f314\u70b9\u3002<br \/>7\u670813\u65e5\u81f39\u67082\u65e5\uff1a\u5468\u4e94\uff0c\u5468\u516d\u548c\u5468\u65e5\u4e0a\u534811\u70b9\u81f3\u4e0b\u53482\u70b9\uff0c\u4e0b\u53485\u70b9\u81f3\u665a\u4e0a8\u70b9\u3002<br \/>\u9884\u7ea6\u7535\u8bdd980 625 648\uff08Manzanal de Arriba\u5e02\u653f\u5385\uff09\u3002<\/p>\n<p>ALISTE\uff0cT\u00c1BARA\u548cALBA\u7684\u6587\u5316\u535a\u7269\u9986<\/p>\n<p>\u8425\u4e1a\u65f6\u95f4\uff1a<br \/>\u5468\u4e00\u81f3\u5468\u56db\u4e0a\u53489:00\u81f3\u4e0b\u53486:00\uff0c<br \/>\u5468\u4e94\u4e0a\u53489:00\u81f3\u4e0b\u53482:00\u3002<br \/>\u5468\u672b\u9884\u8ba2\uff1a\u7535\u8bdd980 680 107<br \/>&#8211; www.adata.es<br \/>&#8211; adata.zamora@terra.es<\/p>\n<p>\u5fae\u751f\u7269\u7684\u535a\u7269\u9986<br \/>CENTRO DE INTERPRETACI\u00d3N DE LAS ESPECIES MICOL\u00d3GICAS<\/p>\n<p>9\u6708\u81f34\u6708\uff1a<br \/>\u5468\u4e8c\u81f3\u5468\u516d\uff1a\u4e0a\u534810\u70b9\u81f3\u4e0b\u53482\u70b9\uff0c<br \/>\u4e0b\u53484\u70b9\u81f3\u665a\u4e0a7\u70b9\u3002<br \/>\u5468\u65e5\uff1a10\u81f314\u5c0f\u65f6\u3002<br \/>\u5468\u4e00\u4f11\u606f\u3002<\/p>\n<p>5\u6708\u81f38\u6708\uff1a<br \/>\u5468\u4e8c\u81f3\u5468\u516d\uff1a\u4e0a\u534810\u70b9\u81f3\u4e0b\u53482\u70b9\uff0c<br \/>\u4e0b\u53485\u70b9\u81f3\u665a\u4e0a8\u70b9\u3002<br \/>\u5468\u65e5\uff1a10\u81f314\u5c0f\u65f6\u3002<br \/>\u5468\u4e00\u4f11\u606f\u3002<br \/>\u7535\u8bdd\uff1a980 682 015<\/p>\n<p>\u9676\u5668\u548c\u8003\u53e4\u535a\u7269\u9986<br \/>MUSEO DE ALFARER\u00cdA Y ARQUEOLOG\u00cdA<\/p>\n<p>\u8425\u4e1a\u65f6\u95f4\uff1a<br \/>\u5468\u56db\u81f3\u5468\u516d\uff1a\u4e0a\u534811\u70b9\u81f3\u4e0b\u53482\u70b9\uff0c\u4e0b\u53484:30\u81f37:30\u3002<\/p>\n<p>\u9884\u7ea6\u7535\u8bdd980 553 005 &#8211; 606 352 669<br \/>&#8211; www.ma-am.es<br \/>&#8211; citamuseos@ayto-muelasdelpan.com<\/p>\n<p>\u5976\u916a\u535a\u7269\u9986<br \/>MUSEO DEL QUESO CHILL\u00d3N<\/p>\n<p>\u5468\u4e00\u81f3\u5468\u4e94\u4e0a\u534807:30\u81f3\u4e0b\u53482:00\u548c\u4e0b\u53484:00\u81f3\u665a\u4e0a8:00\u3002<br \/>\u5468\u672b\u548c\u8282\u5047\u65e5\u4ece\u4e0a\u534810\u70b9\u5230\u4e0b\u53482\u70b9\uff0c\u4e0b\u53485\u70b9\u5230\u665a\u4e0a8\u70b9\u3002<br \/>&#8211; \u95e8\u7968\uff1a\u6bcf\u4eba5\u6b27\u5143\uff08\u56e2\u4f53\u901a\u8fc7\u7535\u8bdd\u54a8\u8be2\uff09<br \/>&#8211; \u9884\u8ba2\u7535\u8bdd\uff1a980 690 950<br \/>&#8211; 651 400 707<br \/>&#8211; 637 079 717<br \/>&#8211; 655 555 253<\/p>\n<p>\u8461\u8404\u9152\u535a\u7269\u9986<br \/>MUSEO DEL VINO<\/p>\n<p>\u5468\u4e8c\u81f3\u5468\u516d\uff1a\u4e0a\u534810:30\u81f3\u4e0b\u53486:30<br \/>\u5468\u65e5\uff1a\u4e0a\u534810:30\u81f3\u4e0b\u53483:00<br \/>\u5468\u4e00\u95ed\u9986\u3002<br \/>&#8211; \u9884\u7ea6\u7535\u8bdd\uff1a980 696 763<br \/>&#8211; \u6bcf\u5929\u4e0a\u534811:30\uff0c\u4e0b\u53481:00\u548c\u4e0b\u53484:30\u6709\u5bfc\u6e38\u670d\u52a1\uff0c\u89c6\u4f9b\u5e94\u60c5\u51b5\u800c\u5b9a\u3002<\/p>\n<p>\u7ef4\u5609\u9f99\u7d22\u57ce\u5821<br \/>CASTILLO DE VILLALONSO<br \/>3\u6708\u81f39\u670815\u65e5\uff1a\u5468\u516d\u4e0b\u53486:00\u81f39:00\uff0c\u5468\u65e5\u4e2d\u534812:00\u81f3\u4e0b\u53482:30\u3002<br \/>8\u6708\u4ec5\u5728\u5468\u65e5\u4e2d\u534812\u70b9\u81f3\u665a\u4e0a8:30\u3002<br \/>8\u67088\u65e5\u661f\u671f\u56db\u4e0b\u53485:30\u81f38:30<br \/>9\u670815\u65e5\u81f312\u67088\u65e5\uff1a\u5468\u65e5\u548c\u8282\u5047\u65e512:00\u81f314:30\u3002<br \/>\u9884\u7ea6\u7535\u8bdd\uff1a686 474 915\u3002<br \/>\u666e\u901a\u95e8\u7968\uff1a2.50\u6b27\u5143<br \/>\u8d85\u8fc715\u4eba\u7684\u56e2\u4f53\uff1a1.50\u6b27\u5143.<br \/>12\u5c81\u4ee5\u4e0b\u7684\u513f\u7ae5\u514d\u8d39\uff09<\/p>\n<p>\u5723\u739b\u5c14\u5854\u6559\u5802\u548c\u5361\u7c73\u8bfa\u535a\u7269\u9986<br \/>IGLESIA DE SANTA MARTA Y MUSEO DEL CAMINO<br \/>3\u670820\u65e5\u81f38\u670831\u65e5\uff1a<br \/>\u6bcf\u5468\u4e8c\uff08\u4ec5\u4e0b\u5348\uff09\u81f3\u5468\u65e5\uff1a\u4e0a\u53489:30\u81f3\u4e0b\u53481:00\u4ee5\u53ca\u4e0b\u53485:25\u81f3\u665a\u4e0a8:00\u3002<br \/>\u5468\u4e00\u4f11\u606f\u3002<br \/>9\u67081\u65e5\u81f312\u67089\u65e5\uff1a<br \/>\u6bcf\u5468\u4e8c\u81f3\u5468\u516d\uff1a\u4e0a\u534810\u70b910\u5206\u81f3\u4e0b\u53482\u70b9\u548c\u4e0b\u53484\u70b9\u81f3\u4e0b\u53486\u70b9\u3002<br \/>\u661f\u671f\u65e5\uff1a\u4e0a\u534810\u70b910\u5206\u81f3\u4e0b\u53482\u70b9\u3002<br \/>\u5468\u4e00\u4f11\u606f\u3002<br \/>\u95e8\u7968\uff1a1\u6b27\u5143<\/p>\n<p>\u5f53\u5730\u519c\u4e1a\u535a\u7269\u9986<br \/>CENTRO DE INTERPRETACI\u00d3N DEL C\u00cdSTER DE GRANJA DE MORERUELA<br \/>\uff08\u7535\u8bdd\uff1a660 518 418\uff09<br \/>\u5f00\u653e\u65f6\u95f4\uff1a<\/p>\n<p>4\u6708\u81f36\u6708\uff1a<br \/>\u5468\u4e09\u548c\u5468\u56db\u4e0a\u534810:00\u81f3\u4e0b\u53482:00\u548c\u4e0b\u53484:00\u81f3\u4e0b\u53486:00\u3002<br \/>\u5468\u4e94\u548c\u5468\u516d\u4f11\u606f\u3002<br \/>\u5468\u65e5\u4e0a\u534810\u70b9\u81f3\u4e0b\u53482\u70b9\u548c\u4e0b\u53484\u70b930\u5206\u81f37\u70b930\u5206\u3002<br \/>\u5468\u4e00\u548c\u5468\u4e8c\u5173\u95ed\u3002<\/p>\n<p>7\u6708\u81f39\u6708\uff1a<br \/>\u5468\u4e09\u548c\u5468\u56db\u4e0a\u534811:00\u81f3\u4e0b\u53482:00\u548c\u4e0b\u53485:00\u81f3\u665a\u4e0a8:00\u5f00\u653e\u3002<br \/>\u5468\u65e5\u4e2d\u534812:00\u81f3\u4e0b\u53482:00\u548c\u4e0b\u53485:00\u81f3\u665a\u4e0a8:00<\/p>\n<p>10\u6708\uff1a<br \/>\u5468\u4e09\u81f3\u5468\u4e94\u4e0a\u534810:30\u81f3\u4e0b\u53482:00\u4ee5\u53ca\u4e0b\u53484:00\u81f3\u4e0b\u53487:00\uff0c<br \/>\u5468\u516d\u548c\u5468\u65e5\u4e0b\u53484:00\u81f37:00\u5f00\u653e\u3002 \u5468\u4e00\u548c\u5468\u4e8c\u5173\u95ed\u3002<\/p>\n<p>11\u6708\u81f33\u6708\uff1a<br \/>\u5468\u4e00\uff0c\u5468\u4e09\u548c\u5468\u56db\u4e0a\u534811:00\u81f3\u4e0b\u53482:00\u548c\u4e0b\u53484:00\u81f3\u4e0b\u53486:00\u5f00\u653e\u3002<br \/>\u5468\u4e8c\uff0c\u5468\u4e94\uff0c\u5468\u516d\u548c\u5468\u65e5\u4f11\u606f\u3002<\/p>\n<p>\u6bcf\u4e2a\u6708\u7684\u7b2c\u4e00\u4e2a\u661f\u671f\u65e5\u95ed\u9986<\/p>\n<p>\u65b0\u77f3\u5668\u65f6\u4ee3\u7684\u4e3b\u9898\u6559\u80b2\u9986<br \/>MORALES DEL REY (AULA ARQUEOL\u00d3GICA SOBRE EL NEOL\u00cdTICO Y EL MEGAL\u00cdTICO)<br \/>\u5468\u4e00\u81f3\u5468\u4e94\u4e0a\u53489\u70b9\u81f3\u4e0b\u53482\u70b9\uff0c\u4e0b\u53484\u70b9\u81f3\u4e0b\u53485\u70b9\u3002<br \/>\u9884\u7ea6\u7535\u8bdd\uff1a684 008 094<\/p>\n<p>\u9e1f\u7c7b\u535a\u7269\u9986\u548c\u91ce\u5916\u89c2\u5bdf\u70b9<br \/>CASA DEL PARQUE DE LAS LAGUNAS DE VILLAF\u00c1FILA \u201cEL PALOMAR\u201d (VILLAF\u00c1FILA)<\/p>\n<p>\u5341\u6708\u81f3\u56db\u6708\uff1a<br \/>\u5468\u4e94\u81f3\u5468\u65e5\uff0c\u8282\u5047\u65e5\u4e3a11\u81f314\u70b9\uff0c\u4e0b\u53484\u70b9\u81f37\u70b930\u5206<br \/>\u4e94\u6708\u81f3\u4e5d\u6708\uff1a<br \/>\u5468\u4e94\u81f3\u5468\u65e5\u4e0a\u534811\u70b9\u81f3\u4e0b\u53482\u70b9\uff0c\u4e0b\u53484\u70b9\u81f3\u665a\u4e0a7\u70b930\u5206\u3002<\/p>\n<p>8\u6708\u4efd\u548c9\u670814\u65e5\u671f\u95f4\u95ed\u9986\u3002<br \/>\u9884\u5b9a\u7535\u8bdd\uff1a980 586 046<br \/>\u95e8\u7968\uff1a2\u6b27\u5143\uff08\u672a\u6210\u5e74\u4eba1.50\u6b27\u5143\uff09<\/p>\n<p>\u539f\u4f4f\u6c11\u9057\u5740\u535a\u7269\u9986<br \/>CASA DEL PARQUE DE ARRIBES DEL DUERO \u201cCONVENTO DE SAN FRANCISCO\u201d (FERMOSELLE)<br \/>1\u6708\u81f36\u6708\uff1a<br \/>\u5468\u4e94\u548c\u5468\u516d\u4e0a\u534810\u70b9\u81f3\u4e0b\u53482\u70b9\uff0c\u4e0b\u53484\u70b9\u81f3\u4e0b\u53486\u70b9<br \/>\u5468\u65e5\u4e0a\u534810\u70b9\u81f3\u4e0b\u53482\u70b9\u3002<\/p>\n<p>\u4e03\u6708\u81f3\u4e5d\u6708\uff1a<br \/>\u5468\u4e8c\u548c\u5468\u4e09\u4e0a\u534810\u70b9\u81f3\u4e0b\u53482\u70b9\uff0c<br \/>\u5468\u56db\u81f3\u5468\u516d\u4e0a\u534810\u70b9\u81f3\u4e0b\u53482\u70b9\uff0c\u4e0b\u53484\u70b9\u81f3\u665a\u4e0a7\u70b9<br \/>\u5468\u65e5\u4e0a\u534810\u70b9\u81f3\u4e0b\u53482\u70b9\u3002<\/p>\n<p>\u5341\u6708\u81f3\u5341\u4e8c\u6708\uff1a<br \/>\u5468\u4e94\u548c\u5468\u516d\u4e0a\u534810\u70b9\u81f3\u4e0b\u53482\u70b9\uff0c\u4e0b\u53484\u70b9\u81f3\u4e0b\u53486\u70b9<br \/>\u5468\u65e5\u4e0a\u534810\u70b9\u81f3\u4e0b\u53482\u70b9\u3002<\/p>\n<p>\u54a8\u8be2\u7535\u8bdd980 614 021.<br \/>\u95e8\u79681\u6b27\u5143\uff08\u513f\u7ae5\u514d\u8d39<\/p>\n<p>\u00a0<\/p>\n<p><!-- wp:paragraph --><\/p>\n<p><!-- \/wp:paragraph --><\/p>\t\t\t\t\t\t<\/div>\n\t\t\t\t<\/div>\n\t\t\t\t\t<\/div>\n\t\t<\/div>\n\t\t\t\t\t<\/div>\n\t\t<\/section>\n\t\t\t\t<\/div>\n\t\t","protected":false},"excerpt":{"rendered":"<p>Provincia NUESTRA SE\u00d1ORA DEL AZOGUE\u6559\u5802 &#8211; \u5468\u672b\uff0c\u5047\u671f\u548c\u957f\u5468\u672b [&hellip;]<\/p>\n","protected":false},"author":1,"featured_media":0,"parent":1733,"menu_order":2,"comment_status":"closed","ping_status":"closed","template":"","meta":{"inline_featured_image":false,"site-sidebar-layout":"default","site-content-layout":"default","ast-site-content-layout":"default","site-content-style":"default","site-sidebar-style":"default","ast-global-header-display":"","ast-banner-title-visibility":"","ast-main-header-display":"","ast-hfb-above-header-display":"","ast-hfb-below-header-display":"","ast-hfb-mobile-header-display":"","site-post-title":"","ast-breadcrumbs-content":"","ast-featured-img":"","footer-sml-layout":"","theme-transparent-header-meta":"default","adv-header-id-meta":"","stick-header-meta":"","header-above-stick-meta":"","header-main-stick-meta":"","header-below-stick-meta":"","astra-migrate-meta-layouts":"set","ast-page-background-enabled":"default","ast-page-background-meta":{"desktop":{"background-color":"","background-image":"","background-repeat":"repeat","background-position":"center center","background-size":"auto","background-attachment":"scroll","background-type":"","background-media":"","overlay-type":"","overlay-color":"","overlay-gradient":""},"tablet":{"background-color":"","background-image":"","background-repeat":"repeat","background-position":"center center","background-size":"auto","background-attachment":"scroll","background-type":"","background-media":"","overlay-type":"","overlay-color":"","overlay-gradient":""},"mobile":{"background-color":"","background-image":"","background-repeat":"repeat","background-position":"center center","background-size":"auto","background-attachment":"scroll","background-type":"","background-media":"","overlay-type":"","overlay-color":"","overlay-gradient":""}},"ast-content-background-meta":{"desktop":{"background-color":"var(--ast-global-color-5)","background-image":"","background-repeat":"repeat","background-position":"center center","background-size":"auto","background-attachment":"scroll","background-type":"","background-media":"","overlay-type":"","overlay-color":"","overlay-gradient":""},"tablet":{"background-color":"var(--ast-global-color-5)","background-image":"","background-repeat":"repeat","background-position":"center center","background-size":"auto","background-attachment":"scroll","background-type":"","background-media":"","overlay-type":"","overlay-color":"","overlay-gradient":""},"mobile":{"background-color":"var(--ast-global-color-5)","background-image":"","background-repeat":"repeat","background-position":"center center","background-size":"auto","background-attachment":"scroll","background-type":"","background-media":"","overlay-type":"","overlay-color":"","overlay-gradient":""}},"ngg_post_thumbnail":0,"footnotes":""},"yoast_head":"<!-- This site is optimized with the Yoast SEO plugin v23.0 - https:\/\/yoast.com\/wordpress\/plugins\/seo\/ -->\n<title>Turismo de Zamora , Turismo Sostenible<\/title>\n<meta name=\"description\" content=\"Esta es la p\u00e1gina Oficial de Turismo de Diputaci\u00f3n de Zamora, donde podr\u00e1 encontrar toda la informaci\u00f3n para disfrutar al m\u00e1ximo de nuestra provincia.\" \/>\n<meta name=\"robots\" content=\"index, follow, max-snippet:-1, max-image-preview:large, max-video-preview:-1\" \/>\n<link rel=\"canonical\" href=\"https:\/\/turismoenzamora.es\/servicios-turisticos\/informacion-turistica\/horarios-de-apertura\/horarios-de-apertura-por-la-provincia\/\" \/>\n<meta property=\"og:locale\" content=\"zh_CN\" \/>\n<meta property=\"og:type\" content=\"article\" \/>\n<meta property=\"og:title\" content=\"Turismo de Zamora , Turismo Sostenible\" \/>\n<meta property=\"og:description\" content=\"Esta es la p\u00e1gina Oficial de Turismo de Diputaci\u00f3n de Zamora, donde podr\u00e1 encontrar toda la informaci\u00f3n para disfrutar al m\u00e1ximo de nuestra provincia.\" \/>\n<meta property=\"og:url\" content=\"https:\/\/turismoenzamora.es\/servicios-turisticos\/informacion-turistica\/horarios-de-apertura\/horarios-de-apertura-por-la-provincia\/\" \/>\n<meta property=\"og:site_name\" content=\"(Espa\u00f1ol) Turismo sostenible. Patronato de Turismo de la Diputaci\u00f3n de Zamora.&quot;Turismo Sostenible&quot;.\" \/>\n<meta property=\"article:publisher\" content=\"https:\/\/www.facebook.com\/ZamoraSpain\/\" \/>\n<meta property=\"article:modified_time\" content=\"2026-03-27T13:48:11+00:00\" \/>\n<meta name=\"twitter:card\" content=\"summary_large_image\" \/>\n<meta name=\"twitter:site\" content=\"@ZamoraSpain\" \/>\n<meta name=\"twitter:label1\" content=\"\u9884\u8ba1\u9605\u8bfb\u65f6\u95f4\" \/>\n\t<meta name=\"twitter:data1\" content=\"46\u5206\" \/>\n<script type=\"application\/ld+json\" class=\"yoast-schema-graph\">{\"@context\":\"https:\/\/schema.org\",\"@graph\":[{\"@type\":\"WebPage\",\"@id\":\"https:\/\/turismoenzamora.es\/servicios-turisticos\/informacion-turistica\/horarios-de-apertura\/horarios-de-apertura-por-la-provincia\/\",\"url\":\"https:\/\/turismoenzamora.es\/servicios-turisticos\/informacion-turistica\/horarios-de-apertura\/horarios-de-apertura-por-la-provincia\/\",\"name\":\"Turismo de Zamora , Turismo Sostenible\",\"isPartOf\":{\"@id\":\"https:\/\/turismoenzamora.es\/pt\/#website\"},\"datePublished\":\"2017-08-18T06:31:31+00:00\",\"dateModified\":\"2026-03-27T13:48:11+00:00\",\"description\":\"Esta es la p\u00e1gina Oficial de Turismo de Diputaci\u00f3n de Zamora, donde podr\u00e1 encontrar toda la informaci\u00f3n para disfrutar al m\u00e1ximo de nuestra provincia.\",\"breadcrumb\":{\"@id\":\"https:\/\/turismoenzamora.es\/servicios-turisticos\/informacion-turistica\/horarios-de-apertura\/horarios-de-apertura-por-la-provincia\/#breadcrumb\"},\"inLanguage\":\"zh-CN\",\"potentialAction\":[{\"@type\":\"ReadAction\",\"target\":[\"https:\/\/turismoenzamora.es\/servicios-turisticos\/informacion-turistica\/horarios-de-apertura\/horarios-de-apertura-por-la-provincia\/\"]}]},{\"@type\":\"BreadcrumbList\",\"@id\":\"https:\/\/turismoenzamora.es\/servicios-turisticos\/informacion-turistica\/horarios-de-apertura\/horarios-de-apertura-por-la-provincia\/#breadcrumb\",\"itemListElement\":[{\"@type\":\"ListItem\",\"position\":1,\"name\":\"Portada\",\"item\":\"https:\/\/turismoenzamora.es\/\"},{\"@type\":\"ListItem\",\"position\":2,\"name\":\"Servicios Tur\u00edsticos\",\"item\":\"https:\/\/turismoenzamora.es\/fr\/servicios-turisticos\/\"},{\"@type\":\"ListItem\",\"position\":3,\"name\":\"Informations touristiques\",\"item\":\"https:\/\/turismoenzamora.es\/fr\/servicios-turisticos\/informacion-turistica\/\"},{\"@type\":\"ListItem\",\"position\":4,\"name\":\"Horarios de apertura\",\"item\":\"https:\/\/turismoenzamora.es\/servicios-turisticos\/informacion-turistica\/horarios-de-apertura\/\"},{\"@type\":\"ListItem\",\"position\":5,\"name\":\"[:es]Horarios de apertura por la Provincia[:en]Provincia[:fr]Provincia[:pt]Provincia[:de]Provincia[:]\"}]},{\"@type\":\"WebSite\",\"@id\":\"https:\/\/turismoenzamora.es\/pt\/#website\",\"url\":\"https:\/\/turismoenzamora.es\/pt\/\",\"name\":\"Turismo sostenible. Patronato de Turismo de la Diputaci\u00f3n de Zamora.&quot;Turismo Sostenible&quot;.\",\"description\":\"(Espa\u00f1ol) Turismo sostenible. Patronato de Turismo de la Diputaci\u00f3n de Zamora.&quot;Turismo Sostenible&quot;.\",\"publisher\":{\"@id\":\"https:\/\/turismoenzamora.es\/pt\/#organization\"},\"potentialAction\":[{\"@type\":\"SearchAction\",\"target\":{\"@type\":\"EntryPoint\",\"urlTemplate\":\"https:\/\/turismoenzamora.es\/pt\/?s={search_term_string}\"},\"query-input\":\"required name=search_term_string\"}],\"inLanguage\":\"zh-CN\"},{\"@type\":\"Organization\",\"@id\":\"https:\/\/turismoenzamora.es\/pt\/#organization\",\"name\":\"Patronato de Turismo de la Diputaci\u00f3n de Zamora\",\"url\":\"https:\/\/turismoenzamora.es\/pt\/\",\"logo\":{\"@type\":\"ImageObject\",\"inLanguage\":\"zh-CN\",\"@id\":\"https:\/\/turismoenzamora.es\/pt\/#\/schema\/logo\/image\/\",\"url\":\"https:\/\/turismoenzamora.es\/wp-content\/uploads\/2018\/06\/ZamoraLogo.png\",\"contentUrl\":\"https:\/\/turismoenzamora.es\/wp-content\/uploads\/2018\/06\/ZamoraLogo.png\",\"width\":1276,\"height\":290,\"caption\":\"Patronato de Turismo de la Diputaci\u00f3n de Zamora\"},\"image\":{\"@id\":\"https:\/\/turismoenzamora.es\/pt\/#\/schema\/logo\/image\/\"},\"sameAs\":[\"https:\/\/www.facebook.com\/ZamoraSpain\/\",\"https:\/\/x.com\/ZamoraSpain\",\"https:\/\/www.instagram.com\/turismoenzamora.es\/\",\"https:\/\/www.pinterest.es\/TurismoenZamora\/\",\"https:\/\/www.youtube.com\/channel\/UC2bOyOZ-2cLm-uXlBFYUV9w\"]}]}<\/script>\n<!-- \/ Yoast SEO plugin. -->","yoast_head_json":{"title":"Turismo de Zamora , Turismo Sostenible","description":"Esta es la p\u00e1gina Oficial de Turismo de Diputaci\u00f3n de Zamora, donde podr\u00e1 encontrar toda la informaci\u00f3n para disfrutar al m\u00e1ximo de nuestra provincia.","robots":{"index":"index","follow":"follow","max-snippet":"max-snippet:-1","max-image-preview":"max-image-preview:large","max-video-preview":"max-video-preview:-1"},"canonical":"https:\/\/turismoenzamora.es\/servicios-turisticos\/informacion-turistica\/horarios-de-apertura\/horarios-de-apertura-por-la-provincia\/","og_locale":"zh_CN","og_type":"article","og_title":"Turismo de Zamora , Turismo Sostenible","og_description":"Esta es la p\u00e1gina Oficial de Turismo de Diputaci\u00f3n de Zamora, donde podr\u00e1 encontrar toda la informaci\u00f3n para disfrutar al m\u00e1ximo de nuestra provincia.","og_url":"https:\/\/turismoenzamora.es\/servicios-turisticos\/informacion-turistica\/horarios-de-apertura\/horarios-de-apertura-por-la-provincia\/","og_site_name":"(Espa\u00f1ol) Turismo sostenible. Patronato de Turismo de la Diputaci\u00f3n de Zamora.&quot;Turismo Sostenible&quot;.","article_publisher":"https:\/\/www.facebook.com\/ZamoraSpain\/","article_modified_time":"2026-03-27T13:48:11+00:00","twitter_card":"summary_large_image","twitter_site":"@ZamoraSpain","twitter_misc":{"\u9884\u8ba1\u9605\u8bfb\u65f6\u95f4":"46\u5206"},"schema":{"@context":"https:\/\/schema.org","@graph":[{"@type":"WebPage","@id":"https:\/\/turismoenzamora.es\/servicios-turisticos\/informacion-turistica\/horarios-de-apertura\/horarios-de-apertura-por-la-provincia\/","url":"https:\/\/turismoenzamora.es\/servicios-turisticos\/informacion-turistica\/horarios-de-apertura\/horarios-de-apertura-por-la-provincia\/","name":"Turismo de Zamora , Turismo Sostenible","isPartOf":{"@id":"https:\/\/turismoenzamora.es\/pt\/#website"},"datePublished":"2017-08-18T06:31:31+00:00","dateModified":"2026-03-27T13:48:11+00:00","description":"Esta es la p\u00e1gina Oficial de Turismo de Diputaci\u00f3n de Zamora, donde podr\u00e1 encontrar toda la informaci\u00f3n para disfrutar al m\u00e1ximo de nuestra provincia.","breadcrumb":{"@id":"https:\/\/turismoenzamora.es\/servicios-turisticos\/informacion-turistica\/horarios-de-apertura\/horarios-de-apertura-por-la-provincia\/#breadcrumb"},"inLanguage":"zh-CN","potentialAction":[{"@type":"ReadAction","target":["https:\/\/turismoenzamora.es\/servicios-turisticos\/informacion-turistica\/horarios-de-apertura\/horarios-de-apertura-por-la-provincia\/"]}]},{"@type":"BreadcrumbList","@id":"https:\/\/turismoenzamora.es\/servicios-turisticos\/informacion-turistica\/horarios-de-apertura\/horarios-de-apertura-por-la-provincia\/#breadcrumb","itemListElement":[{"@type":"ListItem","position":1,"name":"Portada","item":"https:\/\/turismoenzamora.es\/"},{"@type":"ListItem","position":2,"name":"Servicios Tur\u00edsticos","item":"https:\/\/turismoenzamora.es\/fr\/servicios-turisticos\/"},{"@type":"ListItem","position":3,"name":"Informations touristiques","item":"https:\/\/turismoenzamora.es\/fr\/servicios-turisticos\/informacion-turistica\/"},{"@type":"ListItem","position":4,"name":"Horarios de apertura","item":"https:\/\/turismoenzamora.es\/servicios-turisticos\/informacion-turistica\/horarios-de-apertura\/"},{"@type":"ListItem","position":5,"name":"[:es]Horarios de apertura por la Provincia[:en]Provincia[:fr]Provincia[:pt]Provincia[:de]Provincia[:]"}]},{"@type":"WebSite","@id":"https:\/\/turismoenzamora.es\/pt\/#website","url":"https:\/\/turismoenzamora.es\/pt\/","name":"Turismo sostenible. Patronato de Turismo de la Diputaci\u00f3n de Zamora.&quot;Turismo Sostenible&quot;.","description":"(Espa\u00f1ol) Turismo sostenible. Patronato de Turismo de la Diputaci\u00f3n de Zamora.&quot;Turismo Sostenible&quot;.","publisher":{"@id":"https:\/\/turismoenzamora.es\/pt\/#organization"},"potentialAction":[{"@type":"SearchAction","target":{"@type":"EntryPoint","urlTemplate":"https:\/\/turismoenzamora.es\/pt\/?s={search_term_string}"},"query-input":"required name=search_term_string"}],"inLanguage":"zh-CN"},{"@type":"Organization","@id":"https:\/\/turismoenzamora.es\/pt\/#organization","name":"Patronato de Turismo de la Diputaci\u00f3n de Zamora","url":"https:\/\/turismoenzamora.es\/pt\/","logo":{"@type":"ImageObject","inLanguage":"zh-CN","@id":"https:\/\/turismoenzamora.es\/pt\/#\/schema\/logo\/image\/","url":"https:\/\/turismoenzamora.es\/wp-content\/uploads\/2018\/06\/ZamoraLogo.png","contentUrl":"https:\/\/turismoenzamora.es\/wp-content\/uploads\/2018\/06\/ZamoraLogo.png","width":1276,"height":290,"caption":"Patronato de Turismo de la Diputaci\u00f3n de Zamora"},"image":{"@id":"https:\/\/turismoenzamora.es\/pt\/#\/schema\/logo\/image\/"},"sameAs":["https:\/\/www.facebook.com\/ZamoraSpain\/","https:\/\/x.com\/ZamoraSpain","https:\/\/www.instagram.com\/turismoenzamora.es\/","https:\/\/www.pinterest.es\/TurismoenZamora\/","https:\/\/www.youtube.com\/channel\/UC2bOyOZ-2cLm-uXlBFYUV9w"]}]}},"_links":{"self":[{"href":"https:\/\/turismoenzamora.es\/zh\/wp-json\/wp\/v2\/pages\/2244"}],"collection":[{"href":"https:\/\/turismoenzamora.es\/zh\/wp-json\/wp\/v2\/pages"}],"about":[{"href":"https:\/\/turismoenzamora.es\/zh\/wp-json\/wp\/v2\/types\/page"}],"author":[{"embeddable":true,"href":"https:\/\/turismoenzamora.es\/zh\/wp-json\/wp\/v2\/users\/1"}],"replies":[{"embeddable":true,"href":"https:\/\/turismoenzamora.es\/zh\/wp-json\/wp\/v2\/comments?post=2244"}],"version-history":[{"count":0,"href":"https:\/\/turismoenzamora.es\/zh\/wp-json\/wp\/v2\/pages\/2244\/revisions"}],"up":[{"embeddable":true,"href":"https:\/\/turismoenzamora.es\/zh\/wp-json\/wp\/v2\/pages\/1733"}],"wp:attachment":[{"href":"https:\/\/turismoenzamora.es\/zh\/wp-json\/wp\/v2\/media?parent=2244"}],"curies":[{"name":"wp","href":"https:\/\/api.w.org\/{rel}","templated":true}]}}