{"id":20738,"date":"2024-08-14T11:01:00","date_gmt":"2024-08-14T09:01:00","guid":{"rendered":"https:\/\/turismoenzamora.es\/?page_id=20738"},"modified":"2024-08-14T11:05:15","modified_gmt":"2024-08-14T09:05:15","slug":"esenoturismoenwine-tourismfrenotourismeptturismo-do-vinhodeweintourismus","status":"publish","type":"page","link":"https:\/\/turismoenzamora.es\/zh\/esenoturismoenwine-tourismfrenotourismeptturismo-do-vinhodeweintourismus\/","title":{"rendered":"Oleoturismo"},"content":{"rendered":"\t\t<div data-elementor-type=\"wp-page\" data-elementor-id=\"20738\" class=\"elementor elementor-20738\" data-elementor-post-type=\"page\">\n\t\t\t\t\t\t<section class=\"elementor-section elementor-top-section elementor-element elementor-element-271081ce elementor-section-boxed elementor-section-height-default elementor-section-height-default\" data-id=\"271081ce\" data-element_type=\"section\">\n\t\t\t\t\t\t<div class=\"elementor-container elementor-column-gap-default\">\n\t\t\t\t\t<div class=\"elementor-column elementor-col-100 elementor-top-column elementor-element elementor-element-4f438c46\" data-id=\"4f438c46\" data-element_type=\"column\">\n\t\t\t<div class=\"elementor-widget-wrap elementor-element-populated\">\n\t\t\t\t\t\t<div class=\"elementor-element elementor-element-3d16b600 elementor-widget elementor-widget-text-editor\" data-id=\"3d16b600\" data-element_type=\"widget\" data-widget_type=\"text-editor.default\">\n\t\t\t\t<div class=\"elementor-widget-container\">\n\t\t\t\t\t\t\t<p><\/p><h1>\u8461\u8404\u9152\u4e4b\u65c5<\/h1><figure id=\"attachment_4494\" aria-describedby=\"caption-attachment-4494\" style=\"width: 670px\" class=\"wp-caption aligncenter\"><img fetchpriority=\"high\" decoding=\"async\" class=\"wp-image-4494 size-full\" src=\"https:\/\/turismoenzamora.es\/wp-content\/uploads\/2017\/08\/seccion-enoturismo.jpg\" alt=\"\" width=\"670\" height=\"350\" data-id=\"4494\" srcset=\"https:\/\/turismoenzamora.es\/wp-content\/uploads\/2017\/08\/seccion-enoturismo.jpg 670w, https:\/\/turismoenzamora.es\/wp-content\/uploads\/2017\/08\/seccion-enoturismo-300x157.jpg 300w\" sizes=\"(max-width: 670px) 100vw, 670px\" \/><figcaption id=\"caption-attachment-4494\" class=\"wp-caption-text\">Tierra de Vino \u201c\u8461\u8404\u9152\u4e4b\u4e61\u201d.<\/figcaption><\/figure><p>\u8428\u83ab\u62c9\u6709\u4e09\u4e2aDO\uff08Denominaci\u00f3n de<br \/>Origen\uff09\u8ba4\u8bc1\u7684\u8461\u8404\u9152\u4ea7\u533a\uff0c\u548c\u2f00\u4e2a<br \/>PDO\uff08Denominaci\u00f3n de Origen<br \/>Protegida\uff09\u8ba4\u8bc1\u7684\u4ea7\u533a\u3002\u968f\u7740\u90a3\u5355\u5b81\u7684\u9187<br \/>\u2fb9\uff0c\u6211\u4eec\u53ef\u4ee5\u66f4\u8fdb\u2f00\u6b65\u8ba4\u8bc6\u8428\u83ab\u62c9\u7701\u3002<br \/>\u518d\u8bf4\u8fd9\u4e70\u201c\u8461\u8404\u9152\u4e4b\u4e61\u201dTierra del Vino\u4ea7\u533a\uff0c<br \/>\u4e0d\u5355\u662f\u6709\u8fd9\u53ef\u2f1d\u7684\u8461\u8404\u66f4\u662f\u201c\u2f69\u94f6\u4e4b\u8def\u201d\u7684\u5fc5<br \/>\u7ecf\u4e4b\u5730\uff0c\u4e0d\u4f46\u5982\u6b64\uff0c\u8fd8\u4e0e\u671d\u5723\u4e4b\u8def\u4ea4\u7ec7\u3002\u53ef<br \/>\u8c13\u662f\u2edb\u2f54\u5b9d\u5730\uff0c<br \/>\u7ee7\u7eed\u5411\u5317\uff0c\u90a3\u2fa5\u7684\u2f29\u57ce\u867d\u2f29\uff0c\u4f46\u5728\u5efa\u7b51\u53f2\u4e0a<br \/>\u5374\u5f88\u6709\u5206\u91cf\uff0c\u2f46\u8bba\u662fCubo del Vino\u8fd8\u662fVilla<br \/>nueva de Campe\u00e1n\uff0c\u5c31\u8fde\u8428\u83ab\u62c9\u2fb8\u5e9c\uff0c\u90fd<br \/>\u662f\u62e5\u6709\u7f57\u2ee2\u5723\u5802\u5efa\u7b51\u6700\u591a\u7684\u5730\u2f45\uff0c\u5728\u6574\u4e2a\u6b27<br \/>\u6d32\u90fd\u5f88\u96be\u627e\u51fa\u7b2c\u2f06\u4e2a\u8fd9\u6837\u7684\u5730\u2f45\uff0c\u5bc6\u5ea6\u4e4b<br \/>\u2fbc\uff0c\u4ee4\u2f08\u60ca\u53f9\u3002<br \/>\u503c\u5f97\u2f00\u63d0\u7684\u662f\u963f\u2fa5\u5351\u65af\u5730\u533a\u7684\u917f\u9152\u4ea7\u5730\uff0c\u8fd9<br \/>\u2fa5\u7684\u8461\u8404\u4e0d\u5355\u54c1\u79cd\u53e4\u2f7c\uff0c\u2f7d\u4e14\u8461\u8404\u9152\u917f\u9020\u4e1a<br \/>\u4e5f\u662f\u53e4\u2f7c\u4e14\u4f20\u7edf\uff0c\u5b9e\u2f84\u540d\u5f52\u7684DO\uff08la<br \/>Denominaci\u00f3n de Origen Arribes\uff09\u4ea7\u533a.<br \/>\u968f\u7740\u675c\u7f57\u6cb3\u2f95\uff0c\u4f60\u5c31\u80fd\u6b23\u8d4f\u5230\u8fd9\u8461\u8404\u2f65\u7684\u2edb<br \/>\u666f\u3002\u5982\u679c\u89c9\u5f97\u8fd8\u4e0d\u591f\uff0c\u8fd8\u80fd\u642d\u5750\u675c\u7f57\u6cb3\u4e0a\u4e0a<br \/>\u7279\u610f\u4e3a\u6e38\u5ba2\u8bbe\u8ba1\u7684\u6cb3\u2f95\u89c2\u5149\u6e38\u8239\u3002\u8ba9\u4f60\u2f00\u9971<br \/>\u6b23\u8d4f\u2f83\u7136\u516c\u56ed\u7684\u773c\u798f\u3002<br \/>\u6700\u540e\u6211\u4eec\u6765\u8bf4\u8bf4\u2ec9\u7eb3\u2f42\u7279\u2f95\uff08los Valles de<br \/>Benavente\uff0c\u8fd9\u662f\u6700\u8fd1\u2f0f\u5e74\u521a\u88ab\u8ba4\u8bc1\u7684DOP<br \/>\u4ea7\u533a\uff08la Denominaci\u00f3n de Origen<br \/>Protegida\uff09\uff0c\u8fd9\u4e2a\u5730\u533a\u4e5f\u2fae\u5e38\u6709\u610f\u601d\uff0c\u5982\u679c<br \/>\u4f60\u4e0d\u4f46\u559c\u6b22\u8461\u8404\u9152\uff0c\u2f7d\u4e14\u8fd8\u662f\u4e2a\u8003\u53e4\u7231\u597d<\/p><p><a href=\"https:\/\/turismoenzamora.es\/wp-content\/uploads\/2017\/08\/FolletoVinos2012.pdf\" target=\"_blank\" rel=\"noopener noreferrer\"><img decoding=\"async\" class=\"size-full wp-image-640 alignleft\" src=\"https:\/\/turismoenzamora.es\/wp-content\/uploads\/2017\/08\/masinfo.png\" alt=\"\" width=\"63\" height=\"32\" data-id=\"640\" \/><\/a><\/p><table width=\"500\" cellspacing=\"0\" align=\"center\"><tbody><tr><td style=\"text-align: center;\"><a href=\"https:\/\/turismoenzamora.es\/toro-2\/\"><img decoding=\"async\" class=\"size-thumbnail wp-image-4536 aligncenter\" src=\"https:\/\/turismoenzamora.es\/wp-content\/uploads\/2017\/08\/categoria-enoturismo-toro-150x150.jpg\" alt=\"\" width=\"150\" height=\"150\" data-id=\"4536\" \/>Toro<\/a><\/td><td style=\"text-align: center;\"><a href=\"https:\/\/turismoenzamora.es\/arribes-2\/\"><img loading=\"lazy\" decoding=\"async\" class=\"size-thumbnail wp-image-4534 aligncenter\" src=\"https:\/\/turismoenzamora.es\/wp-content\/uploads\/2017\/08\/categoria-enoturismo-arribes-150x150.jpg\" alt=\"\" width=\"150\" height=\"150\" data-id=\"4534\" \/>Arribes<\/a><\/td><td style=\"text-align: center;\"><a href=\"https:\/\/turismoenzamora.es\/tierra-del-vino\/\"><img loading=\"lazy\" decoding=\"async\" class=\"size-thumbnail wp-image-4535 aligncenter\" src=\"https:\/\/turismoenzamora.es\/wp-content\/uploads\/2017\/08\/categoria-enoturismo-tierra-del-vino-02-150x150.jpg\" alt=\"\" width=\"150\" height=\"150\" data-id=\"4535\" \/>Tierra del Vino<\/a><\/td><\/tr><tr><td style=\"text-align: center;\"><a href=\"https:\/\/turismoenzamora.es\/valles-de-benavente\/\"><img loading=\"lazy\" decoding=\"async\" class=\"size-thumbnail wp-image-4537 aligncenter\" src=\"https:\/\/turismoenzamora.es\/wp-content\/uploads\/2017\/08\/categoria-enoturismo-valles-benavente-150x150.jpg\" alt=\"\" width=\"150\" height=\"150\" data-id=\"4537\" \/>Valles de Benavente<\/a><\/td><\/tr><\/tbody><\/table><p><\/p>\t\t\t\t\t\t<\/div>\n\t\t\t\t<\/div>\n\t\t\t\t\t<\/div>\n\t\t<\/div>\n\t\t\t\t\t<\/div>\n\t\t<\/section>\n\t\t\t\t<\/div>\n\t\t","protected":false},"excerpt":{"rendered":"<p>\u8461\u8404\u9152\u4e4b\u65c5 \u8428\u83ab\u62c9\u6709\u4e09\u4e2aDO\uff08Denominaci\u00f3n deOrigen\uff09\u8ba4\u8bc1\u7684\u8461\u8404\u9152\u4ea7\u533a\uff0c\u548c\u2f00\u4e2aPDO\uff08De [&hellip;]<\/p>\n","protected":false},"author":1,"featured_media":0,"parent":0,"menu_order":0,"comment_status":"closed","ping_status":"closed","template":"","meta":{"inline_featured_image":false,"site-sidebar-layout":"default","site-content-layout":"default","ast-site-content-layout":"default","site-content-style":"default","site-sidebar-style":"default","ast-global-header-display":"","ast-banner-title-visibility":"","ast-main-header-display":"","ast-hfb-above-header-display":"","ast-hfb-below-header-display":"","ast-hfb-mobile-header-display":"","site-post-title":"disabled","ast-breadcrumbs-content":"","ast-featured-img":"","footer-sml-layout":"","theme-transparent-header-meta":"default","adv-header-id-meta":"","stick-header-meta":"","header-above-stick-meta":"","header-main-stick-meta":"","header-below-stick-meta":"","astra-migrate-meta-layouts":"set","ast-page-background-enabled":"default","ast-page-background-meta":{"desktop":{"background-color":"","background-image":"","background-repeat":"repeat","background-position":"center center","background-size":"auto","background-attachment":"scroll","background-type":"","background-media":"","overlay-type":"","overlay-color":"","overlay-gradient":""},"tablet":{"background-color":"","background-image":"","background-repeat":"repeat","background-position":"center center","background-size":"auto","background-attachment":"scroll","background-type":"","background-media":"","overlay-type":"","overlay-color":"","overlay-gradient":""},"mobile":{"background-color":"","background-image":"","background-repeat":"repeat","background-position":"center center","background-size":"auto","background-attachment":"scroll","background-type":"","background-media":"","overlay-type":"","overlay-color":"","overlay-gradient":""}},"ast-content-background-meta":{"desktop":{"background-color":"var(--ast-global-color-5)","background-image":"","background-repeat":"repeat","background-position":"center center","background-size":"auto","background-attachment":"scroll","background-type":"","background-media":"","overlay-type":"","overlay-color":"","overlay-gradient":""},"tablet":{"background-color":"var(--ast-global-color-5)","background-image":"","background-repeat":"repeat","background-position":"center center","background-size":"auto","background-attachment":"scroll","background-type":"","background-media":"","overlay-type":"","overlay-color":"","overlay-gradient":""},"mobile":{"background-color":"var(--ast-global-color-5)","background-image":"","background-repeat":"repeat","background-position":"center center","background-size":"auto","background-attachment":"scroll","background-type":"","background-media":"","overlay-type":"","overlay-color":"","overlay-gradient":""}},"ngg_post_thumbnail":0,"footnotes":""},"yoast_head":"<!-- This site is optimized with the Yoast SEO plugin v23.0 - https:\/\/yoast.com\/wordpress\/plugins\/seo\/ -->\n<title>Turismo de Zamora , Turismo Sostenible<\/title>\n<meta name=\"description\" content=\"(Espa\u00f1ol) Descubre el mundo del aceite en una experiencia \u00fanica que te adentrar\u00e1 en la cultura del olivo y el antiguo proceso de elaboraci\u00f3n del aceite de oliva\" \/>\n<meta name=\"robots\" content=\"index, follow, max-snippet:-1, max-image-preview:large, max-video-preview:-1\" \/>\n<link rel=\"canonical\" href=\"https:\/\/turismoenzamora.es\/esenoturismoenwine-tourismfrenotourismeptturismo-do-vinhodeweintourismus\/\" \/>\n<meta property=\"og:locale\" content=\"zh_CN\" \/>\n<meta property=\"og:type\" content=\"article\" \/>\n<meta property=\"og:title\" content=\"Turismo de Zamora , Turismo Sostenible\" \/>\n<meta property=\"og:description\" content=\"{:es}Descubre el mundo del aceite en una experiencia \u00fanica que te adentrar\u00e1 en la cultura del olivo y el antiguo proceso de elaboraci\u00f3n del aceite de oliva{:}\" \/>\n<meta property=\"og:url\" content=\"https:\/\/turismoenzamora.es\/esenoturismoenwine-tourismfrenotourismeptturismo-do-vinhodeweintourismus\/\" \/>\n<meta property=\"og:site_name\" content=\"(Espa\u00f1ol) Turismo sostenible. Patronato de Turismo de la Diputaci\u00f3n de Zamora.&quot;Turismo Sostenible&quot;.\" \/>\n<meta property=\"article:publisher\" content=\"https:\/\/www.facebook.com\/ZamoraSpain\/\" \/>\n<meta property=\"article:modified_time\" content=\"2024-08-14T09:05:15+00:00\" \/>\n<meta property=\"og:image\" content=\"https:\/\/turismoenzamora.es\/wp-content\/uploads\/2024\/08\/w-1024x680.jpg\" \/>\n<meta name=\"twitter:card\" content=\"summary_large_image\" \/>\n<meta name=\"twitter:site\" content=\"@ZamoraSpain\" \/>\n<meta name=\"twitter:label1\" content=\"\u9884\u8ba1\u9605\u8bfb\u65f6\u95f4\" \/>\n\t<meta name=\"twitter:data1\" content=\"12\u5206\" \/>\n<script type=\"application\/ld+json\" class=\"yoast-schema-graph\">{\"@context\":\"https:\/\/schema.org\",\"@graph\":[{\"@type\":\"WebPage\",\"@id\":\"https:\/\/turismoenzamora.es\/esenoturismoenwine-tourismfrenotourismeptturismo-do-vinhodeweintourismus\/\",\"url\":\"https:\/\/turismoenzamora.es\/esenoturismoenwine-tourismfrenotourismeptturismo-do-vinhodeweintourismus\/\",\"name\":\"Turismo de Zamora , Turismo Sostenible\",\"isPartOf\":{\"@id\":\"https:\/\/turismoenzamora.es\/pt\/#website\"},\"primaryImageOfPage\":{\"@id\":\"https:\/\/turismoenzamora.es\/esenoturismoenwine-tourismfrenotourismeptturismo-do-vinhodeweintourismus\/#primaryimage\"},\"image\":{\"@id\":\"https:\/\/turismoenzamora.es\/esenoturismoenwine-tourismfrenotourismeptturismo-do-vinhodeweintourismus\/#primaryimage\"},\"thumbnailUrl\":\"https:\/\/turismoenzamora.es\/wp-content\/uploads\/2024\/08\/w-1024x680.jpg\",\"datePublished\":\"2024-08-14T09:01:00+00:00\",\"dateModified\":\"2024-08-14T09:05:15+00:00\",\"description\":\"{:es}Descubre el mundo del aceite en una experiencia \u00fanica que te adentrar\u00e1 en la cultura del olivo y el antiguo proceso de elaboraci\u00f3n del aceite de oliva{:}\",\"breadcrumb\":{\"@id\":\"https:\/\/turismoenzamora.es\/esenoturismoenwine-tourismfrenotourismeptturismo-do-vinhodeweintourismus\/#breadcrumb\"},\"inLanguage\":\"zh-CN\",\"potentialAction\":[{\"@type\":\"ReadAction\",\"target\":[\"https:\/\/turismoenzamora.es\/esenoturismoenwine-tourismfrenotourismeptturismo-do-vinhodeweintourismus\/\"]}]},{\"@type\":\"ImageObject\",\"inLanguage\":\"zh-CN\",\"@id\":\"https:\/\/turismoenzamora.es\/esenoturismoenwine-tourismfrenotourismeptturismo-do-vinhodeweintourismus\/#primaryimage\",\"url\":\"https:\/\/turismoenzamora.es\/wp-content\/uploads\/2024\/08\/w-1024x680.jpg\",\"contentUrl\":\"https:\/\/turismoenzamora.es\/wp-content\/uploads\/2024\/08\/w-1024x680.jpg\"},{\"@type\":\"BreadcrumbList\",\"@id\":\"https:\/\/turismoenzamora.es\/esenoturismoenwine-tourismfrenotourismeptturismo-do-vinhodeweintourismus\/#breadcrumb\",\"itemListElement\":[{\"@type\":\"ListItem\",\"position\":1,\"name\":\"Portada\",\"item\":\"https:\/\/turismoenzamora.es\/\"},{\"@type\":\"ListItem\",\"position\":2,\"name\":\"Oleoturismo\"}]},{\"@type\":\"WebSite\",\"@id\":\"https:\/\/turismoenzamora.es\/pt\/#website\",\"url\":\"https:\/\/turismoenzamora.es\/pt\/\",\"name\":\"Turismo sostenible. Patronato de Turismo de la Diputaci\u00f3n de Zamora.&quot;Turismo Sostenible&quot;.\",\"description\":\"(Espa\u00f1ol) Turismo sostenible. Patronato de Turismo de la Diputaci\u00f3n de Zamora.&quot;Turismo Sostenible&quot;.\",\"publisher\":{\"@id\":\"https:\/\/turismoenzamora.es\/pt\/#organization\"},\"potentialAction\":[{\"@type\":\"SearchAction\",\"target\":{\"@type\":\"EntryPoint\",\"urlTemplate\":\"https:\/\/turismoenzamora.es\/pt\/?s={search_term_string}\"},\"query-input\":\"required name=search_term_string\"}],\"inLanguage\":\"zh-CN\"},{\"@type\":\"Organization\",\"@id\":\"https:\/\/turismoenzamora.es\/pt\/#organization\",\"name\":\"Patronato de Turismo de la Diputaci\u00f3n de Zamora\",\"url\":\"https:\/\/turismoenzamora.es\/pt\/\",\"logo\":{\"@type\":\"ImageObject\",\"inLanguage\":\"zh-CN\",\"@id\":\"https:\/\/turismoenzamora.es\/pt\/#\/schema\/logo\/image\/\",\"url\":\"https:\/\/turismoenzamora.es\/wp-content\/uploads\/2018\/06\/ZamoraLogo.png\",\"contentUrl\":\"https:\/\/turismoenzamora.es\/wp-content\/uploads\/2018\/06\/ZamoraLogo.png\",\"width\":1276,\"height\":290,\"caption\":\"Patronato de Turismo de la Diputaci\u00f3n de Zamora\"},\"image\":{\"@id\":\"https:\/\/turismoenzamora.es\/pt\/#\/schema\/logo\/image\/\"},\"sameAs\":[\"https:\/\/www.facebook.com\/ZamoraSpain\/\",\"https:\/\/x.com\/ZamoraSpain\",\"https:\/\/www.instagram.com\/turismoenzamora.es\/\",\"https:\/\/www.pinterest.es\/TurismoenZamora\/\",\"https:\/\/www.youtube.com\/channel\/UC2bOyOZ-2cLm-uXlBFYUV9w\"]}]}<\/script>\n<!-- \/ Yoast SEO plugin. -->","yoast_head_json":{"title":"Turismo de Zamora , Turismo Sostenible","description":"(Espa\u00f1ol) Descubre el mundo del aceite en una experiencia \u00fanica que te adentrar\u00e1 en la cultura del olivo y el antiguo proceso de elaboraci\u00f3n del aceite de oliva","robots":{"index":"index","follow":"follow","max-snippet":"max-snippet:-1","max-image-preview":"max-image-preview:large","max-video-preview":"max-video-preview:-1"},"canonical":"https:\/\/turismoenzamora.es\/esenoturismoenwine-tourismfrenotourismeptturismo-do-vinhodeweintourismus\/","og_locale":"zh_CN","og_type":"article","og_title":"Turismo de Zamora , Turismo Sostenible","og_description":"{:es}Descubre el mundo del aceite en una experiencia \u00fanica que te adentrar\u00e1 en la cultura del olivo y el antiguo proceso de elaboraci\u00f3n del aceite de oliva{:}","og_url":"https:\/\/turismoenzamora.es\/esenoturismoenwine-tourismfrenotourismeptturismo-do-vinhodeweintourismus\/","og_site_name":"(Espa\u00f1ol) Turismo sostenible. Patronato de Turismo de la Diputaci\u00f3n de Zamora.&quot;Turismo Sostenible&quot;.","article_publisher":"https:\/\/www.facebook.com\/ZamoraSpain\/","article_modified_time":"2024-08-14T09:05:15+00:00","og_image":[{"url":"https:\/\/turismoenzamora.es\/wp-content\/uploads\/2024\/08\/w-1024x680.jpg"}],"twitter_card":"summary_large_image","twitter_site":"@ZamoraSpain","twitter_misc":{"\u9884\u8ba1\u9605\u8bfb\u65f6\u95f4":"12\u5206"},"schema":{"@context":"https:\/\/schema.org","@graph":[{"@type":"WebPage","@id":"https:\/\/turismoenzamora.es\/esenoturismoenwine-tourismfrenotourismeptturismo-do-vinhodeweintourismus\/","url":"https:\/\/turismoenzamora.es\/esenoturismoenwine-tourismfrenotourismeptturismo-do-vinhodeweintourismus\/","name":"Turismo de Zamora , Turismo Sostenible","isPartOf":{"@id":"https:\/\/turismoenzamora.es\/pt\/#website"},"primaryImageOfPage":{"@id":"https:\/\/turismoenzamora.es\/esenoturismoenwine-tourismfrenotourismeptturismo-do-vinhodeweintourismus\/#primaryimage"},"image":{"@id":"https:\/\/turismoenzamora.es\/esenoturismoenwine-tourismfrenotourismeptturismo-do-vinhodeweintourismus\/#primaryimage"},"thumbnailUrl":"https:\/\/turismoenzamora.es\/wp-content\/uploads\/2024\/08\/w-1024x680.jpg","datePublished":"2024-08-14T09:01:00+00:00","dateModified":"2024-08-14T09:05:15+00:00","description":"{:es}Descubre el mundo del aceite en una experiencia \u00fanica que te adentrar\u00e1 en la cultura del olivo y el antiguo proceso de elaboraci\u00f3n del aceite de oliva{:}","breadcrumb":{"@id":"https:\/\/turismoenzamora.es\/esenoturismoenwine-tourismfrenotourismeptturismo-do-vinhodeweintourismus\/#breadcrumb"},"inLanguage":"zh-CN","potentialAction":[{"@type":"ReadAction","target":["https:\/\/turismoenzamora.es\/esenoturismoenwine-tourismfrenotourismeptturismo-do-vinhodeweintourismus\/"]}]},{"@type":"ImageObject","inLanguage":"zh-CN","@id":"https:\/\/turismoenzamora.es\/esenoturismoenwine-tourismfrenotourismeptturismo-do-vinhodeweintourismus\/#primaryimage","url":"https:\/\/turismoenzamora.es\/wp-content\/uploads\/2024\/08\/w-1024x680.jpg","contentUrl":"https:\/\/turismoenzamora.es\/wp-content\/uploads\/2024\/08\/w-1024x680.jpg"},{"@type":"BreadcrumbList","@id":"https:\/\/turismoenzamora.es\/esenoturismoenwine-tourismfrenotourismeptturismo-do-vinhodeweintourismus\/#breadcrumb","itemListElement":[{"@type":"ListItem","position":1,"name":"Portada","item":"https:\/\/turismoenzamora.es\/"},{"@type":"ListItem","position":2,"name":"Oleoturismo"}]},{"@type":"WebSite","@id":"https:\/\/turismoenzamora.es\/pt\/#website","url":"https:\/\/turismoenzamora.es\/pt\/","name":"Turismo sostenible. Patronato de Turismo de la Diputaci\u00f3n de Zamora.&quot;Turismo Sostenible&quot;.","description":"(Espa\u00f1ol) Turismo sostenible. Patronato de Turismo de la Diputaci\u00f3n de Zamora.&quot;Turismo Sostenible&quot;.","publisher":{"@id":"https:\/\/turismoenzamora.es\/pt\/#organization"},"potentialAction":[{"@type":"SearchAction","target":{"@type":"EntryPoint","urlTemplate":"https:\/\/turismoenzamora.es\/pt\/?s={search_term_string}"},"query-input":"required name=search_term_string"}],"inLanguage":"zh-CN"},{"@type":"Organization","@id":"https:\/\/turismoenzamora.es\/pt\/#organization","name":"Patronato de Turismo de la Diputaci\u00f3n de Zamora","url":"https:\/\/turismoenzamora.es\/pt\/","logo":{"@type":"ImageObject","inLanguage":"zh-CN","@id":"https:\/\/turismoenzamora.es\/pt\/#\/schema\/logo\/image\/","url":"https:\/\/turismoenzamora.es\/wp-content\/uploads\/2018\/06\/ZamoraLogo.png","contentUrl":"https:\/\/turismoenzamora.es\/wp-content\/uploads\/2018\/06\/ZamoraLogo.png","width":1276,"height":290,"caption":"Patronato de Turismo de la Diputaci\u00f3n de Zamora"},"image":{"@id":"https:\/\/turismoenzamora.es\/pt\/#\/schema\/logo\/image\/"},"sameAs":["https:\/\/www.facebook.com\/ZamoraSpain\/","https:\/\/x.com\/ZamoraSpain","https:\/\/www.instagram.com\/turismoenzamora.es\/","https:\/\/www.pinterest.es\/TurismoenZamora\/","https:\/\/www.youtube.com\/channel\/UC2bOyOZ-2cLm-uXlBFYUV9w"]}]}},"_links":{"self":[{"href":"https:\/\/turismoenzamora.es\/zh\/wp-json\/wp\/v2\/pages\/20738"}],"collection":[{"href":"https:\/\/turismoenzamora.es\/zh\/wp-json\/wp\/v2\/pages"}],"about":[{"href":"https:\/\/turismoenzamora.es\/zh\/wp-json\/wp\/v2\/types\/page"}],"author":[{"embeddable":true,"href":"https:\/\/turismoenzamora.es\/zh\/wp-json\/wp\/v2\/users\/1"}],"replies":[{"embeddable":true,"href":"https:\/\/turismoenzamora.es\/zh\/wp-json\/wp\/v2\/comments?post=20738"}],"version-history":[{"count":0,"href":"https:\/\/turismoenzamora.es\/zh\/wp-json\/wp\/v2\/pages\/20738\/revisions"}],"wp:attachment":[{"href":"https:\/\/turismoenzamora.es\/zh\/wp-json\/wp\/v2\/media?parent=20738"}],"curies":[{"name":"wp","href":"https:\/\/api.w.org\/{rel}","templated":true}]}}