{"id":165,"date":"2017-08-07T11:05:09","date_gmt":"2017-08-07T09:05:09","guid":{"rendered":"https:\/\/newweb.turismoenzamora.es\/?page_id=165"},"modified":"2021-09-01T16:42:01","modified_gmt":"2021-09-01T14:42:01","slug":"zamora","status":"publish","type":"page","link":"https:\/\/turismoenzamora.es\/zh\/patrimonio-artistico\/zamora\/","title":{"rendered":"Zamora"},"content":{"rendered":"<p><\/p>\n<h1>Zamora<br \/>\n\u8428\u83ab\u62c9<\/h1>\n<p><img fetchpriority=\"high\" decoding=\"async\" class=\"aligncenter size-full wp-image-6901\" src=\"https:\/\/turismoenzamora.es\/wp-content\/uploads\/2017\/08\/patrimonio-art\u00edsticozamora.jpg\" alt=\"\" width=\"900\" height=\"494\" data-id=\"6901\" srcset=\"https:\/\/turismoenzamora.es\/wp-content\/uploads\/2017\/08\/patrimonio-art\u00edsticozamora.jpg 900w, https:\/\/turismoenzamora.es\/wp-content\/uploads\/2017\/08\/patrimonio-art\u00edsticozamora-300x165.jpg 300w, https:\/\/turismoenzamora.es\/wp-content\/uploads\/2017\/08\/patrimonio-art\u00edsticozamora-768x422.jpg 768w\" sizes=\"(max-width: 900px) 100vw, 900px\" \/><\/p>\n<p>&nbsp;<\/p>\n<p style=\"text-align: justify;\">\u8428\u83ab\u62c9\u53e4\u57ce\u2f83\u53e4\u4fbf\u662f\u6218\u7565\u8981\u57ce\uff0c\u4fdd\u536b\u7740\u675c\u7f57\u6cb3\u4ee5\u5357\u7684 \u5404\u4e2a\u57ce\u90a6\u3002\u8428\u83ab\u62c9\u8fd8\u662f\u201c\u2f69\u94f6\u4e4b\u8def\u201d\u7684\u2f00\u7ad9\u3002 \u2f8313\u4e16\u7eaa\u8d77\uff0c\u8fd9\u56fa\u82e5\u2fa6\u6c64\u7684\u57ce\u6c60\uff0c\u4ee5\u5176\u4e09\u2faf\u2fbc\u5899\uff0c\u4fdd \u62a4\u7740\u57ce\u5185\u7684\u767e\u59d3\u3002\u65f6\u8fc7\u5883\u8fc1\uff0c\u73b0\u5728\u6211\u4eec\u4f9d\u7136\u80fd\u53c2\u89c2\u5230 \u53e4\u2f7c\u7684\u57ce\u5821\u3001\u70ae\u5854\u9057\u8ff9\u2ed3\u2ed3\u7684\u57ce\u5899\u3002\u5bbd\u2f24\u7684\u675c\u7f57\u6cb3\uff0c \u5c31\u5728\u53e6\u2f00\u8fb9\uff0c\u9759\u9759\u5730\u4e0e\u6211\u4eec\u4ea4\u76f8\u547c\u5e94\u3002 \u5f53\u5730\u7684\u2fae\u7269\u8d28\u2f42\u5316\u9057\u4ea7\u2f17\u5206\u4e30\u5bcc\uff0c\u2f29\u2f29\u7684\u57ce\u4e2d\uff0c\u5750\u843d \u7740\u2f24\u2f24\u2f29\u2f29\u2f06\u2f17\u591a\u5ea7\u7f57\u2ee2\u5f0f\u5efa\u7b51\u3002\u8fd9\u6781\u2fbc\u7684\u5efa\u7b51\u5bc6 \u5ea6\uff0c\u521b\u9020\u51fa\u4e86\u4f0a\u2f50\u5229\u4e9a\u534a\u5c9b\u4e0a\uff08\u6574\u4e2a\u2ec4\u73ed\u2f5b\u52a0\u8461\u8404 \u2f5b\uff09\uff0c\u751a\u2f84\u6b27\u6d32\u7ea7\u522b\u2f7d\u2f94\u90fd\u5c11\u2ec5\u7684\u7ecf\u5178\uff0c\u53f7\u79f0\u201c\u6700\u5b8c \u7f8e\u7684\u7f57\u2ee2\u5f0f\u5efa\u7b51\u7fa4\u5178\u8303\u201d\u3002 \u8428\u83ab\u62c9\u2f24\u6559\u5802\uff0c\u2f00\u5ea712\u4e16\u7eaa\u7684\u5efa\u7b51\uff0c\u5e84\u4e25\u4e14\u8083\u7a46\uff0c\u6559 \u5802\u7a79\u9876\u53d7\u5230\u62dc\u5360\u5ead\u2edb\u683c\u5f71\u54cd\uff0c\u5916\u90e8\u5982\u2ef0\u9cde\u2f00\u822c\uff0c\u5185\u90e8 \u53ef\u2ec5\u7684\u4f1e\u7ed3\u6784\u8bbe\u8ba1\uff0c\u522b\u5177\u7279\u2f8a\u3002\u5728\u2f24\u6559\u5802\u2fa5\uff0c\u6709\u2f00\u4e2a \u6559\u5802\u535a\u7269\u9986\uff0c\u6536\u85cf\u7740\u96be\u5f97\u2f00\u2ec5\u7684\u534e\u4e3d\u4e14\u7cbe\u7f8e\u768412\u4e16\u7eaa \u4f5b\u5170\u8292\u6302\u6bef\uff0c\u662f\u4e16\u754c\u7eba\u7ec7\u53f2\u4e0a\u7684\u7ecf\u5178\u3002 \u79bb\u5f00\u2f24\u6559\u5802\uff0c\u6b65\u2f8f2\u5206\u949f\u5c31\u80fd\u5230\u8fbe\u7684\uff0c\u662f\u8428\u83ab\u62c9\u7684 Baltasar Lobo\u5f53\u4ee3\u827a\u672f\u4e2d\u2f3c\u3002\u4e2d\u2f3c\u65c1\u8fb9\u5219\u662f\u53e4\u57ce\u5821\u9057 \u5740\u3002\u8fd9\u2fa5\u662f\u8428\u83ab\u62c9\u7684\u2f84\u2fbc\u5730\uff0c\u675c\u7f57\u6cb3\u7684\u7f8e\u666f\uff0c\u5c3d\u6536\u773c \u5e95\u3002\u79bb\u5f00\u57ce\u5821\u548c\u6559\u5802\uff0c\u6620\u2f0a\u773c\u5e18\u7684\u662f\u9519\u7efc\u7684\u2f6f\u677f\u8def\uff0c \u873f\u8712\u66f2\u6298\uff0c\u5e26\u7740\u6d53\u6d53\u7684\u4e2d\u4e16\u7eaa\u2f53\u606f\uff0c\u5f15\u9886\u4f60\u2f9b\u5411\u5404\u5ea7 \u7f57\u2ee2\u5f0f\u6559\u5802\uff0c\u5982\u5723\u4f69\u5fb7\u7f57\u6559\u5802\uff08San Pedro \uff09\u5723\u4f0a\u5fb7 \u2f45\u7d22\u6559\u5802\uff08San Ildefonso \uff09\u8fd8\u6709\u62c9-\u2ee2\u683c\u8fbe\u83b1\u7eb3\u6559\u5802 \uff08La Magdalena\uff09\u7b49\u7b49\u3002<\/p>\n<p>&nbsp;<\/p>\n<p><img decoding=\"async\" class=\"size-medium wp-image-537 alignleft\" src=\"https:\/\/turismoenzamora.es\/wp-content\/uploads\/2017\/08\/zamora_2-300x163.jpg\" alt=\"\" width=\"300\" height=\"163\" srcset=\"https:\/\/turismoenzamora.es\/wp-content\/uploads\/2017\/08\/zamora_2-300x163.jpg 300w, https:\/\/turismoenzamora.es\/wp-content\/uploads\/2017\/08\/zamora_2-768x417.jpg 768w, https:\/\/turismoenzamora.es\/wp-content\/uploads\/2017\/08\/zamora_2-1024x555.jpg 1024w, https:\/\/turismoenzamora.es\/wp-content\/uploads\/2017\/08\/zamora_2-1920x1050.jpg 1920w, https:\/\/turismoenzamora.es\/wp-content\/uploads\/2017\/08\/zamora_2.jpg 1936w\" sizes=\"(max-width: 300px) 100vw, 300px\" \/><\/p>\n<p style=\"text-align: justify;\">\u5728\u2f50\u5229\u4e9a\u7279\u2f34\u573a\uff08la Plaza de Viriato\uff09\u7ad6\u2f74\u7740\u8457\u540d\u96d5 \u5851\u5bb6\u7231\u5fb7\u534e\u7279-\u5df4\u2ef0\u4e3a\u8428\u83ab\u62c9\u521b\u9020\u7684\u201c\u2f50\u5229\u4e9a\u7279\u201d\uff08\u5386\u53f2 \u4e0a\uff0c\u2f50\u5229\u4e9a\u7279\u662f\u4e3a\u4e86\u8fd9\u2f5a\u2f1f\u5730\u4e0d\u61c8\u594b\u2f43\u7684\uff0c\u6700\u52c7\u6562\u7684 \u6218\u2f20\u3002\u4f20\u8bf4\u4ed6\u4e0d\u5355\u662f\u2f00\u540d\u52c7\u2f20\uff0c\u540c\u65f6\u4e5f\u662f\u2f00\u540d\u7267\u2f7a \u2f08\uff0c\u96d5\u5851\u4e0a\u7684\u2f00\u5934\u5de8\u2f24\u516c\u2f7a\u5934\uff0c\u5c31\u662f\u56e0\u6b64\u4ee5\u8868\u81f4 \u656c\uff09\u3002\u96d5\u5851\u53e6\u2f00\u4fa7\uff0c\u662f\u2f00\u5ea715\u4e16\u7eaa\u7684\u53e4\u5821\u9152\u5e97\uff0c\u53e4\u5178 \u5e84\u91cd\uff0c\u522b\u5177\u2f00\u683c\u3002 \u9664\u6b64\u4e4b\u5916\uff0c\u8428\u83ab\u62c9\u7684\u5723\u5468\u6e38\u2f8f\u6d3b\u52a8\u4e5f\u662f\u56fd\u5bb6\u7ea7\u7684\u7279\u2f8a \u666f\u70b9\uff0c\u5982\u679c\u4f60\u9519\u8fc7\u4e86\u8fd9\u72ec\u7279\u7684\u2f00\u5468\uff0c\u522b\u62c5\u2f3c\uff0c\u8428\u83ab\u62c9 \u8fd8\u6709\u4e13\u2ed4\u7684\u5723\u5468\u535a\u7269\u9986\uff0c\u2fa5\u2faf\u9648\u5217\u5c55\u89c8\u5404\u79cd\u7cbe\u7f8e\u7684\u4eea \u5f0f\u7269\u54c1\uff0c\u5145\u6ee1\u5386\u53f2\u611f\u7684\u2f53\u606f\u3002 \u2ee2\u7ea6\u5c14\u2f34\u573a\u4e0a\u7684\u5e02\u653f\u5385\u5efa\u4e8e1504\u5e74\uff0c\u867d\u7136\u2f84\u4eca\u4f9d\u65e7\u5728 \u4f7f\u2f64\uff0c\u4f46\u540c\u6837\u4e5f\u662f\u4fdd\u62a4\u2f42\u7269\u3002 \u5723\u2f25\u514b\u62c9\u62c9\u8857\u662f\u2f00\u6761\u8d2d\u7269\u6b65\u2f8f\u8857\uff0c\u4f46\u8fd9\u6761\u53e4\u2f7c\u7684\u8857\u9053 \u4e0a\u4f9d\u7136\u62e5\u6709\u597d\u2f0f\u5ea7\u6559\u5802\u548c\u5bab\u6bbf\u3002 \u2f83\u2f2f\u4e1a\u2fb0\u547d\u540e\u768419\u4e16\u7eaa\u4ee5\u6765\uff0c\u8428\u83ab\u62c9\u7684\u5efa\u7b51\u4e5f\u2f00\u540c\u53d1 \u2f63\u4e86\u6539\u2fb0\uff0c 1875\u5e74\u2f841930\u5e74\u95f4\uff0c\u8bb8\u591a\u4e0d\u62d8\u2f00\u683c\u7684\u73b0 \u4ee3\u4e3b\u4e49\u5efa\u7b51\u62d4\u5730\u2f7d\u8d77\uff0c\u534e\u4e3d\u767b\u573a\u3002\u8fd9\u4e9b\u7f8e\u4e3d\u7684\u697c\u623f\u5efa \u7b51\uff0c\u2f84\u4eca\u662f\u5f53\u5730\u7684\u2f00\u2f24\u7279\u2f8a\u4e4b\u2f00\u3002 \u6700\u540e\u6211\u4eec\u6765\u8bf4\u8bf4\u5982\u4eca\u7684\u65b0\u2f63\u4ee3\u5efa\u7b51\uff0c\u7a7f\u63d2\u5728\u53e4\u2f7c\u4f20\u7edf \u5efa\u7b51\u4e2d\u7684\u65b0\u65f6\u4ee3\u5efa\u7b51\uff0c\u4e0d\u4f46\u2f12\u6240\u80fd\u53ca\u5730\u4e3a\u8fd9\u5ea7\u57ce\u5e02\u670d \u52a1\uff0c\u2f7d\u4e14\u63b3\u83b7\u4e0d\u5c11\u56fd\u5bb6\u7ea7\u6216\u56fd\u9645\u5956\u9879\uff0c\u5982\uff1a\u8428\u83ab\u62c9\u535a \u7269\u9986\uff0c\u5723\u5f17\u6717\u2ec4\u65af\u79d1\u4fee\u9053\u9662\uff0c\u8d38\u6613\u535a\u89c8\u4f1a\u516c\u56ed\uff0c \u2ea0 \u65cf\u5b66\u535a\u7269\u9986\u548c\u8428\u83ab\u62c9\u7684\u65b0\u7406\u4e8b\u4f1a\u603b\u90e8\u7b49\u3002<\/p>\n<p><a href=\"https:\/\/turismoenzamora.es\/wp-content\/uploads\/2020\/02\/patrimonio-art\u00edstico.pdf\" target=\"_blank\" rel=\"noopener noreferrer\"><img decoding=\"async\" class=\"alignleft wp-image-4861 size-full\" src=\"https:\/\/turismoenzamora.es\/wp-content\/uploads\/2017\/08\/masinfo-1.png\" alt=\"M\u00e1s Informaci\u00f3n\" width=\"63\" height=\"32\" data-id=\"4861\"><\/a><\/p>\n<p><\/p>","protected":false},"excerpt":{"rendered":"<p>Zamora \u8428\u83ab\u62c9 &nbsp; \u8428\u83ab\u62c9\u53e4\u57ce\u2f83\u53e4\u4fbf\u662f\u6218\u7565\u8981\u57ce\uff0c\u4fdd\u536b\u7740\u675c\u7f57\u6cb3\u4ee5\u5357\u7684 \u5404\u4e2a\u57ce\u90a6\u3002\u8428\u83ab\u62c9\u8fd8\u662f\u201c\u2f69\u94f6 [&hellip;]<\/p>\n","protected":false},"author":1,"featured_media":0,"parent":82,"menu_order":7,"comment_status":"closed","ping_status":"closed","template":"","meta":{"inline_featured_image":false,"site-sidebar-layout":"default","site-content-layout":"default","ast-site-content-layout":"","site-content-style":"default","site-sidebar-style":"default","ast-global-header-display":"","ast-banner-title-visibility":"","ast-main-header-display":"","ast-hfb-above-header-display":"","ast-hfb-below-header-display":"","ast-hfb-mobile-header-display":"","site-post-title":"disabled","ast-breadcrumbs-content":"","ast-featured-img":"","footer-sml-layout":"","theme-transparent-header-meta":"default","adv-header-id-meta":"","stick-header-meta":"","header-above-stick-meta":"","header-main-stick-meta":"","header-below-stick-meta":"","astra-migrate-meta-layouts":"default","ast-page-background-enabled":"default","ast-page-background-meta":{"desktop":{"background-color":"","background-image":"","background-repeat":"repeat","background-position":"center center","background-size":"auto","background-attachment":"scroll","background-type":"","background-media":"","overlay-type":"","overlay-color":"","overlay-opacity":"","overlay-gradient":""},"tablet":{"background-color":"","background-image":"","background-repeat":"repeat","background-position":"center center","background-size":"auto","background-attachment":"scroll","background-type":"","background-media":"","overlay-type":"","overlay-color":"","overlay-opacity":"","overlay-gradient":""},"mobile":{"background-color":"","background-image":"","background-repeat":"repeat","background-position":"center center","background-size":"auto","background-attachment":"scroll","background-type":"","background-media":"","overlay-type":"","overlay-color":"","overlay-opacity":"","overlay-gradient":""}},"ast-content-background-meta":{"desktop":{"background-color":"var(--ast-global-color-5)","background-image":"","background-repeat":"repeat","background-position":"center center","background-size":"auto","background-attachment":"scroll","background-type":"","background-media":"","overlay-type":"","overlay-color":"","overlay-opacity":"","overlay-gradient":""},"tablet":{"background-color":"var(--ast-global-color-5)","background-image":"","background-repeat":"repeat","background-position":"center center","background-size":"auto","background-attachment":"scroll","background-type":"","background-media":"","overlay-type":"","overlay-color":"","overlay-opacity":"","overlay-gradient":""},"mobile":{"background-color":"var(--ast-global-color-5)","background-image":"","background-repeat":"repeat","background-position":"center center","background-size":"auto","background-attachment":"scroll","background-type":"","background-media":"","overlay-type":"","overlay-color":"","overlay-opacity":"","overlay-gradient":""}},"ngg_post_thumbnail":0,"footnotes":""},"yoast_head":"<!-- This site is optimized with the Yoast SEO plugin v23.0 - https:\/\/yoast.com\/wordpress\/plugins\/seo\/ -->\n<title>Turismo de Zamora , Turismo Sostenible<\/title>\n<meta name=\"description\" content=\"Esta es la p\u00e1gina Oficial de Turismo de Diputaci\u00f3n de Zamora, donde podr\u00e1 encontrar toda la informaci\u00f3n para disfrutar al m\u00e1ximo de nuestra provincia.\" \/>\n<meta name=\"robots\" content=\"index, follow, max-snippet:-1, max-image-preview:large, max-video-preview:-1\" \/>\n<link rel=\"canonical\" href=\"https:\/\/turismoenzamora.es\/de\/patrimonio-artistico\/zamora\/\" \/>\n<meta property=\"og:locale\" content=\"zh_CN\" \/>\n<meta property=\"og:type\" content=\"article\" \/>\n<meta property=\"og:title\" content=\"Turismo de Zamora , Turismo Sostenible\" \/>\n<meta property=\"og:description\" content=\"Esta es la p\u00e1gina Oficial de Turismo de Diputaci\u00f3n de Zamora, donde podr\u00e1 encontrar toda la informaci\u00f3n para disfrutar al m\u00e1ximo de nuestra provincia.\" \/>\n<meta property=\"og:url\" content=\"https:\/\/turismoenzamora.es\/de\/patrimonio-artistico\/zamora\/\" \/>\n<meta property=\"og:site_name\" content=\"(Espa\u00f1ol) Turismo sostenible. Patronato de Turismo de la Diputaci\u00f3n de Zamora.&quot;Turismo Sostenible&quot;.\" \/>\n<meta property=\"article:publisher\" content=\"https:\/\/www.facebook.com\/ZamoraSpain\/\" \/>\n<meta property=\"article:modified_time\" content=\"2021-09-01T14:42:01+00:00\" \/>\n<meta property=\"og:image\" content=\"https:\/\/turismoenzamora.es\/wp-content\/uploads\/2017\/08\/zamora_2-300x163.jpg\" \/>\n<meta name=\"twitter:card\" content=\"summary_large_image\" \/>\n<meta name=\"twitter:site\" content=\"@ZamoraSpain\" \/>\n<meta name=\"twitter:label1\" content=\"\u9884\u8ba1\u9605\u8bfb\u65f6\u95f4\" \/>\n\t<meta name=\"twitter:data1\" content=\"17\u5206\" \/>\n<script type=\"application\/ld+json\" class=\"yoast-schema-graph\">{\"@context\":\"https:\/\/schema.org\",\"@graph\":[{\"@type\":\"WebPage\",\"@id\":\"https:\/\/turismoenzamora.es\/de\/patrimonio-artistico\/zamora\/\",\"url\":\"https:\/\/turismoenzamora.es\/de\/patrimonio-artistico\/zamora\/\",\"name\":\"Turismo de Zamora , Turismo Sostenible\",\"isPartOf\":{\"@id\":\"https:\/\/turismoenzamora.es\/pt\/#website\"},\"primaryImageOfPage\":{\"@id\":\"https:\/\/turismoenzamora.es\/de\/patrimonio-artistico\/zamora\/#primaryimage\"},\"image\":{\"@id\":\"https:\/\/turismoenzamora.es\/de\/patrimonio-artistico\/zamora\/#primaryimage\"},\"thumbnailUrl\":\"https:\/\/turismoenzamora.es\/wp-content\/uploads\/2017\/08\/zamora_2-300x163.jpg\",\"datePublished\":\"2017-08-07T09:05:09+00:00\",\"dateModified\":\"2021-09-01T14:42:01+00:00\",\"description\":\"Esta es la p\u00e1gina Oficial de Turismo de Diputaci\u00f3n de Zamora, donde podr\u00e1 encontrar toda la informaci\u00f3n para disfrutar al m\u00e1ximo de nuestra provincia.\",\"breadcrumb\":{\"@id\":\"https:\/\/turismoenzamora.es\/de\/patrimonio-artistico\/zamora\/#breadcrumb\"},\"inLanguage\":\"zh-CN\",\"potentialAction\":[{\"@type\":\"ReadAction\",\"target\":[\"https:\/\/turismoenzamora.es\/de\/patrimonio-artistico\/zamora\/\"]}]},{\"@type\":\"ImageObject\",\"inLanguage\":\"zh-CN\",\"@id\":\"https:\/\/turismoenzamora.es\/de\/patrimonio-artistico\/zamora\/#primaryimage\",\"url\":\"https:\/\/turismoenzamora.es\/wp-content\/uploads\/2017\/08\/zamora_2-300x163.jpg\",\"contentUrl\":\"https:\/\/turismoenzamora.es\/wp-content\/uploads\/2017\/08\/zamora_2-300x163.jpg\"},{\"@type\":\"BreadcrumbList\",\"@id\":\"https:\/\/turismoenzamora.es\/de\/patrimonio-artistico\/zamora\/#breadcrumb\",\"itemListElement\":[{\"@type\":\"ListItem\",\"position\":1,\"name\":\"Portada\",\"item\":\"https:\/\/turismoenzamora.es\/\"},{\"@type\":\"ListItem\",\"position\":2,\"name\":\"Patrimonio Art\u00edstico\",\"item\":\"https:\/\/turismoenzamora.es\/en\/patrimonio-artistico\/\"},{\"@type\":\"ListItem\",\"position\":3,\"name\":\"Zamora\"}]},{\"@type\":\"WebSite\",\"@id\":\"https:\/\/turismoenzamora.es\/pt\/#website\",\"url\":\"https:\/\/turismoenzamora.es\/pt\/\",\"name\":\"Turismo sostenible. Patronato de Turismo de la Diputaci\u00f3n de Zamora.&quot;Turismo Sostenible&quot;.\",\"description\":\"(Espa\u00f1ol) Turismo sostenible. Patronato de Turismo de la Diputaci\u00f3n de Zamora.&quot;Turismo Sostenible&quot;.\",\"publisher\":{\"@id\":\"https:\/\/turismoenzamora.es\/pt\/#organization\"},\"potentialAction\":[{\"@type\":\"SearchAction\",\"target\":{\"@type\":\"EntryPoint\",\"urlTemplate\":\"https:\/\/turismoenzamora.es\/pt\/?s={search_term_string}\"},\"query-input\":\"required name=search_term_string\"}],\"inLanguage\":\"zh-CN\"},{\"@type\":\"Organization\",\"@id\":\"https:\/\/turismoenzamora.es\/pt\/#organization\",\"name\":\"Patronato de Turismo de la Diputaci\u00f3n de Zamora\",\"url\":\"https:\/\/turismoenzamora.es\/pt\/\",\"logo\":{\"@type\":\"ImageObject\",\"inLanguage\":\"zh-CN\",\"@id\":\"https:\/\/turismoenzamora.es\/pt\/#\/schema\/logo\/image\/\",\"url\":\"https:\/\/turismoenzamora.es\/wp-content\/uploads\/2018\/06\/ZamoraLogo.png\",\"contentUrl\":\"https:\/\/turismoenzamora.es\/wp-content\/uploads\/2018\/06\/ZamoraLogo.png\",\"width\":1276,\"height\":290,\"caption\":\"Patronato de Turismo de la Diputaci\u00f3n de Zamora\"},\"image\":{\"@id\":\"https:\/\/turismoenzamora.es\/pt\/#\/schema\/logo\/image\/\"},\"sameAs\":[\"https:\/\/www.facebook.com\/ZamoraSpain\/\",\"https:\/\/x.com\/ZamoraSpain\",\"https:\/\/www.instagram.com\/turismoenzamora.es\/\",\"https:\/\/www.pinterest.es\/TurismoenZamora\/\",\"https:\/\/www.youtube.com\/channel\/UC2bOyOZ-2cLm-uXlBFYUV9w\"]}]}<\/script>\n<!-- \/ Yoast SEO plugin. -->","yoast_head_json":{"title":"Turismo de Zamora , Turismo Sostenible","description":"Esta es la p\u00e1gina Oficial de Turismo de Diputaci\u00f3n de Zamora, donde podr\u00e1 encontrar toda la informaci\u00f3n para disfrutar al m\u00e1ximo de nuestra provincia.","robots":{"index":"index","follow":"follow","max-snippet":"max-snippet:-1","max-image-preview":"max-image-preview:large","max-video-preview":"max-video-preview:-1"},"canonical":"https:\/\/turismoenzamora.es\/de\/patrimonio-artistico\/zamora\/","og_locale":"zh_CN","og_type":"article","og_title":"Turismo de Zamora , Turismo Sostenible","og_description":"Esta es la p\u00e1gina Oficial de Turismo de Diputaci\u00f3n de Zamora, donde podr\u00e1 encontrar toda la informaci\u00f3n para disfrutar al m\u00e1ximo de nuestra provincia.","og_url":"https:\/\/turismoenzamora.es\/de\/patrimonio-artistico\/zamora\/","og_site_name":"(Espa\u00f1ol) Turismo sostenible. Patronato de Turismo de la Diputaci\u00f3n de Zamora.&quot;Turismo Sostenible&quot;.","article_publisher":"https:\/\/www.facebook.com\/ZamoraSpain\/","article_modified_time":"2021-09-01T14:42:01+00:00","og_image":[{"url":"https:\/\/turismoenzamora.es\/wp-content\/uploads\/2017\/08\/zamora_2-300x163.jpg"}],"twitter_card":"summary_large_image","twitter_site":"@ZamoraSpain","twitter_misc":{"\u9884\u8ba1\u9605\u8bfb\u65f6\u95f4":"17\u5206"},"schema":{"@context":"https:\/\/schema.org","@graph":[{"@type":"WebPage","@id":"https:\/\/turismoenzamora.es\/de\/patrimonio-artistico\/zamora\/","url":"https:\/\/turismoenzamora.es\/de\/patrimonio-artistico\/zamora\/","name":"Turismo de Zamora , Turismo Sostenible","isPartOf":{"@id":"https:\/\/turismoenzamora.es\/pt\/#website"},"primaryImageOfPage":{"@id":"https:\/\/turismoenzamora.es\/de\/patrimonio-artistico\/zamora\/#primaryimage"},"image":{"@id":"https:\/\/turismoenzamora.es\/de\/patrimonio-artistico\/zamora\/#primaryimage"},"thumbnailUrl":"https:\/\/turismoenzamora.es\/wp-content\/uploads\/2017\/08\/zamora_2-300x163.jpg","datePublished":"2017-08-07T09:05:09+00:00","dateModified":"2021-09-01T14:42:01+00:00","description":"Esta es la p\u00e1gina Oficial de Turismo de Diputaci\u00f3n de Zamora, donde podr\u00e1 encontrar toda la informaci\u00f3n para disfrutar al m\u00e1ximo de nuestra provincia.","breadcrumb":{"@id":"https:\/\/turismoenzamora.es\/de\/patrimonio-artistico\/zamora\/#breadcrumb"},"inLanguage":"zh-CN","potentialAction":[{"@type":"ReadAction","target":["https:\/\/turismoenzamora.es\/de\/patrimonio-artistico\/zamora\/"]}]},{"@type":"ImageObject","inLanguage":"zh-CN","@id":"https:\/\/turismoenzamora.es\/de\/patrimonio-artistico\/zamora\/#primaryimage","url":"https:\/\/turismoenzamora.es\/wp-content\/uploads\/2017\/08\/zamora_2-300x163.jpg","contentUrl":"https:\/\/turismoenzamora.es\/wp-content\/uploads\/2017\/08\/zamora_2-300x163.jpg"},{"@type":"BreadcrumbList","@id":"https:\/\/turismoenzamora.es\/de\/patrimonio-artistico\/zamora\/#breadcrumb","itemListElement":[{"@type":"ListItem","position":1,"name":"Portada","item":"https:\/\/turismoenzamora.es\/"},{"@type":"ListItem","position":2,"name":"Patrimonio Art\u00edstico","item":"https:\/\/turismoenzamora.es\/en\/patrimonio-artistico\/"},{"@type":"ListItem","position":3,"name":"Zamora"}]},{"@type":"WebSite","@id":"https:\/\/turismoenzamora.es\/pt\/#website","url":"https:\/\/turismoenzamora.es\/pt\/","name":"Turismo sostenible. Patronato de Turismo de la Diputaci\u00f3n de Zamora.&quot;Turismo Sostenible&quot;.","description":"(Espa\u00f1ol) Turismo sostenible. Patronato de Turismo de la Diputaci\u00f3n de Zamora.&quot;Turismo Sostenible&quot;.","publisher":{"@id":"https:\/\/turismoenzamora.es\/pt\/#organization"},"potentialAction":[{"@type":"SearchAction","target":{"@type":"EntryPoint","urlTemplate":"https:\/\/turismoenzamora.es\/pt\/?s={search_term_string}"},"query-input":"required name=search_term_string"}],"inLanguage":"zh-CN"},{"@type":"Organization","@id":"https:\/\/turismoenzamora.es\/pt\/#organization","name":"Patronato de Turismo de la Diputaci\u00f3n de Zamora","url":"https:\/\/turismoenzamora.es\/pt\/","logo":{"@type":"ImageObject","inLanguage":"zh-CN","@id":"https:\/\/turismoenzamora.es\/pt\/#\/schema\/logo\/image\/","url":"https:\/\/turismoenzamora.es\/wp-content\/uploads\/2018\/06\/ZamoraLogo.png","contentUrl":"https:\/\/turismoenzamora.es\/wp-content\/uploads\/2018\/06\/ZamoraLogo.png","width":1276,"height":290,"caption":"Patronato de Turismo de la Diputaci\u00f3n de Zamora"},"image":{"@id":"https:\/\/turismoenzamora.es\/pt\/#\/schema\/logo\/image\/"},"sameAs":["https:\/\/www.facebook.com\/ZamoraSpain\/","https:\/\/x.com\/ZamoraSpain","https:\/\/www.instagram.com\/turismoenzamora.es\/","https:\/\/www.pinterest.es\/TurismoenZamora\/","https:\/\/www.youtube.com\/channel\/UC2bOyOZ-2cLm-uXlBFYUV9w"]}]}},"_links":{"self":[{"href":"https:\/\/turismoenzamora.es\/zh\/wp-json\/wp\/v2\/pages\/165"}],"collection":[{"href":"https:\/\/turismoenzamora.es\/zh\/wp-json\/wp\/v2\/pages"}],"about":[{"href":"https:\/\/turismoenzamora.es\/zh\/wp-json\/wp\/v2\/types\/page"}],"author":[{"embeddable":true,"href":"https:\/\/turismoenzamora.es\/zh\/wp-json\/wp\/v2\/users\/1"}],"replies":[{"embeddable":true,"href":"https:\/\/turismoenzamora.es\/zh\/wp-json\/wp\/v2\/comments?post=165"}],"version-history":[{"count":0,"href":"https:\/\/turismoenzamora.es\/zh\/wp-json\/wp\/v2\/pages\/165\/revisions"}],"up":[{"embeddable":true,"href":"https:\/\/turismoenzamora.es\/zh\/wp-json\/wp\/v2\/pages\/82"}],"wp:attachment":[{"href":"https:\/\/turismoenzamora.es\/zh\/wp-json\/wp\/v2\/media?parent=165"}],"curies":[{"name":"wp","href":"https:\/\/api.w.org\/{rel}","templated":true}]}}