{"id":154,"date":"2017-08-07T11:03:21","date_gmt":"2017-08-07T09:03:21","guid":{"rendered":"https:\/\/newweb.turismoenzamora.es\/?page_id=154"},"modified":"2021-09-01T16:42:23","modified_gmt":"2021-09-01T14:42:23","slug":"toro-guarena-tierra-del-vino","status":"publish","type":"page","link":"https:\/\/turismoenzamora.es\/zh\/patrimonio-artistico\/toro-guarena-tierra-del-vino\/","title":{"rendered":"Toro &#8211; Guare\u00f1a &#8211; Tierra del Vino"},"content":{"rendered":"<p><\/p>\n<h1>Toro \u2013 Guare\u00f1a \u2013 Tierra del Vino<br \/>\n\u6258\u7f57\u57ce\u4ee5\u53ca\u5468\u8fb9\u53e4\u9547<\/h1>\n<p>&nbsp;<\/p>\n<p><img fetchpriority=\"high\" decoding=\"async\" class=\"aligncenter size-full wp-image-6897\" src=\"https:\/\/turismoenzamora.es\/wp-content\/uploads\/2017\/08\/Patrimonio-Art\u00edstico-Toro-Guare\u00f1a-Tierra-del-vino.jpg\" alt=\"\" width=\"900\" height=\"600\" data-id=\"6897\" srcset=\"https:\/\/turismoenzamora.es\/wp-content\/uploads\/2017\/08\/Patrimonio-Art\u00edstico-Toro-Guare\u00f1a-Tierra-del-vino.jpg 900w, https:\/\/turismoenzamora.es\/wp-content\/uploads\/2017\/08\/Patrimonio-Art\u00edstico-Toro-Guare\u00f1a-Tierra-del-vino-300x200.jpg 300w, https:\/\/turismoenzamora.es\/wp-content\/uploads\/2017\/08\/Patrimonio-Art\u00edstico-Toro-Guare\u00f1a-Tierra-del-vino-768x512.jpg 768w\" sizes=\"(max-width: 900px) 100vw, 900px\" \/><br \/>\n&nbsp;<\/p>\n<p style=\"text-align: justify;\">\u6258\u7f57\u57ce\uff0c\u662f\u8428\u83ab\u62c9\u7701\u7684\u2f00\u4e2a\u503c\u5f97\u2f00\u53bb\u7684\u5730 \u2f45\u3002\u2f8312\u4e16\u7eaa\u523016\u4e16\u7eaa\uff0c\u6258\u7f57\u57ce\u5c31\u662f\u7687\u5bb6\u8d35 \u65cf\u7684\u5e38\u9a7b\u4e4b\u5730\uff0c\u4e5f\u66fe\u662f\u5f53\u5730\u7684\u2fb8\u5e9c\u3002\u8fd9\u4f7f\u5f97 \u6258\u7f57\u2f84\u4eca\u8fd8\u9057\u7559\u6709\uff0c \u6570\u91cf\u53ef\u89c2\u7684\u53e4\u5efa\u7b51\u3002\u7a7f \u2f8f\u5176\u4e2d\uff0c\u4f1a\u8ba9\u2f08\u611f\u89c9\u604d\u5982\u9694\u4e16\u3002\u4e2d\u4e16\u7eaa\u7684\u2edb \u5473\u5145\u65a5\u7740\u6bcf\u2f00\u4e2a\u2f24\u2f24\u2f29\u2f29\u7684\u2ec6\u843d\u3002 \u8ba9\u6211\u4eec\u6765\u4e86\u89e3\u2f00\u4e0b\u8fd9\u4e9b\u534e\u4e3d\u7684\u4e2d\u4e16\u7eaa\u5efa\u7b51\uff1a La iglesia de Santa Mar\u00eda o Colegiata\uff08\u5723 \u739b\u5229\u4e9a\u6559\u9662\u6559\u5802\uff09\u3002\u5efa\u4e8e12\u4e16\u7eaa\u523013\u4e16\u7eaa\uff0c \u4ee5\u7f57\u2ee2\u5f0f\u54e5\u7279\u5f0f\u7684\u8fc7\u6e21\u2edb\u683c\u95fb\u540d\u3002\u5bcc\u4e3d\u5802\u7687 \u7684\u4e2d\u6bbf\u4e2d\uff0c\u62ac\u5934\u53ef\u2ec5\u7eda\u4e3d\u593a\u2f6c\u7684\u6559\u5802\u5706\u9876\uff1b \u5317\u2f74\u2faf\u4e0a\uff0c\u8fd1\u6765\u4fee\u7f2e\u7684\u534e\u8d35\u56fe\u817e\uff1b\u4ee5\u53ca\u9986\u85cf \u2f42\u7269\u598216\u4e16\u7eaa\u7684\u83ab\u65af\u5361\u5723\u2e9f\u753b\uff0c\u79cd\u79cd\u7684\u51fa \u5f69\uff0c\u8ba9\u8fd9\u4e2a\u6559\u5802\u88ab\u79f0\u4e3a\u6258\u7f57\u57ce\u6700\u7f8e\u7684\u5efa\u7b51\u3002 San Salvador \u5723\u8428\u5c14\u74e6\u591a\u5723\u6bbf\uff0812\u4e16\u7eaa\uff09 \u7684\u4e09\u5ea7\u534a\u5706\u62f1\u9876\uff0c\u4ee5\u53ca\u73b0\u5728\u5df2\u88ab\u6539\u5efa\u6210\u7684\u7684 \u4e2d\u4e16\u7eaa\u535a\u7269\u9986\u2fa5\u7684\u5efa\u7b51\u3002\u5b83\u4eec\u4ee3\u8868\u4e86\u2ec4\u73ed\u2f5b \u2f00\u4e2a\u72ec\u7279\u65f6\u671f\uff0c\u90a3\u662f\u7a46\u65af\u6797\u827a\u672f\u548c\u5929\u4e3b\u6559\u827a \u672f\u7684\u548c\u8c10\u878d\u5408\uff0c\u5386\u53f2\u6f14\u8fdb\u4e0d\u65ad\u53d1\u5c55\uff0c\u2f7d\u8fd9\u4efd \u827a\u672f\uff0c\u5728\u8fd9\u2fa5\u505c\u4f4f\u4e86\u811a\u6b65\uff0c\u7f8e\u4e3d\u2f84\u4eca\u4f9d\u65e7\u3002 Sancti Spiritus\u5723\u7075\u4fee\u9053\u9662\u3002 \u5b83\u5efa\u4e8e1316 \u5e74\uff0c\u2f84\u4eca\u4ecd\u7136\u5b8c\u6574\u4fdd\u5b58\u7740\u6469\u5c14\u2f08\u76d4\u7532\uff0c 16\u4e16 \u7eaa\u7684\u56de\u5eca\uff0c\u8461\u8404\u2f5b\u2f50\u963f\u7279\u4e3d\u65af\u592b\u2f08\u7684\u5893\u548c\u2f00 \u4e2a\u503c\u5f97\u2f00\u770b\u7684\u827a\u672f\u535a\u7269\u9986\u3002<\/p>\n<p>&nbsp;<\/p>\n<p><img decoding=\"async\" class=\"size-medium wp-image-529 alignleft\" src=\"https:\/\/turismoenzamora.es\/wp-content\/uploads\/2017\/08\/Toro_Guare\u00f1a_TierraDelVino_2-300x200.jpg\" alt=\"\" width=\"300\" height=\"200\" srcset=\"https:\/\/turismoenzamora.es\/wp-content\/uploads\/2017\/08\/Toro_Guare\u00f1a_TierraDelVino_2-300x200.jpg 300w, https:\/\/turismoenzamora.es\/wp-content\/uploads\/2017\/08\/Toro_Guare\u00f1a_TierraDelVino_2-768x512.jpg 768w, https:\/\/turismoenzamora.es\/wp-content\/uploads\/2017\/08\/Toro_Guare\u00f1a_TierraDelVino_2-1024x683.jpg 1024w, https:\/\/turismoenzamora.es\/wp-content\/uploads\/2017\/08\/Toro_Guare\u00f1a_TierraDelVino_2-1170x780.jpg 1170w\" sizes=\"(max-width: 300px) 100vw, 300px\" \/><\/p>\n<p style=\"text-align: justify;\">\u4e0d\u53ea\u6258\u7f57\u57ce\uff0c\u5176\u4ed6\u5730\u2f45\u4e5f\u662f\u2fae\u5e38\u6709\u8da3\u3002 \u8ddd\u79bb\u6258\u7f57\u4ec57\u516c\u2fa5\uff0c Villalonso\u57ce\u5821\uff0815\u4e16 \u7eaa\uff09\u62e5\u6709\u8be5\u7701\u4fdd\u5b58\u6700\u5b8c\u597d\u7684\u57ce\u5899\u5916\u5899\u3002\u4ece Toro\u5411\u5357\u2f8f\u9a76\u5c31\u662fGuare\u00f1a\uff0c Fuente la pe\u00f1a\u53e4\u9547\u4e0a\uff0c\u62e5\u6709\u2f00\u5ea718\u4e16\u7eaa\u7684\u2f24\u578b\u6559\u5802\u3002 \u5176\u4ed6\u6751\u5e84\u6709\u7684\u4ee5\u9e70\u5634\u2f96\u4e3e\u4e16\u95fb\u540d \uff08Fuentesa\u00faco\u6751\uff09\uff0c\u6709\u7684\u4f9d\u65e7\u4fdd\u7559\u7740\u4f20\u7edf \u7684\u2f43\u2f5c\u2edb\u4fd7\uff0c\u8fd8\u6709\u7684\u62e5\u6709\u7740\u534e\u4e3d\u7684\u54e5\u7279\u2f42\u827a \u590d\u5174\u2edb\u683c\u6559\u5802\uff08Villamor de los Escuderos\uff09\u7b49\u3002<\/p>\n<p><a href=\"https:\/\/turismoenzamora.es\/wp-content\/uploads\/2020\/02\/patrimonio-art\u00edstico.pdf\" target=\"_blank\" rel=\"noopener noreferrer\"><img decoding=\"async\" class=\"alignleft wp-image-4861 size-full\" src=\"https:\/\/turismoenzamora.es\/wp-content\/uploads\/2017\/08\/masinfo-1.png\" alt=\"M\u00e1s Informaci\u00f3n\" width=\"63\" height=\"32\" data-id=\"4861\"><\/a><\/p>\n<p><\/p>","protected":false},"excerpt":{"rendered":"<p>Toro \u2013 Guare\u00f1a \u2013 Tierra del Vino \u6258\u7f57\u57ce\u4ee5\u53ca\u5468\u8fb9\u53e4\u9547 &nbsp; &#038;nbsp [&hellip;]<\/p>\n","protected":false},"author":1,"featured_media":0,"parent":82,"menu_order":6,"comment_status":"closed","ping_status":"closed","template":"","meta":{"inline_featured_image":false,"site-sidebar-layout":"default","site-content-layout":"default","ast-site-content-layout":"","site-content-style":"default","site-sidebar-style":"default","ast-global-header-display":"","ast-banner-title-visibility":"","ast-main-header-display":"","ast-hfb-above-header-display":"","ast-hfb-below-header-display":"","ast-hfb-mobile-header-display":"","site-post-title":"disabled","ast-breadcrumbs-content":"","ast-featured-img":"","footer-sml-layout":"","theme-transparent-header-meta":"default","adv-header-id-meta":"","stick-header-meta":"","header-above-stick-meta":"","header-main-stick-meta":"","header-below-stick-meta":"","astra-migrate-meta-layouts":"default","ast-page-background-enabled":"default","ast-page-background-meta":{"desktop":{"background-color":"","background-image":"","background-repeat":"repeat","background-position":"center center","background-size":"auto","background-attachment":"scroll","background-type":"","background-media":"","overlay-type":"","overlay-color":"","overlay-opacity":"","overlay-gradient":""},"tablet":{"background-color":"","background-image":"","background-repeat":"repeat","background-position":"center center","background-size":"auto","background-attachment":"scroll","background-type":"","background-media":"","overlay-type":"","overlay-color":"","overlay-opacity":"","overlay-gradient":""},"mobile":{"background-color":"","background-image":"","background-repeat":"repeat","background-position":"center center","background-size":"auto","background-attachment":"scroll","background-type":"","background-media":"","overlay-type":"","overlay-color":"","overlay-opacity":"","overlay-gradient":""}},"ast-content-background-meta":{"desktop":{"background-color":"var(--ast-global-color-5)","background-image":"","background-repeat":"repeat","background-position":"center center","background-size":"auto","background-attachment":"scroll","background-type":"","background-media":"","overlay-type":"","overlay-color":"","overlay-opacity":"","overlay-gradient":""},"tablet":{"background-color":"var(--ast-global-color-5)","background-image":"","background-repeat":"repeat","background-position":"center center","background-size":"auto","background-attachment":"scroll","background-type":"","background-media":"","overlay-type":"","overlay-color":"","overlay-opacity":"","overlay-gradient":""},"mobile":{"background-color":"var(--ast-global-color-5)","background-image":"","background-repeat":"repeat","background-position":"center center","background-size":"auto","background-attachment":"scroll","background-type":"","background-media":"","overlay-type":"","overlay-color":"","overlay-opacity":"","overlay-gradient":""}},"ngg_post_thumbnail":0,"footnotes":""},"yoast_head":"<!-- This site is optimized with the Yoast SEO plugin v23.0 - https:\/\/yoast.com\/wordpress\/plugins\/seo\/ -->\n<title>Turismo de Zamora , Turismo Sostenible<\/title>\n<meta name=\"description\" content=\"Esta es la p\u00e1gina Oficial de Turismo de Diputaci\u00f3n de Zamora, donde podr\u00e1 encontrar toda la informaci\u00f3n para disfrutar al m\u00e1ximo de nuestra provincia.\" \/>\n<meta name=\"robots\" content=\"index, follow, max-snippet:-1, max-image-preview:large, max-video-preview:-1\" \/>\n<link rel=\"canonical\" href=\"https:\/\/turismoenzamora.es\/en\/patrimonio-artistico\/toro-guarena-tierra-del-vino\/\" \/>\n<meta property=\"og:locale\" content=\"zh_CN\" \/>\n<meta property=\"og:type\" content=\"article\" \/>\n<meta property=\"og:title\" content=\"Turismo de Zamora , Turismo Sostenible\" \/>\n<meta property=\"og:description\" content=\"Esta es la p\u00e1gina Oficial de Turismo de Diputaci\u00f3n de Zamora, donde podr\u00e1 encontrar toda la informaci\u00f3n para disfrutar al m\u00e1ximo de nuestra provincia.\" \/>\n<meta property=\"og:url\" content=\"https:\/\/turismoenzamora.es\/en\/patrimonio-artistico\/toro-guarena-tierra-del-vino\/\" \/>\n<meta property=\"og:site_name\" content=\"(Espa\u00f1ol) Turismo sostenible. Patronato de Turismo de la Diputaci\u00f3n de Zamora.&quot;Turismo Sostenible&quot;.\" \/>\n<meta property=\"article:publisher\" content=\"https:\/\/www.facebook.com\/ZamoraSpain\/\" \/>\n<meta property=\"article:modified_time\" content=\"2021-09-01T14:42:23+00:00\" \/>\n<meta property=\"og:image\" content=\"https:\/\/turismoenzamora.es\/wp-content\/uploads\/2017\/08\/masinfo-1.png\" \/>\n<meta name=\"twitter:card\" content=\"summary_large_image\" \/>\n<meta name=\"twitter:site\" content=\"@ZamoraSpain\" \/>\n<meta name=\"twitter:label1\" content=\"\u9884\u8ba1\u9605\u8bfb\u65f6\u95f4\" \/>\n\t<meta name=\"twitter:data1\" content=\"13\u5206\" \/>\n<script type=\"application\/ld+json\" class=\"yoast-schema-graph\">{\"@context\":\"https:\/\/schema.org\",\"@graph\":[{\"@type\":\"WebPage\",\"@id\":\"https:\/\/turismoenzamora.es\/en\/patrimonio-artistico\/toro-guarena-tierra-del-vino\/\",\"url\":\"https:\/\/turismoenzamora.es\/en\/patrimonio-artistico\/toro-guarena-tierra-del-vino\/\",\"name\":\"Turismo de Zamora , Turismo Sostenible\",\"isPartOf\":{\"@id\":\"https:\/\/turismoenzamora.es\/pt\/#website\"},\"primaryImageOfPage\":{\"@id\":\"https:\/\/turismoenzamora.es\/en\/patrimonio-artistico\/toro-guarena-tierra-del-vino\/#primaryimage\"},\"image\":{\"@id\":\"https:\/\/turismoenzamora.es\/en\/patrimonio-artistico\/toro-guarena-tierra-del-vino\/#primaryimage\"},\"thumbnailUrl\":\"https:\/\/turismoenzamora.es\/wp-content\/uploads\/2017\/08\/masinfo-1.png\",\"datePublished\":\"2017-08-07T09:03:21+00:00\",\"dateModified\":\"2021-09-01T14:42:23+00:00\",\"description\":\"Esta es la p\u00e1gina Oficial de Turismo de Diputaci\u00f3n de Zamora, donde podr\u00e1 encontrar toda la informaci\u00f3n para disfrutar al m\u00e1ximo de nuestra provincia.\",\"breadcrumb\":{\"@id\":\"https:\/\/turismoenzamora.es\/en\/patrimonio-artistico\/toro-guarena-tierra-del-vino\/#breadcrumb\"},\"inLanguage\":\"zh-CN\",\"potentialAction\":[{\"@type\":\"ReadAction\",\"target\":[\"https:\/\/turismoenzamora.es\/en\/patrimonio-artistico\/toro-guarena-tierra-del-vino\/\"]}]},{\"@type\":\"ImageObject\",\"inLanguage\":\"zh-CN\",\"@id\":\"https:\/\/turismoenzamora.es\/en\/patrimonio-artistico\/toro-guarena-tierra-del-vino\/#primaryimage\",\"url\":\"https:\/\/turismoenzamora.es\/wp-content\/uploads\/2017\/08\/masinfo-1.png\",\"contentUrl\":\"https:\/\/turismoenzamora.es\/wp-content\/uploads\/2017\/08\/masinfo-1.png\"},{\"@type\":\"BreadcrumbList\",\"@id\":\"https:\/\/turismoenzamora.es\/en\/patrimonio-artistico\/toro-guarena-tierra-del-vino\/#breadcrumb\",\"itemListElement\":[{\"@type\":\"ListItem\",\"position\":1,\"name\":\"Portada\",\"item\":\"https:\/\/turismoenzamora.es\/\"},{\"@type\":\"ListItem\",\"position\":2,\"name\":\"Patrimonio Art\u00edstico\",\"item\":\"https:\/\/turismoenzamora.es\/en\/patrimonio-artistico\/\"},{\"@type\":\"ListItem\",\"position\":3,\"name\":\"Toro &#8211; Guare\u00f1a &#8211; Tierra del Vino\"}]},{\"@type\":\"WebSite\",\"@id\":\"https:\/\/turismoenzamora.es\/pt\/#website\",\"url\":\"https:\/\/turismoenzamora.es\/pt\/\",\"name\":\"Turismo sostenible. Patronato de Turismo de la Diputaci\u00f3n de Zamora.&quot;Turismo Sostenible&quot;.\",\"description\":\"(Espa\u00f1ol) Turismo sostenible. Patronato de Turismo de la Diputaci\u00f3n de Zamora.&quot;Turismo Sostenible&quot;.\",\"publisher\":{\"@id\":\"https:\/\/turismoenzamora.es\/pt\/#organization\"},\"potentialAction\":[{\"@type\":\"SearchAction\",\"target\":{\"@type\":\"EntryPoint\",\"urlTemplate\":\"https:\/\/turismoenzamora.es\/pt\/?s={search_term_string}\"},\"query-input\":\"required name=search_term_string\"}],\"inLanguage\":\"zh-CN\"},{\"@type\":\"Organization\",\"@id\":\"https:\/\/turismoenzamora.es\/pt\/#organization\",\"name\":\"Patronato de Turismo de la Diputaci\u00f3n de Zamora\",\"url\":\"https:\/\/turismoenzamora.es\/pt\/\",\"logo\":{\"@type\":\"ImageObject\",\"inLanguage\":\"zh-CN\",\"@id\":\"https:\/\/turismoenzamora.es\/pt\/#\/schema\/logo\/image\/\",\"url\":\"https:\/\/turismoenzamora.es\/wp-content\/uploads\/2018\/06\/ZamoraLogo.png\",\"contentUrl\":\"https:\/\/turismoenzamora.es\/wp-content\/uploads\/2018\/06\/ZamoraLogo.png\",\"width\":1276,\"height\":290,\"caption\":\"Patronato de Turismo de la Diputaci\u00f3n de Zamora\"},\"image\":{\"@id\":\"https:\/\/turismoenzamora.es\/pt\/#\/schema\/logo\/image\/\"},\"sameAs\":[\"https:\/\/www.facebook.com\/ZamoraSpain\/\",\"https:\/\/x.com\/ZamoraSpain\",\"https:\/\/www.instagram.com\/turismoenzamora.es\/\",\"https:\/\/www.pinterest.es\/TurismoenZamora\/\",\"https:\/\/www.youtube.com\/channel\/UC2bOyOZ-2cLm-uXlBFYUV9w\"]}]}<\/script>\n<!-- \/ Yoast SEO plugin. -->","yoast_head_json":{"title":"Turismo de Zamora , Turismo Sostenible","description":"Esta es la p\u00e1gina Oficial de Turismo de Diputaci\u00f3n de Zamora, donde podr\u00e1 encontrar toda la informaci\u00f3n para disfrutar al m\u00e1ximo de nuestra provincia.","robots":{"index":"index","follow":"follow","max-snippet":"max-snippet:-1","max-image-preview":"max-image-preview:large","max-video-preview":"max-video-preview:-1"},"canonical":"https:\/\/turismoenzamora.es\/en\/patrimonio-artistico\/toro-guarena-tierra-del-vino\/","og_locale":"zh_CN","og_type":"article","og_title":"Turismo de Zamora , Turismo Sostenible","og_description":"Esta es la p\u00e1gina Oficial de Turismo de Diputaci\u00f3n de Zamora, donde podr\u00e1 encontrar toda la informaci\u00f3n para disfrutar al m\u00e1ximo de nuestra provincia.","og_url":"https:\/\/turismoenzamora.es\/en\/patrimonio-artistico\/toro-guarena-tierra-del-vino\/","og_site_name":"(Espa\u00f1ol) Turismo sostenible. Patronato de Turismo de la Diputaci\u00f3n de Zamora.&quot;Turismo Sostenible&quot;.","article_publisher":"https:\/\/www.facebook.com\/ZamoraSpain\/","article_modified_time":"2021-09-01T14:42:23+00:00","og_image":[{"url":"https:\/\/turismoenzamora.es\/wp-content\/uploads\/2017\/08\/masinfo-1.png"}],"twitter_card":"summary_large_image","twitter_site":"@ZamoraSpain","twitter_misc":{"\u9884\u8ba1\u9605\u8bfb\u65f6\u95f4":"13\u5206"},"schema":{"@context":"https:\/\/schema.org","@graph":[{"@type":"WebPage","@id":"https:\/\/turismoenzamora.es\/en\/patrimonio-artistico\/toro-guarena-tierra-del-vino\/","url":"https:\/\/turismoenzamora.es\/en\/patrimonio-artistico\/toro-guarena-tierra-del-vino\/","name":"Turismo de Zamora , Turismo Sostenible","isPartOf":{"@id":"https:\/\/turismoenzamora.es\/pt\/#website"},"primaryImageOfPage":{"@id":"https:\/\/turismoenzamora.es\/en\/patrimonio-artistico\/toro-guarena-tierra-del-vino\/#primaryimage"},"image":{"@id":"https:\/\/turismoenzamora.es\/en\/patrimonio-artistico\/toro-guarena-tierra-del-vino\/#primaryimage"},"thumbnailUrl":"https:\/\/turismoenzamora.es\/wp-content\/uploads\/2017\/08\/masinfo-1.png","datePublished":"2017-08-07T09:03:21+00:00","dateModified":"2021-09-01T14:42:23+00:00","description":"Esta es la p\u00e1gina Oficial de Turismo de Diputaci\u00f3n de Zamora, donde podr\u00e1 encontrar toda la informaci\u00f3n para disfrutar al m\u00e1ximo de nuestra provincia.","breadcrumb":{"@id":"https:\/\/turismoenzamora.es\/en\/patrimonio-artistico\/toro-guarena-tierra-del-vino\/#breadcrumb"},"inLanguage":"zh-CN","potentialAction":[{"@type":"ReadAction","target":["https:\/\/turismoenzamora.es\/en\/patrimonio-artistico\/toro-guarena-tierra-del-vino\/"]}]},{"@type":"ImageObject","inLanguage":"zh-CN","@id":"https:\/\/turismoenzamora.es\/en\/patrimonio-artistico\/toro-guarena-tierra-del-vino\/#primaryimage","url":"https:\/\/turismoenzamora.es\/wp-content\/uploads\/2017\/08\/masinfo-1.png","contentUrl":"https:\/\/turismoenzamora.es\/wp-content\/uploads\/2017\/08\/masinfo-1.png"},{"@type":"BreadcrumbList","@id":"https:\/\/turismoenzamora.es\/en\/patrimonio-artistico\/toro-guarena-tierra-del-vino\/#breadcrumb","itemListElement":[{"@type":"ListItem","position":1,"name":"Portada","item":"https:\/\/turismoenzamora.es\/"},{"@type":"ListItem","position":2,"name":"Patrimonio Art\u00edstico","item":"https:\/\/turismoenzamora.es\/en\/patrimonio-artistico\/"},{"@type":"ListItem","position":3,"name":"Toro &#8211; Guare\u00f1a &#8211; Tierra del Vino"}]},{"@type":"WebSite","@id":"https:\/\/turismoenzamora.es\/pt\/#website","url":"https:\/\/turismoenzamora.es\/pt\/","name":"Turismo sostenible. Patronato de Turismo de la Diputaci\u00f3n de Zamora.&quot;Turismo Sostenible&quot;.","description":"(Espa\u00f1ol) Turismo sostenible. Patronato de Turismo de la Diputaci\u00f3n de Zamora.&quot;Turismo Sostenible&quot;.","publisher":{"@id":"https:\/\/turismoenzamora.es\/pt\/#organization"},"potentialAction":[{"@type":"SearchAction","target":{"@type":"EntryPoint","urlTemplate":"https:\/\/turismoenzamora.es\/pt\/?s={search_term_string}"},"query-input":"required name=search_term_string"}],"inLanguage":"zh-CN"},{"@type":"Organization","@id":"https:\/\/turismoenzamora.es\/pt\/#organization","name":"Patronato de Turismo de la Diputaci\u00f3n de Zamora","url":"https:\/\/turismoenzamora.es\/pt\/","logo":{"@type":"ImageObject","inLanguage":"zh-CN","@id":"https:\/\/turismoenzamora.es\/pt\/#\/schema\/logo\/image\/","url":"https:\/\/turismoenzamora.es\/wp-content\/uploads\/2018\/06\/ZamoraLogo.png","contentUrl":"https:\/\/turismoenzamora.es\/wp-content\/uploads\/2018\/06\/ZamoraLogo.png","width":1276,"height":290,"caption":"Patronato de Turismo de la Diputaci\u00f3n de Zamora"},"image":{"@id":"https:\/\/turismoenzamora.es\/pt\/#\/schema\/logo\/image\/"},"sameAs":["https:\/\/www.facebook.com\/ZamoraSpain\/","https:\/\/x.com\/ZamoraSpain","https:\/\/www.instagram.com\/turismoenzamora.es\/","https:\/\/www.pinterest.es\/TurismoenZamora\/","https:\/\/www.youtube.com\/channel\/UC2bOyOZ-2cLm-uXlBFYUV9w"]}]}},"_links":{"self":[{"href":"https:\/\/turismoenzamora.es\/zh\/wp-json\/wp\/v2\/pages\/154"}],"collection":[{"href":"https:\/\/turismoenzamora.es\/zh\/wp-json\/wp\/v2\/pages"}],"about":[{"href":"https:\/\/turismoenzamora.es\/zh\/wp-json\/wp\/v2\/types\/page"}],"author":[{"embeddable":true,"href":"https:\/\/turismoenzamora.es\/zh\/wp-json\/wp\/v2\/users\/1"}],"replies":[{"embeddable":true,"href":"https:\/\/turismoenzamora.es\/zh\/wp-json\/wp\/v2\/comments?post=154"}],"version-history":[{"count":0,"href":"https:\/\/turismoenzamora.es\/zh\/wp-json\/wp\/v2\/pages\/154\/revisions"}],"up":[{"embeddable":true,"href":"https:\/\/turismoenzamora.es\/zh\/wp-json\/wp\/v2\/pages\/82"}],"wp:attachment":[{"href":"https:\/\/turismoenzamora.es\/zh\/wp-json\/wp\/v2\/media?parent=154"}],"curies":[{"name":"wp","href":"https:\/\/api.w.org\/{rel}","templated":true}]}}