{"id":152,"date":"2017-08-07T11:02:54","date_gmt":"2017-08-07T09:02:54","guid":{"rendered":"https:\/\/newweb.turismoenzamora.es\/?page_id=152"},"modified":"2021-09-01T16:38:44","modified_gmt":"2021-09-01T14:38:44","slug":"campos-pan","status":"publish","type":"page","link":"https:\/\/turismoenzamora.es\/zh\/patrimonio-artistico\/campos-pan\/","title":{"rendered":"Campos &#8211; Pan"},"content":{"rendered":"<p><\/p>\n<h1>Campos \u2013 Pan<b>\u582a\u5e03\u65af\u6f58\u5730\u533a<\/b><\/h1>\n<p>&nbsp;<\/p>\n<p><img fetchpriority=\"high\" decoding=\"async\" class=\"aligncenter size-full wp-image-6899\" src=\"https:\/\/turismoenzamora.es\/wp-content\/uploads\/2017\/08\/patrimonio-art\u00edstico.jpg\" alt=\"\" width=\"900\" height=\"599\" data-id=\"6899\" srcset=\"https:\/\/turismoenzamora.es\/wp-content\/uploads\/2017\/08\/patrimonio-art\u00edstico.jpg 900w, https:\/\/turismoenzamora.es\/wp-content\/uploads\/2017\/08\/patrimonio-art\u00edstico-300x200.jpg 300w, https:\/\/turismoenzamora.es\/wp-content\/uploads\/2017\/08\/patrimonio-art\u00edstico-768x511.jpg 768w\" sizes=\"(max-width: 900px) 100vw, 900px\" \/><\/p>\n<p>&nbsp;<\/p>\n<p style=\"text-align: justify;\">\u582a\u5e03\u65af\u6f58\u5730\u533a\u62e5\u6709\u7740\u597d\u2f0f\u5ea7\u5386\u53f2\u60a0\u4e45\uff0c\u5efa\u7b51\u827a\u672f\u4e0a\u2fae\u5e38\u91cd \u8981\u7684\u6559\u5802\u548c\u57ce\u5821\uff0c\u4ee5\u4e0b\u8ba9\u6211\u4eec\u6162\u6162\u8ba4\u8bc6\u5b83\u4eec\u5427\u3002 \u4f0a\u6d85\u65af\u5854\u6559\u5802\uff08La Iglesia de La Hiniesta\uff09\uff1a \u5f53\u4f60\u2f00\u2f9b\u8fdb\u8fd9\u5ea7\u7f8e\u4e3d\u7684\u6559\u5802\uff0c\u6620\u2f0a\u773c\u5e18\u7684\u662f\u534e\u4e3d\u7684\u5723\u2e9f\u2ed4 \u5eca\uff08Santa Mar\u00eda la Real\uff09\uff0c\u5357\u2faf\u7684\u4e2d\u5ead\u548c\u5916\u2f74\u2faf\u4e5f\u662f\u2fae \u5e38\u7f8e\u4e3d\uff0c\u6781\u5177\u9b45\u2f12\u3002 \u2ed4\u5eca\u7684\u5185\u90e8\u7531\u2f00\u4e2a\u7531\u5e73\u7eb9\u2f40\u67b6\u2f40\u6491\u7740\u7f57\u7eb9\u62f1\u9876\u3002 \u518d\u5411\u2fa5 \u2f9b\uff0c\u4f60\u5c31\u80fd\u770b\u5230\u6709\u4e09\u5ea7\u7cbe\u7f8e\u7684\u96d5\u5851\uff1a\u5723\u2e9f\u4e0e\u2f26\uff0c\u5723\u52a0\u767e\u5217 \u2f24\u5929\u4f7f\uff0c\u5929\u4f7f\u4e0e\u5723\u2e9f\u5723\u5a74\u96d5\u50cf\u3002 \u8fd9\u5ea7\u6559\u5802\u53ef\u4ee5\u8bf4\u662f\u8428\u83ab\u62c9\u57ce\u7684\u54e5\u7279\u5f0f\u2edb\u683c\u5178\u8303\u4e4b\u2f00\u3002 \u5361\u65af\u7279\u7f57\u591a\u62c9\u5cf0\u5821\u9057\u8ff9\uff08Castrotorafe\uff09\uff1a \u5728\u56fd\u5bb6\u516c\u8defN-630\u9644\u8fd1\uff0c\u4f60\u4f1a\u53d1\u73b0\u2f00\u5ea7\u56db\u5c42\u697c\u2fbc\u7684\u5de8\u2f24\u9057 \u8ff9\uff0c\u5b83\u7684\u5de8\u2f24\uff0c\u751a\u2f84\u4e0e\u5468\u56f4\u6751\u843d\u7684\u2f29\u5c4b\u683c\u683c\u4e0d\u2f0a\uff0c\u90a3\u5c31\u662f \u5361\u65af\u7279\u7f57\u591a\u62c9\u5cf0\u5821\u9057\u8ff9\u3002 \u8fd9\u6240\u57ce\u5821\u5efa\u4e8e11\u4e16\u7eaa\u7684\u827e\u65af\u62c9\u6cb3\uff08Esla\uff09\u4e0b\u6e38\u3002 \u5230\u4e8615\u4e16 \u7eaa\uff0c\u5361\u65af\u7279\u7f57\u591a\u62c9\u5cf0\u5821\uff08Castrotorafe\uff09\u5728\u8428\u83ab\u62c9\u5730\u533a\u2fae\u5e38 \u91cd\u8981\uff0c\u5176\u91cd\u8981\u6027\u751a\u2f84\u4e0e\u2ec9\u7eb3\u2f42\u7279\u57ce\u6216\u6258\u7f57\u57ce\u4e0d\u76f8\u4e0a\u4e0b\u3002 \u867d\u7136\u57ce\u5821\u6574\u4f53\u2f24\u90e8\u5206\u90fd\u2edb\u5316\u4e86\uff0c\u4f46\u90a3\u2f64\u2f6f\u677f\u6cb3\u7802\u6d46\u780c\u7b51\u7684 \u5821\u5899\uff0c\u4ecd\u7136\u5c79\u2f74\u4e0d\u5012\uff0c\u597d\u50cf\u5728\u9ed8\u9ed8\u8bc9\u8bf4\u7740\uff0c\u5f53\u5e74\u5b83\u4f5c\u4e3a\u8fb9 \u5883\u8981\u585e\u7684\u575a\u56fa\u548c\u4fdd\u536b\u5bb6\u56ed\u7684\u9a84\u50b2\u3002 \u5361\u65af\u7279\u7f57\u591a\u62c9\u5cf0\u5821\u5792\uff08Castrotorafe\uff09\u88ab\u6467\u6bc1\u2f1c\u91cd\u5efa\u4e86\u8bb8\u591a \u6b21\uff0c\u76f4\u523018\u4e16\u7eaa\uff0c\u624d\u6700\u7ec8\u88ab\u5e9f\u5f03\u3002 \u5b83\u4e8e1931\u5e74\u88ab\u5ba3\u5e03 \u4e3a\u201cBien de Inter\u00e9s Cultural \u201d\uff08\u2ec4\u73ed\u2f5b\u56fd\u5bb6\u7ea7\u2f42\u7269\u4fdd\u62a4\u8ba1 \u5212\uff09\uff0c\u2f84\u4eca\u4f9d\u65e7\u672a\u88ab\u9664\u540d\u3002 \u83ab\u62c9\u2ec4\u4e54\u65af\u6559\u533a\u6559\u5802\uff08Molacillos\uff09\uff1a \u5728Valderaduey\u6cb3\u7554\uff0c\u6709\u2f00\u5ea7\u5f53\u5730\u96be\u5f97\u2f00\u2ec5\u7684\u5df4\u6d1b\u514b\u2edb\u683c\u6559 \u5802\uff0c\u90a3\u5c31\u662f\u72ec\u7279\u4e14\u7f8e\u4e3d\u7684\u83ab\u62c9\u2ec4\u4e54\u65af\u6559\u533a\u6559\u5802 \uff08Molacillos\uff09\u3002<\/p>\n<p>&nbsp;<\/p>\n<p><img decoding=\"async\" class=\"size-medium wp-image-525 alignleft\" src=\"https:\/\/turismoenzamora.es\/wp-content\/uploads\/2017\/08\/Campos_Pan_2-300x182.jpg\" alt=\"\" width=\"300\" height=\"182\" srcset=\"https:\/\/turismoenzamora.es\/wp-content\/uploads\/2017\/08\/Campos_Pan_2-300x182.jpg 300w, https:\/\/turismoenzamora.es\/wp-content\/uploads\/2017\/08\/Campos_Pan_2-768x465.jpg 768w, https:\/\/turismoenzamora.es\/wp-content\/uploads\/2017\/08\/Campos_Pan_2-1024x620.jpg 1024w\" sizes=\"(max-width: 300px) 100vw, 300px\" \/><\/p>\n<p style=\"text-align: justify;\">\u83ab\u83b1\u745e\u62c9\u4fee\u9053\u9662\u9057\u8ff9\uff08Monasterio de Moreruela\uff09\uff1a \u8fd9\u5ea7\u9057\u8ff9\u53ef\u4ee5\u8bf4\u662f\u8428\u83ab\u62c9\u7701\u6700\u7f8e\u4e3d\u3001\u6700\u5b8f\u4f1f\u7684\u9057\u8ff9\u3002\u54ea\u6015 \u56db\u5904\u4e1b\u2f63\u7684\u7684\u690d\u88ab\u8302\u5bc6\u2f63\u2ed3\uff0c\u5373\u4f7f\u5982\u6b64\uff0c\u4e5f\u8986\u76d6\u4e0d\u6389\u8fd9\u5ea7 \u9057\u8ff9\u7684\u9b45\u2f12\u5149\u73af\u3002 \u7531\u963f\u2f45\u7d22\u4e03\u4e16\u56fd\u738b\u7684\u547d\u4ee4\u5efa\u9020\u7684\u8fd9\u5ea7\u4fee\u9053\u9662\u2f17\u5206\u96c4\u4f1f\u58ee \u89c2\u3002 \u5b83\u5b8c\u2f2f12\u4e16\u7eaa\u672b\uff0c\u4e0d\u4ec5\u62e5\u6709\u7f57\u2ee2\u2edb\u683c\uff0c\u8fd8\u6709\u5f88\u591a\u7f57\u2ee2\u2edb\u683c \u5411\u54e5\u7279\u2edb\u683c\u8fc7\u6e21\u65f6\u671f\u7684\u7ecf\u5178\u5143\u7d20\u3002 \u5176\u5de8\u2f24\u7684\u62f1\u9876\u662f\u6559\u5802\u4e2d\u6700\u5b8f\u4f1f\u7684\u90e8\u5206\u62f1\u9876\uff0c\u5c42\u5c42\u53e0\u53e0\u6108\u6765 \u6108\u2fbc\u3002\u591a\u8fb9\u5f62\u7684\u2f9b\u5eca\u548c\u4e2d\u592e\u540e\u6bbf\u6709\u5e8f\u76f8\u8fde\u3002 \u56e0\u4e3a\u53d7\u2f08\u559c\u7231\uff0c\u8be5\u4fee\u9053\u9662\u8fd1\u5e74\u6765\u7ecf\u5386\u4e86\u8be5\u7701\u6700\u591a\u6b21\u7684\u4fee \u590d\u3002\u4e0d\u4f46\u6ca1\u6709\u7834\u574f\u5b83\u7684\u5386\u53f2\u610f\u4e49\uff0c\u66f4\u597d\u7684\u51cf\u5c11\u4e86\u5b83\u7684\u7834\u635f \u7a0b\u5ea6\u3002 \u6bd5\u4e9a\u6f58\u591a\u53e4\u57ce\u6c60\uff08Villalpando\uff09 \u6bd5\u4e9a\u6f58\u591a\u57ce\u2f84\u4eca\u4fdd\u7559\u7740\u6781\u5177\u5386\u53f2\u6027\u7684\u53e4\u57ce\u90e8\u5206\u9057\u5740\u3002\u2f50 \u5982\uff0c\u2f84\u4eca\u4fdd\u5b58\u5b8c\u597d\u7684\u5723\u5b89\u5fb7\u70c8\u57ce\u2ed4\uff0c\u4e5f\u88ab\u79f0\u4e3a\u2f2d\u2f95\u4e4b\u2ed4 \uff08Puerta de la Villa) \uff0c\u548c\u2ec9\u62c9\u65af\u79d1\u57ce\u5821\uff08 el castillo de los Velasco\uff09\u90fd\u662f\u5f53\u5730\u7684\u9a84\u50b2\u3002<\/p>\n<p><a href=\"https:\/\/turismoenzamora.es\/wp-content\/uploads\/2020\/02\/patrimonio-art\u00edstico.pdf\" target=\"_blank\" rel=\"noopener noreferrer\"><img decoding=\"async\" class=\"alignleft wp-image-4861 size-full\" src=\"https:\/\/turismoenzamora.es\/wp-content\/uploads\/2017\/08\/masinfo-1.png\" alt=\"M\u00e1s Informaci\u00f3n\" width=\"63\" height=\"32\" data-id=\"4861\"><\/a><\/p>\n<p><\/p>","protected":false},"excerpt":{"rendered":"<p>Campos \u2013 Pan\u582a\u5e03\u65af\u6f58\u5730\u533a &nbsp; &nbsp; \u582a\u5e03\u65af\u6f58\u5730\u533a\u62e5\u6709\u7740\u597d\u2f0f\u5ea7\u5386\u53f2\u60a0\u4e45\uff0c\u5efa\u7b51\u827a\u672f\u4e0a [&hellip;]<\/p>\n","protected":false},"author":1,"featured_media":0,"parent":82,"menu_order":3,"comment_status":"closed","ping_status":"closed","template":"","meta":{"inline_featured_image":false,"site-sidebar-layout":"default","site-content-layout":"default","ast-site-content-layout":"","site-content-style":"default","site-sidebar-style":"default","ast-global-header-display":"","ast-banner-title-visibility":"","ast-main-header-display":"","ast-hfb-above-header-display":"","ast-hfb-below-header-display":"","ast-hfb-mobile-header-display":"","site-post-title":"disabled","ast-breadcrumbs-content":"","ast-featured-img":"","footer-sml-layout":"","theme-transparent-header-meta":"default","adv-header-id-meta":"","stick-header-meta":"","header-above-stick-meta":"","header-main-stick-meta":"","header-below-stick-meta":"","astra-migrate-meta-layouts":"default","ast-page-background-enabled":"default","ast-page-background-meta":{"desktop":{"background-color":"","background-image":"","background-repeat":"repeat","background-position":"center center","background-size":"auto","background-attachment":"scroll","background-type":"","background-media":"","overlay-type":"","overlay-color":"","overlay-opacity":"","overlay-gradient":""},"tablet":{"background-color":"","background-image":"","background-repeat":"repeat","background-position":"center center","background-size":"auto","background-attachment":"scroll","background-type":"","background-media":"","overlay-type":"","overlay-color":"","overlay-opacity":"","overlay-gradient":""},"mobile":{"background-color":"","background-image":"","background-repeat":"repeat","background-position":"center center","background-size":"auto","background-attachment":"scroll","background-type":"","background-media":"","overlay-type":"","overlay-color":"","overlay-opacity":"","overlay-gradient":""}},"ast-content-background-meta":{"desktop":{"background-color":"var(--ast-global-color-5)","background-image":"","background-repeat":"repeat","background-position":"center center","background-size":"auto","background-attachment":"scroll","background-type":"","background-media":"","overlay-type":"","overlay-color":"","overlay-opacity":"","overlay-gradient":""},"tablet":{"background-color":"var(--ast-global-color-5)","background-image":"","background-repeat":"repeat","background-position":"center center","background-size":"auto","background-attachment":"scroll","background-type":"","background-media":"","overlay-type":"","overlay-color":"","overlay-opacity":"","overlay-gradient":""},"mobile":{"background-color":"var(--ast-global-color-5)","background-image":"","background-repeat":"repeat","background-position":"center center","background-size":"auto","background-attachment":"scroll","background-type":"","background-media":"","overlay-type":"","overlay-color":"","overlay-opacity":"","overlay-gradient":""}},"ngg_post_thumbnail":0,"footnotes":""},"yoast_head":"<!-- This site is optimized with the Yoast SEO plugin v23.0 - https:\/\/yoast.com\/wordpress\/plugins\/seo\/ -->\n<title>Turismo de Zamora , Turismo Sostenible<\/title>\n<meta name=\"description\" content=\"Esta es la p\u00e1gina Oficial de Turismo de Diputaci\u00f3n de Zamora, donde podr\u00e1 encontrar toda la informaci\u00f3n para disfrutar al m\u00e1ximo de nuestra provincia.\" \/>\n<meta name=\"robots\" content=\"index, follow, max-snippet:-1, max-image-preview:large, max-video-preview:-1\" \/>\n<link rel=\"canonical\" href=\"https:\/\/turismoenzamora.es\/patrimonio-artistico\/campos-pan\/\" \/>\n<meta property=\"og:locale\" content=\"zh_CN\" \/>\n<meta property=\"og:type\" content=\"article\" \/>\n<meta property=\"og:title\" content=\"Turismo de Zamora , Turismo Sostenible\" \/>\n<meta property=\"og:description\" content=\"Esta es la p\u00e1gina Oficial de Turismo de Diputaci\u00f3n de Zamora, donde podr\u00e1 encontrar toda la informaci\u00f3n para disfrutar al m\u00e1ximo de nuestra provincia.\" \/>\n<meta property=\"og:url\" content=\"https:\/\/turismoenzamora.es\/patrimonio-artistico\/campos-pan\/\" \/>\n<meta property=\"og:site_name\" content=\"(Espa\u00f1ol) Turismo sostenible. Patronato de Turismo de la Diputaci\u00f3n de Zamora.&quot;Turismo Sostenible&quot;.\" \/>\n<meta property=\"article:publisher\" content=\"https:\/\/www.facebook.com\/ZamoraSpain\/\" \/>\n<meta property=\"article:modified_time\" content=\"2021-09-01T14:38:44+00:00\" \/>\n<meta property=\"og:image\" content=\"https:\/\/turismoenzamora.es\/wp-content\/uploads\/2017\/08\/Campos_Pan_2-300x182.jpg\" \/>\n<meta name=\"twitter:card\" content=\"summary_large_image\" \/>\n<meta name=\"twitter:site\" content=\"@ZamoraSpain\" \/>\n<meta name=\"twitter:label1\" content=\"\u9884\u8ba1\u9605\u8bfb\u65f6\u95f4\" \/>\n\t<meta name=\"twitter:data1\" content=\"10\u5206\" \/>\n<script type=\"application\/ld+json\" class=\"yoast-schema-graph\">{\"@context\":\"https:\/\/schema.org\",\"@graph\":[{\"@type\":\"WebPage\",\"@id\":\"https:\/\/turismoenzamora.es\/patrimonio-artistico\/campos-pan\/\",\"url\":\"https:\/\/turismoenzamora.es\/patrimonio-artistico\/campos-pan\/\",\"name\":\"Turismo de Zamora , Turismo Sostenible\",\"isPartOf\":{\"@id\":\"https:\/\/turismoenzamora.es\/pt\/#website\"},\"primaryImageOfPage\":{\"@id\":\"https:\/\/turismoenzamora.es\/patrimonio-artistico\/campos-pan\/#primaryimage\"},\"image\":{\"@id\":\"https:\/\/turismoenzamora.es\/patrimonio-artistico\/campos-pan\/#primaryimage\"},\"thumbnailUrl\":\"https:\/\/turismoenzamora.es\/wp-content\/uploads\/2017\/08\/Campos_Pan_2-300x182.jpg\",\"datePublished\":\"2017-08-07T09:02:54+00:00\",\"dateModified\":\"2021-09-01T14:38:44+00:00\",\"description\":\"Esta es la p\u00e1gina Oficial de Turismo de Diputaci\u00f3n de Zamora, donde podr\u00e1 encontrar toda la informaci\u00f3n para disfrutar al m\u00e1ximo de nuestra provincia.\",\"breadcrumb\":{\"@id\":\"https:\/\/turismoenzamora.es\/patrimonio-artistico\/campos-pan\/#breadcrumb\"},\"inLanguage\":\"zh-CN\",\"potentialAction\":[{\"@type\":\"ReadAction\",\"target\":[\"https:\/\/turismoenzamora.es\/patrimonio-artistico\/campos-pan\/\"]}]},{\"@type\":\"ImageObject\",\"inLanguage\":\"zh-CN\",\"@id\":\"https:\/\/turismoenzamora.es\/patrimonio-artistico\/campos-pan\/#primaryimage\",\"url\":\"https:\/\/turismoenzamora.es\/wp-content\/uploads\/2017\/08\/Campos_Pan_2-300x182.jpg\",\"contentUrl\":\"https:\/\/turismoenzamora.es\/wp-content\/uploads\/2017\/08\/Campos_Pan_2-300x182.jpg\"},{\"@type\":\"BreadcrumbList\",\"@id\":\"https:\/\/turismoenzamora.es\/patrimonio-artistico\/campos-pan\/#breadcrumb\",\"itemListElement\":[{\"@type\":\"ListItem\",\"position\":1,\"name\":\"Portada\",\"item\":\"https:\/\/turismoenzamora.es\/\"},{\"@type\":\"ListItem\",\"position\":2,\"name\":\"Patrimonio Art\u00edstico\",\"item\":\"https:\/\/turismoenzamora.es\/en\/patrimonio-artistico\/\"},{\"@type\":\"ListItem\",\"position\":3,\"name\":\"Campos &#8211; Pan\"}]},{\"@type\":\"WebSite\",\"@id\":\"https:\/\/turismoenzamora.es\/pt\/#website\",\"url\":\"https:\/\/turismoenzamora.es\/pt\/\",\"name\":\"Turismo sostenible. Patronato de Turismo de la Diputaci\u00f3n de Zamora.&quot;Turismo Sostenible&quot;.\",\"description\":\"(Espa\u00f1ol) Turismo sostenible. Patronato de Turismo de la Diputaci\u00f3n de Zamora.&quot;Turismo Sostenible&quot;.\",\"publisher\":{\"@id\":\"https:\/\/turismoenzamora.es\/pt\/#organization\"},\"potentialAction\":[{\"@type\":\"SearchAction\",\"target\":{\"@type\":\"EntryPoint\",\"urlTemplate\":\"https:\/\/turismoenzamora.es\/pt\/?s={search_term_string}\"},\"query-input\":\"required name=search_term_string\"}],\"inLanguage\":\"zh-CN\"},{\"@type\":\"Organization\",\"@id\":\"https:\/\/turismoenzamora.es\/pt\/#organization\",\"name\":\"Patronato de Turismo de la Diputaci\u00f3n de Zamora\",\"url\":\"https:\/\/turismoenzamora.es\/pt\/\",\"logo\":{\"@type\":\"ImageObject\",\"inLanguage\":\"zh-CN\",\"@id\":\"https:\/\/turismoenzamora.es\/pt\/#\/schema\/logo\/image\/\",\"url\":\"https:\/\/turismoenzamora.es\/wp-content\/uploads\/2018\/06\/ZamoraLogo.png\",\"contentUrl\":\"https:\/\/turismoenzamora.es\/wp-content\/uploads\/2018\/06\/ZamoraLogo.png\",\"width\":1276,\"height\":290,\"caption\":\"Patronato de Turismo de la Diputaci\u00f3n de Zamora\"},\"image\":{\"@id\":\"https:\/\/turismoenzamora.es\/pt\/#\/schema\/logo\/image\/\"},\"sameAs\":[\"https:\/\/www.facebook.com\/ZamoraSpain\/\",\"https:\/\/x.com\/ZamoraSpain\",\"https:\/\/www.instagram.com\/turismoenzamora.es\/\",\"https:\/\/www.pinterest.es\/TurismoenZamora\/\",\"https:\/\/www.youtube.com\/channel\/UC2bOyOZ-2cLm-uXlBFYUV9w\"]}]}<\/script>\n<!-- \/ Yoast SEO plugin. -->","yoast_head_json":{"title":"Turismo de Zamora , Turismo Sostenible","description":"Esta es la p\u00e1gina Oficial de Turismo de Diputaci\u00f3n de Zamora, donde podr\u00e1 encontrar toda la informaci\u00f3n para disfrutar al m\u00e1ximo de nuestra provincia.","robots":{"index":"index","follow":"follow","max-snippet":"max-snippet:-1","max-image-preview":"max-image-preview:large","max-video-preview":"max-video-preview:-1"},"canonical":"https:\/\/turismoenzamora.es\/patrimonio-artistico\/campos-pan\/","og_locale":"zh_CN","og_type":"article","og_title":"Turismo de Zamora , Turismo Sostenible","og_description":"Esta es la p\u00e1gina Oficial de Turismo de Diputaci\u00f3n de Zamora, donde podr\u00e1 encontrar toda la informaci\u00f3n para disfrutar al m\u00e1ximo de nuestra provincia.","og_url":"https:\/\/turismoenzamora.es\/patrimonio-artistico\/campos-pan\/","og_site_name":"(Espa\u00f1ol) Turismo sostenible. Patronato de Turismo de la Diputaci\u00f3n de Zamora.&quot;Turismo Sostenible&quot;.","article_publisher":"https:\/\/www.facebook.com\/ZamoraSpain\/","article_modified_time":"2021-09-01T14:38:44+00:00","og_image":[{"url":"https:\/\/turismoenzamora.es\/wp-content\/uploads\/2017\/08\/Campos_Pan_2-300x182.jpg"}],"twitter_card":"summary_large_image","twitter_site":"@ZamoraSpain","twitter_misc":{"\u9884\u8ba1\u9605\u8bfb\u65f6\u95f4":"10\u5206"},"schema":{"@context":"https:\/\/schema.org","@graph":[{"@type":"WebPage","@id":"https:\/\/turismoenzamora.es\/patrimonio-artistico\/campos-pan\/","url":"https:\/\/turismoenzamora.es\/patrimonio-artistico\/campos-pan\/","name":"Turismo de Zamora , Turismo Sostenible","isPartOf":{"@id":"https:\/\/turismoenzamora.es\/pt\/#website"},"primaryImageOfPage":{"@id":"https:\/\/turismoenzamora.es\/patrimonio-artistico\/campos-pan\/#primaryimage"},"image":{"@id":"https:\/\/turismoenzamora.es\/patrimonio-artistico\/campos-pan\/#primaryimage"},"thumbnailUrl":"https:\/\/turismoenzamora.es\/wp-content\/uploads\/2017\/08\/Campos_Pan_2-300x182.jpg","datePublished":"2017-08-07T09:02:54+00:00","dateModified":"2021-09-01T14:38:44+00:00","description":"Esta es la p\u00e1gina Oficial de Turismo de Diputaci\u00f3n de Zamora, donde podr\u00e1 encontrar toda la informaci\u00f3n para disfrutar al m\u00e1ximo de nuestra provincia.","breadcrumb":{"@id":"https:\/\/turismoenzamora.es\/patrimonio-artistico\/campos-pan\/#breadcrumb"},"inLanguage":"zh-CN","potentialAction":[{"@type":"ReadAction","target":["https:\/\/turismoenzamora.es\/patrimonio-artistico\/campos-pan\/"]}]},{"@type":"ImageObject","inLanguage":"zh-CN","@id":"https:\/\/turismoenzamora.es\/patrimonio-artistico\/campos-pan\/#primaryimage","url":"https:\/\/turismoenzamora.es\/wp-content\/uploads\/2017\/08\/Campos_Pan_2-300x182.jpg","contentUrl":"https:\/\/turismoenzamora.es\/wp-content\/uploads\/2017\/08\/Campos_Pan_2-300x182.jpg"},{"@type":"BreadcrumbList","@id":"https:\/\/turismoenzamora.es\/patrimonio-artistico\/campos-pan\/#breadcrumb","itemListElement":[{"@type":"ListItem","position":1,"name":"Portada","item":"https:\/\/turismoenzamora.es\/"},{"@type":"ListItem","position":2,"name":"Patrimonio Art\u00edstico","item":"https:\/\/turismoenzamora.es\/en\/patrimonio-artistico\/"},{"@type":"ListItem","position":3,"name":"Campos &#8211; Pan"}]},{"@type":"WebSite","@id":"https:\/\/turismoenzamora.es\/pt\/#website","url":"https:\/\/turismoenzamora.es\/pt\/","name":"Turismo sostenible. Patronato de Turismo de la Diputaci\u00f3n de Zamora.&quot;Turismo Sostenible&quot;.","description":"(Espa\u00f1ol) Turismo sostenible. Patronato de Turismo de la Diputaci\u00f3n de Zamora.&quot;Turismo Sostenible&quot;.","publisher":{"@id":"https:\/\/turismoenzamora.es\/pt\/#organization"},"potentialAction":[{"@type":"SearchAction","target":{"@type":"EntryPoint","urlTemplate":"https:\/\/turismoenzamora.es\/pt\/?s={search_term_string}"},"query-input":"required name=search_term_string"}],"inLanguage":"zh-CN"},{"@type":"Organization","@id":"https:\/\/turismoenzamora.es\/pt\/#organization","name":"Patronato de Turismo de la Diputaci\u00f3n de Zamora","url":"https:\/\/turismoenzamora.es\/pt\/","logo":{"@type":"ImageObject","inLanguage":"zh-CN","@id":"https:\/\/turismoenzamora.es\/pt\/#\/schema\/logo\/image\/","url":"https:\/\/turismoenzamora.es\/wp-content\/uploads\/2018\/06\/ZamoraLogo.png","contentUrl":"https:\/\/turismoenzamora.es\/wp-content\/uploads\/2018\/06\/ZamoraLogo.png","width":1276,"height":290,"caption":"Patronato de Turismo de la Diputaci\u00f3n de Zamora"},"image":{"@id":"https:\/\/turismoenzamora.es\/pt\/#\/schema\/logo\/image\/"},"sameAs":["https:\/\/www.facebook.com\/ZamoraSpain\/","https:\/\/x.com\/ZamoraSpain","https:\/\/www.instagram.com\/turismoenzamora.es\/","https:\/\/www.pinterest.es\/TurismoenZamora\/","https:\/\/www.youtube.com\/channel\/UC2bOyOZ-2cLm-uXlBFYUV9w"]}]}},"_links":{"self":[{"href":"https:\/\/turismoenzamora.es\/zh\/wp-json\/wp\/v2\/pages\/152"}],"collection":[{"href":"https:\/\/turismoenzamora.es\/zh\/wp-json\/wp\/v2\/pages"}],"about":[{"href":"https:\/\/turismoenzamora.es\/zh\/wp-json\/wp\/v2\/types\/page"}],"author":[{"embeddable":true,"href":"https:\/\/turismoenzamora.es\/zh\/wp-json\/wp\/v2\/users\/1"}],"replies":[{"embeddable":true,"href":"https:\/\/turismoenzamora.es\/zh\/wp-json\/wp\/v2\/comments?post=152"}],"version-history":[{"count":0,"href":"https:\/\/turismoenzamora.es\/zh\/wp-json\/wp\/v2\/pages\/152\/revisions"}],"up":[{"embeddable":true,"href":"https:\/\/turismoenzamora.es\/zh\/wp-json\/wp\/v2\/pages\/82"}],"wp:attachment":[{"href":"https:\/\/turismoenzamora.es\/zh\/wp-json\/wp\/v2\/media?parent=152"}],"curies":[{"name":"wp","href":"https:\/\/api.w.org\/{rel}","templated":true}]}}