{"id":150,"date":"2017-08-07T11:02:36","date_gmt":"2017-08-07T09:02:36","guid":{"rendered":"https:\/\/newweb.turismoenzamora.es\/?page_id=150"},"modified":"2021-09-01T16:38:08","modified_gmt":"2021-09-01T14:38:08","slug":"benavente-y-los-valles","status":"publish","type":"page","link":"https:\/\/turismoenzamora.es\/zh\/patrimonio-artistico\/benavente-y-los-valles\/","title":{"rendered":"Benavente y los Valles"},"content":{"rendered":"<p><\/p>\n<h1>Benavente y los Valles<br \/>\n\u8d1d\u7eb3\u6587\u7279<\/h1>\n<p>&nbsp;<\/p>\n<p><img fetchpriority=\"high\" decoding=\"async\" class=\" wp-image-519 aligncenter\" src=\"https:\/\/turismoenzamora.es\/wp-content\/uploads\/2017\/08\/Benavente_y_los_Valles_1-300x198.jpg\" alt=\"\" width=\"498\" height=\"329\" srcset=\"https:\/\/turismoenzamora.es\/wp-content\/uploads\/2017\/08\/Benavente_y_los_Valles_1-300x198.jpg 300w, https:\/\/turismoenzamora.es\/wp-content\/uploads\/2017\/08\/Benavente_y_los_Valles_1.jpg 670w\" sizes=\"(max-width: 498px) 100vw, 498px\" \/><\/p>\n<p>&nbsp;<\/p>\n<p style=\"text-align: justify;\">\u2ec9\u7eb3\u2f42\u7279\u662f\u8428\u83ab\u62c9\u7701\u7684\u7b2c\u2f06\u2f24\u57ce\u5e02\uff0c\u5b83\u4e5f\u662f \u8fde\u901a\u4f0a\u2f50\u5229\u4e9a\u534a\u5c9b\u2ec4\u5317\u90e8\u7684\u4ea4\u901a\u67a2\u7ebd\u3002\u4e0d\u4ec5 \u5982\u6b64\uff0c\u5b83\u7684\u91cd\u8981\u6027\u8fd8\u5728\u4e8e\u5f53\u5730\u90a3\u6570\u2f6c\u4f17\u591a\u7684 \u8003\u53e4\u5b66\u9057\u8ff9\u3002\u4e30\u5bcc\u7684\u5ca9\u5c42\u8d44\u6e90\uff0c\u518d\u52a0\u4e0a\u2f83\u53e4 \u2f84\u4eca\u90fd\u662f\u56db\u2f45\u8981\u9053\uff0c\u4f7f\u5f97\u5f53\u5730\u8003\u53e4\u2fae\u5e38\u53d1 \u8fbe\u3002 \u8fd9\u2fa5\u7684Vidriales\u2f2d\u2f95\u3001 \u00d3rbigo\u548cEria\u90fd\u662f\u5f53 \u5730\u8003\u53e4\u8def\u7ebf\u3002\u8fd9\u2fa5\u51fa\u2f1f\u2f42\u7269\u4e0d\u4f46\u54c1\u79cd\u5f88\u591a \u6837\uff0c\u2f7d\u4e14\u65f6\u4ee3\u5206\u5e03\u2fae\u5e38\u2f34\u6cdb\uff0c\u4ece\u65b0\u2f6f\u5668\u65f6\u4ee3 \u548c\u65e9\u671f\u7684\u94c1\u5668\u65f6\u4ee3\uff0c\u751a\u2f84\u5230\u7f57\u2ee2\u5e1d\u56fd\u7684\u672b\u671f \u90fd\u6709\u3002 \u5728Morales del Rey\u548cGranucillo de Vidriales\uff0c\u8fd8\u53ef\u4ee5\u770b\u5230El Tesoro\uff0c Las Pe\u00f1ezuelas\u548cSan Adri\u00e1n\u7684\u2f6f\u5893\u3002\u5728\u5c55\u89c8\u533a \u4e2d\uff0c\u8fd8\u914d\u6709\u4e13\u2f08\u89e3\u8bf4\u6307\u5bfc\uff0c\u2f46\u8bba\u2f24\u2f08\u2f29\u5b69\uff0c \u90fd\u80fd\u5f97\u5230\u5b66\u4e60\u8003\u53e4\u5b66\u7684\u4e50\u8da3\u3002 \u4e0d\u53ea\u53e4\u4ee3\u7684\u8fd9\u2fa5\u5c31\u662f\u5bcc\u9976\u4e4b\u5730\uff0c\u76f4\u523019\u4e16 \u7eaa\uff0c\u8fd9\u2fa5\u7684\u8d35\u65cf\u2f24\u5bb6\u65cf\u90fd\u662f\u2f17\u5206\u6709\u5f71\u54cd\u2f12 \u7684\u3002\u8fd9\u2fa5\u7684\u6545\u4e8b\u5728\u2ec4\u73ed\u2f5b\u5386\u53f2\u4e2d\uff0c\u4e5f\u6709\u6d53\u58a8 \u91cd\u5f69\u7684\u2f00\u7b14\u3002 \u8d35\u65cf\u6295\u8d44\u5efa\u2f74\u7684\u5404\u2f8a\u2f42\u827a\u590d\u5174\u2edb\u683c\u5efa\u7b51\uff0c\u2f84 \u4eca\u4f9d\u7136\u8038\u2f74\uff0c\u2f50\u59821518\u5e74\u5efa\u2f74\u7684el Hospital de la Piedad\u533b\u9662\uff08\u539f\u4e3a\u671d\u5723\u8005\u4e4b\u5bb6\uff09\uff0c\u2f1c \u62161881\u5e74\u7684\u201c\u8d5b\u5c14\u74e6\u591a\u4e4b\u5bb6\u201d\uff08Casa de Cervato\uff09\uff0c\u4fdd\u5b58\u6700\u597d\u7684\u5f53\u7136\u8981\u8bf4\u5f53\u5730\u5e02\u653f \u5385\u4e86\uff0c\u7f8e\u4e3d\u534e\u8d35\uff0c\u503c\u5f97\u2f00\u6e38\u3002\u57ce\u5e02\u5e02\u6807\u6559\u5802 \u662fSanta Mar\u00eda del Azogue\uff08\u739b\u5229\u4e9a\u5723 \u5802\uff09\uff0c\u5b83\u548c San Juan del Mercado\uff08\u5723\u80e1\u5b89 \u96c6\u5e02\uff09\u90fd\u662f\u7f57\u2ee2\u5f0f\u5efa\u7b51\u3002 Parador de Turismo\u5219\u662f\u2f00\u5ea7\u5386\u53f2\u2f17\u5206\u60a0\u4e45\u7684\u8c6a\u534e\u9152 \u5e97\uff0c\u9152\u5e97\u5efa\u7b51\u2fae\u5e38\u5438\u5f15\u773c\u7403\uff0c\u5b83\u4e0d\u5355\u6709\u56db\u5ea7 \u65cb\u68af\u5854\u697c\uff0c\u2f7d\u4e14\u5b83\u672c\u8eab\u8fd8\u662f\u2f00\u5ea716\u4e16\u7eaa\u7684\u57ce \u5821\u3002<\/p>\n<p>&nbsp;<\/p>\n<p><img decoding=\"async\" class=\"size-medium wp-image-520 alignleft\" src=\"https:\/\/turismoenzamora.es\/wp-content\/uploads\/2017\/08\/Benavente_y_los_Valles_2-300x201.jpg\" alt=\"\" width=\"300\" height=\"201\" srcset=\"https:\/\/turismoenzamora.es\/wp-content\/uploads\/2017\/08\/Benavente_y_los_Valles_2-300x201.jpg 300w, https:\/\/turismoenzamora.es\/wp-content\/uploads\/2017\/08\/Benavente_y_los_Valles_2.jpg 672w\" sizes=\"(max-width: 300px) 100vw, 300px\" \/><\/p>\n<p style=\"text-align: justify;\">\u6700\u540e\u6211\u4eec\u6765\u8bf4\u2f00\u4e2a\u5f88\u72ec\u7279\u7684\u6559\u5802\uff0c\u5efa\u4e8e12\u4e16 \u7eaa\u521d\u7684Santa Marta de Tera\u6559\u5802\u3002\u6559\u5802\u7684\u5357 \u2ed4\u5385\u5904\u96d5\u523b\u7740\u4e24\u4f4d\u5723\u7ecf\u6545\u4e8b\u4e2d\u7684\u5723\u2f08\uff0c\u5176\u4e2d \u2f00\u4f4d\u662f\u5723\u5730\u4e9a\u54e5\u4f20\u6559\u2f20\u3002 \u6709\u8da3\u7684\u662f\uff0c\u901a\u5e38\u2f7d \u2f94\uff0c\u8fd9\u4e24\u5ea7\u2fbc\u6d6e\u96d5\u662f\u4e0d\u4f1a\u88ab\u7167\u5230\u9633\u5149\u7684\uff0c\u4f46 \u662f\u6bcf\u5e74\u4e24\u6b21\uff0c\u4e5f\u53ea\u6709\u4e24\u6b21\uff0c\u5374\u4f1a\u51fa\u73b0\u2f00\u79cd\u201c\u5947 \u8ff9\u3002\u57283\u2f49 21\u2f47\u548c9\u2f49 22\u2f47\uff0c\u56e0\u4e3a\u663c\u591c\u5e73\u5206\u70b9 \u7684\u8f6c\u79fb\uff08\u2f00\u79cd\u5929\u2f42\u73b0\u8c61\uff09\uff0c\u2f00\u7f15\u9633\u5149\u7ec8\u4e8e\u7167 \u5c04\u5230\u4e86\u5723\u2f08\u8eab\u4e0a\u3002\u8fd9\u5982\u5947\u8ff9\u2f00\u822c\u7684\u5149\uff0c\u8ba9\u2f08 \u60ca\u53f9\u5f53\u521d\u5efa\u7b51\u5e08\u7684\u5de7\u601d\u3002<\/p>\n<p><a href=\"https:\/\/turismoenzamora.es\/wp-content\/uploads\/2020\/02\/patrimonio-art\u00edstico.pdf\" target=\"_blank\" rel=\"noopener noreferrer\"><img decoding=\"async\" class=\"alignleft wp-image-4861 size-full\" src=\"https:\/\/turismoenzamora.es\/wp-content\/uploads\/2017\/08\/masinfo-1.png\" alt=\"M\u00e1s Informaci\u00f3n\" width=\"63\" height=\"32\" data-id=\"4861\"><\/a><\/p>\n<p><\/p>","protected":false},"excerpt":{"rendered":"<p>Benavente y los Valles \u8d1d\u7eb3\u6587\u7279 &nbsp; &nbsp; \u2ec9\u7eb3\u2f42\u7279\u662f\u8428\u83ab\u62c9\u7701\u7684\u7b2c\u2f06\u2f24 [&hellip;]<\/p>\n","protected":false},"author":1,"featured_media":0,"parent":82,"menu_order":2,"comment_status":"closed","ping_status":"closed","template":"","meta":{"inline_featured_image":false,"site-sidebar-layout":"default","site-content-layout":"default","ast-site-content-layout":"","site-content-style":"default","site-sidebar-style":"default","ast-global-header-display":"","ast-banner-title-visibility":"","ast-main-header-display":"","ast-hfb-above-header-display":"","ast-hfb-below-header-display":"","ast-hfb-mobile-header-display":"","site-post-title":"disabled","ast-breadcrumbs-content":"","ast-featured-img":"","footer-sml-layout":"","theme-transparent-header-meta":"default","adv-header-id-meta":"","stick-header-meta":"","header-above-stick-meta":"","header-main-stick-meta":"","header-below-stick-meta":"","astra-migrate-meta-layouts":"default","ast-page-background-enabled":"default","ast-page-background-meta":{"desktop":{"background-color":"","background-image":"","background-repeat":"repeat","background-position":"center center","background-size":"auto","background-attachment":"scroll","background-type":"","background-media":"","overlay-type":"","overlay-color":"","overlay-opacity":"","overlay-gradient":""},"tablet":{"background-color":"","background-image":"","background-repeat":"repeat","background-position":"center center","background-size":"auto","background-attachment":"scroll","background-type":"","background-media":"","overlay-type":"","overlay-color":"","overlay-opacity":"","overlay-gradient":""},"mobile":{"background-color":"","background-image":"","background-repeat":"repeat","background-position":"center center","background-size":"auto","background-attachment":"scroll","background-type":"","background-media":"","overlay-type":"","overlay-color":"","overlay-opacity":"","overlay-gradient":""}},"ast-content-background-meta":{"desktop":{"background-color":"var(--ast-global-color-5)","background-image":"","background-repeat":"repeat","background-position":"center center","background-size":"auto","background-attachment":"scroll","background-type":"","background-media":"","overlay-type":"","overlay-color":"","overlay-opacity":"","overlay-gradient":""},"tablet":{"background-color":"var(--ast-global-color-5)","background-image":"","background-repeat":"repeat","background-position":"center center","background-size":"auto","background-attachment":"scroll","background-type":"","background-media":"","overlay-type":"","overlay-color":"","overlay-opacity":"","overlay-gradient":""},"mobile":{"background-color":"var(--ast-global-color-5)","background-image":"","background-repeat":"repeat","background-position":"center center","background-size":"auto","background-attachment":"scroll","background-type":"","background-media":"","overlay-type":"","overlay-color":"","overlay-opacity":"","overlay-gradient":""}},"ngg_post_thumbnail":0,"footnotes":""},"yoast_head":"<!-- This site is optimized with the Yoast SEO plugin v23.0 - https:\/\/yoast.com\/wordpress\/plugins\/seo\/ -->\n<title>Turismo de Zamora , Turismo Sostenible<\/title>\n<meta name=\"description\" content=\"Esta es la p\u00e1gina Oficial de Turismo de Diputaci\u00f3n de Zamora, donde podr\u00e1 encontrar toda la informaci\u00f3n para disfrutar al m\u00e1ximo de nuestra provincia.\" \/>\n<meta name=\"robots\" content=\"index, follow, max-snippet:-1, max-image-preview:large, max-video-preview:-1\" \/>\n<link rel=\"canonical\" href=\"https:\/\/turismoenzamora.es\/fr\/patrimonio-artistico\/benavente-y-los-valles\/\" \/>\n<meta property=\"og:locale\" content=\"zh_CN\" \/>\n<meta property=\"og:type\" content=\"article\" \/>\n<meta property=\"og:title\" content=\"Turismo de Zamora , Turismo Sostenible\" \/>\n<meta property=\"og:description\" content=\"Esta es la p\u00e1gina Oficial de Turismo de Diputaci\u00f3n de Zamora, donde podr\u00e1 encontrar toda la informaci\u00f3n para disfrutar al m\u00e1ximo de nuestra provincia.\" \/>\n<meta property=\"og:url\" content=\"https:\/\/turismoenzamora.es\/fr\/patrimonio-artistico\/benavente-y-los-valles\/\" \/>\n<meta property=\"og:site_name\" content=\"(Espa\u00f1ol) Turismo sostenible. Patronato de Turismo de la Diputaci\u00f3n de Zamora.&quot;Turismo Sostenible&quot;.\" \/>\n<meta property=\"article:publisher\" content=\"https:\/\/www.facebook.com\/ZamoraSpain\/\" \/>\n<meta property=\"article:modified_time\" content=\"2021-09-01T14:38:08+00:00\" \/>\n<meta property=\"og:image\" content=\"https:\/\/turismoenzamora.es\/wp-content\/uploads\/2017\/08\/Benavente_y_los_Valles_1-300x198.jpg\" \/>\n<meta name=\"twitter:card\" content=\"summary_large_image\" \/>\n<meta name=\"twitter:site\" content=\"@ZamoraSpain\" \/>\n<meta name=\"twitter:label1\" content=\"\u9884\u8ba1\u9605\u8bfb\u65f6\u95f4\" \/>\n\t<meta name=\"twitter:data1\" content=\"11\u5206\" \/>\n<script type=\"application\/ld+json\" class=\"yoast-schema-graph\">{\"@context\":\"https:\/\/schema.org\",\"@graph\":[{\"@type\":\"WebPage\",\"@id\":\"https:\/\/turismoenzamora.es\/fr\/patrimonio-artistico\/benavente-y-los-valles\/\",\"url\":\"https:\/\/turismoenzamora.es\/fr\/patrimonio-artistico\/benavente-y-los-valles\/\",\"name\":\"Turismo de Zamora , Turismo Sostenible\",\"isPartOf\":{\"@id\":\"https:\/\/turismoenzamora.es\/pt\/#website\"},\"primaryImageOfPage\":{\"@id\":\"https:\/\/turismoenzamora.es\/fr\/patrimonio-artistico\/benavente-y-los-valles\/#primaryimage\"},\"image\":{\"@id\":\"https:\/\/turismoenzamora.es\/fr\/patrimonio-artistico\/benavente-y-los-valles\/#primaryimage\"},\"thumbnailUrl\":\"https:\/\/turismoenzamora.es\/wp-content\/uploads\/2017\/08\/Benavente_y_los_Valles_1-300x198.jpg\",\"datePublished\":\"2017-08-07T09:02:36+00:00\",\"dateModified\":\"2021-09-01T14:38:08+00:00\",\"description\":\"Esta es la p\u00e1gina Oficial de Turismo de Diputaci\u00f3n de Zamora, donde podr\u00e1 encontrar toda la informaci\u00f3n para disfrutar al m\u00e1ximo de nuestra provincia.\",\"breadcrumb\":{\"@id\":\"https:\/\/turismoenzamora.es\/fr\/patrimonio-artistico\/benavente-y-los-valles\/#breadcrumb\"},\"inLanguage\":\"zh-CN\",\"potentialAction\":[{\"@type\":\"ReadAction\",\"target\":[\"https:\/\/turismoenzamora.es\/fr\/patrimonio-artistico\/benavente-y-los-valles\/\"]}]},{\"@type\":\"ImageObject\",\"inLanguage\":\"zh-CN\",\"@id\":\"https:\/\/turismoenzamora.es\/fr\/patrimonio-artistico\/benavente-y-los-valles\/#primaryimage\",\"url\":\"https:\/\/turismoenzamora.es\/wp-content\/uploads\/2017\/08\/Benavente_y_los_Valles_1-300x198.jpg\",\"contentUrl\":\"https:\/\/turismoenzamora.es\/wp-content\/uploads\/2017\/08\/Benavente_y_los_Valles_1-300x198.jpg\"},{\"@type\":\"BreadcrumbList\",\"@id\":\"https:\/\/turismoenzamora.es\/fr\/patrimonio-artistico\/benavente-y-los-valles\/#breadcrumb\",\"itemListElement\":[{\"@type\":\"ListItem\",\"position\":1,\"name\":\"Portada\",\"item\":\"https:\/\/turismoenzamora.es\/\"},{\"@type\":\"ListItem\",\"position\":2,\"name\":\"Patrimonio Art\u00edstico\",\"item\":\"https:\/\/turismoenzamora.es\/en\/patrimonio-artistico\/\"},{\"@type\":\"ListItem\",\"position\":3,\"name\":\"Benavente y los Valles\"}]},{\"@type\":\"WebSite\",\"@id\":\"https:\/\/turismoenzamora.es\/pt\/#website\",\"url\":\"https:\/\/turismoenzamora.es\/pt\/\",\"name\":\"Turismo sostenible. Patronato de Turismo de la Diputaci\u00f3n de Zamora.&quot;Turismo Sostenible&quot;.\",\"description\":\"(Espa\u00f1ol) Turismo sostenible. Patronato de Turismo de la Diputaci\u00f3n de Zamora.&quot;Turismo Sostenible&quot;.\",\"publisher\":{\"@id\":\"https:\/\/turismoenzamora.es\/pt\/#organization\"},\"potentialAction\":[{\"@type\":\"SearchAction\",\"target\":{\"@type\":\"EntryPoint\",\"urlTemplate\":\"https:\/\/turismoenzamora.es\/pt\/?s={search_term_string}\"},\"query-input\":\"required name=search_term_string\"}],\"inLanguage\":\"zh-CN\"},{\"@type\":\"Organization\",\"@id\":\"https:\/\/turismoenzamora.es\/pt\/#organization\",\"name\":\"Patronato de Turismo de la Diputaci\u00f3n de Zamora\",\"url\":\"https:\/\/turismoenzamora.es\/pt\/\",\"logo\":{\"@type\":\"ImageObject\",\"inLanguage\":\"zh-CN\",\"@id\":\"https:\/\/turismoenzamora.es\/pt\/#\/schema\/logo\/image\/\",\"url\":\"https:\/\/turismoenzamora.es\/wp-content\/uploads\/2018\/06\/ZamoraLogo.png\",\"contentUrl\":\"https:\/\/turismoenzamora.es\/wp-content\/uploads\/2018\/06\/ZamoraLogo.png\",\"width\":1276,\"height\":290,\"caption\":\"Patronato de Turismo de la Diputaci\u00f3n de Zamora\"},\"image\":{\"@id\":\"https:\/\/turismoenzamora.es\/pt\/#\/schema\/logo\/image\/\"},\"sameAs\":[\"https:\/\/www.facebook.com\/ZamoraSpain\/\",\"https:\/\/x.com\/ZamoraSpain\",\"https:\/\/www.instagram.com\/turismoenzamora.es\/\",\"https:\/\/www.pinterest.es\/TurismoenZamora\/\",\"https:\/\/www.youtube.com\/channel\/UC2bOyOZ-2cLm-uXlBFYUV9w\"]}]}<\/script>\n<!-- \/ Yoast SEO plugin. -->","yoast_head_json":{"title":"Turismo de Zamora , Turismo Sostenible","description":"Esta es la p\u00e1gina Oficial de Turismo de Diputaci\u00f3n de Zamora, donde podr\u00e1 encontrar toda la informaci\u00f3n para disfrutar al m\u00e1ximo de nuestra provincia.","robots":{"index":"index","follow":"follow","max-snippet":"max-snippet:-1","max-image-preview":"max-image-preview:large","max-video-preview":"max-video-preview:-1"},"canonical":"https:\/\/turismoenzamora.es\/fr\/patrimonio-artistico\/benavente-y-los-valles\/","og_locale":"zh_CN","og_type":"article","og_title":"Turismo de Zamora , Turismo Sostenible","og_description":"Esta es la p\u00e1gina Oficial de Turismo de Diputaci\u00f3n de Zamora, donde podr\u00e1 encontrar toda la informaci\u00f3n para disfrutar al m\u00e1ximo de nuestra provincia.","og_url":"https:\/\/turismoenzamora.es\/fr\/patrimonio-artistico\/benavente-y-los-valles\/","og_site_name":"(Espa\u00f1ol) Turismo sostenible. Patronato de Turismo de la Diputaci\u00f3n de Zamora.&quot;Turismo Sostenible&quot;.","article_publisher":"https:\/\/www.facebook.com\/ZamoraSpain\/","article_modified_time":"2021-09-01T14:38:08+00:00","og_image":[{"url":"https:\/\/turismoenzamora.es\/wp-content\/uploads\/2017\/08\/Benavente_y_los_Valles_1-300x198.jpg"}],"twitter_card":"summary_large_image","twitter_site":"@ZamoraSpain","twitter_misc":{"\u9884\u8ba1\u9605\u8bfb\u65f6\u95f4":"11\u5206"},"schema":{"@context":"https:\/\/schema.org","@graph":[{"@type":"WebPage","@id":"https:\/\/turismoenzamora.es\/fr\/patrimonio-artistico\/benavente-y-los-valles\/","url":"https:\/\/turismoenzamora.es\/fr\/patrimonio-artistico\/benavente-y-los-valles\/","name":"Turismo de Zamora , Turismo Sostenible","isPartOf":{"@id":"https:\/\/turismoenzamora.es\/pt\/#website"},"primaryImageOfPage":{"@id":"https:\/\/turismoenzamora.es\/fr\/patrimonio-artistico\/benavente-y-los-valles\/#primaryimage"},"image":{"@id":"https:\/\/turismoenzamora.es\/fr\/patrimonio-artistico\/benavente-y-los-valles\/#primaryimage"},"thumbnailUrl":"https:\/\/turismoenzamora.es\/wp-content\/uploads\/2017\/08\/Benavente_y_los_Valles_1-300x198.jpg","datePublished":"2017-08-07T09:02:36+00:00","dateModified":"2021-09-01T14:38:08+00:00","description":"Esta es la p\u00e1gina Oficial de Turismo de Diputaci\u00f3n de Zamora, donde podr\u00e1 encontrar toda la informaci\u00f3n para disfrutar al m\u00e1ximo de nuestra provincia.","breadcrumb":{"@id":"https:\/\/turismoenzamora.es\/fr\/patrimonio-artistico\/benavente-y-los-valles\/#breadcrumb"},"inLanguage":"zh-CN","potentialAction":[{"@type":"ReadAction","target":["https:\/\/turismoenzamora.es\/fr\/patrimonio-artistico\/benavente-y-los-valles\/"]}]},{"@type":"ImageObject","inLanguage":"zh-CN","@id":"https:\/\/turismoenzamora.es\/fr\/patrimonio-artistico\/benavente-y-los-valles\/#primaryimage","url":"https:\/\/turismoenzamora.es\/wp-content\/uploads\/2017\/08\/Benavente_y_los_Valles_1-300x198.jpg","contentUrl":"https:\/\/turismoenzamora.es\/wp-content\/uploads\/2017\/08\/Benavente_y_los_Valles_1-300x198.jpg"},{"@type":"BreadcrumbList","@id":"https:\/\/turismoenzamora.es\/fr\/patrimonio-artistico\/benavente-y-los-valles\/#breadcrumb","itemListElement":[{"@type":"ListItem","position":1,"name":"Portada","item":"https:\/\/turismoenzamora.es\/"},{"@type":"ListItem","position":2,"name":"Patrimonio Art\u00edstico","item":"https:\/\/turismoenzamora.es\/en\/patrimonio-artistico\/"},{"@type":"ListItem","position":3,"name":"Benavente y los Valles"}]},{"@type":"WebSite","@id":"https:\/\/turismoenzamora.es\/pt\/#website","url":"https:\/\/turismoenzamora.es\/pt\/","name":"Turismo sostenible. Patronato de Turismo de la Diputaci\u00f3n de Zamora.&quot;Turismo Sostenible&quot;.","description":"(Espa\u00f1ol) Turismo sostenible. Patronato de Turismo de la Diputaci\u00f3n de Zamora.&quot;Turismo Sostenible&quot;.","publisher":{"@id":"https:\/\/turismoenzamora.es\/pt\/#organization"},"potentialAction":[{"@type":"SearchAction","target":{"@type":"EntryPoint","urlTemplate":"https:\/\/turismoenzamora.es\/pt\/?s={search_term_string}"},"query-input":"required name=search_term_string"}],"inLanguage":"zh-CN"},{"@type":"Organization","@id":"https:\/\/turismoenzamora.es\/pt\/#organization","name":"Patronato de Turismo de la Diputaci\u00f3n de Zamora","url":"https:\/\/turismoenzamora.es\/pt\/","logo":{"@type":"ImageObject","inLanguage":"zh-CN","@id":"https:\/\/turismoenzamora.es\/pt\/#\/schema\/logo\/image\/","url":"https:\/\/turismoenzamora.es\/wp-content\/uploads\/2018\/06\/ZamoraLogo.png","contentUrl":"https:\/\/turismoenzamora.es\/wp-content\/uploads\/2018\/06\/ZamoraLogo.png","width":1276,"height":290,"caption":"Patronato de Turismo de la Diputaci\u00f3n de Zamora"},"image":{"@id":"https:\/\/turismoenzamora.es\/pt\/#\/schema\/logo\/image\/"},"sameAs":["https:\/\/www.facebook.com\/ZamoraSpain\/","https:\/\/x.com\/ZamoraSpain","https:\/\/www.instagram.com\/turismoenzamora.es\/","https:\/\/www.pinterest.es\/TurismoenZamora\/","https:\/\/www.youtube.com\/channel\/UC2bOyOZ-2cLm-uXlBFYUV9w"]}]}},"_links":{"self":[{"href":"https:\/\/turismoenzamora.es\/zh\/wp-json\/wp\/v2\/pages\/150"}],"collection":[{"href":"https:\/\/turismoenzamora.es\/zh\/wp-json\/wp\/v2\/pages"}],"about":[{"href":"https:\/\/turismoenzamora.es\/zh\/wp-json\/wp\/v2\/types\/page"}],"author":[{"embeddable":true,"href":"https:\/\/turismoenzamora.es\/zh\/wp-json\/wp\/v2\/users\/1"}],"replies":[{"embeddable":true,"href":"https:\/\/turismoenzamora.es\/zh\/wp-json\/wp\/v2\/comments?post=150"}],"version-history":[{"count":0,"href":"https:\/\/turismoenzamora.es\/zh\/wp-json\/wp\/v2\/pages\/150\/revisions"}],"up":[{"embeddable":true,"href":"https:\/\/turismoenzamora.es\/zh\/wp-json\/wp\/v2\/pages\/82"}],"wp:attachment":[{"href":"https:\/\/turismoenzamora.es\/zh\/wp-json\/wp\/v2\/media?parent=150"}],"curies":[{"name":"wp","href":"https:\/\/api.w.org\/{rel}","templated":true}]}}