{"id":148,"date":"2017-08-07T11:02:14","date_gmt":"2017-08-07T09:02:14","guid":{"rendered":"https:\/\/newweb.turismoenzamora.es\/?page_id=148"},"modified":"2021-09-01T16:44:13","modified_gmt":"2021-09-01T14:44:13","slug":"aliste-tabara-y-alba","status":"publish","type":"page","link":"https:\/\/turismoenzamora.es\/zh\/patrimonio-artistico\/aliste-tabara-y-alba\/","title":{"rendered":"(Espa\u00f1ol) Aliste, T\u00e1bara y Alba"},"content":{"rendered":"<p><\/p>\n<h1>Aliste, T\u00e1bara y Alba<br \/>\n\u963f\u5229\u65af\u7279\u3001\u977c\u5df4\u62c9\u3001\u963f\u5c14\u5df4\u5730\u533a<\/h1>\n<p>&nbsp;<\/p>\n<p><img fetchpriority=\"high\" decoding=\"async\" class=\"aligncenter size-full wp-image-6884\" src=\"https:\/\/turismoenzamora.es\/wp-content\/uploads\/2017\/08\/Patrimonio-Art\u00edstico-Aliste-T\u00e1bara-y-Alba.jpg\" alt=\"\" width=\"900\" height=\"597\" data-id=\"6884\" srcset=\"https:\/\/turismoenzamora.es\/wp-content\/uploads\/2017\/08\/Patrimonio-Art\u00edstico-Aliste-T\u00e1bara-y-Alba.jpg 900w, https:\/\/turismoenzamora.es\/wp-content\/uploads\/2017\/08\/Patrimonio-Art\u00edstico-Aliste-T\u00e1bara-y-Alba-300x199.jpg 300w, https:\/\/turismoenzamora.es\/wp-content\/uploads\/2017\/08\/Patrimonio-Art\u00edstico-Aliste-T\u00e1bara-y-Alba-768x509.jpg 768w\" sizes=\"(max-width: 900px) 100vw, 900px\" \/><\/p>\n<p>&nbsp;<\/p>\n<p style=\"text-align: justify;\">\u5728\u8fd9\u79cd\u2f24\u2f83\u7136\u62e5\u62b1\u2f08\u7c7b\u53f2\u7684\u7279\u6b8a\u5730\u533a\uff0c<br \/>\nSanta Cruz de los Cu\u00e9rragos\u7edd\u5bf9\u662f\u2f00\u4e2a\uff0c<br \/>\n\u503c\u5f97\u2f00\u53bb\u7684\u5730\u2f45\u3002\u8fd9\u2f29\u2f29\u7684\u5730\u2f45\uff0c\u4f60\u80fd\u770b\u5230<br \/>\n\u5386\u53f2\u9057\u8ff9\uff0c\u2f83\u7136\u2edb\u5149\uff0c\u540d\u65cf\u2f42\u5316\uff0c\u4f20\u7edf\u5c4b<br \/>\n\u820d\u3002\u8fd9\u2fa5\u2f4a\u5236\u7684\u4f20\u7edf\u2f29\u5c4b\uff0c\u2fca\u2f8a\u7684\u2f6f\u677f\u5c4b<br \/>\n\u9876\uff0c\u4e0e\u2f24\u2f83\u7136\u548c\u8c10\u7edf\u2f00\u3002\u56e0\u6b64\uff0c\u8fd9\u2fa5\u4e5f\u88ab\u5361<br \/>\n\u65af\u8482\u5229\u4e9a\u96f7\u6602\u7701\u8bc4\u9009\u4e3a\u201cBien de Inter\u00e9s<br \/>\nCultural \u201d\uff08\u2ec4\u73ed\u2f5b\u56fd\u5bb6\u7ea7\u2f42\u7269\u4fdd\u62a4\u8ba1\u5212\uff09\uff0c<br \/>\n\u4f4d\u4e8e\u540d\u65cf\u5b66\u2f6c\u5f55\u4e2d\u3002<\/p>\n<p>&nbsp;<\/p>\n<p><img decoding=\"async\" class=\"size-medium wp-image-517 alignleft\" src=\"https:\/\/turismoenzamora.es\/wp-content\/uploads\/2017\/08\/aliste_tAbara_alba_2-300x237.jpg\" alt=\"\" width=\"300\" height=\"237\" srcset=\"https:\/\/turismoenzamora.es\/wp-content\/uploads\/2017\/08\/aliste_tAbara_alba_2-300x237.jpg 300w, https:\/\/turismoenzamora.es\/wp-content\/uploads\/2017\/08\/aliste_tAbara_alba_2-768x607.jpg 768w, https:\/\/turismoenzamora.es\/wp-content\/uploads\/2017\/08\/aliste_tAbara_alba_2-1024x809.jpg 1024w, https:\/\/turismoenzamora.es\/wp-content\/uploads\/2017\/08\/aliste_tAbara_alba_2-90x70.jpg 90w\" sizes=\"(max-width: 300px) 100vw, 300px\" \/><\/p>\n<p style=\"text-align: justify;\">\u977c\u5df4\u62c9\u662f\u8bd7\u2f08\u83b1\u6602\u00b7\u8d39\u5229\u4f69\uff08\u2ec4\u73ed\u2f5b\u6700\u53d7\u7231\u6234<br \/>\n\u7684\u8bd7\u2f08\u4e4b\u2f00\uff09\u7684\u51fa\u2f63\u5730\u3002\u8fd9\u2fa5\u7684\u7f57\u2ee2\u5f0f\u5723\u739b<br \/>\n\u4e3d\u4e9a\u6559\u5802\u5728\u5386\u53f2\u4e0a\u2fae\u5e38\u91cd\u8981\uff0c\u56e0\u4e3a\u6b64\u5730\u4fdd\u5b58<br \/>\n\u6709\u6700\u53e4\u2f7c\u4e14\u6700\u65e9\u7684\u2ec4\u73ed\u2f5b\u8bed\uff08\u5361\u65af\u8482\u5229\u4e9a<br \/>\n\u8bed\uff09\u8457\u4e66\u4e4b\u2f00\u3002<br \/>\n\u8fd9\u2fa5\u8fd8\u4fdd\u7559\u4e86\u8bb8\u591a\u4f20\u7edf\u5efa\u7b51\uff0c\u788e\u2f6f\u3001\u2f54\u2ecb\uff0c<br \/>\n\u53ef\u4ee5\u770b\u5230\u2f08\u7c7b\u7684\u2f63\u2f63\u4e0d\u606f\uff0c\u8fd9\u2fa5\u662f\u963f\u5229\u65af\u7279<br \/>\n\u5730\u533a\u6700\u7f8e\u4e3d\u7684\u4e61\u6751\u666f\u89c2\u4e4b\u2f00\u3002<\/p>\n<p style=\"text-align: justify;\">San Pedro de la Nave\u54e5\u7279\u6559\u5802\uff0c\u5efa\u4e8e680<br \/>\n\u5e74\u2f84711\u5e74\u95f4\u3002 \u5b83\u6700\u521d\u4f4d\u4e8e\uff08Esla\uff09\u827e\u4e1d\u62c9<br \/>\n\u6cb3\u7554\uff0c\u4f46\u572820\u4e16\u7eaa30\u5e74\u4ee3\u8fc1\u5740\u2f84El<br \/>\nCampillo\uff0c\u4e5f\u5c31\u662f\u73b0\u5728\u6559\u5802\u5750\u843d\u5730\u3002<br \/>\n\uff08Alca\u00f1ices\uff09\u963f\u5c14\u5361\u5c3c\u585e\u65af\u662f\u963f\u5229\u65af\u7279<br \/>\n\uff08Aliste\uff09\u7684\u2fb8\u5e9c\u3002 1297\u5e74\uff0c\u5361\u65af\u8482\u5229\u4e9a\u7684<br \/>\n\u8d39\u8fea\u5357\u5fb7\u56db\u4e16\u56fd\u738b\u548c\u8461\u8404\u2f5b\u7684\u8fea\u5965\u5c3c\u2ec4\u5965\u2f00<br \/>\n\u4e16\u56fd\u738b\u7b7e\u7f72\u4e86Alca\u00f1ices\u548c\u6218\u6761\u7ea6\uff0c\u4e8e\u662f\u5efa\u2f74<br \/>\n\u4e86\u2ec4\u73ed\u2f5b\u548c\u8461\u8404\u2f5b\u7684\u56fd\u754c\u3002 \u53e4\u57ce\u5899\u4e0a\u8fd8\u6709\u56db<br \/>\n\u4e2a\u5854\u697c\uff0c\u5176\u4e2d\u6700\u7740\u540d\u7684\u662fTorre del<br \/>\nReloj\uff08\u949f\u697c\uff09\u3002 \u5b83\u8fd8\u6709\u4e24\u4e2a\u6559\u5802\u3002\u2f00\u4e2a\u53ef<br \/>\n\u4ee5\u8ffd\u6eaf\u523016\u4e16\u7eaa\uff0c\u5c5e\u4e8e\u5723\u5f17\u6717\u2ec4\u65af\u79d1\u4fee\u9053<br \/>\n\u9662\uff1b\u53e6\u2f00\u4e2a\uff0c\u7ed3\u6784\u7b80\u5355\uff0c\u53ef\u4ee5\u8ffd\u6eaf\u523013\u4e16<br \/>\n\u7eaa\u3002<br \/>\n\u6211\u4eec\u8de8\u8fc7\u5ef6\u7ef5\u8d77\u4f0f\u7684\u2f2d\u5ce6\uff0c\u5728\u8fd9\u4e2a\u8fdc\u2f45\u2f29\u9547<br \/>\n\u505c\u4e0b\uff0c\u7ec6\u7ec6\u6b23\u8d4f\u5f53\u5730\u4f20\u7edf\u7684\u523a\u7ee3\u2f2f\u827a\u3001\u9676\u5668<br \/>\n\u2f54\u58f6\u3002\u8fd9\u4e9b\u7269\u4ef6\u5404\u4e2a\u90fd\u6709\u5176\u5947\u8da3\u7684\u8bbe\u8ba1\uff0c\u8fd9<br \/>\n\u4e5f\u662f\u8fd9\u2fa5\u4f20\u7edf\u2f63\u6d3b\u7684\u771f\u5b9e\u6837\u8c8c\u3002<\/p>\n<p><a href=\"https:\/\/turismoenzamora.es\/wp-content\/uploads\/2020\/02\/patrimonio-art\u00edstico.pdf\" target=\"_blank\" rel=\"noopener noreferrer\"><img decoding=\"async\" class=\"alignleft wp-image-4861 size-full\" src=\"https:\/\/turismoenzamora.es\/wp-content\/uploads\/2017\/08\/masinfo-1.png\" alt=\"M\u00e1s Informaci\u00f3n\" width=\"63\" height=\"32\" data-id=\"4861\"><\/a><\/p>","protected":false},"excerpt":{"rendered":"<p>Aliste, T\u00e1bara y Alba \u963f\u5229\u65af\u7279\u3001\u977c\u5df4\u62c9\u3001\u963f\u5c14\u5df4\u5730\u533a &nbsp; &nbsp; \u5728\u8fd9\u79cd\u2f24 [&hellip;]<\/p>\n","protected":false},"author":1,"featured_media":0,"parent":82,"menu_order":1,"comment_status":"closed","ping_status":"closed","template":"","meta":{"inline_featured_image":false,"site-sidebar-layout":"default","site-content-layout":"default","ast-site-content-layout":"","site-content-style":"default","site-sidebar-style":"default","ast-global-header-display":"","ast-banner-title-visibility":"","ast-main-header-display":"","ast-hfb-above-header-display":"","ast-hfb-below-header-display":"","ast-hfb-mobile-header-display":"","site-post-title":"disabled","ast-breadcrumbs-content":"","ast-featured-img":"","footer-sml-layout":"","theme-transparent-header-meta":"default","adv-header-id-meta":"","stick-header-meta":"","header-above-stick-meta":"","header-main-stick-meta":"","header-below-stick-meta":"","astra-migrate-meta-layouts":"default","ast-page-background-enabled":"default","ast-page-background-meta":{"desktop":{"background-color":"","background-image":"","background-repeat":"repeat","background-position":"center center","background-size":"auto","background-attachment":"scroll","background-type":"","background-media":"","overlay-type":"","overlay-color":"","overlay-opacity":"","overlay-gradient":""},"tablet":{"background-color":"","background-image":"","background-repeat":"repeat","background-position":"center center","background-size":"auto","background-attachment":"scroll","background-type":"","background-media":"","overlay-type":"","overlay-color":"","overlay-opacity":"","overlay-gradient":""},"mobile":{"background-color":"","background-image":"","background-repeat":"repeat","background-position":"center center","background-size":"auto","background-attachment":"scroll","background-type":"","background-media":"","overlay-type":"","overlay-color":"","overlay-opacity":"","overlay-gradient":""}},"ast-content-background-meta":{"desktop":{"background-color":"var(--ast-global-color-5)","background-image":"","background-repeat":"repeat","background-position":"center center","background-size":"auto","background-attachment":"scroll","background-type":"","background-media":"","overlay-type":"","overlay-color":"","overlay-opacity":"","overlay-gradient":""},"tablet":{"background-color":"var(--ast-global-color-5)","background-image":"","background-repeat":"repeat","background-position":"center center","background-size":"auto","background-attachment":"scroll","background-type":"","background-media":"","overlay-type":"","overlay-color":"","overlay-opacity":"","overlay-gradient":""},"mobile":{"background-color":"var(--ast-global-color-5)","background-image":"","background-repeat":"repeat","background-position":"center center","background-size":"auto","background-attachment":"scroll","background-type":"","background-media":"","overlay-type":"","overlay-color":"","overlay-opacity":"","overlay-gradient":""}},"ngg_post_thumbnail":0,"footnotes":""},"yoast_head":"<!-- This site is optimized with the Yoast SEO plugin v23.0 - https:\/\/yoast.com\/wordpress\/plugins\/seo\/ -->\n<title>Turismo de Zamora , Turismo Sostenible<\/title>\n<meta name=\"description\" content=\"Esta es la p\u00e1gina Oficial de Turismo de Diputaci\u00f3n de Zamora, donde podr\u00e1 encontrar toda la informaci\u00f3n para disfrutar al m\u00e1ximo de nuestra provincia.\" \/>\n<meta name=\"robots\" content=\"index, follow, max-snippet:-1, max-image-preview:large, max-video-preview:-1\" \/>\n<link rel=\"canonical\" href=\"https:\/\/turismoenzamora.es\/fr\/patrimonio-artistico\/aliste-tabara-y-alba\/\" \/>\n<meta property=\"og:locale\" content=\"zh_CN\" \/>\n<meta property=\"og:type\" content=\"article\" \/>\n<meta property=\"og:title\" content=\"Turismo de Zamora , Turismo Sostenible\" \/>\n<meta property=\"og:description\" content=\"Esta es la p\u00e1gina Oficial de Turismo de Diputaci\u00f3n de Zamora, donde podr\u00e1 encontrar toda la informaci\u00f3n para disfrutar al m\u00e1ximo de nuestra provincia.\" \/>\n<meta property=\"og:url\" content=\"https:\/\/turismoenzamora.es\/fr\/patrimonio-artistico\/aliste-tabara-y-alba\/\" \/>\n<meta property=\"og:site_name\" content=\"(Espa\u00f1ol) Turismo sostenible. Patronato de Turismo de la Diputaci\u00f3n de Zamora.&quot;Turismo Sostenible&quot;.\" \/>\n<meta property=\"article:publisher\" content=\"https:\/\/www.facebook.com\/ZamoraSpain\/\" \/>\n<meta property=\"article:modified_time\" content=\"2021-09-01T14:44:13+00:00\" \/>\n<meta property=\"og:image\" content=\"https:\/\/turismoenzamora.es\/wp-content\/uploads\/2017\/08\/aliste_tAbara_alba_2-300x237.jpg\" \/>\n<meta name=\"twitter:card\" content=\"summary_large_image\" \/>\n<meta name=\"twitter:site\" content=\"@ZamoraSpain\" \/>\n<meta name=\"twitter:label1\" content=\"\u9884\u8ba1\u9605\u8bfb\u65f6\u95f4\" \/>\n\t<meta name=\"twitter:data1\" content=\"12\u5206\" \/>\n<script type=\"application\/ld+json\" class=\"yoast-schema-graph\">{\"@context\":\"https:\/\/schema.org\",\"@graph\":[{\"@type\":\"WebPage\",\"@id\":\"https:\/\/turismoenzamora.es\/fr\/patrimonio-artistico\/aliste-tabara-y-alba\/\",\"url\":\"https:\/\/turismoenzamora.es\/fr\/patrimonio-artistico\/aliste-tabara-y-alba\/\",\"name\":\"Turismo de Zamora , Turismo Sostenible\",\"isPartOf\":{\"@id\":\"https:\/\/turismoenzamora.es\/pt\/#website\"},\"primaryImageOfPage\":{\"@id\":\"https:\/\/turismoenzamora.es\/fr\/patrimonio-artistico\/aliste-tabara-y-alba\/#primaryimage\"},\"image\":{\"@id\":\"https:\/\/turismoenzamora.es\/fr\/patrimonio-artistico\/aliste-tabara-y-alba\/#primaryimage\"},\"thumbnailUrl\":\"https:\/\/turismoenzamora.es\/wp-content\/uploads\/2017\/08\/aliste_tAbara_alba_2-300x237.jpg\",\"datePublished\":\"2017-08-07T09:02:14+00:00\",\"dateModified\":\"2021-09-01T14:44:13+00:00\",\"description\":\"Esta es la p\u00e1gina Oficial de Turismo de Diputaci\u00f3n de Zamora, donde podr\u00e1 encontrar toda la informaci\u00f3n para disfrutar al m\u00e1ximo de nuestra provincia.\",\"breadcrumb\":{\"@id\":\"https:\/\/turismoenzamora.es\/fr\/patrimonio-artistico\/aliste-tabara-y-alba\/#breadcrumb\"},\"inLanguage\":\"zh-CN\",\"potentialAction\":[{\"@type\":\"ReadAction\",\"target\":[\"https:\/\/turismoenzamora.es\/fr\/patrimonio-artistico\/aliste-tabara-y-alba\/\"]}]},{\"@type\":\"ImageObject\",\"inLanguage\":\"zh-CN\",\"@id\":\"https:\/\/turismoenzamora.es\/fr\/patrimonio-artistico\/aliste-tabara-y-alba\/#primaryimage\",\"url\":\"https:\/\/turismoenzamora.es\/wp-content\/uploads\/2017\/08\/aliste_tAbara_alba_2-300x237.jpg\",\"contentUrl\":\"https:\/\/turismoenzamora.es\/wp-content\/uploads\/2017\/08\/aliste_tAbara_alba_2-300x237.jpg\"},{\"@type\":\"BreadcrumbList\",\"@id\":\"https:\/\/turismoenzamora.es\/fr\/patrimonio-artistico\/aliste-tabara-y-alba\/#breadcrumb\",\"itemListElement\":[{\"@type\":\"ListItem\",\"position\":1,\"name\":\"Portada\",\"item\":\"https:\/\/turismoenzamora.es\/\"},{\"@type\":\"ListItem\",\"position\":2,\"name\":\"Patrimonio Art\u00edstico\",\"item\":\"https:\/\/turismoenzamora.es\/en\/patrimonio-artistico\/\"},{\"@type\":\"ListItem\",\"position\":3,\"name\":\"Aliste, T\u00e1bara y Alba\"}]},{\"@type\":\"WebSite\",\"@id\":\"https:\/\/turismoenzamora.es\/pt\/#website\",\"url\":\"https:\/\/turismoenzamora.es\/pt\/\",\"name\":\"Turismo sostenible. Patronato de Turismo de la Diputaci\u00f3n de Zamora.&quot;Turismo Sostenible&quot;.\",\"description\":\"(Espa\u00f1ol) Turismo sostenible. Patronato de Turismo de la Diputaci\u00f3n de Zamora.&quot;Turismo Sostenible&quot;.\",\"publisher\":{\"@id\":\"https:\/\/turismoenzamora.es\/pt\/#organization\"},\"potentialAction\":[{\"@type\":\"SearchAction\",\"target\":{\"@type\":\"EntryPoint\",\"urlTemplate\":\"https:\/\/turismoenzamora.es\/pt\/?s={search_term_string}\"},\"query-input\":\"required name=search_term_string\"}],\"inLanguage\":\"zh-CN\"},{\"@type\":\"Organization\",\"@id\":\"https:\/\/turismoenzamora.es\/pt\/#organization\",\"name\":\"Patronato de Turismo de la Diputaci\u00f3n de Zamora\",\"url\":\"https:\/\/turismoenzamora.es\/pt\/\",\"logo\":{\"@type\":\"ImageObject\",\"inLanguage\":\"zh-CN\",\"@id\":\"https:\/\/turismoenzamora.es\/pt\/#\/schema\/logo\/image\/\",\"url\":\"https:\/\/turismoenzamora.es\/wp-content\/uploads\/2018\/06\/ZamoraLogo.png\",\"contentUrl\":\"https:\/\/turismoenzamora.es\/wp-content\/uploads\/2018\/06\/ZamoraLogo.png\",\"width\":1276,\"height\":290,\"caption\":\"Patronato de Turismo de la Diputaci\u00f3n de Zamora\"},\"image\":{\"@id\":\"https:\/\/turismoenzamora.es\/pt\/#\/schema\/logo\/image\/\"},\"sameAs\":[\"https:\/\/www.facebook.com\/ZamoraSpain\/\",\"https:\/\/x.com\/ZamoraSpain\",\"https:\/\/www.instagram.com\/turismoenzamora.es\/\",\"https:\/\/www.pinterest.es\/TurismoenZamora\/\",\"https:\/\/www.youtube.com\/channel\/UC2bOyOZ-2cLm-uXlBFYUV9w\"]}]}<\/script>\n<!-- \/ Yoast SEO plugin. -->","yoast_head_json":{"title":"Turismo de Zamora , Turismo Sostenible","description":"Esta es la p\u00e1gina Oficial de Turismo de Diputaci\u00f3n de Zamora, donde podr\u00e1 encontrar toda la informaci\u00f3n para disfrutar al m\u00e1ximo de nuestra provincia.","robots":{"index":"index","follow":"follow","max-snippet":"max-snippet:-1","max-image-preview":"max-image-preview:large","max-video-preview":"max-video-preview:-1"},"canonical":"https:\/\/turismoenzamora.es\/fr\/patrimonio-artistico\/aliste-tabara-y-alba\/","og_locale":"zh_CN","og_type":"article","og_title":"Turismo de Zamora , Turismo Sostenible","og_description":"Esta es la p\u00e1gina Oficial de Turismo de Diputaci\u00f3n de Zamora, donde podr\u00e1 encontrar toda la informaci\u00f3n para disfrutar al m\u00e1ximo de nuestra provincia.","og_url":"https:\/\/turismoenzamora.es\/fr\/patrimonio-artistico\/aliste-tabara-y-alba\/","og_site_name":"(Espa\u00f1ol) Turismo sostenible. Patronato de Turismo de la Diputaci\u00f3n de Zamora.&quot;Turismo Sostenible&quot;.","article_publisher":"https:\/\/www.facebook.com\/ZamoraSpain\/","article_modified_time":"2021-09-01T14:44:13+00:00","og_image":[{"url":"https:\/\/turismoenzamora.es\/wp-content\/uploads\/2017\/08\/aliste_tAbara_alba_2-300x237.jpg"}],"twitter_card":"summary_large_image","twitter_site":"@ZamoraSpain","twitter_misc":{"\u9884\u8ba1\u9605\u8bfb\u65f6\u95f4":"12\u5206"},"schema":{"@context":"https:\/\/schema.org","@graph":[{"@type":"WebPage","@id":"https:\/\/turismoenzamora.es\/fr\/patrimonio-artistico\/aliste-tabara-y-alba\/","url":"https:\/\/turismoenzamora.es\/fr\/patrimonio-artistico\/aliste-tabara-y-alba\/","name":"Turismo de Zamora , Turismo Sostenible","isPartOf":{"@id":"https:\/\/turismoenzamora.es\/pt\/#website"},"primaryImageOfPage":{"@id":"https:\/\/turismoenzamora.es\/fr\/patrimonio-artistico\/aliste-tabara-y-alba\/#primaryimage"},"image":{"@id":"https:\/\/turismoenzamora.es\/fr\/patrimonio-artistico\/aliste-tabara-y-alba\/#primaryimage"},"thumbnailUrl":"https:\/\/turismoenzamora.es\/wp-content\/uploads\/2017\/08\/aliste_tAbara_alba_2-300x237.jpg","datePublished":"2017-08-07T09:02:14+00:00","dateModified":"2021-09-01T14:44:13+00:00","description":"Esta es la p\u00e1gina Oficial de Turismo de Diputaci\u00f3n de Zamora, donde podr\u00e1 encontrar toda la informaci\u00f3n para disfrutar al m\u00e1ximo de nuestra provincia.","breadcrumb":{"@id":"https:\/\/turismoenzamora.es\/fr\/patrimonio-artistico\/aliste-tabara-y-alba\/#breadcrumb"},"inLanguage":"zh-CN","potentialAction":[{"@type":"ReadAction","target":["https:\/\/turismoenzamora.es\/fr\/patrimonio-artistico\/aliste-tabara-y-alba\/"]}]},{"@type":"ImageObject","inLanguage":"zh-CN","@id":"https:\/\/turismoenzamora.es\/fr\/patrimonio-artistico\/aliste-tabara-y-alba\/#primaryimage","url":"https:\/\/turismoenzamora.es\/wp-content\/uploads\/2017\/08\/aliste_tAbara_alba_2-300x237.jpg","contentUrl":"https:\/\/turismoenzamora.es\/wp-content\/uploads\/2017\/08\/aliste_tAbara_alba_2-300x237.jpg"},{"@type":"BreadcrumbList","@id":"https:\/\/turismoenzamora.es\/fr\/patrimonio-artistico\/aliste-tabara-y-alba\/#breadcrumb","itemListElement":[{"@type":"ListItem","position":1,"name":"Portada","item":"https:\/\/turismoenzamora.es\/"},{"@type":"ListItem","position":2,"name":"Patrimonio Art\u00edstico","item":"https:\/\/turismoenzamora.es\/en\/patrimonio-artistico\/"},{"@type":"ListItem","position":3,"name":"Aliste, T\u00e1bara y Alba"}]},{"@type":"WebSite","@id":"https:\/\/turismoenzamora.es\/pt\/#website","url":"https:\/\/turismoenzamora.es\/pt\/","name":"Turismo sostenible. Patronato de Turismo de la Diputaci\u00f3n de Zamora.&quot;Turismo Sostenible&quot;.","description":"(Espa\u00f1ol) Turismo sostenible. Patronato de Turismo de la Diputaci\u00f3n de Zamora.&quot;Turismo Sostenible&quot;.","publisher":{"@id":"https:\/\/turismoenzamora.es\/pt\/#organization"},"potentialAction":[{"@type":"SearchAction","target":{"@type":"EntryPoint","urlTemplate":"https:\/\/turismoenzamora.es\/pt\/?s={search_term_string}"},"query-input":"required name=search_term_string"}],"inLanguage":"zh-CN"},{"@type":"Organization","@id":"https:\/\/turismoenzamora.es\/pt\/#organization","name":"Patronato de Turismo de la Diputaci\u00f3n de Zamora","url":"https:\/\/turismoenzamora.es\/pt\/","logo":{"@type":"ImageObject","inLanguage":"zh-CN","@id":"https:\/\/turismoenzamora.es\/pt\/#\/schema\/logo\/image\/","url":"https:\/\/turismoenzamora.es\/wp-content\/uploads\/2018\/06\/ZamoraLogo.png","contentUrl":"https:\/\/turismoenzamora.es\/wp-content\/uploads\/2018\/06\/ZamoraLogo.png","width":1276,"height":290,"caption":"Patronato de Turismo de la Diputaci\u00f3n de Zamora"},"image":{"@id":"https:\/\/turismoenzamora.es\/pt\/#\/schema\/logo\/image\/"},"sameAs":["https:\/\/www.facebook.com\/ZamoraSpain\/","https:\/\/x.com\/ZamoraSpain","https:\/\/www.instagram.com\/turismoenzamora.es\/","https:\/\/www.pinterest.es\/TurismoenZamora\/","https:\/\/www.youtube.com\/channel\/UC2bOyOZ-2cLm-uXlBFYUV9w"]}]}},"_links":{"self":[{"href":"https:\/\/turismoenzamora.es\/zh\/wp-json\/wp\/v2\/pages\/148"}],"collection":[{"href":"https:\/\/turismoenzamora.es\/zh\/wp-json\/wp\/v2\/pages"}],"about":[{"href":"https:\/\/turismoenzamora.es\/zh\/wp-json\/wp\/v2\/types\/page"}],"author":[{"embeddable":true,"href":"https:\/\/turismoenzamora.es\/zh\/wp-json\/wp\/v2\/users\/1"}],"replies":[{"embeddable":true,"href":"https:\/\/turismoenzamora.es\/zh\/wp-json\/wp\/v2\/comments?post=148"}],"version-history":[{"count":0,"href":"https:\/\/turismoenzamora.es\/zh\/wp-json\/wp\/v2\/pages\/148\/revisions"}],"up":[{"embeddable":true,"href":"https:\/\/turismoenzamora.es\/zh\/wp-json\/wp\/v2\/pages\/82"}],"wp:attachment":[{"href":"https:\/\/turismoenzamora.es\/zh\/wp-json\/wp\/v2\/media?parent=148"}],"curies":[{"name":"wp","href":"https:\/\/api.w.org\/{rel}","templated":true}]}}