{"id":146,"date":"2017-08-07T11:01:53","date_gmt":"2017-08-07T09:01:53","guid":{"rendered":"https:\/\/newweb.turismoenzamora.es\/?page_id=146"},"modified":"2021-09-01T16:39:53","modified_gmt":"2021-09-01T14:39:53","slug":"sanabria-carballeda","status":"publish","type":"page","link":"https:\/\/turismoenzamora.es\/zh\/patrimonio-artistico\/sanabria-carballeda\/","title":{"rendered":"Sanabria-Carballeda"},"content":{"rendered":"<p><\/p>\n<h1>Sanabria-Carballeda<br \/>\n\u5723\u7eb3\u592b\u5229\u4e9a-\u5361\u5c14\u5df4\u8036\u8fbe\u5730\u533a<\/h1>\n<p><img fetchpriority=\"high\" decoding=\"async\" class=\"aligncenter size-full wp-image-6887\" src=\"https:\/\/turismoenzamora.es\/wp-content\/uploads\/2017\/08\/Patrimonio-Art\u00edstico-Sanabria-Carballeda.jpg\" alt=\"\" data-id=\"6887\" width=\"900\" height=\"600\" srcset=\"https:\/\/turismoenzamora.es\/wp-content\/uploads\/2017\/08\/Patrimonio-Art\u00edstico-Sanabria-Carballeda.jpg 900w, https:\/\/turismoenzamora.es\/wp-content\/uploads\/2017\/08\/Patrimonio-Art\u00edstico-Sanabria-Carballeda-300x200.jpg 300w, https:\/\/turismoenzamora.es\/wp-content\/uploads\/2017\/08\/Patrimonio-Art\u00edstico-Sanabria-Carballeda-768x512.jpg 768w\" sizes=\"(max-width: 900px) 100vw, 900px\" \/><\/p>\n<h1>&nbsp;<\/h1>\n<p>&nbsp;<\/p>\n<p style=\"text-align: justify;\">\u8457\u540d\u7684\u53e4\u51bb\u6e56\u5723\u7eb3\u592b\u5229\u4e9a\u6e56\u4ee5\u5317\u7684\u5730\u533a\uff0c\u88ab<br \/>\n\u79f0\u4e3a\u5723\u7eb3\u592b\u5229\u4e9a-\u5361\u5c14\u5df4\u8036\u8fbe\u5730\u533a\uff0c\u8fd9\u4e2a\u5730\u533a<br \/>\n\u4e0d\u4f46\u2f83\u7136\u2edb\u666f\u4f18\u7f8e\uff0c\u4e5f\u6709\u2f00\u4e9b\u2ed8\u5e74\u65c5\u820d\u5750<br \/>\n\u843d\uff0c\u4e0d\u4f46\u2f24\u2f83\u7136\u5145\u6ee1\u2f63\u673a\uff0c\u5404\u5730\u7684\u7231\u597d\u8005\u4e5f<br \/>\n\u662f\u7edc\u7ece\u4e0d\u7edd\u3002<br \/>\n\u5723\u7eb3\u592b\u5229\u4e9a\u2f29\u9547\uff08Puebla de Sanabria\uff09\u4e5f<br \/>\n\u662f\u2f00\u4e2a\u5386\u53f2-\u827a\u672f\u590d\u5408\u4f53\uff0c\u2f29\u9547\u2fbc\u4f4e\u5750\u843d\u7740\u2f00<br \/>\n\u5ea7\u5de8\u2f24\u7684\u57ce\u5821\uff0c\u5fae\u5fae\u9661\u5ced\u7684\u8857\u9053\u523b\u753b\u51fa\u4e2d\u4e16<br \/>\n\u7eaa\u7684\u6b27\u6d32\u2edb\u60c5\uff0c\u4f46\u4e5f\u4e0d\u8fc7\u5206\u5e84\u91cd\uff0c\u2f83\u7136\u6d41\u9732<br \/>\n\u51fa\u7684\u5386\u53f2\u611f\uff0c\u6d53\u90c1\u4e14\u8131\u4fd7\u3002\u636e\u8bf46\u4e16\u7eaa\u5f00\u59cb<br \/>\n\u5c31\u6709\u2f42\u732e\u8bb0\u5f55\u8fd9\u2f00\u91cd\u8981\u7684\u57ce\u9547\u5386\u53f2\u4e86\u3002<br \/>\n\u2f29\u9547\u867d\u2f29\uff0c\u4f46\u5de8\u2f24\u768412\u4e16\u7eaa\u7684\u6559\u5802Nuestra<br \/>\nSe\u00f1ora del Azogue\uff08\u543e\u4eec\u7684\u5723\u2f25\u963f\u7d22\u683c\u6559<br \/>\n\u5802\uff09\uff0c\u53ef\u4ee5\u8bf4\u8ba9\u2f08\u773c\u524d\u2f00\u4eae\u3002<br \/>\n\u4e2d\u2f3c\u533a\u57df\u7684\u5e02\u653f\u5385\u4e5f\u662f\u2f00\u4e2a15\u4e16\u7eaa\u7684\u4fdd\u62a4\u5efa<br \/>\n\u7b51\u3002<br \/>\n\u8de8\u6cb3\u6865\u4e5f\u662f\u4e2d\u4e16\u7eaa\u53e4\u5efa\u7b51\u3002\u5404\u5bb6\u5efa\u7b51\u4e5f\u90fd\u662f<br \/>\n\u7ecf\u5178\u7684\u5efa\u7b51\u827a\u672f\u6a21\u7248\uff0c\u2f6f\u5899\u3001\u2f4a\u2ed4\uff0c\u5e38\u5e38\u53ef<br \/>\n\u2ec5\u7684\u2f29\u732b\u90fd\u8ba9\u2f08\u89c9\u5f97\u6d41\u8fde\u5fd8\u8fd4\u3002<\/p>\n<p>&nbsp;<\/p>\n<p><img decoding=\"async\" class=\"size-medium wp-image-504 alignleft\" src=\"https:\/\/turismoenzamora.es\/wp-content\/uploads\/2017\/08\/Sanabria_Carballeda_2-300x199.jpg\" alt=\"\" width=\"300\" height=\"199\" srcset=\"https:\/\/turismoenzamora.es\/wp-content\/uploads\/2017\/08\/Sanabria_Carballeda_2-300x199.jpg 300w, https:\/\/turismoenzamora.es\/wp-content\/uploads\/2017\/08\/Sanabria_Carballeda_2-768x510.jpg 768w, https:\/\/turismoenzamora.es\/wp-content\/uploads\/2017\/08\/Sanabria_Carballeda_2-1024x680.jpg 1024w, https:\/\/turismoenzamora.es\/wp-content\/uploads\/2017\/08\/Sanabria_Carballeda_2-1170x780.jpg 1170w\" sizes=\"(max-width: 300px) 100vw, 300px\" \/><\/p>\n<p style=\"text-align: justify;\">\u9644\u8fd1\u7684La Alcobilla\u4e5f\u662f\u2f00\u4e2a\u4ece16\u4e16\u7eaa\u5c31\u5b58\u5728<br \/>\n\u4e86\u7684\u4f20\u8bf4\u4e4b\u5730\uff0c\u8fd9\u2fa5\u5750\u62e5\u7740\u2f46\u6570\u767e\u5e74\u6b27\u6d32\u6817<br \/>\n\u6811\uff0c\u2f65\u56ed\u8bd7\u822c\u7684\u2f83\u7136\u7f8e\u666f\uff0c\u8ba9\u2f08\u5fd8\u5374\u2f00\u5207\u70e6<br \/>\n\u607c\u3002<br \/>\n\u8fd9\u5ea7\u7ecf\u8fc7\u7b80\u5355\u4fee\u7f2e\u7684\u2f29\u2f29\u53e4\u9547\uff0c\u8fd8\u62e5\u6709\u2f00\u5ea7<br \/>\n\u5f53\u5730\u535a\u7269\u9986\uff0c\u4ee5\u53ca\u2f24\u2f24\u2f29\u2f29\u7684\u9910\u5385\u548c\u2f45\u4fbf\u2f0a<br \/>\n\u4f4f\u7684\u5404\u2f8a\u65c5\u793e\u3002\u2f832017\u5e74\u8d77\uff0c\u4ed6\u88ab\u51a0\u4e8e\u201c\u2ec4<br \/>\n\u73ed\u2f5b\u6700\u7f8e\u2f29\u9547\u201d\u7684\u79f0\u53f7\u3002<br \/>\n\u8fd9\u53e4\u2f7c\u7684\u2f29\u9547\uff0c\u2f84\u4eca\u4f9d\u65e7\u662f\u795e\u91c7\u5955\u5955\u3002<\/p>\n<p><a href=\"https:\/\/turismoenzamora.es\/wp-content\/uploads\/2020\/02\/Patrimonio-sostenible.pdf\" target=\"_blank\" rel=\"noopener noreferrer\"><img decoding=\"async\" class=\"alignleft wp-image-4861 size-full\" src=\"https:\/\/turismoenzamora.es\/wp-content\/uploads\/2017\/08\/masinfo-1.png\" alt=\"M\u00e1s Informaci\u00f3n\" data-id=\"4861\" width=\"63\" height=\"32\"><\/a><\/p>\n<p><\/p>","protected":false},"excerpt":{"rendered":"<p>Sanabria-Carballeda \u5723\u7eb3\u592b\u5229\u4e9a-\u5361\u5c14\u5df4\u8036\u8fbe\u5730\u533a &nbsp; &nbsp; \u8457\u540d\u7684\u53e4\u51bb\u6e56\u5723 [&hellip;]<\/p>\n","protected":false},"author":1,"featured_media":0,"parent":82,"menu_order":4,"comment_status":"closed","ping_status":"closed","template":"","meta":{"inline_featured_image":false,"site-sidebar-layout":"default","site-content-layout":"default","ast-site-content-layout":"","site-content-style":"default","site-sidebar-style":"default","ast-global-header-display":"","ast-banner-title-visibility":"","ast-main-header-display":"","ast-hfb-above-header-display":"","ast-hfb-below-header-display":"","ast-hfb-mobile-header-display":"","site-post-title":"disabled","ast-breadcrumbs-content":"","ast-featured-img":"","footer-sml-layout":"","theme-transparent-header-meta":"default","adv-header-id-meta":"","stick-header-meta":"","header-above-stick-meta":"","header-main-stick-meta":"","header-below-stick-meta":"","astra-migrate-meta-layouts":"default","ast-page-background-enabled":"default","ast-page-background-meta":{"desktop":{"background-color":"","background-image":"","background-repeat":"repeat","background-position":"center center","background-size":"auto","background-attachment":"scroll","background-type":"","background-media":"","overlay-type":"","overlay-color":"","overlay-opacity":"","overlay-gradient":""},"tablet":{"background-color":"","background-image":"","background-repeat":"repeat","background-position":"center center","background-size":"auto","background-attachment":"scroll","background-type":"","background-media":"","overlay-type":"","overlay-color":"","overlay-opacity":"","overlay-gradient":""},"mobile":{"background-color":"","background-image":"","background-repeat":"repeat","background-position":"center center","background-size":"auto","background-attachment":"scroll","background-type":"","background-media":"","overlay-type":"","overlay-color":"","overlay-opacity":"","overlay-gradient":""}},"ast-content-background-meta":{"desktop":{"background-color":"var(--ast-global-color-5)","background-image":"","background-repeat":"repeat","background-position":"center center","background-size":"auto","background-attachment":"scroll","background-type":"","background-media":"","overlay-type":"","overlay-color":"","overlay-opacity":"","overlay-gradient":""},"tablet":{"background-color":"var(--ast-global-color-5)","background-image":"","background-repeat":"repeat","background-position":"center center","background-size":"auto","background-attachment":"scroll","background-type":"","background-media":"","overlay-type":"","overlay-color":"","overlay-opacity":"","overlay-gradient":""},"mobile":{"background-color":"var(--ast-global-color-5)","background-image":"","background-repeat":"repeat","background-position":"center center","background-size":"auto","background-attachment":"scroll","background-type":"","background-media":"","overlay-type":"","overlay-color":"","overlay-opacity":"","overlay-gradient":""}},"ngg_post_thumbnail":0,"footnotes":""},"yoast_head":"<!-- This site is optimized with the Yoast SEO plugin v23.0 - https:\/\/yoast.com\/wordpress\/plugins\/seo\/ -->\n<title>Turismo de Zamora , Turismo Sostenible<\/title>\n<meta name=\"description\" content=\"Esta es la p\u00e1gina Oficial de Turismo de Diputaci\u00f3n de Zamora, donde podr\u00e1 encontrar toda la informaci\u00f3n para disfrutar al m\u00e1ximo de nuestra provincia.\" \/>\n<meta name=\"robots\" content=\"index, follow, max-snippet:-1, max-image-preview:large, max-video-preview:-1\" \/>\n<link rel=\"canonical\" href=\"https:\/\/turismoenzamora.es\/patrimonio-artistico\/sanabria-carballeda\/\" \/>\n<meta property=\"og:locale\" content=\"zh_CN\" \/>\n<meta property=\"og:type\" content=\"article\" \/>\n<meta property=\"og:title\" content=\"Turismo de Zamora , Turismo Sostenible\" \/>\n<meta property=\"og:description\" content=\"Esta es la p\u00e1gina Oficial de Turismo de Diputaci\u00f3n de Zamora, donde podr\u00e1 encontrar toda la informaci\u00f3n para disfrutar al m\u00e1ximo de nuestra provincia.\" \/>\n<meta property=\"og:url\" content=\"https:\/\/turismoenzamora.es\/patrimonio-artistico\/sanabria-carballeda\/\" \/>\n<meta property=\"og:site_name\" content=\"(Espa\u00f1ol) Turismo sostenible. Patronato de Turismo de la Diputaci\u00f3n de Zamora.&quot;Turismo Sostenible&quot;.\" \/>\n<meta property=\"article:publisher\" content=\"https:\/\/www.facebook.com\/ZamoraSpain\/\" \/>\n<meta property=\"article:modified_time\" content=\"2021-09-01T14:39:53+00:00\" \/>\n<meta property=\"og:image\" content=\"https:\/\/turismoenzamora.es\/wp-content\/uploads\/2017\/08\/Sanabria_Carballeda_2-300x199.jpg\" \/>\n<meta name=\"twitter:card\" content=\"summary_large_image\" \/>\n<meta name=\"twitter:site\" content=\"@ZamoraSpain\" \/>\n<meta name=\"twitter:label1\" content=\"\u9884\u8ba1\u9605\u8bfb\u65f6\u95f4\" \/>\n\t<meta name=\"twitter:data1\" content=\"11\u5206\" \/>\n<script type=\"application\/ld+json\" class=\"yoast-schema-graph\">{\"@context\":\"https:\/\/schema.org\",\"@graph\":[{\"@type\":\"WebPage\",\"@id\":\"https:\/\/turismoenzamora.es\/patrimonio-artistico\/sanabria-carballeda\/\",\"url\":\"https:\/\/turismoenzamora.es\/patrimonio-artistico\/sanabria-carballeda\/\",\"name\":\"Turismo de Zamora , Turismo Sostenible\",\"isPartOf\":{\"@id\":\"https:\/\/turismoenzamora.es\/pt\/#website\"},\"primaryImageOfPage\":{\"@id\":\"https:\/\/turismoenzamora.es\/patrimonio-artistico\/sanabria-carballeda\/#primaryimage\"},\"image\":{\"@id\":\"https:\/\/turismoenzamora.es\/patrimonio-artistico\/sanabria-carballeda\/#primaryimage\"},\"thumbnailUrl\":\"https:\/\/turismoenzamora.es\/wp-content\/uploads\/2017\/08\/Sanabria_Carballeda_2-300x199.jpg\",\"datePublished\":\"2017-08-07T09:01:53+00:00\",\"dateModified\":\"2021-09-01T14:39:53+00:00\",\"description\":\"Esta es la p\u00e1gina Oficial de Turismo de Diputaci\u00f3n de Zamora, donde podr\u00e1 encontrar toda la informaci\u00f3n para disfrutar al m\u00e1ximo de nuestra provincia.\",\"breadcrumb\":{\"@id\":\"https:\/\/turismoenzamora.es\/patrimonio-artistico\/sanabria-carballeda\/#breadcrumb\"},\"inLanguage\":\"zh-CN\",\"potentialAction\":[{\"@type\":\"ReadAction\",\"target\":[\"https:\/\/turismoenzamora.es\/patrimonio-artistico\/sanabria-carballeda\/\"]}]},{\"@type\":\"ImageObject\",\"inLanguage\":\"zh-CN\",\"@id\":\"https:\/\/turismoenzamora.es\/patrimonio-artistico\/sanabria-carballeda\/#primaryimage\",\"url\":\"https:\/\/turismoenzamora.es\/wp-content\/uploads\/2017\/08\/Sanabria_Carballeda_2-300x199.jpg\",\"contentUrl\":\"https:\/\/turismoenzamora.es\/wp-content\/uploads\/2017\/08\/Sanabria_Carballeda_2-300x199.jpg\"},{\"@type\":\"BreadcrumbList\",\"@id\":\"https:\/\/turismoenzamora.es\/patrimonio-artistico\/sanabria-carballeda\/#breadcrumb\",\"itemListElement\":[{\"@type\":\"ListItem\",\"position\":1,\"name\":\"Portada\",\"item\":\"https:\/\/turismoenzamora.es\/\"},{\"@type\":\"ListItem\",\"position\":2,\"name\":\"Patrimonio Art\u00edstico\",\"item\":\"https:\/\/turismoenzamora.es\/en\/patrimonio-artistico\/\"},{\"@type\":\"ListItem\",\"position\":3,\"name\":\"Sanabria-Carballeda\"}]},{\"@type\":\"WebSite\",\"@id\":\"https:\/\/turismoenzamora.es\/pt\/#website\",\"url\":\"https:\/\/turismoenzamora.es\/pt\/\",\"name\":\"Turismo sostenible. Patronato de Turismo de la Diputaci\u00f3n de Zamora.&quot;Turismo Sostenible&quot;.\",\"description\":\"(Espa\u00f1ol) Turismo sostenible. Patronato de Turismo de la Diputaci\u00f3n de Zamora.&quot;Turismo Sostenible&quot;.\",\"publisher\":{\"@id\":\"https:\/\/turismoenzamora.es\/pt\/#organization\"},\"potentialAction\":[{\"@type\":\"SearchAction\",\"target\":{\"@type\":\"EntryPoint\",\"urlTemplate\":\"https:\/\/turismoenzamora.es\/pt\/?s={search_term_string}\"},\"query-input\":\"required name=search_term_string\"}],\"inLanguage\":\"zh-CN\"},{\"@type\":\"Organization\",\"@id\":\"https:\/\/turismoenzamora.es\/pt\/#organization\",\"name\":\"Patronato de Turismo de la Diputaci\u00f3n de Zamora\",\"url\":\"https:\/\/turismoenzamora.es\/pt\/\",\"logo\":{\"@type\":\"ImageObject\",\"inLanguage\":\"zh-CN\",\"@id\":\"https:\/\/turismoenzamora.es\/pt\/#\/schema\/logo\/image\/\",\"url\":\"https:\/\/turismoenzamora.es\/wp-content\/uploads\/2018\/06\/ZamoraLogo.png\",\"contentUrl\":\"https:\/\/turismoenzamora.es\/wp-content\/uploads\/2018\/06\/ZamoraLogo.png\",\"width\":1276,\"height\":290,\"caption\":\"Patronato de Turismo de la Diputaci\u00f3n de Zamora\"},\"image\":{\"@id\":\"https:\/\/turismoenzamora.es\/pt\/#\/schema\/logo\/image\/\"},\"sameAs\":[\"https:\/\/www.facebook.com\/ZamoraSpain\/\",\"https:\/\/x.com\/ZamoraSpain\",\"https:\/\/www.instagram.com\/turismoenzamora.es\/\",\"https:\/\/www.pinterest.es\/TurismoenZamora\/\",\"https:\/\/www.youtube.com\/channel\/UC2bOyOZ-2cLm-uXlBFYUV9w\"]}]}<\/script>\n<!-- \/ Yoast SEO plugin. -->","yoast_head_json":{"title":"Turismo de Zamora , Turismo Sostenible","description":"Esta es la p\u00e1gina Oficial de Turismo de Diputaci\u00f3n de Zamora, donde podr\u00e1 encontrar toda la informaci\u00f3n para disfrutar al m\u00e1ximo de nuestra provincia.","robots":{"index":"index","follow":"follow","max-snippet":"max-snippet:-1","max-image-preview":"max-image-preview:large","max-video-preview":"max-video-preview:-1"},"canonical":"https:\/\/turismoenzamora.es\/patrimonio-artistico\/sanabria-carballeda\/","og_locale":"zh_CN","og_type":"article","og_title":"Turismo de Zamora , Turismo Sostenible","og_description":"Esta es la p\u00e1gina Oficial de Turismo de Diputaci\u00f3n de Zamora, donde podr\u00e1 encontrar toda la informaci\u00f3n para disfrutar al m\u00e1ximo de nuestra provincia.","og_url":"https:\/\/turismoenzamora.es\/patrimonio-artistico\/sanabria-carballeda\/","og_site_name":"(Espa\u00f1ol) Turismo sostenible. Patronato de Turismo de la Diputaci\u00f3n de Zamora.&quot;Turismo Sostenible&quot;.","article_publisher":"https:\/\/www.facebook.com\/ZamoraSpain\/","article_modified_time":"2021-09-01T14:39:53+00:00","og_image":[{"url":"https:\/\/turismoenzamora.es\/wp-content\/uploads\/2017\/08\/Sanabria_Carballeda_2-300x199.jpg"}],"twitter_card":"summary_large_image","twitter_site":"@ZamoraSpain","twitter_misc":{"\u9884\u8ba1\u9605\u8bfb\u65f6\u95f4":"11\u5206"},"schema":{"@context":"https:\/\/schema.org","@graph":[{"@type":"WebPage","@id":"https:\/\/turismoenzamora.es\/patrimonio-artistico\/sanabria-carballeda\/","url":"https:\/\/turismoenzamora.es\/patrimonio-artistico\/sanabria-carballeda\/","name":"Turismo de Zamora , Turismo Sostenible","isPartOf":{"@id":"https:\/\/turismoenzamora.es\/pt\/#website"},"primaryImageOfPage":{"@id":"https:\/\/turismoenzamora.es\/patrimonio-artistico\/sanabria-carballeda\/#primaryimage"},"image":{"@id":"https:\/\/turismoenzamora.es\/patrimonio-artistico\/sanabria-carballeda\/#primaryimage"},"thumbnailUrl":"https:\/\/turismoenzamora.es\/wp-content\/uploads\/2017\/08\/Sanabria_Carballeda_2-300x199.jpg","datePublished":"2017-08-07T09:01:53+00:00","dateModified":"2021-09-01T14:39:53+00:00","description":"Esta es la p\u00e1gina Oficial de Turismo de Diputaci\u00f3n de Zamora, donde podr\u00e1 encontrar toda la informaci\u00f3n para disfrutar al m\u00e1ximo de nuestra provincia.","breadcrumb":{"@id":"https:\/\/turismoenzamora.es\/patrimonio-artistico\/sanabria-carballeda\/#breadcrumb"},"inLanguage":"zh-CN","potentialAction":[{"@type":"ReadAction","target":["https:\/\/turismoenzamora.es\/patrimonio-artistico\/sanabria-carballeda\/"]}]},{"@type":"ImageObject","inLanguage":"zh-CN","@id":"https:\/\/turismoenzamora.es\/patrimonio-artistico\/sanabria-carballeda\/#primaryimage","url":"https:\/\/turismoenzamora.es\/wp-content\/uploads\/2017\/08\/Sanabria_Carballeda_2-300x199.jpg","contentUrl":"https:\/\/turismoenzamora.es\/wp-content\/uploads\/2017\/08\/Sanabria_Carballeda_2-300x199.jpg"},{"@type":"BreadcrumbList","@id":"https:\/\/turismoenzamora.es\/patrimonio-artistico\/sanabria-carballeda\/#breadcrumb","itemListElement":[{"@type":"ListItem","position":1,"name":"Portada","item":"https:\/\/turismoenzamora.es\/"},{"@type":"ListItem","position":2,"name":"Patrimonio Art\u00edstico","item":"https:\/\/turismoenzamora.es\/en\/patrimonio-artistico\/"},{"@type":"ListItem","position":3,"name":"Sanabria-Carballeda"}]},{"@type":"WebSite","@id":"https:\/\/turismoenzamora.es\/pt\/#website","url":"https:\/\/turismoenzamora.es\/pt\/","name":"Turismo sostenible. Patronato de Turismo de la Diputaci\u00f3n de Zamora.&quot;Turismo Sostenible&quot;.","description":"(Espa\u00f1ol) Turismo sostenible. Patronato de Turismo de la Diputaci\u00f3n de Zamora.&quot;Turismo Sostenible&quot;.","publisher":{"@id":"https:\/\/turismoenzamora.es\/pt\/#organization"},"potentialAction":[{"@type":"SearchAction","target":{"@type":"EntryPoint","urlTemplate":"https:\/\/turismoenzamora.es\/pt\/?s={search_term_string}"},"query-input":"required name=search_term_string"}],"inLanguage":"zh-CN"},{"@type":"Organization","@id":"https:\/\/turismoenzamora.es\/pt\/#organization","name":"Patronato de Turismo de la Diputaci\u00f3n de Zamora","url":"https:\/\/turismoenzamora.es\/pt\/","logo":{"@type":"ImageObject","inLanguage":"zh-CN","@id":"https:\/\/turismoenzamora.es\/pt\/#\/schema\/logo\/image\/","url":"https:\/\/turismoenzamora.es\/wp-content\/uploads\/2018\/06\/ZamoraLogo.png","contentUrl":"https:\/\/turismoenzamora.es\/wp-content\/uploads\/2018\/06\/ZamoraLogo.png","width":1276,"height":290,"caption":"Patronato de Turismo de la Diputaci\u00f3n de Zamora"},"image":{"@id":"https:\/\/turismoenzamora.es\/pt\/#\/schema\/logo\/image\/"},"sameAs":["https:\/\/www.facebook.com\/ZamoraSpain\/","https:\/\/x.com\/ZamoraSpain","https:\/\/www.instagram.com\/turismoenzamora.es\/","https:\/\/www.pinterest.es\/TurismoenZamora\/","https:\/\/www.youtube.com\/channel\/UC2bOyOZ-2cLm-uXlBFYUV9w"]}]}},"_links":{"self":[{"href":"https:\/\/turismoenzamora.es\/zh\/wp-json\/wp\/v2\/pages\/146"}],"collection":[{"href":"https:\/\/turismoenzamora.es\/zh\/wp-json\/wp\/v2\/pages"}],"about":[{"href":"https:\/\/turismoenzamora.es\/zh\/wp-json\/wp\/v2\/types\/page"}],"author":[{"embeddable":true,"href":"https:\/\/turismoenzamora.es\/zh\/wp-json\/wp\/v2\/users\/1"}],"replies":[{"embeddable":true,"href":"https:\/\/turismoenzamora.es\/zh\/wp-json\/wp\/v2\/comments?post=146"}],"version-history":[{"count":0,"href":"https:\/\/turismoenzamora.es\/zh\/wp-json\/wp\/v2\/pages\/146\/revisions"}],"up":[{"embeddable":true,"href":"https:\/\/turismoenzamora.es\/zh\/wp-json\/wp\/v2\/pages\/82"}],"wp:attachment":[{"href":"https:\/\/turismoenzamora.es\/zh\/wp-json\/wp\/v2\/media?parent=146"}],"curies":[{"name":"wp","href":"https:\/\/api.w.org\/{rel}","templated":true}]}}