{"id":141,"date":"2017-08-07T10:53:14","date_gmt":"2017-08-07T08:53:14","guid":{"rendered":"https:\/\/newweb.turismoenzamora.es\/?page_id=141"},"modified":"2021-09-01T16:35:15","modified_gmt":"2021-09-01T14:35:15","slug":"sierra-de-la-culebra","status":"publish","type":"page","link":"https:\/\/turismoenzamora.es\/zh\/patrimonio-natural\/sierra-de-la-culebra\/","title":{"rendered":"Sierra de la Culebra"},"content":{"rendered":"<p><\/p>\n<h1>Sierra de la Culebra<br \/>\n\u5e93\u83b1\u5e03\u62c9\u2f2d\u8109<\/h1>\n<p><img fetchpriority=\"high\" decoding=\"async\" class=\"aligncenter size-full wp-image-6926\" src=\"https:\/\/turismoenzamora.es\/wp-content\/uploads\/2017\/08\/Patrimonio-naturalsierraculebra.jpg\" alt=\"\" width=\"900\" height=\"350\" data-id=\"6926\" srcset=\"https:\/\/turismoenzamora.es\/wp-content\/uploads\/2017\/08\/Patrimonio-naturalsierraculebra.jpg 900w, https:\/\/turismoenzamora.es\/wp-content\/uploads\/2017\/08\/Patrimonio-naturalsierraculebra-300x117.jpg 300w, https:\/\/turismoenzamora.es\/wp-content\/uploads\/2017\/08\/Patrimonio-naturalsierraculebra-768x299.jpg 768w\" sizes=\"(max-width: 900px) 100vw, 900px\" \/><\/p>\n<p>&nbsp;<\/p>\n<p style=\"text-align: justify;\">\u5728\u963f\u5229\u65af\u7279\u2f2d\uff08Aliste\uff09\uff0c\u8428\u7eb3\u592b\u2fa5\u4e9a\u2f2d \uff08Sanabria\uff09\u548c\u8461\u8404\u2f5b\u201c\u2f2d\u540e\u201d\uff08Tras Os Montes\uff09\u2f2d\u533a\u7684\u73af\u7ed5\u4e0b\uff0c\u7684\u5e93\u83b1\u5e03\u62c9\u2f2d\u8109 \uff08Sierra de la Culebra\uff09\u62d4\u5730\u2f7d\u8d77\u3002\u8fd9\u4e5f\u662f\u2f00\u4e2a \u8986\u76d665891\u516c\u9877\u7684\u72e9\u730e\u4fdd\u62a4\u533a\u3002 \u5e93\u83b1\u5e03\u62c9\u2f2d\u8109\u7684 \u5b57\u2faf\u542b\u4e49\u662f\u201c\u86c7\u2f2d\u201d\uff0c\u8fd9\u4e2a\u540d\u5b57\u5c31\u662f\u2f08\u4eec\u5bf9\u5176\u7684\u81f4 \u656c\uff0c\u81f4\u656c\u90a3\u7ef5\u5ef6\u5343\u2fa5\u7684\u2f2d\u8109\u3002 \u76f8\u2f50\u8428\u7eb3\u592b\u2fa5\u4e9a\u2f2d\u7684\u2fbc\u8038\u2f0a\u4e91\uff0c\u5e93\u83b1\u5e03\u62c9\u2f2d\u8109\u5219 \u5730\u52bf\u5e73\u5766\u4e14\u6d77\u62d4\u8f83\u4f4e\u3002\u6700\u2fbc\u5cf0\u7684\u2f76\u62c9\u5cf0\uff08Pe\u00f1a Mira\uff09\u4e5f\u53ea\u67091243\u2f76\u3002\u4e0d\u8fc7\u56e0\u4e3a\u6574\u4f53\u5e73\u5766\u5f00 \u9614\uff0c\u6240\u4ee5\u7ad9\u5728\u2f76\u62c9\u5cf0\u773a\u671b\u6f2b\u6f2b\u2f2d\u2f95\uff0c\u666f\u2f8a\u5b9c\u2f08\uff0c \u8ba9\u2f08\u795e\u6e05\u2f53\u723d\u3002 <img decoding=\"async\" class=\"size-medium wp-image-489 alignright\" src=\"https:\/\/turismoenzamora.es\/wp-content\/uploads\/2017\/08\/Sierra_de_la_Culebra_2-300x200.jpg\" alt=\"\" width=\"300\" height=\"200\" srcset=\"https:\/\/turismoenzamora.es\/wp-content\/uploads\/2017\/08\/Sierra_de_la_Culebra_2-300x200.jpg 300w, https:\/\/turismoenzamora.es\/wp-content\/uploads\/2017\/08\/Sierra_de_la_Culebra_2.jpg 750w\" sizes=\"(max-width: 300px) 100vw, 300px\" \/>\u5728\u2f76\u62c9\u5cf0\u7684\u89c2\u666f\u53f0\u4e0a\u2f29\u606f\u4e4b\u540e\uff0c\u968f\u7740\u65c5\u7a0b\u7684\u6df1 \u2f0a\uff0c\u4f60\u4f1a\u53d1\u73b0\u6b64\u5730\u539f\u6765\u8fd8\u8fde\u63a5\u7740\u53e6\u2f00\u4e2a\u2f83\u7136\u516c \u56ed\uff0c\u90a3\u662f\u8461\u8404\u2f5b\u8fc7\u5883\u5185\u7684\u8499\u7279\u2ec4\u8bfa\u65af\u56fd\u5bb6\u2f83\u7136\u516c \u56ed\uff08Montesinhos\uff09\u3002\u2f00\u5982\u5176\u4ed6\u7684\u2f2d\u2f95\u6cb3\u5ddd\uff0c\u8fd9 \u2fa5\u7684\u2f54\u8def\u5c06\u2f2d\u2f95\u5207\u5f00\uff0c\u96d5\u7422\u51fa\u5d0e\u5c96\u7684\u2f2d\u8def\u6cb3\u950b\u5229 \u7684\u2f2d\u5d16\uff0c\u5c81\u2f49\u7684\u4fb5\u8680\uff0c\u8bde\u2f63\u4e86\u2f46\u6570\u6cb3\u5ddd\u6eaa\u6d41\uff0c\u50cf \u5229\u65af\u7279\u2f2d\uff08Aliste\uff09\u7684\u963f\u2fa5\u65af\u7279\u6cb3\u7684\u53d1\u6e90\u5730\u5c31\u5728 \u8fd9\u2fa5\u3002<\/p>\n<p style=\"text-align: justify;\">\u5e93\u83b1\u5e03\u62c9\u2f2d\u8109\u62e5\u6709\u8005\u5e9e\u2f24\u4e30\u5bcc\u7684\u690d\u7269\u54c1\u79cd\uff0c\u5404\u7c7b \u677e\u6811\u6a61\u6811\u4ee5\u53ca\u6817\u6811\u56db\u5904\u53ef\u5bfb\uff0c\u5f53\u7136\u8fd8\u6709\u4e0d\u9976\u5982 molejo\u7b49\u5f53\u5730\u7269\u79cd\u3002\u8fd9\u7ed9\u8fdc\u9053\u2f7d\u6765\u7684\u53c2\u89c2\u8005\u5e26\u6765 \u4e86\u8bb8\u591a\u7f8e\u597d\u7684\u4f53\u9a8c\u3002 \u518d\u2f83\u7136\u4fdd\u62a4\u5c42\u2faf\u4e0a\uff0c\u91ce\u2f63\u72fc\u7fa4\u2f00\u76f4\u662f\u2fae\u5e38\u91cd\u8981\u7684 \u2f00\u73af\u3002\u8fd9\u4e2a\u56fd\u5bb6\u4fdd\u62a4\u533a\u5185\u5c31\u4ee5\u4f0a\u2f50\u5229\u4e9a\u72fc\u7684\u6570\u91cf \u2f7d\u4eab\u6709\u76db\u8a89\u3002\u5728\u72fc\u7684\u2f83\u7531\u5486\u54ee\u4e2d\uff0c\u68ee\u6797\u53e6\u2f00\u79cd\u5486 \u54ee\u5728\u6bcf\u5e7410\u2f49\u51fa\u73b0\uff0c\u90a3\u662f\u2fc5\u7684\u4ea4\u914d\u671f\u5230\u4e86\u3002\u968f\u7740 \u91ce\u2fc5\u7684\u2fc5\u2ec6\u649e\u51fb\u58f0\u548c\u5b83\u4eec\u7684\u4f4e\u543c\uff0c\u7ed9\u6211\u4eec\u63cf\u7ed8\u51fa \u4e86\u2f00\u526f\u2f24\u2f83\u7136\u6700\u539f\u59cb\u6700\u5947\u5999\u7684\u6837\u2f26\u3002 \u8fd9\u2fa5\u8fd8\u6709\u91ce\u732a\uff0c\u72cd\u2f26\uff0c\u72d0\u72f8\uff0c\u2f54\u736d\uff0c\u91ce\u732b\u6216\u737e\uff0c \u5b83\u4eec\u90fd\u6816\u606f\u5728\u8fd9\u2f5a\u2f1f\u5730\u4e0a\uff0c\u8fd9\u4e5f\u5411\u4f60\u5c55\u793a\u51fa\u5e93\u83b1 \u5e03\u62c9\u2f2d\u8109\u7684\u9a84\u50b2\uff0c\u8fd9\u2fa5\u662f\u5361\u65af\u8482\u4e9a\u548c\u83b1\u6602\u5730\u533a\u7269 \u79cd\u591a\u6837\u6027\u6700\u4e30\u5bcc\u7684\u5730\u2f45\u3002 \u5e93\u83b1\u5e03\u62c9\u2f2d\u8109\u662f\u91ce\u2f63\u52a8\u7269\u7231\u597d\u8005\u7684\u5723\u5730\uff0c\u7231\u597d\u8005 \u4eec\u524d\u6765\u89c2\u5bdf\u52a8\u690d\u7269\u79cd\u7fa4\uff0c\u4eab\u53d7\u2f24\u2f83\u7136\u5e26\u6765\u7684\u4e50 \u8da3\u3002\u5f53\u5730\u4e5f\u662f\u5b89\u6392\u6709\u89c2\u5bdf\u5730\uff0c\u8ba9\u2f08\u4eec\u80fd\u611f\u53d7\u5230\u91ce \u2f63\u52a8\u690d\u7269\u7684\u6d3b\u2f12\uff0c\u540c\u65f6\u4e0d\u53bb\u6253\u6270\u4ed6\u4eec\u7684\u2f63\u6d3b\u3002<\/p>\n<p>\u8425\u4e1a\u65f6\u95f4\u8868\u548c\u9884\u8ba2\u54a8\u8be2\uff0c\u8bf7\u67e5\u770b\u4ee5\u4e0b\u7684\u5f53\u5730\u2f79 \u7ad9\uff1a<a href=\"http:\/\/www.centrodellobo.es\">www.centrodellobo.es<\/a><\/p>\n<p>&nbsp;<\/p>\n<p><a href=\"https:\/\/turismoenzamora.es\/wp-content\/uploads\/2020\/02\/Interior.pdf\" target=\"_blank\" rel=\"noopener noreferrer\"><br \/>\n<img decoding=\"async\" class=\"wp-image-490 aligncenter\" src=\"https:\/\/turismoenzamora.es\/wp-content\/uploads\/2017\/08\/Sierra_de_la_Culebra_3-216x300.jpg\" alt=\"\" width=\"313\" height=\"434\" srcset=\"https:\/\/turismoenzamora.es\/wp-content\/uploads\/2017\/08\/Sierra_de_la_Culebra_3-216x300.jpg 216w, https:\/\/turismoenzamora.es\/wp-content\/uploads\/2017\/08\/Sierra_de_la_Culebra_3.jpg 375w\" sizes=\"(max-width: 313px) 100vw, 313px\" \/> <\/a><\/p>\n<p><\/p>","protected":false},"excerpt":{"rendered":"<p>Sierra de la Culebra \u5e93\u83b1\u5e03\u62c9\u2f2d\u8109 &nbsp; \u5728\u963f\u5229\u65af\u7279\u2f2d\uff08Aliste\uff09\uff0c\u8428\u7eb3\u592b\u2fa5\u4e9a [&hellip;]<\/p>\n","protected":false},"author":1,"featured_media":0,"parent":91,"menu_order":4,"comment_status":"closed","ping_status":"closed","template":"","meta":{"inline_featured_image":false,"site-sidebar-layout":"default","site-content-layout":"default","ast-site-content-layout":"","site-content-style":"default","site-sidebar-style":"default","ast-global-header-display":"","ast-banner-title-visibility":"","ast-main-header-display":"","ast-hfb-above-header-display":"","ast-hfb-below-header-display":"","ast-hfb-mobile-header-display":"","site-post-title":"disabled","ast-breadcrumbs-content":"","ast-featured-img":"","footer-sml-layout":"","theme-transparent-header-meta":"default","adv-header-id-meta":"","stick-header-meta":"","header-above-stick-meta":"","header-main-stick-meta":"","header-below-stick-meta":"","astra-migrate-meta-layouts":"default","ast-page-background-enabled":"default","ast-page-background-meta":{"desktop":{"background-color":"","background-image":"","background-repeat":"repeat","background-position":"center center","background-size":"auto","background-attachment":"scroll","background-type":"","background-media":"","overlay-type":"","overlay-color":"","overlay-opacity":"","overlay-gradient":""},"tablet":{"background-color":"","background-image":"","background-repeat":"repeat","background-position":"center center","background-size":"auto","background-attachment":"scroll","background-type":"","background-media":"","overlay-type":"","overlay-color":"","overlay-opacity":"","overlay-gradient":""},"mobile":{"background-color":"","background-image":"","background-repeat":"repeat","background-position":"center center","background-size":"auto","background-attachment":"scroll","background-type":"","background-media":"","overlay-type":"","overlay-color":"","overlay-opacity":"","overlay-gradient":""}},"ast-content-background-meta":{"desktop":{"background-color":"var(--ast-global-color-5)","background-image":"","background-repeat":"repeat","background-position":"center center","background-size":"auto","background-attachment":"scroll","background-type":"","background-media":"","overlay-type":"","overlay-color":"","overlay-opacity":"","overlay-gradient":""},"tablet":{"background-color":"var(--ast-global-color-5)","background-image":"","background-repeat":"repeat","background-position":"center center","background-size":"auto","background-attachment":"scroll","background-type":"","background-media":"","overlay-type":"","overlay-color":"","overlay-opacity":"","overlay-gradient":""},"mobile":{"background-color":"var(--ast-global-color-5)","background-image":"","background-repeat":"repeat","background-position":"center center","background-size":"auto","background-attachment":"scroll","background-type":"","background-media":"","overlay-type":"","overlay-color":"","overlay-opacity":"","overlay-gradient":""}},"ngg_post_thumbnail":0,"footnotes":""},"yoast_head":"<!-- This site is optimized with the Yoast SEO plugin v23.0 - https:\/\/yoast.com\/wordpress\/plugins\/seo\/ -->\n<title>Turismo de Zamora , Turismo Sostenible<\/title>\n<meta name=\"description\" content=\"Esta es la p\u00e1gina Oficial de Turismo de Diputaci\u00f3n de Zamora, donde podr\u00e1 encontrar toda la informaci\u00f3n para disfrutar al m\u00e1ximo de nuestra provincia.\" \/>\n<meta name=\"robots\" content=\"index, follow, max-snippet:-1, max-image-preview:large, max-video-preview:-1\" \/>\n<link rel=\"canonical\" href=\"https:\/\/turismoenzamora.es\/fr\/patrimonio-natural\/sierra-de-la-culebra\/\" \/>\n<meta property=\"og:locale\" content=\"zh_CN\" \/>\n<meta property=\"og:type\" content=\"article\" \/>\n<meta property=\"og:title\" content=\"Turismo de Zamora , Turismo Sostenible\" \/>\n<meta property=\"og:description\" content=\"Esta es la p\u00e1gina Oficial de Turismo de Diputaci\u00f3n de Zamora, donde podr\u00e1 encontrar toda la informaci\u00f3n para disfrutar al m\u00e1ximo de nuestra provincia.\" \/>\n<meta property=\"og:url\" content=\"https:\/\/turismoenzamora.es\/fr\/patrimonio-natural\/sierra-de-la-culebra\/\" \/>\n<meta property=\"og:site_name\" content=\"(Espa\u00f1ol) Turismo sostenible. Patronato de Turismo de la Diputaci\u00f3n de Zamora.&quot;Turismo Sostenible&quot;.\" \/>\n<meta property=\"article:publisher\" content=\"https:\/\/www.facebook.com\/ZamoraSpain\/\" \/>\n<meta property=\"article:modified_time\" content=\"2021-09-01T14:35:15+00:00\" \/>\n<meta property=\"og:image\" content=\"https:\/\/turismoenzamora.es\/wp-content\/uploads\/2017\/08\/Patrimonio-naturalsierraculebra.jpg\" \/>\n<meta name=\"twitter:card\" content=\"summary_large_image\" \/>\n<meta name=\"twitter:site\" content=\"@ZamoraSpain\" \/>\n<meta name=\"twitter:label1\" content=\"\u9884\u8ba1\u9605\u8bfb\u65f6\u95f4\" \/>\n\t<meta name=\"twitter:data1\" content=\"11\u5206\" \/>\n<script type=\"application\/ld+json\" class=\"yoast-schema-graph\">{\"@context\":\"https:\/\/schema.org\",\"@graph\":[{\"@type\":\"WebPage\",\"@id\":\"https:\/\/turismoenzamora.es\/fr\/patrimonio-natural\/sierra-de-la-culebra\/\",\"url\":\"https:\/\/turismoenzamora.es\/fr\/patrimonio-natural\/sierra-de-la-culebra\/\",\"name\":\"Turismo de Zamora , Turismo Sostenible\",\"isPartOf\":{\"@id\":\"https:\/\/turismoenzamora.es\/pt\/#website\"},\"primaryImageOfPage\":{\"@id\":\"https:\/\/turismoenzamora.es\/fr\/patrimonio-natural\/sierra-de-la-culebra\/#primaryimage\"},\"image\":{\"@id\":\"https:\/\/turismoenzamora.es\/fr\/patrimonio-natural\/sierra-de-la-culebra\/#primaryimage\"},\"thumbnailUrl\":\"https:\/\/turismoenzamora.es\/wp-content\/uploads\/2017\/08\/Patrimonio-naturalsierraculebra.jpg\",\"datePublished\":\"2017-08-07T08:53:14+00:00\",\"dateModified\":\"2021-09-01T14:35:15+00:00\",\"description\":\"Esta es la p\u00e1gina Oficial de Turismo de Diputaci\u00f3n de Zamora, donde podr\u00e1 encontrar toda la informaci\u00f3n para disfrutar al m\u00e1ximo de nuestra provincia.\",\"breadcrumb\":{\"@id\":\"https:\/\/turismoenzamora.es\/fr\/patrimonio-natural\/sierra-de-la-culebra\/#breadcrumb\"},\"inLanguage\":\"zh-CN\",\"potentialAction\":[{\"@type\":\"ReadAction\",\"target\":[\"https:\/\/turismoenzamora.es\/fr\/patrimonio-natural\/sierra-de-la-culebra\/\"]}]},{\"@type\":\"ImageObject\",\"inLanguage\":\"zh-CN\",\"@id\":\"https:\/\/turismoenzamora.es\/fr\/patrimonio-natural\/sierra-de-la-culebra\/#primaryimage\",\"url\":\"https:\/\/turismoenzamora.es\/wp-content\/uploads\/2017\/08\/Patrimonio-naturalsierraculebra.jpg\",\"contentUrl\":\"https:\/\/turismoenzamora.es\/wp-content\/uploads\/2017\/08\/Patrimonio-naturalsierraculebra.jpg\"},{\"@type\":\"BreadcrumbList\",\"@id\":\"https:\/\/turismoenzamora.es\/fr\/patrimonio-natural\/sierra-de-la-culebra\/#breadcrumb\",\"itemListElement\":[{\"@type\":\"ListItem\",\"position\":1,\"name\":\"Portada\",\"item\":\"https:\/\/turismoenzamora.es\/\"},{\"@type\":\"ListItem\",\"position\":2,\"name\":\"Patrimonio Natural\",\"item\":\"https:\/\/turismoenzamora.es\/fr\/patrimonio-natural\/\"},{\"@type\":\"ListItem\",\"position\":3,\"name\":\"Sierra de la Culebra\"}]},{\"@type\":\"WebSite\",\"@id\":\"https:\/\/turismoenzamora.es\/pt\/#website\",\"url\":\"https:\/\/turismoenzamora.es\/pt\/\",\"name\":\"Turismo sostenible. Patronato de Turismo de la Diputaci\u00f3n de Zamora.&quot;Turismo Sostenible&quot;.\",\"description\":\"(Espa\u00f1ol) Turismo sostenible. Patronato de Turismo de la Diputaci\u00f3n de Zamora.&quot;Turismo Sostenible&quot;.\",\"publisher\":{\"@id\":\"https:\/\/turismoenzamora.es\/pt\/#organization\"},\"potentialAction\":[{\"@type\":\"SearchAction\",\"target\":{\"@type\":\"EntryPoint\",\"urlTemplate\":\"https:\/\/turismoenzamora.es\/pt\/?s={search_term_string}\"},\"query-input\":\"required name=search_term_string\"}],\"inLanguage\":\"zh-CN\"},{\"@type\":\"Organization\",\"@id\":\"https:\/\/turismoenzamora.es\/pt\/#organization\",\"name\":\"Patronato de Turismo de la Diputaci\u00f3n de Zamora\",\"url\":\"https:\/\/turismoenzamora.es\/pt\/\",\"logo\":{\"@type\":\"ImageObject\",\"inLanguage\":\"zh-CN\",\"@id\":\"https:\/\/turismoenzamora.es\/pt\/#\/schema\/logo\/image\/\",\"url\":\"https:\/\/turismoenzamora.es\/wp-content\/uploads\/2018\/06\/ZamoraLogo.png\",\"contentUrl\":\"https:\/\/turismoenzamora.es\/wp-content\/uploads\/2018\/06\/ZamoraLogo.png\",\"width\":1276,\"height\":290,\"caption\":\"Patronato de Turismo de la Diputaci\u00f3n de Zamora\"},\"image\":{\"@id\":\"https:\/\/turismoenzamora.es\/pt\/#\/schema\/logo\/image\/\"},\"sameAs\":[\"https:\/\/www.facebook.com\/ZamoraSpain\/\",\"https:\/\/x.com\/ZamoraSpain\",\"https:\/\/www.instagram.com\/turismoenzamora.es\/\",\"https:\/\/www.pinterest.es\/TurismoenZamora\/\",\"https:\/\/www.youtube.com\/channel\/UC2bOyOZ-2cLm-uXlBFYUV9w\"]}]}<\/script>\n<!-- \/ Yoast SEO plugin. -->","yoast_head_json":{"title":"Turismo de Zamora , Turismo Sostenible","description":"Esta es la p\u00e1gina Oficial de Turismo de Diputaci\u00f3n de Zamora, donde podr\u00e1 encontrar toda la informaci\u00f3n para disfrutar al m\u00e1ximo de nuestra provincia.","robots":{"index":"index","follow":"follow","max-snippet":"max-snippet:-1","max-image-preview":"max-image-preview:large","max-video-preview":"max-video-preview:-1"},"canonical":"https:\/\/turismoenzamora.es\/fr\/patrimonio-natural\/sierra-de-la-culebra\/","og_locale":"zh_CN","og_type":"article","og_title":"Turismo de Zamora , Turismo Sostenible","og_description":"Esta es la p\u00e1gina Oficial de Turismo de Diputaci\u00f3n de Zamora, donde podr\u00e1 encontrar toda la informaci\u00f3n para disfrutar al m\u00e1ximo de nuestra provincia.","og_url":"https:\/\/turismoenzamora.es\/fr\/patrimonio-natural\/sierra-de-la-culebra\/","og_site_name":"(Espa\u00f1ol) Turismo sostenible. Patronato de Turismo de la Diputaci\u00f3n de Zamora.&quot;Turismo Sostenible&quot;.","article_publisher":"https:\/\/www.facebook.com\/ZamoraSpain\/","article_modified_time":"2021-09-01T14:35:15+00:00","og_image":[{"url":"https:\/\/turismoenzamora.es\/wp-content\/uploads\/2017\/08\/Patrimonio-naturalsierraculebra.jpg"}],"twitter_card":"summary_large_image","twitter_site":"@ZamoraSpain","twitter_misc":{"\u9884\u8ba1\u9605\u8bfb\u65f6\u95f4":"11\u5206"},"schema":{"@context":"https:\/\/schema.org","@graph":[{"@type":"WebPage","@id":"https:\/\/turismoenzamora.es\/fr\/patrimonio-natural\/sierra-de-la-culebra\/","url":"https:\/\/turismoenzamora.es\/fr\/patrimonio-natural\/sierra-de-la-culebra\/","name":"Turismo de Zamora , Turismo Sostenible","isPartOf":{"@id":"https:\/\/turismoenzamora.es\/pt\/#website"},"primaryImageOfPage":{"@id":"https:\/\/turismoenzamora.es\/fr\/patrimonio-natural\/sierra-de-la-culebra\/#primaryimage"},"image":{"@id":"https:\/\/turismoenzamora.es\/fr\/patrimonio-natural\/sierra-de-la-culebra\/#primaryimage"},"thumbnailUrl":"https:\/\/turismoenzamora.es\/wp-content\/uploads\/2017\/08\/Patrimonio-naturalsierraculebra.jpg","datePublished":"2017-08-07T08:53:14+00:00","dateModified":"2021-09-01T14:35:15+00:00","description":"Esta es la p\u00e1gina Oficial de Turismo de Diputaci\u00f3n de Zamora, donde podr\u00e1 encontrar toda la informaci\u00f3n para disfrutar al m\u00e1ximo de nuestra provincia.","breadcrumb":{"@id":"https:\/\/turismoenzamora.es\/fr\/patrimonio-natural\/sierra-de-la-culebra\/#breadcrumb"},"inLanguage":"zh-CN","potentialAction":[{"@type":"ReadAction","target":["https:\/\/turismoenzamora.es\/fr\/patrimonio-natural\/sierra-de-la-culebra\/"]}]},{"@type":"ImageObject","inLanguage":"zh-CN","@id":"https:\/\/turismoenzamora.es\/fr\/patrimonio-natural\/sierra-de-la-culebra\/#primaryimage","url":"https:\/\/turismoenzamora.es\/wp-content\/uploads\/2017\/08\/Patrimonio-naturalsierraculebra.jpg","contentUrl":"https:\/\/turismoenzamora.es\/wp-content\/uploads\/2017\/08\/Patrimonio-naturalsierraculebra.jpg"},{"@type":"BreadcrumbList","@id":"https:\/\/turismoenzamora.es\/fr\/patrimonio-natural\/sierra-de-la-culebra\/#breadcrumb","itemListElement":[{"@type":"ListItem","position":1,"name":"Portada","item":"https:\/\/turismoenzamora.es\/"},{"@type":"ListItem","position":2,"name":"Patrimonio Natural","item":"https:\/\/turismoenzamora.es\/fr\/patrimonio-natural\/"},{"@type":"ListItem","position":3,"name":"Sierra de la Culebra"}]},{"@type":"WebSite","@id":"https:\/\/turismoenzamora.es\/pt\/#website","url":"https:\/\/turismoenzamora.es\/pt\/","name":"Turismo sostenible. Patronato de Turismo de la Diputaci\u00f3n de Zamora.&quot;Turismo Sostenible&quot;.","description":"(Espa\u00f1ol) Turismo sostenible. Patronato de Turismo de la Diputaci\u00f3n de Zamora.&quot;Turismo Sostenible&quot;.","publisher":{"@id":"https:\/\/turismoenzamora.es\/pt\/#organization"},"potentialAction":[{"@type":"SearchAction","target":{"@type":"EntryPoint","urlTemplate":"https:\/\/turismoenzamora.es\/pt\/?s={search_term_string}"},"query-input":"required name=search_term_string"}],"inLanguage":"zh-CN"},{"@type":"Organization","@id":"https:\/\/turismoenzamora.es\/pt\/#organization","name":"Patronato de Turismo de la Diputaci\u00f3n de Zamora","url":"https:\/\/turismoenzamora.es\/pt\/","logo":{"@type":"ImageObject","inLanguage":"zh-CN","@id":"https:\/\/turismoenzamora.es\/pt\/#\/schema\/logo\/image\/","url":"https:\/\/turismoenzamora.es\/wp-content\/uploads\/2018\/06\/ZamoraLogo.png","contentUrl":"https:\/\/turismoenzamora.es\/wp-content\/uploads\/2018\/06\/ZamoraLogo.png","width":1276,"height":290,"caption":"Patronato de Turismo de la Diputaci\u00f3n de Zamora"},"image":{"@id":"https:\/\/turismoenzamora.es\/pt\/#\/schema\/logo\/image\/"},"sameAs":["https:\/\/www.facebook.com\/ZamoraSpain\/","https:\/\/x.com\/ZamoraSpain","https:\/\/www.instagram.com\/turismoenzamora.es\/","https:\/\/www.pinterest.es\/TurismoenZamora\/","https:\/\/www.youtube.com\/channel\/UC2bOyOZ-2cLm-uXlBFYUV9w"]}]}},"_links":{"self":[{"href":"https:\/\/turismoenzamora.es\/zh\/wp-json\/wp\/v2\/pages\/141"}],"collection":[{"href":"https:\/\/turismoenzamora.es\/zh\/wp-json\/wp\/v2\/pages"}],"about":[{"href":"https:\/\/turismoenzamora.es\/zh\/wp-json\/wp\/v2\/types\/page"}],"author":[{"embeddable":true,"href":"https:\/\/turismoenzamora.es\/zh\/wp-json\/wp\/v2\/users\/1"}],"replies":[{"embeddable":true,"href":"https:\/\/turismoenzamora.es\/zh\/wp-json\/wp\/v2\/comments?post=141"}],"version-history":[{"count":0,"href":"https:\/\/turismoenzamora.es\/zh\/wp-json\/wp\/v2\/pages\/141\/revisions"}],"up":[{"embeddable":true,"href":"https:\/\/turismoenzamora.es\/zh\/wp-json\/wp\/v2\/pages\/91"}],"wp:attachment":[{"href":"https:\/\/turismoenzamora.es\/zh\/wp-json\/wp\/v2\/media?parent=141"}],"curies":[{"name":"wp","href":"https:\/\/api.w.org\/{rel}","templated":true}]}}