{"id":139,"date":"2017-08-07T10:52:47","date_gmt":"2017-08-07T08:52:47","guid":{"rendered":"https:\/\/newweb.turismoenzamora.es\/?page_id=139"},"modified":"2021-09-01T16:36:15","modified_gmt":"2021-09-01T14:36:15","slug":"villafafila","status":"publish","type":"page","link":"https:\/\/turismoenzamora.es\/zh\/patrimonio-natural\/villafafila\/","title":{"rendered":"Villaf\u00e1fila"},"content":{"rendered":"<p><\/p>\n<h1>Villaf\u00e1fila<br \/>\n\u2f50\u5229\u4e9a\u6cd5\u83f2\u62c9\u5b57\u2f83\u7136\u4fdd\u62a4\u533a<\/h1>\n<p><img fetchpriority=\"high\" decoding=\"async\" class=\"aligncenter size-full wp-image-6928\" src=\"https:\/\/turismoenzamora.es\/wp-content\/uploads\/2017\/08\/Patrimonio-naturalvillafafila.jpg\" alt=\"\" width=\"900\" height=\"600\" data-id=\"6928\" srcset=\"https:\/\/turismoenzamora.es\/wp-content\/uploads\/2017\/08\/Patrimonio-naturalvillafafila.jpg 900w, https:\/\/turismoenzamora.es\/wp-content\/uploads\/2017\/08\/Patrimonio-naturalvillafafila-300x200.jpg 300w, https:\/\/turismoenzamora.es\/wp-content\/uploads\/2017\/08\/Patrimonio-naturalvillafafila-768x512.jpg 768w\" sizes=\"(max-width: 900px) 100vw, 900px\" \/><\/p>\n<p style=\"text-align: justify;\">\u2f50\u5229\u4e9a\u6cd5\u83f2\u62c9\u2f83\u7136\u4fdd\u62a4\u533a\u5750\u843d\u4e8e\u8428\u83ab\u62c9\u7684\u4e1c\u5317\u5730 \u533a\uff0c\u6574\u4e2a\u2f50\u5229\u4e9a\u6cd5\u83f2\u62c9\u2f83\u7136\u4fdd\u62a4\u533a\u7684\u6838\u2f3c\uff0c\u662f\u2f50 \u5229\u4e9a\u6cd5\u83f2\u62c9\u5185\u9646\u6cfb\u6e56\u3002\u5b83\u4e0d\u4f46\u662f\u5f53\u5730\u6709\u540d\u7684\u72e9\u730e \u4fdd\u62a4\u4e2d\u2f3c\uff0c\u4e5f\u662f\u4f0a\u2f50\u5229\u4e9a\u534a\u5c9b\u7684\u2ee6\u7c7b\u6e7f\u5730\u2f63\u6001\u4fdd \u62a4\u533a\u3002 \u5f62\u6210\u8fd9\u4e2a\u5185\u9646\u6cfb\u6e56\u7684\u539f\u56e0\uff0c\u662f\u56e0\u4e3a\u8fd9\u7684\u5730\u52bf\u2fae\u5e38 \u5e73\u5766\u4e14\u5bbd\u9614\uff0c\u8fc7\u53bb\u5206\u88c2\u7684\u2f00\u4e2a\u4e2a\u2f29\u6e56\uff0c\u968f\u7740\u65f6\u95f4 \u7684\u6d41\u901d\u9010\u6e10\u6c47\u805a\u8d77\u6765\uff0c\u8fd9\u624d\u5f62\u6210\u4e86\u4eca\u5929\u8fd9\u4e2a\u5de8\u2f24 \u7684\u5185\u9646\u54b8\u2f54\u6e56\u3002\u8fd9\u2f5a\u795e\u5947\u7684\u6e7f\u5730\uff0c\u4e0d\u4f46\u662f\u4f0a\u2f50\u5229 \u4e9a\u534a\u5c9b\u5185\u2f17\u5206\u91cd\u8981\u7684\u79bd\u7c7b\u6816\u606f\u5730\uff0c\u4e5f\u662f\u6574\u4e2a\u6b27\u6d32 \u5c42\u2faf\u2f7d\u2f94\uff0c\u90fd\u2fae\u5e38\u91cd\u8981\u7684\u7efc\u5408\u578b\u6e7f\u5730\u3002 \u8fd9\u2fa5\u7684\u6c99\u8d28\u2f1f\u58e4\u548c\u76d0\u2f6f\u7684\u7279\u6027\uff0c\u4e5f\u5e2e\u52a9\u4e86\u4fdd\u7559\u4f4f \u2f54\u5206\uff0c\u5f97\u4ee5\u8ba9\u6b64\u5730\u7684\u6e7f\u5730\u4fdd\u6301\u826f\u597d\u7684\u2f63\u6001\u6761\u4ef6\uff0c \u7ed9\u4e88\u2ee6\u7c7b\u63d0\u4f9b\u4e86\u2f00\u4e2a\u91cd\u8981\u7684\u6816\u606f\u5730\u3002<\/p>\n<p>&nbsp;<\/p>\n<p><img decoding=\"async\" class=\" wp-image-475 alignleft\" src=\"https:\/\/turismoenzamora.es\/wp-content\/uploads\/2017\/08\/Villaf\u00e1fila_2-300x134.jpg\" alt=\"\" width=\"278\" height=\"124\" srcset=\"https:\/\/turismoenzamora.es\/wp-content\/uploads\/2017\/08\/Villaf\u00e1fila_2-300x134.jpg 300w, https:\/\/turismoenzamora.es\/wp-content\/uploads\/2017\/08\/Villaf\u00e1fila_2-768x343.jpg 768w, https:\/\/turismoenzamora.es\/wp-content\/uploads\/2017\/08\/Villaf\u00e1fila_2-1024x458.jpg 1024w, https:\/\/turismoenzamora.es\/wp-content\/uploads\/2017\/08\/Villaf\u00e1fila_2.jpg 1496w\" sizes=\"(max-width: 278px) 100vw, 278px\" \/><\/p>\n<p style=\"text-align: justify;\">\u8fd9\u2fa5\u7684\u65c5\u6e38\u9879\u2f6c\u4fbf\u662f\u201c\u89c2\u2ee6\u201d\u3002\u90a3\u4ec0\u4e48\u65f6\u5019\u6700\u9002\u5408 \u6765\u8fd9\u2fa5\u89c2\u91ce\u2f63\u2ee6\u7c7b\u5462\uff1f \u79cb\u5929\u6216\u6625\u5929\u7684\u2f47\u843d\u65f6\u5206\uff0c\u662f\u6211\u4eec\u6700\u4e3a\u63a8\u8350\u7684\u3002\u56e0 \u4e3a\u8fd9\u4e2a\u65f6\u671f\uff0c\u4f60\u53ef\u4ee5\u8f7b\u6613\u7684\u89c2\u5bdf\u5230\u2ee6\u7c7b\u7684\u8fc1\u5f99\u6d3b \u52a8\u3002\u8fd9\u2fa5\u662f\u2ee6\u7c7b\u8fc1\u5f99\u8def\u5f84\u4e0a\u7684\u2f00\u4e2a\u4f11\u606f\u533a\uff0c\u89c2\u2ee6 \u7231\u597d\u8005\u2f64\u53cc\u901a\u671b\u8fdc\u955c\u6216\u6211\u4eec\u5728\u6e56\u8fb9\u89c2\u2ee6\u5c4b\u4e2d\u8bbe\u7f6e \u7684\u5355\u7b52\u671b\u8fdc\u955c\uff0c\u89c2\u5bdf\u5230\u4e9b\uff0c\u6bcf\u5929\u8fd4\u56de\u8fd9\u2fa5\u6cfb\u6e56\u4f11 \u606f\u7684\u4f17\u591a\u2ee6\u7fa4\u3002 \u5728\u8fd9\u2fa5\u5f88\u5bb9\u6613\u627e\u5230\u2f65\u51eb\u3001\u2f69\u9e73\u3001\u82cd\u9e6d\u3001\u5e38\u2ec5\u7684 \u9e64\uff0c\u2f69\u9e73\u7b49\u3002 \u4e30\u5bcc\u591a\u6837\u7684\u2ee6\u7c7b\uff0c\u8ba9\u524d\u6765\u53c2\u89c2\u7684 \u2f08\u4eec\u2f00\u9971\u773c\u798f\u3002\u6709\u2f00\u4e9b\u79cd\u7fa4\u90fd\u662f\u6b27\u6d32\u4fdd\u62a4\u79cd\u7fa4\uff0c \u5728\u6b64\u7684\u79cd\u7fa4\u6570\u91cf\u5bf9\u6574\u4e2a\u6b27\u6d32\u7684\u2ee6\u7c7b\u4fdd\u62a4\u8ba1\u5212\u90fd\u662f \u2fae\u5e38\u91cd\u8981\u7684\u3002 \u5728\u8fd9\u79cd\u73af\u5883\u4e2d\uff0c\u4f60\u53ef\u4ee5\u770b\u5230\u2f0f\u2f17\u4e2a\u9e3d\u820d\uff0c\u4ee5\u5404\u79cd \u2f45\u5f0f\u5728\u5e73\u539f\u4e0a\u5d1b\u8d77\uff0c\u8fd9\u662f\u2f00\u4e2a\u6d41\u2f8f\u5efa\u7b51\u7684\u4f8b\u2f26\uff0c \u4ee3\u8868\u4e86\u8fd9\u4e2a\u5730\u533a\u7684\u72ec\u7279\u4e4b\u5904\u3002<\/p>\n<p><a href=\"https:\/\/turismoenzamora.es\/wp-content\/uploads\/2020\/02\/Interior.pdf\" target=\"_blank\" rel=\"noopener noreferrer\"><img decoding=\"async\" class=\"alignleft wp-image-4861 size-full\" src=\"https:\/\/turismoenzamora.es\/wp-content\/uploads\/2017\/08\/masinfo-1.png\" alt=\"M\u00e1s Informaci\u00f3n\" width=\"63\" height=\"32\" data-id=\"4861\"><\/a><\/p>\n<p><\/p>","protected":false},"excerpt":{"rendered":"<p>Villaf\u00e1fila \u2f50\u5229\u4e9a\u6cd5\u83f2\u62c9\u5b57\u2f83\u7136\u4fdd\u62a4\u533a \u2f50\u5229\u4e9a\u6cd5\u83f2\u62c9\u2f83\u7136\u4fdd\u62a4\u533a\u5750\u843d\u4e8e\u8428\u83ab\u62c9\u7684\u4e1c\u5317\u5730 \u533a\uff0c\u6574\u4e2a\u2f50\u5229\u4e9a\u6cd5 [&hellip;]<\/p>\n","protected":false},"author":1,"featured_media":0,"parent":91,"menu_order":5,"comment_status":"closed","ping_status":"closed","template":"","meta":{"inline_featured_image":false,"site-sidebar-layout":"default","site-content-layout":"default","ast-site-content-layout":"","site-content-style":"default","site-sidebar-style":"default","ast-global-header-display":"","ast-banner-title-visibility":"","ast-main-header-display":"","ast-hfb-above-header-display":"","ast-hfb-below-header-display":"","ast-hfb-mobile-header-display":"","site-post-title":"disabled","ast-breadcrumbs-content":"","ast-featured-img":"","footer-sml-layout":"","theme-transparent-header-meta":"default","adv-header-id-meta":"","stick-header-meta":"","header-above-stick-meta":"","header-main-stick-meta":"","header-below-stick-meta":"","astra-migrate-meta-layouts":"default","ast-page-background-enabled":"default","ast-page-background-meta":{"desktop":{"background-color":"","background-image":"","background-repeat":"repeat","background-position":"center center","background-size":"auto","background-attachment":"scroll","background-type":"","background-media":"","overlay-type":"","overlay-color":"","overlay-opacity":"","overlay-gradient":""},"tablet":{"background-color":"","background-image":"","background-repeat":"repeat","background-position":"center center","background-size":"auto","background-attachment":"scroll","background-type":"","background-media":"","overlay-type":"","overlay-color":"","overlay-opacity":"","overlay-gradient":""},"mobile":{"background-color":"","background-image":"","background-repeat":"repeat","background-position":"center center","background-size":"auto","background-attachment":"scroll","background-type":"","background-media":"","overlay-type":"","overlay-color":"","overlay-opacity":"","overlay-gradient":""}},"ast-content-background-meta":{"desktop":{"background-color":"var(--ast-global-color-5)","background-image":"","background-repeat":"repeat","background-position":"center center","background-size":"auto","background-attachment":"scroll","background-type":"","background-media":"","overlay-type":"","overlay-color":"","overlay-opacity":"","overlay-gradient":""},"tablet":{"background-color":"var(--ast-global-color-5)","background-image":"","background-repeat":"repeat","background-position":"center center","background-size":"auto","background-attachment":"scroll","background-type":"","background-media":"","overlay-type":"","overlay-color":"","overlay-opacity":"","overlay-gradient":""},"mobile":{"background-color":"var(--ast-global-color-5)","background-image":"","background-repeat":"repeat","background-position":"center center","background-size":"auto","background-attachment":"scroll","background-type":"","background-media":"","overlay-type":"","overlay-color":"","overlay-opacity":"","overlay-gradient":""}},"ngg_post_thumbnail":0,"footnotes":""},"yoast_head":"<!-- This site is optimized with the Yoast SEO plugin v23.0 - https:\/\/yoast.com\/wordpress\/plugins\/seo\/ -->\n<title>Turismo de Zamora , Turismo Sostenible<\/title>\n<meta name=\"description\" content=\"Esta es la p\u00e1gina Oficial de Turismo de Diputaci\u00f3n de Zamora, donde podr\u00e1 encontrar toda la informaci\u00f3n para disfrutar al m\u00e1ximo de nuestra provincia.\" \/>\n<meta name=\"robots\" content=\"index, follow, max-snippet:-1, max-image-preview:large, max-video-preview:-1\" \/>\n<link rel=\"canonical\" href=\"https:\/\/turismoenzamora.es\/patrimonio-natural\/villafafila\/\" \/>\n<meta property=\"og:locale\" content=\"zh_CN\" \/>\n<meta property=\"og:type\" content=\"article\" \/>\n<meta property=\"og:title\" content=\"Turismo de Zamora , Turismo Sostenible\" \/>\n<meta property=\"og:description\" content=\"Esta es la p\u00e1gina Oficial de Turismo de Diputaci\u00f3n de Zamora, donde podr\u00e1 encontrar toda la informaci\u00f3n para disfrutar al m\u00e1ximo de nuestra provincia.\" \/>\n<meta property=\"og:url\" content=\"https:\/\/turismoenzamora.es\/patrimonio-natural\/villafafila\/\" \/>\n<meta property=\"og:site_name\" content=\"(Espa\u00f1ol) Turismo sostenible. Patronato de Turismo de la Diputaci\u00f3n de Zamora.&quot;Turismo Sostenible&quot;.\" \/>\n<meta property=\"article:publisher\" content=\"https:\/\/www.facebook.com\/ZamoraSpain\/\" \/>\n<meta property=\"article:modified_time\" content=\"2021-09-01T14:36:15+00:00\" \/>\n<meta property=\"og:image\" content=\"https:\/\/turismoenzamora.es\/wp-content\/uploads\/2017\/08\/Patrimonio-naturalvillafafila.jpg\" \/>\n<meta name=\"twitter:card\" content=\"summary_large_image\" \/>\n<meta name=\"twitter:site\" content=\"@ZamoraSpain\" \/>\n<meta name=\"twitter:label1\" content=\"\u9884\u8ba1\u9605\u8bfb\u65f6\u95f4\" \/>\n\t<meta name=\"twitter:data1\" content=\"10\u5206\" \/>\n<script type=\"application\/ld+json\" class=\"yoast-schema-graph\">{\"@context\":\"https:\/\/schema.org\",\"@graph\":[{\"@type\":\"WebPage\",\"@id\":\"https:\/\/turismoenzamora.es\/patrimonio-natural\/villafafila\/\",\"url\":\"https:\/\/turismoenzamora.es\/patrimonio-natural\/villafafila\/\",\"name\":\"Turismo de Zamora , Turismo Sostenible\",\"isPartOf\":{\"@id\":\"https:\/\/turismoenzamora.es\/pt\/#website\"},\"primaryImageOfPage\":{\"@id\":\"https:\/\/turismoenzamora.es\/patrimonio-natural\/villafafila\/#primaryimage\"},\"image\":{\"@id\":\"https:\/\/turismoenzamora.es\/patrimonio-natural\/villafafila\/#primaryimage\"},\"thumbnailUrl\":\"https:\/\/turismoenzamora.es\/wp-content\/uploads\/2017\/08\/Patrimonio-naturalvillafafila.jpg\",\"datePublished\":\"2017-08-07T08:52:47+00:00\",\"dateModified\":\"2021-09-01T14:36:15+00:00\",\"description\":\"Esta es la p\u00e1gina Oficial de Turismo de Diputaci\u00f3n de Zamora, donde podr\u00e1 encontrar toda la informaci\u00f3n para disfrutar al m\u00e1ximo de nuestra provincia.\",\"breadcrumb\":{\"@id\":\"https:\/\/turismoenzamora.es\/patrimonio-natural\/villafafila\/#breadcrumb\"},\"inLanguage\":\"zh-CN\",\"potentialAction\":[{\"@type\":\"ReadAction\",\"target\":[\"https:\/\/turismoenzamora.es\/patrimonio-natural\/villafafila\/\"]}]},{\"@type\":\"ImageObject\",\"inLanguage\":\"zh-CN\",\"@id\":\"https:\/\/turismoenzamora.es\/patrimonio-natural\/villafafila\/#primaryimage\",\"url\":\"https:\/\/turismoenzamora.es\/wp-content\/uploads\/2017\/08\/Patrimonio-naturalvillafafila.jpg\",\"contentUrl\":\"https:\/\/turismoenzamora.es\/wp-content\/uploads\/2017\/08\/Patrimonio-naturalvillafafila.jpg\"},{\"@type\":\"BreadcrumbList\",\"@id\":\"https:\/\/turismoenzamora.es\/patrimonio-natural\/villafafila\/#breadcrumb\",\"itemListElement\":[{\"@type\":\"ListItem\",\"position\":1,\"name\":\"Portada\",\"item\":\"https:\/\/turismoenzamora.es\/\"},{\"@type\":\"ListItem\",\"position\":2,\"name\":\"Patrimonio Natural\",\"item\":\"https:\/\/turismoenzamora.es\/fr\/patrimonio-natural\/\"},{\"@type\":\"ListItem\",\"position\":3,\"name\":\"Villaf\u00e1fila\"}]},{\"@type\":\"WebSite\",\"@id\":\"https:\/\/turismoenzamora.es\/pt\/#website\",\"url\":\"https:\/\/turismoenzamora.es\/pt\/\",\"name\":\"Turismo sostenible. Patronato de Turismo de la Diputaci\u00f3n de Zamora.&quot;Turismo Sostenible&quot;.\",\"description\":\"(Espa\u00f1ol) Turismo sostenible. Patronato de Turismo de la Diputaci\u00f3n de Zamora.&quot;Turismo Sostenible&quot;.\",\"publisher\":{\"@id\":\"https:\/\/turismoenzamora.es\/pt\/#organization\"},\"potentialAction\":[{\"@type\":\"SearchAction\",\"target\":{\"@type\":\"EntryPoint\",\"urlTemplate\":\"https:\/\/turismoenzamora.es\/pt\/?s={search_term_string}\"},\"query-input\":\"required name=search_term_string\"}],\"inLanguage\":\"zh-CN\"},{\"@type\":\"Organization\",\"@id\":\"https:\/\/turismoenzamora.es\/pt\/#organization\",\"name\":\"Patronato de Turismo de la Diputaci\u00f3n de Zamora\",\"url\":\"https:\/\/turismoenzamora.es\/pt\/\",\"logo\":{\"@type\":\"ImageObject\",\"inLanguage\":\"zh-CN\",\"@id\":\"https:\/\/turismoenzamora.es\/pt\/#\/schema\/logo\/image\/\",\"url\":\"https:\/\/turismoenzamora.es\/wp-content\/uploads\/2018\/06\/ZamoraLogo.png\",\"contentUrl\":\"https:\/\/turismoenzamora.es\/wp-content\/uploads\/2018\/06\/ZamoraLogo.png\",\"width\":1276,\"height\":290,\"caption\":\"Patronato de Turismo de la Diputaci\u00f3n de Zamora\"},\"image\":{\"@id\":\"https:\/\/turismoenzamora.es\/pt\/#\/schema\/logo\/image\/\"},\"sameAs\":[\"https:\/\/www.facebook.com\/ZamoraSpain\/\",\"https:\/\/x.com\/ZamoraSpain\",\"https:\/\/www.instagram.com\/turismoenzamora.es\/\",\"https:\/\/www.pinterest.es\/TurismoenZamora\/\",\"https:\/\/www.youtube.com\/channel\/UC2bOyOZ-2cLm-uXlBFYUV9w\"]}]}<\/script>\n<!-- \/ Yoast SEO plugin. -->","yoast_head_json":{"title":"Turismo de Zamora , Turismo Sostenible","description":"Esta es la p\u00e1gina Oficial de Turismo de Diputaci\u00f3n de Zamora, donde podr\u00e1 encontrar toda la informaci\u00f3n para disfrutar al m\u00e1ximo de nuestra provincia.","robots":{"index":"index","follow":"follow","max-snippet":"max-snippet:-1","max-image-preview":"max-image-preview:large","max-video-preview":"max-video-preview:-1"},"canonical":"https:\/\/turismoenzamora.es\/patrimonio-natural\/villafafila\/","og_locale":"zh_CN","og_type":"article","og_title":"Turismo de Zamora , Turismo Sostenible","og_description":"Esta es la p\u00e1gina Oficial de Turismo de Diputaci\u00f3n de Zamora, donde podr\u00e1 encontrar toda la informaci\u00f3n para disfrutar al m\u00e1ximo de nuestra provincia.","og_url":"https:\/\/turismoenzamora.es\/patrimonio-natural\/villafafila\/","og_site_name":"(Espa\u00f1ol) Turismo sostenible. Patronato de Turismo de la Diputaci\u00f3n de Zamora.&quot;Turismo Sostenible&quot;.","article_publisher":"https:\/\/www.facebook.com\/ZamoraSpain\/","article_modified_time":"2021-09-01T14:36:15+00:00","og_image":[{"url":"https:\/\/turismoenzamora.es\/wp-content\/uploads\/2017\/08\/Patrimonio-naturalvillafafila.jpg"}],"twitter_card":"summary_large_image","twitter_site":"@ZamoraSpain","twitter_misc":{"\u9884\u8ba1\u9605\u8bfb\u65f6\u95f4":"10\u5206"},"schema":{"@context":"https:\/\/schema.org","@graph":[{"@type":"WebPage","@id":"https:\/\/turismoenzamora.es\/patrimonio-natural\/villafafila\/","url":"https:\/\/turismoenzamora.es\/patrimonio-natural\/villafafila\/","name":"Turismo de Zamora , Turismo Sostenible","isPartOf":{"@id":"https:\/\/turismoenzamora.es\/pt\/#website"},"primaryImageOfPage":{"@id":"https:\/\/turismoenzamora.es\/patrimonio-natural\/villafafila\/#primaryimage"},"image":{"@id":"https:\/\/turismoenzamora.es\/patrimonio-natural\/villafafila\/#primaryimage"},"thumbnailUrl":"https:\/\/turismoenzamora.es\/wp-content\/uploads\/2017\/08\/Patrimonio-naturalvillafafila.jpg","datePublished":"2017-08-07T08:52:47+00:00","dateModified":"2021-09-01T14:36:15+00:00","description":"Esta es la p\u00e1gina Oficial de Turismo de Diputaci\u00f3n de Zamora, donde podr\u00e1 encontrar toda la informaci\u00f3n para disfrutar al m\u00e1ximo de nuestra provincia.","breadcrumb":{"@id":"https:\/\/turismoenzamora.es\/patrimonio-natural\/villafafila\/#breadcrumb"},"inLanguage":"zh-CN","potentialAction":[{"@type":"ReadAction","target":["https:\/\/turismoenzamora.es\/patrimonio-natural\/villafafila\/"]}]},{"@type":"ImageObject","inLanguage":"zh-CN","@id":"https:\/\/turismoenzamora.es\/patrimonio-natural\/villafafila\/#primaryimage","url":"https:\/\/turismoenzamora.es\/wp-content\/uploads\/2017\/08\/Patrimonio-naturalvillafafila.jpg","contentUrl":"https:\/\/turismoenzamora.es\/wp-content\/uploads\/2017\/08\/Patrimonio-naturalvillafafila.jpg"},{"@type":"BreadcrumbList","@id":"https:\/\/turismoenzamora.es\/patrimonio-natural\/villafafila\/#breadcrumb","itemListElement":[{"@type":"ListItem","position":1,"name":"Portada","item":"https:\/\/turismoenzamora.es\/"},{"@type":"ListItem","position":2,"name":"Patrimonio Natural","item":"https:\/\/turismoenzamora.es\/fr\/patrimonio-natural\/"},{"@type":"ListItem","position":3,"name":"Villaf\u00e1fila"}]},{"@type":"WebSite","@id":"https:\/\/turismoenzamora.es\/pt\/#website","url":"https:\/\/turismoenzamora.es\/pt\/","name":"Turismo sostenible. Patronato de Turismo de la Diputaci\u00f3n de Zamora.&quot;Turismo Sostenible&quot;.","description":"(Espa\u00f1ol) Turismo sostenible. Patronato de Turismo de la Diputaci\u00f3n de Zamora.&quot;Turismo Sostenible&quot;.","publisher":{"@id":"https:\/\/turismoenzamora.es\/pt\/#organization"},"potentialAction":[{"@type":"SearchAction","target":{"@type":"EntryPoint","urlTemplate":"https:\/\/turismoenzamora.es\/pt\/?s={search_term_string}"},"query-input":"required name=search_term_string"}],"inLanguage":"zh-CN"},{"@type":"Organization","@id":"https:\/\/turismoenzamora.es\/pt\/#organization","name":"Patronato de Turismo de la Diputaci\u00f3n de Zamora","url":"https:\/\/turismoenzamora.es\/pt\/","logo":{"@type":"ImageObject","inLanguage":"zh-CN","@id":"https:\/\/turismoenzamora.es\/pt\/#\/schema\/logo\/image\/","url":"https:\/\/turismoenzamora.es\/wp-content\/uploads\/2018\/06\/ZamoraLogo.png","contentUrl":"https:\/\/turismoenzamora.es\/wp-content\/uploads\/2018\/06\/ZamoraLogo.png","width":1276,"height":290,"caption":"Patronato de Turismo de la Diputaci\u00f3n de Zamora"},"image":{"@id":"https:\/\/turismoenzamora.es\/pt\/#\/schema\/logo\/image\/"},"sameAs":["https:\/\/www.facebook.com\/ZamoraSpain\/","https:\/\/x.com\/ZamoraSpain","https:\/\/www.instagram.com\/turismoenzamora.es\/","https:\/\/www.pinterest.es\/TurismoenZamora\/","https:\/\/www.youtube.com\/channel\/UC2bOyOZ-2cLm-uXlBFYUV9w"]}]}},"_links":{"self":[{"href":"https:\/\/turismoenzamora.es\/zh\/wp-json\/wp\/v2\/pages\/139"}],"collection":[{"href":"https:\/\/turismoenzamora.es\/zh\/wp-json\/wp\/v2\/pages"}],"about":[{"href":"https:\/\/turismoenzamora.es\/zh\/wp-json\/wp\/v2\/types\/page"}],"author":[{"embeddable":true,"href":"https:\/\/turismoenzamora.es\/zh\/wp-json\/wp\/v2\/users\/1"}],"replies":[{"embeddable":true,"href":"https:\/\/turismoenzamora.es\/zh\/wp-json\/wp\/v2\/comments?post=139"}],"version-history":[{"count":0,"href":"https:\/\/turismoenzamora.es\/zh\/wp-json\/wp\/v2\/pages\/139\/revisions"}],"up":[{"embeddable":true,"href":"https:\/\/turismoenzamora.es\/zh\/wp-json\/wp\/v2\/pages\/91"}],"wp:attachment":[{"href":"https:\/\/turismoenzamora.es\/zh\/wp-json\/wp\/v2\/media?parent=139"}],"curies":[{"name":"wp","href":"https:\/\/api.w.org\/{rel}","templated":true}]}}