{"id":136,"date":"2017-08-07T10:51:11","date_gmt":"2017-08-07T08:51:11","guid":{"rendered":"https:\/\/newweb.turismoenzamora.es\/?page_id=136"},"modified":"2021-09-01T16:32:14","modified_gmt":"2021-09-01T14:32:14","slug":"arribes","status":"publish","type":"page","link":"https:\/\/turismoenzamora.es\/zh\/patrimonio-natural\/arribes\/","title":{"rendered":"Arribes"},"content":{"rendered":"<p><\/p>\n<h1>Arribes<br \/>\n\u963f\u4e3d\u5351\u65af\u2f83\u7136\u516c\u56ed<\/h1>\n<p><img fetchpriority=\"high\" decoding=\"async\" class=\"aligncenter size-full wp-image-6922\" src=\"https:\/\/turismoenzamora.es\/wp-content\/uploads\/2017\/08\/patrimonio-naturaarribesl.jpg\" alt=\"\" width=\"900\" height=\"600\" data-id=\"6922\" srcset=\"https:\/\/turismoenzamora.es\/wp-content\/uploads\/2017\/08\/patrimonio-naturaarribesl.jpg 900w, https:\/\/turismoenzamora.es\/wp-content\/uploads\/2017\/08\/patrimonio-naturaarribesl-300x200.jpg 300w, https:\/\/turismoenzamora.es\/wp-content\/uploads\/2017\/08\/patrimonio-naturaarribesl-768x512.jpg 768w\" sizes=\"(max-width: 900px) 100vw, 900px\" \/><\/p>\n<p style=\"text-align: justify;\">(Arribes del Duero\uff09\u963f\u2fa5\u5351\u65af\u00b7\u5fb7\u5c14\u00b7\u675c\u7f57\u2f83 \u7136\u516c\u56ed\u5360\u5730106105\u516c\u9877\uff0c\u5750\u843d\u5728\u8428\u83ab\u62c9\u7701\u548c \u8428\u62c9\u66fc\u5361\u7701\u4e4b\u95f4\uff0c\u4ee5\u5176\u5bbd\u2f34\u5e73\u5766\u7684\u6cb3\u5e8a\u548c\u6df1 \u9083\u60a0\u2ed3\u7684\u5ce1\u2f95\u2f7d\u95fb\u540d\uff0c\u67d0\u4e9b\u5730\u2f45\u7684\u5ce1\u2f95\u2f95\u58c1 \u2fbc\u5ea6\u751a\u2f84\u8d85\u8fc7200\u2f76\u3002 \u6cb3\u6d41\u2ed3\u5ea6\u8d85\u8fc780\u516c\u2fa5 \uff08\u5176\u4e2d50\u516c\u2fa5\u4e3a\u2ec4\u8461\u4e24\u56fd\u5171\u6709\uff09\u3002\u53e6\u5916\uff0c\u6cb3 \u4f53\u6d77\u62d4\u7684\u2fbc\u5ea6\u843d\u5dee\u5f88\u2f24\uff0c \u8fd9\u4e3a\u5f53\u5730\u7684\u2f54\u2f12\u53d1 \u7535\u2f2f\u7a0b\u63d0\u4f9b\u4e86\u5145\u5206\u7684\u6761\u4ef6\uff0c\u6211\u4eec\u53ef\u4ee5\u89c2\u8d4f\u5230 \u4ee4\u2f08\u5370\u8c61\u6df1\u523b\u7684\u591a\u5904\u2f54\u575d\u3002\u8fd9\u4e5f\u589e\u52a0\u4e86\u2f83\u7136 \u516c\u56ed\u7684\u2f54\u2f63\u2faf\u79ef\u3002 \u8fd9\u795e\u8bdd\u822c\u7684\u5730\u533a\uff0c\u62e5\u6709\u2f83\u2f30\u72ec\u7279\u7684\u5fae\u2f53\u5019\uff0c \u8fd9\u4e0e\u5468\u8fb9\u5730\u533a\u2f32\u71e5\u7684\u73af\u5883\u2f53\u5019\u6709\u7740\u2fae\u5e38\u2f24\u7684 \u5dee\u5f02\u3002\u8fd9\u2fa5\u5e74\u5e73\u5747\u6e29\u5ea6\u5e45\u5ea6\u6ca1\u6709\u7279\u522b\u2f24\uff0c\u4e0d \u4f46\u6ca1\u6709\u971c\u51bb\uff0c\u2f7d\u4e14\u5e38\u5e74\u90fd\u53ef\u4ee5\u4fdd\u6301\u2f00\u5b9a\u7684\u6e7f \u5ea6\uff0c\u53ef\u4ee5\u8bf4\u662f\u2fae\u5e38\u6e29\u548c\u7684\u2f53\u5019\u6761\u4ef6\u4e86\uff0c\u8fd9\u6837 \u7684\u73af\u5883\uff0c\u2f24\u2f24\u5730\u4fc3\u8fdb\u4e86\u6b64\u5730\u7684\u5730\u4e2d\u6d77\u52a8\u690d\u7269 \u7269\u79cd\u7684\u8301\u58ee\u6210\u2ed3\uff0c\u5982\u85b0\u2f90\u8349\u3001\u5ca9\u8537\u8587\u548c\u2fa6\u96c0 \u82b1\u7b49\u90fd\u968f\u5904\u53ef\u2ec5\uff0c\u7f8e\u4e3d\u7efd\u653e\u3002\u4e0d\u4ec5\u5982\u6b64\uff0c\u5728 \u6cb3\u58c1\u5ca9\u2f1f\u4e0a\u4e5f\u4e1b\u2f63\u7740\u8461\u8404\u3001\u6a44\u6984\u6811\u6216\u675c\u677e\u7b49 \u7279\u2f8a\u690d\u7269\u3002<\/p>\n<p>&nbsp;<\/p>\n<p><img decoding=\"async\" class=\" wp-image-468 alignleft\" src=\"https:\/\/turismoenzamora.es\/wp-content\/uploads\/2017\/08\/Arribes_2-300x199.jpg\" alt=\"\" width=\"378\" height=\"251\" srcset=\"https:\/\/turismoenzamora.es\/wp-content\/uploads\/2017\/08\/Arribes_2-300x199.jpg 300w, https:\/\/turismoenzamora.es\/wp-content\/uploads\/2017\/08\/Arribes_2-768x510.jpg 768w, https:\/\/turismoenzamora.es\/wp-content\/uploads\/2017\/08\/Arribes_2-1024x680.jpg 1024w, https:\/\/turismoenzamora.es\/wp-content\/uploads\/2017\/08\/Arribes_2-1170x780.jpg 1170w, https:\/\/turismoenzamora.es\/wp-content\/uploads\/2017\/08\/Arribes_2.jpg 1181w\" sizes=\"(max-width: 378px) 100vw, 378px\" \/><\/p>\n<p style=\"text-align: justify;\">\u5ca9\u58c1\u7684\u72ec\u7279\u9020\u578b\u63d0\u4f9b\u4e86\u91ce\u2f63\u7269\u79cd\u2f63\u5b58\u7684\u7a7a \u95f4\uff0c\u5c24\u5176\u662f\u90a3\u4e9b\u73cd\u8d35\u7684\u91ce\u2f63\u52a8\u7269\uff0c\u5b83\u4eec\u5728\u6b64 \u2ed3\u671f\u5b89\u5c45\uff0c\u5982\u79c3\u9e70\u2fa6\u9e70\u3001\u2fca\u9e73\u548c\u6e38\u96bc\u3002 \u4ee5\u53ca \u5176\u4ed6\u6709\u8da3\u7684\u7269\u79cd\uff0c\u5982\u77ed\u8dbe\u86c7\u9e70\u3001\u732b\u5934\u9e70\u548c\u7ea2 \u5634\u9e26\u3002\u591c\u5e55\u964d\u4e34\u540e\uff0c\u53ef\u2ec5\u6210\u7fa4\u7684\u8759\u8760\u56db\u5904\u5f98 \u5f8a\uff0c\u2f83\u7531\u89c5\u2edd\u3002\u8fd9\u2fa5\u4e5f\u662f\u62d6\u5c14\u6885\u65af\u6cb3 \uff08Tormes\uff09\u7684\u2f0a\u6cb3\u2f1d\uff0c\u4e24\u6cb3\u6c47\u805a\uff0c\u4e5f\u88ab\u79f0\u4e3a Ambasaguas\u3002 \u6700\u540e\u60a8\u8fd8\u53ef\u4ee5\u8003\u8651\u8fd9\u2fa5\u7684\u90ae\u8f6e\u4e4b\u65c5\u3002\u5728 Arribes del Duero\u963f\u4e3d\u5351\u65af\u00b7\u5fb7\u5c14\u00b7\u675c\u7f57\u2f83\u7136\u516c \u56ed\u7684\u6cb3\u4e0a\uff0c\u6709\u4e13\u2ed4\u7684\u2f83\u7136\u666f\u89c2\u6e38\u8239\u4e4b\u65c5\uff0c \u8fd9 \u8258\u7279\u6b8a\u8bbe\u8ba1\u7684\u90ae\u8f6e\u8ba9\u4f60\u53ef\u4ee5\u8f7b\u677e\u5730\u89c2\u8d4f\u6574\u4e2a \u5ce1\u2f95\u7684\u58ee\u89c2\u5730\u5f62\u3002<\/p>\n<p><a href=\"https:\/\/turismoenzamora.es\/wp-content\/uploads\/2020\/02\/Interior.pdf\" target=\"_blank\" rel=\"noopener noreferrer\"><img decoding=\"async\" class=\"size-full wp-image-4861 alignleft\" src=\"https:\/\/turismoenzamora.es\/wp-content\/uploads\/2017\/08\/masinfo-1.png\" alt=\"descarga\" width=\"63\" height=\"32\" data-id=\"4861\"><\/a><\/p>\n<p><\/p>","protected":false},"excerpt":{"rendered":"<p>Arribes \u963f\u4e3d\u5351\u65af\u2f83\u7136\u516c\u56ed (Arribes del Duero\uff09\u963f\u2fa5\u5351\u65af\u00b7\u5fb7\u5c14\u00b7\u675c\u7f57\u2f83 \u7136\u516c\u56ed\u5360\u573010 [&hellip;]<\/p>\n","protected":false},"author":1,"featured_media":0,"parent":91,"menu_order":2,"comment_status":"closed","ping_status":"closed","template":"","meta":{"inline_featured_image":false,"site-sidebar-layout":"default","site-content-layout":"default","ast-site-content-layout":"","site-content-style":"default","site-sidebar-style":"default","ast-global-header-display":"","ast-banner-title-visibility":"","ast-main-header-display":"","ast-hfb-above-header-display":"","ast-hfb-below-header-display":"","ast-hfb-mobile-header-display":"","site-post-title":"disabled","ast-breadcrumbs-content":"","ast-featured-img":"","footer-sml-layout":"","theme-transparent-header-meta":"default","adv-header-id-meta":"","stick-header-meta":"","header-above-stick-meta":"","header-main-stick-meta":"","header-below-stick-meta":"","astra-migrate-meta-layouts":"default","ast-page-background-enabled":"default","ast-page-background-meta":{"desktop":{"background-color":"","background-image":"","background-repeat":"repeat","background-position":"center center","background-size":"auto","background-attachment":"scroll","background-type":"","background-media":"","overlay-type":"","overlay-color":"","overlay-opacity":"","overlay-gradient":""},"tablet":{"background-color":"","background-image":"","background-repeat":"repeat","background-position":"center center","background-size":"auto","background-attachment":"scroll","background-type":"","background-media":"","overlay-type":"","overlay-color":"","overlay-opacity":"","overlay-gradient":""},"mobile":{"background-color":"","background-image":"","background-repeat":"repeat","background-position":"center center","background-size":"auto","background-attachment":"scroll","background-type":"","background-media":"","overlay-type":"","overlay-color":"","overlay-opacity":"","overlay-gradient":""}},"ast-content-background-meta":{"desktop":{"background-color":"var(--ast-global-color-5)","background-image":"","background-repeat":"repeat","background-position":"center center","background-size":"auto","background-attachment":"scroll","background-type":"","background-media":"","overlay-type":"","overlay-color":"","overlay-opacity":"","overlay-gradient":""},"tablet":{"background-color":"var(--ast-global-color-5)","background-image":"","background-repeat":"repeat","background-position":"center center","background-size":"auto","background-attachment":"scroll","background-type":"","background-media":"","overlay-type":"","overlay-color":"","overlay-opacity":"","overlay-gradient":""},"mobile":{"background-color":"var(--ast-global-color-5)","background-image":"","background-repeat":"repeat","background-position":"center center","background-size":"auto","background-attachment":"scroll","background-type":"","background-media":"","overlay-type":"","overlay-color":"","overlay-opacity":"","overlay-gradient":""}},"ngg_post_thumbnail":0,"footnotes":""},"yoast_head":"<!-- This site is optimized with the Yoast SEO plugin v23.0 - https:\/\/yoast.com\/wordpress\/plugins\/seo\/ -->\n<title>Turismo de Zamora , Turismo Sostenible<\/title>\n<meta name=\"description\" content=\"Esta es la p\u00e1gina Oficial de Turismo de Diputaci\u00f3n de Zamora, donde podr\u00e1 encontrar toda la informaci\u00f3n para disfrutar al m\u00e1ximo de nuestra provincia.\" \/>\n<meta name=\"robots\" content=\"index, follow, max-snippet:-1, max-image-preview:large, max-video-preview:-1\" \/>\n<link rel=\"canonical\" href=\"https:\/\/turismoenzamora.es\/patrimonio-natural\/arribes\/\" \/>\n<meta property=\"og:locale\" content=\"zh_CN\" \/>\n<meta property=\"og:type\" content=\"article\" \/>\n<meta property=\"og:title\" content=\"Turismo de Zamora , Turismo Sostenible\" \/>\n<meta property=\"og:description\" content=\"Esta es la p\u00e1gina Oficial de Turismo de Diputaci\u00f3n de Zamora, donde podr\u00e1 encontrar toda la informaci\u00f3n para disfrutar al m\u00e1ximo de nuestra provincia.\" \/>\n<meta property=\"og:url\" content=\"https:\/\/turismoenzamora.es\/patrimonio-natural\/arribes\/\" \/>\n<meta property=\"og:site_name\" content=\"(Espa\u00f1ol) Turismo sostenible. Patronato de Turismo de la Diputaci\u00f3n de Zamora.&quot;Turismo Sostenible&quot;.\" \/>\n<meta property=\"article:publisher\" content=\"https:\/\/www.facebook.com\/ZamoraSpain\/\" \/>\n<meta property=\"article:modified_time\" content=\"2021-09-01T14:32:14+00:00\" \/>\n<meta property=\"og:image\" content=\"https:\/\/turismoenzamora.es\/wp-content\/uploads\/2017\/08\/patrimonio-naturaarribesl.jpg\" \/>\n<meta name=\"twitter:card\" content=\"summary_large_image\" \/>\n<meta name=\"twitter:site\" content=\"@ZamoraSpain\" \/>\n<meta name=\"twitter:label1\" content=\"\u9884\u8ba1\u9605\u8bfb\u65f6\u95f4\" \/>\n\t<meta name=\"twitter:data1\" content=\"8\u5206\" \/>\n<script type=\"application\/ld+json\" class=\"yoast-schema-graph\">{\"@context\":\"https:\/\/schema.org\",\"@graph\":[{\"@type\":\"WebPage\",\"@id\":\"https:\/\/turismoenzamora.es\/patrimonio-natural\/arribes\/\",\"url\":\"https:\/\/turismoenzamora.es\/patrimonio-natural\/arribes\/\",\"name\":\"Turismo de Zamora , Turismo Sostenible\",\"isPartOf\":{\"@id\":\"https:\/\/turismoenzamora.es\/pt\/#website\"},\"primaryImageOfPage\":{\"@id\":\"https:\/\/turismoenzamora.es\/patrimonio-natural\/arribes\/#primaryimage\"},\"image\":{\"@id\":\"https:\/\/turismoenzamora.es\/patrimonio-natural\/arribes\/#primaryimage\"},\"thumbnailUrl\":\"https:\/\/turismoenzamora.es\/wp-content\/uploads\/2017\/08\/patrimonio-naturaarribesl.jpg\",\"datePublished\":\"2017-08-07T08:51:11+00:00\",\"dateModified\":\"2021-09-01T14:32:14+00:00\",\"description\":\"Esta es la p\u00e1gina Oficial de Turismo de Diputaci\u00f3n de Zamora, donde podr\u00e1 encontrar toda la informaci\u00f3n para disfrutar al m\u00e1ximo de nuestra provincia.\",\"breadcrumb\":{\"@id\":\"https:\/\/turismoenzamora.es\/patrimonio-natural\/arribes\/#breadcrumb\"},\"inLanguage\":\"zh-CN\",\"potentialAction\":[{\"@type\":\"ReadAction\",\"target\":[\"https:\/\/turismoenzamora.es\/patrimonio-natural\/arribes\/\"]}]},{\"@type\":\"ImageObject\",\"inLanguage\":\"zh-CN\",\"@id\":\"https:\/\/turismoenzamora.es\/patrimonio-natural\/arribes\/#primaryimage\",\"url\":\"https:\/\/turismoenzamora.es\/wp-content\/uploads\/2017\/08\/patrimonio-naturaarribesl.jpg\",\"contentUrl\":\"https:\/\/turismoenzamora.es\/wp-content\/uploads\/2017\/08\/patrimonio-naturaarribesl.jpg\"},{\"@type\":\"BreadcrumbList\",\"@id\":\"https:\/\/turismoenzamora.es\/patrimonio-natural\/arribes\/#breadcrumb\",\"itemListElement\":[{\"@type\":\"ListItem\",\"position\":1,\"name\":\"Portada\",\"item\":\"https:\/\/turismoenzamora.es\/\"},{\"@type\":\"ListItem\",\"position\":2,\"name\":\"Patrimonio Natural\",\"item\":\"https:\/\/turismoenzamora.es\/fr\/patrimonio-natural\/\"},{\"@type\":\"ListItem\",\"position\":3,\"name\":\"Arribes\"}]},{\"@type\":\"WebSite\",\"@id\":\"https:\/\/turismoenzamora.es\/pt\/#website\",\"url\":\"https:\/\/turismoenzamora.es\/pt\/\",\"name\":\"Turismo sostenible. Patronato de Turismo de la Diputaci\u00f3n de Zamora.&quot;Turismo Sostenible&quot;.\",\"description\":\"(Espa\u00f1ol) Turismo sostenible. Patronato de Turismo de la Diputaci\u00f3n de Zamora.&quot;Turismo Sostenible&quot;.\",\"publisher\":{\"@id\":\"https:\/\/turismoenzamora.es\/pt\/#organization\"},\"potentialAction\":[{\"@type\":\"SearchAction\",\"target\":{\"@type\":\"EntryPoint\",\"urlTemplate\":\"https:\/\/turismoenzamora.es\/pt\/?s={search_term_string}\"},\"query-input\":\"required name=search_term_string\"}],\"inLanguage\":\"zh-CN\"},{\"@type\":\"Organization\",\"@id\":\"https:\/\/turismoenzamora.es\/pt\/#organization\",\"name\":\"Patronato de Turismo de la Diputaci\u00f3n de Zamora\",\"url\":\"https:\/\/turismoenzamora.es\/pt\/\",\"logo\":{\"@type\":\"ImageObject\",\"inLanguage\":\"zh-CN\",\"@id\":\"https:\/\/turismoenzamora.es\/pt\/#\/schema\/logo\/image\/\",\"url\":\"https:\/\/turismoenzamora.es\/wp-content\/uploads\/2018\/06\/ZamoraLogo.png\",\"contentUrl\":\"https:\/\/turismoenzamora.es\/wp-content\/uploads\/2018\/06\/ZamoraLogo.png\",\"width\":1276,\"height\":290,\"caption\":\"Patronato de Turismo de la Diputaci\u00f3n de Zamora\"},\"image\":{\"@id\":\"https:\/\/turismoenzamora.es\/pt\/#\/schema\/logo\/image\/\"},\"sameAs\":[\"https:\/\/www.facebook.com\/ZamoraSpain\/\",\"https:\/\/x.com\/ZamoraSpain\",\"https:\/\/www.instagram.com\/turismoenzamora.es\/\",\"https:\/\/www.pinterest.es\/TurismoenZamora\/\",\"https:\/\/www.youtube.com\/channel\/UC2bOyOZ-2cLm-uXlBFYUV9w\"]}]}<\/script>\n<!-- \/ Yoast SEO plugin. -->","yoast_head_json":{"title":"Turismo de Zamora , Turismo Sostenible","description":"Esta es la p\u00e1gina Oficial de Turismo de Diputaci\u00f3n de Zamora, donde podr\u00e1 encontrar toda la informaci\u00f3n para disfrutar al m\u00e1ximo de nuestra provincia.","robots":{"index":"index","follow":"follow","max-snippet":"max-snippet:-1","max-image-preview":"max-image-preview:large","max-video-preview":"max-video-preview:-1"},"canonical":"https:\/\/turismoenzamora.es\/patrimonio-natural\/arribes\/","og_locale":"zh_CN","og_type":"article","og_title":"Turismo de Zamora , Turismo Sostenible","og_description":"Esta es la p\u00e1gina Oficial de Turismo de Diputaci\u00f3n de Zamora, donde podr\u00e1 encontrar toda la informaci\u00f3n para disfrutar al m\u00e1ximo de nuestra provincia.","og_url":"https:\/\/turismoenzamora.es\/patrimonio-natural\/arribes\/","og_site_name":"(Espa\u00f1ol) Turismo sostenible. Patronato de Turismo de la Diputaci\u00f3n de Zamora.&quot;Turismo Sostenible&quot;.","article_publisher":"https:\/\/www.facebook.com\/ZamoraSpain\/","article_modified_time":"2021-09-01T14:32:14+00:00","og_image":[{"url":"https:\/\/turismoenzamora.es\/wp-content\/uploads\/2017\/08\/patrimonio-naturaarribesl.jpg"}],"twitter_card":"summary_large_image","twitter_site":"@ZamoraSpain","twitter_misc":{"\u9884\u8ba1\u9605\u8bfb\u65f6\u95f4":"8\u5206"},"schema":{"@context":"https:\/\/schema.org","@graph":[{"@type":"WebPage","@id":"https:\/\/turismoenzamora.es\/patrimonio-natural\/arribes\/","url":"https:\/\/turismoenzamora.es\/patrimonio-natural\/arribes\/","name":"Turismo de Zamora , Turismo Sostenible","isPartOf":{"@id":"https:\/\/turismoenzamora.es\/pt\/#website"},"primaryImageOfPage":{"@id":"https:\/\/turismoenzamora.es\/patrimonio-natural\/arribes\/#primaryimage"},"image":{"@id":"https:\/\/turismoenzamora.es\/patrimonio-natural\/arribes\/#primaryimage"},"thumbnailUrl":"https:\/\/turismoenzamora.es\/wp-content\/uploads\/2017\/08\/patrimonio-naturaarribesl.jpg","datePublished":"2017-08-07T08:51:11+00:00","dateModified":"2021-09-01T14:32:14+00:00","description":"Esta es la p\u00e1gina Oficial de Turismo de Diputaci\u00f3n de Zamora, donde podr\u00e1 encontrar toda la informaci\u00f3n para disfrutar al m\u00e1ximo de nuestra provincia.","breadcrumb":{"@id":"https:\/\/turismoenzamora.es\/patrimonio-natural\/arribes\/#breadcrumb"},"inLanguage":"zh-CN","potentialAction":[{"@type":"ReadAction","target":["https:\/\/turismoenzamora.es\/patrimonio-natural\/arribes\/"]}]},{"@type":"ImageObject","inLanguage":"zh-CN","@id":"https:\/\/turismoenzamora.es\/patrimonio-natural\/arribes\/#primaryimage","url":"https:\/\/turismoenzamora.es\/wp-content\/uploads\/2017\/08\/patrimonio-naturaarribesl.jpg","contentUrl":"https:\/\/turismoenzamora.es\/wp-content\/uploads\/2017\/08\/patrimonio-naturaarribesl.jpg"},{"@type":"BreadcrumbList","@id":"https:\/\/turismoenzamora.es\/patrimonio-natural\/arribes\/#breadcrumb","itemListElement":[{"@type":"ListItem","position":1,"name":"Portada","item":"https:\/\/turismoenzamora.es\/"},{"@type":"ListItem","position":2,"name":"Patrimonio Natural","item":"https:\/\/turismoenzamora.es\/fr\/patrimonio-natural\/"},{"@type":"ListItem","position":3,"name":"Arribes"}]},{"@type":"WebSite","@id":"https:\/\/turismoenzamora.es\/pt\/#website","url":"https:\/\/turismoenzamora.es\/pt\/","name":"Turismo sostenible. Patronato de Turismo de la Diputaci\u00f3n de Zamora.&quot;Turismo Sostenible&quot;.","description":"(Espa\u00f1ol) Turismo sostenible. Patronato de Turismo de la Diputaci\u00f3n de Zamora.&quot;Turismo Sostenible&quot;.","publisher":{"@id":"https:\/\/turismoenzamora.es\/pt\/#organization"},"potentialAction":[{"@type":"SearchAction","target":{"@type":"EntryPoint","urlTemplate":"https:\/\/turismoenzamora.es\/pt\/?s={search_term_string}"},"query-input":"required name=search_term_string"}],"inLanguage":"zh-CN"},{"@type":"Organization","@id":"https:\/\/turismoenzamora.es\/pt\/#organization","name":"Patronato de Turismo de la Diputaci\u00f3n de Zamora","url":"https:\/\/turismoenzamora.es\/pt\/","logo":{"@type":"ImageObject","inLanguage":"zh-CN","@id":"https:\/\/turismoenzamora.es\/pt\/#\/schema\/logo\/image\/","url":"https:\/\/turismoenzamora.es\/wp-content\/uploads\/2018\/06\/ZamoraLogo.png","contentUrl":"https:\/\/turismoenzamora.es\/wp-content\/uploads\/2018\/06\/ZamoraLogo.png","width":1276,"height":290,"caption":"Patronato de Turismo de la Diputaci\u00f3n de Zamora"},"image":{"@id":"https:\/\/turismoenzamora.es\/pt\/#\/schema\/logo\/image\/"},"sameAs":["https:\/\/www.facebook.com\/ZamoraSpain\/","https:\/\/x.com\/ZamoraSpain","https:\/\/www.instagram.com\/turismoenzamora.es\/","https:\/\/www.pinterest.es\/TurismoenZamora\/","https:\/\/www.youtube.com\/channel\/UC2bOyOZ-2cLm-uXlBFYUV9w"]}]}},"_links":{"self":[{"href":"https:\/\/turismoenzamora.es\/zh\/wp-json\/wp\/v2\/pages\/136"}],"collection":[{"href":"https:\/\/turismoenzamora.es\/zh\/wp-json\/wp\/v2\/pages"}],"about":[{"href":"https:\/\/turismoenzamora.es\/zh\/wp-json\/wp\/v2\/types\/page"}],"author":[{"embeddable":true,"href":"https:\/\/turismoenzamora.es\/zh\/wp-json\/wp\/v2\/users\/1"}],"replies":[{"embeddable":true,"href":"https:\/\/turismoenzamora.es\/zh\/wp-json\/wp\/v2\/comments?post=136"}],"version-history":[{"count":0,"href":"https:\/\/turismoenzamora.es\/zh\/wp-json\/wp\/v2\/pages\/136\/revisions"}],"up":[{"embeddable":true,"href":"https:\/\/turismoenzamora.es\/zh\/wp-json\/wp\/v2\/pages\/91"}],"wp:attachment":[{"href":"https:\/\/turismoenzamora.es\/zh\/wp-json\/wp\/v2\/media?parent=136"}],"curies":[{"name":"wp","href":"https:\/\/api.w.org\/{rel}","templated":true}]}}