{"id":122,"date":"2017-08-07T07:28:58","date_gmt":"2017-08-07T05:28:58","guid":{"rendered":"https:\/\/newweb.turismoenzamora.es\/?page_id=122"},"modified":"2021-10-20T10:27:30","modified_gmt":"2021-10-20T08:27:30","slug":"sanabria","status":"publish","type":"page","link":"https:\/\/turismoenzamora.es\/zh\/patrimonio-natural\/sanabria\/","title":{"rendered":"Sanabria"},"content":{"rendered":"<p><\/p>\n<h1>Sanabria<br \/>\n\u8428\u7eb3\u592b\u2fa5\u4e9a\u56fd\u5bb6\u516c\u56ed<\/h1>\n<p><img fetchpriority=\"high\" decoding=\"async\" class=\"aligncenter size-full wp-image-6924\" src=\"https:\/\/turismoenzamora.es\/wp-content\/uploads\/2017\/08\/Patrimonio-naturasanabrial.jpg\" alt=\"\" width=\"900\" height=\"501\" data-id=\"6924\" srcset=\"https:\/\/turismoenzamora.es\/wp-content\/uploads\/2017\/08\/Patrimonio-naturasanabrial.jpg 900w, https:\/\/turismoenzamora.es\/wp-content\/uploads\/2017\/08\/Patrimonio-naturasanabrial-300x167.jpg 300w, https:\/\/turismoenzamora.es\/wp-content\/uploads\/2017\/08\/Patrimonio-naturasanabrial-768x428.jpg 768w\" sizes=\"(max-width: 900px) 100vw, 900px\" \/><\/p>\n<h1>&nbsp;<\/h1>\n<p style=\"text-align: justify;\">\u8be5\u516c\u56ed\u2f6c\u524d\u5360\u573022365\u516c\u9877\uff0c\u4e3b\u8981\u5305\u62ec\u585e\u8d21\u5fb7\u62c9\u2f2d\u8109Sierra de Segundera\u548c\u62c9\u5361\u592b\u96f7\u62c9\u2f2d\u8109Sierra de Cabrera\u3002 \u8428\u7eb3\u592b\u2fa5 \u4e9a\u2f83\u7136\u516c\u56ed\u662f\u5728\u2f50\u5229\u2f5c\u65af\u56fd\u5bb6\u516c\u56ed\u4e4b\u540e\uff0c\u62e5\u6709\u2ec4\u73ed\u2f5b\u2faf\u79ef\u6700 \u2f24\u3001\u6570\u91cf\u6700\u591a\u7684\u51b0\u5ddd\u6e56\u7fa4\u7684\u56fd\u5bb6\u7ea7\u2f83\u7136\u516c\u56ed\u3002\u5176\u4e2d\u2f00\u4e9b\u6781\u5177\u79d1 \u7814\u4ef7\u503c\uff0c\u4e14\u58ee\u4e3d\u2fae\u51e1\uff0c\u4f46\u5b83\u4eec\u5730\u5904\u504f\u8fdc\uff0c\u2f08\u7fa4\u96be\u4ee5\u89e6\u53ca\uff0c\u6240\u4ee5 \u2f0f\u4e4e\u4e0d\u53d7\u2f08\u7c7b\u5f71\u54cd\uff0c\u7eaf\u7cb9\u5929\u7136\u3002 \u5728\u6240\u6709\u666f\u2f8a\u4e2d\uff0c\u6700\u4ee4\u2f08\u5370\u8c61\u6df1\u523b\u7684\u2f46\u7591\u662f\u8428\u7eb3\u592b\u2fa5\u4e9a\u6e56Lago de Sanabria\u3002\u5b83\u80fd\u6210\u4e3a\u5982\u6b64\u4f20\u5947\uff0c\u662f\u56e0\u4e3a\u5b83\u662f\u90a3\u4e48\u7684\u53e4\u2f7c\u3002 \u5b83\u662f\u5728\u672b\u6b21\u51b0\u671f\u662f\u88ab\u51b2\u5237\u51fa\u6765\u7684\uff08\u672b\u6b21\u51b0\u671f\u53d1\u2f63\u4e8e\u7b2c\u56db\u7eaa\u7684\u66f4 \u65b0\u4e16\u665a\u671f\uff0c\u59cb\u4e8e\u7ea611\u4e07\u5e74\u524d\uff0c\u7ec8\u4e8e1.2\u4e07\u5e74\u524d\uff09\u3002\u5982\u6b64\u53e4\u2f7c\u7684 \u51bb\u6e56\uff0c\u5b9e\u5c5e\u7f55\u2ec5\u3002\u8428\u7eb3\u592b\u2fa5\u4e9a\u6e56\u6700\u2ed3\u5904\u2ed3\u8fbe3178\u2f76\uff0c\u5bbd\u5ea6\u4e3a 1590\u2f76\uff0c\u2faf\u79ef\u8fd1320\u516c\u9877\uff0c\u6700\u2f24\u6df1\u5ea6\u2f8451\u2f76\u3002 \u8428\u7eb3\u592b\u2fa5\u4e9a\u2f83\u7136\u56ed\u533a\u4f9d\u2f2d\u4f34\u2f54\uff0c\u8fd9\u2fa5\u2f83\u7136\u2f63\u6d3b\u7740\u8bb8\u591a\u2f54\u2f63\u52a8 \u7269\u3002\u5176\u4e2d\u503c\u5f97\u2f00\u63d0\u7684\u662f\uff0c\u5f53\u5730\u9cdf\u2ee5\u3002\u56e0\u4e3a\u5f53\u5730\u7684\u2f54\u6e90\u5929\u7136\u4e14\u2f32 \u51c0\uff0c\u6240\u4ee5\u8428\u7eb3\u592b\u2fa5\u4e9a\u6e56\u4e2d\u7684\u9cdf\u2ee5\u4f1a\u2ed3\u5f97\u683c\u5916\u2f24\uff0c\u4e14\u2ee5\u2f81\u4f1a\u50cf\u9c91 \u2ee5\u90a3\u6837\u6210\u73b0\u6de1\u7c89\u7ea2\u2f8a\uff0c\u8fd9\u79cd\u73b0\u8c61\u53ea\u6709\u5728\u7eaf\u51c0\u7684\u6eaa\u6cb3\u4e2d\u624d\u80fd\u9020 \u6210\u3002 \u5bc6\u96c6\u7684\u68ee\u6797\u8986\u76d6\u7387\u4e0b\uff0c\u8fd8\u6709\u591a\u8fbe41\u79cd\u7684\u54fa\u4e73\u52a8\u7269\u2f63\u6d3b\u5728\u8fd9 \u2fa5\uff0c\u5176\u4e2d\u5c31\u5305\u62ec\u8e2a\u8ff9\u96be\u5bfb\u7684\u2f50\u5229\u2f5c\u65af\u9f2c\u2fcf\uff0c\u8fd8\u6709\u9f2c\u5bb6\u65cf\u7684\u5404\u4f4d \u6210\u5458\uff0c\u5982\u2f54\u736d\uff0c\u677e\u8c82\uff0c\u2f69\u9f2c\uff0c\u2f2d\u2f51\u6989\u548c\u6b27\u6d32\u737e\u3002 \u5176\u4ed6\u8f83\u2f24\u7684 \u54fa\u4e73\u52a8\u7269\u8fd8\u5305\u62ec\u72cd\u2f26\uff0c\u91ce\u2f2d\u732a\u548c\u6591\u732b\u3002 \u4ee5\u53ca\u2f00\u767e\u56db\u2f17\u2f06\u79cd\u2ee6\u7c7b\u5305\u62ec\u663c\u591c\u731b\u79bd\uff0c\u5982\u2fa6\u9e70\uff0c\u8702\u871c\u79c3\u9e70\uff0c\u6e38 \u96bc\uff0c\u79c3\u9e70\uff0c\u7ea2\u96bc\u548c\u732b\u5934\u9e70\uff0c\u4ee5\u53ca\u7ea2\u80cc\u4f2f\u52b3\uff0c\u2ee9\u5634\uff0c\u84dd\u5589\u548c\u9e67\u7b49 \u2ee6\u7c7b\u3002 \u4f60\u8fd8\u80fd\u968f\u5904\u2ec5\u5230\u96c0\u79d1\u7684\u6b27\u6d32\u5e38\u2ec5\u2ee6\u7c7b\uff0c\u5982\u77e5\u66f4\u2ee6\uff0c\u677e \u9e26\u548c\u6234\u80dc\u2ee6\u7ecf\u5e38\u51fa\u73b0\u5728\u6a61\u6811\u6797\u4e2d\u3002 \u690d\u7269\u2f63\u547d\u7684\u591a\u6837\u6027\u662f\u5de8\u2f24\u7684\uff0c\u2fbc\u8fbe\u2f24\u7ea61500\u79cd\u3002\u5176\u4e2d\u2f00\u4e9b\u662f \u4f0a\u2f50\u5229\u4e9a\u534a\u5c9b\u72ec\u6709\u7684\u3002 \u4e3b\u8981\u7684\u6811\u2f4a\u2f24\u4f53\u662f\u6a61\u6811\uff0c\u7f57\u2f42\uff0c\u51ac \u2ed8\uff0c\u7ea2\u2f96\u6749\uff0c\u6866\u6811\u548c\u6817\u2f26\u4e5f\u662f\u968f\u5904\u53ef\u4ee5\u3002<\/p>\n<p><img decoding=\"async\" class=\" wp-image-458 alignright\" src=\"https:\/\/turismoenzamora.es\/wp-content\/uploads\/2017\/08\/21-_deporte_KAYAK_LAGO_0019-300x176.jpg\" alt=\"\" width=\"359\" height=\"211\" srcset=\"https:\/\/turismoenzamora.es\/wp-content\/uploads\/2017\/08\/21-_deporte_KAYAK_LAGO_0019-300x176.jpg 300w, https:\/\/turismoenzamora.es\/wp-content\/uploads\/2017\/08\/21-_deporte_KAYAK_LAGO_0019.jpg 640w\" sizes=\"(max-width: 359px) 100vw, 359px\" \/><\/p>\n<p style=\"text-align: justify;\">\u8428\u7eb3\u592b\u2fa5\u4e9a\u2f83\u7136\u516c\u56ed\u867d\u7136\u4f5c\u4e3a\u2f83\u7136\u4fdd\u62a4\u533a\u5374\u4e0d\u662f\u4e0e\u2f08\u5206\u9694\u5f00 \u7684\uff0c\u56e0\u6b64\u5b83\u4e5f\u6210\u4e3a\u4e86\u2f00\u4e2a\u2fae\u5e38\u5b8c\u7f8e\u7684\u2f83\u7136\u6d3b\u52a8\u7a7a\u95f4\u3002\u9644\u8fd1\u5404\u4e2a \u2f29\u9547\u7684\u5c45\u2ea0\u548c\u5404\u5730\u5230\u6765\u65c5\u6e38\u7231\u597d\u8005\u4eec\uff0c\u90fd\u4f1a\u5728\u6b64\u4e3e\u529e\u5404\u79cd\u2f42\u4f53 \u6d3b\u52a8\uff1a \u6625\u5929\u65f6\u523b\uff0c\u2f2d\u5730\u7231\u597d\u8005\u4f1a\u7eb7\u2f84\u6c93\u6765\uff0c\u8428\u7eb3\u592b\u2fa5\u4e9a\u2f2d\u7684\u2fbc\u6d77\u62d4\u662f \u2f08\u4eec\u5f81\u670d\u2f83\u6211\u7684\u2f6c\u7684\u5730\u3002\u2f7d\u8854\u63a5\u8d77\u2f29\u9547\u4e0e\u2f2d\u8109\u7684\u516c\u8def\uff0c\u4e5f\u7ed9\u9a91 \u2f8f\u7231\u597d\u8005\u63d0\u4f9b\u7684\u6709\u4ed6\u4eec\u7684\u8d5b\u573a\u3002 \u5728\u590f\u5929\uff0c\u9633\u5149\u6c99\u6ee9\u4e0a\u7684\u4e3e\u529e\u5404\u79cd\u2f54\u4e0a\u8fd0\u52a8\uff0c\u5982\u5e06\u8239\u3001\u72ec\u2f4a\u2f88\u3002 \u968f\u7740\u79cb\u5929\u5230\u6765\uff0c\u2f2d\u2f95\u68ee\u6797\u5f00\u59cb\u589e\u6dfb\u4e86\u8bb8\u591a\u4e0d\u540c\u7684\u2f8a\u8c03\u3002 \u5728\u51ac\u5b63\uff0c\u8986\u76d6\u5176\u2f2d\u5cf0\u7684\u2f24\u96ea\uff0c\u66f4\u662f\u4ee5\u5176\u534e\u4e3d\u7684\u94f6\u5986\u7d20\u88f9\uff0c\u5438\u5f15 \u4e86\u5404\u5730\u5404\u56fd\u7684\u6e38\u5ba2\u3002<\/p>\n<p><a href=\"https:\/\/turismoenzamora.es\/wp-content\/uploads\/2020\/02\/Interior.pdf\" target=\"_blank\" rel=\"noopener noreferrer\"><img decoding=\"async\" class=\"size-full wp-image-4861 alignleft\" src=\"https:\/\/turismoenzamora.es\/wp-content\/uploads\/2017\/08\/masinfo-1.png\" alt=\"descarga\" width=\"63\" height=\"32\" data-id=\"4861\"><\/a><\/p>\n<p><\/p>","protected":false},"excerpt":{"rendered":"<p>Sanabria \u8428\u7eb3\u592b\u2fa5\u4e9a\u56fd\u5bb6\u516c\u56ed &nbsp; \u8be5\u516c\u56ed\u2f6c\u524d\u5360\u573022365\u516c\u9877\uff0c\u4e3b\u8981\u5305\u62ec\u585e\u8d21\u5fb7\u62c9\u2f2d\u8109Sier [&hellip;]<\/p>\n","protected":false},"author":1,"featured_media":0,"parent":91,"menu_order":3,"comment_status":"closed","ping_status":"closed","template":"","meta":{"inline_featured_image":false,"site-sidebar-layout":"default","site-content-layout":"default","ast-site-content-layout":"","site-content-style":"default","site-sidebar-style":"default","ast-global-header-display":"","ast-banner-title-visibility":"","ast-main-header-display":"","ast-hfb-above-header-display":"","ast-hfb-below-header-display":"","ast-hfb-mobile-header-display":"","site-post-title":"disabled","ast-breadcrumbs-content":"","ast-featured-img":"","footer-sml-layout":"","theme-transparent-header-meta":"default","adv-header-id-meta":"","stick-header-meta":"","header-above-stick-meta":"","header-main-stick-meta":"","header-below-stick-meta":"","astra-migrate-meta-layouts":"default","ast-page-background-enabled":"default","ast-page-background-meta":{"desktop":{"background-color":"","background-image":"","background-repeat":"repeat","background-position":"center center","background-size":"auto","background-attachment":"scroll","background-type":"","background-media":"","overlay-type":"","overlay-color":"","overlay-opacity":"","overlay-gradient":""},"tablet":{"background-color":"","background-image":"","background-repeat":"repeat","background-position":"center center","background-size":"auto","background-attachment":"scroll","background-type":"","background-media":"","overlay-type":"","overlay-color":"","overlay-opacity":"","overlay-gradient":""},"mobile":{"background-color":"","background-image":"","background-repeat":"repeat","background-position":"center center","background-size":"auto","background-attachment":"scroll","background-type":"","background-media":"","overlay-type":"","overlay-color":"","overlay-opacity":"","overlay-gradient":""}},"ast-content-background-meta":{"desktop":{"background-color":"var(--ast-global-color-5)","background-image":"","background-repeat":"repeat","background-position":"center center","background-size":"auto","background-attachment":"scroll","background-type":"","background-media":"","overlay-type":"","overlay-color":"","overlay-opacity":"","overlay-gradient":""},"tablet":{"background-color":"var(--ast-global-color-5)","background-image":"","background-repeat":"repeat","background-position":"center center","background-size":"auto","background-attachment":"scroll","background-type":"","background-media":"","overlay-type":"","overlay-color":"","overlay-opacity":"","overlay-gradient":""},"mobile":{"background-color":"var(--ast-global-color-5)","background-image":"","background-repeat":"repeat","background-position":"center center","background-size":"auto","background-attachment":"scroll","background-type":"","background-media":"","overlay-type":"","overlay-color":"","overlay-opacity":"","overlay-gradient":""}},"ngg_post_thumbnail":0,"footnotes":""},"yoast_head":"<!-- This site is optimized with the Yoast SEO plugin v23.0 - https:\/\/yoast.com\/wordpress\/plugins\/seo\/ -->\n<title>Turismo de Zamora , Turismo Sostenible<\/title>\n<meta name=\"description\" content=\"Esta es la p\u00e1gina Oficial de Turismo de Diputaci\u00f3n de Zamora, donde podr\u00e1 encontrar toda la informaci\u00f3n para disfrutar al m\u00e1ximo de nuestra provincia.\" \/>\n<meta name=\"robots\" content=\"index, follow, max-snippet:-1, max-image-preview:large, max-video-preview:-1\" \/>\n<link rel=\"canonical\" href=\"https:\/\/turismoenzamora.es\/patrimonio-natural\/sanabria\/\" \/>\n<meta property=\"og:locale\" content=\"zh_CN\" \/>\n<meta property=\"og:type\" content=\"article\" \/>\n<meta property=\"og:title\" content=\"Turismo de Zamora , Turismo Sostenible\" \/>\n<meta property=\"og:description\" content=\"Esta es la p\u00e1gina Oficial de Turismo de Diputaci\u00f3n de Zamora, donde podr\u00e1 encontrar toda la informaci\u00f3n para disfrutar al m\u00e1ximo de nuestra provincia.\" \/>\n<meta property=\"og:url\" content=\"https:\/\/turismoenzamora.es\/patrimonio-natural\/sanabria\/\" \/>\n<meta property=\"og:site_name\" content=\"(Espa\u00f1ol) Turismo sostenible. Patronato de Turismo de la Diputaci\u00f3n de Zamora.&quot;Turismo Sostenible&quot;.\" \/>\n<meta property=\"article:publisher\" content=\"https:\/\/www.facebook.com\/ZamoraSpain\/\" \/>\n<meta property=\"article:modified_time\" content=\"2021-10-20T08:27:30+00:00\" \/>\n<meta property=\"og:image\" content=\"https:\/\/turismoenzamora.es\/wp-content\/uploads\/2017\/08\/Patrimonio-naturasanabrial.jpg\" \/>\n<meta name=\"twitter:card\" content=\"summary_large_image\" \/>\n<meta name=\"twitter:site\" content=\"@ZamoraSpain\" \/>\n<meta name=\"twitter:label1\" content=\"\u9884\u8ba1\u9605\u8bfb\u65f6\u95f4\" \/>\n\t<meta name=\"twitter:data1\" content=\"15\u5206\" \/>\n<script type=\"application\/ld+json\" class=\"yoast-schema-graph\">{\"@context\":\"https:\/\/schema.org\",\"@graph\":[{\"@type\":\"WebPage\",\"@id\":\"https:\/\/turismoenzamora.es\/patrimonio-natural\/sanabria\/\",\"url\":\"https:\/\/turismoenzamora.es\/patrimonio-natural\/sanabria\/\",\"name\":\"Turismo de Zamora , Turismo Sostenible\",\"isPartOf\":{\"@id\":\"https:\/\/turismoenzamora.es\/pt\/#website\"},\"primaryImageOfPage\":{\"@id\":\"https:\/\/turismoenzamora.es\/patrimonio-natural\/sanabria\/#primaryimage\"},\"image\":{\"@id\":\"https:\/\/turismoenzamora.es\/patrimonio-natural\/sanabria\/#primaryimage\"},\"thumbnailUrl\":\"https:\/\/turismoenzamora.es\/wp-content\/uploads\/2017\/08\/Patrimonio-naturasanabrial.jpg\",\"datePublished\":\"2017-08-07T05:28:58+00:00\",\"dateModified\":\"2021-10-20T08:27:30+00:00\",\"description\":\"Esta es la p\u00e1gina Oficial de Turismo de Diputaci\u00f3n de Zamora, donde podr\u00e1 encontrar toda la informaci\u00f3n para disfrutar al m\u00e1ximo de nuestra provincia.\",\"breadcrumb\":{\"@id\":\"https:\/\/turismoenzamora.es\/patrimonio-natural\/sanabria\/#breadcrumb\"},\"inLanguage\":\"zh-CN\",\"potentialAction\":[{\"@type\":\"ReadAction\",\"target\":[\"https:\/\/turismoenzamora.es\/patrimonio-natural\/sanabria\/\"]}]},{\"@type\":\"ImageObject\",\"inLanguage\":\"zh-CN\",\"@id\":\"https:\/\/turismoenzamora.es\/patrimonio-natural\/sanabria\/#primaryimage\",\"url\":\"https:\/\/turismoenzamora.es\/wp-content\/uploads\/2017\/08\/Patrimonio-naturasanabrial.jpg\",\"contentUrl\":\"https:\/\/turismoenzamora.es\/wp-content\/uploads\/2017\/08\/Patrimonio-naturasanabrial.jpg\"},{\"@type\":\"BreadcrumbList\",\"@id\":\"https:\/\/turismoenzamora.es\/patrimonio-natural\/sanabria\/#breadcrumb\",\"itemListElement\":[{\"@type\":\"ListItem\",\"position\":1,\"name\":\"Portada\",\"item\":\"https:\/\/turismoenzamora.es\/\"},{\"@type\":\"ListItem\",\"position\":2,\"name\":\"Patrimonio Natural\",\"item\":\"https:\/\/turismoenzamora.es\/fr\/patrimonio-natural\/\"},{\"@type\":\"ListItem\",\"position\":3,\"name\":\"Sanabria\"}]},{\"@type\":\"WebSite\",\"@id\":\"https:\/\/turismoenzamora.es\/pt\/#website\",\"url\":\"https:\/\/turismoenzamora.es\/pt\/\",\"name\":\"Turismo sostenible. Patronato de Turismo de la Diputaci\u00f3n de Zamora.&quot;Turismo Sostenible&quot;.\",\"description\":\"(Espa\u00f1ol) Turismo sostenible. Patronato de Turismo de la Diputaci\u00f3n de Zamora.&quot;Turismo Sostenible&quot;.\",\"publisher\":{\"@id\":\"https:\/\/turismoenzamora.es\/pt\/#organization\"},\"potentialAction\":[{\"@type\":\"SearchAction\",\"target\":{\"@type\":\"EntryPoint\",\"urlTemplate\":\"https:\/\/turismoenzamora.es\/pt\/?s={search_term_string}\"},\"query-input\":\"required name=search_term_string\"}],\"inLanguage\":\"zh-CN\"},{\"@type\":\"Organization\",\"@id\":\"https:\/\/turismoenzamora.es\/pt\/#organization\",\"name\":\"Patronato de Turismo de la Diputaci\u00f3n de Zamora\",\"url\":\"https:\/\/turismoenzamora.es\/pt\/\",\"logo\":{\"@type\":\"ImageObject\",\"inLanguage\":\"zh-CN\",\"@id\":\"https:\/\/turismoenzamora.es\/pt\/#\/schema\/logo\/image\/\",\"url\":\"https:\/\/turismoenzamora.es\/wp-content\/uploads\/2018\/06\/ZamoraLogo.png\",\"contentUrl\":\"https:\/\/turismoenzamora.es\/wp-content\/uploads\/2018\/06\/ZamoraLogo.png\",\"width\":1276,\"height\":290,\"caption\":\"Patronato de Turismo de la Diputaci\u00f3n de Zamora\"},\"image\":{\"@id\":\"https:\/\/turismoenzamora.es\/pt\/#\/schema\/logo\/image\/\"},\"sameAs\":[\"https:\/\/www.facebook.com\/ZamoraSpain\/\",\"https:\/\/x.com\/ZamoraSpain\",\"https:\/\/www.instagram.com\/turismoenzamora.es\/\",\"https:\/\/www.pinterest.es\/TurismoenZamora\/\",\"https:\/\/www.youtube.com\/channel\/UC2bOyOZ-2cLm-uXlBFYUV9w\"]}]}<\/script>\n<!-- \/ Yoast SEO plugin. -->","yoast_head_json":{"title":"Turismo de Zamora , Turismo Sostenible","description":"Esta es la p\u00e1gina Oficial de Turismo de Diputaci\u00f3n de Zamora, donde podr\u00e1 encontrar toda la informaci\u00f3n para disfrutar al m\u00e1ximo de nuestra provincia.","robots":{"index":"index","follow":"follow","max-snippet":"max-snippet:-1","max-image-preview":"max-image-preview:large","max-video-preview":"max-video-preview:-1"},"canonical":"https:\/\/turismoenzamora.es\/patrimonio-natural\/sanabria\/","og_locale":"zh_CN","og_type":"article","og_title":"Turismo de Zamora , Turismo Sostenible","og_description":"Esta es la p\u00e1gina Oficial de Turismo de Diputaci\u00f3n de Zamora, donde podr\u00e1 encontrar toda la informaci\u00f3n para disfrutar al m\u00e1ximo de nuestra provincia.","og_url":"https:\/\/turismoenzamora.es\/patrimonio-natural\/sanabria\/","og_site_name":"(Espa\u00f1ol) Turismo sostenible. Patronato de Turismo de la Diputaci\u00f3n de Zamora.&quot;Turismo Sostenible&quot;.","article_publisher":"https:\/\/www.facebook.com\/ZamoraSpain\/","article_modified_time":"2021-10-20T08:27:30+00:00","og_image":[{"url":"https:\/\/turismoenzamora.es\/wp-content\/uploads\/2017\/08\/Patrimonio-naturasanabrial.jpg"}],"twitter_card":"summary_large_image","twitter_site":"@ZamoraSpain","twitter_misc":{"\u9884\u8ba1\u9605\u8bfb\u65f6\u95f4":"15\u5206"},"schema":{"@context":"https:\/\/schema.org","@graph":[{"@type":"WebPage","@id":"https:\/\/turismoenzamora.es\/patrimonio-natural\/sanabria\/","url":"https:\/\/turismoenzamora.es\/patrimonio-natural\/sanabria\/","name":"Turismo de Zamora , Turismo Sostenible","isPartOf":{"@id":"https:\/\/turismoenzamora.es\/pt\/#website"},"primaryImageOfPage":{"@id":"https:\/\/turismoenzamora.es\/patrimonio-natural\/sanabria\/#primaryimage"},"image":{"@id":"https:\/\/turismoenzamora.es\/patrimonio-natural\/sanabria\/#primaryimage"},"thumbnailUrl":"https:\/\/turismoenzamora.es\/wp-content\/uploads\/2017\/08\/Patrimonio-naturasanabrial.jpg","datePublished":"2017-08-07T05:28:58+00:00","dateModified":"2021-10-20T08:27:30+00:00","description":"Esta es la p\u00e1gina Oficial de Turismo de Diputaci\u00f3n de Zamora, donde podr\u00e1 encontrar toda la informaci\u00f3n para disfrutar al m\u00e1ximo de nuestra provincia.","breadcrumb":{"@id":"https:\/\/turismoenzamora.es\/patrimonio-natural\/sanabria\/#breadcrumb"},"inLanguage":"zh-CN","potentialAction":[{"@type":"ReadAction","target":["https:\/\/turismoenzamora.es\/patrimonio-natural\/sanabria\/"]}]},{"@type":"ImageObject","inLanguage":"zh-CN","@id":"https:\/\/turismoenzamora.es\/patrimonio-natural\/sanabria\/#primaryimage","url":"https:\/\/turismoenzamora.es\/wp-content\/uploads\/2017\/08\/Patrimonio-naturasanabrial.jpg","contentUrl":"https:\/\/turismoenzamora.es\/wp-content\/uploads\/2017\/08\/Patrimonio-naturasanabrial.jpg"},{"@type":"BreadcrumbList","@id":"https:\/\/turismoenzamora.es\/patrimonio-natural\/sanabria\/#breadcrumb","itemListElement":[{"@type":"ListItem","position":1,"name":"Portada","item":"https:\/\/turismoenzamora.es\/"},{"@type":"ListItem","position":2,"name":"Patrimonio Natural","item":"https:\/\/turismoenzamora.es\/fr\/patrimonio-natural\/"},{"@type":"ListItem","position":3,"name":"Sanabria"}]},{"@type":"WebSite","@id":"https:\/\/turismoenzamora.es\/pt\/#website","url":"https:\/\/turismoenzamora.es\/pt\/","name":"Turismo sostenible. Patronato de Turismo de la Diputaci\u00f3n de Zamora.&quot;Turismo Sostenible&quot;.","description":"(Espa\u00f1ol) Turismo sostenible. Patronato de Turismo de la Diputaci\u00f3n de Zamora.&quot;Turismo Sostenible&quot;.","publisher":{"@id":"https:\/\/turismoenzamora.es\/pt\/#organization"},"potentialAction":[{"@type":"SearchAction","target":{"@type":"EntryPoint","urlTemplate":"https:\/\/turismoenzamora.es\/pt\/?s={search_term_string}"},"query-input":"required name=search_term_string"}],"inLanguage":"zh-CN"},{"@type":"Organization","@id":"https:\/\/turismoenzamora.es\/pt\/#organization","name":"Patronato de Turismo de la Diputaci\u00f3n de Zamora","url":"https:\/\/turismoenzamora.es\/pt\/","logo":{"@type":"ImageObject","inLanguage":"zh-CN","@id":"https:\/\/turismoenzamora.es\/pt\/#\/schema\/logo\/image\/","url":"https:\/\/turismoenzamora.es\/wp-content\/uploads\/2018\/06\/ZamoraLogo.png","contentUrl":"https:\/\/turismoenzamora.es\/wp-content\/uploads\/2018\/06\/ZamoraLogo.png","width":1276,"height":290,"caption":"Patronato de Turismo de la Diputaci\u00f3n de Zamora"},"image":{"@id":"https:\/\/turismoenzamora.es\/pt\/#\/schema\/logo\/image\/"},"sameAs":["https:\/\/www.facebook.com\/ZamoraSpain\/","https:\/\/x.com\/ZamoraSpain","https:\/\/www.instagram.com\/turismoenzamora.es\/","https:\/\/www.pinterest.es\/TurismoenZamora\/","https:\/\/www.youtube.com\/channel\/UC2bOyOZ-2cLm-uXlBFYUV9w"]}]}},"_links":{"self":[{"href":"https:\/\/turismoenzamora.es\/zh\/wp-json\/wp\/v2\/pages\/122"}],"collection":[{"href":"https:\/\/turismoenzamora.es\/zh\/wp-json\/wp\/v2\/pages"}],"about":[{"href":"https:\/\/turismoenzamora.es\/zh\/wp-json\/wp\/v2\/types\/page"}],"author":[{"embeddable":true,"href":"https:\/\/turismoenzamora.es\/zh\/wp-json\/wp\/v2\/users\/1"}],"replies":[{"embeddable":true,"href":"https:\/\/turismoenzamora.es\/zh\/wp-json\/wp\/v2\/comments?post=122"}],"version-history":[{"count":0,"href":"https:\/\/turismoenzamora.es\/zh\/wp-json\/wp\/v2\/pages\/122\/revisions"}],"up":[{"embeddable":true,"href":"https:\/\/turismoenzamora.es\/zh\/wp-json\/wp\/v2\/pages\/91"}],"wp:attachment":[{"href":"https:\/\/turismoenzamora.es\/zh\/wp-json\/wp\/v2\/media?parent=122"}],"curies":[{"name":"wp","href":"https:\/\/api.w.org\/{rel}","templated":true}]}}