{"id":84,"date":"2017-08-04T16:01:00","date_gmt":"2017-08-04T14:01:00","guid":{"rendered":"https:\/\/newweb.turismoenzamora.es\/?page_id=84"},"modified":"2021-09-01T16:15:42","modified_gmt":"2021-09-01T14:15:42","slug":"patrimonio-gastronomico","status":"publish","type":"page","link":"https:\/\/turismoenzamora.es\/pt\/patrimonio-gastronomico\/","title":{"rendered":"Patrimonio Gastron\u00f3mico"},"content":{"rendered":"<p><\/p>\n<h1 class=\"title\">Gastronomia<\/h1>\n<p><img fetchpriority=\"high\" decoding=\"async\" class=\"aligncenter size-full wp-image-7001\" src=\"https:\/\/turismoenzamora.es\/wp-content\/uploads\/2018\/04\/Bodeg\u00f3n-Alimentos-Concha-Prada.jpg\" alt=\"\" data-id=\"7001\" width=\"3543\" height=\"1757\" srcset=\"https:\/\/turismoenzamora.es\/wp-content\/uploads\/2018\/04\/Bodeg\u00f3n-Alimentos-Concha-Prada.jpg 3543w, https:\/\/turismoenzamora.es\/wp-content\/uploads\/2018\/04\/Bodeg\u00f3n-Alimentos-Concha-Prada-300x149.jpg 300w, https:\/\/turismoenzamora.es\/wp-content\/uploads\/2018\/04\/Bodeg\u00f3n-Alimentos-Concha-Prada-768x381.jpg 768w, https:\/\/turismoenzamora.es\/wp-content\/uploads\/2018\/04\/Bodeg\u00f3n-Alimentos-Concha-Prada-1024x508.jpg 1024w\" sizes=\"(max-width: 3543px) 100vw, 3543px\" \/><\/p>\n<div class=\"description\">\n<p><strong>Zamora Com Muito Gosto&nbsp;<\/strong><\/p>\n<p>A gastronomia vem sempre definida pela personalidade da cada territ\u00f3rio e converte-se num elemento diferenciador e de identidade de cada comunidade. Zamora foi terra essencialmente pecu\u00e1ria e agr\u00edcola, por isso s\u00e3o pilares fundamentais da mesma os seus produtos aut\u00f3ctones, naturais e de primeira qualidade.<\/p>\n<p>Alguns pratos converteram-se em verdadeiros referentes da gastronomia zamorana, pela sua perman\u00eancia secular no receitu\u00e1rio popular e pela sua liga\u00e7\u00e3o \u00e0 sua zona de origem. O arroz \u00e0 zamorana, o bacalhau a la tranca e o polvo ou a truta \u00e0 sanabresa comp\u00f5em o grupo de refer\u00eancia da mais s\u00f3lida consist\u00eancia de um afamado receitu\u00e1rio, que se estende a todo tipo de comarcas e zonas, e que at\u00e9 a sua topon\u00edmia ajuda a \u201cbaptizar\u201d os pratos, quando se trata de identificar outras receitas cl\u00e1ssicas: habones de Sanabria, javali al tinto de Toro, borrachos de Tierra de Campos, tarte del C\u00edster ou ca\u00f1as \u00e0 zamorana. Receitas que fazem refer\u00eancia a cultivos ou ingredientes tradicionais e a esse passado agr\u00edcola e pecu\u00e1rio que hoje desemboca no compromisso das suas gentes pela manuten\u00e7\u00e3o e consumo de produtos da terra, com qualidade.<\/p>\n<p>No entanto, a gastronomia zamorana, tal como o resto da regi\u00e3o, espelha o momento que vive a cozinha espanhola, mant\u00e9m uma clara lideran\u00e7a na vanguarda durante a \u00faltima d\u00e9cada. Esta corrente tem levado os profissionais da cozinha a um novo mundo na t\u00e9cnica e interpreta\u00e7\u00e3o dos pratos; o conceito de inova\u00e7\u00e3o tocou fundo os profissionais zamoranos, que souberam transladar essas novas pr\u00e1ticas aos seus restaurantes. N\u00e3o \u00e9 raro encontrar como o nosso queijo zamorano, a truta ou o estufado de legumes sofreram uma transforma\u00e7\u00e3o no prato. Numerosas publica\u00e7\u00f5es especializadas e guias de restaurantes t\u00eam destacado e elogiado a cozinha de muitos restaurantes de Zamora e prov\u00edncia.<\/p>\n<p>E a isso \u00e9 preciso acrescentar o fen\u00f3meno da mini-cozinha que serviu para valorizar a tradicional tapa, t\u00e3o enraizada em Zamora. Gra\u00e7as ao envolvimento da restaura\u00e7\u00e3o zamorana potenciou-se esta f\u00f3rmula de cozinha criando tapas (petiscos) t\u00e3o requintadas como art\u00edsticas dando lugar \u00e0 c\u00e9lebre iniciativa \u201cDe tapas por Zamora\u201d, concurso em que participam grande parte dos estabelecimentos elaborando uma tapa para concursar com um pre\u00e7o de venda de um euro.<\/p>\n<div class=\"joomla_add_this\">\n<p>&nbsp;<\/p>\n<p><a href=\"https:\/\/turismoenzamora.es\/wp-content\/uploads\/2017\/08\/ZDP-Gastronom\u00eda-2016.pdf\"><img loading=\"lazy\" decoding=\"async\" class=\"size-full wp-image-2020 alignright\" src=\"https:\/\/turismoenzamora.es\/wp-content\/uploads\/2017\/08\/descarga-1.jpg\" alt=\"\" width=\"32\" height=\"40\"><\/a><\/p>\n<div style=\"overflow-x: auto;\">\n<table>\n<tbody>\n<tr>\n<td><a href=\"https:\/\/turismoenzamora.es\/queso\"><img decoding=\"async\" class=\"alignnone size-medium wp-image-1821\" src=\"https:\/\/turismoenzamora.es\/wp-content\/uploads\/2017\/08\/categoria-queso-gastronomiaa-300x149.jpg\" alt=\"\" width=\"300\" height=\"149\" srcset=\"https:\/\/turismoenzamora.es\/wp-content\/uploads\/2017\/08\/categoria-queso-gastronomiaa-300x149.jpg 300w, https:\/\/turismoenzamora.es\/wp-content\/uploads\/2017\/08\/categoria-queso-gastronomiaa.jpg 400w\" sizes=\"(max-width: 300px) 100vw, 300px\" \/><\/a><\/td>\n<td><a href=\"https:\/\/turismoenzamora.es\/harina\"><img loading=\"lazy\" decoding=\"async\" class=\"alignnone size-medium wp-image-1819\" src=\"https:\/\/turismoenzamora.es\/wp-content\/uploads\/2017\/08\/categoria-gastronomia-harinaa-300x149.jpg\" alt=\"\" width=\"300\" height=\"149\" srcset=\"https:\/\/turismoenzamora.es\/wp-content\/uploads\/2017\/08\/categoria-gastronomia-harinaa-300x149.jpg 300w, https:\/\/turismoenzamora.es\/wp-content\/uploads\/2017\/08\/categoria-gastronomia-harinaa.jpg 400w\" sizes=\"(max-width: 300px) 100vw, 300px\" \/><\/a><\/td>\n<td><a href=\"https:\/\/turismoenzamora.es\/chorizo\/\"><img loading=\"lazy\" decoding=\"async\" class=\"alignnone size-medium wp-image-1820\" src=\"https:\/\/turismoenzamora.es\/wp-content\/uploads\/2017\/08\/categoria-gastronomia-chorizoo-300x149.jpg\" alt=\"chorizo\" width=\"300\" height=\"149\" srcset=\"https:\/\/turismoenzamora.es\/wp-content\/uploads\/2017\/08\/categoria-gastronomia-chorizoo-300x149.jpg 300w, https:\/\/turismoenzamora.es\/wp-content\/uploads\/2017\/08\/categoria-gastronomia-chorizoo.jpg 400w\" sizes=\"(max-width: 300px) 100vw, 300px\" \/><\/a><\/td>\n<\/tr>\n<tr>\n<td align=\"center\"><a href=\"https:\/\/turismoenzamora.es\/queso\">QUEIJO<\/a><\/td>\n<td align=\"center\"><a href=\"https:\/\/turismoenzamora.es\/harina\">FARINHA<\/a><\/td>\n<td align=\"center\"><a href=\"https:\/\/turismoenzamora.es\/chorizo\">CHORIZO<\/a><\/td>\n<\/tr>\n<tr>\n<td><a href=\"https:\/\/turismoenzamora.es\/ternera-de-aliste\"><img loading=\"lazy\" decoding=\"async\" class=\"alignnone size-medium wp-image-1822\" src=\"https:\/\/turismoenzamora.es\/wp-content\/uploads\/2017\/08\/categoria-gastronomia-ternera_alistee-300x143.jpg\" alt=\"\" width=\"300\" height=\"143\" srcset=\"https:\/\/turismoenzamora.es\/wp-content\/uploads\/2017\/08\/categoria-gastronomia-ternera_alistee-300x143.jpg 300w, https:\/\/turismoenzamora.es\/wp-content\/uploads\/2017\/08\/categoria-gastronomia-ternera_alistee.jpg 400w\" sizes=\"(max-width: 300px) 100vw, 300px\" \/><\/a><\/td>\n<td><a href=\"https:\/\/turismoenzamora.es\/lechazo-de-castilla-y-leon\"><img loading=\"lazy\" decoding=\"async\" class=\"alignnone size-medium wp-image-1823\" src=\"https:\/\/turismoenzamora.es\/wp-content\/uploads\/2017\/08\/categoria-lechazo-gastronomiaa-300x143.jpg\" alt=\"\" width=\"300\" height=\"143\" srcset=\"https:\/\/turismoenzamora.es\/wp-content\/uploads\/2017\/08\/categoria-lechazo-gastronomiaa-300x143.jpg 300w, https:\/\/turismoenzamora.es\/wp-content\/uploads\/2017\/08\/categoria-lechazo-gastronomiaa.jpg 400w\" sizes=\"(max-width: 300px) 100vw, 300px\" \/><\/a><\/td>\n<td><a href=\"https:\/\/turismoenzamora.es\/habon-sanabres\"><img loading=\"lazy\" decoding=\"async\" class=\"alignnone size-medium wp-image-1824\" src=\"https:\/\/turismoenzamora.es\/wp-content\/uploads\/2017\/08\/categoria-gastronomia-habon_de_sanabriaa-300x149.jpg\" alt=\"\" width=\"300\" height=\"149\" srcset=\"https:\/\/turismoenzamora.es\/wp-content\/uploads\/2017\/08\/categoria-gastronomia-habon_de_sanabriaa-300x149.jpg 300w, https:\/\/turismoenzamora.es\/wp-content\/uploads\/2017\/08\/categoria-gastronomia-habon_de_sanabriaa.jpg 400w\" sizes=\"(max-width: 300px) 100vw, 300px\" \/><\/a><\/td>\n<\/tr>\n<tr>\n<td align=\"center\"><a href=\"https:\/\/turismoenzamora.es\/ternera-de-aliste\">VITELA DE ALISTE<\/a><\/td>\n<td align=\"center\"><a href=\"https:\/\/turismoenzamora.es\/lechazo-de-castilla-y-leon\">BORREGO DE CASTILLA Y LE\u00d3N<\/a><\/td>\n<td align=\"center\"><a href=\"https:\/\/turismoenzamora.es\/habon-sanabres\">FEI\u00c2O SANABR\u00c9S<\/a><\/td>\n<\/tr>\n<tr>\n<td><a href=\"https:\/\/turismoenzamora.es\/garbanzo-de-fuentesauco\"><img loading=\"lazy\" decoding=\"async\" class=\"alignnone size-medium wp-image-1825\" src=\"https:\/\/turismoenzamora.es\/wp-content\/uploads\/2017\/08\/categoria-gastronomia-garbanzoss-300x149.jpg\" alt=\"\" width=\"300\" height=\"149\" srcset=\"https:\/\/turismoenzamora.es\/wp-content\/uploads\/2017\/08\/categoria-gastronomia-garbanzoss-300x149.jpg 300w, https:\/\/turismoenzamora.es\/wp-content\/uploads\/2017\/08\/categoria-gastronomia-garbanzoss.jpg 400w\" sizes=\"(max-width: 300px) 100vw, 300px\" \/><\/a><\/td>\n<td><a href=\"https:\/\/turismoenzamora.es\/pimiento-de-fresno-benavente\"><img loading=\"lazy\" decoding=\"async\" class=\"alignnone size-medium wp-image-1826\" src=\"https:\/\/turismoenzamora.es\/wp-content\/uploads\/2017\/08\/categoria-gastronomia-pimientoo-300x143.jpg\" alt=\"\" width=\"300\" height=\"143\" srcset=\"https:\/\/turismoenzamora.es\/wp-content\/uploads\/2017\/08\/categoria-gastronomia-pimientoo-300x143.jpg 300w, https:\/\/turismoenzamora.es\/wp-content\/uploads\/2017\/08\/categoria-gastronomia-pimientoo.jpg 400w\" sizes=\"(max-width: 300px) 100vw, 300px\" \/><\/a><\/td>\n<td><a href=\"https:\/\/turismoenzamora.es\/minicocina-de-tapas-por-zamora\"><img loading=\"lazy\" decoding=\"async\" class=\"alignnone size-medium wp-image-1827\" src=\"https:\/\/turismoenzamora.es\/wp-content\/uploads\/2017\/08\/recetas-chanfaina-300x149.jpg\" alt=\"\" width=\"300\" height=\"149\" srcset=\"https:\/\/turismoenzamora.es\/wp-content\/uploads\/2017\/08\/recetas-chanfaina-300x149.jpg 300w, https:\/\/turismoenzamora.es\/wp-content\/uploads\/2017\/08\/recetas-chanfaina.jpg 400w\" sizes=\"(max-width: 300px) 100vw, 300px\" \/><\/a><\/td>\n<\/tr>\n<tr>\n<td align=\"center\"><a href=\"https:\/\/turismoenzamora.es\/garbanzo-de-fuentesauco\">GRAO-DE-BICO DE FUENTESA\u00daCO<\/a><\/td>\n<td align=\"center\"><a href=\"https:\/\/turismoenzamora.es\/pimiento-de-fresno-benavente\">PEMENTO DE FRESNO-BENAVENTE<\/a><\/td>\n<td align=\"center\"><a href=\"https:\/\/turismoenzamora.es\/minicocina-de-tapas-por-zamora\">MINICOCINA: DE TAPAS POR ZAMORA<\/a><\/td>\n<\/tr>\n<tr>\n<td><a href=\"https:\/\/turismoenzamora.es\/setas\"><img loading=\"lazy\" decoding=\"async\" class=\"alignnone size-medium wp-image-1828\" src=\"https:\/\/turismoenzamora.es\/wp-content\/uploads\/2017\/08\/categoria-gastronomia-setass-300x149.jpg\" alt=\"\" width=\"300\" height=\"149\" srcset=\"https:\/\/turismoenzamora.es\/wp-content\/uploads\/2017\/08\/categoria-gastronomia-setass-300x149.jpg 300w, https:\/\/turismoenzamora.es\/wp-content\/uploads\/2017\/08\/categoria-gastronomia-setass.jpg 400w\" sizes=\"(max-width: 300px) 100vw, 300px\" \/><\/a><\/td>\n<td><a href=\"https:\/\/turismoenzamora.es\/otros\"><img loading=\"lazy\" decoding=\"async\" class=\"alignnone size-medium wp-image-1829\" src=\"https:\/\/turismoenzamora.es\/wp-content\/uploads\/2017\/08\/categoria-gastronomia-castanas-300x149.jpg\" alt=\"\" width=\"300\" height=\"149\" srcset=\"https:\/\/turismoenzamora.es\/wp-content\/uploads\/2017\/08\/categoria-gastronomia-castanas-300x149.jpg 300w, https:\/\/turismoenzamora.es\/wp-content\/uploads\/2017\/08\/categoria-gastronomia-castanas.jpg 400w\" sizes=\"(max-width: 300px) 100vw, 300px\" \/><\/a><\/td>\n<\/tr>\n<tr>\n<td align=\"center\"><a href=\"https:\/\/turismoenzamora.es\/setas\">COGUMELOS DE CASTILLA Y LE\u00d3N<\/a><\/td>\n<td align=\"center\"><a href=\"https:\/\/turismoenzamora.es\/otros\">OUTROS<\/a><\/td>\n<\/tr>\n<\/tbody>\n<\/table>\n<\/div>\n<\/div>\n<\/div>\n<article class=\"item\">\n<header id=\"access\"><\/header>\n<div class=\"description\">&nbsp;<\/div>\n<\/article>\n<p><\/p>","protected":false},"excerpt":{"rendered":"<p>Gastronomia Zamora Com Muito Gosto&nbsp; A gastronomia vem sempre definida pela personalidade da cada territ\u00f3rio e converte-se num elemento diferenciador e de identidade de cada comunidade. Zamora foi terra essencialmente pecu\u00e1ria e agr\u00edcola, por isso s\u00e3o pilares fundamentais da mesma os seus produtos aut\u00f3ctones, naturais e de primeira qualidade. Alguns pratos converteram-se em verdadeiros referentes [&hellip;]<\/p>\n","protected":false},"author":1,"featured_media":0,"parent":0,"menu_order":5,"comment_status":"closed","ping_status":"closed","template":"","meta":{"inline_featured_image":false,"site-sidebar-layout":"default","site-content-layout":"","ast-site-content-layout":"","site-content-style":"default","site-sidebar-style":"default","ast-global-header-display":"","ast-banner-title-visibility":"","ast-main-header-display":"","ast-hfb-above-header-display":"","ast-hfb-below-header-display":"","ast-hfb-mobile-header-display":"","site-post-title":"","ast-breadcrumbs-content":"","ast-featured-img":"","footer-sml-layout":"","theme-transparent-header-meta":"","adv-header-id-meta":"","stick-header-meta":"","header-above-stick-meta":"","header-main-stick-meta":"","header-below-stick-meta":"","astra-migrate-meta-layouts":"default","ast-page-background-enabled":"default","ast-page-background-meta":{"desktop":{"background-color":"","background-image":"","background-repeat":"repeat","background-position":"center center","background-size":"auto","background-attachment":"scroll","background-type":"","background-media":"","overlay-type":"","overlay-color":"","overlay-opacity":"","overlay-gradient":""},"tablet":{"background-color":"","background-image":"","background-repeat":"repeat","background-position":"center center","background-size":"auto","background-attachment":"scroll","background-type":"","background-media":"","overlay-type":"","overlay-color":"","overlay-opacity":"","overlay-gradient":""},"mobile":{"background-color":"","background-image":"","background-repeat":"repeat","background-position":"center center","background-size":"auto","background-attachment":"scroll","background-type":"","background-media":"","overlay-type":"","overlay-color":"","overlay-opacity":"","overlay-gradient":""}},"ast-content-background-meta":{"desktop":{"background-color":"var(--ast-global-color-5)","background-image":"","background-repeat":"repeat","background-position":"center center","background-size":"auto","background-attachment":"scroll","background-type":"","background-media":"","overlay-type":"","overlay-color":"","overlay-opacity":"","overlay-gradient":""},"tablet":{"background-color":"var(--ast-global-color-5)","background-image":"","background-repeat":"repeat","background-position":"center center","background-size":"auto","background-attachment":"scroll","background-type":"","background-media":"","overlay-type":"","overlay-color":"","overlay-opacity":"","overlay-gradient":""},"mobile":{"background-color":"var(--ast-global-color-5)","background-image":"","background-repeat":"repeat","background-position":"center center","background-size":"auto","background-attachment":"scroll","background-type":"","background-media":"","overlay-type":"","overlay-color":"","overlay-opacity":"","overlay-gradient":""}},"ngg_post_thumbnail":0,"footnotes":""},"yoast_head":"<!-- This site is optimized with the Yoast SEO plugin v23.0 - https:\/\/yoast.com\/wordpress\/plugins\/seo\/ -->\n<title>Turismo de Zamora , Turismo Sostenible<\/title>\n<meta name=\"description\" content=\"Esta es la p\u00e1gina Oficial de Turismo de Diputaci\u00f3n de Zamora, donde podr\u00e1 encontrar toda la informaci\u00f3n para disfrutar al m\u00e1ximo de nuestra provincia.\" \/>\n<meta name=\"robots\" content=\"index, follow, max-snippet:-1, max-image-preview:large, max-video-preview:-1\" \/>\n<link rel=\"canonical\" href=\"https:\/\/turismoenzamora.es\/fr\/patrimonio-gastronomico\/\" \/>\n<meta property=\"og:locale\" content=\"pt_PT\" \/>\n<meta property=\"og:type\" content=\"article\" \/>\n<meta property=\"og:title\" content=\"Turismo de Zamora , Turismo Sostenible\" \/>\n<meta property=\"og:description\" content=\"Esta es la p\u00e1gina Oficial de Turismo de Diputaci\u00f3n de Zamora, donde podr\u00e1 encontrar toda la informaci\u00f3n para disfrutar al m\u00e1ximo de nuestra provincia.\" \/>\n<meta property=\"og:url\" content=\"https:\/\/turismoenzamora.es\/fr\/patrimonio-gastronomico\/\" \/>\n<meta property=\"og:site_name\" content=\"Turismo em Zamora\" \/>\n<meta property=\"article:publisher\" content=\"https:\/\/www.facebook.com\/ZamoraSpain\/\" \/>\n<meta property=\"article:modified_time\" content=\"2021-09-01T14:15:42+00:00\" \/>\n<meta property=\"og:image\" content=\"https:\/\/turismoenzamora.es\/wp-content\/uploads\/2017\/08\/descarga-1.jpg\" \/>\n<meta name=\"twitter:card\" content=\"summary_large_image\" \/>\n<meta name=\"twitter:site\" content=\"@ZamoraSpain\" \/>\n<meta name=\"twitter:label1\" content=\"Tempo estimado de leitura\" \/>\n\t<meta name=\"twitter:data1\" content=\"11 minutos\" \/>\n<script type=\"application\/ld+json\" class=\"yoast-schema-graph\">{\"@context\":\"https:\/\/schema.org\",\"@graph\":[{\"@type\":\"WebPage\",\"@id\":\"https:\/\/turismoenzamora.es\/fr\/patrimonio-gastronomico\/\",\"url\":\"https:\/\/turismoenzamora.es\/fr\/patrimonio-gastronomico\/\",\"name\":\"Turismo de Zamora , Turismo Sostenible\",\"isPartOf\":{\"@id\":\"https:\/\/turismoenzamora.es\/pt\/#website\"},\"primaryImageOfPage\":{\"@id\":\"https:\/\/turismoenzamora.es\/fr\/patrimonio-gastronomico\/#primaryimage\"},\"image\":{\"@id\":\"https:\/\/turismoenzamora.es\/fr\/patrimonio-gastronomico\/#primaryimage\"},\"thumbnailUrl\":\"https:\/\/turismoenzamora.es\/wp-content\/uploads\/2017\/08\/descarga-1.jpg\",\"datePublished\":\"2017-08-04T14:01:00+00:00\",\"dateModified\":\"2021-09-01T14:15:42+00:00\",\"description\":\"Esta es la p\u00e1gina Oficial de Turismo de Diputaci\u00f3n de Zamora, donde podr\u00e1 encontrar toda la informaci\u00f3n para disfrutar al m\u00e1ximo de nuestra provincia.\",\"breadcrumb\":{\"@id\":\"https:\/\/turismoenzamora.es\/fr\/patrimonio-gastronomico\/#breadcrumb\"},\"inLanguage\":\"pt-PT\",\"potentialAction\":[{\"@type\":\"ReadAction\",\"target\":[\"https:\/\/turismoenzamora.es\/fr\/patrimonio-gastronomico\/\"]}]},{\"@type\":\"ImageObject\",\"inLanguage\":\"pt-PT\",\"@id\":\"https:\/\/turismoenzamora.es\/fr\/patrimonio-gastronomico\/#primaryimage\",\"url\":\"https:\/\/turismoenzamora.es\/wp-content\/uploads\/2017\/08\/descarga-1.jpg\",\"contentUrl\":\"https:\/\/turismoenzamora.es\/wp-content\/uploads\/2017\/08\/descarga-1.jpg\"},{\"@type\":\"BreadcrumbList\",\"@id\":\"https:\/\/turismoenzamora.es\/fr\/patrimonio-gastronomico\/#breadcrumb\",\"itemListElement\":[{\"@type\":\"ListItem\",\"position\":1,\"name\":\"Portada\",\"item\":\"https:\/\/turismoenzamora.es\/\"},{\"@type\":\"ListItem\",\"position\":2,\"name\":\"Patrimonio Gastron\u00f3mico\"}]},{\"@type\":\"WebSite\",\"@id\":\"https:\/\/turismoenzamora.es\/pt\/#website\",\"url\":\"https:\/\/turismoenzamora.es\/pt\/\",\"name\":\"Turismo sostenible. Patronato de Turismo de la Diputaci\u00f3n de Zamora.&quot;Turismo Sostenible&quot;.\",\"description\":\"Turismo Sustent\u00e1vel Posto de Turismo da Diputaci\u00f3n de Zamora\",\"publisher\":{\"@id\":\"https:\/\/turismoenzamora.es\/pt\/#organization\"},\"potentialAction\":[{\"@type\":\"SearchAction\",\"target\":{\"@type\":\"EntryPoint\",\"urlTemplate\":\"https:\/\/turismoenzamora.es\/pt\/?s={search_term_string}\"},\"query-input\":\"required name=search_term_string\"}],\"inLanguage\":\"pt-PT\"},{\"@type\":\"Organization\",\"@id\":\"https:\/\/turismoenzamora.es\/pt\/#organization\",\"name\":\"Patronato de Turismo de la Diputaci\u00f3n de Zamora\",\"url\":\"https:\/\/turismoenzamora.es\/pt\/\",\"logo\":{\"@type\":\"ImageObject\",\"inLanguage\":\"pt-PT\",\"@id\":\"https:\/\/turismoenzamora.es\/pt\/#\/schema\/logo\/image\/\",\"url\":\"https:\/\/turismoenzamora.es\/wp-content\/uploads\/2018\/06\/ZamoraLogo.png\",\"contentUrl\":\"https:\/\/turismoenzamora.es\/wp-content\/uploads\/2018\/06\/ZamoraLogo.png\",\"width\":1276,\"height\":290,\"caption\":\"Patronato de Turismo de la Diputaci\u00f3n de Zamora\"},\"image\":{\"@id\":\"https:\/\/turismoenzamora.es\/pt\/#\/schema\/logo\/image\/\"},\"sameAs\":[\"https:\/\/www.facebook.com\/ZamoraSpain\/\",\"https:\/\/x.com\/ZamoraSpain\",\"https:\/\/www.instagram.com\/turismoenzamora.es\/\",\"https:\/\/www.pinterest.es\/TurismoenZamora\/\",\"https:\/\/www.youtube.com\/channel\/UC2bOyOZ-2cLm-uXlBFYUV9w\"]}]}<\/script>\n<!-- \/ Yoast SEO plugin. -->","yoast_head_json":{"title":"Turismo de Zamora , Turismo Sostenible","description":"Esta es la p\u00e1gina Oficial de Turismo de Diputaci\u00f3n de Zamora, donde podr\u00e1 encontrar toda la informaci\u00f3n para disfrutar al m\u00e1ximo de nuestra provincia.","robots":{"index":"index","follow":"follow","max-snippet":"max-snippet:-1","max-image-preview":"max-image-preview:large","max-video-preview":"max-video-preview:-1"},"canonical":"https:\/\/turismoenzamora.es\/fr\/patrimonio-gastronomico\/","og_locale":"pt_PT","og_type":"article","og_title":"Turismo de Zamora , Turismo Sostenible","og_description":"Esta es la p\u00e1gina Oficial de Turismo de Diputaci\u00f3n de Zamora, donde podr\u00e1 encontrar toda la informaci\u00f3n para disfrutar al m\u00e1ximo de nuestra provincia.","og_url":"https:\/\/turismoenzamora.es\/fr\/patrimonio-gastronomico\/","og_site_name":"Turismo em Zamora","article_publisher":"https:\/\/www.facebook.com\/ZamoraSpain\/","article_modified_time":"2021-09-01T14:15:42+00:00","og_image":[{"url":"https:\/\/turismoenzamora.es\/wp-content\/uploads\/2017\/08\/descarga-1.jpg"}],"twitter_card":"summary_large_image","twitter_site":"@ZamoraSpain","twitter_misc":{"Tempo estimado de leitura":"11 minutos"},"schema":{"@context":"https:\/\/schema.org","@graph":[{"@type":"WebPage","@id":"https:\/\/turismoenzamora.es\/fr\/patrimonio-gastronomico\/","url":"https:\/\/turismoenzamora.es\/fr\/patrimonio-gastronomico\/","name":"Turismo de Zamora , Turismo Sostenible","isPartOf":{"@id":"https:\/\/turismoenzamora.es\/pt\/#website"},"primaryImageOfPage":{"@id":"https:\/\/turismoenzamora.es\/fr\/patrimonio-gastronomico\/#primaryimage"},"image":{"@id":"https:\/\/turismoenzamora.es\/fr\/patrimonio-gastronomico\/#primaryimage"},"thumbnailUrl":"https:\/\/turismoenzamora.es\/wp-content\/uploads\/2017\/08\/descarga-1.jpg","datePublished":"2017-08-04T14:01:00+00:00","dateModified":"2021-09-01T14:15:42+00:00","description":"Esta es la p\u00e1gina Oficial de Turismo de Diputaci\u00f3n de Zamora, donde podr\u00e1 encontrar toda la informaci\u00f3n para disfrutar al m\u00e1ximo de nuestra provincia.","breadcrumb":{"@id":"https:\/\/turismoenzamora.es\/fr\/patrimonio-gastronomico\/#breadcrumb"},"inLanguage":"pt-PT","potentialAction":[{"@type":"ReadAction","target":["https:\/\/turismoenzamora.es\/fr\/patrimonio-gastronomico\/"]}]},{"@type":"ImageObject","inLanguage":"pt-PT","@id":"https:\/\/turismoenzamora.es\/fr\/patrimonio-gastronomico\/#primaryimage","url":"https:\/\/turismoenzamora.es\/wp-content\/uploads\/2017\/08\/descarga-1.jpg","contentUrl":"https:\/\/turismoenzamora.es\/wp-content\/uploads\/2017\/08\/descarga-1.jpg"},{"@type":"BreadcrumbList","@id":"https:\/\/turismoenzamora.es\/fr\/patrimonio-gastronomico\/#breadcrumb","itemListElement":[{"@type":"ListItem","position":1,"name":"Portada","item":"https:\/\/turismoenzamora.es\/"},{"@type":"ListItem","position":2,"name":"Patrimonio Gastron\u00f3mico"}]},{"@type":"WebSite","@id":"https:\/\/turismoenzamora.es\/pt\/#website","url":"https:\/\/turismoenzamora.es\/pt\/","name":"Turismo sostenible. Patronato de Turismo de la Diputaci\u00f3n de Zamora.&quot;Turismo Sostenible&quot;.","description":"Turismo Sustent\u00e1vel Posto de Turismo da Diputaci\u00f3n de Zamora","publisher":{"@id":"https:\/\/turismoenzamora.es\/pt\/#organization"},"potentialAction":[{"@type":"SearchAction","target":{"@type":"EntryPoint","urlTemplate":"https:\/\/turismoenzamora.es\/pt\/?s={search_term_string}"},"query-input":"required name=search_term_string"}],"inLanguage":"pt-PT"},{"@type":"Organization","@id":"https:\/\/turismoenzamora.es\/pt\/#organization","name":"Patronato de Turismo de la Diputaci\u00f3n de Zamora","url":"https:\/\/turismoenzamora.es\/pt\/","logo":{"@type":"ImageObject","inLanguage":"pt-PT","@id":"https:\/\/turismoenzamora.es\/pt\/#\/schema\/logo\/image\/","url":"https:\/\/turismoenzamora.es\/wp-content\/uploads\/2018\/06\/ZamoraLogo.png","contentUrl":"https:\/\/turismoenzamora.es\/wp-content\/uploads\/2018\/06\/ZamoraLogo.png","width":1276,"height":290,"caption":"Patronato de Turismo de la Diputaci\u00f3n de Zamora"},"image":{"@id":"https:\/\/turismoenzamora.es\/pt\/#\/schema\/logo\/image\/"},"sameAs":["https:\/\/www.facebook.com\/ZamoraSpain\/","https:\/\/x.com\/ZamoraSpain","https:\/\/www.instagram.com\/turismoenzamora.es\/","https:\/\/www.pinterest.es\/TurismoenZamora\/","https:\/\/www.youtube.com\/channel\/UC2bOyOZ-2cLm-uXlBFYUV9w"]}]}},"_links":{"self":[{"href":"https:\/\/turismoenzamora.es\/pt\/wp-json\/wp\/v2\/pages\/84"}],"collection":[{"href":"https:\/\/turismoenzamora.es\/pt\/wp-json\/wp\/v2\/pages"}],"about":[{"href":"https:\/\/turismoenzamora.es\/pt\/wp-json\/wp\/v2\/types\/page"}],"author":[{"embeddable":true,"href":"https:\/\/turismoenzamora.es\/pt\/wp-json\/wp\/v2\/users\/1"}],"replies":[{"embeddable":true,"href":"https:\/\/turismoenzamora.es\/pt\/wp-json\/wp\/v2\/comments?post=84"}],"version-history":[{"count":0,"href":"https:\/\/turismoenzamora.es\/pt\/wp-json\/wp\/v2\/pages\/84\/revisions"}],"wp:attachment":[{"href":"https:\/\/turismoenzamora.es\/pt\/wp-json\/wp\/v2\/media?parent=84"}],"curies":[{"name":"wp","href":"https:\/\/api.w.org\/{rel}","templated":true}]}}