{"id":4848,"date":"2017-10-17T16:30:24","date_gmt":"2017-10-17T14:30:24","guid":{"rendered":"https:\/\/newweb.turismoenzamora.es\/?page_id=4848"},"modified":"2021-09-17T12:00:11","modified_gmt":"2021-09-17T10:00:11","slug":"reserva-de-la-biosfera-meseta-iberica","status":"publish","type":"page","link":"https:\/\/turismoenzamora.es\/pt\/patrimonio-natural\/reserva-de-la-biosfera-meseta-iberica\/","title":{"rendered":"Reserva de la Biosfera Meseta Ib\u00e9rica"},"content":{"rendered":"\t\t<div data-elementor-type=\"wp-page\" data-elementor-id=\"4848\" class=\"elementor elementor-4848\" data-elementor-post-type=\"page\">\n\t\t\t\t\t\t<section class=\"elementor-section elementor-top-section elementor-element elementor-element-421c890b elementor-section-boxed elementor-section-height-default elementor-section-height-default\" data-id=\"421c890b\" data-element_type=\"section\">\n\t\t\t\t\t\t<div class=\"elementor-container elementor-column-gap-default\">\n\t\t\t\t\t<div class=\"elementor-column elementor-col-100 elementor-top-column elementor-element elementor-element-429e24be\" data-id=\"429e24be\" data-element_type=\"column\">\n\t\t\t<div class=\"elementor-widget-wrap elementor-element-populated\">\n\t\t\t\t\t\t<div class=\"elementor-element elementor-element-3ade1902 elementor-widget elementor-widget-text-editor\" data-id=\"3ade1902\" data-element_type=\"widget\" data-widget_type=\"text-editor.default\">\n\t\t\t\t<div class=\"elementor-widget-container\">\n\t\t\t\t\t\t\t<p>&nbsp;<\/p>\n<h1 style=\"padding-left: 70px; padding-right: 70px;\">A Reserva da Biosfera Transfronteiri\u00e7a Meseta Ib\u00e9rica<\/h1>\n<p><\/p>\n<p style=\"padding-left: 70px; padding-right: 70px;\"><img fetchpriority=\"high\" decoding=\"async\" class=\"wp-image-13197 alignleft\" src=\"https:\/\/www.turismoenzamora.es\/wp-content\/uploads\/2021\/09\/MesetaIberica_cmyk.jpg\" alt=\"\" width=\"341\" height=\"185\" srcset=\"https:\/\/turismoenzamora.es\/wp-content\/uploads\/2021\/09\/MesetaIberica_cmyk.jpg 736w, https:\/\/turismoenzamora.es\/wp-content\/uploads\/2021\/09\/MesetaIberica_cmyk-300x163.jpg 300w\" sizes=\"(max-width: 341px) 100vw, 341px\" \/>Com os seus 11.326 quil\u00f3metros quadrados que englobam a raia fronteiri\u00e7a entre as prov\u00edncias de Zamora e de Salamanca e o nordeste transmontano de Portugal, comp\u00f5em a maior Reserva da Biosfera Transfronteiri\u00e7a da Europa. Num total de oitenta e sete munic\u00edpios, dos quais quase metade correspondem ao territ\u00f3rio de Zamora, integram este espa\u00e7o sustent\u00e1vel, declarado pela UNESCO como Reserva da Biosfera em 2015 e que inclui quatro Parque Naturais e diversos espa\u00e7os da Rede Natura 2000.<\/p>\n<p style=\"padding-left: 70px; padding-right: 70px;\"><b>Um territ\u00f3rio de paisagens \u00fanicas e diversificadas<br><\/b><\/p>\n<p style=\"padding-left: 70px; padding-right: 70px;\">Um impressionante moisaico paisag\u00edstico demonstra a riqueza deste espa\u00e7o \u00fanico, onde se pode contemplar cumes de mais de 2.000 metros de altitude do Parque Natural del Lago de Sanabria y alrededores, repleto de lagos, vales encaixados, moreias glaciares e o maior lago de origem glaciar da pen\u00ednsula ib\u00e9rica, at\u00e9 um dos espa\u00e7os geol\u00f3gicos mais antigos, integrado no Parque Natural de Montesinho que permite a observa\u00e7\u00e3o de fragmentos com muitos milh\u00f5es de anos de velhos continentes, nas montanhas baixas e colinas da zona. O espet\u00e1culo paisag\u00edstico completa-se com os magn\u00edficos canh\u00f5es fluviais abertos pelo Rio Douro e seu afluente \u00c1gueda, na mesma raia fronteiri\u00e7a e que conformam o Parque Natural de los Arribes del Duero e Parque Natural do Douro Internacional.<\/p>\n<p style=\"padding-left: 70px; padding-right: 70px;\"><b>Biodiversidade e riqueza<\/b><\/p>\n<p style=\"padding-left: 70px; padding-right: 70px;\">A Reserva da Biosfera Transfronteiri\u00e7a Meseta Ib\u00e9rica \u00e9 tamb\u00e9m um espa\u00e7o fronteiri\u00e7o entre os climas mediterr\u00e2nico e atl\u00e2ntico, o que explica a enorme biodiversidade de fauna e flora, onde se refugiam esp\u00e9cies em perigo de extin\u00e7\u00e3o e v\u00e1rios tesouros bot\u00e2nicos. A maior densidade de lobo da Europa habita a serrania da Culebra e Montesinho e compartilham o territ\u00f3rio com veados, javalis e rebanhos de ovelhas, que constituem uma das fontes de riqueza da popula\u00e7\u00e3o da zona. \u00c9 poss\u00edvel tamb\u00e9m vislumbrar \u00c1guia de Bonelli, Abutre-do-Egipto e Cegonha-preta, entre muitas outras esp\u00e9cies nas escarpas dos Arribes do Douro, assim como esp\u00e9cies borboletas exclusivas e raras como o mexilh\u00e3o-de-rio ou a lampreia.<\/p>\n<p style=\"padding-left: 70px; padding-right: 70px;\"><b>Arquitetura popular, festas e gastronomia<\/b><\/p>\n<p style=\"padding-left: 70px; padding-right: 70px;\">E naturalmente uma enorme riqueza patrimonial e cultural que se pode visitar nos diversos povoamentos deste espa\u00e7o repleto de hist\u00f3ria e tradi\u00e7\u00f5es, com uma gastronomia pr\u00f3pria de enorme qualidade de onde se destaca a carne, os queijos e os produtos silvestres oriundos das suas montanhas e os frutos mediterr\u00e2nicos, como as laranjas, as am\u00eandoas e o azeite.<\/p>\n<p style=\"padding-left: 70px; padding-right: 70px;\"><span style=\"font-size: 15px; color: var( --e-global-color-text ); font-family: var( --e-global-typography-text-font-family ), Sans-serif;\">Mais informa\u00e7\u00e3o: <\/span><a href=\"http:\/\/www.biosfera-mesetaiberica.com\/es\" style=\"font-size: 15px; font-family: var( --e-global-typography-text-font-family ), Sans-serif; background-color: rgb(255, 255, 255);\">http:\/\/www.biosfera-mesetaiberica.com\/es<\/a><\/p>\n<p>&nbsp; &nbsp; &nbsp; &nbsp; &nbsp; &nbsp; &nbsp; &nbsp; &nbsp;&nbsp; &nbsp; &nbsp; &nbsp; &nbsp; &nbsp; &nbsp; &nbsp;&nbsp;<a href=\"https:\/\/www.turismoenzamora.es\/wp-content\/uploads\/2017\/11\/Meseta_iberica_versao-23-nov-2016.pdf\"><img decoding=\"async\" class=\"size-full wp-image-4861 alignnone\" src=\"https:\/\/www.turismoenzamora.es\/wp-content\/uploads\/2017\/08\/masinfo-1.png\" alt=\"descarga\" width=\"63\" height=\"32\" data-id=\"4861\"><\/a><\/p>\n<p><!-- wp:paragraph --><\/p>\n<p><!-- \/wp:paragraph --><\/p>\t\t\t\t\t\t<\/div>\n\t\t\t\t<\/div>\n\t\t\t\t\t<\/div>\n\t\t<\/div>\n\t\t\t\t\t<\/div>\n\t\t<\/section>\n\t\t\t\t<\/div>\n\t\t","protected":false},"excerpt":{"rendered":"<p>&nbsp; A Reserva da Biosfera Transfronteiri\u00e7a Meseta Ib\u00e9rica Com os seus 11.326 quil\u00f3metros quadrados que englobam a raia fronteiri\u00e7a entre as prov\u00edncias de Zamora e de Salamanca e o nordeste transmontano de Portugal, comp\u00f5em a maior Reserva da Biosfera Transfronteiri\u00e7a da Europa. Num total de oitenta e sete munic\u00edpios, dos quais quase metade correspondem ao [&hellip;]<\/p>\n","protected":false},"author":1,"featured_media":0,"parent":91,"menu_order":1,"comment_status":"closed","ping_status":"closed","template":"","meta":{"inline_featured_image":false,"site-sidebar-layout":"default","site-content-layout":"default","ast-site-content-layout":"","site-content-style":"default","site-sidebar-style":"default","ast-global-header-display":"","ast-banner-title-visibility":"","ast-main-header-display":"","ast-hfb-above-header-display":"","ast-hfb-below-header-display":"","ast-hfb-mobile-header-display":"","site-post-title":"disabled","ast-breadcrumbs-content":"","ast-featured-img":"","footer-sml-layout":"","theme-transparent-header-meta":"default","adv-header-id-meta":"","stick-header-meta":"","header-above-stick-meta":"","header-main-stick-meta":"","header-below-stick-meta":"","astra-migrate-meta-layouts":"default","ast-page-background-enabled":"default","ast-page-background-meta":{"desktop":{"background-color":"","background-image":"","background-repeat":"repeat","background-position":"center center","background-size":"auto","background-attachment":"scroll","background-type":"","background-media":"","overlay-type":"","overlay-color":"","overlay-opacity":"","overlay-gradient":""},"tablet":{"background-color":"","background-image":"","background-repeat":"repeat","background-position":"center center","background-size":"auto","background-attachment":"scroll","background-type":"","background-media":"","overlay-type":"","overlay-color":"","overlay-opacity":"","overlay-gradient":""},"mobile":{"background-color":"","background-image":"","background-repeat":"repeat","background-position":"center center","background-size":"auto","background-attachment":"scroll","background-type":"","background-media":"","overlay-type":"","overlay-color":"","overlay-opacity":"","overlay-gradient":""}},"ast-content-background-meta":{"desktop":{"background-color":"var(--ast-global-color-5)","background-image":"","background-repeat":"repeat","background-position":"center center","background-size":"auto","background-attachment":"scroll","background-type":"","background-media":"","overlay-type":"","overlay-color":"","overlay-opacity":"","overlay-gradient":""},"tablet":{"background-color":"var(--ast-global-color-5)","background-image":"","background-repeat":"repeat","background-position":"center center","background-size":"auto","background-attachment":"scroll","background-type":"","background-media":"","overlay-type":"","overlay-color":"","overlay-opacity":"","overlay-gradient":""},"mobile":{"background-color":"var(--ast-global-color-5)","background-image":"","background-repeat":"repeat","background-position":"center center","background-size":"auto","background-attachment":"scroll","background-type":"","background-media":"","overlay-type":"","overlay-color":"","overlay-opacity":"","overlay-gradient":""}},"ngg_post_thumbnail":0,"footnotes":""},"yoast_head":"<!-- This site is optimized with the Yoast SEO plugin v23.0 - https:\/\/yoast.com\/wordpress\/plugins\/seo\/ -->\n<title>Turismo de Zamora , Turismo Sostenible<\/title>\n<meta name=\"description\" content=\"Esta es la p\u00e1gina Oficial de Turismo de Diputaci\u00f3n de Zamora, donde podr\u00e1 encontrar toda la informaci\u00f3n para disfrutar al m\u00e1ximo de nuestra provincia.\" \/>\n<meta name=\"robots\" content=\"index, follow, max-snippet:-1, max-image-preview:large, max-video-preview:-1\" \/>\n<link rel=\"canonical\" href=\"https:\/\/turismoenzamora.es\/fr\/patrimonio-natural\/reserva-de-la-biosfera-meseta-iberica\/\" \/>\n<meta property=\"og:locale\" content=\"pt_PT\" \/>\n<meta property=\"og:type\" content=\"article\" \/>\n<meta property=\"og:title\" content=\"Turismo de Zamora , Turismo Sostenible\" \/>\n<meta property=\"og:description\" content=\"Esta es la p\u00e1gina Oficial de Turismo de Diputaci\u00f3n de Zamora, donde podr\u00e1 encontrar toda la informaci\u00f3n para disfrutar al m\u00e1ximo de nuestra provincia.\" \/>\n<meta property=\"og:url\" content=\"https:\/\/turismoenzamora.es\/fr\/patrimonio-natural\/reserva-de-la-biosfera-meseta-iberica\/\" \/>\n<meta property=\"og:site_name\" content=\"Turismo em Zamora\" \/>\n<meta property=\"article:publisher\" content=\"https:\/\/www.facebook.com\/ZamoraSpain\/\" \/>\n<meta property=\"article:modified_time\" content=\"2021-09-17T10:00:11+00:00\" \/>\n<meta property=\"og:image\" content=\"https:\/\/turismoenzamora.es\/wp-content\/uploads\/2021\/09\/MesetaIberica_cmyk.jpg\" \/>\n<meta name=\"twitter:card\" content=\"summary_large_image\" \/>\n<meta name=\"twitter:site\" content=\"@ZamoraSpain\" \/>\n<meta name=\"twitter:label1\" content=\"Tempo estimado de leitura\" \/>\n\t<meta name=\"twitter:data1\" content=\"12 minutos\" \/>\n<script type=\"application\/ld+json\" class=\"yoast-schema-graph\">{\"@context\":\"https:\/\/schema.org\",\"@graph\":[{\"@type\":\"WebPage\",\"@id\":\"https:\/\/turismoenzamora.es\/fr\/patrimonio-natural\/reserva-de-la-biosfera-meseta-iberica\/\",\"url\":\"https:\/\/turismoenzamora.es\/fr\/patrimonio-natural\/reserva-de-la-biosfera-meseta-iberica\/\",\"name\":\"Turismo de Zamora , Turismo Sostenible\",\"isPartOf\":{\"@id\":\"https:\/\/turismoenzamora.es\/pt\/#website\"},\"primaryImageOfPage\":{\"@id\":\"https:\/\/turismoenzamora.es\/fr\/patrimonio-natural\/reserva-de-la-biosfera-meseta-iberica\/#primaryimage\"},\"image\":{\"@id\":\"https:\/\/turismoenzamora.es\/fr\/patrimonio-natural\/reserva-de-la-biosfera-meseta-iberica\/#primaryimage\"},\"thumbnailUrl\":\"https:\/\/turismoenzamora.es\/wp-content\/uploads\/2021\/09\/MesetaIberica_cmyk.jpg\",\"datePublished\":\"2017-10-17T14:30:24+00:00\",\"dateModified\":\"2021-09-17T10:00:11+00:00\",\"description\":\"Esta es la p\u00e1gina Oficial de Turismo de Diputaci\u00f3n de Zamora, donde podr\u00e1 encontrar toda la informaci\u00f3n para disfrutar al m\u00e1ximo de nuestra provincia.\",\"breadcrumb\":{\"@id\":\"https:\/\/turismoenzamora.es\/fr\/patrimonio-natural\/reserva-de-la-biosfera-meseta-iberica\/#breadcrumb\"},\"inLanguage\":\"pt-PT\",\"potentialAction\":[{\"@type\":\"ReadAction\",\"target\":[\"https:\/\/turismoenzamora.es\/fr\/patrimonio-natural\/reserva-de-la-biosfera-meseta-iberica\/\"]}]},{\"@type\":\"ImageObject\",\"inLanguage\":\"pt-PT\",\"@id\":\"https:\/\/turismoenzamora.es\/fr\/patrimonio-natural\/reserva-de-la-biosfera-meseta-iberica\/#primaryimage\",\"url\":\"https:\/\/turismoenzamora.es\/wp-content\/uploads\/2021\/09\/MesetaIberica_cmyk.jpg\",\"contentUrl\":\"https:\/\/turismoenzamora.es\/wp-content\/uploads\/2021\/09\/MesetaIberica_cmyk.jpg\"},{\"@type\":\"BreadcrumbList\",\"@id\":\"https:\/\/turismoenzamora.es\/fr\/patrimonio-natural\/reserva-de-la-biosfera-meseta-iberica\/#breadcrumb\",\"itemListElement\":[{\"@type\":\"ListItem\",\"position\":1,\"name\":\"Portada\",\"item\":\"https:\/\/turismoenzamora.es\/\"},{\"@type\":\"ListItem\",\"position\":2,\"name\":\"Patrimonio Natural\",\"item\":\"https:\/\/turismoenzamora.es\/fr\/patrimonio-natural\/\"},{\"@type\":\"ListItem\",\"position\":3,\"name\":\"Reserva de la Biosfera Meseta Ib\u00e9rica\"}]},{\"@type\":\"WebSite\",\"@id\":\"https:\/\/turismoenzamora.es\/pt\/#website\",\"url\":\"https:\/\/turismoenzamora.es\/pt\/\",\"name\":\"Turismo sostenible. Patronato de Turismo de la Diputaci\u00f3n de Zamora.&quot;Turismo Sostenible&quot;.\",\"description\":\"Turismo Sustent\u00e1vel Posto de Turismo da Diputaci\u00f3n de Zamora\",\"publisher\":{\"@id\":\"https:\/\/turismoenzamora.es\/pt\/#organization\"},\"potentialAction\":[{\"@type\":\"SearchAction\",\"target\":{\"@type\":\"EntryPoint\",\"urlTemplate\":\"https:\/\/turismoenzamora.es\/pt\/?s={search_term_string}\"},\"query-input\":\"required name=search_term_string\"}],\"inLanguage\":\"pt-PT\"},{\"@type\":\"Organization\",\"@id\":\"https:\/\/turismoenzamora.es\/pt\/#organization\",\"name\":\"Patronato de Turismo de la Diputaci\u00f3n de Zamora\",\"url\":\"https:\/\/turismoenzamora.es\/pt\/\",\"logo\":{\"@type\":\"ImageObject\",\"inLanguage\":\"pt-PT\",\"@id\":\"https:\/\/turismoenzamora.es\/pt\/#\/schema\/logo\/image\/\",\"url\":\"https:\/\/turismoenzamora.es\/wp-content\/uploads\/2018\/06\/ZamoraLogo.png\",\"contentUrl\":\"https:\/\/turismoenzamora.es\/wp-content\/uploads\/2018\/06\/ZamoraLogo.png\",\"width\":1276,\"height\":290,\"caption\":\"Patronato de Turismo de la Diputaci\u00f3n de Zamora\"},\"image\":{\"@id\":\"https:\/\/turismoenzamora.es\/pt\/#\/schema\/logo\/image\/\"},\"sameAs\":[\"https:\/\/www.facebook.com\/ZamoraSpain\/\",\"https:\/\/x.com\/ZamoraSpain\",\"https:\/\/www.instagram.com\/turismoenzamora.es\/\",\"https:\/\/www.pinterest.es\/TurismoenZamora\/\",\"https:\/\/www.youtube.com\/channel\/UC2bOyOZ-2cLm-uXlBFYUV9w\"]}]}<\/script>\n<!-- \/ Yoast SEO plugin. -->","yoast_head_json":{"title":"Turismo de Zamora , Turismo Sostenible","description":"Esta es la p\u00e1gina Oficial de Turismo de Diputaci\u00f3n de Zamora, donde podr\u00e1 encontrar toda la informaci\u00f3n para disfrutar al m\u00e1ximo de nuestra provincia.","robots":{"index":"index","follow":"follow","max-snippet":"max-snippet:-1","max-image-preview":"max-image-preview:large","max-video-preview":"max-video-preview:-1"},"canonical":"https:\/\/turismoenzamora.es\/fr\/patrimonio-natural\/reserva-de-la-biosfera-meseta-iberica\/","og_locale":"pt_PT","og_type":"article","og_title":"Turismo de Zamora , Turismo Sostenible","og_description":"Esta es la p\u00e1gina Oficial de Turismo de Diputaci\u00f3n de Zamora, donde podr\u00e1 encontrar toda la informaci\u00f3n para disfrutar al m\u00e1ximo de nuestra provincia.","og_url":"https:\/\/turismoenzamora.es\/fr\/patrimonio-natural\/reserva-de-la-biosfera-meseta-iberica\/","og_site_name":"Turismo em Zamora","article_publisher":"https:\/\/www.facebook.com\/ZamoraSpain\/","article_modified_time":"2021-09-17T10:00:11+00:00","og_image":[{"url":"https:\/\/turismoenzamora.es\/wp-content\/uploads\/2021\/09\/MesetaIberica_cmyk.jpg"}],"twitter_card":"summary_large_image","twitter_site":"@ZamoraSpain","twitter_misc":{"Tempo estimado de leitura":"12 minutos"},"schema":{"@context":"https:\/\/schema.org","@graph":[{"@type":"WebPage","@id":"https:\/\/turismoenzamora.es\/fr\/patrimonio-natural\/reserva-de-la-biosfera-meseta-iberica\/","url":"https:\/\/turismoenzamora.es\/fr\/patrimonio-natural\/reserva-de-la-biosfera-meseta-iberica\/","name":"Turismo de Zamora , Turismo Sostenible","isPartOf":{"@id":"https:\/\/turismoenzamora.es\/pt\/#website"},"primaryImageOfPage":{"@id":"https:\/\/turismoenzamora.es\/fr\/patrimonio-natural\/reserva-de-la-biosfera-meseta-iberica\/#primaryimage"},"image":{"@id":"https:\/\/turismoenzamora.es\/fr\/patrimonio-natural\/reserva-de-la-biosfera-meseta-iberica\/#primaryimage"},"thumbnailUrl":"https:\/\/turismoenzamora.es\/wp-content\/uploads\/2021\/09\/MesetaIberica_cmyk.jpg","datePublished":"2017-10-17T14:30:24+00:00","dateModified":"2021-09-17T10:00:11+00:00","description":"Esta es la p\u00e1gina Oficial de Turismo de Diputaci\u00f3n de Zamora, donde podr\u00e1 encontrar toda la informaci\u00f3n para disfrutar al m\u00e1ximo de nuestra provincia.","breadcrumb":{"@id":"https:\/\/turismoenzamora.es\/fr\/patrimonio-natural\/reserva-de-la-biosfera-meseta-iberica\/#breadcrumb"},"inLanguage":"pt-PT","potentialAction":[{"@type":"ReadAction","target":["https:\/\/turismoenzamora.es\/fr\/patrimonio-natural\/reserva-de-la-biosfera-meseta-iberica\/"]}]},{"@type":"ImageObject","inLanguage":"pt-PT","@id":"https:\/\/turismoenzamora.es\/fr\/patrimonio-natural\/reserva-de-la-biosfera-meseta-iberica\/#primaryimage","url":"https:\/\/turismoenzamora.es\/wp-content\/uploads\/2021\/09\/MesetaIberica_cmyk.jpg","contentUrl":"https:\/\/turismoenzamora.es\/wp-content\/uploads\/2021\/09\/MesetaIberica_cmyk.jpg"},{"@type":"BreadcrumbList","@id":"https:\/\/turismoenzamora.es\/fr\/patrimonio-natural\/reserva-de-la-biosfera-meseta-iberica\/#breadcrumb","itemListElement":[{"@type":"ListItem","position":1,"name":"Portada","item":"https:\/\/turismoenzamora.es\/"},{"@type":"ListItem","position":2,"name":"Patrimonio Natural","item":"https:\/\/turismoenzamora.es\/fr\/patrimonio-natural\/"},{"@type":"ListItem","position":3,"name":"Reserva de la Biosfera Meseta Ib\u00e9rica"}]},{"@type":"WebSite","@id":"https:\/\/turismoenzamora.es\/pt\/#website","url":"https:\/\/turismoenzamora.es\/pt\/","name":"Turismo sostenible. Patronato de Turismo de la Diputaci\u00f3n de Zamora.&quot;Turismo Sostenible&quot;.","description":"Turismo Sustent\u00e1vel Posto de Turismo da Diputaci\u00f3n de Zamora","publisher":{"@id":"https:\/\/turismoenzamora.es\/pt\/#organization"},"potentialAction":[{"@type":"SearchAction","target":{"@type":"EntryPoint","urlTemplate":"https:\/\/turismoenzamora.es\/pt\/?s={search_term_string}"},"query-input":"required name=search_term_string"}],"inLanguage":"pt-PT"},{"@type":"Organization","@id":"https:\/\/turismoenzamora.es\/pt\/#organization","name":"Patronato de Turismo de la Diputaci\u00f3n de Zamora","url":"https:\/\/turismoenzamora.es\/pt\/","logo":{"@type":"ImageObject","inLanguage":"pt-PT","@id":"https:\/\/turismoenzamora.es\/pt\/#\/schema\/logo\/image\/","url":"https:\/\/turismoenzamora.es\/wp-content\/uploads\/2018\/06\/ZamoraLogo.png","contentUrl":"https:\/\/turismoenzamora.es\/wp-content\/uploads\/2018\/06\/ZamoraLogo.png","width":1276,"height":290,"caption":"Patronato de Turismo de la Diputaci\u00f3n de Zamora"},"image":{"@id":"https:\/\/turismoenzamora.es\/pt\/#\/schema\/logo\/image\/"},"sameAs":["https:\/\/www.facebook.com\/ZamoraSpain\/","https:\/\/x.com\/ZamoraSpain","https:\/\/www.instagram.com\/turismoenzamora.es\/","https:\/\/www.pinterest.es\/TurismoenZamora\/","https:\/\/www.youtube.com\/channel\/UC2bOyOZ-2cLm-uXlBFYUV9w"]}]}},"_links":{"self":[{"href":"https:\/\/turismoenzamora.es\/pt\/wp-json\/wp\/v2\/pages\/4848"}],"collection":[{"href":"https:\/\/turismoenzamora.es\/pt\/wp-json\/wp\/v2\/pages"}],"about":[{"href":"https:\/\/turismoenzamora.es\/pt\/wp-json\/wp\/v2\/types\/page"}],"author":[{"embeddable":true,"href":"https:\/\/turismoenzamora.es\/pt\/wp-json\/wp\/v2\/users\/1"}],"replies":[{"embeddable":true,"href":"https:\/\/turismoenzamora.es\/pt\/wp-json\/wp\/v2\/comments?post=4848"}],"version-history":[{"count":0,"href":"https:\/\/turismoenzamora.es\/pt\/wp-json\/wp\/v2\/pages\/4848\/revisions"}],"up":[{"embeddable":true,"href":"https:\/\/turismoenzamora.es\/pt\/wp-json\/wp\/v2\/pages\/91"}],"wp:attachment":[{"href":"https:\/\/turismoenzamora.es\/pt\/wp-json\/wp\/v2\/media?parent=4848"}],"curies":[{"name":"wp","href":"https:\/\/api.w.org\/{rel}","templated":true}]}}