{"id":312,"date":"2017-08-08T07:23:59","date_gmt":"2017-08-08T05:23:59","guid":{"rendered":"https:\/\/newweb.turismoenzamora.es\/?page_id=312"},"modified":"2021-09-01T16:54:54","modified_gmt":"2021-09-01T14:54:54","slug":"ferias-y-celebraciones-taurinas","status":"publish","type":"page","link":"https:\/\/turismoenzamora.es\/pt\/patrimonio-popular\/ferias-y-celebraciones-taurinas\/","title":{"rendered":"Feiras e touros"},"content":{"rendered":"<p><\/p>\n<h1 class=\"title\">Feiras e touros<\/h1>\n<p><img fetchpriority=\"high\" decoding=\"async\" class=\"aligncenter size-full wp-image-6903\" src=\"https:\/\/turismoenzamora.es\/wp-content\/uploads\/2017\/08\/Patrimonio-cultural.-Ferias-y-celebraciones-taurinas.jpg\" alt=\"\" data-id=\"6903\" width=\"900\" height=\"600\" srcset=\"https:\/\/turismoenzamora.es\/wp-content\/uploads\/2017\/08\/Patrimonio-cultural.-Ferias-y-celebraciones-taurinas.jpg 900w, https:\/\/turismoenzamora.es\/wp-content\/uploads\/2017\/08\/Patrimonio-cultural.-Ferias-y-celebraciones-taurinas-300x200.jpg 300w, https:\/\/turismoenzamora.es\/wp-content\/uploads\/2017\/08\/Patrimonio-cultural.-Ferias-y-celebraciones-taurinas-768x512.jpg 768w\" sizes=\"(max-width: 900px) 100vw, 900px\" \/><\/p>\n<p>Chega o calor e, com ele, as festas populares, nas quais o touro \u00e9 o elemento central.<\/p>\n<h4>O Touro Enmaromado<\/h4>\n<p>Benavente \u00e9 conhecida pela festa do Touro enmaronado, reconhecido como Festa de Interesse Tur\u00edstico Regional. Celebra-se na v\u00e9spera do Corpus. O animal, de mil quilos de peso, corre pelas ruas com uma corda grossa amarrada de 200 metros de comprimento. As pe\u00f1as (grupos de pessoas) t\u00eam um papel protagonista tanto durante a corrida do touro como durante a noite.<\/p>\n<h4>Festas de San Pedro em Zamora<\/h4>\n<p><a class=\"modal\" href=\"https:\/\/web.archive.org\/web\/20160916155433\/http:\/\/www.turismoenzamora.es\/multimedia\/imagenes\/fiestas\/ceramica.jpg\"><img loading=\"lazy\" decoding=\"async\" class=\"\" src=\"https:\/\/web.archive.org\/web\/20160916155433\/http:\/\/www.turismoenzamora.es\/multimedia\/imagenes\/fiestas\/ceramica.jpg\" alt=\"\" width=\"261\" height=\"300\"><\/a><\/p>\n<p>As Festas de San Pedro celebram-se a 29 de Junho e nela se misturam actividades de cultura moderna, a m\u00fasica rock e as actividades programadas para as crian\u00e7as. Salientam-se a Feira do Alho e a Feira da Cer\u00e2mica, a mais antiga em Espanha, que re\u00fane uma s\u00e9rie de vendedores de artigos de cer\u00e2mica popular provenientes das olarias de Pereruela, Moveros ou Toro e do resto do territ\u00f3rio nacional. As Feiras de Gado e a de Produtos da Terra convivem em harmonia com o jazz, o flamenco, os arraiais ou as confer\u00eancias.<\/p>\n<h4>Los Espantes de Fuentesa\u00faco<\/h4>\n<p><a class=\"modal\" href=\"https:\/\/web.archive.org\/web\/20160916181003\/http:\/\/www.turismoenzamora.es\/multimedia\/imagenes\/fiestas\/fuentesauco.jpg\"><img loading=\"lazy\" decoding=\"async\" class=\"aligncenter\" src=\"https:\/\/web.archive.org\/web\/20160916181003\/http:\/\/www.turismoenzamora.es\/multimedia\/imagenes\/fiestas\/fuentesauco.jpg\" alt=\"\" width=\"300\" height=\"161\"><\/a><\/p>\n<p><img decoding=\"async\" class=\"size-medium wp-image-620 alignleft\" src=\"https:\/\/turismoenzamora.es\/wp-content\/uploads\/2017\/08\/taurina_3-300x161.jpg\" alt=\"\" width=\"300\" height=\"161\" srcset=\"https:\/\/turismoenzamora.es\/wp-content\/uploads\/2017\/08\/taurina_3-300x161.jpg 300w, https:\/\/turismoenzamora.es\/wp-content\/uploads\/2017\/08\/taurina_3.jpg 494w\" sizes=\"(max-width: 300px) 100vw, 300px\" \/>Desde o s\u00e9culo XIX, pelas festas da Visitaci\u00f3n, a capital da Guare\u00f1a celebra os seus tradicionais Espantes: um grupo de touros encerra-se no prado para que um grupo de jovens campinos os conduza para o centro da cidade.<\/p>\n<p>Uma vez l\u00e1, uma barreira humana faz-lhes frente com a inten\u00e7\u00e3o de p\u00f4-los em fuga. Esta demonstra\u00e7\u00e3o taurina, \u00fanica de Fuentesa\u00faco e da aldeia vizinha Guarrate, celebra-se a princ\u00edpios do m\u00eas de Julho. Encierros (largadas de touros pelas ruas da aldeia, num trajecto previamente delimitado, que termina numa pra\u00e7a onde s\u00e3o toureados pelos populares mais corajosos), concursos de cortes (onde os mais ousados cortam o passo ao touro) e touradas completam o programa.<\/p>\n<h4>Fermoselle<\/h4>\n<p>No final do m\u00eas de Agosto, com as festas de San Agust\u00edn, os habitantes de Fermoselle improvisam uma pra\u00e7a de touros na pra\u00e7a principal que j\u00e1 se converteu numa refer\u00eancia para os aficionados. Os touros chegam num espectacular encierro, e j\u00e1 dentro da pra\u00e7a continuam as corridas e os enfrentamentos ao animal at\u00e9 que as autoridades os mandem retirar.<\/p>\n<h4>Villalpando<\/h4>\n<p>Por San Roque, a 16 de Agosto celebra-se nesta localidade os encierros. Al\u00e9m dos encierros no campo (vigiados por campinos ou em jipes, motos e tractores), deram fama \u00e0 localidade as touradas \u00e0 tarde na Pra\u00e7a Maior e a Solana, bem como os \u2018toros del alba\u2019, com grande aflu\u00eancia de p\u00fablico.<\/p>\n<h4>Festas de San Agust\u00edn<\/h4>\n<p>Toro honra o seu nome durante as festas de San Agust\u00edn, que se realizam no 28 de Agosto. Al\u00e9m dos encierros regulares, a pra\u00e7a de touros da cidade \u00e9 palco da celebra\u00e7\u00e3o da conhecida Fonte do Vinho, um espect\u00e1culo taurino no qual uma grande cuba de vinho de Toro se situa no centro da pra\u00e7a. Dela bebem os mo\u00e7os enquanto os touros e novilhos correm \u00e0 sua volta. As populares carro\u00e7as, constru\u00eddas na aldeia ao longo de todo o ano para o desfile de San Agust\u00edn, s\u00e3o outra atrac\u00e7\u00e3o da festa.<\/p>\n<h4>Toro<\/h4>\n<p><img loading=\"lazy\" decoding=\"async\" class=\"size-medium wp-image-621 alignright\" src=\"https:\/\/turismoenzamora.es\/wp-content\/uploads\/2017\/08\/taurina_4-300x287.jpg\" alt=\"\" width=\"300\" height=\"287\" srcset=\"https:\/\/turismoenzamora.es\/wp-content\/uploads\/2017\/08\/taurina_4-300x287.jpg 300w, https:\/\/turismoenzamora.es\/wp-content\/uploads\/2017\/08\/taurina_4.jpg 360w\" sizes=\"(max-width: 300px) 100vw, 300px\" \/>A Festa da Vindima realiza-se na primeira metade de Outubro e \u00e9 uma desculpa para converter a colheita numa festa que mobiliza a popula\u00e7\u00e3o.<\/p>\n<p><a class=\"modal\" href=\"https:\/\/web.archive.org\/web\/20160916161725\/http:\/\/www.turismoenzamora.es\/multimedia\/imagenes\/fiestas\/vendimia.jpg\"><img loading=\"lazy\" decoding=\"async\" class=\"aligncenter\" src=\"https:\/\/web.archive.org\/web\/20160916161725\/http:\/\/www.turismoenzamora.es\/multimedia\/imagenes\/fiestas\/vendimia.jpg\" alt=\"\" width=\"300\" height=\"287\"><\/a><\/p>\n<p>Em Toro o enraizamento desta tradi\u00e7\u00e3o faz com que tenha sido declarada Festa de Interesse Tur\u00edstico Regional. A festa tem todos os ingredientes: a leitura do preg\u00e3o, o encerramento, o desfile de carro\u00e7as engalanadas e cestas de vindima.<\/p>\n<p>A celebra\u00e7\u00e3o da festa da vindima j\u00e1 se espalhou para outras Denomina\u00e7\u00f5es de Origem como por exemplo Arribas, tornando-se num cl\u00e1ssico desta \u00e9poca.<\/p>\n<h4>Las Victorias<\/h4>\n<p>O protagonista da festa de Las Victorias \u00e9 o Touro de Fogo, que a 8 de Setembro transforma a capital sanabresa num centro de atrac\u00e7\u00e3o de turistas e vizinhos da desta localidade. Este particular espect\u00e1culo taurino remonta a meados do s\u00e9culo XIX, quando se construiu uma grande arma\u00e7\u00e3o em forma de touro do qual sa\u00edam fa\u00edscas, que deambulava pela localidade \u00e0 procura das suas v\u00edtimas. Outro elemento singular da festa de Las Victorias s\u00e3o os Gigantones e Cabe\u00e7udos.<\/p>\n<p><a href=\"https:\/\/turismoenzamora.es\/wp-content\/uploads\/2018\/05\/folletoPatrimonioPopular-1.pdf\"><img decoding=\"async\" src=\"https:\/\/web.archive.org\/web\/20170704071530\/https:\/\/turismoenzamora.es\/images\/masinfo.png\"><\/a><\/p>","protected":false},"excerpt":{"rendered":"<p>Feiras e touros Chega o calor e, com ele, as festas populares, nas quais o touro \u00e9 o elemento central. O Touro Enmaromado Benavente \u00e9 conhecida pela festa do Touro enmaronado, reconhecido como Festa de Interesse Tur\u00edstico Regional. Celebra-se na v\u00e9spera do Corpus. O animal, de mil quilos de peso, corre pelas ruas com uma [&hellip;]<\/p>\n","protected":false},"author":1,"featured_media":0,"parent":88,"menu_order":4,"comment_status":"closed","ping_status":"closed","template":"","meta":{"inline_featured_image":false,"site-sidebar-layout":"default","site-content-layout":"default","ast-site-content-layout":"","site-content-style":"default","site-sidebar-style":"default","ast-global-header-display":"","ast-banner-title-visibility":"","ast-main-header-display":"","ast-hfb-above-header-display":"","ast-hfb-below-header-display":"","ast-hfb-mobile-header-display":"","site-post-title":"disabled","ast-breadcrumbs-content":"","ast-featured-img":"","footer-sml-layout":"","theme-transparent-header-meta":"default","adv-header-id-meta":"","stick-header-meta":"","header-above-stick-meta":"","header-main-stick-meta":"","header-below-stick-meta":"","astra-migrate-meta-layouts":"default","ast-page-background-enabled":"default","ast-page-background-meta":{"desktop":{"background-color":"","background-image":"","background-repeat":"repeat","background-position":"center center","background-size":"auto","background-attachment":"scroll","background-type":"","background-media":"","overlay-type":"","overlay-color":"","overlay-opacity":"","overlay-gradient":""},"tablet":{"background-color":"","background-image":"","background-repeat":"repeat","background-position":"center center","background-size":"auto","background-attachment":"scroll","background-type":"","background-media":"","overlay-type":"","overlay-color":"","overlay-opacity":"","overlay-gradient":""},"mobile":{"background-color":"","background-image":"","background-repeat":"repeat","background-position":"center center","background-size":"auto","background-attachment":"scroll","background-type":"","background-media":"","overlay-type":"","overlay-color":"","overlay-opacity":"","overlay-gradient":""}},"ast-content-background-meta":{"desktop":{"background-color":"var(--ast-global-color-5)","background-image":"","background-repeat":"repeat","background-position":"center center","background-size":"auto","background-attachment":"scroll","background-type":"","background-media":"","overlay-type":"","overlay-color":"","overlay-opacity":"","overlay-gradient":""},"tablet":{"background-color":"var(--ast-global-color-5)","background-image":"","background-repeat":"repeat","background-position":"center center","background-size":"auto","background-attachment":"scroll","background-type":"","background-media":"","overlay-type":"","overlay-color":"","overlay-opacity":"","overlay-gradient":""},"mobile":{"background-color":"var(--ast-global-color-5)","background-image":"","background-repeat":"repeat","background-position":"center center","background-size":"auto","background-attachment":"scroll","background-type":"","background-media":"","overlay-type":"","overlay-color":"","overlay-opacity":"","overlay-gradient":""}},"ngg_post_thumbnail":0,"footnotes":""},"yoast_head":"<!-- This site is optimized with the Yoast SEO plugin v23.0 - https:\/\/yoast.com\/wordpress\/plugins\/seo\/ -->\n<title>Turismo de Zamora , Turismo Sostenible<\/title>\n<meta name=\"description\" content=\"Esta es la p\u00e1gina Oficial de Turismo de Diputaci\u00f3n de Zamora, donde podr\u00e1 encontrar toda la informaci\u00f3n para disfrutar al m\u00e1ximo de nuestra provincia.\" \/>\n<meta name=\"robots\" content=\"index, follow, max-snippet:-1, max-image-preview:large, max-video-preview:-1\" \/>\n<link rel=\"canonical\" href=\"https:\/\/turismoenzamora.es\/de\/patrimonio-popular\/ferias-y-celebraciones-taurinas\/\" \/>\n<meta property=\"og:locale\" content=\"pt_PT\" \/>\n<meta property=\"og:type\" content=\"article\" \/>\n<meta property=\"og:title\" content=\"Turismo de Zamora , Turismo Sostenible\" \/>\n<meta property=\"og:description\" content=\"Esta es la p\u00e1gina Oficial de Turismo de Diputaci\u00f3n de Zamora, donde podr\u00e1 encontrar toda la informaci\u00f3n para disfrutar al m\u00e1ximo de nuestra provincia.\" \/>\n<meta property=\"og:url\" content=\"https:\/\/turismoenzamora.es\/de\/patrimonio-popular\/ferias-y-celebraciones-taurinas\/\" \/>\n<meta property=\"og:site_name\" content=\"Turismo em Zamora\" \/>\n<meta property=\"article:publisher\" content=\"https:\/\/www.facebook.com\/ZamoraSpain\/\" \/>\n<meta property=\"article:modified_time\" content=\"2021-09-01T14:54:54+00:00\" \/>\n<meta property=\"og:image\" content=\"https:\/\/turismoenzamora.es\/wp-content\/uploads\/2017\/08\/Patrimonio-cultural.-Ferias-y-celebraciones-taurinas.jpg\" \/>\n<meta name=\"twitter:card\" content=\"summary_large_image\" \/>\n<meta name=\"twitter:site\" content=\"@ZamoraSpain\" \/>\n<meta name=\"twitter:label1\" content=\"Tempo estimado de leitura\" \/>\n\t<meta name=\"twitter:data1\" content=\"18 minutos\" \/>\n<script type=\"application\/ld+json\" class=\"yoast-schema-graph\">{\"@context\":\"https:\/\/schema.org\",\"@graph\":[{\"@type\":\"WebPage\",\"@id\":\"https:\/\/turismoenzamora.es\/de\/patrimonio-popular\/ferias-y-celebraciones-taurinas\/\",\"url\":\"https:\/\/turismoenzamora.es\/de\/patrimonio-popular\/ferias-y-celebraciones-taurinas\/\",\"name\":\"Turismo de Zamora , Turismo Sostenible\",\"isPartOf\":{\"@id\":\"https:\/\/turismoenzamora.es\/pt\/#website\"},\"primaryImageOfPage\":{\"@id\":\"https:\/\/turismoenzamora.es\/de\/patrimonio-popular\/ferias-y-celebraciones-taurinas\/#primaryimage\"},\"image\":{\"@id\":\"https:\/\/turismoenzamora.es\/de\/patrimonio-popular\/ferias-y-celebraciones-taurinas\/#primaryimage\"},\"thumbnailUrl\":\"https:\/\/turismoenzamora.es\/wp-content\/uploads\/2017\/08\/Patrimonio-cultural.-Ferias-y-celebraciones-taurinas.jpg\",\"datePublished\":\"2017-08-08T05:23:59+00:00\",\"dateModified\":\"2021-09-01T14:54:54+00:00\",\"description\":\"Esta es la p\u00e1gina Oficial de Turismo de Diputaci\u00f3n de Zamora, donde podr\u00e1 encontrar toda la informaci\u00f3n para disfrutar al m\u00e1ximo de nuestra provincia.\",\"breadcrumb\":{\"@id\":\"https:\/\/turismoenzamora.es\/de\/patrimonio-popular\/ferias-y-celebraciones-taurinas\/#breadcrumb\"},\"inLanguage\":\"pt-PT\",\"potentialAction\":[{\"@type\":\"ReadAction\",\"target\":[\"https:\/\/turismoenzamora.es\/de\/patrimonio-popular\/ferias-y-celebraciones-taurinas\/\"]}]},{\"@type\":\"ImageObject\",\"inLanguage\":\"pt-PT\",\"@id\":\"https:\/\/turismoenzamora.es\/de\/patrimonio-popular\/ferias-y-celebraciones-taurinas\/#primaryimage\",\"url\":\"https:\/\/turismoenzamora.es\/wp-content\/uploads\/2017\/08\/Patrimonio-cultural.-Ferias-y-celebraciones-taurinas.jpg\",\"contentUrl\":\"https:\/\/turismoenzamora.es\/wp-content\/uploads\/2017\/08\/Patrimonio-cultural.-Ferias-y-celebraciones-taurinas.jpg\"},{\"@type\":\"BreadcrumbList\",\"@id\":\"https:\/\/turismoenzamora.es\/de\/patrimonio-popular\/ferias-y-celebraciones-taurinas\/#breadcrumb\",\"itemListElement\":[{\"@type\":\"ListItem\",\"position\":1,\"name\":\"Portada\",\"item\":\"https:\/\/turismoenzamora.es\/\"},{\"@type\":\"ListItem\",\"position\":2,\"name\":\"Patrimonio Popular\",\"item\":\"https:\/\/turismoenzamora.es\/de\/patrimonio-popular\/\"},{\"@type\":\"ListItem\",\"position\":3,\"name\":\"M\u00e4rkte und stierkampffeste\"}]},{\"@type\":\"WebSite\",\"@id\":\"https:\/\/turismoenzamora.es\/pt\/#website\",\"url\":\"https:\/\/turismoenzamora.es\/pt\/\",\"name\":\"Turismo sostenible. Patronato de Turismo de la Diputaci\u00f3n de Zamora.&quot;Turismo Sostenible&quot;.\",\"description\":\"Turismo Sustent\u00e1vel Posto de Turismo da Diputaci\u00f3n de Zamora\",\"publisher\":{\"@id\":\"https:\/\/turismoenzamora.es\/pt\/#organization\"},\"potentialAction\":[{\"@type\":\"SearchAction\",\"target\":{\"@type\":\"EntryPoint\",\"urlTemplate\":\"https:\/\/turismoenzamora.es\/pt\/?s={search_term_string}\"},\"query-input\":\"required name=search_term_string\"}],\"inLanguage\":\"pt-PT\"},{\"@type\":\"Organization\",\"@id\":\"https:\/\/turismoenzamora.es\/pt\/#organization\",\"name\":\"Patronato de Turismo de la Diputaci\u00f3n de Zamora\",\"url\":\"https:\/\/turismoenzamora.es\/pt\/\",\"logo\":{\"@type\":\"ImageObject\",\"inLanguage\":\"pt-PT\",\"@id\":\"https:\/\/turismoenzamora.es\/pt\/#\/schema\/logo\/image\/\",\"url\":\"https:\/\/turismoenzamora.es\/wp-content\/uploads\/2018\/06\/ZamoraLogo.png\",\"contentUrl\":\"https:\/\/turismoenzamora.es\/wp-content\/uploads\/2018\/06\/ZamoraLogo.png\",\"width\":1276,\"height\":290,\"caption\":\"Patronato de Turismo de la Diputaci\u00f3n de Zamora\"},\"image\":{\"@id\":\"https:\/\/turismoenzamora.es\/pt\/#\/schema\/logo\/image\/\"},\"sameAs\":[\"https:\/\/www.facebook.com\/ZamoraSpain\/\",\"https:\/\/x.com\/ZamoraSpain\",\"https:\/\/www.instagram.com\/turismoenzamora.es\/\",\"https:\/\/www.pinterest.es\/TurismoenZamora\/\",\"https:\/\/www.youtube.com\/channel\/UC2bOyOZ-2cLm-uXlBFYUV9w\"]}]}<\/script>\n<!-- \/ Yoast SEO plugin. -->","yoast_head_json":{"title":"Turismo de Zamora , Turismo Sostenible","description":"Esta es la p\u00e1gina Oficial de Turismo de Diputaci\u00f3n de Zamora, donde podr\u00e1 encontrar toda la informaci\u00f3n para disfrutar al m\u00e1ximo de nuestra provincia.","robots":{"index":"index","follow":"follow","max-snippet":"max-snippet:-1","max-image-preview":"max-image-preview:large","max-video-preview":"max-video-preview:-1"},"canonical":"https:\/\/turismoenzamora.es\/de\/patrimonio-popular\/ferias-y-celebraciones-taurinas\/","og_locale":"pt_PT","og_type":"article","og_title":"Turismo de Zamora , Turismo Sostenible","og_description":"Esta es la p\u00e1gina Oficial de Turismo de Diputaci\u00f3n de Zamora, donde podr\u00e1 encontrar toda la informaci\u00f3n para disfrutar al m\u00e1ximo de nuestra provincia.","og_url":"https:\/\/turismoenzamora.es\/de\/patrimonio-popular\/ferias-y-celebraciones-taurinas\/","og_site_name":"Turismo em Zamora","article_publisher":"https:\/\/www.facebook.com\/ZamoraSpain\/","article_modified_time":"2021-09-01T14:54:54+00:00","og_image":[{"url":"https:\/\/turismoenzamora.es\/wp-content\/uploads\/2017\/08\/Patrimonio-cultural.-Ferias-y-celebraciones-taurinas.jpg"}],"twitter_card":"summary_large_image","twitter_site":"@ZamoraSpain","twitter_misc":{"Tempo estimado de leitura":"18 minutos"},"schema":{"@context":"https:\/\/schema.org","@graph":[{"@type":"WebPage","@id":"https:\/\/turismoenzamora.es\/de\/patrimonio-popular\/ferias-y-celebraciones-taurinas\/","url":"https:\/\/turismoenzamora.es\/de\/patrimonio-popular\/ferias-y-celebraciones-taurinas\/","name":"Turismo de Zamora , Turismo Sostenible","isPartOf":{"@id":"https:\/\/turismoenzamora.es\/pt\/#website"},"primaryImageOfPage":{"@id":"https:\/\/turismoenzamora.es\/de\/patrimonio-popular\/ferias-y-celebraciones-taurinas\/#primaryimage"},"image":{"@id":"https:\/\/turismoenzamora.es\/de\/patrimonio-popular\/ferias-y-celebraciones-taurinas\/#primaryimage"},"thumbnailUrl":"https:\/\/turismoenzamora.es\/wp-content\/uploads\/2017\/08\/Patrimonio-cultural.-Ferias-y-celebraciones-taurinas.jpg","datePublished":"2017-08-08T05:23:59+00:00","dateModified":"2021-09-01T14:54:54+00:00","description":"Esta es la p\u00e1gina Oficial de Turismo de Diputaci\u00f3n de Zamora, donde podr\u00e1 encontrar toda la informaci\u00f3n para disfrutar al m\u00e1ximo de nuestra provincia.","breadcrumb":{"@id":"https:\/\/turismoenzamora.es\/de\/patrimonio-popular\/ferias-y-celebraciones-taurinas\/#breadcrumb"},"inLanguage":"pt-PT","potentialAction":[{"@type":"ReadAction","target":["https:\/\/turismoenzamora.es\/de\/patrimonio-popular\/ferias-y-celebraciones-taurinas\/"]}]},{"@type":"ImageObject","inLanguage":"pt-PT","@id":"https:\/\/turismoenzamora.es\/de\/patrimonio-popular\/ferias-y-celebraciones-taurinas\/#primaryimage","url":"https:\/\/turismoenzamora.es\/wp-content\/uploads\/2017\/08\/Patrimonio-cultural.-Ferias-y-celebraciones-taurinas.jpg","contentUrl":"https:\/\/turismoenzamora.es\/wp-content\/uploads\/2017\/08\/Patrimonio-cultural.-Ferias-y-celebraciones-taurinas.jpg"},{"@type":"BreadcrumbList","@id":"https:\/\/turismoenzamora.es\/de\/patrimonio-popular\/ferias-y-celebraciones-taurinas\/#breadcrumb","itemListElement":[{"@type":"ListItem","position":1,"name":"Portada","item":"https:\/\/turismoenzamora.es\/"},{"@type":"ListItem","position":2,"name":"Patrimonio Popular","item":"https:\/\/turismoenzamora.es\/de\/patrimonio-popular\/"},{"@type":"ListItem","position":3,"name":"M\u00e4rkte und stierkampffeste"}]},{"@type":"WebSite","@id":"https:\/\/turismoenzamora.es\/pt\/#website","url":"https:\/\/turismoenzamora.es\/pt\/","name":"Turismo sostenible. Patronato de Turismo de la Diputaci\u00f3n de Zamora.&quot;Turismo Sostenible&quot;.","description":"Turismo Sustent\u00e1vel Posto de Turismo da Diputaci\u00f3n de Zamora","publisher":{"@id":"https:\/\/turismoenzamora.es\/pt\/#organization"},"potentialAction":[{"@type":"SearchAction","target":{"@type":"EntryPoint","urlTemplate":"https:\/\/turismoenzamora.es\/pt\/?s={search_term_string}"},"query-input":"required name=search_term_string"}],"inLanguage":"pt-PT"},{"@type":"Organization","@id":"https:\/\/turismoenzamora.es\/pt\/#organization","name":"Patronato de Turismo de la Diputaci\u00f3n de Zamora","url":"https:\/\/turismoenzamora.es\/pt\/","logo":{"@type":"ImageObject","inLanguage":"pt-PT","@id":"https:\/\/turismoenzamora.es\/pt\/#\/schema\/logo\/image\/","url":"https:\/\/turismoenzamora.es\/wp-content\/uploads\/2018\/06\/ZamoraLogo.png","contentUrl":"https:\/\/turismoenzamora.es\/wp-content\/uploads\/2018\/06\/ZamoraLogo.png","width":1276,"height":290,"caption":"Patronato de Turismo de la Diputaci\u00f3n de Zamora"},"image":{"@id":"https:\/\/turismoenzamora.es\/pt\/#\/schema\/logo\/image\/"},"sameAs":["https:\/\/www.facebook.com\/ZamoraSpain\/","https:\/\/x.com\/ZamoraSpain","https:\/\/www.instagram.com\/turismoenzamora.es\/","https:\/\/www.pinterest.es\/TurismoenZamora\/","https:\/\/www.youtube.com\/channel\/UC2bOyOZ-2cLm-uXlBFYUV9w"]}]}},"_links":{"self":[{"href":"https:\/\/turismoenzamora.es\/pt\/wp-json\/wp\/v2\/pages\/312"}],"collection":[{"href":"https:\/\/turismoenzamora.es\/pt\/wp-json\/wp\/v2\/pages"}],"about":[{"href":"https:\/\/turismoenzamora.es\/pt\/wp-json\/wp\/v2\/types\/page"}],"author":[{"embeddable":true,"href":"https:\/\/turismoenzamora.es\/pt\/wp-json\/wp\/v2\/users\/1"}],"replies":[{"embeddable":true,"href":"https:\/\/turismoenzamora.es\/pt\/wp-json\/wp\/v2\/comments?post=312"}],"version-history":[{"count":0,"href":"https:\/\/turismoenzamora.es\/pt\/wp-json\/wp\/v2\/pages\/312\/revisions"}],"up":[{"embeddable":true,"href":"https:\/\/turismoenzamora.es\/pt\/wp-json\/wp\/v2\/pages\/88"}],"wp:attachment":[{"href":"https:\/\/turismoenzamora.es\/pt\/wp-json\/wp\/v2\/media?parent=312"}],"curies":[{"name":"wp","href":"https:\/\/api.w.org\/{rel}","templated":true}]}}