{"id":308,"date":"2017-08-08T07:23:19","date_gmt":"2017-08-08T05:23:19","guid":{"rendered":"https:\/\/newweb.turismoenzamora.es\/?page_id=308"},"modified":"2021-09-01T16:53:47","modified_gmt":"2021-09-01T14:53:47","slug":"romerias-de-primavera","status":"publish","type":"page","link":"https:\/\/turismoenzamora.es\/pt\/patrimonio-popular\/romerias-de-primavera\/","title":{"rendered":"Romarias do primavera"},"content":{"rendered":"<p><\/p>\n<h1 class=\"title\">Romarias do primavera<\/h1>\n<p><img fetchpriority=\"high\" decoding=\"async\" class=\"aligncenter size-full wp-image-6912\" src=\"https:\/\/turismoenzamora.es\/wp-content\/uploads\/2017\/08\/Patrimonio-culturalromeriasprimavera.jpg\" alt=\"\" data-id=\"6912\" width=\"900\" height=\"600\" srcset=\"https:\/\/turismoenzamora.es\/wp-content\/uploads\/2017\/08\/Patrimonio-culturalromeriasprimavera.jpg 900w, https:\/\/turismoenzamora.es\/wp-content\/uploads\/2017\/08\/Patrimonio-culturalromeriasprimavera-300x200.jpg 300w, https:\/\/turismoenzamora.es\/wp-content\/uploads\/2017\/08\/Patrimonio-culturalromeriasprimavera-768x512.jpg 768w\" sizes=\"(max-width: 900px) 100vw, 900px\" \/><br \/>\nCampos verdes novamente e, mais uma vez, a promessa de uma terra f\u00e9rtil estende-se pela prov\u00edncia zamorana.<\/p>\n<p>Tamb\u00e9m a luz do sol banha a terra para festejar que o frio ficou para tr\u00e1s. Os habitantes das aldeias e cidades n\u00e3o hesitam em ir ao campo para pedir que a meteorologia seja favor\u00e1vel; antigamente os destinat\u00e1rios desta prece eram os deuses; hoje, os santos padroeiros das aldeias e comarcas.<\/p>\n<h4>Mayos<\/h4>\n<p>Ainda s\u00e3o numerosas as localidades zamoranas que conservam a tradi\u00e7\u00e3o do Mayo. No primeiro dia desse m\u00eas os jovens cortam uma \u00e1rvore da comunidade, o Mayo, e colocam-na verticalmente na pra\u00e7a da aldeia. Trata-se de uma festa de origem pag\u00e3 ligada \u00e0 fertilidade da terra. A tradi\u00e7\u00e3o tamb\u00e9m a vincula \u00e0 agricultura.<\/p>\n<h4>La Luz<\/h4>\n<p>No domingo a seguir a San Marcos celebra-se a romaria da Luz, t\u00e3o zamorana como portuguesa porque \u00e9 celebrada na capela situada nesse planalto, no limite do munic\u00edpio de Moveros e em plena raia com o pa\u00eds luso. Os Alistanos sobem ali a virgem e desfrutam da popular romaria, com numerosos bancas de produtos tradicionais tanto espanh\u00f3is como portugueses<\/p>\n<h4>San Isidro Labrador<\/h4>\n<p>De todas as festas da primavera celebradas na prov\u00edncia com um motivo mais ou menos agr\u00edcola, a mais concorrida \u00e9, sem d\u00favida, a de 15 de Maio, dia de San Isidro Labrador festejado em numerosas localidades da prov\u00edncia, incluindo a capital, data na qual se celebra Alimenza, a Feira Luso-espanhola de Produtos Alimentares.<\/p>\n<h4>Nuestra Se\u00f1ora de Gracia<\/h4>\n<p>Celebra-se no domingo a seguir a San Marcos. Em torno da ermita de Nuestra Se\u00f1ora de Gracia, no limite municipal de Villamor de Cadozos, congregam-se os habitantes de Bermillo, Villamor de Cadozos e Almeida com objectivos diferentes: antigamente para pedir chuva, actualmente, para fazer um piquenique.<\/p>\n<h4>Cristo de Morales<\/h4>\n<p>Outra romaria popular \u00e9 a do Cristo, em Morales del Vino. O encontro \u00e9 a 9 de Maio, ainda que o lugar, onde se podem comprar as tradicionais avel\u00e3s e rosquilhas, recebe os zamoranos e habitantes de Tierra del Vino desde a noite anterior.<\/p>\n<h4>La Hiniesta<\/h4>\n<p><img decoding=\"async\" class=\"size-medium wp-image-609 aligncenter\" src=\"https:\/\/turismoenzamora.es\/wp-content\/uploads\/2017\/08\/romerias_2-176x300.jpg\" alt=\"\" width=\"176\" height=\"300\" srcset=\"https:\/\/turismoenzamora.es\/wp-content\/uploads\/2017\/08\/romerias_2-176x300.jpg 176w, https:\/\/turismoenzamora.es\/wp-content\/uploads\/2017\/08\/romerias_2.jpg 406w\" sizes=\"(max-width: 176px) 100vw, 176px\" \/><\/p>\n<h3><a class=\"modal\" href=\"https:\/\/web.archive.org\/web\/20160916161709\/http:\/\/www.turismoenzamora.es\/multimedia\/imagenes\/fiestas\/hiniesta.jpg\"><img loading=\"lazy\" decoding=\"async\" class=\"aligncenter\" src=\"https:\/\/web.archive.org\/web\/20160916161709\/http:\/\/www.turismoenzamora.es\/multimedia\/imagenes\/fiestas\/hiniesta.jpg\" alt=\"\" width=\"274\" height=\"467\"><\/a><\/h3>\n<p>Na segunda-feira de Pentecostes os habitantes de Zamora levam a sua padroeira, a Virgem de la Concha, em prociss\u00e3o desde a igreja de San Antol\u00edn at\u00e9 \u00e0 localidade de Hiniesta, onde se encontra com a Virgem da aldeia. Os Presidentes das C\u00e2maras de ambas as localidades trocam os bast\u00f5es. Celebra-se, segundo a tradi\u00e7\u00e3o, que o rei Sancho IV encontrou por acaso uma imagem da Virgem neste lugar.<\/p>\n<h4>El Cristo de las Batallas<\/h4>\n<p><a class=\"modal\" href=\"https:\/\/web.archive.org\/web\/20160916161721\/http:\/\/www.turismoenzamora.es\/multimedia\/imagenes\/fiestas\/cristotoro.jpg\"><img decoding=\"async\" class=\"aligncenter\" src=\"https:\/\/web.archive.org\/web\/20160916161721\/http:\/\/www.turismoenzamora.es\/multimedia\/imagenes\/fiestas\/cristotoro.jpg\" alt=\"\"><\/a><\/p>\n<p>Na segunda-feira de Pentecostes os habitantes de Zamora levam a sua padroeira, a Virgem de la Concha, em prociss\u00e3o desde a igreja de San Antol\u00edn at\u00e9 \u00e0 localidade de Hiniesta, onde se encontra com a Virgem da aldeia. Os Presidentes das C\u00e2maras de ambas as localidades trocam os bast\u00f5es. Celebra-se, segundo a tradi\u00e7\u00e3o, que o rei Sancho IV encontrou por acaso uma imagem da Virgem neste lugar.<\/p>\n<h4>Los Viriatos<\/h4>\n<p>Festa declarada de interesse tur\u00edstico regional. Fariza \u00e9 o epicentro de uma concentra\u00e7\u00e3o impressionante no m\u00eas de Junho. S\u00e3o os Viriatos, enormes pend\u00f5es de sete metros de altura carregados por quatro pessoas. Cada uma das par\u00f3quias que rodeiam Fariza vai nesse dia \u00e0 localidade com o pend\u00e3o para iniciar a romaria \u00e0 ermida de Nuestra Se\u00f1ora del Castillo.<\/p>\n<h4>La Veguilla<\/h4>\n<p>Festa declarada de interesse tur\u00edstico regional que tem lugar em Benavente. S\u00e3o as festas em honra da Virgem de la Vega que se celebram oito dias ap\u00f3s o Domingo de P\u00e1scoa. Durante esta festa o povo pede ao Presidente da Junta o touro enmaromado que se conceder\u00e1 e celebrar\u00e1 cinquenta dias depois.<\/p>\n<p><a href=\"https:\/\/turismoenzamora.es\/wp-content\/uploads\/2018\/05\/folletoPatrimonioPopular-1.pdf\" target=\"_blank\" rel=\"noopener noreferrer\"><img decoding=\"async\" class=\"\" src=\"https:\/\/turismoenzamora.es\/wp-content\/uploads\/2017\/08\/masinfo-1.png\"><\/a><\/p>","protected":false},"excerpt":{"rendered":"<p>Romarias do primavera Campos verdes novamente e, mais uma vez, a promessa de uma terra f\u00e9rtil estende-se pela prov\u00edncia zamorana. Tamb\u00e9m a luz do sol banha a terra para festejar que o frio ficou para tr\u00e1s. Os habitantes das aldeias e cidades n\u00e3o hesitam em ir ao campo para pedir que a meteorologia seja favor\u00e1vel; [&hellip;]<\/p>\n","protected":false},"author":1,"featured_media":0,"parent":88,"menu_order":2,"comment_status":"closed","ping_status":"closed","template":"","meta":{"inline_featured_image":false,"site-sidebar-layout":"default","site-content-layout":"default","ast-site-content-layout":"","site-content-style":"default","site-sidebar-style":"default","ast-global-header-display":"","ast-banner-title-visibility":"","ast-main-header-display":"","ast-hfb-above-header-display":"","ast-hfb-below-header-display":"","ast-hfb-mobile-header-display":"","site-post-title":"disabled","ast-breadcrumbs-content":"","ast-featured-img":"","footer-sml-layout":"","theme-transparent-header-meta":"default","adv-header-id-meta":"","stick-header-meta":"","header-above-stick-meta":"","header-main-stick-meta":"","header-below-stick-meta":"","astra-migrate-meta-layouts":"default","ast-page-background-enabled":"default","ast-page-background-meta":{"desktop":{"background-color":"","background-image":"","background-repeat":"repeat","background-position":"center center","background-size":"auto","background-attachment":"scroll","background-type":"","background-media":"","overlay-type":"","overlay-color":"","overlay-opacity":"","overlay-gradient":""},"tablet":{"background-color":"","background-image":"","background-repeat":"repeat","background-position":"center center","background-size":"auto","background-attachment":"scroll","background-type":"","background-media":"","overlay-type":"","overlay-color":"","overlay-opacity":"","overlay-gradient":""},"mobile":{"background-color":"","background-image":"","background-repeat":"repeat","background-position":"center center","background-size":"auto","background-attachment":"scroll","background-type":"","background-media":"","overlay-type":"","overlay-color":"","overlay-opacity":"","overlay-gradient":""}},"ast-content-background-meta":{"desktop":{"background-color":"var(--ast-global-color-5)","background-image":"","background-repeat":"repeat","background-position":"center center","background-size":"auto","background-attachment":"scroll","background-type":"","background-media":"","overlay-type":"","overlay-color":"","overlay-opacity":"","overlay-gradient":""},"tablet":{"background-color":"var(--ast-global-color-5)","background-image":"","background-repeat":"repeat","background-position":"center center","background-size":"auto","background-attachment":"scroll","background-type":"","background-media":"","overlay-type":"","overlay-color":"","overlay-opacity":"","overlay-gradient":""},"mobile":{"background-color":"var(--ast-global-color-5)","background-image":"","background-repeat":"repeat","background-position":"center center","background-size":"auto","background-attachment":"scroll","background-type":"","background-media":"","overlay-type":"","overlay-color":"","overlay-opacity":"","overlay-gradient":""}},"ngg_post_thumbnail":0,"footnotes":""},"yoast_head":"<!-- This site is optimized with the Yoast SEO plugin v23.0 - https:\/\/yoast.com\/wordpress\/plugins\/seo\/ -->\n<title>Turismo de Zamora , Turismo Sostenible<\/title>\n<meta name=\"description\" content=\"Esta es la p\u00e1gina Oficial de Turismo de Diputaci\u00f3n de Zamora, donde podr\u00e1 encontrar toda la informaci\u00f3n para disfrutar al m\u00e1ximo de nuestra provincia.\" \/>\n<meta name=\"robots\" content=\"index, follow, max-snippet:-1, max-image-preview:large, max-video-preview:-1\" \/>\n<link rel=\"canonical\" href=\"https:\/\/turismoenzamora.es\/fr\/patrimonio-popular\/romerias-de-primavera\/\" \/>\n<meta property=\"og:locale\" content=\"pt_PT\" \/>\n<meta property=\"og:type\" content=\"article\" \/>\n<meta property=\"og:title\" content=\"Turismo de Zamora , Turismo Sostenible\" \/>\n<meta property=\"og:description\" content=\"Esta es la p\u00e1gina Oficial de Turismo de Diputaci\u00f3n de Zamora, donde podr\u00e1 encontrar toda la informaci\u00f3n para disfrutar al m\u00e1ximo de nuestra provincia.\" \/>\n<meta property=\"og:url\" content=\"https:\/\/turismoenzamora.es\/fr\/patrimonio-popular\/romerias-de-primavera\/\" \/>\n<meta property=\"og:site_name\" content=\"Turismo em Zamora\" \/>\n<meta property=\"article:publisher\" content=\"https:\/\/www.facebook.com\/ZamoraSpain\/\" \/>\n<meta property=\"article:modified_time\" content=\"2021-09-01T14:53:47+00:00\" \/>\n<meta property=\"og:image\" content=\"https:\/\/turismoenzamora.es\/wp-content\/uploads\/2017\/08\/Patrimonio-culturalromeriasprimavera.jpg\" \/>\n<meta name=\"twitter:card\" content=\"summary_large_image\" \/>\n<meta name=\"twitter:site\" content=\"@ZamoraSpain\" \/>\n<meta name=\"twitter:label1\" content=\"Tempo estimado de leitura\" \/>\n\t<meta name=\"twitter:data1\" content=\"16 minutos\" \/>\n<script type=\"application\/ld+json\" class=\"yoast-schema-graph\">{\"@context\":\"https:\/\/schema.org\",\"@graph\":[{\"@type\":\"WebPage\",\"@id\":\"https:\/\/turismoenzamora.es\/fr\/patrimonio-popular\/romerias-de-primavera\/\",\"url\":\"https:\/\/turismoenzamora.es\/fr\/patrimonio-popular\/romerias-de-primavera\/\",\"name\":\"Turismo de Zamora , Turismo Sostenible\",\"isPartOf\":{\"@id\":\"https:\/\/turismoenzamora.es\/pt\/#website\"},\"primaryImageOfPage\":{\"@id\":\"https:\/\/turismoenzamora.es\/fr\/patrimonio-popular\/romerias-de-primavera\/#primaryimage\"},\"image\":{\"@id\":\"https:\/\/turismoenzamora.es\/fr\/patrimonio-popular\/romerias-de-primavera\/#primaryimage\"},\"thumbnailUrl\":\"https:\/\/turismoenzamora.es\/wp-content\/uploads\/2017\/08\/Patrimonio-culturalromeriasprimavera.jpg\",\"datePublished\":\"2017-08-08T05:23:19+00:00\",\"dateModified\":\"2021-09-01T14:53:47+00:00\",\"description\":\"Esta es la p\u00e1gina Oficial de Turismo de Diputaci\u00f3n de Zamora, donde podr\u00e1 encontrar toda la informaci\u00f3n para disfrutar al m\u00e1ximo de nuestra provincia.\",\"breadcrumb\":{\"@id\":\"https:\/\/turismoenzamora.es\/fr\/patrimonio-popular\/romerias-de-primavera\/#breadcrumb\"},\"inLanguage\":\"pt-PT\",\"potentialAction\":[{\"@type\":\"ReadAction\",\"target\":[\"https:\/\/turismoenzamora.es\/fr\/patrimonio-popular\/romerias-de-primavera\/\"]}]},{\"@type\":\"ImageObject\",\"inLanguage\":\"pt-PT\",\"@id\":\"https:\/\/turismoenzamora.es\/fr\/patrimonio-popular\/romerias-de-primavera\/#primaryimage\",\"url\":\"https:\/\/turismoenzamora.es\/wp-content\/uploads\/2017\/08\/Patrimonio-culturalromeriasprimavera.jpg\",\"contentUrl\":\"https:\/\/turismoenzamora.es\/wp-content\/uploads\/2017\/08\/Patrimonio-culturalromeriasprimavera.jpg\"},{\"@type\":\"BreadcrumbList\",\"@id\":\"https:\/\/turismoenzamora.es\/fr\/patrimonio-popular\/romerias-de-primavera\/#breadcrumb\",\"itemListElement\":[{\"@type\":\"ListItem\",\"position\":1,\"name\":\"Portada\",\"item\":\"https:\/\/turismoenzamora.es\/\"},{\"@type\":\"ListItem\",\"position\":2,\"name\":\"Patrimonio Popular\",\"item\":\"https:\/\/turismoenzamora.es\/de\/patrimonio-popular\/\"},{\"@type\":\"ListItem\",\"position\":3,\"name\":\"Processions de Printemps\"}]},{\"@type\":\"WebSite\",\"@id\":\"https:\/\/turismoenzamora.es\/pt\/#website\",\"url\":\"https:\/\/turismoenzamora.es\/pt\/\",\"name\":\"Turismo sostenible. Patronato de Turismo de la Diputaci\u00f3n de Zamora.&quot;Turismo Sostenible&quot;.\",\"description\":\"Turismo Sustent\u00e1vel Posto de Turismo da Diputaci\u00f3n de Zamora\",\"publisher\":{\"@id\":\"https:\/\/turismoenzamora.es\/pt\/#organization\"},\"potentialAction\":[{\"@type\":\"SearchAction\",\"target\":{\"@type\":\"EntryPoint\",\"urlTemplate\":\"https:\/\/turismoenzamora.es\/pt\/?s={search_term_string}\"},\"query-input\":\"required name=search_term_string\"}],\"inLanguage\":\"pt-PT\"},{\"@type\":\"Organization\",\"@id\":\"https:\/\/turismoenzamora.es\/pt\/#organization\",\"name\":\"Patronato de Turismo de la Diputaci\u00f3n de Zamora\",\"url\":\"https:\/\/turismoenzamora.es\/pt\/\",\"logo\":{\"@type\":\"ImageObject\",\"inLanguage\":\"pt-PT\",\"@id\":\"https:\/\/turismoenzamora.es\/pt\/#\/schema\/logo\/image\/\",\"url\":\"https:\/\/turismoenzamora.es\/wp-content\/uploads\/2018\/06\/ZamoraLogo.png\",\"contentUrl\":\"https:\/\/turismoenzamora.es\/wp-content\/uploads\/2018\/06\/ZamoraLogo.png\",\"width\":1276,\"height\":290,\"caption\":\"Patronato de Turismo de la Diputaci\u00f3n de Zamora\"},\"image\":{\"@id\":\"https:\/\/turismoenzamora.es\/pt\/#\/schema\/logo\/image\/\"},\"sameAs\":[\"https:\/\/www.facebook.com\/ZamoraSpain\/\",\"https:\/\/x.com\/ZamoraSpain\",\"https:\/\/www.instagram.com\/turismoenzamora.es\/\",\"https:\/\/www.pinterest.es\/TurismoenZamora\/\",\"https:\/\/www.youtube.com\/channel\/UC2bOyOZ-2cLm-uXlBFYUV9w\"]}]}<\/script>\n<!-- \/ Yoast SEO plugin. -->","yoast_head_json":{"title":"Turismo de Zamora , Turismo Sostenible","description":"Esta es la p\u00e1gina Oficial de Turismo de Diputaci\u00f3n de Zamora, donde podr\u00e1 encontrar toda la informaci\u00f3n para disfrutar al m\u00e1ximo de nuestra provincia.","robots":{"index":"index","follow":"follow","max-snippet":"max-snippet:-1","max-image-preview":"max-image-preview:large","max-video-preview":"max-video-preview:-1"},"canonical":"https:\/\/turismoenzamora.es\/fr\/patrimonio-popular\/romerias-de-primavera\/","og_locale":"pt_PT","og_type":"article","og_title":"Turismo de Zamora , Turismo Sostenible","og_description":"Esta es la p\u00e1gina Oficial de Turismo de Diputaci\u00f3n de Zamora, donde podr\u00e1 encontrar toda la informaci\u00f3n para disfrutar al m\u00e1ximo de nuestra provincia.","og_url":"https:\/\/turismoenzamora.es\/fr\/patrimonio-popular\/romerias-de-primavera\/","og_site_name":"Turismo em Zamora","article_publisher":"https:\/\/www.facebook.com\/ZamoraSpain\/","article_modified_time":"2021-09-01T14:53:47+00:00","og_image":[{"url":"https:\/\/turismoenzamora.es\/wp-content\/uploads\/2017\/08\/Patrimonio-culturalromeriasprimavera.jpg"}],"twitter_card":"summary_large_image","twitter_site":"@ZamoraSpain","twitter_misc":{"Tempo estimado de leitura":"16 minutos"},"schema":{"@context":"https:\/\/schema.org","@graph":[{"@type":"WebPage","@id":"https:\/\/turismoenzamora.es\/fr\/patrimonio-popular\/romerias-de-primavera\/","url":"https:\/\/turismoenzamora.es\/fr\/patrimonio-popular\/romerias-de-primavera\/","name":"Turismo de Zamora , Turismo Sostenible","isPartOf":{"@id":"https:\/\/turismoenzamora.es\/pt\/#website"},"primaryImageOfPage":{"@id":"https:\/\/turismoenzamora.es\/fr\/patrimonio-popular\/romerias-de-primavera\/#primaryimage"},"image":{"@id":"https:\/\/turismoenzamora.es\/fr\/patrimonio-popular\/romerias-de-primavera\/#primaryimage"},"thumbnailUrl":"https:\/\/turismoenzamora.es\/wp-content\/uploads\/2017\/08\/Patrimonio-culturalromeriasprimavera.jpg","datePublished":"2017-08-08T05:23:19+00:00","dateModified":"2021-09-01T14:53:47+00:00","description":"Esta es la p\u00e1gina Oficial de Turismo de Diputaci\u00f3n de Zamora, donde podr\u00e1 encontrar toda la informaci\u00f3n para disfrutar al m\u00e1ximo de nuestra provincia.","breadcrumb":{"@id":"https:\/\/turismoenzamora.es\/fr\/patrimonio-popular\/romerias-de-primavera\/#breadcrumb"},"inLanguage":"pt-PT","potentialAction":[{"@type":"ReadAction","target":["https:\/\/turismoenzamora.es\/fr\/patrimonio-popular\/romerias-de-primavera\/"]}]},{"@type":"ImageObject","inLanguage":"pt-PT","@id":"https:\/\/turismoenzamora.es\/fr\/patrimonio-popular\/romerias-de-primavera\/#primaryimage","url":"https:\/\/turismoenzamora.es\/wp-content\/uploads\/2017\/08\/Patrimonio-culturalromeriasprimavera.jpg","contentUrl":"https:\/\/turismoenzamora.es\/wp-content\/uploads\/2017\/08\/Patrimonio-culturalromeriasprimavera.jpg"},{"@type":"BreadcrumbList","@id":"https:\/\/turismoenzamora.es\/fr\/patrimonio-popular\/romerias-de-primavera\/#breadcrumb","itemListElement":[{"@type":"ListItem","position":1,"name":"Portada","item":"https:\/\/turismoenzamora.es\/"},{"@type":"ListItem","position":2,"name":"Patrimonio Popular","item":"https:\/\/turismoenzamora.es\/de\/patrimonio-popular\/"},{"@type":"ListItem","position":3,"name":"Processions de Printemps"}]},{"@type":"WebSite","@id":"https:\/\/turismoenzamora.es\/pt\/#website","url":"https:\/\/turismoenzamora.es\/pt\/","name":"Turismo sostenible. Patronato de Turismo de la Diputaci\u00f3n de Zamora.&quot;Turismo Sostenible&quot;.","description":"Turismo Sustent\u00e1vel Posto de Turismo da Diputaci\u00f3n de Zamora","publisher":{"@id":"https:\/\/turismoenzamora.es\/pt\/#organization"},"potentialAction":[{"@type":"SearchAction","target":{"@type":"EntryPoint","urlTemplate":"https:\/\/turismoenzamora.es\/pt\/?s={search_term_string}"},"query-input":"required name=search_term_string"}],"inLanguage":"pt-PT"},{"@type":"Organization","@id":"https:\/\/turismoenzamora.es\/pt\/#organization","name":"Patronato de Turismo de la Diputaci\u00f3n de Zamora","url":"https:\/\/turismoenzamora.es\/pt\/","logo":{"@type":"ImageObject","inLanguage":"pt-PT","@id":"https:\/\/turismoenzamora.es\/pt\/#\/schema\/logo\/image\/","url":"https:\/\/turismoenzamora.es\/wp-content\/uploads\/2018\/06\/ZamoraLogo.png","contentUrl":"https:\/\/turismoenzamora.es\/wp-content\/uploads\/2018\/06\/ZamoraLogo.png","width":1276,"height":290,"caption":"Patronato de Turismo de la Diputaci\u00f3n de Zamora"},"image":{"@id":"https:\/\/turismoenzamora.es\/pt\/#\/schema\/logo\/image\/"},"sameAs":["https:\/\/www.facebook.com\/ZamoraSpain\/","https:\/\/x.com\/ZamoraSpain","https:\/\/www.instagram.com\/turismoenzamora.es\/","https:\/\/www.pinterest.es\/TurismoenZamora\/","https:\/\/www.youtube.com\/channel\/UC2bOyOZ-2cLm-uXlBFYUV9w"]}]}},"_links":{"self":[{"href":"https:\/\/turismoenzamora.es\/pt\/wp-json\/wp\/v2\/pages\/308"}],"collection":[{"href":"https:\/\/turismoenzamora.es\/pt\/wp-json\/wp\/v2\/pages"}],"about":[{"href":"https:\/\/turismoenzamora.es\/pt\/wp-json\/wp\/v2\/types\/page"}],"author":[{"embeddable":true,"href":"https:\/\/turismoenzamora.es\/pt\/wp-json\/wp\/v2\/users\/1"}],"replies":[{"embeddable":true,"href":"https:\/\/turismoenzamora.es\/pt\/wp-json\/wp\/v2\/comments?post=308"}],"version-history":[{"count":0,"href":"https:\/\/turismoenzamora.es\/pt\/wp-json\/wp\/v2\/pages\/308\/revisions"}],"up":[{"embeddable":true,"href":"https:\/\/turismoenzamora.es\/pt\/wp-json\/wp\/v2\/pages\/88"}],"wp:attachment":[{"href":"https:\/\/turismoenzamora.es\/pt\/wp-json\/wp\/v2\/media?parent=308"}],"curies":[{"name":"wp","href":"https:\/\/api.w.org\/{rel}","templated":true}]}}