{"id":306,"date":"2017-08-08T07:22:49","date_gmt":"2017-08-08T05:22:49","guid":{"rendered":"https:\/\/newweb.turismoenzamora.es\/?page_id=306"},"modified":"2022-12-26T12:38:25","modified_gmt":"2022-12-26T10:38:25","slug":"mascaradas-de-invierno","status":"publish","type":"page","link":"https:\/\/turismoenzamora.es\/pt\/patrimonio-popular\/mascaradas-de-invierno\/","title":{"rendered":"Caretos de invierno"},"content":{"rendered":"<p><\/p>\n<h1 class=\"title\">Caretos de invierno<\/h1>\n<p><img fetchpriority=\"high\" decoding=\"async\" class=\"aligncenter size-full wp-image-6906\" src=\"https:\/\/turismoenzamora.es\/wp-content\/uploads\/2017\/08\/Patrimonio-culturalmasc.jpg\" alt=\"\" width=\"900\" height=\"601\" data-id=\"6906\" srcset=\"https:\/\/turismoenzamora.es\/wp-content\/uploads\/2017\/08\/Patrimonio-culturalmasc.jpg 900w, https:\/\/turismoenzamora.es\/wp-content\/uploads\/2017\/08\/Patrimonio-culturalmasc-300x200.jpg 300w, https:\/\/turismoenzamora.es\/wp-content\/uploads\/2017\/08\/Patrimonio-culturalmasc-768x513.jpg 768w\" sizes=\"(max-width: 900px) 100vw, 900px\" \/><\/p>\n<p>Os caretos s\u00e3o um daqueles exemplos raros e afortunados de sobreviv\u00eancia cultural que ainda podem ser rastreados pela Pen\u00ednsula Ib\u00e9rica. Alguns destes locais est\u00e3o concentrados na prov\u00edncia de Zamora, onde, entre Dezembro e Janeiro s\u00e3o realizadas uma s\u00e9rie de tradi\u00e7\u00f5es festivas cuja origem e s\u00edmbolos remontam ao passado. Todos coincidem com o solst\u00edcio de inverno e estendem-se \u00e0s vezes com as comemora\u00e7\u00f5es de entrudo. As personagens vestidas com roupas estranhas, bizarras, protagonizam as celebra\u00e7\u00f5es de diferentes aldeias Zamoranas.<\/p>\n<p>As caracter\u00edsticas que identificam estas celebra\u00e7\u00f5es e as relacionam com as outras que t\u00eam lugar em zonas pr\u00f3ximas, como Portugal e a Galiza, s\u00e3o a presen\u00e7a fundamental de personagens diab\u00f3licas que correm ou saltam pelas ruas da aldeia, metendo-se com as pessoas ou convidando-os a participar na festa. Geralmente s\u00e3o os mo\u00e7os ou jovens solteiros que encarnam estas personagens e se encarregam da organiza\u00e7\u00e3o da festa e fazer o pedit\u00f3rio, sempre acompanhados por instrumentos como chocalhos, tenazes, bexigas inchadas&#8230; etc, com os quais perseguem, batem e tentam assustar a popula\u00e7\u00e3o.<\/p>\n<p><img decoding=\"async\" class=\"wp-image-588 aligncenter\" src=\"https:\/\/turismoenzamora.es\/wp-content\/uploads\/2017\/08\/mascaradas_2-300x90.jpg\" alt=\"\" width=\"600\" height=\"180\" srcset=\"https:\/\/turismoenzamora.es\/wp-content\/uploads\/2017\/08\/mascaradas_2-300x90.jpg 300w, https:\/\/turismoenzamora.es\/wp-content\/uploads\/2017\/08\/mascaradas_2.jpg 670w\" sizes=\"(max-width: 600px) 100vw, 600px\" \/><br \/>\n<a class=\"modal\" href=\"https:\/\/turismoenzamora.es\/wp-content\/uploads\/2017\/08\/mascaradas_2.jpg\"><img decoding=\"async\" class=\"aligncenter\" src=\"https:\/\/turismoenzamora.es\/wp-content\/uploads\/2017\/08\/mascaradas_2.jpg\" alt=\"todas\"><\/a><\/p>\n<h4>San Mart\u00edn de Casta\u00f1eda<\/h4>\n<p>A celebra\u00e7\u00e3o da Visparra, a 25 de Dezembro, est\u00e1 protagonizada pelos mo\u00e7os da aldeia e tem como personagem central a Talanqueira ou vaca grande. Esta personagem mirabolante acompanhada de outras percorre as casas da aldeia a fazer o pedit\u00f3rio.<\/p>\n<h4>Sanzoles del Vino<\/h4>\n<p><a class=\"modal\" href=\"https:\/\/web.archive.org\/web\/20160916155403\/http:\/\/www.turismoenzamora.es\/multimedia\/imagenes\/fiestas\/sanzoles.jpg\"><img loading=\"lazy\" decoding=\"async\" class=\"aligncenter\" src=\"https:\/\/web.archive.org\/web\/20160916155403\/http:\/\/www.turismoenzamora.es\/multimedia\/imagenes\/fiestas\/sanzoles.jpg\" alt=\"\" width=\"266\" height=\"400\"><\/a><\/p>\n<p>Declarada de Interesse Tur\u00edstico Regional. \u00c9 uma das personagens mais populares do calend\u00e1rio de festas e ritos de Zamora. Vestido com roupas coloridas, m\u00e1scara de couro e poupa de fitas coloridas, a 26 de Dezembro El Zangarr\u00f3n persegue os vizinhos para o pedit\u00f3rio.<\/p>\n<h4>Pozuelo de T\u00e1bara<\/h4>\n<p>A 26 de Dezembro os \u201ciniciantes\u201d acordam os m\u00fasicos, o Tafarr\u00f3n e a Madama, para depois ir casa a casa dando os bons dias &#8220;em nome do Menino Jesus\u201d. Durante a missa desse dia, a Madama oferece ao santo a \u00faltima crian\u00e7a nascida na aldeia.<\/p>\n<h4>Montamarta<\/h4>\n<p>Montamarta recebe nos dias 1 e 6 de Janeiro a visita do Zangarr\u00f3n. S\u00e3o dois os escolhidos, entre os quintos da cada ano, para o papel de Zangarr\u00f3n, um no Ano Novo e outro no Dia de Reis. Elementos tradicionais desta festa s\u00e3o os chocalhos, o pedit\u00f3rio, a b\u00ean\u00e7\u00e3o dos p\u00e3es e a rever\u00eancia \u00e0s autoridades.<\/p>\n<h4>Ferreras de Arriba<\/h4>\n<p>A 26 de Dezembro o visitante converte-se em espectador de uma sequ\u00eancia teatral protagonizada pelos habitantes da aldeia. Interv\u00eam quatro personagens: os Giros (o Gal\u00e3 e a Madame, um var\u00e3o vestido de mulher) e os Feios (a Filandorra e o Diabo).<\/p>\n<h4>Villarino tras la Sierra<\/h4>\n<p>A 26 de Dezembro, ap\u00f3s a missa, El Caballico, personagem emblem\u00e1tica corre atr\u00e1s da multid\u00e3o com uma longa cauda empapada em \u00e1gua, lama e outras coisas piores, e que pode deixar &#8216;como um brinco\u2019 a quem atinja na sua corrida. A outra personagem t\u00edpica da localidade, el Pajarico, encarrega-se de fazer o pedit\u00f3rio.<\/p>\n<h4>Riofr\u00edo de Aliste<\/h4>\n<p>Est\u00e1 declarada de Interesse Tur\u00edstico Regional. No dia 1 de Janeiro<a class=\"modal\" href=\"https:\/\/web.archive.org\/web\/20160916154021\/http:\/\/www.turismoenzamora.es\/multimedia\/imagenes\/fiestas\/riofrio.jpg\"><img decoding=\"async\" class=\"aligncenter\" src=\"https:\/\/web.archive.org\/web\/20160916154021\/http:\/\/www.turismoenzamora.es\/multimedia\/imagenes\/fiestas\/riofrio.jpg\" alt=\"\"><\/a><\/p>\n<p>saem \u00e0 rua onze personagens: el Carocho Grande, el Carocho Chiquito, el Gal\u00e1n, la Madama, el del Tamboril, el del Cerr\u00f3n, el del Lino, el Molacillo, el Gitano, la Filandorra e el Ciego. A ac\u00e7\u00e3o desenvolve-se com actos organizados como se se tratasse de teatro de rua. A apari\u00e7\u00e3o dos Carochos, envolvidos em fumo e gritando, \u00e9 t\u00e3o espectacular como a sua indument\u00e1ria.<\/p>\n<h4>San Vicente de la Cabeza<\/h4>\n<p>O atenazado de San Vicente de la Cabeza \u00e9 uma m\u00e1scara demon\u00edaca. O diabo \u00e9 representado pelos atenazados que levam umas tenazes articuladas, m\u00e1scaras e chocalhos; outra personagem \u00e9 a Filandorra, velha senhora que persegue as pessoas atirando cinza; h\u00e1 tamb\u00e9m um casal de noivos no dia do seu casamento, um casal de gaiteros e um grupo de pobres pedindo. Esta mascarada \u00e9 realizada a 11 de Agosto, coincidindo com a festa do santo padroeiro da aldeia.<\/p>\n<h4>Sarrac\u00edn de Aliste<\/h4>\n<p>A 1 de Janeiro os protagonistas s\u00e3o os Diabos, vestidos de preto e equipados com m\u00e1scaras de corti\u00e7a, pin\u00e7as, chocalhos e paus, mas na festa participam um total de doze personagens incluindo a Filandorra e Rull\u00f3n, el Ciego e el Molacillo, la Madama e el Gal\u00e1n, mais dois Pobres del Saco.<\/p>\n<h4>Abejera<\/h4>\n<p>Nesta festa interv\u00e9m em primeiro lugar o Cencerr\u00f3n e a Filandorra na pra\u00e7a fazendo soar os chocalhos atados \u00e0 cintura. Posteriormente aparecem o resto das personagens e envolvem-se em lutas e investidas, lan\u00e7ando cinzas.<\/p>\n<h4>Villanueva de Valrojo<\/h4>\n<p>Perante a proibi\u00e7\u00e3o da Igreja de zangarrones e obisparras, mudou-se esta festa para o domingo gordo, segunda e ter\u00e7a-feira de Carnaval, pelo que os Diabos e Cencerrones misturam-se com as t\u00edpicas personagens do carnaval.<\/p>\n<h4>Almeida de Sayago<\/h4>\n<p>A Vaca Bayona sobrevive hoje somente em Almeida de Sayago. Tem lugar no domingo Gordo e Ter\u00e7a-feira de Carnaval. Representa-a um mo\u00e7o, levando uma estrutura de madeira com chifres e coberto com uma manta. A m\u00e1scara simula a cabe\u00e7a de uma vaca.<\/p>\n<h4>Pobladura de Aliste<\/h4>\n<p>\u00c9 comemorado no dia da Virgem, 15 de Agosto. Esta Obisparra conta com umas dezasseis personagens que s\u00e3o, al\u00e9m da tradicional Filandorra com o Menino, o Cego, o Soldado, o Mendigo, Dan\u00e7arino e Dan\u00e7arina, o Afiador, e o Piolhoso, v\u00e1rios semeadores e os seus bois (los carachos) bem como o arador e o criado.<\/p>\n<h4>Palacios del Pan<\/h4>\n<p>\u00c0s cinco da tarde (v\u00edrgula a mais) saem \u00e0 pra\u00e7a a Vaquilla, bem flanqueada pelos Chocalhos, que s\u00e3o os seus defensores, e come\u00e7a a atacar os congregados, com especial aten\u00e7\u00e3o \u00e0s mo\u00e7as, enquanto os Chocalhos fazem grande alarido. A seguir come\u00e7a o desfile encabe\u00e7ado pela Vaquilla e a sua escolta de Chocalhos, atacando sempre aqueles que podem constituir um perigo, para lhes intimidar com as suas tralhas.<\/p>\n<h4>Pereruela<\/h4>\n<p>Come\u00e7a a celebra\u00e7\u00e3o com a chegada das personagens. Abre a comitiva um Bispo, acompanhado de uma coroinha, uma esp\u00e9cie de vaso com \u00e1gua benta, e que n\u00e3o p\u00e1ra de benzer e aspergir as pessoas. Seguem-lhe duas Vacas Antruejas, uma mais pequena que a outra, ladeadas por dois meninos cada uma, para fazer refer\u00eancia \u00e0s duas Vacas que sa\u00edam antigamente da aldeia. Uma vez na pra\u00e7a, o Bispo faz um serm\u00e3o em quadras emparelhadas, com refer\u00eancia a temas de actualidade nacional e provincial. Terminado o mesmo, faz-se um percurso pela aldeia, semeando pelas ruas, e animando as pessoas para que saiam de suas casas para os ver.<\/p>\n<h4>Candelas<\/h4>\n<p>O calend\u00e1rio de feriados zamoranos tem um novo marco a 2 de Fevereiro, com a celebra\u00e7\u00e3o das Candeias em diferentes pontos da prov\u00edncia, como Samir de los Ca\u00f1os, Moraleja del Vi\u00f1o, San Esteban del Molar, Villalba da Lampreana ou El Pego. A festa recebe este nome porque nela se aben\u00e7oam as candeias que se v\u00e3o precisar durante todo o ano. Nesta festa as mulheres e governantas \u2018correm o bolo\u2019 de casa em casa convidando as pessoas a participar na dan\u00e7a.<\/p>\n<h4>\u00c1guedas<\/h4>\n<p>A 5 de Fevereiro celebram-se as \u00c1guedas, o dia por excel\u00eancia da mulher casada, pois tudo lhe est\u00e1 permitido durante o seu reinado de 24 horas. As \u00e1guedas v\u00e3o pelas ruas pedindo \u2018a migalha\u2019, como se fossem governantas.) Na cidade de Zamora percorrem as ruas enfeitadas com trajes de Carbajales, tocando diversos instrumentos musicais.<\/p>\n<h4>Carnavales<\/h4>\n<p>O carnaval tradicional tem em Castela e Le\u00e3o pouca tradi\u00e7\u00e3o. A cidade de Toro \u00e9 das poucas afortunadas no calend\u00e1rio de carnaval da regi\u00e3o, como \u00e9 evidenciado pela participa\u00e7\u00e3o popular, a sua predisposi\u00e7\u00e3o para o disfarce e a impressionante prociss\u00e3o que enche de cor ruas e pra\u00e7as. Trata-se de uma festa que enche as ruas e devido \u00e0 sua const\u00e2ncia de d\u00e9cadas atingiu a categoria de Festa de Interesse Tur\u00edstico Regional. Na Segunda-feira tem lugar o desfile infantil e, no dia seguinte, Ter\u00e7a-feira de Carnaval, celebra-se o desfile principal.<\/p>\n<p><a href=\"https:\/\/turismoenzamora.es\/wp-content\/uploads\/2018\/05\/folletoPatrimonioPopular-1.pdf\"><img decoding=\"async\" src=\"https:\/\/web.archive.org\/web\/20170704071530\/https:\/\/turismoenzamora.es\/images\/masinfo.png\"><\/a><a href=\"https:\/\/turismoenzamora.es\/wp-content\/uploads\/2017\/11\/fiestasred.png\" target=\"_blank\" rel=\"noopener noreferrer\"><img decoding=\"async\" class=\"\" src=\"https:\/\/turismoenzamora.es\/wp-content\/uploads\/2017\/08\/masinfo-1.png\"><\/a><\/p>","protected":false},"excerpt":{"rendered":"<p>Caretos de invierno Os caretos s\u00e3o um daqueles exemplos raros e afortunados de sobreviv\u00eancia cultural que ainda podem ser rastreados pela Pen\u00ednsula Ib\u00e9rica. Alguns destes locais est\u00e3o concentrados na prov\u00edncia de Zamora, onde, entre Dezembro e Janeiro s\u00e3o realizadas uma s\u00e9rie de tradi\u00e7\u00f5es festivas cuja origem e s\u00edmbolos remontam ao passado. Todos coincidem com o [&hellip;]<\/p>\n","protected":false},"author":1,"featured_media":0,"parent":88,"menu_order":1,"comment_status":"closed","ping_status":"closed","template":"","meta":{"inline_featured_image":false,"site-sidebar-layout":"default","site-content-layout":"default","ast-site-content-layout":"","site-content-style":"default","site-sidebar-style":"default","ast-global-header-display":"","ast-banner-title-visibility":"","ast-main-header-display":"","ast-hfb-above-header-display":"","ast-hfb-below-header-display":"","ast-hfb-mobile-header-display":"","site-post-title":"disabled","ast-breadcrumbs-content":"","ast-featured-img":"","footer-sml-layout":"","theme-transparent-header-meta":"default","adv-header-id-meta":"","stick-header-meta":"","header-above-stick-meta":"","header-main-stick-meta":"","header-below-stick-meta":"","astra-migrate-meta-layouts":"default","ast-page-background-enabled":"default","ast-page-background-meta":{"desktop":{"background-color":"","background-image":"","background-repeat":"repeat","background-position":"center center","background-size":"auto","background-attachment":"scroll","background-type":"","background-media":"","overlay-type":"","overlay-color":"","overlay-opacity":"","overlay-gradient":""},"tablet":{"background-color":"","background-image":"","background-repeat":"repeat","background-position":"center center","background-size":"auto","background-attachment":"scroll","background-type":"","background-media":"","overlay-type":"","overlay-color":"","overlay-opacity":"","overlay-gradient":""},"mobile":{"background-color":"","background-image":"","background-repeat":"repeat","background-position":"center center","background-size":"auto","background-attachment":"scroll","background-type":"","background-media":"","overlay-type":"","overlay-color":"","overlay-opacity":"","overlay-gradient":""}},"ast-content-background-meta":{"desktop":{"background-color":"var(--ast-global-color-5)","background-image":"","background-repeat":"repeat","background-position":"center center","background-size":"auto","background-attachment":"scroll","background-type":"","background-media":"","overlay-type":"","overlay-color":"","overlay-opacity":"","overlay-gradient":""},"tablet":{"background-color":"var(--ast-global-color-5)","background-image":"","background-repeat":"repeat","background-position":"center center","background-size":"auto","background-attachment":"scroll","background-type":"","background-media":"","overlay-type":"","overlay-color":"","overlay-opacity":"","overlay-gradient":""},"mobile":{"background-color":"var(--ast-global-color-5)","background-image":"","background-repeat":"repeat","background-position":"center center","background-size":"auto","background-attachment":"scroll","background-type":"","background-media":"","overlay-type":"","overlay-color":"","overlay-opacity":"","overlay-gradient":""}},"ngg_post_thumbnail":0,"footnotes":""},"yoast_head":"<!-- This site is optimized with the Yoast SEO plugin v23.0 - https:\/\/yoast.com\/wordpress\/plugins\/seo\/ -->\n<title>Turismo de Zamora , Turismo Sostenible<\/title>\n<meta name=\"description\" content=\"Esta es la p\u00e1gina Oficial de Turismo de Diputaci\u00f3n de Zamora, donde podr\u00e1 encontrar toda la informaci\u00f3n para disfrutar al m\u00e1ximo de nuestra provincia.\" \/>\n<meta name=\"robots\" content=\"index, follow, max-snippet:-1, max-image-preview:large, max-video-preview:-1\" \/>\n<link rel=\"canonical\" href=\"https:\/\/turismoenzamora.es\/patrimonio-popular\/mascaradas-de-invierno\/\" \/>\n<meta property=\"og:locale\" content=\"pt_PT\" \/>\n<meta property=\"og:type\" content=\"article\" \/>\n<meta property=\"og:title\" content=\"Turismo de Zamora , Turismo Sostenible\" \/>\n<meta property=\"og:description\" content=\"Esta es la p\u00e1gina Oficial de Turismo de Diputaci\u00f3n de Zamora, donde podr\u00e1 encontrar toda la informaci\u00f3n para disfrutar al m\u00e1ximo de nuestra provincia.\" \/>\n<meta property=\"og:url\" content=\"https:\/\/turismoenzamora.es\/patrimonio-popular\/mascaradas-de-invierno\/\" \/>\n<meta property=\"og:site_name\" content=\"Turismo em Zamora\" \/>\n<meta property=\"article:publisher\" content=\"https:\/\/www.facebook.com\/ZamoraSpain\/\" \/>\n<meta property=\"article:modified_time\" content=\"2022-12-26T10:38:25+00:00\" \/>\n<meta property=\"og:image\" content=\"https:\/\/turismoenzamora.es\/wp-content\/uploads\/2017\/08\/Patrimonio-culturalmasc.jpg\" \/>\n<meta name=\"twitter:card\" content=\"summary_large_image\" \/>\n<meta name=\"twitter:site\" content=\"@ZamoraSpain\" \/>\n<meta name=\"twitter:label1\" content=\"Tempo estimado de leitura\" \/>\n\t<meta name=\"twitter:data1\" content=\"38 minutos\" \/>\n<script type=\"application\/ld+json\" class=\"yoast-schema-graph\">{\"@context\":\"https:\/\/schema.org\",\"@graph\":[{\"@type\":\"WebPage\",\"@id\":\"https:\/\/turismoenzamora.es\/patrimonio-popular\/mascaradas-de-invierno\/\",\"url\":\"https:\/\/turismoenzamora.es\/patrimonio-popular\/mascaradas-de-invierno\/\",\"name\":\"Turismo de Zamora , Turismo Sostenible\",\"isPartOf\":{\"@id\":\"https:\/\/turismoenzamora.es\/pt\/#website\"},\"primaryImageOfPage\":{\"@id\":\"https:\/\/turismoenzamora.es\/patrimonio-popular\/mascaradas-de-invierno\/#primaryimage\"},\"image\":{\"@id\":\"https:\/\/turismoenzamora.es\/patrimonio-popular\/mascaradas-de-invierno\/#primaryimage\"},\"thumbnailUrl\":\"https:\/\/turismoenzamora.es\/wp-content\/uploads\/2017\/08\/Patrimonio-culturalmasc.jpg\",\"datePublished\":\"2017-08-08T05:22:49+00:00\",\"dateModified\":\"2022-12-26T10:38:25+00:00\",\"description\":\"Esta es la p\u00e1gina Oficial de Turismo de Diputaci\u00f3n de Zamora, donde podr\u00e1 encontrar toda la informaci\u00f3n para disfrutar al m\u00e1ximo de nuestra provincia.\",\"breadcrumb\":{\"@id\":\"https:\/\/turismoenzamora.es\/patrimonio-popular\/mascaradas-de-invierno\/#breadcrumb\"},\"inLanguage\":\"pt-PT\",\"potentialAction\":[{\"@type\":\"ReadAction\",\"target\":[\"https:\/\/turismoenzamora.es\/patrimonio-popular\/mascaradas-de-invierno\/\"]}]},{\"@type\":\"ImageObject\",\"inLanguage\":\"pt-PT\",\"@id\":\"https:\/\/turismoenzamora.es\/patrimonio-popular\/mascaradas-de-invierno\/#primaryimage\",\"url\":\"https:\/\/turismoenzamora.es\/wp-content\/uploads\/2017\/08\/Patrimonio-culturalmasc.jpg\",\"contentUrl\":\"https:\/\/turismoenzamora.es\/wp-content\/uploads\/2017\/08\/Patrimonio-culturalmasc.jpg\"},{\"@type\":\"BreadcrumbList\",\"@id\":\"https:\/\/turismoenzamora.es\/patrimonio-popular\/mascaradas-de-invierno\/#breadcrumb\",\"itemListElement\":[{\"@type\":\"ListItem\",\"position\":1,\"name\":\"Portada\",\"item\":\"https:\/\/turismoenzamora.es\/\"},{\"@type\":\"ListItem\",\"position\":2,\"name\":\"Patrimonio Popular\",\"item\":\"https:\/\/turismoenzamora.es\/de\/patrimonio-popular\/\"},{\"@type\":\"ListItem\",\"position\":3,\"name\":\"Mascaradas de Invierno\"}]},{\"@type\":\"WebSite\",\"@id\":\"https:\/\/turismoenzamora.es\/pt\/#website\",\"url\":\"https:\/\/turismoenzamora.es\/pt\/\",\"name\":\"Turismo sostenible. Patronato de Turismo de la Diputaci\u00f3n de Zamora.&quot;Turismo Sostenible&quot;.\",\"description\":\"Turismo Sustent\u00e1vel Posto de Turismo da Diputaci\u00f3n de Zamora\",\"publisher\":{\"@id\":\"https:\/\/turismoenzamora.es\/pt\/#organization\"},\"potentialAction\":[{\"@type\":\"SearchAction\",\"target\":{\"@type\":\"EntryPoint\",\"urlTemplate\":\"https:\/\/turismoenzamora.es\/pt\/?s={search_term_string}\"},\"query-input\":\"required name=search_term_string\"}],\"inLanguage\":\"pt-PT\"},{\"@type\":\"Organization\",\"@id\":\"https:\/\/turismoenzamora.es\/pt\/#organization\",\"name\":\"Patronato de Turismo de la Diputaci\u00f3n de Zamora\",\"url\":\"https:\/\/turismoenzamora.es\/pt\/\",\"logo\":{\"@type\":\"ImageObject\",\"inLanguage\":\"pt-PT\",\"@id\":\"https:\/\/turismoenzamora.es\/pt\/#\/schema\/logo\/image\/\",\"url\":\"https:\/\/turismoenzamora.es\/wp-content\/uploads\/2018\/06\/ZamoraLogo.png\",\"contentUrl\":\"https:\/\/turismoenzamora.es\/wp-content\/uploads\/2018\/06\/ZamoraLogo.png\",\"width\":1276,\"height\":290,\"caption\":\"Patronato de Turismo de la Diputaci\u00f3n de Zamora\"},\"image\":{\"@id\":\"https:\/\/turismoenzamora.es\/pt\/#\/schema\/logo\/image\/\"},\"sameAs\":[\"https:\/\/www.facebook.com\/ZamoraSpain\/\",\"https:\/\/x.com\/ZamoraSpain\",\"https:\/\/www.instagram.com\/turismoenzamora.es\/\",\"https:\/\/www.pinterest.es\/TurismoenZamora\/\",\"https:\/\/www.youtube.com\/channel\/UC2bOyOZ-2cLm-uXlBFYUV9w\"]}]}<\/script>\n<!-- \/ Yoast SEO plugin. -->","yoast_head_json":{"title":"Turismo de Zamora , Turismo Sostenible","description":"Esta es la p\u00e1gina Oficial de Turismo de Diputaci\u00f3n de Zamora, donde podr\u00e1 encontrar toda la informaci\u00f3n para disfrutar al m\u00e1ximo de nuestra provincia.","robots":{"index":"index","follow":"follow","max-snippet":"max-snippet:-1","max-image-preview":"max-image-preview:large","max-video-preview":"max-video-preview:-1"},"canonical":"https:\/\/turismoenzamora.es\/patrimonio-popular\/mascaradas-de-invierno\/","og_locale":"pt_PT","og_type":"article","og_title":"Turismo de Zamora , Turismo Sostenible","og_description":"Esta es la p\u00e1gina Oficial de Turismo de Diputaci\u00f3n de Zamora, donde podr\u00e1 encontrar toda la informaci\u00f3n para disfrutar al m\u00e1ximo de nuestra provincia.","og_url":"https:\/\/turismoenzamora.es\/patrimonio-popular\/mascaradas-de-invierno\/","og_site_name":"Turismo em Zamora","article_publisher":"https:\/\/www.facebook.com\/ZamoraSpain\/","article_modified_time":"2022-12-26T10:38:25+00:00","og_image":[{"url":"https:\/\/turismoenzamora.es\/wp-content\/uploads\/2017\/08\/Patrimonio-culturalmasc.jpg"}],"twitter_card":"summary_large_image","twitter_site":"@ZamoraSpain","twitter_misc":{"Tempo estimado de leitura":"38 minutos"},"schema":{"@context":"https:\/\/schema.org","@graph":[{"@type":"WebPage","@id":"https:\/\/turismoenzamora.es\/patrimonio-popular\/mascaradas-de-invierno\/","url":"https:\/\/turismoenzamora.es\/patrimonio-popular\/mascaradas-de-invierno\/","name":"Turismo de Zamora , Turismo Sostenible","isPartOf":{"@id":"https:\/\/turismoenzamora.es\/pt\/#website"},"primaryImageOfPage":{"@id":"https:\/\/turismoenzamora.es\/patrimonio-popular\/mascaradas-de-invierno\/#primaryimage"},"image":{"@id":"https:\/\/turismoenzamora.es\/patrimonio-popular\/mascaradas-de-invierno\/#primaryimage"},"thumbnailUrl":"https:\/\/turismoenzamora.es\/wp-content\/uploads\/2017\/08\/Patrimonio-culturalmasc.jpg","datePublished":"2017-08-08T05:22:49+00:00","dateModified":"2022-12-26T10:38:25+00:00","description":"Esta es la p\u00e1gina Oficial de Turismo de Diputaci\u00f3n de Zamora, donde podr\u00e1 encontrar toda la informaci\u00f3n para disfrutar al m\u00e1ximo de nuestra provincia.","breadcrumb":{"@id":"https:\/\/turismoenzamora.es\/patrimonio-popular\/mascaradas-de-invierno\/#breadcrumb"},"inLanguage":"pt-PT","potentialAction":[{"@type":"ReadAction","target":["https:\/\/turismoenzamora.es\/patrimonio-popular\/mascaradas-de-invierno\/"]}]},{"@type":"ImageObject","inLanguage":"pt-PT","@id":"https:\/\/turismoenzamora.es\/patrimonio-popular\/mascaradas-de-invierno\/#primaryimage","url":"https:\/\/turismoenzamora.es\/wp-content\/uploads\/2017\/08\/Patrimonio-culturalmasc.jpg","contentUrl":"https:\/\/turismoenzamora.es\/wp-content\/uploads\/2017\/08\/Patrimonio-culturalmasc.jpg"},{"@type":"BreadcrumbList","@id":"https:\/\/turismoenzamora.es\/patrimonio-popular\/mascaradas-de-invierno\/#breadcrumb","itemListElement":[{"@type":"ListItem","position":1,"name":"Portada","item":"https:\/\/turismoenzamora.es\/"},{"@type":"ListItem","position":2,"name":"Patrimonio Popular","item":"https:\/\/turismoenzamora.es\/de\/patrimonio-popular\/"},{"@type":"ListItem","position":3,"name":"Mascaradas de Invierno"}]},{"@type":"WebSite","@id":"https:\/\/turismoenzamora.es\/pt\/#website","url":"https:\/\/turismoenzamora.es\/pt\/","name":"Turismo sostenible. Patronato de Turismo de la Diputaci\u00f3n de Zamora.&quot;Turismo Sostenible&quot;.","description":"Turismo Sustent\u00e1vel Posto de Turismo da Diputaci\u00f3n de Zamora","publisher":{"@id":"https:\/\/turismoenzamora.es\/pt\/#organization"},"potentialAction":[{"@type":"SearchAction","target":{"@type":"EntryPoint","urlTemplate":"https:\/\/turismoenzamora.es\/pt\/?s={search_term_string}"},"query-input":"required name=search_term_string"}],"inLanguage":"pt-PT"},{"@type":"Organization","@id":"https:\/\/turismoenzamora.es\/pt\/#organization","name":"Patronato de Turismo de la Diputaci\u00f3n de Zamora","url":"https:\/\/turismoenzamora.es\/pt\/","logo":{"@type":"ImageObject","inLanguage":"pt-PT","@id":"https:\/\/turismoenzamora.es\/pt\/#\/schema\/logo\/image\/","url":"https:\/\/turismoenzamora.es\/wp-content\/uploads\/2018\/06\/ZamoraLogo.png","contentUrl":"https:\/\/turismoenzamora.es\/wp-content\/uploads\/2018\/06\/ZamoraLogo.png","width":1276,"height":290,"caption":"Patronato de Turismo de la Diputaci\u00f3n de Zamora"},"image":{"@id":"https:\/\/turismoenzamora.es\/pt\/#\/schema\/logo\/image\/"},"sameAs":["https:\/\/www.facebook.com\/ZamoraSpain\/","https:\/\/x.com\/ZamoraSpain","https:\/\/www.instagram.com\/turismoenzamora.es\/","https:\/\/www.pinterest.es\/TurismoenZamora\/","https:\/\/www.youtube.com\/channel\/UC2bOyOZ-2cLm-uXlBFYUV9w"]}]}},"_links":{"self":[{"href":"https:\/\/turismoenzamora.es\/pt\/wp-json\/wp\/v2\/pages\/306"}],"collection":[{"href":"https:\/\/turismoenzamora.es\/pt\/wp-json\/wp\/v2\/pages"}],"about":[{"href":"https:\/\/turismoenzamora.es\/pt\/wp-json\/wp\/v2\/types\/page"}],"author":[{"embeddable":true,"href":"https:\/\/turismoenzamora.es\/pt\/wp-json\/wp\/v2\/users\/1"}],"replies":[{"embeddable":true,"href":"https:\/\/turismoenzamora.es\/pt\/wp-json\/wp\/v2\/comments?post=306"}],"version-history":[{"count":0,"href":"https:\/\/turismoenzamora.es\/pt\/wp-json\/wp\/v2\/pages\/306\/revisions"}],"up":[{"embeddable":true,"href":"https:\/\/turismoenzamora.es\/pt\/wp-json\/wp\/v2\/pages\/88"}],"wp:attachment":[{"href":"https:\/\/turismoenzamora.es\/pt\/wp-json\/wp\/v2\/media?parent=306"}],"curies":[{"name":"wp","href":"https:\/\/api.w.org\/{rel}","templated":true}]}}