{"id":2956,"date":"2017-08-30T09:54:17","date_gmt":"2017-08-30T09:54:17","guid":{"rendered":"https:\/\/newweb.turismoenzamora.es\/?page_id=2956"},"modified":"2018-06-06T10:01:09","modified_gmt":"2018-06-06T10:01:09","slug":"puebla-de-sanabria","status":"publish","type":"page","link":"https:\/\/turismoenzamora.es\/pt\/puebla-de-sanabria\/","title":{"rendered":"PUEBLA DE SANABRIA"},"content":{"rendered":"<p><\/p>\n<h1 class=\"contentheading flexicontent\">Puebla de Sanabria<\/h1>\n<p>*Informaci\u00f3n facilitada por los Ayuntamientos<\/p>\n<div class=\"topblock\">\n<div class=\"image field_imagen\">\n<p> <a href=\"http:\/\/www.pueblasanabria.com\">www.pueblasanabria.com<\/a><\/p>\n<div class=\"clear\">&nbsp;<\/div>\n<\/div>\n<div class=\"infoblock twocols\">\n<ul>\n<li>\n<div>\n<div class=\"label field_nombre_municipio\">Municipio<\/div>\n<div class=\"value field_nombre_municipio\">Puebla de Sanabria<\/div>\n<\/div>\n<\/li>\n<li>\n<div>\n<div class=\"label field_comarca\">Comarca<\/div>\n<div class=\"value field_comarca\">Sanabria<\/div>\n<\/div>\n<\/li>\n<li>\n<div>\n<div class=\"label field_distancia\">Distancia a Zamora<\/div>\n<div class=\"value field_distancia\">112 Km.<\/div>\n<\/div>\n<\/li>\n<li>\n<div>\n<div class=\"label field_habitantes\">N\u00ba Habitantes<\/div>\n<div class=\"value field_habitantes\">1.573 habitantes<\/div>\n<\/div>\n<\/li>\n<li>\n<div>\n<div class=\"label field_ayuntamiento\">Ayuntamiento<\/div>\n<div class=\"value field_ayuntamiento\">Plaza Mayor, 1 49300 Puebla de Sanabria<\/div>\n<\/div>\n<\/li>\n<li>\n<div>\n<div class=\"label field_email\">Correo Electr\u00f3nico<\/div>\n<div class=\"value field_email\"><a href=\"mailto:cultura@pueblasanabria.org\">cultura@pueblasanabria.com<\/a><\/div>\n<div><a href=\"mailto:ofturismo@pueblasanabria.com\">ofturismo@pueblasanabria.com<\/a><\/div>\n<\/div>\n<\/li>\n<li>\n<div>\n<div class=\"label field_web\">Web<\/div>\n<div class=\"value field_web\"><a href=\"http:\/\/www.pueblasanabria.com\">www.pueblasanabria.com<\/a><\/div>\n<\/div>\n<\/li>\n<li>\n<div>\n<div class=\"label field_telefono\">Tel\u00e9fono-Fax<\/div>\n<div class=\"value field_telefono\">980 620 002 &#8211; 980 620 894<\/div>\n<\/div>\n<\/li>\n<li>\n<div>\n<div class=\"label field_localizacion\">Localizaci\u00f3n<\/div>\n<div class=\"value field_localizacion\">Oeste de la provincia<\/div>\n<\/div>\n<\/li>\n<\/ul>\n<\/div>\n<\/div>\n<div class=\"clear\">&nbsp;<\/div>\n<div class=\"description\">\n<div class=\"desc-content\">\n<p>Estamos ante una de las comarcas m\u00e1s antiguas de la Provincia de Zamora, pues ya se encuentra documentaci\u00f3n de la existencia de un n\u00facleo de poblaci\u00f3n en el a\u00f1o 569 en las Actas del Concilio de Lugo. Posteriormente, durante la \u00e9poca de las repoblaciones, la Villa adquiere una gran importancia cuando se le otorgan Fueros o Cartas Pueblas, de la cual toma el nombre.<\/p>\n<p>Su posici\u00f3n estrat\u00e9gica tanto en las grandes rutas culturales (Camino de Santiago, Rom\u00e1nico) como en las rutas comerciales (portes de mercanc\u00edas gallegas, castellanas y portuguesas) y en las rutas militares (cercan\u00eda a la frontera) ha dejado una profunda huella en el pasado de esta Villa y en su actual car\u00e1cter monumental: Antiguo Hospital de Peregrinos, Iglesia Nuestra Se\u00f1ora del Azogue, baluartes y puertas de muralla, Castillo-Fortaleza y Fuerte de San Carlos.<\/p>\n<p>La recuperaci\u00f3n de la arquitectura tradicional con los materiales aut\u00f3ctonos (piedra gran\u00edtica, madera y pizarra), las fachadas blasonadas, el empedrado de las calles y la integraci\u00f3n de todo el conjunto monumental propiciaron la declaraci\u00f3n de Conjunto Hist\u00f3rico-Art\u00edstico.<\/p>\n<\/div>\n<h2 class=\"desc-title\">Recursos Culturales &#8211; Patrimoniales &#8211; Hist\u00f3ricos<\/h2>\n<div class=\"desc-content\">\n<ul>\n<li>Castillo (XV)<\/li>\n<li>Iglesia Parroquial Ntra. Sra. Del Azogue (XII)<\/li>\n<li>Ermita de San Cayetano (XVII)<\/li>\n<li>Ayuntamiento (XVI)<\/li>\n<li>Convento de San Francisco<\/li>\n<li>Ermita de San Pedro<\/li>\n<li>Puente sobre el R\u00edo Castro<\/li>\n<li>Estaci\u00f3n de Ferrocarril<\/li>\n<li>Murallas Medievales<\/li>\n<li>Restos arqueol\u00f3gicos del Fuerte San Carlos<\/li>\n<\/ul>\n<\/div>\n<h2 class=\"desc-title\">Recursos paisaj\u00edsticos<\/h2>\n<div class=\"desc-content\">\n<ul>\n<li>Sierra de la Culebra<\/li>\n<li>Parque Natural del Lago de Sanabria<\/li>\n<\/ul>\n<\/div>\n<h2 class=\"desc-title\">Fiestas y tradiciones<\/h2>\n<div class=\"desc-content\">\n<ul>\n<li>Las Candelas: 2 de febrero<\/li>\n<li>Semana Santa<\/li>\n<li>Verano Cultural<\/li>\n<li>Mercado Medieval: declarado Fiesta de Inter\u00e9s Tur\u00edstico Regional. A mediados de agosto<\/li>\n<li>Fiestas de Las Victorias: 7, 8 y 9 de septiembre<\/li>\n<\/ul>\n<\/div>\n<h2 class=\"desc-title\">Recursos gastron\u00f3micos<\/h2>\n<div class=\"desc-content\">\n<ul>\n<li>Las casta\u00f1as<\/li>\n<li>Los habones sanabreses<\/li>\n<li>La trucha de los r\u00edos de Sanabria<\/li>\n<\/ul>\n<\/div>\n<h2 class=\"desc-title\">Otros<\/h2>\n<div class=\"desc-content\">\n<ul>\n<li>Museo de Gigantes y Cabezudos<\/li>\n<li>Escuela Micol\u00f3gica<\/li>\n<\/ul>\n<\/div>\n<\/div>\n<p><\/p>","protected":false},"excerpt":{"rendered":"<p>Puebla de Sanabria *Informaci\u00f3n facilitada por los Ayuntamientos www.pueblasanabria.com &nbsp; Municipio Puebla de Sanabria Comarca Sanabria Distancia a Zamora 112 Km. N\u00ba Habitantes 1.573 habitantes Ayuntamiento Plaza Mayor, 1 49300 Puebla de Sanabria Correo Electr\u00f3nico cultura@pueblasanabria.com ofturismo@pueblasanabria.com Web www.pueblasanabria.com Tel\u00e9fono-Fax 980 620 002 &#8211; 980 620 894 Localizaci\u00f3n Oeste de la provincia &nbsp; Estamos ante [&hellip;]<\/p>\n","protected":false},"author":1,"featured_media":0,"parent":0,"menu_order":0,"comment_status":"closed","ping_status":"closed","template":"","meta":{"inline_featured_image":false,"site-sidebar-layout":"default","site-content-layout":"","ast-site-content-layout":"","site-content-style":"default","site-sidebar-style":"default","ast-global-header-display":"","ast-banner-title-visibility":"","ast-main-header-display":"","ast-hfb-above-header-display":"","ast-hfb-below-header-display":"","ast-hfb-mobile-header-display":"","site-post-title":"","ast-breadcrumbs-content":"","ast-featured-img":"","footer-sml-layout":"","theme-transparent-header-meta":"","adv-header-id-meta":"","stick-header-meta":"","header-above-stick-meta":"","header-main-stick-meta":"","header-below-stick-meta":"","astra-migrate-meta-layouts":"default","ast-page-background-enabled":"default","ast-page-background-meta":{"desktop":{"background-color":"","background-image":"","background-repeat":"repeat","background-position":"center center","background-size":"auto","background-attachment":"scroll","background-type":"","background-media":"","overlay-type":"","overlay-color":"","overlay-opacity":"","overlay-gradient":""},"tablet":{"background-color":"","background-image":"","background-repeat":"repeat","background-position":"center center","background-size":"auto","background-attachment":"scroll","background-type":"","background-media":"","overlay-type":"","overlay-color":"","overlay-opacity":"","overlay-gradient":""},"mobile":{"background-color":"","background-image":"","background-repeat":"repeat","background-position":"center center","background-size":"auto","background-attachment":"scroll","background-type":"","background-media":"","overlay-type":"","overlay-color":"","overlay-opacity":"","overlay-gradient":""}},"ast-content-background-meta":{"desktop":{"background-color":"var(--ast-global-color-5)","background-image":"","background-repeat":"repeat","background-position":"center center","background-size":"auto","background-attachment":"scroll","background-type":"","background-media":"","overlay-type":"","overlay-color":"","overlay-opacity":"","overlay-gradient":""},"tablet":{"background-color":"var(--ast-global-color-5)","background-image":"","background-repeat":"repeat","background-position":"center center","background-size":"auto","background-attachment":"scroll","background-type":"","background-media":"","overlay-type":"","overlay-color":"","overlay-opacity":"","overlay-gradient":""},"mobile":{"background-color":"var(--ast-global-color-5)","background-image":"","background-repeat":"repeat","background-position":"center center","background-size":"auto","background-attachment":"scroll","background-type":"","background-media":"","overlay-type":"","overlay-color":"","overlay-opacity":"","overlay-gradient":""}},"ngg_post_thumbnail":0,"footnotes":""},"yoast_head":"<!-- This site is optimized with the Yoast SEO plugin v23.0 - https:\/\/yoast.com\/wordpress\/plugins\/seo\/ -->\n<title>Turismo de Zamora , Turismo Sostenible<\/title>\n<meta name=\"description\" content=\"Esta es la p\u00e1gina Oficial de Turismo de Diputaci\u00f3n de Zamora, donde podr\u00e1 encontrar toda la informaci\u00f3n para disfrutar al m\u00e1ximo de nuestra provincia.\" \/>\n<meta name=\"robots\" content=\"index, follow, max-snippet:-1, max-image-preview:large, max-video-preview:-1\" \/>\n<link rel=\"canonical\" href=\"https:\/\/turismoenzamora.es\/en\/puebla-de-sanabria\/\" \/>\n<meta property=\"og:locale\" content=\"pt_PT\" \/>\n<meta property=\"og:type\" content=\"article\" \/>\n<meta property=\"og:title\" content=\"Turismo de Zamora , Turismo Sostenible\" \/>\n<meta property=\"og:description\" content=\"Esta es la p\u00e1gina Oficial de Turismo de Diputaci\u00f3n de Zamora, donde podr\u00e1 encontrar toda la informaci\u00f3n para disfrutar al m\u00e1ximo de nuestra provincia.\" \/>\n<meta property=\"og:url\" content=\"https:\/\/turismoenzamora.es\/en\/puebla-de-sanabria\/\" \/>\n<meta property=\"og:site_name\" content=\"Turismo em Zamora\" \/>\n<meta property=\"article:publisher\" content=\"https:\/\/www.facebook.com\/ZamoraSpain\/\" \/>\n<meta property=\"article:modified_time\" content=\"2018-06-06T10:01:09+00:00\" \/>\n<meta name=\"twitter:card\" content=\"summary_large_image\" \/>\n<meta name=\"twitter:site\" content=\"@ZamoraSpain\" \/>\n<meta name=\"twitter:label1\" content=\"Tempo estimado de leitura\" \/>\n\t<meta name=\"twitter:data1\" content=\"9 minutos\" \/>\n<script type=\"application\/ld+json\" class=\"yoast-schema-graph\">{\"@context\":\"https:\/\/schema.org\",\"@graph\":[{\"@type\":\"WebPage\",\"@id\":\"https:\/\/turismoenzamora.es\/en\/puebla-de-sanabria\/\",\"url\":\"https:\/\/turismoenzamora.es\/en\/puebla-de-sanabria\/\",\"name\":\"Turismo de Zamora , Turismo Sostenible\",\"isPartOf\":{\"@id\":\"https:\/\/turismoenzamora.es\/pt\/#website\"},\"datePublished\":\"2017-08-30T09:54:17+00:00\",\"dateModified\":\"2018-06-06T10:01:09+00:00\",\"description\":\"Esta es la p\u00e1gina Oficial de Turismo de Diputaci\u00f3n de Zamora, donde podr\u00e1 encontrar toda la informaci\u00f3n para disfrutar al m\u00e1ximo de nuestra provincia.\",\"breadcrumb\":{\"@id\":\"https:\/\/turismoenzamora.es\/en\/puebla-de-sanabria\/#breadcrumb\"},\"inLanguage\":\"pt-PT\",\"potentialAction\":[{\"@type\":\"ReadAction\",\"target\":[\"https:\/\/turismoenzamora.es\/en\/puebla-de-sanabria\/\"]}]},{\"@type\":\"BreadcrumbList\",\"@id\":\"https:\/\/turismoenzamora.es\/en\/puebla-de-sanabria\/#breadcrumb\",\"itemListElement\":[{\"@type\":\"ListItem\",\"position\":1,\"name\":\"Portada\",\"item\":\"https:\/\/turismoenzamora.es\/\"},{\"@type\":\"ListItem\",\"position\":2,\"name\":\"PUEBLA DE SANABRIA\"}]},{\"@type\":\"WebSite\",\"@id\":\"https:\/\/turismoenzamora.es\/pt\/#website\",\"url\":\"https:\/\/turismoenzamora.es\/pt\/\",\"name\":\"Turismo sostenible. Patronato de Turismo de la Diputaci\u00f3n de Zamora.&quot;Turismo Sostenible&quot;.\",\"description\":\"Turismo Sustent\u00e1vel Posto de Turismo da Diputaci\u00f3n de Zamora\",\"publisher\":{\"@id\":\"https:\/\/turismoenzamora.es\/pt\/#organization\"},\"potentialAction\":[{\"@type\":\"SearchAction\",\"target\":{\"@type\":\"EntryPoint\",\"urlTemplate\":\"https:\/\/turismoenzamora.es\/pt\/?s={search_term_string}\"},\"query-input\":\"required name=search_term_string\"}],\"inLanguage\":\"pt-PT\"},{\"@type\":\"Organization\",\"@id\":\"https:\/\/turismoenzamora.es\/pt\/#organization\",\"name\":\"Patronato de Turismo de la Diputaci\u00f3n de Zamora\",\"url\":\"https:\/\/turismoenzamora.es\/pt\/\",\"logo\":{\"@type\":\"ImageObject\",\"inLanguage\":\"pt-PT\",\"@id\":\"https:\/\/turismoenzamora.es\/pt\/#\/schema\/logo\/image\/\",\"url\":\"https:\/\/turismoenzamora.es\/wp-content\/uploads\/2018\/06\/ZamoraLogo.png\",\"contentUrl\":\"https:\/\/turismoenzamora.es\/wp-content\/uploads\/2018\/06\/ZamoraLogo.png\",\"width\":1276,\"height\":290,\"caption\":\"Patronato de Turismo de la Diputaci\u00f3n de Zamora\"},\"image\":{\"@id\":\"https:\/\/turismoenzamora.es\/pt\/#\/schema\/logo\/image\/\"},\"sameAs\":[\"https:\/\/www.facebook.com\/ZamoraSpain\/\",\"https:\/\/x.com\/ZamoraSpain\",\"https:\/\/www.instagram.com\/turismoenzamora.es\/\",\"https:\/\/www.pinterest.es\/TurismoenZamora\/\",\"https:\/\/www.youtube.com\/channel\/UC2bOyOZ-2cLm-uXlBFYUV9w\"]}]}<\/script>\n<!-- \/ Yoast SEO plugin. -->","yoast_head_json":{"title":"Turismo de Zamora , Turismo Sostenible","description":"Esta es la p\u00e1gina Oficial de Turismo de Diputaci\u00f3n de Zamora, donde podr\u00e1 encontrar toda la informaci\u00f3n para disfrutar al m\u00e1ximo de nuestra provincia.","robots":{"index":"index","follow":"follow","max-snippet":"max-snippet:-1","max-image-preview":"max-image-preview:large","max-video-preview":"max-video-preview:-1"},"canonical":"https:\/\/turismoenzamora.es\/en\/puebla-de-sanabria\/","og_locale":"pt_PT","og_type":"article","og_title":"Turismo de Zamora , Turismo Sostenible","og_description":"Esta es la p\u00e1gina Oficial de Turismo de Diputaci\u00f3n de Zamora, donde podr\u00e1 encontrar toda la informaci\u00f3n para disfrutar al m\u00e1ximo de nuestra provincia.","og_url":"https:\/\/turismoenzamora.es\/en\/puebla-de-sanabria\/","og_site_name":"Turismo em Zamora","article_publisher":"https:\/\/www.facebook.com\/ZamoraSpain\/","article_modified_time":"2018-06-06T10:01:09+00:00","twitter_card":"summary_large_image","twitter_site":"@ZamoraSpain","twitter_misc":{"Tempo estimado de leitura":"9 minutos"},"schema":{"@context":"https:\/\/schema.org","@graph":[{"@type":"WebPage","@id":"https:\/\/turismoenzamora.es\/en\/puebla-de-sanabria\/","url":"https:\/\/turismoenzamora.es\/en\/puebla-de-sanabria\/","name":"Turismo de Zamora , Turismo Sostenible","isPartOf":{"@id":"https:\/\/turismoenzamora.es\/pt\/#website"},"datePublished":"2017-08-30T09:54:17+00:00","dateModified":"2018-06-06T10:01:09+00:00","description":"Esta es la p\u00e1gina Oficial de Turismo de Diputaci\u00f3n de Zamora, donde podr\u00e1 encontrar toda la informaci\u00f3n para disfrutar al m\u00e1ximo de nuestra provincia.","breadcrumb":{"@id":"https:\/\/turismoenzamora.es\/en\/puebla-de-sanabria\/#breadcrumb"},"inLanguage":"pt-PT","potentialAction":[{"@type":"ReadAction","target":["https:\/\/turismoenzamora.es\/en\/puebla-de-sanabria\/"]}]},{"@type":"BreadcrumbList","@id":"https:\/\/turismoenzamora.es\/en\/puebla-de-sanabria\/#breadcrumb","itemListElement":[{"@type":"ListItem","position":1,"name":"Portada","item":"https:\/\/turismoenzamora.es\/"},{"@type":"ListItem","position":2,"name":"PUEBLA DE SANABRIA"}]},{"@type":"WebSite","@id":"https:\/\/turismoenzamora.es\/pt\/#website","url":"https:\/\/turismoenzamora.es\/pt\/","name":"Turismo sostenible. Patronato de Turismo de la Diputaci\u00f3n de Zamora.&quot;Turismo Sostenible&quot;.","description":"Turismo Sustent\u00e1vel Posto de Turismo da Diputaci\u00f3n de Zamora","publisher":{"@id":"https:\/\/turismoenzamora.es\/pt\/#organization"},"potentialAction":[{"@type":"SearchAction","target":{"@type":"EntryPoint","urlTemplate":"https:\/\/turismoenzamora.es\/pt\/?s={search_term_string}"},"query-input":"required name=search_term_string"}],"inLanguage":"pt-PT"},{"@type":"Organization","@id":"https:\/\/turismoenzamora.es\/pt\/#organization","name":"Patronato de Turismo de la Diputaci\u00f3n de Zamora","url":"https:\/\/turismoenzamora.es\/pt\/","logo":{"@type":"ImageObject","inLanguage":"pt-PT","@id":"https:\/\/turismoenzamora.es\/pt\/#\/schema\/logo\/image\/","url":"https:\/\/turismoenzamora.es\/wp-content\/uploads\/2018\/06\/ZamoraLogo.png","contentUrl":"https:\/\/turismoenzamora.es\/wp-content\/uploads\/2018\/06\/ZamoraLogo.png","width":1276,"height":290,"caption":"Patronato de Turismo de la Diputaci\u00f3n de Zamora"},"image":{"@id":"https:\/\/turismoenzamora.es\/pt\/#\/schema\/logo\/image\/"},"sameAs":["https:\/\/www.facebook.com\/ZamoraSpain\/","https:\/\/x.com\/ZamoraSpain","https:\/\/www.instagram.com\/turismoenzamora.es\/","https:\/\/www.pinterest.es\/TurismoenZamora\/","https:\/\/www.youtube.com\/channel\/UC2bOyOZ-2cLm-uXlBFYUV9w"]}]}},"_links":{"self":[{"href":"https:\/\/turismoenzamora.es\/pt\/wp-json\/wp\/v2\/pages\/2956"}],"collection":[{"href":"https:\/\/turismoenzamora.es\/pt\/wp-json\/wp\/v2\/pages"}],"about":[{"href":"https:\/\/turismoenzamora.es\/pt\/wp-json\/wp\/v2\/types\/page"}],"author":[{"embeddable":true,"href":"https:\/\/turismoenzamora.es\/pt\/wp-json\/wp\/v2\/users\/1"}],"replies":[{"embeddable":true,"href":"https:\/\/turismoenzamora.es\/pt\/wp-json\/wp\/v2\/comments?post=2956"}],"version-history":[{"count":0,"href":"https:\/\/turismoenzamora.es\/pt\/wp-json\/wp\/v2\/pages\/2956\/revisions"}],"wp:attachment":[{"href":"https:\/\/turismoenzamora.es\/pt\/wp-json\/wp\/v2\/media?parent=2956"}],"curies":[{"name":"wp","href":"https:\/\/api.w.org\/{rel}","templated":true}]}}