{"id":249,"date":"2017-08-08T07:07:54","date_gmt":"2017-08-08T07:07:54","guid":{"rendered":"https:\/\/newweb.turismoenzamora.es\/?page_id=249"},"modified":"2020-06-16T10:08:10","modified_gmt":"2020-06-16T10:08:10","slug":"rutas","status":"publish","type":"page","link":"https:\/\/turismoenzamora.es\/pt\/rutas\/","title":{"rendered":"Rotas"},"content":{"rendered":"<p><\/p>\n\n\n\n<p>De visita obrigat\u00f3ria em Zamora s\u00e3o todas e cada uma das suas rotas, uma vez que cada uma delas \u00e9 diferente das outras e oferece uma singular pecularidade! Cada comarca contribui para uma grande rota provincial que surpreender\u00e1 os visitantes pela sua originalidade e diferencia\u00e7\u00e3o das suas paisagens, costumes e gentes.<\/p>\n\n\n\n<p><strong>-Rota da Montanha:<\/strong>&nbsp;Compreende as comarcas da Sanabria e Carballeda. Representa a paisagem mais agreste e montanhosa da prov\u00edncia com o Parque Natural do Lago da Sanabria como atractivo tur\u00edstico mais emblem\u00e1tico. Sem esquecer a sua variante art\u00edstica: o conjunto monumental hist\u00f3rico-art\u00edstico de Puebla de Sanabria, as in\u00fameras aldeias de arquitetura popular, o mosteiro de San Mart\u00edn de Casta\u00f1eda. As suas festas e romarias, as suas tradi\u00e7\u00f5es e gastronomia lembram j\u00e1 a vizinha Galiza. .<\/p>\n\n\n\n<p><strong>&#8211; Rota da Culebra:&nbsp;<\/strong>Neste percurso misturam-se aspetos paisag\u00edsticos como a Reserva Nacional de Ca\u00e7a da Serra da Culebra com outros aspetos art\u00edsticos, populares e etnogr\u00e1ficos: Villardeciervos, conjunto monumental hist\u00f3rico-art\u00edstico; Moveros centro de olaria por excel\u00eancia. Na \u00e1rea da gastronomia destaca-se a excelente carne de vitela de Aliste e os saborosos frutos do bosque, os cogumelos.<\/p>\n\n\n\n<p><strong>&#8211; Rota da Prata:<\/strong>&nbsp;Atravessa a prov\u00edncia de Sul a Norte. Com pontos monumentais como a capital Benavente, o mosteiro cisterciense de Santa Maria de Moreruela. As lagoas de Villaf\u00e1fila, em Tierra de Campos, formam um conjunto que acolhe uma grande variedade de aves migrat\u00f3rias.<\/p>\n\n\n\n<p><strong>&#8211; Rota do Douro:<\/strong>&nbsp;Atravessa Zamora de Este para Oeste iniciando-se em Toro, um dos melhores exemplos de povoamentos medievais declarado conjunto monumental hist\u00f3rico-art\u00edstico com numerosos monumentos entre os quais se destaca La Colegiata, de estilo rom\u00e2nico, al\u00e9m de pal\u00e1cios, conventos e casas brasonadas, sem esquecer o seu fabuloso vinho com Denomina\u00e7\u00e3o de Origem. Finaliza-se a Rota na comarca Sayaguesa, na qual sobressai o impressionante vale do Rio Douro, e a sua descida at\u00e9 Portugal, cujos Arribas foram declarados Parque Natural.<\/p>\n\n\n\n<p><strong>&#8211; Rota dos Vales de Benavente:<\/strong>&nbsp;Cruzamento de caminhos, Benavente \u00e9 praticamente o ponto final da Via da Prata na prov\u00edncia de Zamora no seu caminho at\u00e9 terras leonesas. N\u00facleo importante da hist\u00f3ria espanhola obteve grande relev\u00e2ncia no s\u00e9culo XIV que se manteria at\u00e9 XIX. Os Vales dos rios Tera, Orbigo, Cea e Eria que a circundam oferecem uma rota completa de turismo arqueol\u00f3gico, transportando-nos at\u00e9 ao neol\u00edtico, continuando at\u00e9 \u00e0 romaniza\u00e7\u00e3o destas terras.<\/p>\n\n\n\n<figure class=\"wp-block-table egt\"><table><tbody><tr><td>\n<\/td><\/tr><\/tbody><\/table><\/figure>\n\n\n\n<div class=\"wp-block-image\"><figure class=\"aligncenter\"><a href=\"https:\/\/turismoenzamora.es\/por-la-capital\/\"><img decoding=\"async\" width=\"300\" height=\"225\" src=\"https:\/\/turismoenzamora.es\/wp-content\/uploads\/2017\/08\/categoria-rutas-por-la-capital-1-300x225.jpg\" alt=\"\" class=\"wp-image-4305\" srcset=\"https:\/\/turismoenzamora.es\/wp-content\/uploads\/2017\/08\/categoria-rutas-por-la-capital-1-300x225.jpg 300w, https:\/\/turismoenzamora.es\/wp-content\/uploads\/2017\/08\/categoria-rutas-por-la-capital-1.jpg 500w\" sizes=\"(max-width: 300px) 100vw, 300px\" \/><\/a><figcaption>Por la Capital<\/figcaption><\/figure><\/div>\n\n\n\n<div class=\"wp-block-image\"><figure class=\"aligncenter\"><a href=\"https:\/\/turismoenzamora.es\/por-la-provincia\/\"><img decoding=\"async\" src=\"https:\/\/turismoenzamora.es\/wp-content\/uploads\/2017\/10\/categoria-rutas-por-la-provincia-300x225.jpg\" alt=\"\"\/><\/a><figcaption>Por la Provincia<\/figcaption><\/figure><\/div>\n\n\n\n<div class=\"wp-block-image\"><figure class=\"aligncenter\"><a href=\"https:\/\/turismoenzamora.es\/caminos-jacobeos\/\"><img decoding=\"async\" src=\"https:\/\/turismoenzamora.es\/wp-content\/uploads\/2017\/10\/rutas-caminos-jacobeos-300x225.jpg\" alt=\"\"\/><\/a><figcaption>Caminos Jacobeos<\/figcaption><\/figure><\/div>\n\n\n\n<div class=\"wp-block-image\"><figure class=\"aligncenter\"><img decoding=\"async\" width=\"300\" height=\"125\" src=\"https:\/\/turismoenzamora.es\/wp-content\/uploads\/2017\/08\/seccion-rutas-principal-300x125.jpg\" alt=\"\" class=\"wp-image-4299\" srcset=\"https:\/\/turismoenzamora.es\/wp-content\/uploads\/2017\/08\/seccion-rutas-principal-300x125.jpg 300w, https:\/\/turismoenzamora.es\/wp-content\/uploads\/2017\/08\/seccion-rutas-principal-240x100.jpg 240w, https:\/\/turismoenzamora.es\/wp-content\/uploads\/2017\/08\/seccion-rutas-principal.jpg 670w\" sizes=\"(max-width: 300px) 100vw, 300px\" \/><\/figure><\/div>\n\n\n\n<p><\/p>","protected":false},"excerpt":{"rendered":"<p>De visita obrigat\u00f3ria em Zamora s\u00e3o todas e cada uma das suas rotas, uma vez que cada uma delas \u00e9 diferente das outras e oferece uma singular pecularidade! Cada comarca contribui para uma grande rota provincial que surpreender\u00e1 os visitantes pela sua originalidade e diferencia\u00e7\u00e3o das suas paisagens, costumes e gentes. -Rota da Montanha:&nbsp;Compreende as [&hellip;]<\/p>\n","protected":false},"author":1,"featured_media":0,"parent":0,"menu_order":0,"comment_status":"closed","ping_status":"closed","template":"","meta":{"inline_featured_image":false,"site-sidebar-layout":"default","site-content-layout":"default","ast-site-content-layout":"","site-content-style":"default","site-sidebar-style":"default","ast-global-header-display":"","ast-banner-title-visibility":"","ast-main-header-display":"","ast-hfb-above-header-display":"","ast-hfb-below-header-display":"","ast-hfb-mobile-header-display":"","site-post-title":"","ast-breadcrumbs-content":"","ast-featured-img":"","footer-sml-layout":"","theme-transparent-header-meta":"default","adv-header-id-meta":"","stick-header-meta":"","header-above-stick-meta":"","header-main-stick-meta":"","header-below-stick-meta":"","astra-migrate-meta-layouts":"default","ast-page-background-enabled":"default","ast-page-background-meta":{"desktop":{"background-color":"","background-image":"","background-repeat":"repeat","background-position":"center center","background-size":"auto","background-attachment":"scroll","background-type":"","background-media":"","overlay-type":"","overlay-color":"","overlay-opacity":"","overlay-gradient":""},"tablet":{"background-color":"","background-image":"","background-repeat":"repeat","background-position":"center center","background-size":"auto","background-attachment":"scroll","background-type":"","background-media":"","overlay-type":"","overlay-color":"","overlay-opacity":"","overlay-gradient":""},"mobile":{"background-color":"","background-image":"","background-repeat":"repeat","background-position":"center center","background-size":"auto","background-attachment":"scroll","background-type":"","background-media":"","overlay-type":"","overlay-color":"","overlay-opacity":"","overlay-gradient":""}},"ast-content-background-meta":{"desktop":{"background-color":"var(--ast-global-color-5)","background-image":"","background-repeat":"repeat","background-position":"center center","background-size":"auto","background-attachment":"scroll","background-type":"","background-media":"","overlay-type":"","overlay-color":"","overlay-opacity":"","overlay-gradient":""},"tablet":{"background-color":"var(--ast-global-color-5)","background-image":"","background-repeat":"repeat","background-position":"center center","background-size":"auto","background-attachment":"scroll","background-type":"","background-media":"","overlay-type":"","overlay-color":"","overlay-opacity":"","overlay-gradient":""},"mobile":{"background-color":"var(--ast-global-color-5)","background-image":"","background-repeat":"repeat","background-position":"center center","background-size":"auto","background-attachment":"scroll","background-type":"","background-media":"","overlay-type":"","overlay-color":"","overlay-opacity":"","overlay-gradient":""}},"ngg_post_thumbnail":0,"footnotes":""},"yoast_head":"<!-- This site is optimized with the Yoast SEO plugin v23.0 - https:\/\/yoast.com\/wordpress\/plugins\/seo\/ -->\n<title>Turismo de Zamora , Turismo Sostenible<\/title>\n<meta name=\"description\" content=\"Esta es la p\u00e1gina Oficial de Turismo de Diputaci\u00f3n de Zamora, donde podr\u00e1 encontrar toda la informaci\u00f3n para disfrutar al m\u00e1ximo de nuestra provincia.\" \/>\n<meta name=\"robots\" content=\"index, follow, max-snippet:-1, max-image-preview:large, max-video-preview:-1\" \/>\n<link rel=\"canonical\" href=\"https:\/\/turismoenzamora.es\/rutas\/\" \/>\n<meta property=\"og:locale\" content=\"pt_PT\" \/>\n<meta property=\"og:type\" content=\"article\" \/>\n<meta property=\"og:title\" content=\"Turismo de Zamora , Turismo Sostenible\" \/>\n<meta property=\"og:description\" content=\"Esta es la p\u00e1gina Oficial de Turismo de Diputaci\u00f3n de Zamora, donde podr\u00e1 encontrar toda la informaci\u00f3n para disfrutar al m\u00e1ximo de nuestra provincia.\" \/>\n<meta property=\"og:url\" content=\"https:\/\/turismoenzamora.es\/rutas\/\" \/>\n<meta property=\"og:site_name\" content=\"Turismo em Zamora\" \/>\n<meta property=\"article:publisher\" content=\"https:\/\/www.facebook.com\/ZamoraSpain\/\" \/>\n<meta property=\"article:modified_time\" content=\"2020-06-16T10:08:10+00:00\" \/>\n<meta property=\"og:image\" content=\"https:\/\/turismoenzamora.es\/wp-content\/uploads\/2017\/08\/seccion-rutas-principal.jpg\" \/>\n<meta name=\"twitter:card\" content=\"summary_large_image\" \/>\n<meta name=\"twitter:site\" content=\"@ZamoraSpain\" \/>\n<meta name=\"twitter:label1\" content=\"Tempo estimado de leitura\" \/>\n\t<meta name=\"twitter:data1\" content=\"11 minutos\" \/>\n<script type=\"application\/ld+json\" class=\"yoast-schema-graph\">{\"@context\":\"https:\/\/schema.org\",\"@graph\":[{\"@type\":\"WebPage\",\"@id\":\"https:\/\/turismoenzamora.es\/rutas\/\",\"url\":\"https:\/\/turismoenzamora.es\/rutas\/\",\"name\":\"Turismo de Zamora , Turismo Sostenible\",\"isPartOf\":{\"@id\":\"https:\/\/turismoenzamora.es\/pt\/#website\"},\"primaryImageOfPage\":{\"@id\":\"https:\/\/turismoenzamora.es\/rutas\/#primaryimage\"},\"image\":{\"@id\":\"https:\/\/turismoenzamora.es\/rutas\/#primaryimage\"},\"thumbnailUrl\":\"https:\/\/turismoenzamora.es\/wp-content\/uploads\/2017\/08\/seccion-rutas-principal.jpg\",\"datePublished\":\"2017-08-08T07:07:54+00:00\",\"dateModified\":\"2020-06-16T10:08:10+00:00\",\"description\":\"Esta es la p\u00e1gina Oficial de Turismo de Diputaci\u00f3n de Zamora, donde podr\u00e1 encontrar toda la informaci\u00f3n para disfrutar al m\u00e1ximo de nuestra provincia.\",\"breadcrumb\":{\"@id\":\"https:\/\/turismoenzamora.es\/rutas\/#breadcrumb\"},\"inLanguage\":\"pt-PT\",\"potentialAction\":[{\"@type\":\"ReadAction\",\"target\":[\"https:\/\/turismoenzamora.es\/rutas\/\"]}]},{\"@type\":\"ImageObject\",\"inLanguage\":\"pt-PT\",\"@id\":\"https:\/\/turismoenzamora.es\/rutas\/#primaryimage\",\"url\":\"https:\/\/turismoenzamora.es\/wp-content\/uploads\/2017\/08\/seccion-rutas-principal.jpg\",\"contentUrl\":\"https:\/\/turismoenzamora.es\/wp-content\/uploads\/2017\/08\/seccion-rutas-principal.jpg\"},{\"@type\":\"BreadcrumbList\",\"@id\":\"https:\/\/turismoenzamora.es\/rutas\/#breadcrumb\",\"itemListElement\":[{\"@type\":\"ListItem\",\"position\":1,\"name\":\"Portada\",\"item\":\"https:\/\/turismoenzamora.es\/\"},{\"@type\":\"ListItem\",\"position\":2,\"name\":\"Rutas\"}]},{\"@type\":\"WebSite\",\"@id\":\"https:\/\/turismoenzamora.es\/pt\/#website\",\"url\":\"https:\/\/turismoenzamora.es\/pt\/\",\"name\":\"Turismo sostenible. Patronato de Turismo de la Diputaci\u00f3n de Zamora.&quot;Turismo Sostenible&quot;.\",\"description\":\"Turismo Sustent\u00e1vel Posto de Turismo da Diputaci\u00f3n de Zamora\",\"publisher\":{\"@id\":\"https:\/\/turismoenzamora.es\/pt\/#organization\"},\"potentialAction\":[{\"@type\":\"SearchAction\",\"target\":{\"@type\":\"EntryPoint\",\"urlTemplate\":\"https:\/\/turismoenzamora.es\/pt\/?s={search_term_string}\"},\"query-input\":\"required name=search_term_string\"}],\"inLanguage\":\"pt-PT\"},{\"@type\":\"Organization\",\"@id\":\"https:\/\/turismoenzamora.es\/pt\/#organization\",\"name\":\"Patronato de Turismo de la Diputaci\u00f3n de Zamora\",\"url\":\"https:\/\/turismoenzamora.es\/pt\/\",\"logo\":{\"@type\":\"ImageObject\",\"inLanguage\":\"pt-PT\",\"@id\":\"https:\/\/turismoenzamora.es\/pt\/#\/schema\/logo\/image\/\",\"url\":\"https:\/\/turismoenzamora.es\/wp-content\/uploads\/2018\/06\/ZamoraLogo.png\",\"contentUrl\":\"https:\/\/turismoenzamora.es\/wp-content\/uploads\/2018\/06\/ZamoraLogo.png\",\"width\":1276,\"height\":290,\"caption\":\"Patronato de Turismo de la Diputaci\u00f3n de Zamora\"},\"image\":{\"@id\":\"https:\/\/turismoenzamora.es\/pt\/#\/schema\/logo\/image\/\"},\"sameAs\":[\"https:\/\/www.facebook.com\/ZamoraSpain\/\",\"https:\/\/x.com\/ZamoraSpain\",\"https:\/\/www.instagram.com\/turismoenzamora.es\/\",\"https:\/\/www.pinterest.es\/TurismoenZamora\/\",\"https:\/\/www.youtube.com\/channel\/UC2bOyOZ-2cLm-uXlBFYUV9w\"]}]}<\/script>\n<!-- \/ Yoast SEO plugin. -->","yoast_head_json":{"title":"Turismo de Zamora , Turismo Sostenible","description":"Esta es la p\u00e1gina Oficial de Turismo de Diputaci\u00f3n de Zamora, donde podr\u00e1 encontrar toda la informaci\u00f3n para disfrutar al m\u00e1ximo de nuestra provincia.","robots":{"index":"index","follow":"follow","max-snippet":"max-snippet:-1","max-image-preview":"max-image-preview:large","max-video-preview":"max-video-preview:-1"},"canonical":"https:\/\/turismoenzamora.es\/rutas\/","og_locale":"pt_PT","og_type":"article","og_title":"Turismo de Zamora , Turismo Sostenible","og_description":"Esta es la p\u00e1gina Oficial de Turismo de Diputaci\u00f3n de Zamora, donde podr\u00e1 encontrar toda la informaci\u00f3n para disfrutar al m\u00e1ximo de nuestra provincia.","og_url":"https:\/\/turismoenzamora.es\/rutas\/","og_site_name":"Turismo em Zamora","article_publisher":"https:\/\/www.facebook.com\/ZamoraSpain\/","article_modified_time":"2020-06-16T10:08:10+00:00","og_image":[{"url":"https:\/\/turismoenzamora.es\/wp-content\/uploads\/2017\/08\/seccion-rutas-principal.jpg"}],"twitter_card":"summary_large_image","twitter_site":"@ZamoraSpain","twitter_misc":{"Tempo estimado de leitura":"11 minutos"},"schema":{"@context":"https:\/\/schema.org","@graph":[{"@type":"WebPage","@id":"https:\/\/turismoenzamora.es\/rutas\/","url":"https:\/\/turismoenzamora.es\/rutas\/","name":"Turismo de Zamora , Turismo Sostenible","isPartOf":{"@id":"https:\/\/turismoenzamora.es\/pt\/#website"},"primaryImageOfPage":{"@id":"https:\/\/turismoenzamora.es\/rutas\/#primaryimage"},"image":{"@id":"https:\/\/turismoenzamora.es\/rutas\/#primaryimage"},"thumbnailUrl":"https:\/\/turismoenzamora.es\/wp-content\/uploads\/2017\/08\/seccion-rutas-principal.jpg","datePublished":"2017-08-08T07:07:54+00:00","dateModified":"2020-06-16T10:08:10+00:00","description":"Esta es la p\u00e1gina Oficial de Turismo de Diputaci\u00f3n de Zamora, donde podr\u00e1 encontrar toda la informaci\u00f3n para disfrutar al m\u00e1ximo de nuestra provincia.","breadcrumb":{"@id":"https:\/\/turismoenzamora.es\/rutas\/#breadcrumb"},"inLanguage":"pt-PT","potentialAction":[{"@type":"ReadAction","target":["https:\/\/turismoenzamora.es\/rutas\/"]}]},{"@type":"ImageObject","inLanguage":"pt-PT","@id":"https:\/\/turismoenzamora.es\/rutas\/#primaryimage","url":"https:\/\/turismoenzamora.es\/wp-content\/uploads\/2017\/08\/seccion-rutas-principal.jpg","contentUrl":"https:\/\/turismoenzamora.es\/wp-content\/uploads\/2017\/08\/seccion-rutas-principal.jpg"},{"@type":"BreadcrumbList","@id":"https:\/\/turismoenzamora.es\/rutas\/#breadcrumb","itemListElement":[{"@type":"ListItem","position":1,"name":"Portada","item":"https:\/\/turismoenzamora.es\/"},{"@type":"ListItem","position":2,"name":"Rutas"}]},{"@type":"WebSite","@id":"https:\/\/turismoenzamora.es\/pt\/#website","url":"https:\/\/turismoenzamora.es\/pt\/","name":"Turismo sostenible. Patronato de Turismo de la Diputaci\u00f3n de Zamora.&quot;Turismo Sostenible&quot;.","description":"Turismo Sustent\u00e1vel Posto de Turismo da Diputaci\u00f3n de Zamora","publisher":{"@id":"https:\/\/turismoenzamora.es\/pt\/#organization"},"potentialAction":[{"@type":"SearchAction","target":{"@type":"EntryPoint","urlTemplate":"https:\/\/turismoenzamora.es\/pt\/?s={search_term_string}"},"query-input":"required name=search_term_string"}],"inLanguage":"pt-PT"},{"@type":"Organization","@id":"https:\/\/turismoenzamora.es\/pt\/#organization","name":"Patronato de Turismo de la Diputaci\u00f3n de Zamora","url":"https:\/\/turismoenzamora.es\/pt\/","logo":{"@type":"ImageObject","inLanguage":"pt-PT","@id":"https:\/\/turismoenzamora.es\/pt\/#\/schema\/logo\/image\/","url":"https:\/\/turismoenzamora.es\/wp-content\/uploads\/2018\/06\/ZamoraLogo.png","contentUrl":"https:\/\/turismoenzamora.es\/wp-content\/uploads\/2018\/06\/ZamoraLogo.png","width":1276,"height":290,"caption":"Patronato de Turismo de la Diputaci\u00f3n de Zamora"},"image":{"@id":"https:\/\/turismoenzamora.es\/pt\/#\/schema\/logo\/image\/"},"sameAs":["https:\/\/www.facebook.com\/ZamoraSpain\/","https:\/\/x.com\/ZamoraSpain","https:\/\/www.instagram.com\/turismoenzamora.es\/","https:\/\/www.pinterest.es\/TurismoenZamora\/","https:\/\/www.youtube.com\/channel\/UC2bOyOZ-2cLm-uXlBFYUV9w"]}]}},"_links":{"self":[{"href":"https:\/\/turismoenzamora.es\/pt\/wp-json\/wp\/v2\/pages\/249"}],"collection":[{"href":"https:\/\/turismoenzamora.es\/pt\/wp-json\/wp\/v2\/pages"}],"about":[{"href":"https:\/\/turismoenzamora.es\/pt\/wp-json\/wp\/v2\/types\/page"}],"author":[{"embeddable":true,"href":"https:\/\/turismoenzamora.es\/pt\/wp-json\/wp\/v2\/users\/1"}],"replies":[{"embeddable":true,"href":"https:\/\/turismoenzamora.es\/pt\/wp-json\/wp\/v2\/comments?post=249"}],"version-history":[{"count":0,"href":"https:\/\/turismoenzamora.es\/pt\/wp-json\/wp\/v2\/pages\/249\/revisions"}],"wp:attachment":[{"href":"https:\/\/turismoenzamora.es\/pt\/wp-json\/wp\/v2\/media?parent=249"}],"curies":[{"name":"wp","href":"https:\/\/api.w.org\/{rel}","templated":true}]}}