{"id":2244,"date":"2017-08-18T08:31:31","date_gmt":"2017-08-18T06:31:31","guid":{"rendered":"https:\/\/newweb.turismoenzamora.es\/?page_id=2244"},"modified":"2026-03-27T14:48:11","modified_gmt":"2026-03-27T13:48:11","slug":"horarios-de-apertura-por-la-provincia","status":"publish","type":"page","link":"https:\/\/turismoenzamora.es\/pt\/servicios-turisticos\/informacion-turistica\/horarios-de-apertura\/horarios-de-apertura-por-la-provincia\/","title":{"rendered":"Provincia"},"content":{"rendered":"<ul>\n<li><\/p>\n<h3>Monumentos de Puebla de Sanabria<\/h3>\n<h2>IGREJA DE NOSSA SENHORA DO AZOHOGUE<\/h2>\n<p>&#8211;\u00a0<strong>Semana Santa (de 23 a 31 de Mar\u00e7o):\u00a0<\/strong>de 11:00 a 14:00 y de 16:00 a 20:00 horas.<br \/>&#8211;\u00a0<strong>DDe Maio a Junho:\u00a0<\/strong>fins-de-semana, feriados e pontes das 11h \u00e0s 14h e das 16h \u00e0s 19h.<br \/>&#8211;\u00a0<strong>Julho, Agosto e Setembro:<\/strong>\u00a0ter\u00e7as a domingos das 11h \u00e0s 14h e das 17h \u00e0s 20h. Encerra \u00e0s segundas.<br \/>&#8211;\u00a0<strong>Outubro, Novembro e at\u00e9 9 de Dezembro:<\/strong>\u00a0fins-de-semana, feriados e pontes das 11h \u00e0s 14h e das 16h \u00e0s 19h.<\/p>\n<h2>CASTELO \/ POSTO DE TURISMO<\/h2>\n<p>&#8211; Todos os dias das 11h \u00e0s 14h e das 16h \u00e0s 20h, excepto domingos que o hor\u00e1rio de fecho \u00e9 \u00e0s 19h.<\/p>\n<h2>MUSEU DE GIGANTES E CABE\u00c7UDOS<\/h2>\n<p>&#8211; Actualmente fechado<\/p>\n<h2>ESCOLA MICOL\u00d3GICA DE UNGILDE<\/h2>\n<p>&#8211; S\u00e1bados das 16h \u00e0s 18h<br \/>&#8211; Domingos das 12h \u00e0s 14h<\/p>\n<h3>Monumentos de San Mart\u00edn de Casta\u00f1eda<\/h3>\n<h2>IGREJA<\/h2>\n<p><strong>&#8211; De 23 de Mar\u00e7o a 30 de Junho:\u00a0<\/strong>sextas e s\u00e1bados das 10h \u00e0s 13h e das 17h \u00e0s 20h. Domingos das 10h \u00e0s 13h<br \/><strong>&#8211; Julho, Agosto e Setembro:\u00a0<\/strong>ter\u00e7as a domingos das 10h \u00e0s 14h e das 17h \u00e0s 20h. Encerra \u00e0s segundas.<br \/><strong>&#8211; Outubro, Novembro e at\u00e9 9 de Dezembro:\u00a0<\/strong>sextas e s\u00e1bados das 11h \u00e0s 14h e das 16:30h \u00e0s 18:30h.<\/p>\n<p><strong>Observa\u00e7\u00f5es\u00a0<\/strong><br \/>&#8211; Entrada GRATUITA<\/p>\n<h3>Monumentos de T\u00e1bara<\/h3>\n<h2>IGREJA DE SANTA MAR\u00cdA<\/h2>\n<p><strong>&#8211; De 1 de Mar\u00e7o a 30 de Novembro:\u00a0<\/strong>ter\u00e7as a s\u00e1bados das 12h \u00e0s 14h<\/p>\n<h3>Monumentos de El Campillo<\/h3>\n<h2>IGREJA DE SAN PEDRO DE LA NAVE<\/h2>\n<p><strong>&#8211; Del 15 de Mar\u00e7o al 30 de Setembro:\u00a0<\/strong>ter\u00e7as a domingos das 10h \u00e0s 13h e das 17h \u00e0s<br \/><strong>&#8211; De 1 Outubro a 9 de Dezembro:\u00a0<\/strong>sextas e s\u00e1bados das 10h \u00e0s 14h e das 16h \u00e0s 18:30h. Domingos das 10h \u00e0s 14h<\/p>\n<p>Telefone de contacto: 600 36 98 22<\/p>\n<h3>Monumentos de La Hiniesta<\/h3>\n<h2>IGREJA DE SANTA MAR\u00cdA LA REAL<\/h2>\n<p><strong>Observa\u00e7\u00f5es\u00a0<\/strong><br \/>&#8211; Telefone: 980 552 110 (Donativo)<\/p>\n<h3>Monumentos de Arcenillas<\/h3>\n<h2>IGREJA PARROQUIAL<\/h2>\n<p><strong>Observa\u00e7\u00f5es<\/strong><br \/>&#8211; Telefone: 980 571 447 (Donativo)<\/p>\n<h3>Monumentos de Fermoselle<\/h3>\n<h2>IGREJA DE NUESTRA SE\u00d1ORA DE LA ASUNCI\u00d3N<\/h2>\n<p><strong>&#8211; Abril, Maio, Junho, Outubro e at\u00e9 9 de Dezembro:\u00a0<\/strong>sextas e s\u00e1bados das 10h \u00e0s 14h e das 16:30h \u00e0s 18:30h. Domingos das 10h \u00e0s 14h.<br \/><strong>&#8211; Julho, Agosto e Setembro:\u00a0<\/strong>ter\u00e7as a domingos das 10h \u00e0s 13h e das 17h \u00e0s 20h. Encerra \u00e0s segundas.<\/p>\n<h3>Monumentos de Toro<\/h3>\n<h2>COLEGIATA DE SANTA MAR\u00cdA LA MAYOR E IGREJA-MUSEU DE SAN SALVADOR DE LOS CABALLEROS<\/h2>\n<p><strong>De 18 de Mar\u00e7o a 22 de Dezembro:<br \/>&#8211;\u00a0<\/strong>ter\u00e7as a domingos das 10:30h \u00e0s 14h e das 17h \u00e0s 19:30h. Encerra \u00e0s segundas<br \/><strong>Observa\u00e7\u00f5es<\/strong><br \/>&#8211; Bilhete Geral: 1\u20ac<\/p>\n<h2>IGREJAS DE SAN LORENZO EL REAL, SANTO SEPULCRO Y SAN SEBASTI\u00c1N DE LOS CABALLEROS<\/h2>\n<p><strong>De 22 a 31 de Mar\u00e7o:<\/strong><br \/>&#8211; ter\u00e7as a domingos das 10:30h \u00e0s 14h e das 17h \u00e0s 19:30h. Encerra \u00e0s segundas<br \/>&#8211; Lunes cerrado.<br \/><strong>De 1 de Abril a 22 de Dezembro:\u00a0<\/strong><br \/>&#8211; sextas, s\u00e1bados e domingos das 10:30h \u00e0s 14h e das 17h \u00e0s 19:30h.<br \/><strong>Observa\u00e7\u00f5es<\/strong><br \/>&#8211; Bilhete geral: 1\u20ac<\/p>\n<h2>MONASTERIO DE SANCTI SPIRITUS<\/h2>\n<p><strong>A partir da Semana Santa:<\/strong><\/p>\n<p><strong>Observa\u00e7\u00f5es<\/strong><br \/>&#8211; Visitas guiadas de ter\u00e7as a domingos \u00e0s 10:30h, 11:30h, 12:30h, 16:30h e 17:30h.<br \/>&#8211; Bilhete geral: 4,50\u20ac<br \/>&#8211; Bilhete Grupos: 3\u20acbr \/&gt;<\/p>\n<h3>Monumentos de Villalonso<\/h3>\n<h2>CASTELO DE VILLALONSO<\/h2>\n<p><strong>Mar\u00e7o e Abril :<\/strong>\u00a0domingos e feriados das 12h \u00e0s 14:30h.<\/p>\n<p><strong>Observa\u00e7\u00f5es<\/strong><br \/>&#8211; Bilhete geral: 2,50\u20ac (grupos superiores a 15 pessoas: 1,50\u20ac grupos. Menores de 12 anos e Amigos do Patrim\u00f3nio: gr\u00e1tis)<\/p>\n<h3>Monumentos de Benavente<\/h3>\n<h2>IGREJA DE SANTA MAR\u00cdA DEL AZOGUE E\u00a0IGREJA DE SAN JUAN DEL MERCADO<\/h2>\n<p><strong>&#8211; Semana Santa (quinta-feira santa a domingo de Ressurrei\u00e7\u00e3o):\u00a0<\/strong>das 10h \u00e0s 13h e das 17:00h \u00e0s 20h.<br \/><strong>&#8211; Abril e Maio:\u00a0<\/strong>sextas e s\u00e1bados das 10h \u00e0s 13h e das 17h \u00e0s 20h. Domingos das 10h \u00e0s 13h.<br \/><strong>&#8211; Junho, Julho, Agosto e Setembro:\u00a0<\/strong>ter\u00e7as a domingos das 10:30h \u00e0s 14h e das 17h \u00e0s 20h. Encerra \u00e0s segundas.<br \/><strong>&#8211; Outubro, Novembro e at\u00e9 9 de Dezembro:\u00a0<\/strong>sextas e s\u00e1bados das 10h \u00e0s 14h e das 16:30h \u00e0s 18:30h. Domingos das 10h \u00e0s 14h.<\/p>\n<p>&#8211; Custo de acesso: 2 \u20ac.<\/p>\n<h2>MUSEO DE SEMANA SANTA DE BENAVENTE<\/h2>\n<p>&#8211; Para marca\u00e7\u00e3o de visitas telefonar previamente para 610 408 868.<br \/>&#8211; Bilhete geral: 1,50\u20ac<\/p>\n<h3>Monumentos de Santa Marta de Tera<\/h3>\n<h2>IGREJA DE SANTA MARTA Y MUSEO DEL CAMINO<\/h2>\n<p><strong>De 12 de Mar\u00e7o a 31 de Agosto:\u00a0<\/strong>ter\u00e7as a domingos das 10h \u00e0s 13h e das 17h \u00e0s 20:15h. Encerra \u00e0s segundas.<br \/><strong>De 1 de Setembro a 9 de Dezembro:\u00a0<\/strong>Ter\u00e7as a domingos das 10h \u00e0s 14h e das 16:30h \u00e0s 18h. Encerra \u00e0s segundas.<br \/><strong>Observa\u00e7\u00f5es<\/strong><br \/>&#8211; Bilhete Geral: 1\u20ac<\/p>\n<h3>Monumentos de la Granja de Moreruela<\/h3>\n<p><strong>MONASTERIO DE SANTA MAR\u00cdA DE MORERUELA<\/strong><\/p>\n<p><strong>De Abril a Setembro:\u00a0<\/strong>quartas a domingos das 10h \u00e0s 13:50h e das 16:30h a 20:30h. Aberto aos feriados.<br \/><strong>De Outubro a Mar\u00e7o:\u00a0<\/strong>quartas a domingos das 10h \u00e0s 13:50h e das 15:30h \u00e0s 17:15h. Aberto aos feriados.<br \/><strong>Encerra \u00e0s segundas e ter\u00e7as.<br \/>Abre excepcionalmente nos dias: 28 e 29 de Mar\u00e7o, 23 de Abril, 1 de Maio, 15 de Agosto, 12 de Outubro, 1 de Novembro, 6 e 9 de Dezembro<\/strong><\/p>\n<h2>CENTRO DE INTERPRETA\u00c7\u00c3O DEL C\u00cdSTER DE GRANJA DE MORERUELA<\/h2>\n<p><strong>Outubro:<\/strong>\u00a0quartas a domingos das 10:30h \u00e0s 14h e das 15:30h \u00e0s 19h.<br \/><strong>Novembro a Mar\u00e7o:\u00a0<\/strong>quartas a domingos das 10:30h \u00e0s 14h e das 15:30h \u00e0s 18:30h.<br \/><strong>Observa\u00e7\u00f5es<\/strong><br \/>&#8211; Encerra no primeiro domingo de cada m\u00eas<\/p>\n<h3>Monumentos de Molacillos<\/h3>\n<h2>CISTERNAS ROMANAS<\/h2>\n<p><strong>Observa\u00e7\u00f5es<\/strong><br \/>&#8211; Telefone: 665 586 381<\/p>\n<h3>Rota Arqueol\u00f3gica pelos Valles de Benavente<\/h3>\n<h2>ROTA ARQUEOL\u00d3GICA PELOS VALLES DE ZAMORA: VIDRIALES, \u00d3RBIGO Y ERIA MANGANESES DE LA POLVOROSA, MORALES DEL REY, ARRABALDE, SANTIB\u00c1\u00d1EZ DE VIDRIALES Y GRANUCILLO DE VIDRIALES<\/h2>\n<p><strong>De Janeiro a Junho<\/strong><br \/>&#8211; S\u00e1bados, domingos e feriados das 11h \u00e0s 14h e das 16h \u00e0s 19h<br \/><strong>De Julho a Agosto<\/strong><br \/>&#8211; Quintas a domingos das 11h \u00e0s 14h e das 17h \u00e0s 20h<br \/><strong>De Setembro a Dezembro<\/strong><br \/>&#8211; S\u00e1bados, domingos e feriados das 11h \u00e0s 14h e das 16h \u00e0s 19h<\/p>\n<h3>Casas del Parque de la provincia de Zamora<\/h3>\n<h2>CASA DO PARQUE DO LAGO DE SANABRIA E ARREDORES E CENTRO DE SAN MART\u00cdN DE CASTA\u00d1EDA<\/h2>\n<p><strong>Janeiro<\/strong><br \/>Fechada, excepto para grupos com reserva. Telefone: 980 621 595<br \/>&lt;strongfevereiro-mar\u00e7o&lt; strong=&#8221;&#8221;&gt;<br \/>S\u00e1bados e domingos das 10h \u00e0s 14h e das 16h \u00e0s 19h. A Casa do Parque abre todos os dias da semana para grupos com reserva. Telefone: 980 621 595<br \/><strong>Semana Santa<\/strong><br \/>De 25 a 31 de Mar\u00e7o das 10h \u00e0s 14h e das 16h \u00e0s 19h.<br \/><strong>Observa\u00e7\u00f5es<\/strong><br \/>&#8211; Telefone: 980 621 595<\/p>\n<h2>CASA DO PARQUE DE LAS LAGUNAS DE VILLAF\u00c1FILA &#8220;EL PALOMAR&#8221; (VILLAF\u00c1FILA)<\/h2>\n<p><strong>Janeiro a Mar\u00e7o<\/strong><br \/>Sextas a domingos das 10h \u00e0s 14h e das 16h \u00e0s 18:30h.<br \/><strong>Abril a Setembro<\/strong><br \/>Sextas a domingos das 11h \u00e0s 14h e das 16h \u00e0s 19:30h. Encerra de 6 de Agosto a 6 de Setembro (inclusive).<br \/><strong>Outubro a Dezembro<\/strong><br \/>Sextas a domingos das 10h \u00e0s 14h e das 16h \u00e0s 18:30h.<br \/><strong>Aberta na Semana Santa e Feriados<br \/>Para grupos organizados, com marca\u00e7\u00e3o, abre qualquer dia do ano (980 586 046).<\/strong><\/p>\n<h2>CASA DO PARQUE DE DEL DUERO &#8220;CONVENTO DE SAN FRANCISCO&#8221; (FERMOSELLE)<\/h2>\n<p><strong>Janeiro<\/strong><br \/>S\u00f3 abre para grupos com marca\u00e7\u00e3o<br \/><strong>Fevereiro a Mar\u00e7o<\/strong><br \/>Sextas e s\u00e1bados das 10h \u00e0s 14h e das 16h \u00e0s 18h. Domingos das 10h \u00e0s 14h<br \/><strong>Semana Santa (de 25 a 31 de Mar\u00e7o) )\u00a0<\/strong><br \/>Das 10h \u00e0s 14h e das 16h \u00e0s 19h.<br \/><strong>Para grupos organizados, com marca\u00e7\u00e3o, abre qualquer dia do ano (980 613 384).<\/strong>&lt;\/strongfevereiro-mar\u00e7o&lt;&gt;<\/p>\n<p>","protected":false},"excerpt":{"rendered":"<p>Monumentos de Puebla de Sanabria IGREJA DE NOSSA SENHORA DO AZOHOGUE &#8211;\u00a0Semana Santa (de 23 a 31 de Mar\u00e7o):\u00a0de 11:00 a 14:00 y de 16:00 a 20:00 horas.&#8211;\u00a0DDe Maio a Junho:\u00a0fins-de-semana, feriados e pontes das 11h \u00e0s 14h e das 16h \u00e0s 19h.&#8211;\u00a0Julho, Agosto e Setembro:\u00a0ter\u00e7as a domingos das 11h \u00e0s 14h e das 17h [&hellip;]<\/p>\n","protected":false},"author":1,"featured_media":0,"parent":1733,"menu_order":2,"comment_status":"closed","ping_status":"closed","template":"","meta":{"inline_featured_image":false,"site-sidebar-layout":"default","site-content-layout":"default","ast-site-content-layout":"default","site-content-style":"default","site-sidebar-style":"default","ast-global-header-display":"","ast-banner-title-visibility":"","ast-main-header-display":"","ast-hfb-above-header-display":"","ast-hfb-below-header-display":"","ast-hfb-mobile-header-display":"","site-post-title":"","ast-breadcrumbs-content":"","ast-featured-img":"","footer-sml-layout":"","theme-transparent-header-meta":"default","adv-header-id-meta":"","stick-header-meta":"","header-above-stick-meta":"","header-main-stick-meta":"","header-below-stick-meta":"","astra-migrate-meta-layouts":"set","ast-page-background-enabled":"default","ast-page-background-meta":{"desktop":{"background-color":"","background-image":"","background-repeat":"repeat","background-position":"center center","background-size":"auto","background-attachment":"scroll","background-type":"","background-media":"","overlay-type":"","overlay-color":"","overlay-gradient":""},"tablet":{"background-color":"","background-image":"","background-repeat":"repeat","background-position":"center center","background-size":"auto","background-attachment":"scroll","background-type":"","background-media":"","overlay-type":"","overlay-color":"","overlay-gradient":""},"mobile":{"background-color":"","background-image":"","background-repeat":"repeat","background-position":"center center","background-size":"auto","background-attachment":"scroll","background-type":"","background-media":"","overlay-type":"","overlay-color":"","overlay-gradient":""}},"ast-content-background-meta":{"desktop":{"background-color":"var(--ast-global-color-5)","background-image":"","background-repeat":"repeat","background-position":"center center","background-size":"auto","background-attachment":"scroll","background-type":"","background-media":"","overlay-type":"","overlay-color":"","overlay-gradient":""},"tablet":{"background-color":"var(--ast-global-color-5)","background-image":"","background-repeat":"repeat","background-position":"center center","background-size":"auto","background-attachment":"scroll","background-type":"","background-media":"","overlay-type":"","overlay-color":"","overlay-gradient":""},"mobile":{"background-color":"var(--ast-global-color-5)","background-image":"","background-repeat":"repeat","background-position":"center center","background-size":"auto","background-attachment":"scroll","background-type":"","background-media":"","overlay-type":"","overlay-color":"","overlay-gradient":""}},"ngg_post_thumbnail":0,"footnotes":""},"yoast_head":"<!-- This site is optimized with the Yoast SEO plugin v23.0 - https:\/\/yoast.com\/wordpress\/plugins\/seo\/ -->\n<title>Turismo de Zamora , Turismo Sostenible<\/title>\n<meta name=\"description\" content=\"Esta es la p\u00e1gina Oficial de Turismo de Diputaci\u00f3n de Zamora, donde podr\u00e1 encontrar toda la informaci\u00f3n para disfrutar al m\u00e1ximo de nuestra provincia.\" \/>\n<meta name=\"robots\" content=\"index, follow, max-snippet:-1, max-image-preview:large, max-video-preview:-1\" \/>\n<link rel=\"canonical\" href=\"https:\/\/turismoenzamora.es\/servicios-turisticos\/informacion-turistica\/horarios-de-apertura\/horarios-de-apertura-por-la-provincia\/\" \/>\n<meta property=\"og:locale\" content=\"pt_PT\" \/>\n<meta property=\"og:type\" content=\"article\" \/>\n<meta property=\"og:title\" content=\"Turismo de Zamora , Turismo Sostenible\" \/>\n<meta property=\"og:description\" content=\"Esta es la p\u00e1gina Oficial de Turismo de Diputaci\u00f3n de Zamora, donde podr\u00e1 encontrar toda la informaci\u00f3n para disfrutar al m\u00e1ximo de nuestra provincia.\" \/>\n<meta property=\"og:url\" content=\"https:\/\/turismoenzamora.es\/servicios-turisticos\/informacion-turistica\/horarios-de-apertura\/horarios-de-apertura-por-la-provincia\/\" \/>\n<meta property=\"og:site_name\" content=\"Turismo em Zamora\" \/>\n<meta property=\"article:publisher\" content=\"https:\/\/www.facebook.com\/ZamoraSpain\/\" \/>\n<meta property=\"article:modified_time\" content=\"2026-03-27T13:48:11+00:00\" \/>\n<meta name=\"twitter:card\" content=\"summary_large_image\" \/>\n<meta name=\"twitter:site\" content=\"@ZamoraSpain\" \/>\n<meta name=\"twitter:label1\" content=\"Tempo estimado de leitura\" \/>\n\t<meta name=\"twitter:data1\" content=\"46 minutos\" \/>\n<script type=\"application\/ld+json\" class=\"yoast-schema-graph\">{\"@context\":\"https:\/\/schema.org\",\"@graph\":[{\"@type\":\"WebPage\",\"@id\":\"https:\/\/turismoenzamora.es\/servicios-turisticos\/informacion-turistica\/horarios-de-apertura\/horarios-de-apertura-por-la-provincia\/\",\"url\":\"https:\/\/turismoenzamora.es\/servicios-turisticos\/informacion-turistica\/horarios-de-apertura\/horarios-de-apertura-por-la-provincia\/\",\"name\":\"Turismo de Zamora , Turismo Sostenible\",\"isPartOf\":{\"@id\":\"https:\/\/turismoenzamora.es\/pt\/#website\"},\"datePublished\":\"2017-08-18T06:31:31+00:00\",\"dateModified\":\"2026-03-27T13:48:11+00:00\",\"description\":\"Esta es la p\u00e1gina Oficial de Turismo de Diputaci\u00f3n de Zamora, donde podr\u00e1 encontrar toda la informaci\u00f3n para disfrutar al m\u00e1ximo de nuestra provincia.\",\"breadcrumb\":{\"@id\":\"https:\/\/turismoenzamora.es\/servicios-turisticos\/informacion-turistica\/horarios-de-apertura\/horarios-de-apertura-por-la-provincia\/#breadcrumb\"},\"inLanguage\":\"pt-PT\",\"potentialAction\":[{\"@type\":\"ReadAction\",\"target\":[\"https:\/\/turismoenzamora.es\/servicios-turisticos\/informacion-turistica\/horarios-de-apertura\/horarios-de-apertura-por-la-provincia\/\"]}]},{\"@type\":\"BreadcrumbList\",\"@id\":\"https:\/\/turismoenzamora.es\/servicios-turisticos\/informacion-turistica\/horarios-de-apertura\/horarios-de-apertura-por-la-provincia\/#breadcrumb\",\"itemListElement\":[{\"@type\":\"ListItem\",\"position\":1,\"name\":\"Portada\",\"item\":\"https:\/\/turismoenzamora.es\/\"},{\"@type\":\"ListItem\",\"position\":2,\"name\":\"Servicios Tur\u00edsticos\",\"item\":\"https:\/\/turismoenzamora.es\/fr\/servicios-turisticos\/\"},{\"@type\":\"ListItem\",\"position\":3,\"name\":\"Informations touristiques\",\"item\":\"https:\/\/turismoenzamora.es\/fr\/servicios-turisticos\/informacion-turistica\/\"},{\"@type\":\"ListItem\",\"position\":4,\"name\":\"Horarios de apertura\",\"item\":\"https:\/\/turismoenzamora.es\/servicios-turisticos\/informacion-turistica\/horarios-de-apertura\/\"},{\"@type\":\"ListItem\",\"position\":5,\"name\":\"[:es]Horarios de apertura por la Provincia[:en]Provincia[:fr]Provincia[:pt]Provincia[:de]Provincia[:]\"}]},{\"@type\":\"WebSite\",\"@id\":\"https:\/\/turismoenzamora.es\/pt\/#website\",\"url\":\"https:\/\/turismoenzamora.es\/pt\/\",\"name\":\"Turismo sostenible. Patronato de Turismo de la Diputaci\u00f3n de Zamora.&quot;Turismo Sostenible&quot;.\",\"description\":\"Turismo Sustent\u00e1vel Posto de Turismo da Diputaci\u00f3n de Zamora\",\"publisher\":{\"@id\":\"https:\/\/turismoenzamora.es\/pt\/#organization\"},\"potentialAction\":[{\"@type\":\"SearchAction\",\"target\":{\"@type\":\"EntryPoint\",\"urlTemplate\":\"https:\/\/turismoenzamora.es\/pt\/?s={search_term_string}\"},\"query-input\":\"required name=search_term_string\"}],\"inLanguage\":\"pt-PT\"},{\"@type\":\"Organization\",\"@id\":\"https:\/\/turismoenzamora.es\/pt\/#organization\",\"name\":\"Patronato de Turismo de la Diputaci\u00f3n de Zamora\",\"url\":\"https:\/\/turismoenzamora.es\/pt\/\",\"logo\":{\"@type\":\"ImageObject\",\"inLanguage\":\"pt-PT\",\"@id\":\"https:\/\/turismoenzamora.es\/pt\/#\/schema\/logo\/image\/\",\"url\":\"https:\/\/turismoenzamora.es\/wp-content\/uploads\/2018\/06\/ZamoraLogo.png\",\"contentUrl\":\"https:\/\/turismoenzamora.es\/wp-content\/uploads\/2018\/06\/ZamoraLogo.png\",\"width\":1276,\"height\":290,\"caption\":\"Patronato de Turismo de la Diputaci\u00f3n de Zamora\"},\"image\":{\"@id\":\"https:\/\/turismoenzamora.es\/pt\/#\/schema\/logo\/image\/\"},\"sameAs\":[\"https:\/\/www.facebook.com\/ZamoraSpain\/\",\"https:\/\/x.com\/ZamoraSpain\",\"https:\/\/www.instagram.com\/turismoenzamora.es\/\",\"https:\/\/www.pinterest.es\/TurismoenZamora\/\",\"https:\/\/www.youtube.com\/channel\/UC2bOyOZ-2cLm-uXlBFYUV9w\"]}]}<\/script>\n<!-- \/ Yoast SEO plugin. -->","yoast_head_json":{"title":"Turismo de Zamora , Turismo Sostenible","description":"Esta es la p\u00e1gina Oficial de Turismo de Diputaci\u00f3n de Zamora, donde podr\u00e1 encontrar toda la informaci\u00f3n para disfrutar al m\u00e1ximo de nuestra provincia.","robots":{"index":"index","follow":"follow","max-snippet":"max-snippet:-1","max-image-preview":"max-image-preview:large","max-video-preview":"max-video-preview:-1"},"canonical":"https:\/\/turismoenzamora.es\/servicios-turisticos\/informacion-turistica\/horarios-de-apertura\/horarios-de-apertura-por-la-provincia\/","og_locale":"pt_PT","og_type":"article","og_title":"Turismo de Zamora , Turismo Sostenible","og_description":"Esta es la p\u00e1gina Oficial de Turismo de Diputaci\u00f3n de Zamora, donde podr\u00e1 encontrar toda la informaci\u00f3n para disfrutar al m\u00e1ximo de nuestra provincia.","og_url":"https:\/\/turismoenzamora.es\/servicios-turisticos\/informacion-turistica\/horarios-de-apertura\/horarios-de-apertura-por-la-provincia\/","og_site_name":"Turismo em Zamora","article_publisher":"https:\/\/www.facebook.com\/ZamoraSpain\/","article_modified_time":"2026-03-27T13:48:11+00:00","twitter_card":"summary_large_image","twitter_site":"@ZamoraSpain","twitter_misc":{"Tempo estimado de leitura":"46 minutos"},"schema":{"@context":"https:\/\/schema.org","@graph":[{"@type":"WebPage","@id":"https:\/\/turismoenzamora.es\/servicios-turisticos\/informacion-turistica\/horarios-de-apertura\/horarios-de-apertura-por-la-provincia\/","url":"https:\/\/turismoenzamora.es\/servicios-turisticos\/informacion-turistica\/horarios-de-apertura\/horarios-de-apertura-por-la-provincia\/","name":"Turismo de Zamora , Turismo Sostenible","isPartOf":{"@id":"https:\/\/turismoenzamora.es\/pt\/#website"},"datePublished":"2017-08-18T06:31:31+00:00","dateModified":"2026-03-27T13:48:11+00:00","description":"Esta es la p\u00e1gina Oficial de Turismo de Diputaci\u00f3n de Zamora, donde podr\u00e1 encontrar toda la informaci\u00f3n para disfrutar al m\u00e1ximo de nuestra provincia.","breadcrumb":{"@id":"https:\/\/turismoenzamora.es\/servicios-turisticos\/informacion-turistica\/horarios-de-apertura\/horarios-de-apertura-por-la-provincia\/#breadcrumb"},"inLanguage":"pt-PT","potentialAction":[{"@type":"ReadAction","target":["https:\/\/turismoenzamora.es\/servicios-turisticos\/informacion-turistica\/horarios-de-apertura\/horarios-de-apertura-por-la-provincia\/"]}]},{"@type":"BreadcrumbList","@id":"https:\/\/turismoenzamora.es\/servicios-turisticos\/informacion-turistica\/horarios-de-apertura\/horarios-de-apertura-por-la-provincia\/#breadcrumb","itemListElement":[{"@type":"ListItem","position":1,"name":"Portada","item":"https:\/\/turismoenzamora.es\/"},{"@type":"ListItem","position":2,"name":"Servicios Tur\u00edsticos","item":"https:\/\/turismoenzamora.es\/fr\/servicios-turisticos\/"},{"@type":"ListItem","position":3,"name":"Informations touristiques","item":"https:\/\/turismoenzamora.es\/fr\/servicios-turisticos\/informacion-turistica\/"},{"@type":"ListItem","position":4,"name":"Horarios de apertura","item":"https:\/\/turismoenzamora.es\/servicios-turisticos\/informacion-turistica\/horarios-de-apertura\/"},{"@type":"ListItem","position":5,"name":"[:es]Horarios de apertura por la Provincia[:en]Provincia[:fr]Provincia[:pt]Provincia[:de]Provincia[:]"}]},{"@type":"WebSite","@id":"https:\/\/turismoenzamora.es\/pt\/#website","url":"https:\/\/turismoenzamora.es\/pt\/","name":"Turismo sostenible. Patronato de Turismo de la Diputaci\u00f3n de Zamora.&quot;Turismo Sostenible&quot;.","description":"Turismo Sustent\u00e1vel Posto de Turismo da Diputaci\u00f3n de Zamora","publisher":{"@id":"https:\/\/turismoenzamora.es\/pt\/#organization"},"potentialAction":[{"@type":"SearchAction","target":{"@type":"EntryPoint","urlTemplate":"https:\/\/turismoenzamora.es\/pt\/?s={search_term_string}"},"query-input":"required name=search_term_string"}],"inLanguage":"pt-PT"},{"@type":"Organization","@id":"https:\/\/turismoenzamora.es\/pt\/#organization","name":"Patronato de Turismo de la Diputaci\u00f3n de Zamora","url":"https:\/\/turismoenzamora.es\/pt\/","logo":{"@type":"ImageObject","inLanguage":"pt-PT","@id":"https:\/\/turismoenzamora.es\/pt\/#\/schema\/logo\/image\/","url":"https:\/\/turismoenzamora.es\/wp-content\/uploads\/2018\/06\/ZamoraLogo.png","contentUrl":"https:\/\/turismoenzamora.es\/wp-content\/uploads\/2018\/06\/ZamoraLogo.png","width":1276,"height":290,"caption":"Patronato de Turismo de la Diputaci\u00f3n de Zamora"},"image":{"@id":"https:\/\/turismoenzamora.es\/pt\/#\/schema\/logo\/image\/"},"sameAs":["https:\/\/www.facebook.com\/ZamoraSpain\/","https:\/\/x.com\/ZamoraSpain","https:\/\/www.instagram.com\/turismoenzamora.es\/","https:\/\/www.pinterest.es\/TurismoenZamora\/","https:\/\/www.youtube.com\/channel\/UC2bOyOZ-2cLm-uXlBFYUV9w"]}]}},"_links":{"self":[{"href":"https:\/\/turismoenzamora.es\/pt\/wp-json\/wp\/v2\/pages\/2244"}],"collection":[{"href":"https:\/\/turismoenzamora.es\/pt\/wp-json\/wp\/v2\/pages"}],"about":[{"href":"https:\/\/turismoenzamora.es\/pt\/wp-json\/wp\/v2\/types\/page"}],"author":[{"embeddable":true,"href":"https:\/\/turismoenzamora.es\/pt\/wp-json\/wp\/v2\/users\/1"}],"replies":[{"embeddable":true,"href":"https:\/\/turismoenzamora.es\/pt\/wp-json\/wp\/v2\/comments?post=2244"}],"version-history":[{"count":0,"href":"https:\/\/turismoenzamora.es\/pt\/wp-json\/wp\/v2\/pages\/2244\/revisions"}],"up":[{"embeddable":true,"href":"https:\/\/turismoenzamora.es\/pt\/wp-json\/wp\/v2\/pages\/1733"}],"wp:attachment":[{"href":"https:\/\/turismoenzamora.es\/pt\/wp-json\/wp\/v2\/media?parent=2244"}],"curies":[{"name":"wp","href":"https:\/\/api.w.org\/{rel}","templated":true}]}}