{"id":165,"date":"2017-08-07T11:05:09","date_gmt":"2017-08-07T09:05:09","guid":{"rendered":"https:\/\/newweb.turismoenzamora.es\/?page_id=165"},"modified":"2021-09-01T16:42:01","modified_gmt":"2021-09-01T14:42:01","slug":"zamora","status":"publish","type":"page","link":"https:\/\/turismoenzamora.es\/pt\/patrimonio-artistico\/zamora\/","title":{"rendered":"Zamora"},"content":{"rendered":"<p><\/p>\n<h1>Zamora<\/h1>\n<p><img fetchpriority=\"high\" decoding=\"async\" class=\"aligncenter size-full wp-image-6901\" src=\"https:\/\/turismoenzamora.es\/wp-content\/uploads\/2017\/08\/patrimonio-art\u00edsticozamora.jpg\" alt=\"\" width=\"900\" height=\"494\" data-id=\"6901\" srcset=\"https:\/\/turismoenzamora.es\/wp-content\/uploads\/2017\/08\/patrimonio-art\u00edsticozamora.jpg 900w, https:\/\/turismoenzamora.es\/wp-content\/uploads\/2017\/08\/patrimonio-art\u00edsticozamora-300x165.jpg 300w, https:\/\/turismoenzamora.es\/wp-content\/uploads\/2017\/08\/patrimonio-art\u00edsticozamora-768x422.jpg 768w\" sizes=\"(max-width: 900px) 100vw, 900px\" \/><\/p>\n<p>Zamora levanta-se sobre uma colina estrat\u00e9gica, defendida ao sul pelo Rio Douro. Em plena Via da Prata, albergou a mans\u00e3o romana de \u201cOcellum Duri\u201d. A Idade M\u00e9dia outorga-lhe prest\u00edgio.<\/p>\n<p>Tr\u00eas recintos amuralhados possu\u00eda a cidade no s\u00e9culo XIII. Deles conservam-se o castelo, as torres e as portas, partes da muralha, que oferecem umas fant\u00e1sticas vistas panor\u00e2micas sobre o Douro.<\/p>\n<p>O Rom\u00e2nico: a capital re\u00fane o maior n\u00famero de edif\u00edcios rom\u00e2nicos por metro quadrado de toda a Europa. Mais de uma vintena de igrejas rom\u00e2nicas espalham-se pela cidade, mais concretamente pelo que seu centro hist\u00f3rico, declarado conjunto hist\u00f3rico-art\u00edstico.<\/p>\n<p>A Catedral, do s\u00e9culo XII, apresenta uma c\u00fapula em escamas de pedra, sustentada por um zimb\u00f3rio de influ\u00eancia bizantina. Das suas portas originais s\u00f3 preserva a Puerta del Obispo, sendo acrescentada no s\u00e9culo XII uma torre maci\u00e7a de cinco corpos. No interior destaca-se o cadeiral do coro do s\u00e9culo XVI. Dentro do Museu da Catedral, guarda-se uma fant\u00e1stica colec\u00e7\u00e3o de tape\u00e7arias flamengas.<\/p>\n<p>Ao seu lado encontra-se o Castelo, hoje Centro de Arte Contempor\u00e2nea Baltasar Lobo. Sobre o rio, datados do s\u00e9culo X, os moinhos de \u00e1gua de Olivares e a ponte de pedra do s\u00e9culo XIII.<\/p>\n<p>As R\u00faa de los Notarios e a R\u00faa de los Francos reflectem ainda o antigo tra\u00e7ado do primeiro recinto medieval, dentro do qual se constru\u00edram as igrejas rom\u00e2nicas de San Pedro e San Ildefonso e La Magdalena.<\/p>\n<p><img decoding=\"async\" class=\"size-medium wp-image-537 alignleft\" src=\"https:\/\/turismoenzamora.es\/wp-content\/uploads\/2017\/08\/zamora_2-300x163.jpg\" alt=\"\" width=\"300\" height=\"163\" srcset=\"https:\/\/turismoenzamora.es\/wp-content\/uploads\/2017\/08\/zamora_2-300x163.jpg 300w, https:\/\/turismoenzamora.es\/wp-content\/uploads\/2017\/08\/zamora_2-768x417.jpg 768w, https:\/\/turismoenzamora.es\/wp-content\/uploads\/2017\/08\/zamora_2-1024x555.jpg 1024w, https:\/\/turismoenzamora.es\/wp-content\/uploads\/2017\/08\/zamora_2-1920x1050.jpg 1920w, https:\/\/turismoenzamora.es\/wp-content\/uploads\/2017\/08\/zamora_2.jpg 1936w\" sizes=\"(max-width: 300px) 100vw, 300px\" \/>Na pra\u00e7a de Viriato, com a escultura de Eduardo Barr\u00f3n dedicada ao pastor lusitano, encontra-se o Pal\u00e1cio de la Encarnaci\u00f3n, fundado no s\u00e9culo XVII e o Pal\u00e1cio de los Condes de Alba y Aliste, do s\u00e9culo XV, e que funciona como Parador (Pousada). Nesta mesma pra\u00e7a encontra-se o Museu Etnogr\u00e1fico de Castela e Le\u00e3o. .<\/p>\n<p>Pr\u00f3ximas est\u00e3o outras igrejas rom\u00e2nicas como San Cipriano e Santa Mar\u00eda la Nueva. Ao lado desta \u00faltima o Museo da Semana Santa, onde se exp\u00f5em a maior parte das esculturas que desfilam durante a todo o per\u00edodo pascal. Tamb\u00e9m se destaca o Pal\u00e1cio de Pu\u00f1oenrostro, do s\u00e9culo XVI, sede do Museu de Zamora.<\/p>\n<p>Na Plaza Mayor situam-se a igreja rom\u00e2nica de San Juan de Puerta Nueva, e a antiga C\u00e2mara Municipal, constru\u00edda em 1504. A rua de Balborraz, ao lado, \u00e9 uma das mais pitorescas da cidade.<\/p>\n<p>A rua pedonal de Santa Clara, art\u00e9ria comercial por excel\u00eancia, mostra o Pal\u00e1cio de los Momos, g\u00f3tico isabelino e a igreja rom\u00e2nica de Santiago del Burgo.<\/p>\n<p>Outras igrejas rom\u00e2nicas est\u00e3o situadas nos \u201cBarrios Bajos\u201d, antiga judiaria: Santa Mar\u00eda de la Horta e Santo Tom\u00e9, esta \u00faltima com o acervo do Museu Diocesano.<\/p>\n<p>Extramuros da cidade, encontram-se as igrejas de San Claudio de Olivares, com magn\u00edficos capiteis esculpidos, e a de Santiago de los Caballeros<\/p>\n<p>Outras igrejas importantes s\u00e3o San Esteban, San Vicente, San Andr\u00e9s e San Isidoro.<\/p>\n<p>Zamora sofreu um importante desenvolvimento urbano e arquitet\u00f3nico, desde meados do s\u00e9culo XIX, cujo ponto culminante foi a etapa modernista. Entre 1875 e 1930 edificou-se um sem n\u00fameno de im\u00f3veis ecl\u00e9cticos e historicistas, outros de car\u00e1cter industrial e, sobretudo, um elevado n\u00famero de edif\u00edcios modernistas. A genialidade destes permitiu a inclus\u00e3o de Zamora no exclusivo grupo de munic\u00edpios que formam a Rota Europeia do Modernismo.<\/p>\n<p>Arquitectura de hoje: S\u00e3o v\u00e1rios os edif\u00edcios representativos de arquitectura contempor\u00e2nea cujos projectos al\u00e9m de terem obtido pr\u00e9mios nacionais e internacionais, t\u00eam contribu\u00eddo para elevar e enriquecer o patrim\u00f3nio constru\u00eddo em Zamora: o Museu de Zamora, o Convento de San Francisco, o Parque de Feiras e Exposi\u00e7\u00f5es o Museu Etnogr\u00e1fico e a nova sede da Diputaci\u00f3n de Zamora, e h\u00e1 que acrescentar \u00e0 lista o novo Teatro Ramos Carri\u00f3n.<\/p>\n<p><a href=\"https:\/\/turismoenzamora.es\/wp-content\/uploads\/2020\/02\/patrimonio-art\u00edstico.pdf\" target=\"_blank\" rel=\"noopener noreferrer\"><img decoding=\"async\" class=\"alignleft wp-image-4861 size-full\" src=\"https:\/\/turismoenzamora.es\/wp-content\/uploads\/2017\/08\/masinfo-1.png\" alt=\"M\u00e1s Informaci\u00f3n\" width=\"63\" height=\"32\" data-id=\"4861\"><\/a><\/p>","protected":false},"excerpt":{"rendered":"<p>Zamora Zamora levanta-se sobre uma colina estrat\u00e9gica, defendida ao sul pelo Rio Douro. Em plena Via da Prata, albergou a mans\u00e3o romana de \u201cOcellum Duri\u201d. A Idade M\u00e9dia outorga-lhe prest\u00edgio. Tr\u00eas recintos amuralhados possu\u00eda a cidade no s\u00e9culo XIII. Deles conservam-se o castelo, as torres e as portas, partes da muralha, que oferecem umas fant\u00e1sticas [&hellip;]<\/p>\n","protected":false},"author":1,"featured_media":0,"parent":82,"menu_order":7,"comment_status":"closed","ping_status":"closed","template":"","meta":{"inline_featured_image":false,"site-sidebar-layout":"default","site-content-layout":"default","ast-site-content-layout":"","site-content-style":"default","site-sidebar-style":"default","ast-global-header-display":"","ast-banner-title-visibility":"","ast-main-header-display":"","ast-hfb-above-header-display":"","ast-hfb-below-header-display":"","ast-hfb-mobile-header-display":"","site-post-title":"disabled","ast-breadcrumbs-content":"","ast-featured-img":"","footer-sml-layout":"","theme-transparent-header-meta":"default","adv-header-id-meta":"","stick-header-meta":"","header-above-stick-meta":"","header-main-stick-meta":"","header-below-stick-meta":"","astra-migrate-meta-layouts":"default","ast-page-background-enabled":"default","ast-page-background-meta":{"desktop":{"background-color":"","background-image":"","background-repeat":"repeat","background-position":"center center","background-size":"auto","background-attachment":"scroll","background-type":"","background-media":"","overlay-type":"","overlay-color":"","overlay-opacity":"","overlay-gradient":""},"tablet":{"background-color":"","background-image":"","background-repeat":"repeat","background-position":"center center","background-size":"auto","background-attachment":"scroll","background-type":"","background-media":"","overlay-type":"","overlay-color":"","overlay-opacity":"","overlay-gradient":""},"mobile":{"background-color":"","background-image":"","background-repeat":"repeat","background-position":"center center","background-size":"auto","background-attachment":"scroll","background-type":"","background-media":"","overlay-type":"","overlay-color":"","overlay-opacity":"","overlay-gradient":""}},"ast-content-background-meta":{"desktop":{"background-color":"var(--ast-global-color-5)","background-image":"","background-repeat":"repeat","background-position":"center center","background-size":"auto","background-attachment":"scroll","background-type":"","background-media":"","overlay-type":"","overlay-color":"","overlay-opacity":"","overlay-gradient":""},"tablet":{"background-color":"var(--ast-global-color-5)","background-image":"","background-repeat":"repeat","background-position":"center center","background-size":"auto","background-attachment":"scroll","background-type":"","background-media":"","overlay-type":"","overlay-color":"","overlay-opacity":"","overlay-gradient":""},"mobile":{"background-color":"var(--ast-global-color-5)","background-image":"","background-repeat":"repeat","background-position":"center center","background-size":"auto","background-attachment":"scroll","background-type":"","background-media":"","overlay-type":"","overlay-color":"","overlay-opacity":"","overlay-gradient":""}},"ngg_post_thumbnail":0,"footnotes":""},"yoast_head":"<!-- This site is optimized with the Yoast SEO plugin v23.0 - https:\/\/yoast.com\/wordpress\/plugins\/seo\/ -->\n<title>Turismo de Zamora , Turismo Sostenible<\/title>\n<meta name=\"description\" content=\"Esta es la p\u00e1gina Oficial de Turismo de Diputaci\u00f3n de Zamora, donde podr\u00e1 encontrar toda la informaci\u00f3n para disfrutar al m\u00e1ximo de nuestra provincia.\" \/>\n<meta name=\"robots\" content=\"index, follow, max-snippet:-1, max-image-preview:large, max-video-preview:-1\" \/>\n<link rel=\"canonical\" href=\"https:\/\/turismoenzamora.es\/de\/patrimonio-artistico\/zamora\/\" \/>\n<meta property=\"og:locale\" content=\"pt_PT\" \/>\n<meta property=\"og:type\" content=\"article\" \/>\n<meta property=\"og:title\" content=\"Turismo de Zamora , Turismo Sostenible\" \/>\n<meta property=\"og:description\" content=\"Esta es la p\u00e1gina Oficial de Turismo de Diputaci\u00f3n de Zamora, donde podr\u00e1 encontrar toda la informaci\u00f3n para disfrutar al m\u00e1ximo de nuestra provincia.\" \/>\n<meta property=\"og:url\" content=\"https:\/\/turismoenzamora.es\/de\/patrimonio-artistico\/zamora\/\" \/>\n<meta property=\"og:site_name\" content=\"Turismo em Zamora\" \/>\n<meta property=\"article:publisher\" content=\"https:\/\/www.facebook.com\/ZamoraSpain\/\" \/>\n<meta property=\"article:modified_time\" content=\"2021-09-01T14:42:01+00:00\" \/>\n<meta property=\"og:image\" content=\"https:\/\/turismoenzamora.es\/wp-content\/uploads\/2017\/08\/zamora_2-300x163.jpg\" \/>\n<meta name=\"twitter:card\" content=\"summary_large_image\" \/>\n<meta name=\"twitter:site\" content=\"@ZamoraSpain\" \/>\n<meta name=\"twitter:label1\" content=\"Tempo estimado de leitura\" \/>\n\t<meta name=\"twitter:data1\" content=\"17 minutos\" \/>\n<script type=\"application\/ld+json\" class=\"yoast-schema-graph\">{\"@context\":\"https:\/\/schema.org\",\"@graph\":[{\"@type\":\"WebPage\",\"@id\":\"https:\/\/turismoenzamora.es\/de\/patrimonio-artistico\/zamora\/\",\"url\":\"https:\/\/turismoenzamora.es\/de\/patrimonio-artistico\/zamora\/\",\"name\":\"Turismo de Zamora , Turismo Sostenible\",\"isPartOf\":{\"@id\":\"https:\/\/turismoenzamora.es\/pt\/#website\"},\"primaryImageOfPage\":{\"@id\":\"https:\/\/turismoenzamora.es\/de\/patrimonio-artistico\/zamora\/#primaryimage\"},\"image\":{\"@id\":\"https:\/\/turismoenzamora.es\/de\/patrimonio-artistico\/zamora\/#primaryimage\"},\"thumbnailUrl\":\"https:\/\/turismoenzamora.es\/wp-content\/uploads\/2017\/08\/zamora_2-300x163.jpg\",\"datePublished\":\"2017-08-07T09:05:09+00:00\",\"dateModified\":\"2021-09-01T14:42:01+00:00\",\"description\":\"Esta es la p\u00e1gina Oficial de Turismo de Diputaci\u00f3n de Zamora, donde podr\u00e1 encontrar toda la informaci\u00f3n para disfrutar al m\u00e1ximo de nuestra provincia.\",\"breadcrumb\":{\"@id\":\"https:\/\/turismoenzamora.es\/de\/patrimonio-artistico\/zamora\/#breadcrumb\"},\"inLanguage\":\"pt-PT\",\"potentialAction\":[{\"@type\":\"ReadAction\",\"target\":[\"https:\/\/turismoenzamora.es\/de\/patrimonio-artistico\/zamora\/\"]}]},{\"@type\":\"ImageObject\",\"inLanguage\":\"pt-PT\",\"@id\":\"https:\/\/turismoenzamora.es\/de\/patrimonio-artistico\/zamora\/#primaryimage\",\"url\":\"https:\/\/turismoenzamora.es\/wp-content\/uploads\/2017\/08\/zamora_2-300x163.jpg\",\"contentUrl\":\"https:\/\/turismoenzamora.es\/wp-content\/uploads\/2017\/08\/zamora_2-300x163.jpg\"},{\"@type\":\"BreadcrumbList\",\"@id\":\"https:\/\/turismoenzamora.es\/de\/patrimonio-artistico\/zamora\/#breadcrumb\",\"itemListElement\":[{\"@type\":\"ListItem\",\"position\":1,\"name\":\"Portada\",\"item\":\"https:\/\/turismoenzamora.es\/\"},{\"@type\":\"ListItem\",\"position\":2,\"name\":\"Patrimonio Art\u00edstico\",\"item\":\"https:\/\/turismoenzamora.es\/en\/patrimonio-artistico\/\"},{\"@type\":\"ListItem\",\"position\":3,\"name\":\"Zamora\"}]},{\"@type\":\"WebSite\",\"@id\":\"https:\/\/turismoenzamora.es\/pt\/#website\",\"url\":\"https:\/\/turismoenzamora.es\/pt\/\",\"name\":\"Turismo sostenible. Patronato de Turismo de la Diputaci\u00f3n de Zamora.&quot;Turismo Sostenible&quot;.\",\"description\":\"Turismo Sustent\u00e1vel Posto de Turismo da Diputaci\u00f3n de Zamora\",\"publisher\":{\"@id\":\"https:\/\/turismoenzamora.es\/pt\/#organization\"},\"potentialAction\":[{\"@type\":\"SearchAction\",\"target\":{\"@type\":\"EntryPoint\",\"urlTemplate\":\"https:\/\/turismoenzamora.es\/pt\/?s={search_term_string}\"},\"query-input\":\"required name=search_term_string\"}],\"inLanguage\":\"pt-PT\"},{\"@type\":\"Organization\",\"@id\":\"https:\/\/turismoenzamora.es\/pt\/#organization\",\"name\":\"Patronato de Turismo de la Diputaci\u00f3n de Zamora\",\"url\":\"https:\/\/turismoenzamora.es\/pt\/\",\"logo\":{\"@type\":\"ImageObject\",\"inLanguage\":\"pt-PT\",\"@id\":\"https:\/\/turismoenzamora.es\/pt\/#\/schema\/logo\/image\/\",\"url\":\"https:\/\/turismoenzamora.es\/wp-content\/uploads\/2018\/06\/ZamoraLogo.png\",\"contentUrl\":\"https:\/\/turismoenzamora.es\/wp-content\/uploads\/2018\/06\/ZamoraLogo.png\",\"width\":1276,\"height\":290,\"caption\":\"Patronato de Turismo de la Diputaci\u00f3n de Zamora\"},\"image\":{\"@id\":\"https:\/\/turismoenzamora.es\/pt\/#\/schema\/logo\/image\/\"},\"sameAs\":[\"https:\/\/www.facebook.com\/ZamoraSpain\/\",\"https:\/\/x.com\/ZamoraSpain\",\"https:\/\/www.instagram.com\/turismoenzamora.es\/\",\"https:\/\/www.pinterest.es\/TurismoenZamora\/\",\"https:\/\/www.youtube.com\/channel\/UC2bOyOZ-2cLm-uXlBFYUV9w\"]}]}<\/script>\n<!-- \/ Yoast SEO plugin. -->","yoast_head_json":{"title":"Turismo de Zamora , Turismo Sostenible","description":"Esta es la p\u00e1gina Oficial de Turismo de Diputaci\u00f3n de Zamora, donde podr\u00e1 encontrar toda la informaci\u00f3n para disfrutar al m\u00e1ximo de nuestra provincia.","robots":{"index":"index","follow":"follow","max-snippet":"max-snippet:-1","max-image-preview":"max-image-preview:large","max-video-preview":"max-video-preview:-1"},"canonical":"https:\/\/turismoenzamora.es\/de\/patrimonio-artistico\/zamora\/","og_locale":"pt_PT","og_type":"article","og_title":"Turismo de Zamora , Turismo Sostenible","og_description":"Esta es la p\u00e1gina Oficial de Turismo de Diputaci\u00f3n de Zamora, donde podr\u00e1 encontrar toda la informaci\u00f3n para disfrutar al m\u00e1ximo de nuestra provincia.","og_url":"https:\/\/turismoenzamora.es\/de\/patrimonio-artistico\/zamora\/","og_site_name":"Turismo em Zamora","article_publisher":"https:\/\/www.facebook.com\/ZamoraSpain\/","article_modified_time":"2021-09-01T14:42:01+00:00","og_image":[{"url":"https:\/\/turismoenzamora.es\/wp-content\/uploads\/2017\/08\/zamora_2-300x163.jpg"}],"twitter_card":"summary_large_image","twitter_site":"@ZamoraSpain","twitter_misc":{"Tempo estimado de leitura":"17 minutos"},"schema":{"@context":"https:\/\/schema.org","@graph":[{"@type":"WebPage","@id":"https:\/\/turismoenzamora.es\/de\/patrimonio-artistico\/zamora\/","url":"https:\/\/turismoenzamora.es\/de\/patrimonio-artistico\/zamora\/","name":"Turismo de Zamora , Turismo Sostenible","isPartOf":{"@id":"https:\/\/turismoenzamora.es\/pt\/#website"},"primaryImageOfPage":{"@id":"https:\/\/turismoenzamora.es\/de\/patrimonio-artistico\/zamora\/#primaryimage"},"image":{"@id":"https:\/\/turismoenzamora.es\/de\/patrimonio-artistico\/zamora\/#primaryimage"},"thumbnailUrl":"https:\/\/turismoenzamora.es\/wp-content\/uploads\/2017\/08\/zamora_2-300x163.jpg","datePublished":"2017-08-07T09:05:09+00:00","dateModified":"2021-09-01T14:42:01+00:00","description":"Esta es la p\u00e1gina Oficial de Turismo de Diputaci\u00f3n de Zamora, donde podr\u00e1 encontrar toda la informaci\u00f3n para disfrutar al m\u00e1ximo de nuestra provincia.","breadcrumb":{"@id":"https:\/\/turismoenzamora.es\/de\/patrimonio-artistico\/zamora\/#breadcrumb"},"inLanguage":"pt-PT","potentialAction":[{"@type":"ReadAction","target":["https:\/\/turismoenzamora.es\/de\/patrimonio-artistico\/zamora\/"]}]},{"@type":"ImageObject","inLanguage":"pt-PT","@id":"https:\/\/turismoenzamora.es\/de\/patrimonio-artistico\/zamora\/#primaryimage","url":"https:\/\/turismoenzamora.es\/wp-content\/uploads\/2017\/08\/zamora_2-300x163.jpg","contentUrl":"https:\/\/turismoenzamora.es\/wp-content\/uploads\/2017\/08\/zamora_2-300x163.jpg"},{"@type":"BreadcrumbList","@id":"https:\/\/turismoenzamora.es\/de\/patrimonio-artistico\/zamora\/#breadcrumb","itemListElement":[{"@type":"ListItem","position":1,"name":"Portada","item":"https:\/\/turismoenzamora.es\/"},{"@type":"ListItem","position":2,"name":"Patrimonio Art\u00edstico","item":"https:\/\/turismoenzamora.es\/en\/patrimonio-artistico\/"},{"@type":"ListItem","position":3,"name":"Zamora"}]},{"@type":"WebSite","@id":"https:\/\/turismoenzamora.es\/pt\/#website","url":"https:\/\/turismoenzamora.es\/pt\/","name":"Turismo sostenible. Patronato de Turismo de la Diputaci\u00f3n de Zamora.&quot;Turismo Sostenible&quot;.","description":"Turismo Sustent\u00e1vel Posto de Turismo da Diputaci\u00f3n de Zamora","publisher":{"@id":"https:\/\/turismoenzamora.es\/pt\/#organization"},"potentialAction":[{"@type":"SearchAction","target":{"@type":"EntryPoint","urlTemplate":"https:\/\/turismoenzamora.es\/pt\/?s={search_term_string}"},"query-input":"required name=search_term_string"}],"inLanguage":"pt-PT"},{"@type":"Organization","@id":"https:\/\/turismoenzamora.es\/pt\/#organization","name":"Patronato de Turismo de la Diputaci\u00f3n de Zamora","url":"https:\/\/turismoenzamora.es\/pt\/","logo":{"@type":"ImageObject","inLanguage":"pt-PT","@id":"https:\/\/turismoenzamora.es\/pt\/#\/schema\/logo\/image\/","url":"https:\/\/turismoenzamora.es\/wp-content\/uploads\/2018\/06\/ZamoraLogo.png","contentUrl":"https:\/\/turismoenzamora.es\/wp-content\/uploads\/2018\/06\/ZamoraLogo.png","width":1276,"height":290,"caption":"Patronato de Turismo de la Diputaci\u00f3n de Zamora"},"image":{"@id":"https:\/\/turismoenzamora.es\/pt\/#\/schema\/logo\/image\/"},"sameAs":["https:\/\/www.facebook.com\/ZamoraSpain\/","https:\/\/x.com\/ZamoraSpain","https:\/\/www.instagram.com\/turismoenzamora.es\/","https:\/\/www.pinterest.es\/TurismoenZamora\/","https:\/\/www.youtube.com\/channel\/UC2bOyOZ-2cLm-uXlBFYUV9w"]}]}},"_links":{"self":[{"href":"https:\/\/turismoenzamora.es\/pt\/wp-json\/wp\/v2\/pages\/165"}],"collection":[{"href":"https:\/\/turismoenzamora.es\/pt\/wp-json\/wp\/v2\/pages"}],"about":[{"href":"https:\/\/turismoenzamora.es\/pt\/wp-json\/wp\/v2\/types\/page"}],"author":[{"embeddable":true,"href":"https:\/\/turismoenzamora.es\/pt\/wp-json\/wp\/v2\/users\/1"}],"replies":[{"embeddable":true,"href":"https:\/\/turismoenzamora.es\/pt\/wp-json\/wp\/v2\/comments?post=165"}],"version-history":[{"count":0,"href":"https:\/\/turismoenzamora.es\/pt\/wp-json\/wp\/v2\/pages\/165\/revisions"}],"up":[{"embeddable":true,"href":"https:\/\/turismoenzamora.es\/pt\/wp-json\/wp\/v2\/pages\/82"}],"wp:attachment":[{"href":"https:\/\/turismoenzamora.es\/pt\/wp-json\/wp\/v2\/media?parent=165"}],"curies":[{"name":"wp","href":"https:\/\/api.w.org\/{rel}","templated":true}]}}