{"id":154,"date":"2017-08-07T11:03:21","date_gmt":"2017-08-07T09:03:21","guid":{"rendered":"https:\/\/newweb.turismoenzamora.es\/?page_id=154"},"modified":"2021-09-01T16:42:23","modified_gmt":"2021-09-01T14:42:23","slug":"toro-guarena-tierra-del-vino","status":"publish","type":"page","link":"https:\/\/turismoenzamora.es\/pt\/patrimonio-artistico\/toro-guarena-tierra-del-vino\/","title":{"rendered":"Toro &#8211; Guare\u00f1a &#8211; Tierra del Vino"},"content":{"rendered":"<p><\/p>\n<h1>Toro &#8211; Guare\u00f1a &#8211; Tierra del Vino<\/h1>\n<p><img fetchpriority=\"high\" decoding=\"async\" class=\"aligncenter size-full wp-image-6897\" src=\"https:\/\/turismoenzamora.es\/wp-content\/uploads\/2017\/08\/Patrimonio-Art\u00edstico-Toro-Guare\u00f1a-Tierra-del-vino.jpg\" alt=\"\" width=\"900\" height=\"600\" data-id=\"6897\" srcset=\"https:\/\/turismoenzamora.es\/wp-content\/uploads\/2017\/08\/Patrimonio-Art\u00edstico-Toro-Guare\u00f1a-Tierra-del-vino.jpg 900w, https:\/\/turismoenzamora.es\/wp-content\/uploads\/2017\/08\/Patrimonio-Art\u00edstico-Toro-Guare\u00f1a-Tierra-del-vino-300x200.jpg 300w, https:\/\/turismoenzamora.es\/wp-content\/uploads\/2017\/08\/Patrimonio-Art\u00edstico-Toro-Guare\u00f1a-Tierra-del-vino-768x512.jpg 768w\" sizes=\"(max-width: 900px) 100vw, 900px\" \/><\/p>\n<p>Toro \u00e9 hoje visita obrigat\u00f3ria em terras zamoranas. Cidade hist\u00f3rica porque entre os s\u00e9culos XII e XVI foi sede real e lugar de celebra\u00e7\u00e3o de Cortes; monumental porque, gra\u00e7as a esse per\u00edodo de esplendor, constru\u00edram-se grandes edif\u00edcios, p\u00fablicos e privados. O mais agrad\u00e1vel de passear por esta cidade \u00e9 o sabor medieval que est\u00e1 \u00e0 nossa espera em cada um dos seus recantos.<\/p>\n<p>A Igreja de Santa Maria ou Colegiada \u00e9 o edif\u00edcio mais importante e belo da cidade. Foi constru\u00eddo entre os s\u00e9culos XII e XIII, rom\u00e2nico de transi\u00e7\u00e3o ao g\u00f3tico. Salientam-se o zimb\u00f3rio que coroa a c\u00fapula da nave central e o P\u00f3rtico da Majestade, ricamente decorado e policromado. A portada norte foi recentemente restaurada resplandecendo actualmente todo o seu esplendor. J\u00e1 na sacristia destaca-se o quadro da Virgen de la Mosca (s\u00e9culo XVI).<\/p>\n<p>A arquitectura de Toro reflecte o momento hist\u00f3rico em que os elementos mouriscos se incorporaram aos edif\u00edcios crist\u00e3os. Destacam-se, entre outros templos, San Salvador, (s\u00e9culo XII) com as suas tr\u00eas absides hoje convertido em museu de escultura medieval, ou San Lorenzo (s\u00e9culos XII-XIII).<\/p>\n<p>O Mosteiro de Sancti Spiritus \u00e9 outro grande monumento de Toro. Fundado em 1316, conserva belas armaduras mouriscas, um claustro do s\u00e9culo XVI, o t\u00famulo de D. Beatriz de Portugal e um importante museu de arte sacra.<\/p>\n<p>No interior de San Sebasti\u00e1n de los Caballeros encontra-se uma interessante colec\u00e7\u00e3o de pinturas murais g\u00f3ticas do s\u00e9culo XIV assinadas por Teresa D\u00edez.<\/p>\n<p>Outros monumentos importantes da localidade s\u00e3o o Arco del Postigo, pertencente \u00e0 primitiva muralha de Toro; as Puertas de Corredera e Santa Catalina, de uma muralha posterior; o Arco del Reloj, do s\u00e9culo XVIII; o pal\u00e1cio dos Condes de Requena, com um p\u00e1tio g\u00f3tico dos finais do s\u00e9culo XV ou o dos Marqueses de Alca\u00f1ices, onde viveu e morreu o Conde Duque de Olivares.<\/p>\n<p><img decoding=\"async\" class=\"size-medium wp-image-529 alignleft\" src=\"https:\/\/turismoenzamora.es\/wp-content\/uploads\/2017\/08\/Toro_Guare\u00f1a_TierraDelVino_2-300x200.jpg\" alt=\"\" width=\"300\" height=\"200\" srcset=\"https:\/\/turismoenzamora.es\/wp-content\/uploads\/2017\/08\/Toro_Guare\u00f1a_TierraDelVino_2-300x200.jpg 300w, https:\/\/turismoenzamora.es\/wp-content\/uploads\/2017\/08\/Toro_Guare\u00f1a_TierraDelVino_2-768x512.jpg 768w, https:\/\/turismoenzamora.es\/wp-content\/uploads\/2017\/08\/Toro_Guare\u00f1a_TierraDelVino_2-1024x683.jpg 1024w, https:\/\/turismoenzamora.es\/wp-content\/uploads\/2017\/08\/Toro_Guare\u00f1a_TierraDelVino_2-1170x780.jpg 1170w\" sizes=\"(max-width: 300px) 100vw, 300px\" \/>A t\u00e3o s\u00f3 7 Kms de Toro ergue-se o castelo de Villalonso (s\u00e9culo XV), um dos melhores preservados de toda a prov\u00edncia.<\/p>\n<p>Guare\u00f1a \u00e9 a continua\u00e7\u00e3o em direc\u00e7\u00e3o ao sul desta plan\u00edcie, com aldeias de interesse como Fuentelape\u00f1a, com a sua enorme igreja do s\u00e9culo XVII. Fuentesa\u00faco, famosa pelos seus legumes e em concreto pelo gr\u00e3o-de-bico \u201cfino y cosechero\u201d. \u00c9 tamb\u00e9m terra de tradi\u00e7\u00e3o taurom\u00e1quica. Olmo de la Guare\u00f1a tem o \u00fanico exemplo mourisco desta comarca e Villamor de los Escuderos tem uma igreja g\u00f3tico-renacentista. Villanueva de Campe\u00e1n, Corrales, Fuentelcarnero, Morales del Vino e Casaseca de las Chanas s\u00e3o outras atractivas aldeias espalhadas por toda a regi\u00e3o que oferecem singularidades pr\u00f3prias, como \u00e9 o caso da igreja de Arcenillas onde se pode contemplar as onze magn\u00edficas t\u00e1buas de Fernando Gallego.<\/p>\n<p><a href=\"https:\/\/turismoenzamora.es\/wp-content\/uploads\/2020\/02\/patrimonio-art\u00edstico.pdf\" target=\"_blank\" rel=\"noopener noreferrer\"><img decoding=\"async\" class=\"alignleft wp-image-4861 size-full\" src=\"https:\/\/turismoenzamora.es\/wp-content\/uploads\/2017\/08\/masinfo-1.png\" alt=\"M\u00e1s Informaci\u00f3n\" width=\"63\" height=\"32\" data-id=\"4861\"><\/a><\/p>","protected":false},"excerpt":{"rendered":"<p>Toro &#8211; Guare\u00f1a &#8211; Tierra del Vino Toro \u00e9 hoje visita obrigat\u00f3ria em terras zamoranas. Cidade hist\u00f3rica porque entre os s\u00e9culos XII e XVI foi sede real e lugar de celebra\u00e7\u00e3o de Cortes; monumental porque, gra\u00e7as a esse per\u00edodo de esplendor, constru\u00edram-se grandes edif\u00edcios, p\u00fablicos e privados. O mais agrad\u00e1vel de passear por esta cidade [&hellip;]<\/p>\n","protected":false},"author":1,"featured_media":0,"parent":82,"menu_order":6,"comment_status":"closed","ping_status":"closed","template":"","meta":{"inline_featured_image":false,"site-sidebar-layout":"default","site-content-layout":"default","ast-site-content-layout":"","site-content-style":"default","site-sidebar-style":"default","ast-global-header-display":"","ast-banner-title-visibility":"","ast-main-header-display":"","ast-hfb-above-header-display":"","ast-hfb-below-header-display":"","ast-hfb-mobile-header-display":"","site-post-title":"disabled","ast-breadcrumbs-content":"","ast-featured-img":"","footer-sml-layout":"","theme-transparent-header-meta":"default","adv-header-id-meta":"","stick-header-meta":"","header-above-stick-meta":"","header-main-stick-meta":"","header-below-stick-meta":"","astra-migrate-meta-layouts":"default","ast-page-background-enabled":"default","ast-page-background-meta":{"desktop":{"background-color":"","background-image":"","background-repeat":"repeat","background-position":"center center","background-size":"auto","background-attachment":"scroll","background-type":"","background-media":"","overlay-type":"","overlay-color":"","overlay-opacity":"","overlay-gradient":""},"tablet":{"background-color":"","background-image":"","background-repeat":"repeat","background-position":"center center","background-size":"auto","background-attachment":"scroll","background-type":"","background-media":"","overlay-type":"","overlay-color":"","overlay-opacity":"","overlay-gradient":""},"mobile":{"background-color":"","background-image":"","background-repeat":"repeat","background-position":"center center","background-size":"auto","background-attachment":"scroll","background-type":"","background-media":"","overlay-type":"","overlay-color":"","overlay-opacity":"","overlay-gradient":""}},"ast-content-background-meta":{"desktop":{"background-color":"var(--ast-global-color-5)","background-image":"","background-repeat":"repeat","background-position":"center center","background-size":"auto","background-attachment":"scroll","background-type":"","background-media":"","overlay-type":"","overlay-color":"","overlay-opacity":"","overlay-gradient":""},"tablet":{"background-color":"var(--ast-global-color-5)","background-image":"","background-repeat":"repeat","background-position":"center center","background-size":"auto","background-attachment":"scroll","background-type":"","background-media":"","overlay-type":"","overlay-color":"","overlay-opacity":"","overlay-gradient":""},"mobile":{"background-color":"var(--ast-global-color-5)","background-image":"","background-repeat":"repeat","background-position":"center center","background-size":"auto","background-attachment":"scroll","background-type":"","background-media":"","overlay-type":"","overlay-color":"","overlay-opacity":"","overlay-gradient":""}},"ngg_post_thumbnail":0,"footnotes":""},"yoast_head":"<!-- This site is optimized with the Yoast SEO plugin v23.0 - https:\/\/yoast.com\/wordpress\/plugins\/seo\/ -->\n<title>Turismo de Zamora , Turismo Sostenible<\/title>\n<meta name=\"description\" content=\"Esta es la p\u00e1gina Oficial de Turismo de Diputaci\u00f3n de Zamora, donde podr\u00e1 encontrar toda la informaci\u00f3n para disfrutar al m\u00e1ximo de nuestra provincia.\" \/>\n<meta name=\"robots\" content=\"index, follow, max-snippet:-1, max-image-preview:large, max-video-preview:-1\" \/>\n<link rel=\"canonical\" href=\"https:\/\/turismoenzamora.es\/en\/patrimonio-artistico\/toro-guarena-tierra-del-vino\/\" \/>\n<meta property=\"og:locale\" content=\"pt_PT\" \/>\n<meta property=\"og:type\" content=\"article\" \/>\n<meta property=\"og:title\" content=\"Turismo de Zamora , Turismo Sostenible\" \/>\n<meta property=\"og:description\" content=\"Esta es la p\u00e1gina Oficial de Turismo de Diputaci\u00f3n de Zamora, donde podr\u00e1 encontrar toda la informaci\u00f3n para disfrutar al m\u00e1ximo de nuestra provincia.\" \/>\n<meta property=\"og:url\" content=\"https:\/\/turismoenzamora.es\/en\/patrimonio-artistico\/toro-guarena-tierra-del-vino\/\" \/>\n<meta property=\"og:site_name\" content=\"Turismo em Zamora\" \/>\n<meta property=\"article:publisher\" content=\"https:\/\/www.facebook.com\/ZamoraSpain\/\" \/>\n<meta property=\"article:modified_time\" content=\"2021-09-01T14:42:23+00:00\" \/>\n<meta property=\"og:image\" content=\"https:\/\/turismoenzamora.es\/wp-content\/uploads\/2017\/08\/masinfo-1.png\" \/>\n<meta name=\"twitter:card\" content=\"summary_large_image\" \/>\n<meta name=\"twitter:site\" content=\"@ZamoraSpain\" \/>\n<meta name=\"twitter:label1\" content=\"Tempo estimado de leitura\" \/>\n\t<meta name=\"twitter:data1\" content=\"13 minutos\" \/>\n<script type=\"application\/ld+json\" class=\"yoast-schema-graph\">{\"@context\":\"https:\/\/schema.org\",\"@graph\":[{\"@type\":\"WebPage\",\"@id\":\"https:\/\/turismoenzamora.es\/en\/patrimonio-artistico\/toro-guarena-tierra-del-vino\/\",\"url\":\"https:\/\/turismoenzamora.es\/en\/patrimonio-artistico\/toro-guarena-tierra-del-vino\/\",\"name\":\"Turismo de Zamora , Turismo Sostenible\",\"isPartOf\":{\"@id\":\"https:\/\/turismoenzamora.es\/pt\/#website\"},\"primaryImageOfPage\":{\"@id\":\"https:\/\/turismoenzamora.es\/en\/patrimonio-artistico\/toro-guarena-tierra-del-vino\/#primaryimage\"},\"image\":{\"@id\":\"https:\/\/turismoenzamora.es\/en\/patrimonio-artistico\/toro-guarena-tierra-del-vino\/#primaryimage\"},\"thumbnailUrl\":\"https:\/\/turismoenzamora.es\/wp-content\/uploads\/2017\/08\/masinfo-1.png\",\"datePublished\":\"2017-08-07T09:03:21+00:00\",\"dateModified\":\"2021-09-01T14:42:23+00:00\",\"description\":\"Esta es la p\u00e1gina Oficial de Turismo de Diputaci\u00f3n de Zamora, donde podr\u00e1 encontrar toda la informaci\u00f3n para disfrutar al m\u00e1ximo de nuestra provincia.\",\"breadcrumb\":{\"@id\":\"https:\/\/turismoenzamora.es\/en\/patrimonio-artistico\/toro-guarena-tierra-del-vino\/#breadcrumb\"},\"inLanguage\":\"pt-PT\",\"potentialAction\":[{\"@type\":\"ReadAction\",\"target\":[\"https:\/\/turismoenzamora.es\/en\/patrimonio-artistico\/toro-guarena-tierra-del-vino\/\"]}]},{\"@type\":\"ImageObject\",\"inLanguage\":\"pt-PT\",\"@id\":\"https:\/\/turismoenzamora.es\/en\/patrimonio-artistico\/toro-guarena-tierra-del-vino\/#primaryimage\",\"url\":\"https:\/\/turismoenzamora.es\/wp-content\/uploads\/2017\/08\/masinfo-1.png\",\"contentUrl\":\"https:\/\/turismoenzamora.es\/wp-content\/uploads\/2017\/08\/masinfo-1.png\"},{\"@type\":\"BreadcrumbList\",\"@id\":\"https:\/\/turismoenzamora.es\/en\/patrimonio-artistico\/toro-guarena-tierra-del-vino\/#breadcrumb\",\"itemListElement\":[{\"@type\":\"ListItem\",\"position\":1,\"name\":\"Portada\",\"item\":\"https:\/\/turismoenzamora.es\/\"},{\"@type\":\"ListItem\",\"position\":2,\"name\":\"Patrimonio Art\u00edstico\",\"item\":\"https:\/\/turismoenzamora.es\/en\/patrimonio-artistico\/\"},{\"@type\":\"ListItem\",\"position\":3,\"name\":\"Toro &#8211; Guare\u00f1a &#8211; Tierra del Vino\"}]},{\"@type\":\"WebSite\",\"@id\":\"https:\/\/turismoenzamora.es\/pt\/#website\",\"url\":\"https:\/\/turismoenzamora.es\/pt\/\",\"name\":\"Turismo sostenible. Patronato de Turismo de la Diputaci\u00f3n de Zamora.&quot;Turismo Sostenible&quot;.\",\"description\":\"Turismo Sustent\u00e1vel Posto de Turismo da Diputaci\u00f3n de Zamora\",\"publisher\":{\"@id\":\"https:\/\/turismoenzamora.es\/pt\/#organization\"},\"potentialAction\":[{\"@type\":\"SearchAction\",\"target\":{\"@type\":\"EntryPoint\",\"urlTemplate\":\"https:\/\/turismoenzamora.es\/pt\/?s={search_term_string}\"},\"query-input\":\"required name=search_term_string\"}],\"inLanguage\":\"pt-PT\"},{\"@type\":\"Organization\",\"@id\":\"https:\/\/turismoenzamora.es\/pt\/#organization\",\"name\":\"Patronato de Turismo de la Diputaci\u00f3n de Zamora\",\"url\":\"https:\/\/turismoenzamora.es\/pt\/\",\"logo\":{\"@type\":\"ImageObject\",\"inLanguage\":\"pt-PT\",\"@id\":\"https:\/\/turismoenzamora.es\/pt\/#\/schema\/logo\/image\/\",\"url\":\"https:\/\/turismoenzamora.es\/wp-content\/uploads\/2018\/06\/ZamoraLogo.png\",\"contentUrl\":\"https:\/\/turismoenzamora.es\/wp-content\/uploads\/2018\/06\/ZamoraLogo.png\",\"width\":1276,\"height\":290,\"caption\":\"Patronato de Turismo de la Diputaci\u00f3n de Zamora\"},\"image\":{\"@id\":\"https:\/\/turismoenzamora.es\/pt\/#\/schema\/logo\/image\/\"},\"sameAs\":[\"https:\/\/www.facebook.com\/ZamoraSpain\/\",\"https:\/\/x.com\/ZamoraSpain\",\"https:\/\/www.instagram.com\/turismoenzamora.es\/\",\"https:\/\/www.pinterest.es\/TurismoenZamora\/\",\"https:\/\/www.youtube.com\/channel\/UC2bOyOZ-2cLm-uXlBFYUV9w\"]}]}<\/script>\n<!-- \/ Yoast SEO plugin. -->","yoast_head_json":{"title":"Turismo de Zamora , Turismo Sostenible","description":"Esta es la p\u00e1gina Oficial de Turismo de Diputaci\u00f3n de Zamora, donde podr\u00e1 encontrar toda la informaci\u00f3n para disfrutar al m\u00e1ximo de nuestra provincia.","robots":{"index":"index","follow":"follow","max-snippet":"max-snippet:-1","max-image-preview":"max-image-preview:large","max-video-preview":"max-video-preview:-1"},"canonical":"https:\/\/turismoenzamora.es\/en\/patrimonio-artistico\/toro-guarena-tierra-del-vino\/","og_locale":"pt_PT","og_type":"article","og_title":"Turismo de Zamora , Turismo Sostenible","og_description":"Esta es la p\u00e1gina Oficial de Turismo de Diputaci\u00f3n de Zamora, donde podr\u00e1 encontrar toda la informaci\u00f3n para disfrutar al m\u00e1ximo de nuestra provincia.","og_url":"https:\/\/turismoenzamora.es\/en\/patrimonio-artistico\/toro-guarena-tierra-del-vino\/","og_site_name":"Turismo em Zamora","article_publisher":"https:\/\/www.facebook.com\/ZamoraSpain\/","article_modified_time":"2021-09-01T14:42:23+00:00","og_image":[{"url":"https:\/\/turismoenzamora.es\/wp-content\/uploads\/2017\/08\/masinfo-1.png"}],"twitter_card":"summary_large_image","twitter_site":"@ZamoraSpain","twitter_misc":{"Tempo estimado de leitura":"13 minutos"},"schema":{"@context":"https:\/\/schema.org","@graph":[{"@type":"WebPage","@id":"https:\/\/turismoenzamora.es\/en\/patrimonio-artistico\/toro-guarena-tierra-del-vino\/","url":"https:\/\/turismoenzamora.es\/en\/patrimonio-artistico\/toro-guarena-tierra-del-vino\/","name":"Turismo de Zamora , Turismo Sostenible","isPartOf":{"@id":"https:\/\/turismoenzamora.es\/pt\/#website"},"primaryImageOfPage":{"@id":"https:\/\/turismoenzamora.es\/en\/patrimonio-artistico\/toro-guarena-tierra-del-vino\/#primaryimage"},"image":{"@id":"https:\/\/turismoenzamora.es\/en\/patrimonio-artistico\/toro-guarena-tierra-del-vino\/#primaryimage"},"thumbnailUrl":"https:\/\/turismoenzamora.es\/wp-content\/uploads\/2017\/08\/masinfo-1.png","datePublished":"2017-08-07T09:03:21+00:00","dateModified":"2021-09-01T14:42:23+00:00","description":"Esta es la p\u00e1gina Oficial de Turismo de Diputaci\u00f3n de Zamora, donde podr\u00e1 encontrar toda la informaci\u00f3n para disfrutar al m\u00e1ximo de nuestra provincia.","breadcrumb":{"@id":"https:\/\/turismoenzamora.es\/en\/patrimonio-artistico\/toro-guarena-tierra-del-vino\/#breadcrumb"},"inLanguage":"pt-PT","potentialAction":[{"@type":"ReadAction","target":["https:\/\/turismoenzamora.es\/en\/patrimonio-artistico\/toro-guarena-tierra-del-vino\/"]}]},{"@type":"ImageObject","inLanguage":"pt-PT","@id":"https:\/\/turismoenzamora.es\/en\/patrimonio-artistico\/toro-guarena-tierra-del-vino\/#primaryimage","url":"https:\/\/turismoenzamora.es\/wp-content\/uploads\/2017\/08\/masinfo-1.png","contentUrl":"https:\/\/turismoenzamora.es\/wp-content\/uploads\/2017\/08\/masinfo-1.png"},{"@type":"BreadcrumbList","@id":"https:\/\/turismoenzamora.es\/en\/patrimonio-artistico\/toro-guarena-tierra-del-vino\/#breadcrumb","itemListElement":[{"@type":"ListItem","position":1,"name":"Portada","item":"https:\/\/turismoenzamora.es\/"},{"@type":"ListItem","position":2,"name":"Patrimonio Art\u00edstico","item":"https:\/\/turismoenzamora.es\/en\/patrimonio-artistico\/"},{"@type":"ListItem","position":3,"name":"Toro &#8211; Guare\u00f1a &#8211; Tierra del Vino"}]},{"@type":"WebSite","@id":"https:\/\/turismoenzamora.es\/pt\/#website","url":"https:\/\/turismoenzamora.es\/pt\/","name":"Turismo sostenible. Patronato de Turismo de la Diputaci\u00f3n de Zamora.&quot;Turismo Sostenible&quot;.","description":"Turismo Sustent\u00e1vel Posto de Turismo da Diputaci\u00f3n de Zamora","publisher":{"@id":"https:\/\/turismoenzamora.es\/pt\/#organization"},"potentialAction":[{"@type":"SearchAction","target":{"@type":"EntryPoint","urlTemplate":"https:\/\/turismoenzamora.es\/pt\/?s={search_term_string}"},"query-input":"required name=search_term_string"}],"inLanguage":"pt-PT"},{"@type":"Organization","@id":"https:\/\/turismoenzamora.es\/pt\/#organization","name":"Patronato de Turismo de la Diputaci\u00f3n de Zamora","url":"https:\/\/turismoenzamora.es\/pt\/","logo":{"@type":"ImageObject","inLanguage":"pt-PT","@id":"https:\/\/turismoenzamora.es\/pt\/#\/schema\/logo\/image\/","url":"https:\/\/turismoenzamora.es\/wp-content\/uploads\/2018\/06\/ZamoraLogo.png","contentUrl":"https:\/\/turismoenzamora.es\/wp-content\/uploads\/2018\/06\/ZamoraLogo.png","width":1276,"height":290,"caption":"Patronato de Turismo de la Diputaci\u00f3n de Zamora"},"image":{"@id":"https:\/\/turismoenzamora.es\/pt\/#\/schema\/logo\/image\/"},"sameAs":["https:\/\/www.facebook.com\/ZamoraSpain\/","https:\/\/x.com\/ZamoraSpain","https:\/\/www.instagram.com\/turismoenzamora.es\/","https:\/\/www.pinterest.es\/TurismoenZamora\/","https:\/\/www.youtube.com\/channel\/UC2bOyOZ-2cLm-uXlBFYUV9w"]}]}},"_links":{"self":[{"href":"https:\/\/turismoenzamora.es\/pt\/wp-json\/wp\/v2\/pages\/154"}],"collection":[{"href":"https:\/\/turismoenzamora.es\/pt\/wp-json\/wp\/v2\/pages"}],"about":[{"href":"https:\/\/turismoenzamora.es\/pt\/wp-json\/wp\/v2\/types\/page"}],"author":[{"embeddable":true,"href":"https:\/\/turismoenzamora.es\/pt\/wp-json\/wp\/v2\/users\/1"}],"replies":[{"embeddable":true,"href":"https:\/\/turismoenzamora.es\/pt\/wp-json\/wp\/v2\/comments?post=154"}],"version-history":[{"count":0,"href":"https:\/\/turismoenzamora.es\/pt\/wp-json\/wp\/v2\/pages\/154\/revisions"}],"up":[{"embeddable":true,"href":"https:\/\/turismoenzamora.es\/pt\/wp-json\/wp\/v2\/pages\/82"}],"wp:attachment":[{"href":"https:\/\/turismoenzamora.es\/pt\/wp-json\/wp\/v2\/media?parent=154"}],"curies":[{"name":"wp","href":"https:\/\/api.w.org\/{rel}","templated":true}]}}