{"id":141,"date":"2017-08-07T10:53:14","date_gmt":"2017-08-07T08:53:14","guid":{"rendered":"https:\/\/newweb.turismoenzamora.es\/?page_id=141"},"modified":"2021-09-01T16:35:15","modified_gmt":"2021-09-01T14:35:15","slug":"sierra-de-la-culebra","status":"publish","type":"page","link":"https:\/\/turismoenzamora.es\/pt\/patrimonio-natural\/sierra-de-la-culebra\/","title":{"rendered":"Sierra de la Culebra"},"content":{"rendered":"<p><\/p>\n<h1>Sierra de la Culebra<\/h1>\n<p><img fetchpriority=\"high\" decoding=\"async\" class=\"aligncenter size-full wp-image-6926\" src=\"https:\/\/turismoenzamora.es\/wp-content\/uploads\/2017\/08\/Patrimonio-naturalsierraculebra.jpg\" alt=\"\" width=\"900\" height=\"350\" data-id=\"6926\" srcset=\"https:\/\/turismoenzamora.es\/wp-content\/uploads\/2017\/08\/Patrimonio-naturalsierraculebra.jpg 900w, https:\/\/turismoenzamora.es\/wp-content\/uploads\/2017\/08\/Patrimonio-naturalsierraculebra-300x117.jpg 300w, https:\/\/turismoenzamora.es\/wp-content\/uploads\/2017\/08\/Patrimonio-naturalsierraculebra-768x299.jpg 768w\" sizes=\"(max-width: 900px) 100vw, 900px\" \/><\/p>\n<p>Rodeada pelas regi\u00e3os de Aliste, Sanabria e a portuguesa Tr\u00e1s-os-Montes ergue-se a Serra da Culebra, Reserva Regional de ca\u00e7a de 65 891 hectares. A topografia, de formas suaves e ondulantes, lembra o r\u00e9ptil que lhe deu nome (cobra).<\/p>\n<p>O relevo da Serra da Culebra \u00e9 de baixa altitude, com uma profus\u00e3o de ard\u00f3sia e quartzito que surgem entre a vegeta\u00e7\u00e3o. O seu ponto mais alto s\u00e3o 1 243 metros de Pe\u00f1a Mira uma varanda espl\u00eandida sobre a montanha e continua no portugu\u00eas Parque Natural de Montesinho. Como em outras zonas de montanha, a \u00e1gua modelou um relevo abrupto, com grandes declives; h\u00e1 ravinas e pequenos riachos nos quais predominan as caracter\u00edsticas erosivas, com nascentes de alguns rios cujo caudal m\u00e1ximo se atinge nos vales adjacentes \u00e0 serra, como \u00e9 o caso do rio Aliste.<\/p>\n<p>A riqueza da flora da Serra da Culebra \u00e9 equipar\u00e1vel \u00e0 da fauna. V\u00e1rias esp\u00e9cies de pinheiro, bem como esp\u00e9cies aut\u00f3ctones de carvalho, carvalho negral e castanheiros tem contribu\u00eddo para uma paisagem agreste digna de uma visita. As suas florestas oferecem tamb\u00e9m excelentes locais para a pr\u00e1tica do turismo de micologia, os recolectores de cogumelos encontram nesta serra uma ampla variedade dos afamados frutos da floresta entre os quais real\u00e7am muitas variedades de cogumelos e as deliciosas amanitas caesareas.<\/p>\n<p><img decoding=\"async\" class=\"size-medium wp-image-489 alignright\" src=\"https:\/\/turismoenzamora.es\/wp-content\/uploads\/2017\/08\/Sierra_de_la_Culebra_2-300x200.jpg\" alt=\"\" width=\"300\" height=\"200\" srcset=\"https:\/\/turismoenzamora.es\/wp-content\/uploads\/2017\/08\/Sierra_de_la_Culebra_2-300x200.jpg 300w, https:\/\/turismoenzamora.es\/wp-content\/uploads\/2017\/08\/Sierra_de_la_Culebra_2.jpg 750w\" sizes=\"(max-width: 300px) 100vw, 300px\" \/>Na reserva regional encontra-se a popula\u00e7\u00e3o mais numerosa de lobo ib\u00e9rico de Espanha que deu fama a esta comarca zamorana. O lobo passeia a seu belo prazer por terras nas quais, chegando o Outubro, o combate entre veados e os seus bramidos anunciam um espect\u00e1culo digno de se ver. O javali, o veado, a raposa, a lontra, o gato-mont\u00eas ou o texugo, tamb\u00e9m habitam esta \u00e1rea. A fauna da Serra da Culebra \u00e9 uma das mais ricas de Castela e Le\u00e3o. Por isso este espa\u00e7o natural tem-se tornado em encontro ass\u00edduo de naturalistas e atrai um elevado n\u00famero de aficionados \u00e0 observa\u00e7\u00e3o&nbsp;destas esp\u00e9cies faun\u00edsticas organizando esperas em \u00e1reas especificamente seleccionadas para n\u00e3o perturbar os animais e poder observar sobretudo o lobo e os bramidos dos veados no seu ambiente natural.<\/p>\n<p>Est\u00e1 prevista para breve a abertura do Centro de Interpreta\u00e7\u00e3o do Lobo na localidade de Robledo, em plena Serra da Culebra. O projecto foi concebido como um lugar de estudo e investiga\u00e7\u00e3o, tanto do ponto de vista da ci\u00eancia como etnogr\u00e1fico e cultural.<\/p>\n<p><a href=\"https:\/\/turismoenzamora.es\/wp-content\/uploads\/2020\/02\/Interior.pdf\" target=\"_blank\" rel=\"noopener noreferrer\"><img decoding=\"async\" class=\"wp-image-490 aligncenter\" src=\"https:\/\/turismoenzamora.es\/wp-content\/uploads\/2017\/08\/Sierra_de_la_Culebra_3-216x300.jpg\" alt=\"\" width=\"313\" height=\"434\" srcset=\"https:\/\/turismoenzamora.es\/wp-content\/uploads\/2017\/08\/Sierra_de_la_Culebra_3-216x300.jpg 216w, https:\/\/turismoenzamora.es\/wp-content\/uploads\/2017\/08\/Sierra_de_la_Culebra_3.jpg 375w\" sizes=\"(max-width: 313px) 100vw, 313px\" \/><\/a><\/p>","protected":false},"excerpt":{"rendered":"<p>Sierra de la Culebra Rodeada pelas regi\u00e3os de Aliste, Sanabria e a portuguesa Tr\u00e1s-os-Montes ergue-se a Serra da Culebra, Reserva Regional de ca\u00e7a de 65 891 hectares. A topografia, de formas suaves e ondulantes, lembra o r\u00e9ptil que lhe deu nome (cobra). O relevo da Serra da Culebra \u00e9 de baixa altitude, com uma profus\u00e3o [&hellip;]<\/p>\n","protected":false},"author":1,"featured_media":0,"parent":91,"menu_order":4,"comment_status":"closed","ping_status":"closed","template":"","meta":{"inline_featured_image":false,"site-sidebar-layout":"default","site-content-layout":"default","ast-site-content-layout":"","site-content-style":"default","site-sidebar-style":"default","ast-global-header-display":"","ast-banner-title-visibility":"","ast-main-header-display":"","ast-hfb-above-header-display":"","ast-hfb-below-header-display":"","ast-hfb-mobile-header-display":"","site-post-title":"disabled","ast-breadcrumbs-content":"","ast-featured-img":"","footer-sml-layout":"","theme-transparent-header-meta":"default","adv-header-id-meta":"","stick-header-meta":"","header-above-stick-meta":"","header-main-stick-meta":"","header-below-stick-meta":"","astra-migrate-meta-layouts":"default","ast-page-background-enabled":"default","ast-page-background-meta":{"desktop":{"background-color":"","background-image":"","background-repeat":"repeat","background-position":"center center","background-size":"auto","background-attachment":"scroll","background-type":"","background-media":"","overlay-type":"","overlay-color":"","overlay-opacity":"","overlay-gradient":""},"tablet":{"background-color":"","background-image":"","background-repeat":"repeat","background-position":"center center","background-size":"auto","background-attachment":"scroll","background-type":"","background-media":"","overlay-type":"","overlay-color":"","overlay-opacity":"","overlay-gradient":""},"mobile":{"background-color":"","background-image":"","background-repeat":"repeat","background-position":"center center","background-size":"auto","background-attachment":"scroll","background-type":"","background-media":"","overlay-type":"","overlay-color":"","overlay-opacity":"","overlay-gradient":""}},"ast-content-background-meta":{"desktop":{"background-color":"var(--ast-global-color-5)","background-image":"","background-repeat":"repeat","background-position":"center center","background-size":"auto","background-attachment":"scroll","background-type":"","background-media":"","overlay-type":"","overlay-color":"","overlay-opacity":"","overlay-gradient":""},"tablet":{"background-color":"var(--ast-global-color-5)","background-image":"","background-repeat":"repeat","background-position":"center center","background-size":"auto","background-attachment":"scroll","background-type":"","background-media":"","overlay-type":"","overlay-color":"","overlay-opacity":"","overlay-gradient":""},"mobile":{"background-color":"var(--ast-global-color-5)","background-image":"","background-repeat":"repeat","background-position":"center center","background-size":"auto","background-attachment":"scroll","background-type":"","background-media":"","overlay-type":"","overlay-color":"","overlay-opacity":"","overlay-gradient":""}},"ngg_post_thumbnail":0,"footnotes":""},"yoast_head":"<!-- This site is optimized with the Yoast SEO plugin v23.0 - https:\/\/yoast.com\/wordpress\/plugins\/seo\/ -->\n<title>Turismo de Zamora , Turismo Sostenible<\/title>\n<meta name=\"description\" content=\"Esta es la p\u00e1gina Oficial de Turismo de Diputaci\u00f3n de Zamora, donde podr\u00e1 encontrar toda la informaci\u00f3n para disfrutar al m\u00e1ximo de nuestra provincia.\" \/>\n<meta name=\"robots\" content=\"index, follow, max-snippet:-1, max-image-preview:large, max-video-preview:-1\" \/>\n<link rel=\"canonical\" href=\"https:\/\/turismoenzamora.es\/fr\/patrimonio-natural\/sierra-de-la-culebra\/\" \/>\n<meta property=\"og:locale\" content=\"pt_PT\" \/>\n<meta property=\"og:type\" content=\"article\" \/>\n<meta property=\"og:title\" content=\"Turismo de Zamora , Turismo Sostenible\" \/>\n<meta property=\"og:description\" content=\"Esta es la p\u00e1gina Oficial de Turismo de Diputaci\u00f3n de Zamora, donde podr\u00e1 encontrar toda la informaci\u00f3n para disfrutar al m\u00e1ximo de nuestra provincia.\" \/>\n<meta property=\"og:url\" content=\"https:\/\/turismoenzamora.es\/fr\/patrimonio-natural\/sierra-de-la-culebra\/\" \/>\n<meta property=\"og:site_name\" content=\"Turismo em Zamora\" \/>\n<meta property=\"article:publisher\" content=\"https:\/\/www.facebook.com\/ZamoraSpain\/\" \/>\n<meta property=\"article:modified_time\" content=\"2021-09-01T14:35:15+00:00\" \/>\n<meta property=\"og:image\" content=\"https:\/\/turismoenzamora.es\/wp-content\/uploads\/2017\/08\/Patrimonio-naturalsierraculebra.jpg\" \/>\n<meta name=\"twitter:card\" content=\"summary_large_image\" \/>\n<meta name=\"twitter:site\" content=\"@ZamoraSpain\" \/>\n<meta name=\"twitter:label1\" content=\"Tempo estimado de leitura\" \/>\n\t<meta name=\"twitter:data1\" content=\"11 minutos\" \/>\n<script type=\"application\/ld+json\" class=\"yoast-schema-graph\">{\"@context\":\"https:\/\/schema.org\",\"@graph\":[{\"@type\":\"WebPage\",\"@id\":\"https:\/\/turismoenzamora.es\/fr\/patrimonio-natural\/sierra-de-la-culebra\/\",\"url\":\"https:\/\/turismoenzamora.es\/fr\/patrimonio-natural\/sierra-de-la-culebra\/\",\"name\":\"Turismo de Zamora , Turismo Sostenible\",\"isPartOf\":{\"@id\":\"https:\/\/turismoenzamora.es\/pt\/#website\"},\"primaryImageOfPage\":{\"@id\":\"https:\/\/turismoenzamora.es\/fr\/patrimonio-natural\/sierra-de-la-culebra\/#primaryimage\"},\"image\":{\"@id\":\"https:\/\/turismoenzamora.es\/fr\/patrimonio-natural\/sierra-de-la-culebra\/#primaryimage\"},\"thumbnailUrl\":\"https:\/\/turismoenzamora.es\/wp-content\/uploads\/2017\/08\/Patrimonio-naturalsierraculebra.jpg\",\"datePublished\":\"2017-08-07T08:53:14+00:00\",\"dateModified\":\"2021-09-01T14:35:15+00:00\",\"description\":\"Esta es la p\u00e1gina Oficial de Turismo de Diputaci\u00f3n de Zamora, donde podr\u00e1 encontrar toda la informaci\u00f3n para disfrutar al m\u00e1ximo de nuestra provincia.\",\"breadcrumb\":{\"@id\":\"https:\/\/turismoenzamora.es\/fr\/patrimonio-natural\/sierra-de-la-culebra\/#breadcrumb\"},\"inLanguage\":\"pt-PT\",\"potentialAction\":[{\"@type\":\"ReadAction\",\"target\":[\"https:\/\/turismoenzamora.es\/fr\/patrimonio-natural\/sierra-de-la-culebra\/\"]}]},{\"@type\":\"ImageObject\",\"inLanguage\":\"pt-PT\",\"@id\":\"https:\/\/turismoenzamora.es\/fr\/patrimonio-natural\/sierra-de-la-culebra\/#primaryimage\",\"url\":\"https:\/\/turismoenzamora.es\/wp-content\/uploads\/2017\/08\/Patrimonio-naturalsierraculebra.jpg\",\"contentUrl\":\"https:\/\/turismoenzamora.es\/wp-content\/uploads\/2017\/08\/Patrimonio-naturalsierraculebra.jpg\"},{\"@type\":\"BreadcrumbList\",\"@id\":\"https:\/\/turismoenzamora.es\/fr\/patrimonio-natural\/sierra-de-la-culebra\/#breadcrumb\",\"itemListElement\":[{\"@type\":\"ListItem\",\"position\":1,\"name\":\"Portada\",\"item\":\"https:\/\/turismoenzamora.es\/\"},{\"@type\":\"ListItem\",\"position\":2,\"name\":\"Patrimonio Natural\",\"item\":\"https:\/\/turismoenzamora.es\/fr\/patrimonio-natural\/\"},{\"@type\":\"ListItem\",\"position\":3,\"name\":\"Sierra de la Culebra\"}]},{\"@type\":\"WebSite\",\"@id\":\"https:\/\/turismoenzamora.es\/pt\/#website\",\"url\":\"https:\/\/turismoenzamora.es\/pt\/\",\"name\":\"Turismo sostenible. Patronato de Turismo de la Diputaci\u00f3n de Zamora.&quot;Turismo Sostenible&quot;.\",\"description\":\"Turismo Sustent\u00e1vel Posto de Turismo da Diputaci\u00f3n de Zamora\",\"publisher\":{\"@id\":\"https:\/\/turismoenzamora.es\/pt\/#organization\"},\"potentialAction\":[{\"@type\":\"SearchAction\",\"target\":{\"@type\":\"EntryPoint\",\"urlTemplate\":\"https:\/\/turismoenzamora.es\/pt\/?s={search_term_string}\"},\"query-input\":\"required name=search_term_string\"}],\"inLanguage\":\"pt-PT\"},{\"@type\":\"Organization\",\"@id\":\"https:\/\/turismoenzamora.es\/pt\/#organization\",\"name\":\"Patronato de Turismo de la Diputaci\u00f3n de Zamora\",\"url\":\"https:\/\/turismoenzamora.es\/pt\/\",\"logo\":{\"@type\":\"ImageObject\",\"inLanguage\":\"pt-PT\",\"@id\":\"https:\/\/turismoenzamora.es\/pt\/#\/schema\/logo\/image\/\",\"url\":\"https:\/\/turismoenzamora.es\/wp-content\/uploads\/2018\/06\/ZamoraLogo.png\",\"contentUrl\":\"https:\/\/turismoenzamora.es\/wp-content\/uploads\/2018\/06\/ZamoraLogo.png\",\"width\":1276,\"height\":290,\"caption\":\"Patronato de Turismo de la Diputaci\u00f3n de Zamora\"},\"image\":{\"@id\":\"https:\/\/turismoenzamora.es\/pt\/#\/schema\/logo\/image\/\"},\"sameAs\":[\"https:\/\/www.facebook.com\/ZamoraSpain\/\",\"https:\/\/x.com\/ZamoraSpain\",\"https:\/\/www.instagram.com\/turismoenzamora.es\/\",\"https:\/\/www.pinterest.es\/TurismoenZamora\/\",\"https:\/\/www.youtube.com\/channel\/UC2bOyOZ-2cLm-uXlBFYUV9w\"]}]}<\/script>\n<!-- \/ Yoast SEO plugin. -->","yoast_head_json":{"title":"Turismo de Zamora , Turismo Sostenible","description":"Esta es la p\u00e1gina Oficial de Turismo de Diputaci\u00f3n de Zamora, donde podr\u00e1 encontrar toda la informaci\u00f3n para disfrutar al m\u00e1ximo de nuestra provincia.","robots":{"index":"index","follow":"follow","max-snippet":"max-snippet:-1","max-image-preview":"max-image-preview:large","max-video-preview":"max-video-preview:-1"},"canonical":"https:\/\/turismoenzamora.es\/fr\/patrimonio-natural\/sierra-de-la-culebra\/","og_locale":"pt_PT","og_type":"article","og_title":"Turismo de Zamora , Turismo Sostenible","og_description":"Esta es la p\u00e1gina Oficial de Turismo de Diputaci\u00f3n de Zamora, donde podr\u00e1 encontrar toda la informaci\u00f3n para disfrutar al m\u00e1ximo de nuestra provincia.","og_url":"https:\/\/turismoenzamora.es\/fr\/patrimonio-natural\/sierra-de-la-culebra\/","og_site_name":"Turismo em Zamora","article_publisher":"https:\/\/www.facebook.com\/ZamoraSpain\/","article_modified_time":"2021-09-01T14:35:15+00:00","og_image":[{"url":"https:\/\/turismoenzamora.es\/wp-content\/uploads\/2017\/08\/Patrimonio-naturalsierraculebra.jpg"}],"twitter_card":"summary_large_image","twitter_site":"@ZamoraSpain","twitter_misc":{"Tempo estimado de leitura":"11 minutos"},"schema":{"@context":"https:\/\/schema.org","@graph":[{"@type":"WebPage","@id":"https:\/\/turismoenzamora.es\/fr\/patrimonio-natural\/sierra-de-la-culebra\/","url":"https:\/\/turismoenzamora.es\/fr\/patrimonio-natural\/sierra-de-la-culebra\/","name":"Turismo de Zamora , Turismo Sostenible","isPartOf":{"@id":"https:\/\/turismoenzamora.es\/pt\/#website"},"primaryImageOfPage":{"@id":"https:\/\/turismoenzamora.es\/fr\/patrimonio-natural\/sierra-de-la-culebra\/#primaryimage"},"image":{"@id":"https:\/\/turismoenzamora.es\/fr\/patrimonio-natural\/sierra-de-la-culebra\/#primaryimage"},"thumbnailUrl":"https:\/\/turismoenzamora.es\/wp-content\/uploads\/2017\/08\/Patrimonio-naturalsierraculebra.jpg","datePublished":"2017-08-07T08:53:14+00:00","dateModified":"2021-09-01T14:35:15+00:00","description":"Esta es la p\u00e1gina Oficial de Turismo de Diputaci\u00f3n de Zamora, donde podr\u00e1 encontrar toda la informaci\u00f3n para disfrutar al m\u00e1ximo de nuestra provincia.","breadcrumb":{"@id":"https:\/\/turismoenzamora.es\/fr\/patrimonio-natural\/sierra-de-la-culebra\/#breadcrumb"},"inLanguage":"pt-PT","potentialAction":[{"@type":"ReadAction","target":["https:\/\/turismoenzamora.es\/fr\/patrimonio-natural\/sierra-de-la-culebra\/"]}]},{"@type":"ImageObject","inLanguage":"pt-PT","@id":"https:\/\/turismoenzamora.es\/fr\/patrimonio-natural\/sierra-de-la-culebra\/#primaryimage","url":"https:\/\/turismoenzamora.es\/wp-content\/uploads\/2017\/08\/Patrimonio-naturalsierraculebra.jpg","contentUrl":"https:\/\/turismoenzamora.es\/wp-content\/uploads\/2017\/08\/Patrimonio-naturalsierraculebra.jpg"},{"@type":"BreadcrumbList","@id":"https:\/\/turismoenzamora.es\/fr\/patrimonio-natural\/sierra-de-la-culebra\/#breadcrumb","itemListElement":[{"@type":"ListItem","position":1,"name":"Portada","item":"https:\/\/turismoenzamora.es\/"},{"@type":"ListItem","position":2,"name":"Patrimonio Natural","item":"https:\/\/turismoenzamora.es\/fr\/patrimonio-natural\/"},{"@type":"ListItem","position":3,"name":"Sierra de la Culebra"}]},{"@type":"WebSite","@id":"https:\/\/turismoenzamora.es\/pt\/#website","url":"https:\/\/turismoenzamora.es\/pt\/","name":"Turismo sostenible. Patronato de Turismo de la Diputaci\u00f3n de Zamora.&quot;Turismo Sostenible&quot;.","description":"Turismo Sustent\u00e1vel Posto de Turismo da Diputaci\u00f3n de Zamora","publisher":{"@id":"https:\/\/turismoenzamora.es\/pt\/#organization"},"potentialAction":[{"@type":"SearchAction","target":{"@type":"EntryPoint","urlTemplate":"https:\/\/turismoenzamora.es\/pt\/?s={search_term_string}"},"query-input":"required name=search_term_string"}],"inLanguage":"pt-PT"},{"@type":"Organization","@id":"https:\/\/turismoenzamora.es\/pt\/#organization","name":"Patronato de Turismo de la Diputaci\u00f3n de Zamora","url":"https:\/\/turismoenzamora.es\/pt\/","logo":{"@type":"ImageObject","inLanguage":"pt-PT","@id":"https:\/\/turismoenzamora.es\/pt\/#\/schema\/logo\/image\/","url":"https:\/\/turismoenzamora.es\/wp-content\/uploads\/2018\/06\/ZamoraLogo.png","contentUrl":"https:\/\/turismoenzamora.es\/wp-content\/uploads\/2018\/06\/ZamoraLogo.png","width":1276,"height":290,"caption":"Patronato de Turismo de la Diputaci\u00f3n de Zamora"},"image":{"@id":"https:\/\/turismoenzamora.es\/pt\/#\/schema\/logo\/image\/"},"sameAs":["https:\/\/www.facebook.com\/ZamoraSpain\/","https:\/\/x.com\/ZamoraSpain","https:\/\/www.instagram.com\/turismoenzamora.es\/","https:\/\/www.pinterest.es\/TurismoenZamora\/","https:\/\/www.youtube.com\/channel\/UC2bOyOZ-2cLm-uXlBFYUV9w"]}]}},"_links":{"self":[{"href":"https:\/\/turismoenzamora.es\/pt\/wp-json\/wp\/v2\/pages\/141"}],"collection":[{"href":"https:\/\/turismoenzamora.es\/pt\/wp-json\/wp\/v2\/pages"}],"about":[{"href":"https:\/\/turismoenzamora.es\/pt\/wp-json\/wp\/v2\/types\/page"}],"author":[{"embeddable":true,"href":"https:\/\/turismoenzamora.es\/pt\/wp-json\/wp\/v2\/users\/1"}],"replies":[{"embeddable":true,"href":"https:\/\/turismoenzamora.es\/pt\/wp-json\/wp\/v2\/comments?post=141"}],"version-history":[{"count":0,"href":"https:\/\/turismoenzamora.es\/pt\/wp-json\/wp\/v2\/pages\/141\/revisions"}],"up":[{"embeddable":true,"href":"https:\/\/turismoenzamora.es\/pt\/wp-json\/wp\/v2\/pages\/91"}],"wp:attachment":[{"href":"https:\/\/turismoenzamora.es\/pt\/wp-json\/wp\/v2\/media?parent=141"}],"curies":[{"name":"wp","href":"https:\/\/api.w.org\/{rel}","templated":true}]}}