{"id":12679,"date":"2021-03-18T12:56:49","date_gmt":"2021-03-18T10:56:49","guid":{"rendered":"https:\/\/www.turismoenzamora.es\/?page_id=12679"},"modified":"2021-03-18T13:34:49","modified_gmt":"2021-03-18T11:34:49","slug":"vias-augustas-de-la-provincia-de-zamora","status":"publish","type":"page","link":"https:\/\/turismoenzamora.es\/pt\/vias-augustas-de-la-provincia-de-zamora\/","title":{"rendered":"V\u00edas Augustas de la provincia de Zamora"},"content":{"rendered":"<h2 style=\"padding-left: 120px;\">V\u00edas Augustas de la provincia de Zamora<\/h2>\n<table style=\"width: 100%; margin-left: 60px;\" border=\"1\">\n<tbody style=\"padding-left: 60px;\">\n<tr style=\"padding-left: 60px;\">\n<td style=\"padding-left: 60px;\" width=\"280\"><a href=\"https:\/\/turismoenzamora.es\/wp-content\/uploads\/2021\/03\/Curunda-Caesara.pdf\" target=\"_blank\" rel=\"noopener noreferrer\"><img decoding=\"async\" class=\"alignleft\" src=\"https:\/\/turismoenzamora.es\/wp-content\/uploads\/2021\/03\/Curunda-Caesara.png\" align=\"top\"><br \/>\n<\/a><\/td>\n<td style=\"padding-left: 60px;\">Curunda Caesara<br \/>\nRabanales de Aliste<br \/>\n<a href=\"https:\/\/turismoenzamora.es\/wp-content\/uploads\/2021\/03\/Curunda-Caesara.pdf\" target=\"_blank\" rel=\"noopener noreferrer\"><img decoding=\"async\" src=\"https:\/\/turismoenzamora.es\/wp-content\/uploads\/2017\/11\/descarga.png\"><\/a><\/td>\n<\/tr>\n<tr style=\"padding-left: 60px;\">\n<td style=\"padding-left: 60px;\" width=\"280\"><a href=\"https:\/\/turismoenzamora.es\/wp-content\/uploads\/2021\/03\/Via-Augusta_Guia-Alta.pdf\" target=\"_blank\" rel=\"noopener noreferrer\"><img decoding=\"async\" class=\"alignleft\" src=\"https:\/\/turismoenzamora.es\/wp-content\/uploads\/2021\/03\/Via-Augusta-Guia.png\" align=\"top\"><br \/>\n<\/a><\/td>\n<td style=\"padding-left: 60px;\">Via Augusta Guia<br \/>\n(Alta)<br \/>\n<a href=\"https:\/\/turismoenzamora.es\/wp-content\/uploads\/2021\/03\/Via-Augusta_Guia-Alta.pdf\" target=\"_blank\" rel=\"noopener noreferrer\"><img decoding=\"async\" src=\"https:\/\/turismoenzamora.es\/wp-content\/uploads\/2017\/11\/descarga.png\"><\/a><\/td>\n<\/tr>\n<tr style=\"padding-left: 60px;\">\n<td style=\"padding-left: 60px;\" width=\"280\"><a href=\"https:\/\/turismoenzamora.es\/wp-content\/uploads\/2021\/03\/Via-Augusta_Guia-Baja.pdf\" target=\"_blank\" rel=\"noopener noreferrer\"><img decoding=\"async\" class=\"alignleft\" src=\"https:\/\/turismoenzamora.es\/wp-content\/uploads\/2021\/03\/Via-Augusta-Guia.png\" align=\"top\"><br \/>\n<\/a><\/td>\n<td style=\"padding-left: 60px;\">Via Augusta Guia<br \/>\n(Baja)<br \/>\n<a href=\"https:\/\/turismoenzamora.es\/wp-content\/uploads\/2021\/03\/Via-Augusta_Guia-Baja.pdf\" target=\"_blank\" rel=\"noopener noreferrer\"><img decoding=\"async\" src=\"https:\/\/turismoenzamora.es\/wp-content\/uploads\/2017\/11\/descarga.png\"><\/a><\/td>\n<\/tr>\n<tr style=\"padding-left: 60px;\">\n<td style=\"padding-left: 60px;\" width=\"280\"><a href=\"https:\/\/turismoenzamora.es\/wp-content\/uploads\/2021\/03\/Via-Augusta_Plano-Alta.pdf\" target=\"_blank\" rel=\"noopener noreferrer\"><img decoding=\"async\" class=\"alignleft\" src=\"https:\/\/turismoenzamora.es\/wp-content\/uploads\/2021\/03\/Via-Augusta-Plano.png\" align=\"top\"><br \/>\n<\/a><\/td>\n<td style=\"padding-left: 60px;\">Via Augusta Plano<br \/>\n(Alta)<br \/>\n<a href=\"https:\/\/turismoenzamora.es\/wp-content\/uploads\/2021\/03\/Via-Augusta_Plano-Alta.pdf\" target=\"_blank\" rel=\"noopener noreferrer\"><img decoding=\"async\" src=\"https:\/\/turismoenzamora.es\/wp-content\/uploads\/2017\/11\/descarga.png\"><\/a><\/td>\n<\/tr>\n<tr style=\"padding-left: 60px;\">\n<td style=\"padding-left: 60px;\" width=\"280\"><a href=\"https:\/\/turismoenzamora.es\/wp-content\/uploads\/2021\/03\/Via-Augusta_Plano-Baja.pdf\" target=\"_blank\" rel=\"noopener noreferrer\"><img decoding=\"async\" class=\"alignleft\" src=\"https:\/\/turismoenzamora.es\/wp-content\/uploads\/2021\/03\/Via-Augusta-Plano.png\" align=\"top\"><br \/>\n<\/a><\/td>\n<td style=\"padding-left: 60px;\">Via Augusta Plano<br \/>\n(Baja)<br \/>\n<a href=\"https:\/\/turismoenzamora.es\/wp-content\/uploads\/2021\/03\/Via-Augusta_Plano-Baja.pdf\" target=\"_blank\" rel=\"noopener noreferrer\"><img decoding=\"async\" src=\"https:\/\/turismoenzamora.es\/wp-content\/uploads\/2017\/11\/descarga.png\"><\/a><\/td>\n<\/tr>\n<tr style=\"padding-left: 60px;\">\n<td style=\"padding-left: 60px;\" width=\"280\"><a href=\"https:\/\/turismoenzamora.es\/wp-content\/uploads\/2021\/03\/Via-Augusta_Triptico.pdf\" target=\"_blank\" rel=\"noopener noreferrer\"><img decoding=\"async\" class=\"alignleft\" src=\"https:\/\/turismoenzamora.es\/wp-content\/uploads\/2021\/03\/Via-Augusta-Triptico.png\" align=\"top\"><br \/>\n<\/a><\/td>\n<td style=\"padding-left: 60px;\">Via Augusta Tr\u00edptico<br \/>\nProvincia de Zamora<br \/>\n<a href=\"https:\/\/turismoenzamora.es\/wp-content\/uploads\/2021\/03\/Via-Augusta_Triptico.pdf\" target=\"_blank\" rel=\"noopener noreferrer\"><img decoding=\"async\" src=\"https:\/\/turismoenzamora.es\/wp-content\/uploads\/2017\/11\/descarga.png\"><\/a><\/td>\n<\/tr>\n<\/tbody>\n<\/table>\n","protected":false},"excerpt":{"rendered":"<p>V\u00edas Augustas de la provincia de Zamora Curunda Caesara Rabanales de Aliste Via Augusta Guia (Alta) Via Augusta Guia (Baja) Via Augusta Plano (Alta) Via Augusta Plano (Baja) Via Augusta Tr\u00edptico Provincia de Zamora<\/p>\n","protected":false},"author":8,"featured_media":0,"parent":0,"menu_order":0,"comment_status":"closed","ping_status":"closed","template":"","meta":{"inline_featured_image":false,"site-sidebar-layout":"default","site-content-layout":"default","ast-site-content-layout":"","site-content-style":"default","site-sidebar-style":"default","ast-global-header-display":"","ast-banner-title-visibility":"","ast-main-header-display":"","ast-hfb-above-header-display":"","ast-hfb-below-header-display":"","ast-hfb-mobile-header-display":"","site-post-title":"","ast-breadcrumbs-content":"","ast-featured-img":"","footer-sml-layout":"","theme-transparent-header-meta":"default","adv-header-id-meta":"","stick-header-meta":"","header-above-stick-meta":"","header-main-stick-meta":"","header-below-stick-meta":"","astra-migrate-meta-layouts":"default","ast-page-background-enabled":"default","ast-page-background-meta":{"desktop":{"background-color":"","background-image":"","background-repeat":"repeat","background-position":"center center","background-size":"auto","background-attachment":"scroll","background-type":"","background-media":"","overlay-type":"","overlay-color":"","overlay-opacity":"","overlay-gradient":""},"tablet":{"background-color":"","background-image":"","background-repeat":"repeat","background-position":"center center","background-size":"auto","background-attachment":"scroll","background-type":"","background-media":"","overlay-type":"","overlay-color":"","overlay-opacity":"","overlay-gradient":""},"mobile":{"background-color":"","background-image":"","background-repeat":"repeat","background-position":"center center","background-size":"auto","background-attachment":"scroll","background-type":"","background-media":"","overlay-type":"","overlay-color":"","overlay-opacity":"","overlay-gradient":""}},"ast-content-background-meta":{"desktop":{"background-color":"var(--ast-global-color-5)","background-image":"","background-repeat":"repeat","background-position":"center center","background-size":"auto","background-attachment":"scroll","background-type":"","background-media":"","overlay-type":"","overlay-color":"","overlay-opacity":"","overlay-gradient":""},"tablet":{"background-color":"var(--ast-global-color-5)","background-image":"","background-repeat":"repeat","background-position":"center center","background-size":"auto","background-attachment":"scroll","background-type":"","background-media":"","overlay-type":"","overlay-color":"","overlay-opacity":"","overlay-gradient":""},"mobile":{"background-color":"var(--ast-global-color-5)","background-image":"","background-repeat":"repeat","background-position":"center center","background-size":"auto","background-attachment":"scroll","background-type":"","background-media":"","overlay-type":"","overlay-color":"","overlay-opacity":"","overlay-gradient":""}},"ngg_post_thumbnail":0,"footnotes":""},"yoast_head":"<!-- This site is optimized with the Yoast SEO plugin v23.0 - https:\/\/yoast.com\/wordpress\/plugins\/seo\/ -->\n<title>Turismo de Zamora , Turismo Sostenible<\/title>\n<meta name=\"description\" content=\"Esta es la p\u00e1gina Oficial de Turismo de Diputaci\u00f3n de Zamora, donde podr\u00e1 encontrar toda la informaci\u00f3n para disfrutar al m\u00e1ximo de nuestra provincia.\" \/>\n<meta name=\"robots\" content=\"index, follow, max-snippet:-1, max-image-preview:large, max-video-preview:-1\" \/>\n<link rel=\"canonical\" href=\"https:\/\/turismoenzamora.es\/en\/vias-augustas-de-la-provincia-de-zamora\/\" \/>\n<meta property=\"og:locale\" content=\"pt_PT\" \/>\n<meta property=\"og:type\" content=\"article\" \/>\n<meta property=\"og:title\" content=\"Turismo de Zamora , Turismo Sostenible\" \/>\n<meta property=\"og:description\" content=\"Esta es la p\u00e1gina Oficial de Turismo de Diputaci\u00f3n de Zamora, donde podr\u00e1 encontrar toda la informaci\u00f3n para disfrutar al m\u00e1ximo de nuestra provincia.\" \/>\n<meta property=\"og:url\" content=\"https:\/\/turismoenzamora.es\/en\/vias-augustas-de-la-provincia-de-zamora\/\" \/>\n<meta property=\"og:site_name\" content=\"Turismo em Zamora\" \/>\n<meta property=\"article:publisher\" content=\"https:\/\/www.facebook.com\/ZamoraSpain\/\" \/>\n<meta property=\"article:modified_time\" content=\"2021-03-18T11:34:49+00:00\" \/>\n<meta property=\"og:image\" content=\"https:\/\/turismoenzamora.es\/wp-content\/uploads\/2021\/03\/Curunda-Caesara.png\" \/>\n<meta name=\"twitter:card\" content=\"summary_large_image\" \/>\n<meta name=\"twitter:site\" content=\"@ZamoraSpain\" \/>\n<script type=\"application\/ld+json\" class=\"yoast-schema-graph\">{\"@context\":\"https:\/\/schema.org\",\"@graph\":[{\"@type\":\"WebPage\",\"@id\":\"https:\/\/turismoenzamora.es\/en\/vias-augustas-de-la-provincia-de-zamora\/\",\"url\":\"https:\/\/turismoenzamora.es\/en\/vias-augustas-de-la-provincia-de-zamora\/\",\"name\":\"Turismo de Zamora , Turismo Sostenible\",\"isPartOf\":{\"@id\":\"https:\/\/turismoenzamora.es\/pt\/#website\"},\"primaryImageOfPage\":{\"@id\":\"https:\/\/turismoenzamora.es\/en\/vias-augustas-de-la-provincia-de-zamora\/#primaryimage\"},\"image\":{\"@id\":\"https:\/\/turismoenzamora.es\/en\/vias-augustas-de-la-provincia-de-zamora\/#primaryimage\"},\"thumbnailUrl\":\"https:\/\/turismoenzamora.es\/wp-content\/uploads\/2021\/03\/Curunda-Caesara.png\",\"datePublished\":\"2021-03-18T10:56:49+00:00\",\"dateModified\":\"2021-03-18T11:34:49+00:00\",\"description\":\"Esta es la p\u00e1gina Oficial de Turismo de Diputaci\u00f3n de Zamora, donde podr\u00e1 encontrar toda la informaci\u00f3n para disfrutar al m\u00e1ximo de nuestra provincia.\",\"breadcrumb\":{\"@id\":\"https:\/\/turismoenzamora.es\/en\/vias-augustas-de-la-provincia-de-zamora\/#breadcrumb\"},\"inLanguage\":\"pt-PT\",\"potentialAction\":[{\"@type\":\"ReadAction\",\"target\":[\"https:\/\/turismoenzamora.es\/en\/vias-augustas-de-la-provincia-de-zamora\/\"]}]},{\"@type\":\"ImageObject\",\"inLanguage\":\"pt-PT\",\"@id\":\"https:\/\/turismoenzamora.es\/en\/vias-augustas-de-la-provincia-de-zamora\/#primaryimage\",\"url\":\"https:\/\/turismoenzamora.es\/wp-content\/uploads\/2021\/03\/Curunda-Caesara.png\",\"contentUrl\":\"https:\/\/turismoenzamora.es\/wp-content\/uploads\/2021\/03\/Curunda-Caesara.png\"},{\"@type\":\"BreadcrumbList\",\"@id\":\"https:\/\/turismoenzamora.es\/en\/vias-augustas-de-la-provincia-de-zamora\/#breadcrumb\",\"itemListElement\":[{\"@type\":\"ListItem\",\"position\":1,\"name\":\"Portada\",\"item\":\"https:\/\/turismoenzamora.es\/\"},{\"@type\":\"ListItem\",\"position\":2,\"name\":\"V\u00edas Augustas de la provincia de Zamora\"}]},{\"@type\":\"WebSite\",\"@id\":\"https:\/\/turismoenzamora.es\/pt\/#website\",\"url\":\"https:\/\/turismoenzamora.es\/pt\/\",\"name\":\"Turismo sostenible. Patronato de Turismo de la Diputaci\u00f3n de Zamora.&quot;Turismo Sostenible&quot;.\",\"description\":\"Turismo Sustent\u00e1vel Posto de Turismo da Diputaci\u00f3n de Zamora\",\"publisher\":{\"@id\":\"https:\/\/turismoenzamora.es\/pt\/#organization\"},\"potentialAction\":[{\"@type\":\"SearchAction\",\"target\":{\"@type\":\"EntryPoint\",\"urlTemplate\":\"https:\/\/turismoenzamora.es\/pt\/?s={search_term_string}\"},\"query-input\":\"required name=search_term_string\"}],\"inLanguage\":\"pt-PT\"},{\"@type\":\"Organization\",\"@id\":\"https:\/\/turismoenzamora.es\/pt\/#organization\",\"name\":\"Patronato de Turismo de la Diputaci\u00f3n de Zamora\",\"url\":\"https:\/\/turismoenzamora.es\/pt\/\",\"logo\":{\"@type\":\"ImageObject\",\"inLanguage\":\"pt-PT\",\"@id\":\"https:\/\/turismoenzamora.es\/pt\/#\/schema\/logo\/image\/\",\"url\":\"https:\/\/turismoenzamora.es\/wp-content\/uploads\/2018\/06\/ZamoraLogo.png\",\"contentUrl\":\"https:\/\/turismoenzamora.es\/wp-content\/uploads\/2018\/06\/ZamoraLogo.png\",\"width\":1276,\"height\":290,\"caption\":\"Patronato de Turismo de la Diputaci\u00f3n de Zamora\"},\"image\":{\"@id\":\"https:\/\/turismoenzamora.es\/pt\/#\/schema\/logo\/image\/\"},\"sameAs\":[\"https:\/\/www.facebook.com\/ZamoraSpain\/\",\"https:\/\/x.com\/ZamoraSpain\",\"https:\/\/www.instagram.com\/turismoenzamora.es\/\",\"https:\/\/www.pinterest.es\/TurismoenZamora\/\",\"https:\/\/www.youtube.com\/channel\/UC2bOyOZ-2cLm-uXlBFYUV9w\"]}]}<\/script>\n<!-- \/ Yoast SEO plugin. -->","yoast_head_json":{"title":"Turismo de Zamora , Turismo Sostenible","description":"Esta es la p\u00e1gina Oficial de Turismo de Diputaci\u00f3n de Zamora, donde podr\u00e1 encontrar toda la informaci\u00f3n para disfrutar al m\u00e1ximo de nuestra provincia.","robots":{"index":"index","follow":"follow","max-snippet":"max-snippet:-1","max-image-preview":"max-image-preview:large","max-video-preview":"max-video-preview:-1"},"canonical":"https:\/\/turismoenzamora.es\/en\/vias-augustas-de-la-provincia-de-zamora\/","og_locale":"pt_PT","og_type":"article","og_title":"Turismo de Zamora , Turismo Sostenible","og_description":"Esta es la p\u00e1gina Oficial de Turismo de Diputaci\u00f3n de Zamora, donde podr\u00e1 encontrar toda la informaci\u00f3n para disfrutar al m\u00e1ximo de nuestra provincia.","og_url":"https:\/\/turismoenzamora.es\/en\/vias-augustas-de-la-provincia-de-zamora\/","og_site_name":"Turismo em Zamora","article_publisher":"https:\/\/www.facebook.com\/ZamoraSpain\/","article_modified_time":"2021-03-18T11:34:49+00:00","og_image":[{"url":"https:\/\/turismoenzamora.es\/wp-content\/uploads\/2021\/03\/Curunda-Caesara.png"}],"twitter_card":"summary_large_image","twitter_site":"@ZamoraSpain","schema":{"@context":"https:\/\/schema.org","@graph":[{"@type":"WebPage","@id":"https:\/\/turismoenzamora.es\/en\/vias-augustas-de-la-provincia-de-zamora\/","url":"https:\/\/turismoenzamora.es\/en\/vias-augustas-de-la-provincia-de-zamora\/","name":"Turismo de Zamora , Turismo Sostenible","isPartOf":{"@id":"https:\/\/turismoenzamora.es\/pt\/#website"},"primaryImageOfPage":{"@id":"https:\/\/turismoenzamora.es\/en\/vias-augustas-de-la-provincia-de-zamora\/#primaryimage"},"image":{"@id":"https:\/\/turismoenzamora.es\/en\/vias-augustas-de-la-provincia-de-zamora\/#primaryimage"},"thumbnailUrl":"https:\/\/turismoenzamora.es\/wp-content\/uploads\/2021\/03\/Curunda-Caesara.png","datePublished":"2021-03-18T10:56:49+00:00","dateModified":"2021-03-18T11:34:49+00:00","description":"Esta es la p\u00e1gina Oficial de Turismo de Diputaci\u00f3n de Zamora, donde podr\u00e1 encontrar toda la informaci\u00f3n para disfrutar al m\u00e1ximo de nuestra provincia.","breadcrumb":{"@id":"https:\/\/turismoenzamora.es\/en\/vias-augustas-de-la-provincia-de-zamora\/#breadcrumb"},"inLanguage":"pt-PT","potentialAction":[{"@type":"ReadAction","target":["https:\/\/turismoenzamora.es\/en\/vias-augustas-de-la-provincia-de-zamora\/"]}]},{"@type":"ImageObject","inLanguage":"pt-PT","@id":"https:\/\/turismoenzamora.es\/en\/vias-augustas-de-la-provincia-de-zamora\/#primaryimage","url":"https:\/\/turismoenzamora.es\/wp-content\/uploads\/2021\/03\/Curunda-Caesara.png","contentUrl":"https:\/\/turismoenzamora.es\/wp-content\/uploads\/2021\/03\/Curunda-Caesara.png"},{"@type":"BreadcrumbList","@id":"https:\/\/turismoenzamora.es\/en\/vias-augustas-de-la-provincia-de-zamora\/#breadcrumb","itemListElement":[{"@type":"ListItem","position":1,"name":"Portada","item":"https:\/\/turismoenzamora.es\/"},{"@type":"ListItem","position":2,"name":"V\u00edas Augustas de la provincia de Zamora"}]},{"@type":"WebSite","@id":"https:\/\/turismoenzamora.es\/pt\/#website","url":"https:\/\/turismoenzamora.es\/pt\/","name":"Turismo sostenible. Patronato de Turismo de la Diputaci\u00f3n de Zamora.&quot;Turismo Sostenible&quot;.","description":"Turismo Sustent\u00e1vel Posto de Turismo da Diputaci\u00f3n de Zamora","publisher":{"@id":"https:\/\/turismoenzamora.es\/pt\/#organization"},"potentialAction":[{"@type":"SearchAction","target":{"@type":"EntryPoint","urlTemplate":"https:\/\/turismoenzamora.es\/pt\/?s={search_term_string}"},"query-input":"required name=search_term_string"}],"inLanguage":"pt-PT"},{"@type":"Organization","@id":"https:\/\/turismoenzamora.es\/pt\/#organization","name":"Patronato de Turismo de la Diputaci\u00f3n de Zamora","url":"https:\/\/turismoenzamora.es\/pt\/","logo":{"@type":"ImageObject","inLanguage":"pt-PT","@id":"https:\/\/turismoenzamora.es\/pt\/#\/schema\/logo\/image\/","url":"https:\/\/turismoenzamora.es\/wp-content\/uploads\/2018\/06\/ZamoraLogo.png","contentUrl":"https:\/\/turismoenzamora.es\/wp-content\/uploads\/2018\/06\/ZamoraLogo.png","width":1276,"height":290,"caption":"Patronato de Turismo de la Diputaci\u00f3n de Zamora"},"image":{"@id":"https:\/\/turismoenzamora.es\/pt\/#\/schema\/logo\/image\/"},"sameAs":["https:\/\/www.facebook.com\/ZamoraSpain\/","https:\/\/x.com\/ZamoraSpain","https:\/\/www.instagram.com\/turismoenzamora.es\/","https:\/\/www.pinterest.es\/TurismoenZamora\/","https:\/\/www.youtube.com\/channel\/UC2bOyOZ-2cLm-uXlBFYUV9w"]}]}},"_links":{"self":[{"href":"https:\/\/turismoenzamora.es\/pt\/wp-json\/wp\/v2\/pages\/12679"}],"collection":[{"href":"https:\/\/turismoenzamora.es\/pt\/wp-json\/wp\/v2\/pages"}],"about":[{"href":"https:\/\/turismoenzamora.es\/pt\/wp-json\/wp\/v2\/types\/page"}],"author":[{"embeddable":true,"href":"https:\/\/turismoenzamora.es\/pt\/wp-json\/wp\/v2\/users\/8"}],"replies":[{"embeddable":true,"href":"https:\/\/turismoenzamora.es\/pt\/wp-json\/wp\/v2\/comments?post=12679"}],"version-history":[{"count":0,"href":"https:\/\/turismoenzamora.es\/pt\/wp-json\/wp\/v2\/pages\/12679\/revisions"}],"wp:attachment":[{"href":"https:\/\/turismoenzamora.es\/pt\/wp-json\/wp\/v2\/media?parent=12679"}],"curies":[{"name":"wp","href":"https:\/\/api.w.org\/{rel}","templated":true}]}}