{"id":84,"date":"2017-08-04T16:01:00","date_gmt":"2017-08-04T14:01:00","guid":{"rendered":"https:\/\/newweb.turismoenzamora.es\/?page_id=84"},"modified":"2021-09-01T16:15:42","modified_gmt":"2021-09-01T14:15:42","slug":"patrimonio-gastronomico","status":"publish","type":"page","link":"https:\/\/turismoenzamora.es\/fr\/patrimonio-gastronomico\/","title":{"rendered":"Patrimonio Gastron\u00f3mico"},"content":{"rendered":"<p><\/p>\n<h1 class=\"title\">Gastronomie<\/h1>\n<p><img fetchpriority=\"high\" decoding=\"async\" class=\"aligncenter size-full wp-image-7001\" src=\"https:\/\/turismoenzamora.es\/wp-content\/uploads\/2018\/04\/Bodeg\u00f3n-Alimentos-Concha-Prada.jpg\" alt=\"\" data-id=\"7001\" width=\"3543\" height=\"1757\" srcset=\"https:\/\/turismoenzamora.es\/wp-content\/uploads\/2018\/04\/Bodeg\u00f3n-Alimentos-Concha-Prada.jpg 3543w, https:\/\/turismoenzamora.es\/wp-content\/uploads\/2018\/04\/Bodeg\u00f3n-Alimentos-Concha-Prada-300x149.jpg 300w, https:\/\/turismoenzamora.es\/wp-content\/uploads\/2018\/04\/Bodeg\u00f3n-Alimentos-Concha-Prada-768x381.jpg 768w, https:\/\/turismoenzamora.es\/wp-content\/uploads\/2018\/04\/Bodeg\u00f3n-Alimentos-Concha-Prada-1024x508.jpg 1024w\" sizes=\"(max-width: 3543px) 100vw, 3543px\" \/><\/p>\n<p>&nbsp;<\/p>\n<p><strong>Zamora, les plaisirs du go\u00fbt<\/strong><\/p>\n<p>La gastronomie est toujours marqu\u00e9e par la personnalit\u00e9 du territoire et devient un \u00e9l\u00e9ment diff\u00e9renciateur et d&rsquo;identit\u00e9 propre \u00e0 chaque communaut\u00e9. Zamora est depuis longtemps essentiellement une terre d&rsquo;\u00e9levage et d&rsquo;agriculture, c&rsquo;est pourquoi ses produits locaux, naturels et de premi\u00e8re qualit\u00e9 en sont un pilier fondamental.<\/p>\n<p>Certains plats sont devenus de v\u00e9ritables r\u00e9f\u00e9rences de la gastronomie de Zamora, de par leur tradition s\u00e9culaire et leur lien \u00e0 leur r\u00e9gion d&rsquo;origine. Le riz \u00e0 \u00ab\u00a0la zamorana\u00a0\u00bb, la morue \u00e0 \u00ab\u00a0la tranca\u00a0\u00bb et le poulpe ou la truite \u00e0 \u00ab\u00a0la sanabresa\u00a0\u00bb constituent le groupe de r\u00e9f\u00e9rences le plus solide de cette cuisine de renom, qui s&rsquo;\u00e9tend \u00e0 tout type de cantons et de r\u00e9gions, et que m\u00eame sa toponymie aide \u00e0 \u00ab\u00a0nommer\u00a0\u00bb, lorsqu&rsquo;il s&rsquo;agit d&rsquo;identifier d&rsquo;autres recettes classiques : gros haricots de Sanabria, sanglier au vin de Toro, pigeons de Tierra de Campos, tarte del C\u00edster ou ca\u00f1as \u00e0 \u00ab\u00a0la zamorana\u00a0\u00bb. Des recettes qui font r\u00e9f\u00e9rence aux cultures ou aux ingr\u00e9dients traditionnels et \u00e0 ce pass\u00e9 agricole et d&rsquo;\u00e9levage, qui aujourd&rsquo;hui se refl\u00e8tent dans l&rsquo;engagement des habitants envers la pr\u00e9servation et la consommation de produits du terroir de qualit\u00e9.<\/p>\n<p>Cela dit, la cuisine de Zamora, de m\u00eame que celle du reste de la r\u00e9gion, a suivi les m\u00eames changements que la cuisine espagnole, qui a exerc\u00e9 un incontestable leadership de l&rsquo;avant-garde au cours de la derni\u00e8re d\u00e9cennie. Ce courant a conduit les professionnels de la cuisine \u00e0 de nouvelles techniques et interpr\u00e9tations des plats ; le concept d&rsquo;innovation a r\u00e9sonn\u00e9 profond\u00e9ment chez les professionnels de la cuisine de Zamora, qui ont su transf\u00e9rer ces nouveaux comportements vers leurs restaurants et les commandes de leurs clients. Il est donc normal de trouver notre fromage de Zamora, notre truite ou notre typique rago\u00fbt de l\u00e9gumes secs transform\u00e9s dans notre assiette. Beaucoup de publications sp\u00e9cialis\u00e9es et de guides de restaurants ont mis en avant et fait l&rsquo;\u00e9loge de la cuisine de nombreux restaurants de Zamora et de sa province.<\/p>\n<p>Et \u00e0 cela s&rsquo;ajoute le ph\u00e9nom\u00e8ne de la mini-cuisine qui a servi \u00e0 mettre en valeur les \u00ab\u00a0tapas\u00a0\u00bb traditionnelles, profond\u00e9ment enracin\u00e9es \u00e0 Zamora. Gr\u00e2ce \u00e0 l&rsquo;implication des restaurateurs de Zamora, cette forme de cuisine s&rsquo;est d\u00e9velopp\u00e9e par la cr\u00e9ation de \u00ab\u00a0tapas\u00a0\u00bb aussi d\u00e9licieuses qu&rsquo;artistiques. Cela donna lieu \u00e0 la c\u00e9l\u00e8bre initiative \u00ab\u00a0De tapas por Zamora\u00a0\u00bb, concours de \u00ab\u00a0tapas\u00a0\u00bb auquel participent une grande partie des \u00e9tablissements en \u00e9laborant une \u00ab\u00a0tapa\u00a0\u00bb de concours au prix de vente de un euro.<\/p>\n<p>&nbsp;<\/p>\n<p><a href=\"https:\/\/turismoenzamora.es\/wp-content\/uploads\/2017\/08\/ZDP-Gastronom\u00eda-2016.pdf\"><img loading=\"lazy\" decoding=\"async\" class=\"size-full wp-image-2020 alignright\" src=\"https:\/\/turismoenzamora.es\/wp-content\/uploads\/2017\/08\/descarga-1.jpg\" alt=\"\" width=\"32\" height=\"40\"><\/a><\/p>\n<div style=\"overflow-x: auto;\">\n<table>\n<tbody>\n<tr>\n<td><a href=\"https:\/\/turismoenzamora.es\/queso\"><img decoding=\"async\" class=\"alignnone size-medium wp-image-1821\" src=\"https:\/\/turismoenzamora.es\/wp-content\/uploads\/2017\/08\/categoria-queso-gastronomiaa-300x149.jpg\" alt=\"\" width=\"300\" height=\"149\" srcset=\"https:\/\/turismoenzamora.es\/wp-content\/uploads\/2017\/08\/categoria-queso-gastronomiaa-300x149.jpg 300w, https:\/\/turismoenzamora.es\/wp-content\/uploads\/2017\/08\/categoria-queso-gastronomiaa.jpg 400w\" sizes=\"(max-width: 300px) 100vw, 300px\" \/><\/a><\/td>\n<td><a href=\"https:\/\/turismoenzamora.es\/harina\"><img loading=\"lazy\" decoding=\"async\" class=\"alignnone size-medium wp-image-1819\" src=\"https:\/\/turismoenzamora.es\/wp-content\/uploads\/2017\/08\/categoria-gastronomia-harinaa-300x149.jpg\" alt=\"\" width=\"300\" height=\"149\" srcset=\"https:\/\/turismoenzamora.es\/wp-content\/uploads\/2017\/08\/categoria-gastronomia-harinaa-300x149.jpg 300w, https:\/\/turismoenzamora.es\/wp-content\/uploads\/2017\/08\/categoria-gastronomia-harinaa.jpg 400w\" sizes=\"(max-width: 300px) 100vw, 300px\" \/><\/a><\/td>\n<td><a href=\"https:\/\/turismoenzamora.es\/chorizo\/\"><img loading=\"lazy\" decoding=\"async\" class=\"alignnone size-medium wp-image-1820\" src=\"https:\/\/turismoenzamora.es\/wp-content\/uploads\/2017\/08\/categoria-gastronomia-chorizoo-300x149.jpg\" alt=\"chorizo\" width=\"300\" height=\"149\" srcset=\"https:\/\/turismoenzamora.es\/wp-content\/uploads\/2017\/08\/categoria-gastronomia-chorizoo-300x149.jpg 300w, https:\/\/turismoenzamora.es\/wp-content\/uploads\/2017\/08\/categoria-gastronomia-chorizoo.jpg 400w\" sizes=\"(max-width: 300px) 100vw, 300px\" \/><\/a><\/td>\n<\/tr>\n<tr>\n<td align=\"center\"><a href=\"https:\/\/turismoenzamora.es\/queso\">FROMAGE<\/a><\/td>\n<td align=\"center\"><a href=\"https:\/\/turismoenzamora.es\/harina\">LA FARINE<\/a><\/td>\n<td align=\"center\"><a href=\"https:\/\/turismoenzamora.es\/chorizo\">CHORIZO<\/a><\/td>\n<\/tr>\n<tr>\n<td><a href=\"https:\/\/turismoenzamora.es\/ternera-de-aliste\"><img loading=\"lazy\" decoding=\"async\" class=\"alignnone size-medium wp-image-1822\" src=\"https:\/\/turismoenzamora.es\/wp-content\/uploads\/2017\/08\/categoria-gastronomia-ternera_alistee-300x143.jpg\" alt=\"\" width=\"300\" height=\"143\" srcset=\"https:\/\/turismoenzamora.es\/wp-content\/uploads\/2017\/08\/categoria-gastronomia-ternera_alistee-300x143.jpg 300w, https:\/\/turismoenzamora.es\/wp-content\/uploads\/2017\/08\/categoria-gastronomia-ternera_alistee.jpg 400w\" sizes=\"(max-width: 300px) 100vw, 300px\" \/><\/a><\/td>\n<td><a href=\"https:\/\/turismoenzamora.es\/lechazo-de-castilla-y-leon\"><img loading=\"lazy\" decoding=\"async\" class=\"alignnone size-medium wp-image-1823\" src=\"https:\/\/turismoenzamora.es\/wp-content\/uploads\/2017\/08\/categoria-lechazo-gastronomiaa-300x143.jpg\" alt=\"\" width=\"300\" height=\"143\" srcset=\"https:\/\/turismoenzamora.es\/wp-content\/uploads\/2017\/08\/categoria-lechazo-gastronomiaa-300x143.jpg 300w, https:\/\/turismoenzamora.es\/wp-content\/uploads\/2017\/08\/categoria-lechazo-gastronomiaa.jpg 400w\" sizes=\"(max-width: 300px) 100vw, 300px\" \/><\/a><\/td>\n<td><a href=\"https:\/\/turismoenzamora.es\/habon-sanabres\"><img loading=\"lazy\" decoding=\"async\" class=\"alignnone size-medium wp-image-1824\" src=\"https:\/\/turismoenzamora.es\/wp-content\/uploads\/2017\/08\/categoria-gastronomia-habon_de_sanabriaa-300x149.jpg\" alt=\"\" width=\"300\" height=\"149\" srcset=\"https:\/\/turismoenzamora.es\/wp-content\/uploads\/2017\/08\/categoria-gastronomia-habon_de_sanabriaa-300x149.jpg 300w, https:\/\/turismoenzamora.es\/wp-content\/uploads\/2017\/08\/categoria-gastronomia-habon_de_sanabriaa.jpg 400w\" sizes=\"(max-width: 300px) 100vw, 300px\" \/><\/a><\/td>\n<\/tr>\n<tr>\n<td align=\"center\"><a href=\"https:\/\/turismoenzamora.es\/ternera-de-aliste\">LE VEAU D`ALISTE <\/a><\/td>\n<td align=\"center\"><a href=\"https:\/\/turismoenzamora.es\/lechazo-de-castilla-y-leon\">L`AGNEAU DE LAIT DE CASTILLA Y LE\u00d3N<\/a><\/td>\n<td align=\"center\"><a href=\"https:\/\/turismoenzamora.es\/habon-sanabres\">LE HARICOT DE SANABRIA<\/a><\/td>\n<\/tr>\n<tr>\n<td><a href=\"https:\/\/turismoenzamora.es\/garbanzo-de-fuentesauco\"><img loading=\"lazy\" decoding=\"async\" class=\"alignnone size-medium wp-image-1825\" src=\"https:\/\/turismoenzamora.es\/wp-content\/uploads\/2017\/08\/categoria-gastronomia-garbanzoss-300x149.jpg\" alt=\"\" width=\"300\" height=\"149\" srcset=\"https:\/\/turismoenzamora.es\/wp-content\/uploads\/2017\/08\/categoria-gastronomia-garbanzoss-300x149.jpg 300w, https:\/\/turismoenzamora.es\/wp-content\/uploads\/2017\/08\/categoria-gastronomia-garbanzoss.jpg 400w\" sizes=\"(max-width: 300px) 100vw, 300px\" \/><\/a><\/td>\n<td><a href=\"https:\/\/turismoenzamora.es\/pimiento-de-fresno-benavente\"><img loading=\"lazy\" decoding=\"async\" class=\"alignnone size-medium wp-image-1826\" src=\"https:\/\/turismoenzamora.es\/wp-content\/uploads\/2017\/08\/categoria-gastronomia-pimientoo-300x143.jpg\" alt=\"\" width=\"300\" height=\"143\" srcset=\"https:\/\/turismoenzamora.es\/wp-content\/uploads\/2017\/08\/categoria-gastronomia-pimientoo-300x143.jpg 300w, https:\/\/turismoenzamora.es\/wp-content\/uploads\/2017\/08\/categoria-gastronomia-pimientoo.jpg 400w\" sizes=\"(max-width: 300px) 100vw, 300px\" \/><\/a><\/td>\n<td><a href=\"https:\/\/turismoenzamora.es\/minicocina-de-tapas-por-zamora\"><img loading=\"lazy\" decoding=\"async\" class=\"alignnone size-medium wp-image-1827\" src=\"https:\/\/turismoenzamora.es\/wp-content\/uploads\/2017\/08\/recetas-chanfaina-300x149.jpg\" alt=\"\" width=\"300\" height=\"149\" srcset=\"https:\/\/turismoenzamora.es\/wp-content\/uploads\/2017\/08\/recetas-chanfaina-300x149.jpg 300w, https:\/\/turismoenzamora.es\/wp-content\/uploads\/2017\/08\/recetas-chanfaina.jpg 400w\" sizes=\"(max-width: 300px) 100vw, 300px\" \/><\/a><\/td>\n<\/tr>\n<tr>\n<td align=\"center\"><a href=\"https:\/\/turismoenzamora.es\/garbanzo-de-fuentesauco\">LES POIS CHICHE DE FUENTESA\u00daCO<\/a><\/td>\n<td align=\"center\"><a href=\"https:\/\/turismoenzamora.es\/pimiento-de-fresno-benavente\">LE POIVRON DE FRESNO-BENAVENTE<\/a><\/td>\n<td align=\"center\"><a href=\"https:\/\/turismoenzamora.es\/minicocina-de-tapas-por-zamora\">LA MINI-CUISINE: LES TAPES<\/a><\/td>\n<\/tr>\n<tr>\n<td><a href=\"https:\/\/turismoenzamora.es\/setas\"><img loading=\"lazy\" decoding=\"async\" class=\"alignnone size-medium wp-image-1828\" src=\"https:\/\/turismoenzamora.es\/wp-content\/uploads\/2017\/08\/categoria-gastronomia-setass-300x149.jpg\" alt=\"\" width=\"300\" height=\"149\" srcset=\"https:\/\/turismoenzamora.es\/wp-content\/uploads\/2017\/08\/categoria-gastronomia-setass-300x149.jpg 300w, https:\/\/turismoenzamora.es\/wp-content\/uploads\/2017\/08\/categoria-gastronomia-setass.jpg 400w\" sizes=\"(max-width: 300px) 100vw, 300px\" \/><\/a><\/td>\n<td><a href=\"https:\/\/turismoenzamora.es\/otros\"><img loading=\"lazy\" decoding=\"async\" class=\"alignnone size-medium wp-image-1829\" src=\"https:\/\/turismoenzamora.es\/wp-content\/uploads\/2017\/08\/categoria-gastronomia-castanas-300x149.jpg\" alt=\"\" width=\"300\" height=\"149\" srcset=\"https:\/\/turismoenzamora.es\/wp-content\/uploads\/2017\/08\/categoria-gastronomia-castanas-300x149.jpg 300w, https:\/\/turismoenzamora.es\/wp-content\/uploads\/2017\/08\/categoria-gastronomia-castanas.jpg 400w\" sizes=\"(max-width: 300px) 100vw, 300px\" \/><\/a><\/td>\n<\/tr>\n<tr>\n<td align=\"center\"><a href=\"https:\/\/turismoenzamora.es\/setas\">LES CHAMPIGNONS<\/a><\/td>\n<td align=\"center\"><a href=\"https:\/\/turismoenzamora.es\/otros\">AUTRES<\/a><\/td>\n<\/tr>\n<\/tbody>\n<\/table>\n<\/div>\n<p><\/p>","protected":false},"excerpt":{"rendered":"<p>Gastronomie &nbsp; Zamora, les plaisirs du go\u00fbt La gastronomie est toujours marqu\u00e9e par la personnalit\u00e9 du territoire et devient un \u00e9l\u00e9ment diff\u00e9renciateur et d&rsquo;identit\u00e9 propre \u00e0 chaque communaut\u00e9. Zamora est depuis longtemps essentiellement une terre d&rsquo;\u00e9levage et d&rsquo;agriculture, c&rsquo;est pourquoi ses produits locaux, naturels et de premi\u00e8re qualit\u00e9 en sont un pilier fondamental. Certains plats [&hellip;]<\/p>\n","protected":false},"author":1,"featured_media":0,"parent":0,"menu_order":5,"comment_status":"closed","ping_status":"closed","template":"","meta":{"inline_featured_image":false,"site-sidebar-layout":"default","site-content-layout":"","ast-site-content-layout":"","site-content-style":"default","site-sidebar-style":"default","ast-global-header-display":"","ast-banner-title-visibility":"","ast-main-header-display":"","ast-hfb-above-header-display":"","ast-hfb-below-header-display":"","ast-hfb-mobile-header-display":"","site-post-title":"","ast-breadcrumbs-content":"","ast-featured-img":"","footer-sml-layout":"","theme-transparent-header-meta":"","adv-header-id-meta":"","stick-header-meta":"","header-above-stick-meta":"","header-main-stick-meta":"","header-below-stick-meta":"","astra-migrate-meta-layouts":"default","ast-page-background-enabled":"default","ast-page-background-meta":{"desktop":{"background-color":"","background-image":"","background-repeat":"repeat","background-position":"center center","background-size":"auto","background-attachment":"scroll","background-type":"","background-media":"","overlay-type":"","overlay-color":"","overlay-opacity":"","overlay-gradient":""},"tablet":{"background-color":"","background-image":"","background-repeat":"repeat","background-position":"center center","background-size":"auto","background-attachment":"scroll","background-type":"","background-media":"","overlay-type":"","overlay-color":"","overlay-opacity":"","overlay-gradient":""},"mobile":{"background-color":"","background-image":"","background-repeat":"repeat","background-position":"center center","background-size":"auto","background-attachment":"scroll","background-type":"","background-media":"","overlay-type":"","overlay-color":"","overlay-opacity":"","overlay-gradient":""}},"ast-content-background-meta":{"desktop":{"background-color":"var(--ast-global-color-5)","background-image":"","background-repeat":"repeat","background-position":"center center","background-size":"auto","background-attachment":"scroll","background-type":"","background-media":"","overlay-type":"","overlay-color":"","overlay-opacity":"","overlay-gradient":""},"tablet":{"background-color":"var(--ast-global-color-5)","background-image":"","background-repeat":"repeat","background-position":"center center","background-size":"auto","background-attachment":"scroll","background-type":"","background-media":"","overlay-type":"","overlay-color":"","overlay-opacity":"","overlay-gradient":""},"mobile":{"background-color":"var(--ast-global-color-5)","background-image":"","background-repeat":"repeat","background-position":"center center","background-size":"auto","background-attachment":"scroll","background-type":"","background-media":"","overlay-type":"","overlay-color":"","overlay-opacity":"","overlay-gradient":""}},"ngg_post_thumbnail":0,"footnotes":""},"yoast_head":"<!-- This site is optimized with the Yoast SEO plugin v23.0 - https:\/\/yoast.com\/wordpress\/plugins\/seo\/ -->\n<title>Turismo de Zamora , Turismo Sostenible<\/title>\n<meta name=\"description\" content=\"Esta es la p\u00e1gina Oficial de Turismo de Diputaci\u00f3n de Zamora, donde podr\u00e1 encontrar toda la informaci\u00f3n para disfrutar al m\u00e1ximo de nuestra provincia.\" \/>\n<meta name=\"robots\" content=\"index, follow, max-snippet:-1, max-image-preview:large, max-video-preview:-1\" \/>\n<link rel=\"canonical\" href=\"https:\/\/turismoenzamora.es\/fr\/patrimonio-gastronomico\/\" \/>\n<meta property=\"og:locale\" content=\"fr_FR\" \/>\n<meta property=\"og:type\" content=\"article\" \/>\n<meta property=\"og:title\" content=\"Turismo de Zamora , Turismo Sostenible\" \/>\n<meta property=\"og:description\" content=\"Esta es la p\u00e1gina Oficial de Turismo de Diputaci\u00f3n de Zamora, donde podr\u00e1 encontrar toda la informaci\u00f3n para disfrutar al m\u00e1ximo de nuestra provincia.\" \/>\n<meta property=\"og:url\" content=\"https:\/\/turismoenzamora.es\/fr\/patrimonio-gastronomico\/\" \/>\n<meta property=\"og:site_name\" content=\"Tourisme \u00e0 Zamora\" \/>\n<meta property=\"article:publisher\" content=\"https:\/\/www.facebook.com\/ZamoraSpain\/\" \/>\n<meta property=\"article:modified_time\" content=\"2021-09-01T14:15:42+00:00\" \/>\n<meta property=\"og:image\" content=\"https:\/\/turismoenzamora.es\/wp-content\/uploads\/2017\/08\/descarga-1.jpg\" \/>\n<meta name=\"twitter:card\" content=\"summary_large_image\" \/>\n<meta name=\"twitter:site\" content=\"@ZamoraSpain\" \/>\n<meta name=\"twitter:label1\" content=\"Dur\u00e9e de lecture estim\u00e9e\" \/>\n\t<meta name=\"twitter:data1\" content=\"11 minutes\" \/>\n<script type=\"application\/ld+json\" class=\"yoast-schema-graph\">{\"@context\":\"https:\/\/schema.org\",\"@graph\":[{\"@type\":\"WebPage\",\"@id\":\"https:\/\/turismoenzamora.es\/fr\/patrimonio-gastronomico\/\",\"url\":\"https:\/\/turismoenzamora.es\/fr\/patrimonio-gastronomico\/\",\"name\":\"Turismo de Zamora , Turismo Sostenible\",\"isPartOf\":{\"@id\":\"https:\/\/turismoenzamora.es\/pt\/#website\"},\"primaryImageOfPage\":{\"@id\":\"https:\/\/turismoenzamora.es\/fr\/patrimonio-gastronomico\/#primaryimage\"},\"image\":{\"@id\":\"https:\/\/turismoenzamora.es\/fr\/patrimonio-gastronomico\/#primaryimage\"},\"thumbnailUrl\":\"https:\/\/turismoenzamora.es\/wp-content\/uploads\/2017\/08\/descarga-1.jpg\",\"datePublished\":\"2017-08-04T14:01:00+00:00\",\"dateModified\":\"2021-09-01T14:15:42+00:00\",\"description\":\"Esta es la p\u00e1gina Oficial de Turismo de Diputaci\u00f3n de Zamora, donde podr\u00e1 encontrar toda la informaci\u00f3n para disfrutar al m\u00e1ximo de nuestra provincia.\",\"breadcrumb\":{\"@id\":\"https:\/\/turismoenzamora.es\/fr\/patrimonio-gastronomico\/#breadcrumb\"},\"inLanguage\":\"fr-FR\",\"potentialAction\":[{\"@type\":\"ReadAction\",\"target\":[\"https:\/\/turismoenzamora.es\/fr\/patrimonio-gastronomico\/\"]}]},{\"@type\":\"ImageObject\",\"inLanguage\":\"fr-FR\",\"@id\":\"https:\/\/turismoenzamora.es\/fr\/patrimonio-gastronomico\/#primaryimage\",\"url\":\"https:\/\/turismoenzamora.es\/wp-content\/uploads\/2017\/08\/descarga-1.jpg\",\"contentUrl\":\"https:\/\/turismoenzamora.es\/wp-content\/uploads\/2017\/08\/descarga-1.jpg\"},{\"@type\":\"BreadcrumbList\",\"@id\":\"https:\/\/turismoenzamora.es\/fr\/patrimonio-gastronomico\/#breadcrumb\",\"itemListElement\":[{\"@type\":\"ListItem\",\"position\":1,\"name\":\"Portada\",\"item\":\"https:\/\/turismoenzamora.es\/\"},{\"@type\":\"ListItem\",\"position\":2,\"name\":\"Patrimonio Gastron\u00f3mico\"}]},{\"@type\":\"WebSite\",\"@id\":\"https:\/\/turismoenzamora.es\/pt\/#website\",\"url\":\"https:\/\/turismoenzamora.es\/pt\/\",\"name\":\"Turismo sostenible. Patronato de Turismo de la Diputaci\u00f3n de Zamora.&quot;Turismo Sostenible&quot;.\",\"description\":\"Tourisme durable Office du tourisme de la Diputaci\u00f3n de Zamora\",\"publisher\":{\"@id\":\"https:\/\/turismoenzamora.es\/pt\/#organization\"},\"potentialAction\":[{\"@type\":\"SearchAction\",\"target\":{\"@type\":\"EntryPoint\",\"urlTemplate\":\"https:\/\/turismoenzamora.es\/pt\/?s={search_term_string}\"},\"query-input\":\"required name=search_term_string\"}],\"inLanguage\":\"fr-FR\"},{\"@type\":\"Organization\",\"@id\":\"https:\/\/turismoenzamora.es\/pt\/#organization\",\"name\":\"Patronato de Turismo de la Diputaci\u00f3n de Zamora\",\"url\":\"https:\/\/turismoenzamora.es\/pt\/\",\"logo\":{\"@type\":\"ImageObject\",\"inLanguage\":\"fr-FR\",\"@id\":\"https:\/\/turismoenzamora.es\/pt\/#\/schema\/logo\/image\/\",\"url\":\"https:\/\/turismoenzamora.es\/wp-content\/uploads\/2018\/06\/ZamoraLogo.png\",\"contentUrl\":\"https:\/\/turismoenzamora.es\/wp-content\/uploads\/2018\/06\/ZamoraLogo.png\",\"width\":1276,\"height\":290,\"caption\":\"Patronato de Turismo de la Diputaci\u00f3n de Zamora\"},\"image\":{\"@id\":\"https:\/\/turismoenzamora.es\/pt\/#\/schema\/logo\/image\/\"},\"sameAs\":[\"https:\/\/www.facebook.com\/ZamoraSpain\/\",\"https:\/\/x.com\/ZamoraSpain\",\"https:\/\/www.instagram.com\/turismoenzamora.es\/\",\"https:\/\/www.pinterest.es\/TurismoenZamora\/\",\"https:\/\/www.youtube.com\/channel\/UC2bOyOZ-2cLm-uXlBFYUV9w\"]}]}<\/script>\n<!-- \/ Yoast SEO plugin. -->","yoast_head_json":{"title":"Turismo de Zamora , Turismo Sostenible","description":"Esta es la p\u00e1gina Oficial de Turismo de Diputaci\u00f3n de Zamora, donde podr\u00e1 encontrar toda la informaci\u00f3n para disfrutar al m\u00e1ximo de nuestra provincia.","robots":{"index":"index","follow":"follow","max-snippet":"max-snippet:-1","max-image-preview":"max-image-preview:large","max-video-preview":"max-video-preview:-1"},"canonical":"https:\/\/turismoenzamora.es\/fr\/patrimonio-gastronomico\/","og_locale":"fr_FR","og_type":"article","og_title":"Turismo de Zamora , Turismo Sostenible","og_description":"Esta es la p\u00e1gina Oficial de Turismo de Diputaci\u00f3n de Zamora, donde podr\u00e1 encontrar toda la informaci\u00f3n para disfrutar al m\u00e1ximo de nuestra provincia.","og_url":"https:\/\/turismoenzamora.es\/fr\/patrimonio-gastronomico\/","og_site_name":"Tourisme \u00e0 Zamora","article_publisher":"https:\/\/www.facebook.com\/ZamoraSpain\/","article_modified_time":"2021-09-01T14:15:42+00:00","og_image":[{"url":"https:\/\/turismoenzamora.es\/wp-content\/uploads\/2017\/08\/descarga-1.jpg"}],"twitter_card":"summary_large_image","twitter_site":"@ZamoraSpain","twitter_misc":{"Dur\u00e9e de lecture estim\u00e9e":"11 minutes"},"schema":{"@context":"https:\/\/schema.org","@graph":[{"@type":"WebPage","@id":"https:\/\/turismoenzamora.es\/fr\/patrimonio-gastronomico\/","url":"https:\/\/turismoenzamora.es\/fr\/patrimonio-gastronomico\/","name":"Turismo de Zamora , Turismo Sostenible","isPartOf":{"@id":"https:\/\/turismoenzamora.es\/pt\/#website"},"primaryImageOfPage":{"@id":"https:\/\/turismoenzamora.es\/fr\/patrimonio-gastronomico\/#primaryimage"},"image":{"@id":"https:\/\/turismoenzamora.es\/fr\/patrimonio-gastronomico\/#primaryimage"},"thumbnailUrl":"https:\/\/turismoenzamora.es\/wp-content\/uploads\/2017\/08\/descarga-1.jpg","datePublished":"2017-08-04T14:01:00+00:00","dateModified":"2021-09-01T14:15:42+00:00","description":"Esta es la p\u00e1gina Oficial de Turismo de Diputaci\u00f3n de Zamora, donde podr\u00e1 encontrar toda la informaci\u00f3n para disfrutar al m\u00e1ximo de nuestra provincia.","breadcrumb":{"@id":"https:\/\/turismoenzamora.es\/fr\/patrimonio-gastronomico\/#breadcrumb"},"inLanguage":"fr-FR","potentialAction":[{"@type":"ReadAction","target":["https:\/\/turismoenzamora.es\/fr\/patrimonio-gastronomico\/"]}]},{"@type":"ImageObject","inLanguage":"fr-FR","@id":"https:\/\/turismoenzamora.es\/fr\/patrimonio-gastronomico\/#primaryimage","url":"https:\/\/turismoenzamora.es\/wp-content\/uploads\/2017\/08\/descarga-1.jpg","contentUrl":"https:\/\/turismoenzamora.es\/wp-content\/uploads\/2017\/08\/descarga-1.jpg"},{"@type":"BreadcrumbList","@id":"https:\/\/turismoenzamora.es\/fr\/patrimonio-gastronomico\/#breadcrumb","itemListElement":[{"@type":"ListItem","position":1,"name":"Portada","item":"https:\/\/turismoenzamora.es\/"},{"@type":"ListItem","position":2,"name":"Patrimonio Gastron\u00f3mico"}]},{"@type":"WebSite","@id":"https:\/\/turismoenzamora.es\/pt\/#website","url":"https:\/\/turismoenzamora.es\/pt\/","name":"Turismo sostenible. Patronato de Turismo de la Diputaci\u00f3n de Zamora.&quot;Turismo Sostenible&quot;.","description":"Tourisme durable Office du tourisme de la Diputaci\u00f3n de Zamora","publisher":{"@id":"https:\/\/turismoenzamora.es\/pt\/#organization"},"potentialAction":[{"@type":"SearchAction","target":{"@type":"EntryPoint","urlTemplate":"https:\/\/turismoenzamora.es\/pt\/?s={search_term_string}"},"query-input":"required name=search_term_string"}],"inLanguage":"fr-FR"},{"@type":"Organization","@id":"https:\/\/turismoenzamora.es\/pt\/#organization","name":"Patronato de Turismo de la Diputaci\u00f3n de Zamora","url":"https:\/\/turismoenzamora.es\/pt\/","logo":{"@type":"ImageObject","inLanguage":"fr-FR","@id":"https:\/\/turismoenzamora.es\/pt\/#\/schema\/logo\/image\/","url":"https:\/\/turismoenzamora.es\/wp-content\/uploads\/2018\/06\/ZamoraLogo.png","contentUrl":"https:\/\/turismoenzamora.es\/wp-content\/uploads\/2018\/06\/ZamoraLogo.png","width":1276,"height":290,"caption":"Patronato de Turismo de la Diputaci\u00f3n de Zamora"},"image":{"@id":"https:\/\/turismoenzamora.es\/pt\/#\/schema\/logo\/image\/"},"sameAs":["https:\/\/www.facebook.com\/ZamoraSpain\/","https:\/\/x.com\/ZamoraSpain","https:\/\/www.instagram.com\/turismoenzamora.es\/","https:\/\/www.pinterest.es\/TurismoenZamora\/","https:\/\/www.youtube.com\/channel\/UC2bOyOZ-2cLm-uXlBFYUV9w"]}]}},"_links":{"self":[{"href":"https:\/\/turismoenzamora.es\/fr\/wp-json\/wp\/v2\/pages\/84"}],"collection":[{"href":"https:\/\/turismoenzamora.es\/fr\/wp-json\/wp\/v2\/pages"}],"about":[{"href":"https:\/\/turismoenzamora.es\/fr\/wp-json\/wp\/v2\/types\/page"}],"author":[{"embeddable":true,"href":"https:\/\/turismoenzamora.es\/fr\/wp-json\/wp\/v2\/users\/1"}],"replies":[{"embeddable":true,"href":"https:\/\/turismoenzamora.es\/fr\/wp-json\/wp\/v2\/comments?post=84"}],"version-history":[{"count":0,"href":"https:\/\/turismoenzamora.es\/fr\/wp-json\/wp\/v2\/pages\/84\/revisions"}],"wp:attachment":[{"href":"https:\/\/turismoenzamora.es\/fr\/wp-json\/wp\/v2\/media?parent=84"}],"curies":[{"name":"wp","href":"https:\/\/api.w.org\/{rel}","templated":true}]}}