{"id":759,"date":"2017-08-10T08:25:41","date_gmt":"2017-08-10T08:25:41","guid":{"rendered":"https:\/\/newweb.turismoenzamora.es\/?page_id=759"},"modified":"2025-04-16T12:59:54","modified_gmt":"2025-04-16T10:59:54","slug":"descargas","status":"publish","type":"page","link":"https:\/\/turismoenzamora.es\/fr\/descargas\/","title":{"rendered":"Descargas"},"content":{"rendered":"\t\t<div data-elementor-type=\"wp-page\" data-elementor-id=\"759\" class=\"elementor elementor-759\" data-elementor-post-type=\"page\">\n\t\t\t\t\t\t<section class=\"elementor-section elementor-top-section elementor-element elementor-element-2c7067d3 elementor-section-boxed elementor-section-height-default elementor-section-height-default\" data-id=\"2c7067d3\" data-element_type=\"section\">\n\t\t\t\t\t\t<div class=\"elementor-container elementor-column-gap-default\">\n\t\t\t\t\t<div class=\"elementor-column elementor-col-100 elementor-top-column elementor-element elementor-element-44fa0be0\" data-id=\"44fa0be0\" data-element_type=\"column\">\n\t\t\t<div class=\"elementor-widget-wrap elementor-element-populated\">\n\t\t\t\t\t\t<div class=\"elementor-element elementor-element-e5b38a5 elementor-widget elementor-widget-text-editor\" data-id=\"e5b38a5\" data-element_type=\"widget\" data-widget_type=\"text-editor.default\">\n\t\t\t\t<div class=\"elementor-widget-container\">\n\t\t\t\t\t\t\t<p><\/p><h6>Descargas<\/h6><table style=\"width: 100%;\"><tbody><tr><td><a href=\"https:\/\/turismoenzamora.es\/categorias-a\/\">A<\/a><\/td><td><span style=\"color: grey;\">B<\/span><\/td><td><a href=\"https:\/\/turismoenzamora.es\/categorias-c\/\">C<\/a><\/td><td><a href=\"https:\/\/turismoenzamora.es\/categorias-d\/\">D<\/a><\/td><td><a href=\"https:\/\/turismoenzamora.es\/categorias-e\/\">E<\/a><\/td><td><a href=\"https:\/\/turismoenzamora.es\/categorias-f\/\">F<\/a><\/td><td><a href=\"https:\/\/turismoenzamora.es\/categorias-g\/\">G<\/a><\/td><td><span style=\"color: grey;\">H<\/span><\/td><td><span style=\"color: grey;\">I<\/span><\/td><td><span style=\"color: grey;\">J<\/span><\/td><td><span style=\"color: grey;\">K<\/span><\/td><td><span style=\"color: grey;\">L<\/span><\/td><td><a href=\"https:\/\/turismoenzamora.es\/categorias-m\/\">M<\/a><\/td><td><a href=\"https:\/\/turismoenzamora.es\/categorias-n\/\">N<\/a><\/td><td><span style=\"color: grey;\">O<\/span><\/td><td><a href=\"https:\/\/turismoenzamora.es\/categorias-p\/\">P<\/a><\/td><td><span style=\"color: grey;\">Q<\/span><\/td><td><a href=\"https:\/\/turismoenzamora.es\/?page_id=5173&amp;preview=true\">R<\/a><\/td><td><a href=\"https:\/\/turismoenzamora.es\/categorias-s\/\">S<\/a><\/td><td><a href=\"https:\/\/turismoenzamora.es\/categorias-t\/\">T<\/a><\/td><td><span style=\"color: grey;\">U<\/span><\/td><td><span style=\"color: grey;\">V<\/span><\/td><td><span style=\"color: grey;\">W<\/span><\/td><td><span style=\"color: grey;\">X<\/span><\/td><td><span style=\"color: grey;\">Y<\/span><\/td><td><span style=\"color: grey;\">Z<\/span><\/td><\/tr><\/tbody><\/table><table style=\"width: 100%;\" border=\"3\"><tbody><tr><td><a href=\"https:\/\/turismoenzamora.es\/wp-content\/uploads\/2025\/02\/folleto_ZamoraEsencial.pdf\"><span style=\"font-size: small;\">Zamora Esencial<br \/><\/span><\/a><a href=\"http:\/\/https:\/\/turismoenzamora.es\/wp-content\/uploads\/2025\/02\/folleto_ZamoraEsencial.pdf\"><img fetchpriority=\"high\" decoding=\"async\" class=\"alignnone wp-image-21810 size-medium\" src=\"https:\/\/turismoenzamora.es\/wp-content\/uploads\/2025\/02\/zamora-esencial-caratula--300x241.jpg\" alt=\"\" width=\"300\" height=\"241\" \/><\/a><\/td><td><a href=\"https:\/\/turismoenzamora.es\/arte-3\/\"><span style=\"font-size: small;\">Arte<\/span><br \/><img decoding=\"async\" src=\"https:\/\/turismoenzamora.es\/wp-content\/uploads\/2018\/06\/partistico.jpg\" \/><br \/><\/a><\/td><td><a href=\"https:\/\/turismoenzamora.es\/naturaleza-2\/\"><span style=\"font-size: small;\">Naturaleza<\/span><br \/><img decoding=\"async\" src=\"https:\/\/turismoenzamora.es\/wp-content\/uploads\/2018\/06\/pnatural.jpg\" \/><br \/><\/a><\/td><td><a href=\"https:\/\/turismoenzamora.es\/gastronomia-2\/\"><span style=\"font-size: small;\">Gastronom\u00eda<\/span><br \/><img decoding=\"async\" src=\"https:\/\/turismoenzamora.es\/wp-content\/uploads\/2018\/06\/pgastro.jpg\" \/><br \/><\/a><\/td><\/tr><tr><td><a href=\"https:\/\/turismoenzamora.es\/fiestas-2\/\"><span style=\"font-size: small;\">Fiestas<\/span><br \/><img decoding=\"async\" src=\"https:\/\/turismoenzamora.es\/wp-content\/uploads\/2018\/06\/ppopular.jpg\" \/><br \/><\/a><\/td><td><a href=\"https:\/\/turismoenzamora.es\/wp-content\/uploads\/2025\/04\/folleto_Zamora_PasionEsencial.pdf\"><span style=\"font-size: small;\">Semana Santa<\/span><br \/><br \/><\/a><a href=\"https:\/\/turismoenzamora.es\/wp-content\/uploads\/2025\/04\/folleto_Zamora_PasionEsencial.pdf\"><img decoding=\"async\" class=\"alignnone\" src=\"https:\/\/turismoenzamora.es\/wp-content\/uploads\/2018\/06\/pcultural.jpg\" alt=\"\" width=\"436\" height=\"326\" \/><\/a><\/td><td><a href=\"https:\/\/turismoenzamora.es\/alojamientos-rurales\/\"><span style=\"font-size: small;\">Alojamientos Rurales<\/span><br \/><img decoding=\"async\" src=\"https:\/\/turismoenzamora.es\/wp-content\/uploads\/2017\/11\/zamoraturred.png\" \/><br \/><\/a><\/td><td><a href=\"https:\/\/turismoenzamora.es\/caminos-jacobeos-archivo\/\"><span style=\"font-size: small;\">Caminos Jacobeos<\/span><br \/><img decoding=\"async\" src=\"https:\/\/turismoenzamora.es\/wp-content\/uploads\/2017\/11\/caminojacobeored.png\" \/><br \/><\/a><\/td><\/tr><tr><td><a href=\"https:\/\/turismoenzamora.es\/caminos-por-sanabria-y-carballeda\/\"><span style=\"font-family: verdana; font-size: small;\">Caminos por Sanabria y Carballeda<\/span><br \/><img decoding=\"async\" src=\"https:\/\/turismoenzamora.es\/wp-content\/uploads\/2017\/11\/sanycarred.png\" \/><br \/><\/a><\/td><td><a href=\"https:\/\/turismoenzamora.es\/guia-turistica-de-la-sierra-de-la-culebra\/\"><span style=\"font-size: small;\">Gu\u00eda tur\u00edstica de la Sierra de la Culebra<\/span><br \/><img decoding=\"async\" src=\"https:\/\/turismoenzamora.es\/wp-content\/uploads\/2017\/11\/sierraculebrared.png\" \/><br \/><\/a><\/td><td><a href=\"https:\/\/turismoenzamora.es\/planos-y-mapas-archivo\/\"><span style=\"font-size: small;\">Planos y Mapas<\/span><br \/><img decoding=\"async\" src=\"https:\/\/turismoenzamora.es\/wp-content\/uploads\/2017\/11\/zamoramapared.png\" \/><br \/><\/a><\/td><td><a href=\"https:\/\/turismoenzamora.es\/audioguias-de-zamora-ciudad\/\"><span style=\"font-size: small;\">Audiogu\u00edas de Zamora Ciudad<\/span><br \/><img decoding=\"async\" src=\"https:\/\/turismoenzamora.es\/wp-content\/uploads\/2017\/11\/mapadezamoraredd.jpg\" \/><br \/><\/a><\/td><\/tr><tr><td><a href=\"https:\/\/turismoenzamora.es\/thousands-of-ideas-ingles-archivo\/\"><span style=\"font-size: small;\">Thousand of Ideas (Ingl\u00e9s)<\/span><br \/><img decoding=\"async\" src=\"https:\/\/turismoenzamora.es\/wp-content\/uploads\/2017\/11\/zamoraingred.png\" \/><br \/><\/a><\/td><td><a href=\"https:\/\/turismoenzamora.es\/milhares-de-ideias-portugues-archivo\/\"><span style=\"font-size: small;\">Milhares de Ideias (Portugu\u00e9s)<\/span><br \/><img decoding=\"async\" src=\"https:\/\/turismoenzamora.es\/wp-content\/uploads\/2017\/11\/zamoraportuguesred.png\" \/><br \/><\/a><\/td><td><p><a href=\"https:\/\/turismoenzamora.es\/wp-content\/uploads\/2025\/02\/folleto_PatrimonioSostenible_FRANCES_2020.pdf\"><span style=\"font-size: small;\">Patrimoine Durable (Franc\u00e9s)<\/span><\/a><\/p><p><a href=\"https:\/\/turismoenzamora.es\/wp-content\/uploads\/2025\/02\/folleto_PatrimonioSostenible_FRANCES_2020.pdf\"><img decoding=\"async\" class=\"alignnone wp-image-21820 size-medium\" src=\"https:\/\/turismoenzamora.es\/wp-content\/uploads\/2025\/02\/caratula-patrimomio-sostenible-frances-300x224.jpg\" alt=\"\" width=\"300\" height=\"224\" srcset=\"https:\/\/turismoenzamora.es\/wp-content\/uploads\/2025\/02\/caratula-patrimomio-sostenible-frances-300x224.jpg 300w, https:\/\/turismoenzamora.es\/wp-content\/uploads\/2025\/02\/caratula-patrimomio-sostenible-frances.jpg 765w\" sizes=\"(max-width: 300px) 100vw, 300px\" \/><\/a><\/p><\/td><td><a href=\"https:\/\/turismoenzamora.es\/turismo-en-zamora-aleman-archivo\/\"><span style=\"font-size: small;\">Turismo en Zamora (Alem\u00e1n)<\/span><br \/><img decoding=\"async\" src=\"https:\/\/turismoenzamora.es\/wp-content\/uploads\/2017\/11\/zamalemanred.png\" \/><br \/><\/a><\/td><\/tr><tr><td><a href=\"https:\/\/turismoenzamora.es\/rutas-por-zamora-archivo\/\"><span style=\"font-size: small;\">Rutas por Zamora<\/span><br \/><img decoding=\"async\" src=\"https:\/\/turismoenzamora.es\/wp-content\/uploads\/2017\/11\/zamoraredd.png\" \/><br \/><\/a><\/td><td><a href=\"https:\/\/turismoenzamora.es\/ruta-de-los-pimentel-archivo\/\"><span style=\"font-size: small;\">Ruta de los Pimentel<\/span><br \/><img decoding=\"async\" src=\"https:\/\/turismoenzamora.es\/wp-content\/uploads\/2017\/11\/pimentelred.jpg\" \/><br \/><\/a><\/td><td><a href=\"https:\/\/turismoenzamora.es\/en-zamora-hay-playas-archivo\/\"><span style=\"font-size: small;\">En Zamora hay playas<\/span><br \/><img decoding=\"async\" src=\"https:\/\/turismoenzamora.es\/wp-content\/uploads\/2017\/11\/zamoraplayasred.png\" \/><br \/><\/a><\/td><td><a href=\"https:\/\/turismoenzamora.es\/guia-mascaradas\/\"><span style=\"font-size: small;\">Gu\u00eda Mascaradas<\/span><br \/><img decoding=\"async\" src=\"https:\/\/turismoenzamora.es\/wp-content\/uploads\/2017\/11\/mascaradasred.png\" \/><br \/><\/a><\/td><\/tr><tr><td><a href=\"https:\/\/turismoenzamora.es\/dejate-llevar-por-zamora-archivo\/\"><span style=\"font-size: small;\">Dejate llevar por Zamora<\/span><br \/><img decoding=\"async\" src=\"https:\/\/turismoenzamora.es\/wp-content\/uploads\/2017\/11\/dejatellevarred.png\" \/><br \/><\/a><\/td><td><a href=\"https:\/\/turismoenzamora.es\/dejate-llevar-por-zamora-en-bus-archivo\/\"><span style=\"font-size: small;\">Dejate llevar por Zamora Bus<\/span><br \/><img decoding=\"async\" src=\"https:\/\/turismoenzamora.es\/wp-content\/uploads\/2017\/11\/dejatllevarredd.png\" \/><br \/><\/a><\/td><\/tr><\/tbody><\/table><p><\/p>\t\t\t\t\t\t<\/div>\n\t\t\t\t<\/div>\n\t\t\t\t\t<\/div>\n\t\t<\/div>\n\t\t\t\t\t<\/div>\n\t\t<\/section>\n\t\t\t\t<\/div>\n\t\t","protected":false},"excerpt":{"rendered":"<p>Descargas A B C D E F G H I J K L M N O P Q R S T U V W X Y Z Zamora Esencial Arte Naturaleza Gastronom\u00eda Fiestas Semana Santa Alojamientos Rurales Caminos Jacobeos Caminos por Sanabria y Carballeda Gu\u00eda tur\u00edstica de la Sierra de la Culebra Planos y Mapas [&hellip;]<\/p>\n","protected":false},"author":1,"featured_media":0,"parent":0,"menu_order":0,"comment_status":"closed","ping_status":"closed","template":"","meta":{"inline_featured_image":false,"site-sidebar-layout":"no-sidebar","site-content-layout":"plain-container","ast-site-content-layout":"normal-width-container","site-content-style":"unboxed","site-sidebar-style":"unboxed","ast-global-header-display":"","ast-banner-title-visibility":"","ast-main-header-display":"","ast-hfb-above-header-display":"","ast-hfb-below-header-display":"","ast-hfb-mobile-header-display":"","site-post-title":"","ast-breadcrumbs-content":"","ast-featured-img":"","footer-sml-layout":"","theme-transparent-header-meta":"default","adv-header-id-meta":"","stick-header-meta":"","header-above-stick-meta":"","header-main-stick-meta":"","header-below-stick-meta":"","astra-migrate-meta-layouts":"set","ast-page-background-enabled":"default","ast-page-background-meta":{"desktop":{"background-color":"","background-image":"","background-repeat":"repeat","background-position":"center center","background-size":"auto","background-attachment":"scroll","background-type":"","background-media":"","overlay-type":"","overlay-color":"","overlay-gradient":""},"tablet":{"background-color":"","background-image":"","background-repeat":"repeat","background-position":"center center","background-size":"auto","background-attachment":"scroll","background-type":"","background-media":"","overlay-type":"","overlay-color":"","overlay-gradient":""},"mobile":{"background-color":"","background-image":"","background-repeat":"repeat","background-position":"center center","background-size":"auto","background-attachment":"scroll","background-type":"","background-media":"","overlay-type":"","overlay-color":"","overlay-gradient":""}},"ast-content-background-meta":{"desktop":{"background-color":"var(--ast-global-color-5)","background-image":"","background-repeat":"repeat","background-position":"center center","background-size":"auto","background-attachment":"scroll","background-type":"","background-media":"","overlay-type":"","overlay-color":"","overlay-gradient":""},"tablet":{"background-color":"var(--ast-global-color-5)","background-image":"","background-repeat":"repeat","background-position":"center center","background-size":"auto","background-attachment":"scroll","background-type":"","background-media":"","overlay-type":"","overlay-color":"","overlay-gradient":""},"mobile":{"background-color":"var(--ast-global-color-5)","background-image":"","background-repeat":"repeat","background-position":"center center","background-size":"auto","background-attachment":"scroll","background-type":"","background-media":"","overlay-type":"","overlay-color":"","overlay-gradient":""}},"ngg_post_thumbnail":0,"footnotes":""},"yoast_head":"<!-- This site is optimized with the Yoast SEO plugin v23.0 - https:\/\/yoast.com\/wordpress\/plugins\/seo\/ -->\n<title>Turismo de Zamora , Turismo Sostenible<\/title>\n<meta name=\"description\" content=\"Esta es la p\u00e1gina Oficial de Turismo de Diputaci\u00f3n de Zamora, donde podr\u00e1 encontrar toda la informaci\u00f3n para disfrutar al m\u00e1ximo de nuestra provincia.\" \/>\n<meta name=\"robots\" content=\"index, follow, max-snippet:-1, max-image-preview:large, max-video-preview:-1\" \/>\n<link rel=\"canonical\" href=\"https:\/\/turismoenzamora.es\/descargas\/\" \/>\n<meta property=\"og:locale\" content=\"fr_FR\" \/>\n<meta property=\"og:type\" content=\"article\" \/>\n<meta property=\"og:title\" content=\"Turismo de Zamora , Turismo Sostenible\" \/>\n<meta property=\"og:description\" content=\"Esta es la p\u00e1gina Oficial de Turismo de Diputaci\u00f3n de Zamora, donde podr\u00e1 encontrar toda la informaci\u00f3n para disfrutar al m\u00e1ximo de nuestra provincia.\" \/>\n<meta property=\"og:url\" content=\"https:\/\/turismoenzamora.es\/descargas\/\" \/>\n<meta property=\"og:site_name\" content=\"Tourisme \u00e0 Zamora\" \/>\n<meta property=\"article:publisher\" content=\"https:\/\/www.facebook.com\/ZamoraSpain\/\" \/>\n<meta property=\"article:modified_time\" content=\"2025-04-16T10:59:54+00:00\" \/>\n<meta property=\"og:image\" content=\"https:\/\/turismoenzamora.es\/wp-content\/uploads\/2025\/02\/zamora-esencial-caratula--300x241.jpg\" \/>\n<meta name=\"twitter:card\" content=\"summary_large_image\" \/>\n<meta name=\"twitter:site\" content=\"@ZamoraSpain\" \/>\n<meta name=\"twitter:label1\" content=\"Dur\u00e9e de lecture estim\u00e9e\" \/>\n\t<meta name=\"twitter:data1\" content=\"24 minutes\" \/>\n<script type=\"application\/ld+json\" class=\"yoast-schema-graph\">{\"@context\":\"https:\/\/schema.org\",\"@graph\":[{\"@type\":\"WebPage\",\"@id\":\"https:\/\/turismoenzamora.es\/descargas\/\",\"url\":\"https:\/\/turismoenzamora.es\/descargas\/\",\"name\":\"Turismo de Zamora , Turismo Sostenible\",\"isPartOf\":{\"@id\":\"https:\/\/turismoenzamora.es\/pt\/#website\"},\"primaryImageOfPage\":{\"@id\":\"https:\/\/turismoenzamora.es\/descargas\/#primaryimage\"},\"image\":{\"@id\":\"https:\/\/turismoenzamora.es\/descargas\/#primaryimage\"},\"thumbnailUrl\":\"https:\/\/turismoenzamora.es\/wp-content\/uploads\/2025\/02\/zamora-esencial-caratula--300x241.jpg\",\"datePublished\":\"2017-08-10T08:25:41+00:00\",\"dateModified\":\"2025-04-16T10:59:54+00:00\",\"description\":\"Esta es la p\u00e1gina Oficial de Turismo de Diputaci\u00f3n de Zamora, donde podr\u00e1 encontrar toda la informaci\u00f3n para disfrutar al m\u00e1ximo de nuestra provincia.\",\"breadcrumb\":{\"@id\":\"https:\/\/turismoenzamora.es\/descargas\/#breadcrumb\"},\"inLanguage\":\"fr-FR\",\"potentialAction\":[{\"@type\":\"ReadAction\",\"target\":[\"https:\/\/turismoenzamora.es\/descargas\/\"]}]},{\"@type\":\"ImageObject\",\"inLanguage\":\"fr-FR\",\"@id\":\"https:\/\/turismoenzamora.es\/descargas\/#primaryimage\",\"url\":\"https:\/\/turismoenzamora.es\/wp-content\/uploads\/2025\/02\/zamora-esencial-caratula--300x241.jpg\",\"contentUrl\":\"https:\/\/turismoenzamora.es\/wp-content\/uploads\/2025\/02\/zamora-esencial-caratula--300x241.jpg\"},{\"@type\":\"BreadcrumbList\",\"@id\":\"https:\/\/turismoenzamora.es\/descargas\/#breadcrumb\",\"itemListElement\":[{\"@type\":\"ListItem\",\"position\":1,\"name\":\"Portada\",\"item\":\"https:\/\/turismoenzamora.es\/\"},{\"@type\":\"ListItem\",\"position\":2,\"name\":\"Descargas\"}]},{\"@type\":\"WebSite\",\"@id\":\"https:\/\/turismoenzamora.es\/pt\/#website\",\"url\":\"https:\/\/turismoenzamora.es\/pt\/\",\"name\":\"Turismo sostenible. Patronato de Turismo de la Diputaci\u00f3n de Zamora.&quot;Turismo Sostenible&quot;.\",\"description\":\"Tourisme durable Office du tourisme de la Diputaci\u00f3n de Zamora\",\"publisher\":{\"@id\":\"https:\/\/turismoenzamora.es\/pt\/#organization\"},\"potentialAction\":[{\"@type\":\"SearchAction\",\"target\":{\"@type\":\"EntryPoint\",\"urlTemplate\":\"https:\/\/turismoenzamora.es\/pt\/?s={search_term_string}\"},\"query-input\":\"required name=search_term_string\"}],\"inLanguage\":\"fr-FR\"},{\"@type\":\"Organization\",\"@id\":\"https:\/\/turismoenzamora.es\/pt\/#organization\",\"name\":\"Patronato de Turismo de la Diputaci\u00f3n de Zamora\",\"url\":\"https:\/\/turismoenzamora.es\/pt\/\",\"logo\":{\"@type\":\"ImageObject\",\"inLanguage\":\"fr-FR\",\"@id\":\"https:\/\/turismoenzamora.es\/pt\/#\/schema\/logo\/image\/\",\"url\":\"https:\/\/turismoenzamora.es\/wp-content\/uploads\/2018\/06\/ZamoraLogo.png\",\"contentUrl\":\"https:\/\/turismoenzamora.es\/wp-content\/uploads\/2018\/06\/ZamoraLogo.png\",\"width\":1276,\"height\":290,\"caption\":\"Patronato de Turismo de la Diputaci\u00f3n de Zamora\"},\"image\":{\"@id\":\"https:\/\/turismoenzamora.es\/pt\/#\/schema\/logo\/image\/\"},\"sameAs\":[\"https:\/\/www.facebook.com\/ZamoraSpain\/\",\"https:\/\/x.com\/ZamoraSpain\",\"https:\/\/www.instagram.com\/turismoenzamora.es\/\",\"https:\/\/www.pinterest.es\/TurismoenZamora\/\",\"https:\/\/www.youtube.com\/channel\/UC2bOyOZ-2cLm-uXlBFYUV9w\"]}]}<\/script>\n<!-- \/ Yoast SEO plugin. -->","yoast_head_json":{"title":"Turismo de Zamora , Turismo Sostenible","description":"Esta es la p\u00e1gina Oficial de Turismo de Diputaci\u00f3n de Zamora, donde podr\u00e1 encontrar toda la informaci\u00f3n para disfrutar al m\u00e1ximo de nuestra provincia.","robots":{"index":"index","follow":"follow","max-snippet":"max-snippet:-1","max-image-preview":"max-image-preview:large","max-video-preview":"max-video-preview:-1"},"canonical":"https:\/\/turismoenzamora.es\/descargas\/","og_locale":"fr_FR","og_type":"article","og_title":"Turismo de Zamora , Turismo Sostenible","og_description":"Esta es la p\u00e1gina Oficial de Turismo de Diputaci\u00f3n de Zamora, donde podr\u00e1 encontrar toda la informaci\u00f3n para disfrutar al m\u00e1ximo de nuestra provincia.","og_url":"https:\/\/turismoenzamora.es\/descargas\/","og_site_name":"Tourisme \u00e0 Zamora","article_publisher":"https:\/\/www.facebook.com\/ZamoraSpain\/","article_modified_time":"2025-04-16T10:59:54+00:00","og_image":[{"url":"https:\/\/turismoenzamora.es\/wp-content\/uploads\/2025\/02\/zamora-esencial-caratula--300x241.jpg"}],"twitter_card":"summary_large_image","twitter_site":"@ZamoraSpain","twitter_misc":{"Dur\u00e9e de lecture estim\u00e9e":"24 minutes"},"schema":{"@context":"https:\/\/schema.org","@graph":[{"@type":"WebPage","@id":"https:\/\/turismoenzamora.es\/descargas\/","url":"https:\/\/turismoenzamora.es\/descargas\/","name":"Turismo de Zamora , Turismo Sostenible","isPartOf":{"@id":"https:\/\/turismoenzamora.es\/pt\/#website"},"primaryImageOfPage":{"@id":"https:\/\/turismoenzamora.es\/descargas\/#primaryimage"},"image":{"@id":"https:\/\/turismoenzamora.es\/descargas\/#primaryimage"},"thumbnailUrl":"https:\/\/turismoenzamora.es\/wp-content\/uploads\/2025\/02\/zamora-esencial-caratula--300x241.jpg","datePublished":"2017-08-10T08:25:41+00:00","dateModified":"2025-04-16T10:59:54+00:00","description":"Esta es la p\u00e1gina Oficial de Turismo de Diputaci\u00f3n de Zamora, donde podr\u00e1 encontrar toda la informaci\u00f3n para disfrutar al m\u00e1ximo de nuestra provincia.","breadcrumb":{"@id":"https:\/\/turismoenzamora.es\/descargas\/#breadcrumb"},"inLanguage":"fr-FR","potentialAction":[{"@type":"ReadAction","target":["https:\/\/turismoenzamora.es\/descargas\/"]}]},{"@type":"ImageObject","inLanguage":"fr-FR","@id":"https:\/\/turismoenzamora.es\/descargas\/#primaryimage","url":"https:\/\/turismoenzamora.es\/wp-content\/uploads\/2025\/02\/zamora-esencial-caratula--300x241.jpg","contentUrl":"https:\/\/turismoenzamora.es\/wp-content\/uploads\/2025\/02\/zamora-esencial-caratula--300x241.jpg"},{"@type":"BreadcrumbList","@id":"https:\/\/turismoenzamora.es\/descargas\/#breadcrumb","itemListElement":[{"@type":"ListItem","position":1,"name":"Portada","item":"https:\/\/turismoenzamora.es\/"},{"@type":"ListItem","position":2,"name":"Descargas"}]},{"@type":"WebSite","@id":"https:\/\/turismoenzamora.es\/pt\/#website","url":"https:\/\/turismoenzamora.es\/pt\/","name":"Turismo sostenible. Patronato de Turismo de la Diputaci\u00f3n de Zamora.&quot;Turismo Sostenible&quot;.","description":"Tourisme durable Office du tourisme de la Diputaci\u00f3n de Zamora","publisher":{"@id":"https:\/\/turismoenzamora.es\/pt\/#organization"},"potentialAction":[{"@type":"SearchAction","target":{"@type":"EntryPoint","urlTemplate":"https:\/\/turismoenzamora.es\/pt\/?s={search_term_string}"},"query-input":"required name=search_term_string"}],"inLanguage":"fr-FR"},{"@type":"Organization","@id":"https:\/\/turismoenzamora.es\/pt\/#organization","name":"Patronato de Turismo de la Diputaci\u00f3n de Zamora","url":"https:\/\/turismoenzamora.es\/pt\/","logo":{"@type":"ImageObject","inLanguage":"fr-FR","@id":"https:\/\/turismoenzamora.es\/pt\/#\/schema\/logo\/image\/","url":"https:\/\/turismoenzamora.es\/wp-content\/uploads\/2018\/06\/ZamoraLogo.png","contentUrl":"https:\/\/turismoenzamora.es\/wp-content\/uploads\/2018\/06\/ZamoraLogo.png","width":1276,"height":290,"caption":"Patronato de Turismo de la Diputaci\u00f3n de Zamora"},"image":{"@id":"https:\/\/turismoenzamora.es\/pt\/#\/schema\/logo\/image\/"},"sameAs":["https:\/\/www.facebook.com\/ZamoraSpain\/","https:\/\/x.com\/ZamoraSpain","https:\/\/www.instagram.com\/turismoenzamora.es\/","https:\/\/www.pinterest.es\/TurismoenZamora\/","https:\/\/www.youtube.com\/channel\/UC2bOyOZ-2cLm-uXlBFYUV9w"]}]}},"_links":{"self":[{"href":"https:\/\/turismoenzamora.es\/fr\/wp-json\/wp\/v2\/pages\/759"}],"collection":[{"href":"https:\/\/turismoenzamora.es\/fr\/wp-json\/wp\/v2\/pages"}],"about":[{"href":"https:\/\/turismoenzamora.es\/fr\/wp-json\/wp\/v2\/types\/page"}],"author":[{"embeddable":true,"href":"https:\/\/turismoenzamora.es\/fr\/wp-json\/wp\/v2\/users\/1"}],"replies":[{"embeddable":true,"href":"https:\/\/turismoenzamora.es\/fr\/wp-json\/wp\/v2\/comments?post=759"}],"version-history":[{"count":0,"href":"https:\/\/turismoenzamora.es\/fr\/wp-json\/wp\/v2\/pages\/759\/revisions"}],"wp:attachment":[{"href":"https:\/\/turismoenzamora.es\/fr\/wp-json\/wp\/v2\/media?parent=759"}],"curies":[{"name":"wp","href":"https:\/\/api.w.org\/{rel}","templated":true}]}}