{"id":4816,"date":"2017-10-16T14:57:12","date_gmt":"2017-10-16T12:57:12","guid":{"rendered":"https:\/\/newweb.turismoenzamora.es\/?page_id=4816"},"modified":"2025-06-18T14:45:51","modified_gmt":"2025-06-18T12:45:51","slug":"semana-santa","status":"publish","type":"page","link":"https:\/\/turismoenzamora.es\/fr\/patrimonio-popular\/semana-santa\/","title":{"rendered":"Semaine Sainte"},"content":{"rendered":"<p><\/p>\n<h2>Semaine Sainte<\/h2>\n<p><iframe src=\"https:\/\/www.youtube.com\/embed\/HkFAOv9imwM\" width=\"560\" height=\"315\" frameborder=\"0\" allowfullscreen=\"allowfullscreen\"><\/iframe><br \/>\nQuiconque d\u00e9cide d&rsquo;aller \u00e0 Zamora pour la Semaine sainte le fait naturellement dans l&rsquo;espoir d&rsquo;\u00eatre plong\u00e9 dans l&rsquo;ambiance festive qui y r\u00e8gne dans la rue, et aussi avec l&rsquo;envie de vivre l&rsquo;\u00e9motion collective que propagent certaines de ses processions, parce que se laisser envelopper par la province de Zamora et sa Semaine sainte sera une exp\u00e9rience inoubliable pour le voyageur.<\/p>\n<p>Mais sa satisfaction sera presque parfaite si le voyageur d\u00e9couvre tranquillement les monuments pr\u00e9sent\u00e9s par les brochures et les guides. Et ses attentes seront m\u00eame combl\u00e9es lorsqu&rsquo;il d\u00e9couvrira les lieux discrets que la province pr\u00e9serve. Il lui manquera cependant quelque chose d&rsquo;important s&rsquo;il part sans avoir profit\u00e9 de nombreux autres attraits qui auraient \u00e9t\u00e9 \u00e0 port\u00e9e de sa main. Nous nous r\u00e9f\u00e9rons \u00e0 tous ceux qui, r\u00e9partis sur toute la province, attendent patiemment d&rsquo;\u00eatre d\u00e9couverts et de faire partie des souvenirs imp\u00e9rissables du voyageur, ceux qu&rsquo;il aime par-dessus tout, et surtout de ceux qui \u00e9taient au d\u00e9part pr\u00e9visibles.<\/p>\n<p>Toutefois, si vous ne pouvez pas visiter Zamora pendant la semaine de la Passion, ne vous inqui\u00e9tez pas. \u00c0 Zamora, la Semaine sainte se vit toute l&rsquo;ann\u00e9e. L&rsquo;original Mus\u00e9e de la Semaine sainte met \u00e0 disposition du voyageur une importante collection patrimoniale : 36 groupes de statues, les tuniques de diff\u00e9rentes confr\u00e9ries et les articles processionnels de chaque congr\u00e9gation. Sa visite irradie spiritualit\u00e9, \u00e9motion et ferveur. De plus, de nombreuses \u00e9glises de la capitale et de la province accueillent des images embl\u00e9matiques des marches processionnelles. Actes religieux, conf\u00e9rences et expositions sur cette f\u00eate religieuse ont lieu tout au long de l&rsquo;ann\u00e9e, et les mois pr\u00e9c\u00e9dant la c\u00e9l\u00e9bration d\u00e9bordent d&rsquo;une activit\u00e9 fr\u00e9n\u00e9tique pour les pr\u00e9paratifs. Zamora est en d\u00e9finitive \u00ab\u00a0semanasantera\u00a0\u00bb.<\/p>\n<p>Une province, celle de Zamora, vaste et vari\u00e9e, o\u00f9 les coutumes et traditions restent profond\u00e9ment vivantes. Cela va de m\u00eame, par exemple, pour les diff\u00e9rentes Semaine sainte qui ont lieu dans nos villages : Toro, Bercianos de Aliste, Alca\u00f1ices, Fermoselle, Fuentesa\u00faco, Benavente\u2026 o\u00f9 l&rsquo;on propose une autre fa\u00e7on de vivre la Passion. Des villages porteurs d&rsquo;une immense richesse ethnographique qui perdure, de plus, par l&rsquo;interm\u00e9diaire de nombreuses autres f\u00eates populaires, chacune ayant d&rsquo;\u00e9minents traits de singularit\u00e9.<\/p>\n<p>La Semaine sainte de la capitale, d\u00e9clar\u00e9e d&rsquo;int\u00e9r\u00eat touristique international, et celles de Toro et de Bercianos d&rsquo;Aliste, d&rsquo;int\u00e9r\u00eat touristique r\u00e9gional, m\u00e8nent la multitude de repr\u00e9sentations qui ont lieu pendant la semaine de la Passion.<br \/>\n<\/br><br \/>\n<a href=\"https:\/\/www.semanasantaenzamora.es\/\"style=\"color:blue;\">https:\/\/www.semanasantaenzamora.es\/s<\/a><\/p>\n<p style=\"padding-left: 120px;\">&nbsp;<\/p>\n<p>&nbsp;<\/p>\n<p>&nbsp;<\/p>\n<p>&nbsp;<\/p>\n<table style=\"margin-left: 30px;\" width=\"500\" cellspacing=\"0\" align=\"center\">\n<tbody style=\"padding-left: 30px;\">\n<tr style=\"padding-left: 30px;\">\n<td style=\"text-align: center; padding-left: 30px;\"><a href=\"https:\/\/turismoenzamora.es\/zamora-2\/\"><img fetchpriority=\"high\" decoding=\"async\" class=\"aligncenter wp-image-4831 size-medium\" src=\"https:\/\/turismoenzamora.es\/wp-content\/uploads\/2017\/10\/categoria-ssanta-zamora-redimen-300x210.jpg\" alt=\"\" width=\"300\" height=\"210\" data-id=\"4824\" srcset=\"https:\/\/turismoenzamora.es\/wp-content\/uploads\/2017\/10\/categoria-ssanta-zamora-redimen-300x210.jpg 300w, https:\/\/turismoenzamora.es\/wp-content\/uploads\/2017\/10\/categoria-ssanta-zamora-redimen.jpg 670w\" sizes=\"(max-width: 300px) 100vw, 300px\" \/>Zamora<\/a><\/td>\n<td style=\"text-align: center; padding-left: 30px;\"><a href=\"https:\/\/turismoenzamora.es\/toro\/\"><img decoding=\"async\" class=\"aligncenter wp-image-4825 size-medium\" src=\"https:\/\/turismoenzamora.es\/wp-content\/uploads\/2017\/10\/categoria-ssanta-toro-300x210.jpg\" alt=\"\" width=\"300\" height=\"210\" data-id=\"4534\" srcset=\"https:\/\/turismoenzamora.es\/wp-content\/uploads\/2017\/10\/categoria-ssanta-toro-300x210.jpg 300w, https:\/\/turismoenzamora.es\/wp-content\/uploads\/2017\/10\/categoria-ssanta-toro.jpg 670w\" sizes=\"(max-width: 300px) 100vw, 300px\" \/>Toro<\/a><\/td>\n<td style=\"text-align: center; padding-left: 30px;\"><a href=\"https:\/\/turismoenzamora.es\/bercianos-de-aliste\/\"><img decoding=\"async\" class=\"aligncenter wp-image-4832 size-medium\" src=\"https:\/\/turismoenzamora.es\/wp-content\/uploads\/2017\/10\/categoria-ssanta-bercianos_redimen-300x210.jpg\" alt=\"\" width=\"300\" height=\"210\" data-id=\"4535\" srcset=\"https:\/\/turismoenzamora.es\/wp-content\/uploads\/2017\/10\/categoria-ssanta-bercianos_redimen-300x210.jpg 300w, https:\/\/turismoenzamora.es\/wp-content\/uploads\/2017\/10\/categoria-ssanta-bercianos_redimen.jpg 670w\" sizes=\"(max-width: 300px) 100vw, 300px\" \/>Bercianos de Aliste<\/a><\/td>\n<\/tr>\n<tr style=\"padding-left: 30px;\">\n<td style=\"text-align: center; padding-left: 30px;\"><a href=\"https:\/\/turismoenzamora.es\/benavente\/\"><img loading=\"lazy\" decoding=\"async\" class=\"aligncenter wp-image-4833 size-medium\" src=\"https:\/\/turismoenzamora.es\/wp-content\/uploads\/2017\/10\/categoria-ssanta-benavente-redimen-300x210.jpg\" alt=\"\" width=\"300\" height=\"210\" data-id=\"4537\" srcset=\"https:\/\/turismoenzamora.es\/wp-content\/uploads\/2017\/10\/categoria-ssanta-benavente-redimen-300x210.jpg 300w, https:\/\/turismoenzamora.es\/wp-content\/uploads\/2017\/10\/categoria-ssanta-benavente-redimen.jpg 670w\" sizes=\"(max-width: 300px) 100vw, 300px\" \/>Benavente<\/a><\/td>\n<td style=\"text-align: center; padding-left: 30px;\"><a href=\"https:\/\/turismoenzamora.es\/otras-pasiones\/\"><img loading=\"lazy\" decoding=\"async\" class=\"aligncenter wp-image-4834 size-medium\" src=\"https:\/\/turismoenzamora.es\/wp-content\/uploads\/2017\/10\/categoria-ssanta-otras-redimen-300x210.jpg\" alt=\"\" width=\"300\" height=\"210\" data-id=\"4539\" srcset=\"https:\/\/turismoenzamora.es\/wp-content\/uploads\/2017\/10\/categoria-ssanta-otras-redimen-300x210.jpg 300w, https:\/\/turismoenzamora.es\/wp-content\/uploads\/2017\/10\/categoria-ssanta-otras-redimen.jpg 670w\" sizes=\"(max-width: 300px) 100vw, 300px\" \/>Otras Pasiones<\/a><\/td>\n<td style=\"padding-left: 30px;\">&nbsp;<\/td>\n<\/tr>\n<\/tbody>\n<\/table>\n<p><\/p>\n<p>&nbsp;<\/p>","protected":false},"excerpt":{"rendered":"<p>Semaine Sainte Quiconque d\u00e9cide d&rsquo;aller \u00e0 Zamora pour la Semaine sainte le fait naturellement dans l&rsquo;espoir d&rsquo;\u00eatre plong\u00e9 dans l&rsquo;ambiance festive qui y r\u00e8gne dans la rue, et aussi avec l&rsquo;envie de vivre l&rsquo;\u00e9motion collective que propagent certaines de ses processions, parce que se laisser envelopper par la province de Zamora et sa Semaine sainte [&hellip;]<\/p>\n","protected":false},"author":1,"featured_media":0,"parent":88,"menu_order":5,"comment_status":"closed","ping_status":"closed","template":"","meta":{"inline_featured_image":false,"site-sidebar-layout":"default","site-content-layout":"default","ast-site-content-layout":"default","site-content-style":"default","site-sidebar-style":"default","ast-global-header-display":"","ast-banner-title-visibility":"","ast-main-header-display":"","ast-hfb-above-header-display":"","ast-hfb-below-header-display":"","ast-hfb-mobile-header-display":"","site-post-title":"disabled","ast-breadcrumbs-content":"","ast-featured-img":"","footer-sml-layout":"","theme-transparent-header-meta":"default","adv-header-id-meta":"","stick-header-meta":"","header-above-stick-meta":"","header-main-stick-meta":"","header-below-stick-meta":"","astra-migrate-meta-layouts":"set","ast-page-background-enabled":"default","ast-page-background-meta":{"desktop":{"background-color":"","background-image":"","background-repeat":"repeat","background-position":"center center","background-size":"auto","background-attachment":"scroll","background-type":"","background-media":"","overlay-type":"","overlay-color":"","overlay-opacity":"","overlay-gradient":""},"tablet":{"background-color":"","background-image":"","background-repeat":"repeat","background-position":"center center","background-size":"auto","background-attachment":"scroll","background-type":"","background-media":"","overlay-type":"","overlay-color":"","overlay-opacity":"","overlay-gradient":""},"mobile":{"background-color":"","background-image":"","background-repeat":"repeat","background-position":"center center","background-size":"auto","background-attachment":"scroll","background-type":"","background-media":"","overlay-type":"","overlay-color":"","overlay-opacity":"","overlay-gradient":""}},"ast-content-background-meta":{"desktop":{"background-color":"var(--ast-global-color-5)","background-image":"","background-repeat":"repeat","background-position":"center center","background-size":"auto","background-attachment":"scroll","background-type":"","background-media":"","overlay-type":"","overlay-color":"","overlay-opacity":"","overlay-gradient":""},"tablet":{"background-color":"var(--ast-global-color-5)","background-image":"","background-repeat":"repeat","background-position":"center center","background-size":"auto","background-attachment":"scroll","background-type":"","background-media":"","overlay-type":"","overlay-color":"","overlay-opacity":"","overlay-gradient":""},"mobile":{"background-color":"var(--ast-global-color-5)","background-image":"","background-repeat":"repeat","background-position":"center center","background-size":"auto","background-attachment":"scroll","background-type":"","background-media":"","overlay-type":"","overlay-color":"","overlay-opacity":"","overlay-gradient":""}},"ngg_post_thumbnail":0,"footnotes":""},"yoast_head":"<!-- This site is optimized with the Yoast SEO plugin v23.0 - https:\/\/yoast.com\/wordpress\/plugins\/seo\/ -->\n<title>Turismo de Zamora , Turismo Sostenible<\/title>\n<meta name=\"description\" content=\"Esta es la p\u00e1gina Oficial de Turismo de Diputaci\u00f3n de Zamora, donde podr\u00e1 encontrar toda la informaci\u00f3n para disfrutar al m\u00e1ximo de nuestra provincia.\" \/>\n<meta name=\"robots\" content=\"index, follow, max-snippet:-1, max-image-preview:large, max-video-preview:-1\" \/>\n<link rel=\"canonical\" href=\"https:\/\/turismoenzamora.es\/patrimonio-popular\/semana-santa\/\" \/>\n<meta property=\"og:locale\" content=\"fr_FR\" \/>\n<meta property=\"og:type\" content=\"article\" \/>\n<meta property=\"og:title\" content=\"Turismo de Zamora , Turismo Sostenible\" \/>\n<meta property=\"og:description\" content=\"Esta es la p\u00e1gina Oficial de Turismo de Diputaci\u00f3n de Zamora, donde podr\u00e1 encontrar toda la informaci\u00f3n para disfrutar al m\u00e1ximo de nuestra provincia.\" \/>\n<meta property=\"og:url\" content=\"https:\/\/turismoenzamora.es\/patrimonio-popular\/semana-santa\/\" \/>\n<meta property=\"og:site_name\" content=\"Tourisme \u00e0 Zamora\" \/>\n<meta property=\"article:publisher\" content=\"https:\/\/www.facebook.com\/ZamoraSpain\/\" \/>\n<meta property=\"article:modified_time\" content=\"2025-06-18T12:45:51+00:00\" \/>\n<meta property=\"og:image\" content=\"https:\/\/turismoenzamora.es\/wp-content\/uploads\/2017\/10\/categoria-ssanta-zamora-redimen-300x210.jpg\" \/>\n<meta name=\"twitter:card\" content=\"summary_large_image\" \/>\n<meta name=\"twitter:site\" content=\"@ZamoraSpain\" \/>\n<meta name=\"twitter:label1\" content=\"Dur\u00e9e de lecture estim\u00e9e\" \/>\n\t<meta name=\"twitter:data1\" content=\"15 minutes\" \/>\n<script type=\"application\/ld+json\" class=\"yoast-schema-graph\">{\"@context\":\"https:\/\/schema.org\",\"@graph\":[{\"@type\":\"WebPage\",\"@id\":\"https:\/\/turismoenzamora.es\/patrimonio-popular\/semana-santa\/\",\"url\":\"https:\/\/turismoenzamora.es\/patrimonio-popular\/semana-santa\/\",\"name\":\"Turismo de Zamora , Turismo Sostenible\",\"isPartOf\":{\"@id\":\"https:\/\/turismoenzamora.es\/pt\/#website\"},\"primaryImageOfPage\":{\"@id\":\"https:\/\/turismoenzamora.es\/patrimonio-popular\/semana-santa\/#primaryimage\"},\"image\":{\"@id\":\"https:\/\/turismoenzamora.es\/patrimonio-popular\/semana-santa\/#primaryimage\"},\"thumbnailUrl\":\"https:\/\/turismoenzamora.es\/wp-content\/uploads\/2017\/10\/categoria-ssanta-zamora-redimen-300x210.jpg\",\"datePublished\":\"2017-10-16T12:57:12+00:00\",\"dateModified\":\"2025-06-18T12:45:51+00:00\",\"description\":\"Esta es la p\u00e1gina Oficial de Turismo de Diputaci\u00f3n de Zamora, donde podr\u00e1 encontrar toda la informaci\u00f3n para disfrutar al m\u00e1ximo de nuestra provincia.\",\"breadcrumb\":{\"@id\":\"https:\/\/turismoenzamora.es\/patrimonio-popular\/semana-santa\/#breadcrumb\"},\"inLanguage\":\"fr-FR\",\"potentialAction\":[{\"@type\":\"ReadAction\",\"target\":[\"https:\/\/turismoenzamora.es\/patrimonio-popular\/semana-santa\/\"]}]},{\"@type\":\"ImageObject\",\"inLanguage\":\"fr-FR\",\"@id\":\"https:\/\/turismoenzamora.es\/patrimonio-popular\/semana-santa\/#primaryimage\",\"url\":\"https:\/\/turismoenzamora.es\/wp-content\/uploads\/2017\/10\/categoria-ssanta-zamora-redimen-300x210.jpg\",\"contentUrl\":\"https:\/\/turismoenzamora.es\/wp-content\/uploads\/2017\/10\/categoria-ssanta-zamora-redimen-300x210.jpg\"},{\"@type\":\"BreadcrumbList\",\"@id\":\"https:\/\/turismoenzamora.es\/patrimonio-popular\/semana-santa\/#breadcrumb\",\"itemListElement\":[{\"@type\":\"ListItem\",\"position\":1,\"name\":\"Portada\",\"item\":\"https:\/\/turismoenzamora.es\/\"},{\"@type\":\"ListItem\",\"position\":2,\"name\":\"Patrimonio Popular\",\"item\":\"https:\/\/turismoenzamora.es\/de\/patrimonio-popular\/\"},{\"@type\":\"ListItem\",\"position\":3,\"name\":\"Semana Santa\"}]},{\"@type\":\"WebSite\",\"@id\":\"https:\/\/turismoenzamora.es\/pt\/#website\",\"url\":\"https:\/\/turismoenzamora.es\/pt\/\",\"name\":\"Turismo sostenible. Patronato de Turismo de la Diputaci\u00f3n de Zamora.&quot;Turismo Sostenible&quot;.\",\"description\":\"Tourisme durable Office du tourisme de la Diputaci\u00f3n de Zamora\",\"publisher\":{\"@id\":\"https:\/\/turismoenzamora.es\/pt\/#organization\"},\"potentialAction\":[{\"@type\":\"SearchAction\",\"target\":{\"@type\":\"EntryPoint\",\"urlTemplate\":\"https:\/\/turismoenzamora.es\/pt\/?s={search_term_string}\"},\"query-input\":\"required name=search_term_string\"}],\"inLanguage\":\"fr-FR\"},{\"@type\":\"Organization\",\"@id\":\"https:\/\/turismoenzamora.es\/pt\/#organization\",\"name\":\"Patronato de Turismo de la Diputaci\u00f3n de Zamora\",\"url\":\"https:\/\/turismoenzamora.es\/pt\/\",\"logo\":{\"@type\":\"ImageObject\",\"inLanguage\":\"fr-FR\",\"@id\":\"https:\/\/turismoenzamora.es\/pt\/#\/schema\/logo\/image\/\",\"url\":\"https:\/\/turismoenzamora.es\/wp-content\/uploads\/2018\/06\/ZamoraLogo.png\",\"contentUrl\":\"https:\/\/turismoenzamora.es\/wp-content\/uploads\/2018\/06\/ZamoraLogo.png\",\"width\":1276,\"height\":290,\"caption\":\"Patronato de Turismo de la Diputaci\u00f3n de Zamora\"},\"image\":{\"@id\":\"https:\/\/turismoenzamora.es\/pt\/#\/schema\/logo\/image\/\"},\"sameAs\":[\"https:\/\/www.facebook.com\/ZamoraSpain\/\",\"https:\/\/x.com\/ZamoraSpain\",\"https:\/\/www.instagram.com\/turismoenzamora.es\/\",\"https:\/\/www.pinterest.es\/TurismoenZamora\/\",\"https:\/\/www.youtube.com\/channel\/UC2bOyOZ-2cLm-uXlBFYUV9w\"]}]}<\/script>\n<!-- \/ Yoast SEO plugin. -->","yoast_head_json":{"title":"Turismo de Zamora , Turismo Sostenible","description":"Esta es la p\u00e1gina Oficial de Turismo de Diputaci\u00f3n de Zamora, donde podr\u00e1 encontrar toda la informaci\u00f3n para disfrutar al m\u00e1ximo de nuestra provincia.","robots":{"index":"index","follow":"follow","max-snippet":"max-snippet:-1","max-image-preview":"max-image-preview:large","max-video-preview":"max-video-preview:-1"},"canonical":"https:\/\/turismoenzamora.es\/patrimonio-popular\/semana-santa\/","og_locale":"fr_FR","og_type":"article","og_title":"Turismo de Zamora , Turismo Sostenible","og_description":"Esta es la p\u00e1gina Oficial de Turismo de Diputaci\u00f3n de Zamora, donde podr\u00e1 encontrar toda la informaci\u00f3n para disfrutar al m\u00e1ximo de nuestra provincia.","og_url":"https:\/\/turismoenzamora.es\/patrimonio-popular\/semana-santa\/","og_site_name":"Tourisme \u00e0 Zamora","article_publisher":"https:\/\/www.facebook.com\/ZamoraSpain\/","article_modified_time":"2025-06-18T12:45:51+00:00","og_image":[{"url":"https:\/\/turismoenzamora.es\/wp-content\/uploads\/2017\/10\/categoria-ssanta-zamora-redimen-300x210.jpg"}],"twitter_card":"summary_large_image","twitter_site":"@ZamoraSpain","twitter_misc":{"Dur\u00e9e de lecture estim\u00e9e":"15 minutes"},"schema":{"@context":"https:\/\/schema.org","@graph":[{"@type":"WebPage","@id":"https:\/\/turismoenzamora.es\/patrimonio-popular\/semana-santa\/","url":"https:\/\/turismoenzamora.es\/patrimonio-popular\/semana-santa\/","name":"Turismo de Zamora , Turismo Sostenible","isPartOf":{"@id":"https:\/\/turismoenzamora.es\/pt\/#website"},"primaryImageOfPage":{"@id":"https:\/\/turismoenzamora.es\/patrimonio-popular\/semana-santa\/#primaryimage"},"image":{"@id":"https:\/\/turismoenzamora.es\/patrimonio-popular\/semana-santa\/#primaryimage"},"thumbnailUrl":"https:\/\/turismoenzamora.es\/wp-content\/uploads\/2017\/10\/categoria-ssanta-zamora-redimen-300x210.jpg","datePublished":"2017-10-16T12:57:12+00:00","dateModified":"2025-06-18T12:45:51+00:00","description":"Esta es la p\u00e1gina Oficial de Turismo de Diputaci\u00f3n de Zamora, donde podr\u00e1 encontrar toda la informaci\u00f3n para disfrutar al m\u00e1ximo de nuestra provincia.","breadcrumb":{"@id":"https:\/\/turismoenzamora.es\/patrimonio-popular\/semana-santa\/#breadcrumb"},"inLanguage":"fr-FR","potentialAction":[{"@type":"ReadAction","target":["https:\/\/turismoenzamora.es\/patrimonio-popular\/semana-santa\/"]}]},{"@type":"ImageObject","inLanguage":"fr-FR","@id":"https:\/\/turismoenzamora.es\/patrimonio-popular\/semana-santa\/#primaryimage","url":"https:\/\/turismoenzamora.es\/wp-content\/uploads\/2017\/10\/categoria-ssanta-zamora-redimen-300x210.jpg","contentUrl":"https:\/\/turismoenzamora.es\/wp-content\/uploads\/2017\/10\/categoria-ssanta-zamora-redimen-300x210.jpg"},{"@type":"BreadcrumbList","@id":"https:\/\/turismoenzamora.es\/patrimonio-popular\/semana-santa\/#breadcrumb","itemListElement":[{"@type":"ListItem","position":1,"name":"Portada","item":"https:\/\/turismoenzamora.es\/"},{"@type":"ListItem","position":2,"name":"Patrimonio Popular","item":"https:\/\/turismoenzamora.es\/de\/patrimonio-popular\/"},{"@type":"ListItem","position":3,"name":"Semana Santa"}]},{"@type":"WebSite","@id":"https:\/\/turismoenzamora.es\/pt\/#website","url":"https:\/\/turismoenzamora.es\/pt\/","name":"Turismo sostenible. Patronato de Turismo de la Diputaci\u00f3n de Zamora.&quot;Turismo Sostenible&quot;.","description":"Tourisme durable Office du tourisme de la Diputaci\u00f3n de Zamora","publisher":{"@id":"https:\/\/turismoenzamora.es\/pt\/#organization"},"potentialAction":[{"@type":"SearchAction","target":{"@type":"EntryPoint","urlTemplate":"https:\/\/turismoenzamora.es\/pt\/?s={search_term_string}"},"query-input":"required name=search_term_string"}],"inLanguage":"fr-FR"},{"@type":"Organization","@id":"https:\/\/turismoenzamora.es\/pt\/#organization","name":"Patronato de Turismo de la Diputaci\u00f3n de Zamora","url":"https:\/\/turismoenzamora.es\/pt\/","logo":{"@type":"ImageObject","inLanguage":"fr-FR","@id":"https:\/\/turismoenzamora.es\/pt\/#\/schema\/logo\/image\/","url":"https:\/\/turismoenzamora.es\/wp-content\/uploads\/2018\/06\/ZamoraLogo.png","contentUrl":"https:\/\/turismoenzamora.es\/wp-content\/uploads\/2018\/06\/ZamoraLogo.png","width":1276,"height":290,"caption":"Patronato de Turismo de la Diputaci\u00f3n de Zamora"},"image":{"@id":"https:\/\/turismoenzamora.es\/pt\/#\/schema\/logo\/image\/"},"sameAs":["https:\/\/www.facebook.com\/ZamoraSpain\/","https:\/\/x.com\/ZamoraSpain","https:\/\/www.instagram.com\/turismoenzamora.es\/","https:\/\/www.pinterest.es\/TurismoenZamora\/","https:\/\/www.youtube.com\/channel\/UC2bOyOZ-2cLm-uXlBFYUV9w"]}]}},"_links":{"self":[{"href":"https:\/\/turismoenzamora.es\/fr\/wp-json\/wp\/v2\/pages\/4816"}],"collection":[{"href":"https:\/\/turismoenzamora.es\/fr\/wp-json\/wp\/v2\/pages"}],"about":[{"href":"https:\/\/turismoenzamora.es\/fr\/wp-json\/wp\/v2\/types\/page"}],"author":[{"embeddable":true,"href":"https:\/\/turismoenzamora.es\/fr\/wp-json\/wp\/v2\/users\/1"}],"replies":[{"embeddable":true,"href":"https:\/\/turismoenzamora.es\/fr\/wp-json\/wp\/v2\/comments?post=4816"}],"version-history":[{"count":0,"href":"https:\/\/turismoenzamora.es\/fr\/wp-json\/wp\/v2\/pages\/4816\/revisions"}],"up":[{"embeddable":true,"href":"https:\/\/turismoenzamora.es\/fr\/wp-json\/wp\/v2\/pages\/88"}],"wp:attachment":[{"href":"https:\/\/turismoenzamora.es\/fr\/wp-json\/wp\/v2\/media?parent=4816"}],"curies":[{"name":"wp","href":"https:\/\/api.w.org\/{rel}","templated":true}]}}