{"id":312,"date":"2017-08-08T07:23:59","date_gmt":"2017-08-08T05:23:59","guid":{"rendered":"https:\/\/newweb.turismoenzamora.es\/?page_id=312"},"modified":"2021-09-01T16:54:54","modified_gmt":"2021-09-01T14:54:54","slug":"ferias-y-celebraciones-taurinas","status":"publish","type":"page","link":"https:\/\/turismoenzamora.es\/fr\/patrimonio-popular\/ferias-y-celebraciones-taurinas\/","title":{"rendered":"F\u00e9rias et festivit\u00e9s taurines"},"content":{"rendered":"<p><\/p>\n<h1 class=\"title\">F\u00e9rias et festivit\u00e9s taurines<\/h1>\n<p><img fetchpriority=\"high\" decoding=\"async\" class=\"aligncenter size-full wp-image-6903\" src=\"https:\/\/turismoenzamora.es\/wp-content\/uploads\/2017\/08\/Patrimonio-cultural.-Ferias-y-celebraciones-taurinas.jpg\" alt=\"\" data-id=\"6903\" width=\"900\" height=\"600\" srcset=\"https:\/\/turismoenzamora.es\/wp-content\/uploads\/2017\/08\/Patrimonio-cultural.-Ferias-y-celebraciones-taurinas.jpg 900w, https:\/\/turismoenzamora.es\/wp-content\/uploads\/2017\/08\/Patrimonio-cultural.-Ferias-y-celebraciones-taurinas-300x200.jpg 300w, https:\/\/turismoenzamora.es\/wp-content\/uploads\/2017\/08\/Patrimonio-cultural.-Ferias-y-celebraciones-taurinas-768x512.jpg 768w\" sizes=\"(max-width: 900px) 100vw, 900px\" \/><\/p>\n<p>La chaleur arrive et, avec elle, les c\u00e9l\u00e9brations patronales o\u00f9 le taureau fait acte de pr\u00e9sence.<\/p>\n<h4>El Toro Enmaromado<\/h4>\n<p>Benavente est connu pour la f\u00eate du Toro Enmaromado (taureau attach\u00e9), d\u00e9clar\u00e9e F\u00eate d&rsquo;int\u00e9r\u00eat touristique r\u00e9gional, qui a lieu la veille de la F\u00eate-Dieu. L&rsquo;animal court dans les rues avec une corde attach\u00e9e \u00e0 lui, longue de 200 m\u00e8tres et pesant 1 000 kilos. Les \u00ab\u00a0pe\u00f1as\u00a0\u00bb (groupes d&rsquo;amis) ont un r\u00f4le primordial tant pendant la course de taureau que pendant la nuit.<\/p>\n<h4>F\u00e9rias et f\u00eates de San Pedro \u00e0 Zamora<\/h4>\n<p><a class=\"modal\" href=\"https:\/\/web.archive.org\/web\/20160916155433\/http:\/\/www.turismoenzamora.es\/multimedia\/imagenes\/fiestas\/ceramica.jpg\"><img loading=\"lazy\" decoding=\"async\" class=\"aligncenter\" src=\"https:\/\/web.archive.org\/web\/20160916155433\/http:\/\/www.turismoenzamora.es\/multimedia\/imagenes\/fiestas\/ceramica.jpg\" alt=\"\" width=\"261\" height=\"300\"><\/a><\/p>\n<p>Les F\u00e9rias et les f\u00eates de San Pedro se d\u00e9roulent autour du 29 juin et incluent depuis la culture moderne et la musique rock jusqu&rsquo;aux activit\u00e9s pour les plus petits. Parmi les rendez-vous, les temps forts sont la Foire de l&rsquo;ail et la Foire de la c\u00e9ramique, la plus ancienne d&rsquo;Espagne qui rassemble bon nombre de vendeurs de poterie populaire, provenant des ateliers de Pereruela, de Moveros ou de Toro et du reste du territoire national. Les Foires au b\u00e9tail et celle des Produits de la terre coexistent ces jours-l\u00e0 en harmonie avec le jazz, le flamenco, les veill\u00e9es ou les conf\u00e9rences.<\/p>\n<h4>Los Espantes de Fuentesa\u00faco<\/h4>\n<p><a class=\"modal\" href=\"https:\/\/web.archive.org\/web\/20160916181003\/http:\/\/www.turismoenzamora.es\/multimedia\/imagenes\/fiestas\/fuentesauco.jpg\"><img loading=\"lazy\" decoding=\"async\" class=\"aligncenter\" src=\"https:\/\/web.archive.org\/web\/20160916181003\/http:\/\/www.turismoenzamora.es\/multimedia\/imagenes\/fiestas\/fuentesauco.jpg\" alt=\"\" width=\"300\" height=\"161\"><\/a><\/p>\n<p><img decoding=\"async\" class=\"size-medium wp-image-620 alignleft\" src=\"https:\/\/turismoenzamora.es\/wp-content\/uploads\/2017\/08\/taurina_3-300x161.jpg\" alt=\"\" width=\"300\" height=\"161\" srcset=\"https:\/\/turismoenzamora.es\/wp-content\/uploads\/2017\/08\/taurina_3-300x161.jpg 300w, https:\/\/turismoenzamora.es\/wp-content\/uploads\/2017\/08\/taurina_3.jpg 494w\" sizes=\"(max-width: 300px) 100vw, 300px\" \/>Depuis le XIXe si\u00e8cle, \u00e0 l&rsquo;occasion des f\u00eates de la Visitation, la capitale de la Guare\u00f1a c\u00e9l\u00e8bre ses traditionnels Espantes : plusieurs taureaux sont enferm\u00e9s dans le pr\u00e9 pour qu&rsquo;un groupe de jeunes cavaliers les conduise vers le centre de la ville.<\/p>\n<p>Une fois l\u00e0-bas, une barri\u00e8re humaine leur fait face, cherchant \u00e0 les mettre en fuite. Cette manifestation taurine, qui n&rsquo;a lieu qu&rsquo;\u00e0 Fuentesa\u00faco et dans le village voisin Guarrate, se d\u00e9roule au d\u00e9but du mois de juillet. Courses de taureaux, concours de figures, corridas de taureaux et rejones (piques de bois) compl\u00e8tent le programme.<\/p>\n<h4>Fermoselle<\/h4>\n<p><span style=\"font-size: 16px;\">Fin<\/span><span style=\"font-size: 16px;\">&nbsp;<\/span>ao\u00fbt, pour les f\u00eates de San Agust\u00edn, les habitants de Fermoselle encerclent la place principale de planches et improvisent une ar\u00e8ne qui est d\u00e9j\u00e0 devenue une r\u00e9f\u00e9rence pour les aficionados. Les taureaux arrivent dans une course spectaculaire, et une fois sur la place, les courses et les rencontres avec le taureau continuent.<\/p>\n<p>&nbsp;<\/p>\n<h4>Villalpando<\/h4>\n<p>Pour San Roque, des courses de taureau ont lieu le 16 ao\u00fbt dans cette localit\u00e9. Outre les courses de taureaux dans les champs (observ\u00e9es par des cavaliers \u00e0 cheval ou depuis des v\u00e9hicules tout-terrain, motos et tracteurs), les courses de jeunes taureaux de l&rsquo;apr\u00e8s-midi sur la Plaza Mayor et la Solana, ainsi que les \u00ab\u00a0taureaux de l&rsquo;aube\u00a0\u00bb ont fait la renomm\u00e9e du village, et attirent un tr\u00e8s nombreux public.<\/p>\n<h4>F\u00eates de San Agust\u00edn<\/h4>\n<p>La ville de Toro lui rend honneur pendant les f\u00eates de San Agust\u00edn, qui ont lieu le 28 ao\u00fbt. En plus des courses de taureaux ordinaires, les ar\u00e8nes de la ville accueillent la c\u00e9l\u00e9bration de la Fuente del Vino, un spectacle taurin dans lequel une grande cuve de vin de Toro est plac\u00e9e au centre des ar\u00e8nes. Les jeunes y boivent tandis que taureaux et vachettes courent autour d&rsquo;eux. Les chars populaires que tout le village fabrique avec joie pendant l&rsquo;ann\u00e9e pour le d\u00e9fil\u00e9 de San Agust\u00edn sont une autre attraction de la f\u00eate.<\/p>\n<h4>Toro<\/h4>\n<p><img loading=\"lazy\" decoding=\"async\" class=\"size-medium wp-image-621 alignright\" src=\"https:\/\/turismoenzamora.es\/wp-content\/uploads\/2017\/08\/taurina_4-300x287.jpg\" alt=\"\" width=\"300\" height=\"287\" srcset=\"https:\/\/turismoenzamora.es\/wp-content\/uploads\/2017\/08\/taurina_4-300x287.jpg 300w, https:\/\/turismoenzamora.es\/wp-content\/uploads\/2017\/08\/taurina_4.jpg 360w\" sizes=\"(max-width: 300px) 100vw, 300px\" \/>La F\u00eate des vendanges a lieu au cours de la premi\u00e8re moiti\u00e9 du mois d&rsquo;octobre et convertit la r\u00e9colte en pr\u00e9texte \u00e0 une c\u00e9l\u00e9bration qui mobilise la population.<\/p>\n<p><a class=\"modal\" href=\"https:\/\/web.archive.org\/web\/20160916161725\/http:\/\/www.turismoenzamora.es\/multimedia\/imagenes\/fiestas\/vendimia.jpg\"><img loading=\"lazy\" decoding=\"async\" class=\"aligncenter\" src=\"https:\/\/web.archive.org\/web\/20160916161725\/http:\/\/www.turismoenzamora.es\/multimedia\/imagenes\/fiestas\/vendimia.jpg\" alt=\"\" width=\"300\" height=\"287\"><\/a><\/p>\n<p>\u00c0 Toro, l&rsquo;enracinement de cet \u00e9v\u00e8nement a permis qu&rsquo;il soit d\u00e9clar\u00e9 F\u00eate d&rsquo;int\u00e9r\u00eat touristique r\u00e9gional. Il ne manque aucun ingr\u00e9dient \u00e0 la f\u00eate : lecture du discours, cl\u00f4ture, d\u00e9fil\u00e9 de chars chamarr\u00e9s et paniers de vendange.<\/p>\n<p>La c\u00e9l\u00e9bration de la F\u00eate des vendanges s&rsquo;est \u00e9tendue \u00e0 d&rsquo;autres D.O. de vin comme celle qui se tient \u00e0 Arribes, devenant ainsi un classique de cette saison.<\/p>\n<h4>Las Victorias<\/h4>\n<p>Le protagoniste de la F\u00eate des victoires est le Taureau de feu qui, le 8 septembre, convertit la capitale sanabraise en p\u00f4le d&rsquo;attraction des touristes et des habitants du canton. Ce spectacle taurin particulier remonte au milieu du XIXe si\u00e8cle, lorsqu&rsquo;une grande ossature en forme de taureau de laquelle sortaient des \u00e9tincelles fut construite. Elle parcourait les rues du village \u00e0 la recherche de victimes. Les autres \u00e9l\u00e9ments singuliers de la F\u00eate des victoires sont les G\u00e9ants et les \u00ab\u00a0Cabezudos\u00a0\u00bb (personnages \u00e0 grosse t\u00eate).<\/p>\n<p><a href=\"https:\/\/turismoenzamora.es\/wp-content\/uploads\/2018\/05\/folletoPatrimonioPopular-1.pdf\"><img decoding=\"async\" src=\"https:\/\/web.archive.org\/web\/20170704071530\/https:\/\/turismoenzamora.es\/images\/masinfo.png\"><\/a><\/p>","protected":false},"excerpt":{"rendered":"<p>F\u00e9rias et festivit\u00e9s taurines La chaleur arrive et, avec elle, les c\u00e9l\u00e9brations patronales o\u00f9 le taureau fait acte de pr\u00e9sence. El Toro Enmaromado Benavente est connu pour la f\u00eate du Toro Enmaromado (taureau attach\u00e9), d\u00e9clar\u00e9e F\u00eate d&rsquo;int\u00e9r\u00eat touristique r\u00e9gional, qui a lieu la veille de la F\u00eate-Dieu. L&rsquo;animal court dans les rues avec une corde [&hellip;]<\/p>\n","protected":false},"author":1,"featured_media":0,"parent":88,"menu_order":4,"comment_status":"closed","ping_status":"closed","template":"","meta":{"inline_featured_image":false,"site-sidebar-layout":"default","site-content-layout":"default","ast-site-content-layout":"","site-content-style":"default","site-sidebar-style":"default","ast-global-header-display":"","ast-banner-title-visibility":"","ast-main-header-display":"","ast-hfb-above-header-display":"","ast-hfb-below-header-display":"","ast-hfb-mobile-header-display":"","site-post-title":"disabled","ast-breadcrumbs-content":"","ast-featured-img":"","footer-sml-layout":"","theme-transparent-header-meta":"default","adv-header-id-meta":"","stick-header-meta":"","header-above-stick-meta":"","header-main-stick-meta":"","header-below-stick-meta":"","astra-migrate-meta-layouts":"default","ast-page-background-enabled":"default","ast-page-background-meta":{"desktop":{"background-color":"","background-image":"","background-repeat":"repeat","background-position":"center center","background-size":"auto","background-attachment":"scroll","background-type":"","background-media":"","overlay-type":"","overlay-color":"","overlay-opacity":"","overlay-gradient":""},"tablet":{"background-color":"","background-image":"","background-repeat":"repeat","background-position":"center center","background-size":"auto","background-attachment":"scroll","background-type":"","background-media":"","overlay-type":"","overlay-color":"","overlay-opacity":"","overlay-gradient":""},"mobile":{"background-color":"","background-image":"","background-repeat":"repeat","background-position":"center center","background-size":"auto","background-attachment":"scroll","background-type":"","background-media":"","overlay-type":"","overlay-color":"","overlay-opacity":"","overlay-gradient":""}},"ast-content-background-meta":{"desktop":{"background-color":"var(--ast-global-color-5)","background-image":"","background-repeat":"repeat","background-position":"center center","background-size":"auto","background-attachment":"scroll","background-type":"","background-media":"","overlay-type":"","overlay-color":"","overlay-opacity":"","overlay-gradient":""},"tablet":{"background-color":"var(--ast-global-color-5)","background-image":"","background-repeat":"repeat","background-position":"center center","background-size":"auto","background-attachment":"scroll","background-type":"","background-media":"","overlay-type":"","overlay-color":"","overlay-opacity":"","overlay-gradient":""},"mobile":{"background-color":"var(--ast-global-color-5)","background-image":"","background-repeat":"repeat","background-position":"center center","background-size":"auto","background-attachment":"scroll","background-type":"","background-media":"","overlay-type":"","overlay-color":"","overlay-opacity":"","overlay-gradient":""}},"ngg_post_thumbnail":0,"footnotes":""},"yoast_head":"<!-- This site is optimized with the Yoast SEO plugin v23.0 - https:\/\/yoast.com\/wordpress\/plugins\/seo\/ -->\n<title>Turismo de Zamora , Turismo Sostenible<\/title>\n<meta name=\"description\" content=\"Esta es la p\u00e1gina Oficial de Turismo de Diputaci\u00f3n de Zamora, donde podr\u00e1 encontrar toda la informaci\u00f3n para disfrutar al m\u00e1ximo de nuestra provincia.\" \/>\n<meta name=\"robots\" content=\"index, follow, max-snippet:-1, max-image-preview:large, max-video-preview:-1\" \/>\n<link rel=\"canonical\" href=\"https:\/\/turismoenzamora.es\/de\/patrimonio-popular\/ferias-y-celebraciones-taurinas\/\" \/>\n<meta property=\"og:locale\" content=\"fr_FR\" \/>\n<meta property=\"og:type\" content=\"article\" \/>\n<meta property=\"og:title\" content=\"Turismo de Zamora , Turismo Sostenible\" \/>\n<meta property=\"og:description\" content=\"Esta es la p\u00e1gina Oficial de Turismo de Diputaci\u00f3n de Zamora, donde podr\u00e1 encontrar toda la informaci\u00f3n para disfrutar al m\u00e1ximo de nuestra provincia.\" \/>\n<meta property=\"og:url\" content=\"https:\/\/turismoenzamora.es\/de\/patrimonio-popular\/ferias-y-celebraciones-taurinas\/\" \/>\n<meta property=\"og:site_name\" content=\"Tourisme \u00e0 Zamora\" \/>\n<meta property=\"article:publisher\" content=\"https:\/\/www.facebook.com\/ZamoraSpain\/\" \/>\n<meta property=\"article:modified_time\" content=\"2021-09-01T14:54:54+00:00\" \/>\n<meta property=\"og:image\" content=\"https:\/\/turismoenzamora.es\/wp-content\/uploads\/2017\/08\/Patrimonio-cultural.-Ferias-y-celebraciones-taurinas.jpg\" \/>\n<meta name=\"twitter:card\" content=\"summary_large_image\" \/>\n<meta name=\"twitter:site\" content=\"@ZamoraSpain\" \/>\n<meta name=\"twitter:label1\" content=\"Dur\u00e9e de lecture estim\u00e9e\" \/>\n\t<meta name=\"twitter:data1\" content=\"18 minutes\" \/>\n<script type=\"application\/ld+json\" class=\"yoast-schema-graph\">{\"@context\":\"https:\/\/schema.org\",\"@graph\":[{\"@type\":\"WebPage\",\"@id\":\"https:\/\/turismoenzamora.es\/de\/patrimonio-popular\/ferias-y-celebraciones-taurinas\/\",\"url\":\"https:\/\/turismoenzamora.es\/de\/patrimonio-popular\/ferias-y-celebraciones-taurinas\/\",\"name\":\"Turismo de Zamora , Turismo Sostenible\",\"isPartOf\":{\"@id\":\"https:\/\/turismoenzamora.es\/pt\/#website\"},\"primaryImageOfPage\":{\"@id\":\"https:\/\/turismoenzamora.es\/de\/patrimonio-popular\/ferias-y-celebraciones-taurinas\/#primaryimage\"},\"image\":{\"@id\":\"https:\/\/turismoenzamora.es\/de\/patrimonio-popular\/ferias-y-celebraciones-taurinas\/#primaryimage\"},\"thumbnailUrl\":\"https:\/\/turismoenzamora.es\/wp-content\/uploads\/2017\/08\/Patrimonio-cultural.-Ferias-y-celebraciones-taurinas.jpg\",\"datePublished\":\"2017-08-08T05:23:59+00:00\",\"dateModified\":\"2021-09-01T14:54:54+00:00\",\"description\":\"Esta es la p\u00e1gina Oficial de Turismo de Diputaci\u00f3n de Zamora, donde podr\u00e1 encontrar toda la informaci\u00f3n para disfrutar al m\u00e1ximo de nuestra provincia.\",\"breadcrumb\":{\"@id\":\"https:\/\/turismoenzamora.es\/de\/patrimonio-popular\/ferias-y-celebraciones-taurinas\/#breadcrumb\"},\"inLanguage\":\"fr-FR\",\"potentialAction\":[{\"@type\":\"ReadAction\",\"target\":[\"https:\/\/turismoenzamora.es\/de\/patrimonio-popular\/ferias-y-celebraciones-taurinas\/\"]}]},{\"@type\":\"ImageObject\",\"inLanguage\":\"fr-FR\",\"@id\":\"https:\/\/turismoenzamora.es\/de\/patrimonio-popular\/ferias-y-celebraciones-taurinas\/#primaryimage\",\"url\":\"https:\/\/turismoenzamora.es\/wp-content\/uploads\/2017\/08\/Patrimonio-cultural.-Ferias-y-celebraciones-taurinas.jpg\",\"contentUrl\":\"https:\/\/turismoenzamora.es\/wp-content\/uploads\/2017\/08\/Patrimonio-cultural.-Ferias-y-celebraciones-taurinas.jpg\"},{\"@type\":\"BreadcrumbList\",\"@id\":\"https:\/\/turismoenzamora.es\/de\/patrimonio-popular\/ferias-y-celebraciones-taurinas\/#breadcrumb\",\"itemListElement\":[{\"@type\":\"ListItem\",\"position\":1,\"name\":\"Portada\",\"item\":\"https:\/\/turismoenzamora.es\/\"},{\"@type\":\"ListItem\",\"position\":2,\"name\":\"Patrimonio Popular\",\"item\":\"https:\/\/turismoenzamora.es\/de\/patrimonio-popular\/\"},{\"@type\":\"ListItem\",\"position\":3,\"name\":\"M\u00e4rkte und stierkampffeste\"}]},{\"@type\":\"WebSite\",\"@id\":\"https:\/\/turismoenzamora.es\/pt\/#website\",\"url\":\"https:\/\/turismoenzamora.es\/pt\/\",\"name\":\"Turismo sostenible. Patronato de Turismo de la Diputaci\u00f3n de Zamora.&quot;Turismo Sostenible&quot;.\",\"description\":\"Tourisme durable Office du tourisme de la Diputaci\u00f3n de Zamora\",\"publisher\":{\"@id\":\"https:\/\/turismoenzamora.es\/pt\/#organization\"},\"potentialAction\":[{\"@type\":\"SearchAction\",\"target\":{\"@type\":\"EntryPoint\",\"urlTemplate\":\"https:\/\/turismoenzamora.es\/pt\/?s={search_term_string}\"},\"query-input\":\"required name=search_term_string\"}],\"inLanguage\":\"fr-FR\"},{\"@type\":\"Organization\",\"@id\":\"https:\/\/turismoenzamora.es\/pt\/#organization\",\"name\":\"Patronato de Turismo de la Diputaci\u00f3n de Zamora\",\"url\":\"https:\/\/turismoenzamora.es\/pt\/\",\"logo\":{\"@type\":\"ImageObject\",\"inLanguage\":\"fr-FR\",\"@id\":\"https:\/\/turismoenzamora.es\/pt\/#\/schema\/logo\/image\/\",\"url\":\"https:\/\/turismoenzamora.es\/wp-content\/uploads\/2018\/06\/ZamoraLogo.png\",\"contentUrl\":\"https:\/\/turismoenzamora.es\/wp-content\/uploads\/2018\/06\/ZamoraLogo.png\",\"width\":1276,\"height\":290,\"caption\":\"Patronato de Turismo de la Diputaci\u00f3n de Zamora\"},\"image\":{\"@id\":\"https:\/\/turismoenzamora.es\/pt\/#\/schema\/logo\/image\/\"},\"sameAs\":[\"https:\/\/www.facebook.com\/ZamoraSpain\/\",\"https:\/\/x.com\/ZamoraSpain\",\"https:\/\/www.instagram.com\/turismoenzamora.es\/\",\"https:\/\/www.pinterest.es\/TurismoenZamora\/\",\"https:\/\/www.youtube.com\/channel\/UC2bOyOZ-2cLm-uXlBFYUV9w\"]}]}<\/script>\n<!-- \/ Yoast SEO plugin. -->","yoast_head_json":{"title":"Turismo de Zamora , Turismo Sostenible","description":"Esta es la p\u00e1gina Oficial de Turismo de Diputaci\u00f3n de Zamora, donde podr\u00e1 encontrar toda la informaci\u00f3n para disfrutar al m\u00e1ximo de nuestra provincia.","robots":{"index":"index","follow":"follow","max-snippet":"max-snippet:-1","max-image-preview":"max-image-preview:large","max-video-preview":"max-video-preview:-1"},"canonical":"https:\/\/turismoenzamora.es\/de\/patrimonio-popular\/ferias-y-celebraciones-taurinas\/","og_locale":"fr_FR","og_type":"article","og_title":"Turismo de Zamora , Turismo Sostenible","og_description":"Esta es la p\u00e1gina Oficial de Turismo de Diputaci\u00f3n de Zamora, donde podr\u00e1 encontrar toda la informaci\u00f3n para disfrutar al m\u00e1ximo de nuestra provincia.","og_url":"https:\/\/turismoenzamora.es\/de\/patrimonio-popular\/ferias-y-celebraciones-taurinas\/","og_site_name":"Tourisme \u00e0 Zamora","article_publisher":"https:\/\/www.facebook.com\/ZamoraSpain\/","article_modified_time":"2021-09-01T14:54:54+00:00","og_image":[{"url":"https:\/\/turismoenzamora.es\/wp-content\/uploads\/2017\/08\/Patrimonio-cultural.-Ferias-y-celebraciones-taurinas.jpg"}],"twitter_card":"summary_large_image","twitter_site":"@ZamoraSpain","twitter_misc":{"Dur\u00e9e de lecture estim\u00e9e":"18 minutes"},"schema":{"@context":"https:\/\/schema.org","@graph":[{"@type":"WebPage","@id":"https:\/\/turismoenzamora.es\/de\/patrimonio-popular\/ferias-y-celebraciones-taurinas\/","url":"https:\/\/turismoenzamora.es\/de\/patrimonio-popular\/ferias-y-celebraciones-taurinas\/","name":"Turismo de Zamora , Turismo Sostenible","isPartOf":{"@id":"https:\/\/turismoenzamora.es\/pt\/#website"},"primaryImageOfPage":{"@id":"https:\/\/turismoenzamora.es\/de\/patrimonio-popular\/ferias-y-celebraciones-taurinas\/#primaryimage"},"image":{"@id":"https:\/\/turismoenzamora.es\/de\/patrimonio-popular\/ferias-y-celebraciones-taurinas\/#primaryimage"},"thumbnailUrl":"https:\/\/turismoenzamora.es\/wp-content\/uploads\/2017\/08\/Patrimonio-cultural.-Ferias-y-celebraciones-taurinas.jpg","datePublished":"2017-08-08T05:23:59+00:00","dateModified":"2021-09-01T14:54:54+00:00","description":"Esta es la p\u00e1gina Oficial de Turismo de Diputaci\u00f3n de Zamora, donde podr\u00e1 encontrar toda la informaci\u00f3n para disfrutar al m\u00e1ximo de nuestra provincia.","breadcrumb":{"@id":"https:\/\/turismoenzamora.es\/de\/patrimonio-popular\/ferias-y-celebraciones-taurinas\/#breadcrumb"},"inLanguage":"fr-FR","potentialAction":[{"@type":"ReadAction","target":["https:\/\/turismoenzamora.es\/de\/patrimonio-popular\/ferias-y-celebraciones-taurinas\/"]}]},{"@type":"ImageObject","inLanguage":"fr-FR","@id":"https:\/\/turismoenzamora.es\/de\/patrimonio-popular\/ferias-y-celebraciones-taurinas\/#primaryimage","url":"https:\/\/turismoenzamora.es\/wp-content\/uploads\/2017\/08\/Patrimonio-cultural.-Ferias-y-celebraciones-taurinas.jpg","contentUrl":"https:\/\/turismoenzamora.es\/wp-content\/uploads\/2017\/08\/Patrimonio-cultural.-Ferias-y-celebraciones-taurinas.jpg"},{"@type":"BreadcrumbList","@id":"https:\/\/turismoenzamora.es\/de\/patrimonio-popular\/ferias-y-celebraciones-taurinas\/#breadcrumb","itemListElement":[{"@type":"ListItem","position":1,"name":"Portada","item":"https:\/\/turismoenzamora.es\/"},{"@type":"ListItem","position":2,"name":"Patrimonio Popular","item":"https:\/\/turismoenzamora.es\/de\/patrimonio-popular\/"},{"@type":"ListItem","position":3,"name":"M\u00e4rkte und stierkampffeste"}]},{"@type":"WebSite","@id":"https:\/\/turismoenzamora.es\/pt\/#website","url":"https:\/\/turismoenzamora.es\/pt\/","name":"Turismo sostenible. Patronato de Turismo de la Diputaci\u00f3n de Zamora.&quot;Turismo Sostenible&quot;.","description":"Tourisme durable Office du tourisme de la Diputaci\u00f3n de Zamora","publisher":{"@id":"https:\/\/turismoenzamora.es\/pt\/#organization"},"potentialAction":[{"@type":"SearchAction","target":{"@type":"EntryPoint","urlTemplate":"https:\/\/turismoenzamora.es\/pt\/?s={search_term_string}"},"query-input":"required name=search_term_string"}],"inLanguage":"fr-FR"},{"@type":"Organization","@id":"https:\/\/turismoenzamora.es\/pt\/#organization","name":"Patronato de Turismo de la Diputaci\u00f3n de Zamora","url":"https:\/\/turismoenzamora.es\/pt\/","logo":{"@type":"ImageObject","inLanguage":"fr-FR","@id":"https:\/\/turismoenzamora.es\/pt\/#\/schema\/logo\/image\/","url":"https:\/\/turismoenzamora.es\/wp-content\/uploads\/2018\/06\/ZamoraLogo.png","contentUrl":"https:\/\/turismoenzamora.es\/wp-content\/uploads\/2018\/06\/ZamoraLogo.png","width":1276,"height":290,"caption":"Patronato de Turismo de la Diputaci\u00f3n de Zamora"},"image":{"@id":"https:\/\/turismoenzamora.es\/pt\/#\/schema\/logo\/image\/"},"sameAs":["https:\/\/www.facebook.com\/ZamoraSpain\/","https:\/\/x.com\/ZamoraSpain","https:\/\/www.instagram.com\/turismoenzamora.es\/","https:\/\/www.pinterest.es\/TurismoenZamora\/","https:\/\/www.youtube.com\/channel\/UC2bOyOZ-2cLm-uXlBFYUV9w"]}]}},"_links":{"self":[{"href":"https:\/\/turismoenzamora.es\/fr\/wp-json\/wp\/v2\/pages\/312"}],"collection":[{"href":"https:\/\/turismoenzamora.es\/fr\/wp-json\/wp\/v2\/pages"}],"about":[{"href":"https:\/\/turismoenzamora.es\/fr\/wp-json\/wp\/v2\/types\/page"}],"author":[{"embeddable":true,"href":"https:\/\/turismoenzamora.es\/fr\/wp-json\/wp\/v2\/users\/1"}],"replies":[{"embeddable":true,"href":"https:\/\/turismoenzamora.es\/fr\/wp-json\/wp\/v2\/comments?post=312"}],"version-history":[{"count":0,"href":"https:\/\/turismoenzamora.es\/fr\/wp-json\/wp\/v2\/pages\/312\/revisions"}],"up":[{"embeddable":true,"href":"https:\/\/turismoenzamora.es\/fr\/wp-json\/wp\/v2\/pages\/88"}],"wp:attachment":[{"href":"https:\/\/turismoenzamora.es\/fr\/wp-json\/wp\/v2\/media?parent=312"}],"curies":[{"name":"wp","href":"https:\/\/api.w.org\/{rel}","templated":true}]}}