{"id":306,"date":"2017-08-08T07:22:49","date_gmt":"2017-08-08T05:22:49","guid":{"rendered":"https:\/\/newweb.turismoenzamora.es\/?page_id=306"},"modified":"2022-12-26T12:38:25","modified_gmt":"2022-12-26T10:38:25","slug":"mascaradas-de-invierno","status":"publish","type":"page","link":"https:\/\/turismoenzamora.es\/fr\/patrimonio-popular\/mascaradas-de-invierno\/","title":{"rendered":"Mascarades d&rsquo;Hiver"},"content":{"rendered":"<p><\/p>\n<h1 class=\"title\">Mascarades d&rsquo;Hiver<\/h1>\n<p><img fetchpriority=\"high\" decoding=\"async\" class=\"aligncenter size-full wp-image-6906\" src=\"https:\/\/turismoenzamora.es\/wp-content\/uploads\/2017\/08\/Patrimonio-culturalmasc.jpg\" alt=\"\" width=\"900\" height=\"601\" data-id=\"6906\" srcset=\"https:\/\/turismoenzamora.es\/wp-content\/uploads\/2017\/08\/Patrimonio-culturalmasc.jpg 900w, https:\/\/turismoenzamora.es\/wp-content\/uploads\/2017\/08\/Patrimonio-culturalmasc-300x200.jpg 300w, https:\/\/turismoenzamora.es\/wp-content\/uploads\/2017\/08\/Patrimonio-culturalmasc-768x513.jpg 768w\" sizes=\"(max-width: 900px) 100vw, 900px\" \/><\/p>\n<p>Les mascarades d&rsquo;hiver constituent l&rsquo;un de ces rares et heureux exemples de survivance culturelle dont on trouve encore la trace sur notre p\u00e9ninsule ib\u00e9rique. Certains des sites sont concentr\u00e9s dans la province de Zamora, o\u00f9, entre les mois de d\u00e9cembre et de janvier ont lieu une s\u00e9rie de traditions festives dont l&rsquo;origine et la symbolique remontent au pass\u00e9. Toutes co\u00efncident avec le solstice d&rsquo;hiver et se prolongent parfois jusqu&rsquo;aux c\u00e9l\u00e9brations du carnaval. Les personnages par\u00e9s de costumes extravagants sont les acteurs des festivit\u00e9s des diff\u00e9rents villages de la Province de Zamora.<\/p>\n<p>Les \u00e9l\u00e9ments qui caract\u00e9risent ces festivit\u00e9s et qui les relient aux autres c\u00e9l\u00e9brations ayant lieu dans les r\u00e9gions voisines comme le Portugal ou la Galice, sont la pr\u00e9sence fondamentale de personnages diaboliques qui effectuent courses et sauts dans les rues du village, qui taquinent les gens ou les invitent \u00e0 participer \u00e0 la f\u00eate. Ce sont souvent de jeunes hommes ou de jeunes c\u00e9libataires qui incarnent ces personnages et qui s&rsquo;occupent d&rsquo;organiser la f\u00eate et de demander les \u00e9trennes, toujours accompagn\u00e9s d&rsquo;instruments tels que des clarines, des tenailles articul\u00e9es, des bombes \u00e0 eau&#8230;etc, avec lesquels ils poursuivent, frappent et tentent d&rsquo;effrayer la population.<\/p>\n<p><img decoding=\"async\" class=\"wp-image-588 aligncenter\" src=\"https:\/\/turismoenzamora.es\/wp-content\/uploads\/2017\/08\/mascaradas_2-300x90.jpg\" alt=\"\" width=\"600\" height=\"180\" srcset=\"https:\/\/turismoenzamora.es\/wp-content\/uploads\/2017\/08\/mascaradas_2-300x90.jpg 300w, https:\/\/turismoenzamora.es\/wp-content\/uploads\/2017\/08\/mascaradas_2.jpg 670w\" sizes=\"(max-width: 600px) 100vw, 600px\" \/><\/p>\n<p><a class=\"modal\" href=\"https:\/\/turismoenzamora.es\/wp-content\/uploads\/2017\/08\/mascaradas_2.jpg\"><img decoding=\"async\" class=\"aligncenter\" src=\"https:\/\/turismoenzamora.es\/wp-content\/uploads\/2017\/08\/mascaradas_2.jpg\" alt=\"todas\"><\/a><\/p>\n<h4>San Mart\u00edn de Casta\u00f1eda<\/h4>\n<p>Le 25 d\u00e9cembre, les jeunes hommes du village sont les protagonistes de la f\u00eate de la Visparra, dont le personnage central est la Talanqueira ou grande vache. Ce personnage farfelu ainsi que d&rsquo;autres parcourent les maisons du village en demandant les \u00e9trennes.<\/p>\n<h4>Sanzoles del Vino<\/h4>\n<p><a class=\"modal\" href=\"https:\/\/web.archive.org\/web\/20160916155403\/http:\/\/www.turismoenzamora.es\/multimedia\/imagenes\/fiestas\/sanzoles.jpg\"><img loading=\"lazy\" decoding=\"async\" class=\"aligncenter\" src=\"https:\/\/web.archive.org\/web\/20160916155403\/http:\/\/www.turismoenzamora.es\/multimedia\/imagenes\/fiestas\/sanzoles.jpg\" alt=\"\" width=\"264\" height=\"397\"><\/a><\/p>\n<p>D\u00e9clar\u00e9e d&rsquo;int\u00e9r\u00eat touristique r\u00e9gional. C&rsquo;est l&rsquo;un des personnages les plus populaires du calendrier des f\u00eates et des rites de Zamora. Le 26 d\u00e9cembre, accoutr\u00e9 de v\u00eatements color\u00e9s, d&rsquo;un masque de cuir et d&rsquo;un panache de bandes de couleurs, El Zangarr\u00f3n poursuit les habitants en qu\u00eate des \u00e9trennes.<\/p>\n<h4>Pozuelo de T\u00e1bara<\/h4>\n<p>Le 26 d\u00e9cembre \u00ab\u00a0los Entrantes\u00a0\u00bb viennent r\u00e9veiller les musiciens, \u00ab\u00a0el Tafarr\u00f3n\u00a0\u00bb et \u00ab\u00a0la Madama\u00a0\u00bb, pour aller ensuite de maison en maison en donnant le bonjour \u00ab\u00a0au nom de l&rsquo;enfant J\u00e9sus\u00a0\u00bb. Au cours de la Messe de ce jour, \u00ab\u00a0la Madama\u00a0\u00bb offre au saint le dernier enfant n\u00e9 au village.<\/p>\n<h4>Montamarta<\/h4>\n<p>Montamarta re\u00e7oit les 1er et 6 janvier la visite du Zangarr\u00f3n. Deux personnes sont choisies, parmi les jeunes de 18 ans de chaque ann\u00e9e, pour le r\u00f4le du Zangarr\u00f3n, un au Nouvel An et l&rsquo;autre le jour des Rois. Les \u00e9l\u00e9ments traditionnels de cette f\u00eate sont les clarines, les \u00e9trennes, la b\u00e9n\u00e9diction des pains, le pardon aux autorit\u00e9s.<\/p>\n<h4>Ferreras de Arriba<\/h4>\n<p>Le visiteur devient le 26 d\u00e9cembre le spectateur d&rsquo;une sc\u00e8ne de th\u00e9\u00e2tre dont les acteurs sont les habitants du village. Elle est orchestr\u00e9e par quatre personnages : les Guapos (les Beaux): \u00ab\u00a0el Gal\u00e1n\u00a0\u00bb et \u00ab\u00a0la Madama\u00a0\u00bb (un homme habill\u00e9 en femme), et les Feos (les Laids) : \u00ab\u00a0la Filandorra\u00a0\u00bb et le Diable.<\/p>\n<h4>Villarino tras la Sierra<\/h4>\n<p>Le 26 d\u00e9cembre, apr\u00e8s la messe, El Caballico, personnage embl\u00e9matique, court au milieu de la foule avec une longue queue imbib\u00e9e d&rsquo;eau, de terre et de pires choses encore, avec laquelle il peut \u00ab\u00a0peindre\u00a0\u00bb toute personne qu&rsquo;il attrape pendant sa course. L&rsquo;autre personnage typique de la localit\u00e9, El Pajarico, se charge de demander les \u00e9trennes.<\/p>\n<h4>Riofr\u00edo de Aliste<\/h4>\n<p><a class=\"modal\" href=\"https:\/\/web.archive.org\/web\/20160916154021\/http:\/\/www.turismoenzamora.es\/multimedia\/imagenes\/fiestas\/riofrio.jpg\"><img decoding=\"async\" class=\"aligncenter\" src=\"https:\/\/web.archive.org\/web\/20160916154021\/http:\/\/www.turismoenzamora.es\/multimedia\/imagenes\/fiestas\/riofrio.jpg\" alt=\"\"><\/a><\/p>\n<p>D\u00e9clar\u00e9e d&rsquo;int\u00e9r\u00eat touristique r\u00e9gional. Le 1er janvier sortent dans la rue onze personnages : \u00ab\u00a0el Carocho Grande\u00a0\u00bb, \u00ab\u00a0el Carocho Chiquito\u00a0\u00bb, \u00ab\u00a0el Gal\u00e1n\u00a0\u00bb, \u00ab\u00a0la Madama\u00a0\u00bb, \u00ab\u00a0el del Tamboril\u00a0\u00bb, \u00ab\u00a0el del Cerr\u00f3n\u00a0\u00bb, \u00ab\u00a0el del Lino\u00a0\u00bb, \u00ab\u00a0el Molacillo\u00a0\u00bb, \u00ab\u00a0el Gitano\u00a0\u00bb, \u00ab\u00a0la Filandorra\u00a0\u00bb et \u00ab\u00a0el Ciego\u00a0\u00bb. Les actes se d\u00e9roulent \u00e0 travers des actions organis\u00e9es comme s&rsquo;il s&rsquo;agissait d&rsquo;une repr\u00e9sentation de th\u00e9\u00e2tre de rue. L&rsquo;apparition de \u00ab\u00a0los Carochos\u00a0\u00bb, entour\u00e9s de fum\u00e9e et prof\u00e9rant de grands cris, est aussi spectaculaire que leur accoutrement.<\/p>\n<h4>San Vicente de la Cabeza<\/h4>\n<p>El Atenazador (le Tenailleur) de San Vicente de la Cabeza est une mascarade de type d\u00e9moniaque. Le d\u00e9mon est repr\u00e9sent\u00e9 par les \u00ab\u00a0atenazadores\u00a0\u00bb qui ont de grandes tenailles articul\u00e9es et portent des masques et des clarines ; un autre personnage est \u00ab\u00a0la Filandorra\u00a0\u00bb, une dame \u00e2g\u00e9e qui poursuit les gens en jetant des cendres ; il y a \u00e9galement un couple de fianc\u00e9s le jour de leur mariage, un couple de joueurs de cornemuse et un groupe de pauvres faisant la manche. Cette mascarade a lieu tous les ans le 11 ao\u00fbt, le m\u00eame jour que la f\u00eate patronale du village.<\/p>\n<h4>Sarrac\u00edn de Aliste<\/h4>\n<p>Le 1er janvier les protagonistes sont ici les Diables, habill\u00e9s de noir et munis de masques de li\u00e8ge, de tenailles, de clarines et de baguettes, mais \u00e0 cette f\u00eate participent au total douze personnages y compris \u00ab\u00a0la Filandorra\u00a0\u00bb et \u00ab\u00a0Rull\u00f3n\u00a0\u00bb, \u00ab\u00a0el Ciego\u00a0\u00bb et \u00ab\u00a0el Molacillo\u00a0\u00bb, \u00ab\u00a0la Madama\u00a0\u00bb et \u00ab\u00a0el Gal\u00e1n\u00a0\u00bb, plus deux \u00ab\u00a0Pobres del Saco\u00a0\u00bb (Pauvres au Sac).<\/p>\n<h4>Abejera<\/h4>\n<p>Dans cette f\u00eate interviennent tout d&rsquo;abord \u00ab\u00a0el Cencerr\u00f3n\u00a0\u00bb et \u00ab\u00a0la Filandorra\u00a0\u00bb sur la place, en faisant sonner les clarines attach\u00e9es \u00e0 leur taille. Par la suite appara\u00eet le reste des personnages avec qui ils engagent des luttes et des attaques, en se jetant de la cendre.<\/p>\n<h4>Villanueva de Valrojo<\/h4>\n<p>Face \u00e0 l&rsquo;interdiction des Zangarrones et des Obisparras par l&rsquo;\u00c9glise, cette f\u00eate fut transf\u00e9r\u00e9e aux Dimanche Gras, lundi et mardi de Carnaval, ce pourquoi les Diables et les \u00ab\u00a0Cencerrones\u00a0\u00bb se m\u00ealent aux personnages typiques du carnaval.<\/p>\n<h4>Almeida de Sayago<\/h4>\n<p>La Vaca Bayona survit aujourd&rsquo;hui uniquement \u00e0 Almeida de Sayago. Elle a lieu le Dimanche Gras et le mardi de Carnaval. Elle est repr\u00e9sent\u00e9e par un jeune homme qui porte une armature de bois avec des cornes \u00e0 une extr\u00e9mit\u00e9 et recouverte d&rsquo;une couverture. Le masque simule la t\u00eate d&rsquo;une vache.<\/p>\n<h4>Pobladura de Aliste<\/h4>\n<p>Elle se f\u00eate le jour de la Vierge, le 15 ao\u00fbt. Cette Obisparra compte environ seize personnages qui sont, en plus de la traditionnelle Filandorra avec el Ni\u00f1o (l&rsquo;enfant), el Ciego (l&rsquo;aveugle), el Soldado (le soldat), el Mendigo (le Mendiant), Bailador et Bailadora (danseur et danseuse), el Afilador (l&rsquo;aiguiseur), et el Piojoso (le pieux), plusieurs semeurs et leurs b\u0153ufs (los Carachos), ainsi que el Arador (le laboureur) et el Ga\u00f1\u00e1n (le valet de ferme).<\/p>\n<h4>Candelas<\/h4>\n<p>Le calendrier festif de la Province de Zamora a un nouvel \u00e9v\u00e8nement le 2 f\u00e9vrier, avec la c\u00e9l\u00e9bration de las Candelas \u00e0 diff\u00e9rents points de la province, comme \u00e0 Samir de los Ca\u00f1os, Moraleja del Vino, San Esteban del Molar, Villalba de la Lampreana ou El Pego. La f\u00eate re\u00e7oit cette d\u00e9nomination car on y b\u00e9nit les chandelles que l&rsquo;on va utiliser tout au long de l&rsquo;ann\u00e9e. Lors de cette f\u00eate les femmes \u00ab\u00a0prom\u00e8nent le pain\u00a0\u00bb de maison en maison en invitant les gens \u00e0 participer \u00e0 la danse.<\/p>\n<h4>\u00c1guedas<\/h4>\n<p>Le 5 f\u00e9vrier se f\u00eatent les \u00c1gueda, le jour de la femme mari\u00e9e par excellence, car tout leur est permis durant leur r\u00e8gne de 24 heures. Les \u00e1guedas parcourent les rues en demandant \u00ab\u00a0une miette\u00a0\u00bb et deviennent les gouvernantes. Dans la ville de Zamora, elles sillonnent les rues habill\u00e9es de costumes de Carbajales en jouant divers instruments de musique.<\/p>\n<h4>Carnavals<\/h4>\n<p>Les carnavals traditionnels ont, en Castille-et-Le\u00f3n, peu de racines ayant perdur\u00e9 dans le temps. La ville de Toro est l&rsquo;une des rares chanceuses dans le calendrier de carnavals de la r\u00e9gion, comme le d\u00e9montre la participation populaire, sa pr\u00e9disposition au d\u00e9guisement et l&rsquo;impressionnant d\u00e9fil\u00e9 qui remplit de couleur les rues et les places durant le Carnaval. Il s&rsquo;agit d&rsquo;une f\u00eate qui inonde les rues de Toro et gr\u00e2ce \u00e0 sa constance durant des d\u00e9cennies, elle a obtenu le rang de F\u00eate d&rsquo;int\u00e9r\u00eat touristique r\u00e9gional. Le Lundi de carnaval a lieu le d\u00e9fil\u00e9 des enfants et le lendemain, Mardi de carnaval, le d\u00e9fil\u00e9 principal.<\/p>\n<p><a href=\"https:\/\/turismoenzamora.es\/wp-content\/uploads\/2018\/05\/folletoPatrimonioPopular-1.pdf\"><img decoding=\"async\" src=\"https:\/\/web.archive.org\/web\/20170704071530\/https:\/\/turismoenzamora.es\/images\/masinfo.png\"><\/a><a href=\"https:\/\/turismoenzamora.es\/wp-content\/uploads\/2017\/11\/fiestasred.png\" target=\"_blank\" rel=\"noopener noreferrer\"><img decoding=\"async\" class=\"\" src=\"https:\/\/turismoenzamora.es\/wp-content\/uploads\/2017\/08\/masinfo-1.png\"><\/a><\/p>","protected":false},"excerpt":{"rendered":"<p>Mascarades d&rsquo;Hiver Les mascarades d&rsquo;hiver constituent l&rsquo;un de ces rares et heureux exemples de survivance culturelle dont on trouve encore la trace sur notre p\u00e9ninsule ib\u00e9rique. Certains des sites sont concentr\u00e9s dans la province de Zamora, o\u00f9, entre les mois de d\u00e9cembre et de janvier ont lieu une s\u00e9rie de traditions festives dont l&rsquo;origine et [&hellip;]<\/p>\n","protected":false},"author":1,"featured_media":0,"parent":88,"menu_order":1,"comment_status":"closed","ping_status":"closed","template":"","meta":{"inline_featured_image":false,"site-sidebar-layout":"default","site-content-layout":"default","ast-site-content-layout":"","site-content-style":"default","site-sidebar-style":"default","ast-global-header-display":"","ast-banner-title-visibility":"","ast-main-header-display":"","ast-hfb-above-header-display":"","ast-hfb-below-header-display":"","ast-hfb-mobile-header-display":"","site-post-title":"disabled","ast-breadcrumbs-content":"","ast-featured-img":"","footer-sml-layout":"","theme-transparent-header-meta":"default","adv-header-id-meta":"","stick-header-meta":"","header-above-stick-meta":"","header-main-stick-meta":"","header-below-stick-meta":"","astra-migrate-meta-layouts":"default","ast-page-background-enabled":"default","ast-page-background-meta":{"desktop":{"background-color":"","background-image":"","background-repeat":"repeat","background-position":"center center","background-size":"auto","background-attachment":"scroll","background-type":"","background-media":"","overlay-type":"","overlay-color":"","overlay-opacity":"","overlay-gradient":""},"tablet":{"background-color":"","background-image":"","background-repeat":"repeat","background-position":"center center","background-size":"auto","background-attachment":"scroll","background-type":"","background-media":"","overlay-type":"","overlay-color":"","overlay-opacity":"","overlay-gradient":""},"mobile":{"background-color":"","background-image":"","background-repeat":"repeat","background-position":"center center","background-size":"auto","background-attachment":"scroll","background-type":"","background-media":"","overlay-type":"","overlay-color":"","overlay-opacity":"","overlay-gradient":""}},"ast-content-background-meta":{"desktop":{"background-color":"var(--ast-global-color-5)","background-image":"","background-repeat":"repeat","background-position":"center center","background-size":"auto","background-attachment":"scroll","background-type":"","background-media":"","overlay-type":"","overlay-color":"","overlay-opacity":"","overlay-gradient":""},"tablet":{"background-color":"var(--ast-global-color-5)","background-image":"","background-repeat":"repeat","background-position":"center center","background-size":"auto","background-attachment":"scroll","background-type":"","background-media":"","overlay-type":"","overlay-color":"","overlay-opacity":"","overlay-gradient":""},"mobile":{"background-color":"var(--ast-global-color-5)","background-image":"","background-repeat":"repeat","background-position":"center center","background-size":"auto","background-attachment":"scroll","background-type":"","background-media":"","overlay-type":"","overlay-color":"","overlay-opacity":"","overlay-gradient":""}},"ngg_post_thumbnail":0,"footnotes":""},"yoast_head":"<!-- This site is optimized with the Yoast SEO plugin v23.0 - https:\/\/yoast.com\/wordpress\/plugins\/seo\/ -->\n<title>Turismo de Zamora , Turismo Sostenible<\/title>\n<meta name=\"description\" content=\"Esta es la p\u00e1gina Oficial de Turismo de Diputaci\u00f3n de Zamora, donde podr\u00e1 encontrar toda la informaci\u00f3n para disfrutar al m\u00e1ximo de nuestra provincia.\" \/>\n<meta name=\"robots\" content=\"index, follow, max-snippet:-1, max-image-preview:large, max-video-preview:-1\" \/>\n<link rel=\"canonical\" href=\"https:\/\/turismoenzamora.es\/patrimonio-popular\/mascaradas-de-invierno\/\" \/>\n<meta property=\"og:locale\" content=\"fr_FR\" \/>\n<meta property=\"og:type\" content=\"article\" \/>\n<meta property=\"og:title\" content=\"Turismo de Zamora , Turismo Sostenible\" \/>\n<meta property=\"og:description\" content=\"Esta es la p\u00e1gina Oficial de Turismo de Diputaci\u00f3n de Zamora, donde podr\u00e1 encontrar toda la informaci\u00f3n para disfrutar al m\u00e1ximo de nuestra provincia.\" \/>\n<meta property=\"og:url\" content=\"https:\/\/turismoenzamora.es\/patrimonio-popular\/mascaradas-de-invierno\/\" \/>\n<meta property=\"og:site_name\" content=\"Tourisme \u00e0 Zamora\" \/>\n<meta property=\"article:publisher\" content=\"https:\/\/www.facebook.com\/ZamoraSpain\/\" \/>\n<meta property=\"article:modified_time\" content=\"2022-12-26T10:38:25+00:00\" \/>\n<meta property=\"og:image\" content=\"https:\/\/turismoenzamora.es\/wp-content\/uploads\/2017\/08\/Patrimonio-culturalmasc.jpg\" \/>\n<meta name=\"twitter:card\" content=\"summary_large_image\" \/>\n<meta name=\"twitter:site\" content=\"@ZamoraSpain\" \/>\n<meta name=\"twitter:label1\" content=\"Dur\u00e9e de lecture estim\u00e9e\" \/>\n\t<meta name=\"twitter:data1\" content=\"38 minutes\" \/>\n<script type=\"application\/ld+json\" class=\"yoast-schema-graph\">{\"@context\":\"https:\/\/schema.org\",\"@graph\":[{\"@type\":\"WebPage\",\"@id\":\"https:\/\/turismoenzamora.es\/patrimonio-popular\/mascaradas-de-invierno\/\",\"url\":\"https:\/\/turismoenzamora.es\/patrimonio-popular\/mascaradas-de-invierno\/\",\"name\":\"Turismo de Zamora , Turismo Sostenible\",\"isPartOf\":{\"@id\":\"https:\/\/turismoenzamora.es\/pt\/#website\"},\"primaryImageOfPage\":{\"@id\":\"https:\/\/turismoenzamora.es\/patrimonio-popular\/mascaradas-de-invierno\/#primaryimage\"},\"image\":{\"@id\":\"https:\/\/turismoenzamora.es\/patrimonio-popular\/mascaradas-de-invierno\/#primaryimage\"},\"thumbnailUrl\":\"https:\/\/turismoenzamora.es\/wp-content\/uploads\/2017\/08\/Patrimonio-culturalmasc.jpg\",\"datePublished\":\"2017-08-08T05:22:49+00:00\",\"dateModified\":\"2022-12-26T10:38:25+00:00\",\"description\":\"Esta es la p\u00e1gina Oficial de Turismo de Diputaci\u00f3n de Zamora, donde podr\u00e1 encontrar toda la informaci\u00f3n para disfrutar al m\u00e1ximo de nuestra provincia.\",\"breadcrumb\":{\"@id\":\"https:\/\/turismoenzamora.es\/patrimonio-popular\/mascaradas-de-invierno\/#breadcrumb\"},\"inLanguage\":\"fr-FR\",\"potentialAction\":[{\"@type\":\"ReadAction\",\"target\":[\"https:\/\/turismoenzamora.es\/patrimonio-popular\/mascaradas-de-invierno\/\"]}]},{\"@type\":\"ImageObject\",\"inLanguage\":\"fr-FR\",\"@id\":\"https:\/\/turismoenzamora.es\/patrimonio-popular\/mascaradas-de-invierno\/#primaryimage\",\"url\":\"https:\/\/turismoenzamora.es\/wp-content\/uploads\/2017\/08\/Patrimonio-culturalmasc.jpg\",\"contentUrl\":\"https:\/\/turismoenzamora.es\/wp-content\/uploads\/2017\/08\/Patrimonio-culturalmasc.jpg\"},{\"@type\":\"BreadcrumbList\",\"@id\":\"https:\/\/turismoenzamora.es\/patrimonio-popular\/mascaradas-de-invierno\/#breadcrumb\",\"itemListElement\":[{\"@type\":\"ListItem\",\"position\":1,\"name\":\"Portada\",\"item\":\"https:\/\/turismoenzamora.es\/\"},{\"@type\":\"ListItem\",\"position\":2,\"name\":\"Patrimonio Popular\",\"item\":\"https:\/\/turismoenzamora.es\/de\/patrimonio-popular\/\"},{\"@type\":\"ListItem\",\"position\":3,\"name\":\"Mascaradas de Invierno\"}]},{\"@type\":\"WebSite\",\"@id\":\"https:\/\/turismoenzamora.es\/pt\/#website\",\"url\":\"https:\/\/turismoenzamora.es\/pt\/\",\"name\":\"Turismo sostenible. Patronato de Turismo de la Diputaci\u00f3n de Zamora.&quot;Turismo Sostenible&quot;.\",\"description\":\"Tourisme durable Office du tourisme de la Diputaci\u00f3n de Zamora\",\"publisher\":{\"@id\":\"https:\/\/turismoenzamora.es\/pt\/#organization\"},\"potentialAction\":[{\"@type\":\"SearchAction\",\"target\":{\"@type\":\"EntryPoint\",\"urlTemplate\":\"https:\/\/turismoenzamora.es\/pt\/?s={search_term_string}\"},\"query-input\":\"required name=search_term_string\"}],\"inLanguage\":\"fr-FR\"},{\"@type\":\"Organization\",\"@id\":\"https:\/\/turismoenzamora.es\/pt\/#organization\",\"name\":\"Patronato de Turismo de la Diputaci\u00f3n de Zamora\",\"url\":\"https:\/\/turismoenzamora.es\/pt\/\",\"logo\":{\"@type\":\"ImageObject\",\"inLanguage\":\"fr-FR\",\"@id\":\"https:\/\/turismoenzamora.es\/pt\/#\/schema\/logo\/image\/\",\"url\":\"https:\/\/turismoenzamora.es\/wp-content\/uploads\/2018\/06\/ZamoraLogo.png\",\"contentUrl\":\"https:\/\/turismoenzamora.es\/wp-content\/uploads\/2018\/06\/ZamoraLogo.png\",\"width\":1276,\"height\":290,\"caption\":\"Patronato de Turismo de la Diputaci\u00f3n de Zamora\"},\"image\":{\"@id\":\"https:\/\/turismoenzamora.es\/pt\/#\/schema\/logo\/image\/\"},\"sameAs\":[\"https:\/\/www.facebook.com\/ZamoraSpain\/\",\"https:\/\/x.com\/ZamoraSpain\",\"https:\/\/www.instagram.com\/turismoenzamora.es\/\",\"https:\/\/www.pinterest.es\/TurismoenZamora\/\",\"https:\/\/www.youtube.com\/channel\/UC2bOyOZ-2cLm-uXlBFYUV9w\"]}]}<\/script>\n<!-- \/ Yoast SEO plugin. -->","yoast_head_json":{"title":"Turismo de Zamora , Turismo Sostenible","description":"Esta es la p\u00e1gina Oficial de Turismo de Diputaci\u00f3n de Zamora, donde podr\u00e1 encontrar toda la informaci\u00f3n para disfrutar al m\u00e1ximo de nuestra provincia.","robots":{"index":"index","follow":"follow","max-snippet":"max-snippet:-1","max-image-preview":"max-image-preview:large","max-video-preview":"max-video-preview:-1"},"canonical":"https:\/\/turismoenzamora.es\/patrimonio-popular\/mascaradas-de-invierno\/","og_locale":"fr_FR","og_type":"article","og_title":"Turismo de Zamora , Turismo Sostenible","og_description":"Esta es la p\u00e1gina Oficial de Turismo de Diputaci\u00f3n de Zamora, donde podr\u00e1 encontrar toda la informaci\u00f3n para disfrutar al m\u00e1ximo de nuestra provincia.","og_url":"https:\/\/turismoenzamora.es\/patrimonio-popular\/mascaradas-de-invierno\/","og_site_name":"Tourisme \u00e0 Zamora","article_publisher":"https:\/\/www.facebook.com\/ZamoraSpain\/","article_modified_time":"2022-12-26T10:38:25+00:00","og_image":[{"url":"https:\/\/turismoenzamora.es\/wp-content\/uploads\/2017\/08\/Patrimonio-culturalmasc.jpg"}],"twitter_card":"summary_large_image","twitter_site":"@ZamoraSpain","twitter_misc":{"Dur\u00e9e de lecture estim\u00e9e":"38 minutes"},"schema":{"@context":"https:\/\/schema.org","@graph":[{"@type":"WebPage","@id":"https:\/\/turismoenzamora.es\/patrimonio-popular\/mascaradas-de-invierno\/","url":"https:\/\/turismoenzamora.es\/patrimonio-popular\/mascaradas-de-invierno\/","name":"Turismo de Zamora , Turismo Sostenible","isPartOf":{"@id":"https:\/\/turismoenzamora.es\/pt\/#website"},"primaryImageOfPage":{"@id":"https:\/\/turismoenzamora.es\/patrimonio-popular\/mascaradas-de-invierno\/#primaryimage"},"image":{"@id":"https:\/\/turismoenzamora.es\/patrimonio-popular\/mascaradas-de-invierno\/#primaryimage"},"thumbnailUrl":"https:\/\/turismoenzamora.es\/wp-content\/uploads\/2017\/08\/Patrimonio-culturalmasc.jpg","datePublished":"2017-08-08T05:22:49+00:00","dateModified":"2022-12-26T10:38:25+00:00","description":"Esta es la p\u00e1gina Oficial de Turismo de Diputaci\u00f3n de Zamora, donde podr\u00e1 encontrar toda la informaci\u00f3n para disfrutar al m\u00e1ximo de nuestra provincia.","breadcrumb":{"@id":"https:\/\/turismoenzamora.es\/patrimonio-popular\/mascaradas-de-invierno\/#breadcrumb"},"inLanguage":"fr-FR","potentialAction":[{"@type":"ReadAction","target":["https:\/\/turismoenzamora.es\/patrimonio-popular\/mascaradas-de-invierno\/"]}]},{"@type":"ImageObject","inLanguage":"fr-FR","@id":"https:\/\/turismoenzamora.es\/patrimonio-popular\/mascaradas-de-invierno\/#primaryimage","url":"https:\/\/turismoenzamora.es\/wp-content\/uploads\/2017\/08\/Patrimonio-culturalmasc.jpg","contentUrl":"https:\/\/turismoenzamora.es\/wp-content\/uploads\/2017\/08\/Patrimonio-culturalmasc.jpg"},{"@type":"BreadcrumbList","@id":"https:\/\/turismoenzamora.es\/patrimonio-popular\/mascaradas-de-invierno\/#breadcrumb","itemListElement":[{"@type":"ListItem","position":1,"name":"Portada","item":"https:\/\/turismoenzamora.es\/"},{"@type":"ListItem","position":2,"name":"Patrimonio Popular","item":"https:\/\/turismoenzamora.es\/de\/patrimonio-popular\/"},{"@type":"ListItem","position":3,"name":"Mascaradas de Invierno"}]},{"@type":"WebSite","@id":"https:\/\/turismoenzamora.es\/pt\/#website","url":"https:\/\/turismoenzamora.es\/pt\/","name":"Turismo sostenible. Patronato de Turismo de la Diputaci\u00f3n de Zamora.&quot;Turismo Sostenible&quot;.","description":"Tourisme durable Office du tourisme de la Diputaci\u00f3n de Zamora","publisher":{"@id":"https:\/\/turismoenzamora.es\/pt\/#organization"},"potentialAction":[{"@type":"SearchAction","target":{"@type":"EntryPoint","urlTemplate":"https:\/\/turismoenzamora.es\/pt\/?s={search_term_string}"},"query-input":"required name=search_term_string"}],"inLanguage":"fr-FR"},{"@type":"Organization","@id":"https:\/\/turismoenzamora.es\/pt\/#organization","name":"Patronato de Turismo de la Diputaci\u00f3n de Zamora","url":"https:\/\/turismoenzamora.es\/pt\/","logo":{"@type":"ImageObject","inLanguage":"fr-FR","@id":"https:\/\/turismoenzamora.es\/pt\/#\/schema\/logo\/image\/","url":"https:\/\/turismoenzamora.es\/wp-content\/uploads\/2018\/06\/ZamoraLogo.png","contentUrl":"https:\/\/turismoenzamora.es\/wp-content\/uploads\/2018\/06\/ZamoraLogo.png","width":1276,"height":290,"caption":"Patronato de Turismo de la Diputaci\u00f3n de Zamora"},"image":{"@id":"https:\/\/turismoenzamora.es\/pt\/#\/schema\/logo\/image\/"},"sameAs":["https:\/\/www.facebook.com\/ZamoraSpain\/","https:\/\/x.com\/ZamoraSpain","https:\/\/www.instagram.com\/turismoenzamora.es\/","https:\/\/www.pinterest.es\/TurismoenZamora\/","https:\/\/www.youtube.com\/channel\/UC2bOyOZ-2cLm-uXlBFYUV9w"]}]}},"_links":{"self":[{"href":"https:\/\/turismoenzamora.es\/fr\/wp-json\/wp\/v2\/pages\/306"}],"collection":[{"href":"https:\/\/turismoenzamora.es\/fr\/wp-json\/wp\/v2\/pages"}],"about":[{"href":"https:\/\/turismoenzamora.es\/fr\/wp-json\/wp\/v2\/types\/page"}],"author":[{"embeddable":true,"href":"https:\/\/turismoenzamora.es\/fr\/wp-json\/wp\/v2\/users\/1"}],"replies":[{"embeddable":true,"href":"https:\/\/turismoenzamora.es\/fr\/wp-json\/wp\/v2\/comments?post=306"}],"version-history":[{"count":0,"href":"https:\/\/turismoenzamora.es\/fr\/wp-json\/wp\/v2\/pages\/306\/revisions"}],"up":[{"embeddable":true,"href":"https:\/\/turismoenzamora.es\/fr\/wp-json\/wp\/v2\/pages\/88"}],"wp:attachment":[{"href":"https:\/\/turismoenzamora.es\/fr\/wp-json\/wp\/v2\/media?parent=306"}],"curies":[{"name":"wp","href":"https:\/\/api.w.org\/{rel}","templated":true}]}}