{"id":285,"date":"2017-08-08T07:18:01","date_gmt":"2017-08-08T07:18:01","guid":{"rendered":"https:\/\/newweb.turismoenzamora.es\/?page_id=285"},"modified":"2022-09-15T14:01:16","modified_gmt":"2022-09-15T12:01:16","slug":"camino-de-poniente","status":"publish","type":"page","link":"https:\/\/turismoenzamora.es\/fr\/camino-de-poniente\/","title":{"rendered":"Camino de Poniente"},"content":{"rendered":"<h1>Camino de Poniente<\/h1>\n<p><img fetchpriority=\"high\" decoding=\"async\" class=\"aligncenter wp-image-15462 size-full\" src=\"https:\/\/turismoenzamora.es\/wp-content\/uploads\/2022\/09\/Camino-de-poniente.jpg\" alt=\"\" width=\"933\" height=\"465\" srcset=\"https:\/\/turismoenzamora.es\/wp-content\/uploads\/2022\/09\/Camino-de-poniente.jpg 933w, https:\/\/turismoenzamora.es\/wp-content\/uploads\/2022\/09\/Camino-de-poniente-300x150.jpg 300w, https:\/\/turismoenzamora.es\/wp-content\/uploads\/2022\/09\/Camino-de-poniente-768x383.jpg 768w\" sizes=\"(max-width: 933px) 100vw, 933px\" \/><\/p>\n<p>&nbsp;<\/p>\n<p style=\"text-align: justify;\">Los caminos jacobeos de Poniente discurren por la Comarca de Sayago, en el Sudoeste de la provincia. Una vasta penillanura gran\u00edtica de 24.000 Has, que dulcifica su relieve en llanura sedimentaria hacia el Este, enmarcada por dos sistemas fluviales: al Norte y al Oeste el r\u00edo Duero, se\u00f1alando el l\u00edmite comarcal con Aliste y el fronterizo con Portugal; al Sur el r\u00edo Tormes, que fija la l\u00ednea comarcal y provincial con Salamanca.<\/p>\n<p style=\"text-align: justify;\">La implacable acci\u00f3n erosiva de las aguas del Duero y del Tormes en la masa gran\u00edtica de la penillanura sayaguesa ha conformado los espectaculares Arribes, una verdadera frontera natural que, en gran medida, ha condicionado el devenir hist\u00f3rico de Sayago.<\/p>\n<p style=\"text-align: justify;\">Los peregrinos medievales y modernos procedentes de las salmantinas tierras de Ciudad Rodrigo y Ledesma, o de las portuguesas de Miranda do Douro y Mogadouro, recorr\u00edan estos Caminos de Poniente que conduc\u00edan a la calzada principal: La V\u00eda de la Plata en Zamora. Una red viaria secundaria trazada siglos atr\u00e1s por los romanos que permanecer\u00e1 a lo largo del tiempo llegando incluso hasta nuestros d\u00edas, caso de las calzadas Zamora-Fermoselle y Zamora-Almeida\/Carbellino, sobre las que se asientan las actuales carreteras regionales.<\/p>\n<p>&nbsp;<\/p>\n<p><img decoding=\"async\" class=\"size-medium wp-image-721 alignright\" src=\"https:\/\/turismoenzamora.es\/wp-content\/uploads\/2017\/08\/poniente_2-300x270.jpg\" alt=\"\" width=\"300\" height=\"270\" srcset=\"https:\/\/turismoenzamora.es\/wp-content\/uploads\/2017\/08\/poniente_2-300x270.jpg 300w, https:\/\/turismoenzamora.es\/wp-content\/uploads\/2017\/08\/poniente_2.jpg 385w\" sizes=\"(max-width: 300px) 100vw, 300px\" \/><\/p>\n<p style=\"text-align: justify;\">Buena prueba de la posterior utilizaci\u00f3n de las calzadas es la restauraci\u00f3n y reconstrucci\u00f3n durante el medievo y los siglos XVI y XVII, de los modestos puentes de f\u00e1brica romana que salvaban las aguas de las riberas sayaguesas.<\/p>\n<p style=\"text-align: justify;\">En los siglos XVIII y XIX calzadas y ca\u00f1adas continuar\u00e1n en pleno uso aunque con graves deficiencias de conservaci\u00f3n, y no ser\u00e1 hasta 1876 cuando se acometa una actuaci\u00f3n en los caminos sayagueses, con la aprobaci\u00f3n por la Diputaci\u00f3n Provincial del proyecto de carretera Zamora-Fermoselle, con bifurcaci\u00f3n hacia Aliste en Bermillo de Sayago. Las deficiencias seculares de la red viaria zamorana se acentuaban en el oeste provincial, contribuyendo decisivamente al paulatino aislamiento de las comarcas. Sayago y Aliste quedaron definitivamente comunicados por carretera en 1914, cuando se inaugura el esbelto puente met\u00e1lico de Requejo.<\/p>\n<p>&nbsp;<\/p>\n<p><a href=\"https:\/\/turismoenzamora.es\/wp-content\/uploads\/2022\/09\/camino-de-poniente-2021.pdf\" target=\"_blank\" rel=\"noopener nooper\"><br \/>\n<\/a><a href=\"https:\/\/turismoenzamora.es\/wp-content\/uploads\/2022\/09\/camino-de-poniente-2021.pdf\" target=\"_blank\" rel=\"noopener nooper\"><img decoding=\"async\" class=\"alignnone wp-image-640 size-full\" src=\"https:\/\/turismoenzamora.es\/wp-content\/uploads\/2017\/08\/masinfo.png\" alt=\"\" width=\"63\" height=\"32\"><\/a><\/p>\n","protected":false},"excerpt":{"rendered":"<p>Camino de Poniente &nbsp; Los caminos jacobeos de Poniente discurren por la Comarca de Sayago, en el Sudoeste de la provincia. Una vasta penillanura gran\u00edtica de 24.000 Has, que dulcifica su relieve en llanura sedimentaria hacia el Este, enmarcada por dos sistemas fluviales: al Norte y al Oeste el r\u00edo Duero, se\u00f1alando el l\u00edmite comarcal [&hellip;]<\/p>\n","protected":false},"author":1,"featured_media":0,"parent":0,"menu_order":0,"comment_status":"closed","ping_status":"closed","template":"","meta":{"inline_featured_image":false,"site-sidebar-layout":"default","site-content-layout":"","ast-site-content-layout":"","site-content-style":"default","site-sidebar-style":"default","ast-global-header-display":"","ast-banner-title-visibility":"","ast-main-header-display":"","ast-hfb-above-header-display":"","ast-hfb-below-header-display":"","ast-hfb-mobile-header-display":"","site-post-title":"","ast-breadcrumbs-content":"","ast-featured-img":"","footer-sml-layout":"","theme-transparent-header-meta":"","adv-header-id-meta":"","stick-header-meta":"","header-above-stick-meta":"","header-main-stick-meta":"","header-below-stick-meta":"","astra-migrate-meta-layouts":"default","ast-page-background-enabled":"default","ast-page-background-meta":{"desktop":{"background-color":"","background-image":"","background-repeat":"repeat","background-position":"center center","background-size":"auto","background-attachment":"scroll","background-type":"","background-media":"","overlay-type":"","overlay-color":"","overlay-opacity":"","overlay-gradient":""},"tablet":{"background-color":"","background-image":"","background-repeat":"repeat","background-position":"center center","background-size":"auto","background-attachment":"scroll","background-type":"","background-media":"","overlay-type":"","overlay-color":"","overlay-opacity":"","overlay-gradient":""},"mobile":{"background-color":"","background-image":"","background-repeat":"repeat","background-position":"center center","background-size":"auto","background-attachment":"scroll","background-type":"","background-media":"","overlay-type":"","overlay-color":"","overlay-opacity":"","overlay-gradient":""}},"ast-content-background-meta":{"desktop":{"background-color":"var(--ast-global-color-5)","background-image":"","background-repeat":"repeat","background-position":"center center","background-size":"auto","background-attachment":"scroll","background-type":"","background-media":"","overlay-type":"","overlay-color":"","overlay-opacity":"","overlay-gradient":""},"tablet":{"background-color":"var(--ast-global-color-5)","background-image":"","background-repeat":"repeat","background-position":"center center","background-size":"auto","background-attachment":"scroll","background-type":"","background-media":"","overlay-type":"","overlay-color":"","overlay-opacity":"","overlay-gradient":""},"mobile":{"background-color":"var(--ast-global-color-5)","background-image":"","background-repeat":"repeat","background-position":"center center","background-size":"auto","background-attachment":"scroll","background-type":"","background-media":"","overlay-type":"","overlay-color":"","overlay-opacity":"","overlay-gradient":""}},"ngg_post_thumbnail":0,"footnotes":""},"yoast_head":"<!-- This site is optimized with the Yoast SEO plugin v23.0 - https:\/\/yoast.com\/wordpress\/plugins\/seo\/ -->\n<title>Turismo de Zamora , Turismo Sostenible<\/title>\n<meta name=\"description\" content=\"Esta es la p\u00e1gina Oficial de Turismo de Diputaci\u00f3n de Zamora, donde podr\u00e1 encontrar toda la informaci\u00f3n para disfrutar al m\u00e1ximo de nuestra provincia.\" \/>\n<meta name=\"robots\" content=\"index, follow, max-snippet:-1, max-image-preview:large, max-video-preview:-1\" \/>\n<link rel=\"canonical\" href=\"https:\/\/turismoenzamora.es\/camino-de-poniente\/\" \/>\n<meta property=\"og:locale\" content=\"fr_FR\" \/>\n<meta property=\"og:type\" content=\"article\" \/>\n<meta property=\"og:title\" content=\"Turismo de Zamora , Turismo Sostenible\" \/>\n<meta property=\"og:description\" content=\"Esta es la p\u00e1gina Oficial de Turismo de Diputaci\u00f3n de Zamora, donde podr\u00e1 encontrar toda la informaci\u00f3n para disfrutar al m\u00e1ximo de nuestra provincia.\" \/>\n<meta property=\"og:url\" content=\"https:\/\/turismoenzamora.es\/camino-de-poniente\/\" \/>\n<meta property=\"og:site_name\" content=\"Tourisme \u00e0 Zamora\" \/>\n<meta property=\"article:publisher\" content=\"https:\/\/www.facebook.com\/ZamoraSpain\/\" \/>\n<meta property=\"article:modified_time\" content=\"2022-09-15T12:01:16+00:00\" \/>\n<meta property=\"og:image\" content=\"https:\/\/turismoenzamora.es\/wp-content\/uploads\/2022\/09\/Camino-de-poniente.jpg\" \/>\n<meta name=\"twitter:card\" content=\"summary_large_image\" \/>\n<meta name=\"twitter:site\" content=\"@ZamoraSpain\" \/>\n<meta name=\"twitter:label1\" content=\"Dur\u00e9e de lecture estim\u00e9e\" \/>\n\t<meta name=\"twitter:data1\" content=\"3 minutes\" \/>\n<script type=\"application\/ld+json\" class=\"yoast-schema-graph\">{\"@context\":\"https:\/\/schema.org\",\"@graph\":[{\"@type\":\"WebPage\",\"@id\":\"https:\/\/turismoenzamora.es\/camino-de-poniente\/\",\"url\":\"https:\/\/turismoenzamora.es\/camino-de-poniente\/\",\"name\":\"Turismo de Zamora , Turismo Sostenible\",\"isPartOf\":{\"@id\":\"https:\/\/turismoenzamora.es\/pt\/#website\"},\"primaryImageOfPage\":{\"@id\":\"https:\/\/turismoenzamora.es\/camino-de-poniente\/#primaryimage\"},\"image\":{\"@id\":\"https:\/\/turismoenzamora.es\/camino-de-poniente\/#primaryimage\"},\"thumbnailUrl\":\"https:\/\/turismoenzamora.es\/wp-content\/uploads\/2022\/09\/Camino-de-poniente.jpg\",\"datePublished\":\"2017-08-08T07:18:01+00:00\",\"dateModified\":\"2022-09-15T12:01:16+00:00\",\"description\":\"Esta es la p\u00e1gina Oficial de Turismo de Diputaci\u00f3n de Zamora, donde podr\u00e1 encontrar toda la informaci\u00f3n para disfrutar al m\u00e1ximo de nuestra provincia.\",\"breadcrumb\":{\"@id\":\"https:\/\/turismoenzamora.es\/camino-de-poniente\/#breadcrumb\"},\"inLanguage\":\"fr-FR\",\"potentialAction\":[{\"@type\":\"ReadAction\",\"target\":[\"https:\/\/turismoenzamora.es\/camino-de-poniente\/\"]}]},{\"@type\":\"ImageObject\",\"inLanguage\":\"fr-FR\",\"@id\":\"https:\/\/turismoenzamora.es\/camino-de-poniente\/#primaryimage\",\"url\":\"https:\/\/turismoenzamora.es\/wp-content\/uploads\/2022\/09\/Camino-de-poniente.jpg\",\"contentUrl\":\"https:\/\/turismoenzamora.es\/wp-content\/uploads\/2022\/09\/Camino-de-poniente.jpg\"},{\"@type\":\"BreadcrumbList\",\"@id\":\"https:\/\/turismoenzamora.es\/camino-de-poniente\/#breadcrumb\",\"itemListElement\":[{\"@type\":\"ListItem\",\"position\":1,\"name\":\"Portada\",\"item\":\"https:\/\/turismoenzamora.es\/\"},{\"@type\":\"ListItem\",\"position\":2,\"name\":\"Camino de Poniente\"}]},{\"@type\":\"WebSite\",\"@id\":\"https:\/\/turismoenzamora.es\/pt\/#website\",\"url\":\"https:\/\/turismoenzamora.es\/pt\/\",\"name\":\"Turismo sostenible. Patronato de Turismo de la Diputaci\u00f3n de Zamora.&quot;Turismo Sostenible&quot;.\",\"description\":\"Tourisme durable Office du tourisme de la Diputaci\u00f3n de Zamora\",\"publisher\":{\"@id\":\"https:\/\/turismoenzamora.es\/pt\/#organization\"},\"potentialAction\":[{\"@type\":\"SearchAction\",\"target\":{\"@type\":\"EntryPoint\",\"urlTemplate\":\"https:\/\/turismoenzamora.es\/pt\/?s={search_term_string}\"},\"query-input\":\"required name=search_term_string\"}],\"inLanguage\":\"fr-FR\"},{\"@type\":\"Organization\",\"@id\":\"https:\/\/turismoenzamora.es\/pt\/#organization\",\"name\":\"Patronato de Turismo de la Diputaci\u00f3n de Zamora\",\"url\":\"https:\/\/turismoenzamora.es\/pt\/\",\"logo\":{\"@type\":\"ImageObject\",\"inLanguage\":\"fr-FR\",\"@id\":\"https:\/\/turismoenzamora.es\/pt\/#\/schema\/logo\/image\/\",\"url\":\"https:\/\/turismoenzamora.es\/wp-content\/uploads\/2018\/06\/ZamoraLogo.png\",\"contentUrl\":\"https:\/\/turismoenzamora.es\/wp-content\/uploads\/2018\/06\/ZamoraLogo.png\",\"width\":1276,\"height\":290,\"caption\":\"Patronato de Turismo de la Diputaci\u00f3n de Zamora\"},\"image\":{\"@id\":\"https:\/\/turismoenzamora.es\/pt\/#\/schema\/logo\/image\/\"},\"sameAs\":[\"https:\/\/www.facebook.com\/ZamoraSpain\/\",\"https:\/\/x.com\/ZamoraSpain\",\"https:\/\/www.instagram.com\/turismoenzamora.es\/\",\"https:\/\/www.pinterest.es\/TurismoenZamora\/\",\"https:\/\/www.youtube.com\/channel\/UC2bOyOZ-2cLm-uXlBFYUV9w\"]}]}<\/script>\n<!-- \/ Yoast SEO plugin. -->","yoast_head_json":{"title":"Turismo de Zamora , Turismo Sostenible","description":"Esta es la p\u00e1gina Oficial de Turismo de Diputaci\u00f3n de Zamora, donde podr\u00e1 encontrar toda la informaci\u00f3n para disfrutar al m\u00e1ximo de nuestra provincia.","robots":{"index":"index","follow":"follow","max-snippet":"max-snippet:-1","max-image-preview":"max-image-preview:large","max-video-preview":"max-video-preview:-1"},"canonical":"https:\/\/turismoenzamora.es\/camino-de-poniente\/","og_locale":"fr_FR","og_type":"article","og_title":"Turismo de Zamora , Turismo Sostenible","og_description":"Esta es la p\u00e1gina Oficial de Turismo de Diputaci\u00f3n de Zamora, donde podr\u00e1 encontrar toda la informaci\u00f3n para disfrutar al m\u00e1ximo de nuestra provincia.","og_url":"https:\/\/turismoenzamora.es\/camino-de-poniente\/","og_site_name":"Tourisme \u00e0 Zamora","article_publisher":"https:\/\/www.facebook.com\/ZamoraSpain\/","article_modified_time":"2022-09-15T12:01:16+00:00","og_image":[{"url":"https:\/\/turismoenzamora.es\/wp-content\/uploads\/2022\/09\/Camino-de-poniente.jpg"}],"twitter_card":"summary_large_image","twitter_site":"@ZamoraSpain","twitter_misc":{"Dur\u00e9e de lecture estim\u00e9e":"3 minutes"},"schema":{"@context":"https:\/\/schema.org","@graph":[{"@type":"WebPage","@id":"https:\/\/turismoenzamora.es\/camino-de-poniente\/","url":"https:\/\/turismoenzamora.es\/camino-de-poniente\/","name":"Turismo de Zamora , Turismo Sostenible","isPartOf":{"@id":"https:\/\/turismoenzamora.es\/pt\/#website"},"primaryImageOfPage":{"@id":"https:\/\/turismoenzamora.es\/camino-de-poniente\/#primaryimage"},"image":{"@id":"https:\/\/turismoenzamora.es\/camino-de-poniente\/#primaryimage"},"thumbnailUrl":"https:\/\/turismoenzamora.es\/wp-content\/uploads\/2022\/09\/Camino-de-poniente.jpg","datePublished":"2017-08-08T07:18:01+00:00","dateModified":"2022-09-15T12:01:16+00:00","description":"Esta es la p\u00e1gina Oficial de Turismo de Diputaci\u00f3n de Zamora, donde podr\u00e1 encontrar toda la informaci\u00f3n para disfrutar al m\u00e1ximo de nuestra provincia.","breadcrumb":{"@id":"https:\/\/turismoenzamora.es\/camino-de-poniente\/#breadcrumb"},"inLanguage":"fr-FR","potentialAction":[{"@type":"ReadAction","target":["https:\/\/turismoenzamora.es\/camino-de-poniente\/"]}]},{"@type":"ImageObject","inLanguage":"fr-FR","@id":"https:\/\/turismoenzamora.es\/camino-de-poniente\/#primaryimage","url":"https:\/\/turismoenzamora.es\/wp-content\/uploads\/2022\/09\/Camino-de-poniente.jpg","contentUrl":"https:\/\/turismoenzamora.es\/wp-content\/uploads\/2022\/09\/Camino-de-poniente.jpg"},{"@type":"BreadcrumbList","@id":"https:\/\/turismoenzamora.es\/camino-de-poniente\/#breadcrumb","itemListElement":[{"@type":"ListItem","position":1,"name":"Portada","item":"https:\/\/turismoenzamora.es\/"},{"@type":"ListItem","position":2,"name":"Camino de Poniente"}]},{"@type":"WebSite","@id":"https:\/\/turismoenzamora.es\/pt\/#website","url":"https:\/\/turismoenzamora.es\/pt\/","name":"Turismo sostenible. Patronato de Turismo de la Diputaci\u00f3n de Zamora.&quot;Turismo Sostenible&quot;.","description":"Tourisme durable Office du tourisme de la Diputaci\u00f3n de Zamora","publisher":{"@id":"https:\/\/turismoenzamora.es\/pt\/#organization"},"potentialAction":[{"@type":"SearchAction","target":{"@type":"EntryPoint","urlTemplate":"https:\/\/turismoenzamora.es\/pt\/?s={search_term_string}"},"query-input":"required name=search_term_string"}],"inLanguage":"fr-FR"},{"@type":"Organization","@id":"https:\/\/turismoenzamora.es\/pt\/#organization","name":"Patronato de Turismo de la Diputaci\u00f3n de Zamora","url":"https:\/\/turismoenzamora.es\/pt\/","logo":{"@type":"ImageObject","inLanguage":"fr-FR","@id":"https:\/\/turismoenzamora.es\/pt\/#\/schema\/logo\/image\/","url":"https:\/\/turismoenzamora.es\/wp-content\/uploads\/2018\/06\/ZamoraLogo.png","contentUrl":"https:\/\/turismoenzamora.es\/wp-content\/uploads\/2018\/06\/ZamoraLogo.png","width":1276,"height":290,"caption":"Patronato de Turismo de la Diputaci\u00f3n de Zamora"},"image":{"@id":"https:\/\/turismoenzamora.es\/pt\/#\/schema\/logo\/image\/"},"sameAs":["https:\/\/www.facebook.com\/ZamoraSpain\/","https:\/\/x.com\/ZamoraSpain","https:\/\/www.instagram.com\/turismoenzamora.es\/","https:\/\/www.pinterest.es\/TurismoenZamora\/","https:\/\/www.youtube.com\/channel\/UC2bOyOZ-2cLm-uXlBFYUV9w"]}]}},"_links":{"self":[{"href":"https:\/\/turismoenzamora.es\/fr\/wp-json\/wp\/v2\/pages\/285"}],"collection":[{"href":"https:\/\/turismoenzamora.es\/fr\/wp-json\/wp\/v2\/pages"}],"about":[{"href":"https:\/\/turismoenzamora.es\/fr\/wp-json\/wp\/v2\/types\/page"}],"author":[{"embeddable":true,"href":"https:\/\/turismoenzamora.es\/fr\/wp-json\/wp\/v2\/users\/1"}],"replies":[{"embeddable":true,"href":"https:\/\/turismoenzamora.es\/fr\/wp-json\/wp\/v2\/comments?post=285"}],"version-history":[{"count":0,"href":"https:\/\/turismoenzamora.es\/fr\/wp-json\/wp\/v2\/pages\/285\/revisions"}],"wp:attachment":[{"href":"https:\/\/turismoenzamora.es\/fr\/wp-json\/wp\/v2\/media?parent=285"}],"curies":[{"name":"wp","href":"https:\/\/api.w.org\/{rel}","templated":true}]}}