{"id":280,"date":"2017-08-08T07:16:15","date_gmt":"2017-08-08T07:16:15","guid":{"rendered":"https:\/\/newweb.turismoenzamora.es\/?page_id=280"},"modified":"2017-11-20T17:44:20","modified_gmt":"2017-11-20T17:44:20","slug":"ruta-de-los-museos","status":"publish","type":"page","link":"https:\/\/turismoenzamora.es\/fr\/ruta-de-los-museos\/","title":{"rendered":"Route des Mus\u00e9es"},"content":{"rendered":"<p><\/p>\n<h1>Route des Mus\u00e9es<\/h1>\n<p>&nbsp;<\/p>\n<p><img fetchpriority=\"high\" decoding=\"async\" class=\" wp-image-687 aligncenter\" src=\"https:\/\/turismoenzamora.es\/wp-content\/uploads\/2017\/08\/museos_1-300x179.jpg\" alt=\"\" width=\"582\" height=\"347\" srcset=\"https:\/\/turismoenzamora.es\/wp-content\/uploads\/2017\/08\/museos_1-300x179.jpg 300w, https:\/\/turismoenzamora.es\/wp-content\/uploads\/2017\/08\/museos_1.jpg 670w\" sizes=\"(max-width: 582px) 100vw, 582px\" \/><\/p>\n<p>Cette route permet au visiteur de conna\u00eetre Zamora d&rsquo;un point de vue diff\u00e9rent.<\/p>\n<p><strong><img decoding=\"async\" class=\"size-full wp-image-691 alignleft\" src=\"https:\/\/turismoenzamora.es\/wp-content\/uploads\/2017\/08\/museos_2.jpg\" alt=\"\" width=\"120\" height=\"120\">Baltasar Lobo &#8211; Ch\u00e2teau centre d&rsquo;art.<\/strong>&nbsp;L&rsquo;\u0153uvre de l&rsquo;auteur n\u00e9 \u00e0 Cerecinos de Campos peut \u00eatre admir\u00e9e dans les jardins du ch\u00e2teau, sur le parcours de la Liza et dans la Casa de los Gigantes, la Maison des g\u00e9ants (d&rsquo;immenses pantins). Un cadre unique pour 73 \u0153uvres de Baltasar Lobo. Sur deux \u00e9tages, le Centre d&rsquo;art Baltasar Lobo reprend une partie importante de l&rsquo;\u0153uvre qui, en son temps, fut c\u00e9d\u00e9e \u00e0 la ville et qui comporte dessins, photographies, outils de travail et plus d&rsquo;une cinquantaine d&rsquo;\u0153uvres que le sculpteur de Zamora r\u00e9alisa au cours de sa vie.<\/p>\n<p>N\u00e9 \u00e0 Cerecinos de Campos le 22 f\u00e9vrier 1910, Baltasar Lobo est l&rsquo;un des sculpteurs espagnols les plus remarquables du XXe si\u00e8cle. Sa formation commence \u00e0 l&rsquo;\u00e2ge de 12 ans lorsqu&rsquo;il commence \u00e0 travailler dans un atelier de sculpture de Valladolid. \u00c0 Madrid, il \u00e9tudie \u00e0 l&rsquo;\u00c9cole des beaux-arts et au Cercle des beaux-arts. Pendant la guerre civile espagnole, il s&rsquo;exile en France, et re\u00e7oit l&rsquo;aide personnelle de Picasso et de Henry Laurens de qui il reprend l&rsquo;int\u00e9r\u00eat pour l&rsquo;harmonie des courbes qui caract\u00e9rise son \u0153uvre. Il y vit et y r\u00e9alise toute son \u0153uvre jusqu&rsquo;\u00e0 sa mort \u00e0 Paris en 1993.<\/p>\n<p><img decoding=\"async\" class=\"size-medium wp-image-693 alignleft\" src=\"https:\/\/turismoenzamora.es\/wp-content\/uploads\/2017\/08\/museos_3-300x197.jpg\" alt=\"\" width=\"300\" height=\"197\" srcset=\"https:\/\/turismoenzamora.es\/wp-content\/uploads\/2017\/08\/museos_3-300x197.jpg 300w, https:\/\/turismoenzamora.es\/wp-content\/uploads\/2017\/08\/museos_3.jpg 731w\" sizes=\"(max-width: 300px) 100vw, 300px\" \/>Le&nbsp;<strong>Mus\u00e9e de la cath\u00e9drale&nbsp;<\/strong>fut inaugur\u00e9 en 1926 dans le but d&rsquo;abriter des \u0153uvres provenant aussi bien de la propre cath\u00e9drale que d&rsquo;autres paroisses du dioc\u00e8se pour les montrer au public. Ce mus\u00e9e connait un important remaniement \u00e0 l&rsquo;occasion de la c\u00e9l\u00e9bration de \u00ab\u00a0Les \u00e2ges de l&rsquo;humanit\u00e9\u00a0\u00bb en 2001. Depuis 2005, la visite du mus\u00e9e et de la cath\u00e9drale s&rsquo;effectuent conjointement. On y trouve la repr\u00e9sentation de la Vierge \u00e0 l&rsquo;enfant et saint Jean, en marbre, attribu\u00e9e \u00e0 Ord\u00f3\u00f1ez, les magnifiques panneaux de Fernando Gallego, des cuivres et des repr\u00e9sentations rapha\u00e9lesques.<\/p>\n<p>Ce mus\u00e9e \u00e9piscopal se distingue particuli\u00e8rement pour sa collection de tapisseries franco-flamandes des XVe et XVIe si\u00e8cles, qui compte une vingtaine de pi\u00e8ces. Elle comprend les s\u00e9ries La vigne et L&rsquo;histoire d&rsquo;Alexandre (tapisseries d&rsquo;Arras du XVe si\u00e8cle), celle consacr\u00e9e \u00e0 la guerre de Troie, tiss\u00e9e \u00e0 Tournai vers 1470, dont la cath\u00e9drale de Zamora dispose de 4 parmi les 11 qu&rsquo;elle comprenait initialement (donn\u00e9es \u00e0 la cath\u00e9drale en 1608 par le sixi\u00e8me Comte de Alba et d&rsquo;Aliste), et celle d&rsquo;Hannibal, r\u00e9alis\u00e9e \u00e0 Bruxelles autour de 1570 (5 tapisseries des 8 d&rsquo;origine). La tapisserie de Tarquin l&rsquo;Ancien, roi de Rome, est l&rsquo;\u0153uvre des ateliers de Tournai du dernier tiers du XVe si\u00e8cle, et l&rsquo;une des pi\u00e8ces les plus importantes en son genre au niveau mondial.<\/p>\n<p><img loading=\"lazy\" decoding=\"async\" class=\"size-medium wp-image-696 alignleft\" src=\"https:\/\/turismoenzamora.es\/wp-content\/uploads\/2017\/08\/museos_4-300x201.jpg\" alt=\"\" width=\"300\" height=\"201\" srcset=\"https:\/\/turismoenzamora.es\/wp-content\/uploads\/2017\/08\/museos_4-300x201.jpg 300w, https:\/\/turismoenzamora.es\/wp-content\/uploads\/2017\/08\/museos_4.jpg 717w\" sizes=\"(max-width: 300px) 100vw, 300px\" \/>Le&nbsp;<strong>Mus\u00e9e de Zamora&nbsp;<\/strong>comprend deux sections, arch\u00e9ologie et beaux-arts. La premi\u00e8re nous fait voyager au cours de l&rsquo;histoire de la province, depuis le Pal\u00e9olithique jusqu&rsquo;\u00e0 l&rsquo;\u00e9poque moderne ; la deuxi\u00e8me pr\u00e9sente un fonds artistique &#8211; des sculptures et principalement des peintures &#8211; du XIVe au XXe si\u00e8cles. Une salle pr\u00e9sentant des \u00e9l\u00e9ments significatifs de l&rsquo;\u00e9volution historique de la ville de Zamora compl\u00e8te le parcours de l&rsquo;exposition.<\/p>\n<p>Le Mus\u00e9e de Zamora fut cr\u00e9\u00e9 \u00e0 la suite du d\u00e9samortissement eccl\u00e9siastique qui prit fin au si\u00e8cle dernier (mise aux ench\u00e8res des biens de l&rsquo;\u00c9glise) ; ses premiers fonds auraient \u00e9t\u00e9, par cons\u00e9quent, les peintures provenant des monast\u00e8res supprim\u00e9s dans la province.<\/p>\n<p>Inaugur\u00e9 de mani\u00e8re symbolique par le Roi Alphonse XII d\u00e8s 1877, son ouverture ne deviendra effective qu&rsquo;en 1911, quand il occupera l&rsquo;\u00e9glise du couvent de Las Marinas. La d\u00e9molition de ce dernier en 1975 a contraint le mus\u00e9e \u00e0 une l\u00e9thargie forc\u00e9e, ses fonds \u00e9tant longtemps conserv\u00e9s dans l&rsquo;entrep\u00f4t improvis\u00e9 de l&rsquo;\u00e9glise de l&rsquo;H\u00f4pital de l&rsquo;incarnation.<br \/>\nOutre la section d&rsquo;arch\u00e9ologie et la section des beaux-arts, la salle de la ville pr\u00e9sente l&rsquo;histoire de la capitale de Zamora \u00e0 travers des \u00e9l\u00e9ments architecturaux, des boucliers, des girouettes en fer forg\u00e9 et des photographies.<\/p>\n<p><img loading=\"lazy\" decoding=\"async\" class=\"size-medium wp-image-695 alignleft\" src=\"https:\/\/turismoenzamora.es\/wp-content\/uploads\/2017\/08\/museos_5-300x182.jpg\" alt=\"\" width=\"300\" height=\"182\" srcset=\"https:\/\/turismoenzamora.es\/wp-content\/uploads\/2017\/08\/museos_5-300x182.jpg 300w, https:\/\/turismoenzamora.es\/wp-content\/uploads\/2017\/08\/museos_5-768x465.jpg 768w, https:\/\/turismoenzamora.es\/wp-content\/uploads\/2017\/08\/museos_5.jpg 853w\" sizes=\"(max-width: 300px) 100vw, 300px\" \/>Le&nbsp;<a href=\"http:\/\/www.ssantazamora.es\/\"><strong>Mus\u00e9e de la Semaine sainte<\/strong><\/a>&nbsp;est devenu au fil des ans un \u00e9l\u00e9ment essentiel pour comprendre cette manifestation religieuse, car il permet au visiteur non seulement d&rsquo;appr\u00e9hender, \u00e0 travers les images expos\u00e9es, les \u00e9motions des rituels, mais \u00e9galement de les vivre.<\/p>\n<p>Allant au-del\u00e0 d&rsquo;une manifestation du sentiment religieux, le Conseil Pro Semaine Sainte a cr\u00e9\u00e9 ce mus\u00e9e dans les ann\u00e9es 60, pour r\u00e9pondre au besoin in\u00e9luctable de disposer d&rsquo;un lieu vou\u00e9 \u00e0 la conservation et \u00e0 l&rsquo;exposition des \u0153uvres d&rsquo;imagerie.<\/p>\n<p>On y expose la plupart des groupes de statues qui d\u00e9filent lors des diff\u00e9rentes processions (37), ainsi que les tuniques et les habits des diff\u00e9rentes confr\u00e9ries. Il faut souligner les travaux du sculpteur de Zamora Ram\u00f3n \u00c1lvarez et ceux du sculpteur valencien Mariano Benlliure.<\/p>\n<p><img loading=\"lazy\" decoding=\"async\" class=\" wp-image-697 alignleft\" src=\"https:\/\/turismoenzamora.es\/wp-content\/uploads\/2017\/08\/museos_6.jpg\" alt=\"\" width=\"214\" height=\"214\">Le&nbsp;<a href=\"http:\/\/www.museo-etnografico.com\/\"><strong>Mus\u00e9e ethnographique de Castille-et-Le\u00f3n<\/strong><\/a>&nbsp;veut contribuer \u00e0 ce que les visiteurs r\u00e9fl\u00e9chissent sur les aspects qui concernent l&rsquo;individu, sa vie en communaut\u00e9 et sa capacit\u00e9 \u00e0 faire face aux probl\u00e8mes soulev\u00e9s par l&rsquo;environnement.&nbsp; Le Mus\u00e9e ethnographique de Castille-et-Le\u00f3n r\u00e9sulte du besoin, encourag\u00e9 par le Conseil de Castille et Le\u00f3n, de cr\u00e9er un centre dynamique visant \u00e0 accueillir le patrimoine populaire riche et vari\u00e9 de la R\u00e9gion, et qui serve en m\u00eame temps \u00e0 centraliser l&rsquo;\u00e9tude et la diffusion des disciplines scientifiques qui concernent l&rsquo;h\u00e9ritage ethnographique.<\/p>\n<p>Avec cette m\u00eame intention, la caisse d&rsquo;\u00e9pargne Caja Espa\u00f1a c\u00e8de une tr\u00e8s riche collection de 10 000 pi\u00e8ces, et l&rsquo;administration provinciale et la mairie de Zamora, ville o\u00f9 le Conseil cr\u00e9e un b\u00e2timent \u00e0 cette fin, r\u00e9pondent imm\u00e9diatement \u00e0 cette proposition originale. Il est aujourd&rsquo;hui int\u00e9gr\u00e9 au R\u00e9seau des mus\u00e9es r\u00e9gionaux.<\/p>\n<p><img loading=\"lazy\" decoding=\"async\" class=\"size-medium wp-image-698 alignleft\" src=\"https:\/\/turismoenzamora.es\/wp-content\/uploads\/2017\/08\/museos_7-300x203.jpg\" alt=\"\" width=\"300\" height=\"203\" srcset=\"https:\/\/turismoenzamora.es\/wp-content\/uploads\/2017\/08\/museos_7-300x203.jpg 300w, https:\/\/turismoenzamora.es\/wp-content\/uploads\/2017\/08\/museos_7-768x519.jpg 768w, https:\/\/turismoenzamora.es\/wp-content\/uploads\/2017\/08\/museos_7.jpg 980w\" sizes=\"(max-width: 300px) 100vw, 300px\" \/>Le<strong>&nbsp;Mus\u00e9e dioc\u00e9sain de Zamora<\/strong>, inaugur\u00e9 en juillet 2012, est situ\u00e9 dans l&rsquo;\u00e9glise romane Santo Tom\u00e9. C&rsquo;est ici que le dioc\u00e8se de Zamora diffuse \u00e0 titre didactique les contenus les plus importants de la foi catholique, par le biais d&rsquo;expositions permanentes et temporaires d&rsquo;\u00e9minentes \u0153uvres d&rsquo;art chr\u00e9tien.&nbsp; Le b\u00e2timent contient deux magnifiques chapiteaux du d\u00e9but du XIIe s., qui repr\u00e9sentent l&rsquo;Adoration des bergers et l&rsquo;Adoration des rois mages.<\/p>\n<p>Le Mus\u00e9e dioc\u00e9sain de Zamora dispose d&rsquo;audioguides en anglais, en espagnol et en portugais, qui expliquent certaines \u0153uvres artistiques expos\u00e9es, ainsi que de publications et de produits li\u00e9s \u00e0 leur contenu.<\/p>","protected":false},"excerpt":{"rendered":"<p>Route des Mus\u00e9es &nbsp; Cette route permet au visiteur de conna\u00eetre Zamora d&rsquo;un point de vue diff\u00e9rent. Baltasar Lobo &#8211; Ch\u00e2teau centre d&rsquo;art.&nbsp;L&rsquo;\u0153uvre de l&rsquo;auteur n\u00e9 \u00e0 Cerecinos de Campos peut \u00eatre admir\u00e9e dans les jardins du ch\u00e2teau, sur le parcours de la Liza et dans la Casa de los Gigantes, la Maison des g\u00e9ants [&hellip;]<\/p>\n","protected":false},"author":1,"featured_media":0,"parent":0,"menu_order":0,"comment_status":"closed","ping_status":"closed","template":"","meta":{"inline_featured_image":false,"site-sidebar-layout":"default","site-content-layout":"","ast-site-content-layout":"","site-content-style":"default","site-sidebar-style":"default","ast-global-header-display":"","ast-banner-title-visibility":"","ast-main-header-display":"","ast-hfb-above-header-display":"","ast-hfb-below-header-display":"","ast-hfb-mobile-header-display":"","site-post-title":"","ast-breadcrumbs-content":"","ast-featured-img":"","footer-sml-layout":"","theme-transparent-header-meta":"","adv-header-id-meta":"","stick-header-meta":"","header-above-stick-meta":"","header-main-stick-meta":"","header-below-stick-meta":"","astra-migrate-meta-layouts":"default","ast-page-background-enabled":"default","ast-page-background-meta":{"desktop":{"background-color":"","background-image":"","background-repeat":"repeat","background-position":"center center","background-size":"auto","background-attachment":"scroll","background-type":"","background-media":"","overlay-type":"","overlay-color":"","overlay-opacity":"","overlay-gradient":""},"tablet":{"background-color":"","background-image":"","background-repeat":"repeat","background-position":"center center","background-size":"auto","background-attachment":"scroll","background-type":"","background-media":"","overlay-type":"","overlay-color":"","overlay-opacity":"","overlay-gradient":""},"mobile":{"background-color":"","background-image":"","background-repeat":"repeat","background-position":"center center","background-size":"auto","background-attachment":"scroll","background-type":"","background-media":"","overlay-type":"","overlay-color":"","overlay-opacity":"","overlay-gradient":""}},"ast-content-background-meta":{"desktop":{"background-color":"var(--ast-global-color-5)","background-image":"","background-repeat":"repeat","background-position":"center center","background-size":"auto","background-attachment":"scroll","background-type":"","background-media":"","overlay-type":"","overlay-color":"","overlay-opacity":"","overlay-gradient":""},"tablet":{"background-color":"var(--ast-global-color-5)","background-image":"","background-repeat":"repeat","background-position":"center center","background-size":"auto","background-attachment":"scroll","background-type":"","background-media":"","overlay-type":"","overlay-color":"","overlay-opacity":"","overlay-gradient":""},"mobile":{"background-color":"var(--ast-global-color-5)","background-image":"","background-repeat":"repeat","background-position":"center center","background-size":"auto","background-attachment":"scroll","background-type":"","background-media":"","overlay-type":"","overlay-color":"","overlay-opacity":"","overlay-gradient":""}},"ngg_post_thumbnail":0,"footnotes":""},"yoast_head":"<!-- This site is optimized with the Yoast SEO plugin v23.0 - https:\/\/yoast.com\/wordpress\/plugins\/seo\/ -->\n<title>Turismo de Zamora , Turismo Sostenible<\/title>\n<meta name=\"description\" content=\"Esta es la p\u00e1gina Oficial de Turismo de Diputaci\u00f3n de Zamora, donde podr\u00e1 encontrar toda la informaci\u00f3n para disfrutar al m\u00e1ximo de nuestra provincia.\" \/>\n<meta name=\"robots\" content=\"index, follow, max-snippet:-1, max-image-preview:large, max-video-preview:-1\" \/>\n<link rel=\"canonical\" href=\"https:\/\/turismoenzamora.es\/en\/ruta-de-los-museos\/\" \/>\n<meta property=\"og:locale\" content=\"fr_FR\" \/>\n<meta property=\"og:type\" content=\"article\" \/>\n<meta property=\"og:title\" content=\"Turismo de Zamora , Turismo Sostenible\" \/>\n<meta property=\"og:description\" content=\"Esta es la p\u00e1gina Oficial de Turismo de Diputaci\u00f3n de Zamora, donde podr\u00e1 encontrar toda la informaci\u00f3n para disfrutar al m\u00e1ximo de nuestra provincia.\" \/>\n<meta property=\"og:url\" content=\"https:\/\/turismoenzamora.es\/en\/ruta-de-los-museos\/\" \/>\n<meta property=\"og:site_name\" content=\"Tourisme \u00e0 Zamora\" \/>\n<meta property=\"article:publisher\" content=\"https:\/\/www.facebook.com\/ZamoraSpain\/\" \/>\n<meta property=\"article:modified_time\" content=\"2017-11-20T17:44:20+00:00\" \/>\n<meta property=\"og:image\" content=\"https:\/\/turismoenzamora.es\/wp-content\/uploads\/2017\/08\/museos_1-300x179.jpg\" \/>\n<meta name=\"twitter:card\" content=\"summary_large_image\" \/>\n<meta name=\"twitter:site\" content=\"@ZamoraSpain\" \/>\n<meta name=\"twitter:label1\" content=\"Dur\u00e9e de lecture estim\u00e9e\" \/>\n\t<meta name=\"twitter:data1\" content=\"26 minutes\" \/>\n<script type=\"application\/ld+json\" class=\"yoast-schema-graph\">{\"@context\":\"https:\/\/schema.org\",\"@graph\":[{\"@type\":\"WebPage\",\"@id\":\"https:\/\/turismoenzamora.es\/en\/ruta-de-los-museos\/\",\"url\":\"https:\/\/turismoenzamora.es\/en\/ruta-de-los-museos\/\",\"name\":\"Turismo de Zamora , Turismo Sostenible\",\"isPartOf\":{\"@id\":\"https:\/\/turismoenzamora.es\/pt\/#website\"},\"primaryImageOfPage\":{\"@id\":\"https:\/\/turismoenzamora.es\/en\/ruta-de-los-museos\/#primaryimage\"},\"image\":{\"@id\":\"https:\/\/turismoenzamora.es\/en\/ruta-de-los-museos\/#primaryimage\"},\"thumbnailUrl\":\"https:\/\/turismoenzamora.es\/wp-content\/uploads\/2017\/08\/museos_1-300x179.jpg\",\"datePublished\":\"2017-08-08T07:16:15+00:00\",\"dateModified\":\"2017-11-20T17:44:20+00:00\",\"description\":\"Esta es la p\u00e1gina Oficial de Turismo de Diputaci\u00f3n de Zamora, donde podr\u00e1 encontrar toda la informaci\u00f3n para disfrutar al m\u00e1ximo de nuestra provincia.\",\"breadcrumb\":{\"@id\":\"https:\/\/turismoenzamora.es\/en\/ruta-de-los-museos\/#breadcrumb\"},\"inLanguage\":\"fr-FR\",\"potentialAction\":[{\"@type\":\"ReadAction\",\"target\":[\"https:\/\/turismoenzamora.es\/en\/ruta-de-los-museos\/\"]}]},{\"@type\":\"ImageObject\",\"inLanguage\":\"fr-FR\",\"@id\":\"https:\/\/turismoenzamora.es\/en\/ruta-de-los-museos\/#primaryimage\",\"url\":\"https:\/\/turismoenzamora.es\/wp-content\/uploads\/2017\/08\/museos_1-300x179.jpg\",\"contentUrl\":\"https:\/\/turismoenzamora.es\/wp-content\/uploads\/2017\/08\/museos_1-300x179.jpg\"},{\"@type\":\"BreadcrumbList\",\"@id\":\"https:\/\/turismoenzamora.es\/en\/ruta-de-los-museos\/#breadcrumb\",\"itemListElement\":[{\"@type\":\"ListItem\",\"position\":1,\"name\":\"Portada\",\"item\":\"https:\/\/turismoenzamora.es\/\"},{\"@type\":\"ListItem\",\"position\":2,\"name\":\"Museum Route\"}]},{\"@type\":\"WebSite\",\"@id\":\"https:\/\/turismoenzamora.es\/pt\/#website\",\"url\":\"https:\/\/turismoenzamora.es\/pt\/\",\"name\":\"Turismo sostenible. Patronato de Turismo de la Diputaci\u00f3n de Zamora.&quot;Turismo Sostenible&quot;.\",\"description\":\"Tourisme durable Office du tourisme de la Diputaci\u00f3n de Zamora\",\"publisher\":{\"@id\":\"https:\/\/turismoenzamora.es\/pt\/#organization\"},\"potentialAction\":[{\"@type\":\"SearchAction\",\"target\":{\"@type\":\"EntryPoint\",\"urlTemplate\":\"https:\/\/turismoenzamora.es\/pt\/?s={search_term_string}\"},\"query-input\":\"required name=search_term_string\"}],\"inLanguage\":\"fr-FR\"},{\"@type\":\"Organization\",\"@id\":\"https:\/\/turismoenzamora.es\/pt\/#organization\",\"name\":\"Patronato de Turismo de la Diputaci\u00f3n de Zamora\",\"url\":\"https:\/\/turismoenzamora.es\/pt\/\",\"logo\":{\"@type\":\"ImageObject\",\"inLanguage\":\"fr-FR\",\"@id\":\"https:\/\/turismoenzamora.es\/pt\/#\/schema\/logo\/image\/\",\"url\":\"https:\/\/turismoenzamora.es\/wp-content\/uploads\/2018\/06\/ZamoraLogo.png\",\"contentUrl\":\"https:\/\/turismoenzamora.es\/wp-content\/uploads\/2018\/06\/ZamoraLogo.png\",\"width\":1276,\"height\":290,\"caption\":\"Patronato de Turismo de la Diputaci\u00f3n de Zamora\"},\"image\":{\"@id\":\"https:\/\/turismoenzamora.es\/pt\/#\/schema\/logo\/image\/\"},\"sameAs\":[\"https:\/\/www.facebook.com\/ZamoraSpain\/\",\"https:\/\/x.com\/ZamoraSpain\",\"https:\/\/www.instagram.com\/turismoenzamora.es\/\",\"https:\/\/www.pinterest.es\/TurismoenZamora\/\",\"https:\/\/www.youtube.com\/channel\/UC2bOyOZ-2cLm-uXlBFYUV9w\"]}]}<\/script>\n<!-- \/ Yoast SEO plugin. -->","yoast_head_json":{"title":"Turismo de Zamora , Turismo Sostenible","description":"Esta es la p\u00e1gina Oficial de Turismo de Diputaci\u00f3n de Zamora, donde podr\u00e1 encontrar toda la informaci\u00f3n para disfrutar al m\u00e1ximo de nuestra provincia.","robots":{"index":"index","follow":"follow","max-snippet":"max-snippet:-1","max-image-preview":"max-image-preview:large","max-video-preview":"max-video-preview:-1"},"canonical":"https:\/\/turismoenzamora.es\/en\/ruta-de-los-museos\/","og_locale":"fr_FR","og_type":"article","og_title":"Turismo de Zamora , Turismo Sostenible","og_description":"Esta es la p\u00e1gina Oficial de Turismo de Diputaci\u00f3n de Zamora, donde podr\u00e1 encontrar toda la informaci\u00f3n para disfrutar al m\u00e1ximo de nuestra provincia.","og_url":"https:\/\/turismoenzamora.es\/en\/ruta-de-los-museos\/","og_site_name":"Tourisme \u00e0 Zamora","article_publisher":"https:\/\/www.facebook.com\/ZamoraSpain\/","article_modified_time":"2017-11-20T17:44:20+00:00","og_image":[{"url":"https:\/\/turismoenzamora.es\/wp-content\/uploads\/2017\/08\/museos_1-300x179.jpg"}],"twitter_card":"summary_large_image","twitter_site":"@ZamoraSpain","twitter_misc":{"Dur\u00e9e de lecture estim\u00e9e":"26 minutes"},"schema":{"@context":"https:\/\/schema.org","@graph":[{"@type":"WebPage","@id":"https:\/\/turismoenzamora.es\/en\/ruta-de-los-museos\/","url":"https:\/\/turismoenzamora.es\/en\/ruta-de-los-museos\/","name":"Turismo de Zamora , Turismo Sostenible","isPartOf":{"@id":"https:\/\/turismoenzamora.es\/pt\/#website"},"primaryImageOfPage":{"@id":"https:\/\/turismoenzamora.es\/en\/ruta-de-los-museos\/#primaryimage"},"image":{"@id":"https:\/\/turismoenzamora.es\/en\/ruta-de-los-museos\/#primaryimage"},"thumbnailUrl":"https:\/\/turismoenzamora.es\/wp-content\/uploads\/2017\/08\/museos_1-300x179.jpg","datePublished":"2017-08-08T07:16:15+00:00","dateModified":"2017-11-20T17:44:20+00:00","description":"Esta es la p\u00e1gina Oficial de Turismo de Diputaci\u00f3n de Zamora, donde podr\u00e1 encontrar toda la informaci\u00f3n para disfrutar al m\u00e1ximo de nuestra provincia.","breadcrumb":{"@id":"https:\/\/turismoenzamora.es\/en\/ruta-de-los-museos\/#breadcrumb"},"inLanguage":"fr-FR","potentialAction":[{"@type":"ReadAction","target":["https:\/\/turismoenzamora.es\/en\/ruta-de-los-museos\/"]}]},{"@type":"ImageObject","inLanguage":"fr-FR","@id":"https:\/\/turismoenzamora.es\/en\/ruta-de-los-museos\/#primaryimage","url":"https:\/\/turismoenzamora.es\/wp-content\/uploads\/2017\/08\/museos_1-300x179.jpg","contentUrl":"https:\/\/turismoenzamora.es\/wp-content\/uploads\/2017\/08\/museos_1-300x179.jpg"},{"@type":"BreadcrumbList","@id":"https:\/\/turismoenzamora.es\/en\/ruta-de-los-museos\/#breadcrumb","itemListElement":[{"@type":"ListItem","position":1,"name":"Portada","item":"https:\/\/turismoenzamora.es\/"},{"@type":"ListItem","position":2,"name":"Museum Route"}]},{"@type":"WebSite","@id":"https:\/\/turismoenzamora.es\/pt\/#website","url":"https:\/\/turismoenzamora.es\/pt\/","name":"Turismo sostenible. Patronato de Turismo de la Diputaci\u00f3n de Zamora.&quot;Turismo Sostenible&quot;.","description":"Tourisme durable Office du tourisme de la Diputaci\u00f3n de Zamora","publisher":{"@id":"https:\/\/turismoenzamora.es\/pt\/#organization"},"potentialAction":[{"@type":"SearchAction","target":{"@type":"EntryPoint","urlTemplate":"https:\/\/turismoenzamora.es\/pt\/?s={search_term_string}"},"query-input":"required name=search_term_string"}],"inLanguage":"fr-FR"},{"@type":"Organization","@id":"https:\/\/turismoenzamora.es\/pt\/#organization","name":"Patronato de Turismo de la Diputaci\u00f3n de Zamora","url":"https:\/\/turismoenzamora.es\/pt\/","logo":{"@type":"ImageObject","inLanguage":"fr-FR","@id":"https:\/\/turismoenzamora.es\/pt\/#\/schema\/logo\/image\/","url":"https:\/\/turismoenzamora.es\/wp-content\/uploads\/2018\/06\/ZamoraLogo.png","contentUrl":"https:\/\/turismoenzamora.es\/wp-content\/uploads\/2018\/06\/ZamoraLogo.png","width":1276,"height":290,"caption":"Patronato de Turismo de la Diputaci\u00f3n de Zamora"},"image":{"@id":"https:\/\/turismoenzamora.es\/pt\/#\/schema\/logo\/image\/"},"sameAs":["https:\/\/www.facebook.com\/ZamoraSpain\/","https:\/\/x.com\/ZamoraSpain","https:\/\/www.instagram.com\/turismoenzamora.es\/","https:\/\/www.pinterest.es\/TurismoenZamora\/","https:\/\/www.youtube.com\/channel\/UC2bOyOZ-2cLm-uXlBFYUV9w"]}]}},"_links":{"self":[{"href":"https:\/\/turismoenzamora.es\/fr\/wp-json\/wp\/v2\/pages\/280"}],"collection":[{"href":"https:\/\/turismoenzamora.es\/fr\/wp-json\/wp\/v2\/pages"}],"about":[{"href":"https:\/\/turismoenzamora.es\/fr\/wp-json\/wp\/v2\/types\/page"}],"author":[{"embeddable":true,"href":"https:\/\/turismoenzamora.es\/fr\/wp-json\/wp\/v2\/users\/1"}],"replies":[{"embeddable":true,"href":"https:\/\/turismoenzamora.es\/fr\/wp-json\/wp\/v2\/comments?post=280"}],"version-history":[{"count":0,"href":"https:\/\/turismoenzamora.es\/fr\/wp-json\/wp\/v2\/pages\/280\/revisions"}],"wp:attachment":[{"href":"https:\/\/turismoenzamora.es\/fr\/wp-json\/wp\/v2\/media?parent=280"}],"curies":[{"name":"wp","href":"https:\/\/api.w.org\/{rel}","templated":true}]}}