{"id":278,"date":"2017-08-08T07:15:40","date_gmt":"2017-08-08T07:15:40","guid":{"rendered":"https:\/\/newweb.turismoenzamora.es\/?page_id=278"},"modified":"2017-11-20T17:39:23","modified_gmt":"2017-11-20T17:39:23","slug":"ruta-del-modernismo","status":"publish","type":"page","link":"https:\/\/turismoenzamora.es\/fr\/ruta-del-modernismo\/","title":{"rendered":"Route de l&rsquo;Art nouveau"},"content":{"rendered":"<p><\/p>\n<h1>Route de l&rsquo;Art nouveau<\/h1>\n<p><img fetchpriority=\"high\" decoding=\"async\" class=\" wp-image-682 aligncenter\" src=\"https:\/\/turismoenzamora.es\/wp-content\/uploads\/2017\/08\/modernismo_0-300x179.jpg\" alt=\"\" width=\"550\" height=\"328\" srcset=\"https:\/\/turismoenzamora.es\/wp-content\/uploads\/2017\/08\/modernismo_0-300x179.jpg 300w, https:\/\/turismoenzamora.es\/wp-content\/uploads\/2017\/08\/modernismo_0.jpg 670w\" sizes=\"(max-width: 550px) 100vw, 550px\" \/><\/p>\n<p>Zamora traversa un important d\u00e9veloppement urbanistique et architectural depuis le milieu du XIXe si\u00e8cle, dont le point culminant fut l&rsquo;Art nouveau. L&rsquo;am\u00e9lioration des communications avec l&rsquo;arriv\u00e9e du chemin de fer, l&rsquo;int\u00e9r\u00eat pour l&rsquo;expansion extra-muros apr\u00e8s avoir autoris\u00e9 la destruction du rempart et l&rsquo;apparition d&rsquo;industries, en particulier de transformation, ont \u00e9t\u00e9 les d\u00e9tonateurs du second \u00e2ge d&rsquo;or de l&rsquo;architecture. Une splendeur \u00e0 laquelle particip\u00e8rent la bourgeoisie en imposant ses modes de vie, des autorit\u00e9s locales conscientes de l&rsquo;importance d&rsquo;am\u00e9liorer la ville et des architectes de grande qualit\u00e9 et maestria.<\/p>\n<p>Par cons\u00e9quent, entre 1875 et 1930 une multitude d&rsquo;immeubles \u00e9clectiques et historicistes, d&rsquo;autres industriels et surtout, un nombre consid\u00e9rable de b\u00e2timents modernistes furent construits. Cela a permis l&rsquo;inclusion de Zamora dans le groupe exclusif de communes qui forment la Route europ\u00e9enne de l&rsquo;Art nouveau, d&rsquo;autant que l&rsquo;Art nouveau de Zamora est \u00e0 la hauteur de celui que l&rsquo;on retrouve dans les grandes capitales europ\u00e9ennes. Comme dans ces derni\u00e8res, le style de Zamora fut nettement bourgeois et caract\u00e9ris\u00e9 par d&rsquo;abondantes lignes courbes, par la combinaison des mat\u00e9riaux, par l&rsquo;int\u00e9r\u00eat pour les contrastes de couleur, par l&rsquo;\u00e9loignement de la proportion et de la sym\u00e9trie et par le choix d&rsquo;une d\u00e9coration animale et v\u00e9g\u00e9tale.<\/p>\n<p>En outre, on reconnait \u00e0 Zamora les trois courants de l&rsquo;Art nouveau. Le premier, le plus internationaliste, est ax\u00e9 davantage sur l&rsquo;ornementation et sur la composition que sur la couleur.<\/p>\n<p>\u00c0 Zamora, il est repr\u00e9sent\u00e9 par les conceptions de Gregorio P\u00e9rez Arribas. Un deuxi\u00e8me courant est la S\u00e9cession, caract\u00e9ris\u00e9e par des lignes g\u00e9om\u00e9triques, des pendules et des cercles. Enfin, le modernisme catalan, dans lequel pr\u00e9valent l&rsquo;int\u00e9r\u00eat pour la polychromie, les r\u00e9f\u00e9rences aux styles m\u00e9di\u00e9vaux et une grande subtilit\u00e9 dans les d\u00e9tails.<\/p>\n<p>L&rsquo;importance de ce dernier est un autre \u00e9l\u00e9ment qui rend exceptionnel le modernisme de Zamora, car c&rsquo;est l&rsquo;une des rares villes du centre et de l&rsquo;ouest de la p\u00e9ninsule Ib\u00e9rique dans laquelle ait travaill\u00e9 un architecte compl\u00e8tement moderniste, dipl\u00f4m\u00e9 de l&rsquo;\u00c9cole d&rsquo;architecture de Barcelone. Il s&rsquo;agit de Francisco Ferriol, disciple et collaborateur de Llu\u00eds Dom\u00e8nech i Montaner, l&rsquo;un des plus grands protagonistes de ce style.<\/p>\n<p>Les b\u00e2timents modernistes de Zamora ne sont pas des cas isol\u00e9s dans un tissu urbain sans int\u00e9r\u00eat, mais constituent au contraire, en combinaison avec d&rsquo;autres immeubles \u00e9clectiques et historicistes, un extraordinaire ensemble architectural compos\u00e9 de maisons, de th\u00e9\u00e2tres, d&rsquo;\u00e9tablissements publics et de loisirs, etc.<\/p>\n<p>Le dernier \u00e9l\u00e9ment qui rend exceptionnelle l&rsquo;architecture moderniste de Zamora est sa collaboration \u00e0 la r\u00e9habilitation de la ville historique. L&rsquo;Art nouveau \u00e0 Zamora ne s&rsquo;est d\u00e9ploy\u00e9 ni dans les \u00ab\u00a0ensanches\u00a0\u00bb ni dans les zones p\u00e9riph\u00e9riques, mais il se trouve au c\u0153ur m\u00eame de la ville. Ainsi, les architectes modernistes ont contribu\u00e9 \u00e0 ce que le vieux Zamora, domin\u00e9 jusqu&rsquo;alors par les murs robustes de couvents et d&rsquo;anciens manoirs, laisse place depuis la fin du XIXe si\u00e8cle \u00e0 une \u00e9l\u00e9gante localit\u00e9 bourgeoise, aux rues plus harmonieuses, aux places accueillantes et foisonnante de magnifiques b\u00e2timents o\u00f9 vivre.<\/p>\n<h4>Plan des b\u00e2timents Art nouveau de Zamora<\/h4>\n<p><img decoding=\"async\" class=\"aligncenter wp-image-683\" src=\"https:\/\/turismoenzamora.es\/wp-content\/uploads\/2017\/08\/modernismo_1.png\" alt=\"\" width=\"636\" height=\"398\" srcset=\"https:\/\/turismoenzamora.es\/wp-content\/uploads\/2017\/08\/modernismo_1.png 980w, https:\/\/turismoenzamora.es\/wp-content\/uploads\/2017\/08\/modernismo_1-300x188.png 300w, https:\/\/turismoenzamora.es\/wp-content\/uploads\/2017\/08\/modernismo_1-768x481.png 768w, https:\/\/turismoenzamora.es\/wp-content\/uploads\/2017\/08\/modernismo_1-560x350.png 560w\" sizes=\"(max-width: 636px) 100vw, 636px\" \/><\/p>\n<p>&nbsp;<\/p>\n<p><img decoding=\"async\" class=\"aligncenter wp-image-684 size-full\" src=\"https:\/\/turismoenzamora.es\/wp-content\/uploads\/2017\/08\/modernismo_2.png\" alt=\"\" width=\"987\" height=\"394\" srcset=\"https:\/\/turismoenzamora.es\/wp-content\/uploads\/2017\/08\/modernismo_2.png 987w, https:\/\/turismoenzamora.es\/wp-content\/uploads\/2017\/08\/modernismo_2-300x120.png 300w, https:\/\/turismoenzamora.es\/wp-content\/uploads\/2017\/08\/modernismo_2-768x307.png 768w\" sizes=\"(max-width: 987px) 100vw, 987px\" \/><\/p>","protected":false},"excerpt":{"rendered":"<p>Route de l&rsquo;Art nouveau Zamora traversa un important d\u00e9veloppement urbanistique et architectural depuis le milieu du XIXe si\u00e8cle, dont le point culminant fut l&rsquo;Art nouveau. L&rsquo;am\u00e9lioration des communications avec l&rsquo;arriv\u00e9e du chemin de fer, l&rsquo;int\u00e9r\u00eat pour l&rsquo;expansion extra-muros apr\u00e8s avoir autoris\u00e9 la destruction du rempart et l&rsquo;apparition d&rsquo;industries, en particulier de transformation, ont \u00e9t\u00e9 les [&hellip;]<\/p>\n","protected":false},"author":1,"featured_media":0,"parent":0,"menu_order":0,"comment_status":"closed","ping_status":"closed","template":"","meta":{"inline_featured_image":false,"site-sidebar-layout":"default","site-content-layout":"","ast-site-content-layout":"","site-content-style":"default","site-sidebar-style":"default","ast-global-header-display":"","ast-banner-title-visibility":"","ast-main-header-display":"","ast-hfb-above-header-display":"","ast-hfb-below-header-display":"","ast-hfb-mobile-header-display":"","site-post-title":"","ast-breadcrumbs-content":"","ast-featured-img":"","footer-sml-layout":"","theme-transparent-header-meta":"","adv-header-id-meta":"","stick-header-meta":"","header-above-stick-meta":"","header-main-stick-meta":"","header-below-stick-meta":"","astra-migrate-meta-layouts":"default","ast-page-background-enabled":"default","ast-page-background-meta":{"desktop":{"background-color":"","background-image":"","background-repeat":"repeat","background-position":"center center","background-size":"auto","background-attachment":"scroll","background-type":"","background-media":"","overlay-type":"","overlay-color":"","overlay-opacity":"","overlay-gradient":""},"tablet":{"background-color":"","background-image":"","background-repeat":"repeat","background-position":"center center","background-size":"auto","background-attachment":"scroll","background-type":"","background-media":"","overlay-type":"","overlay-color":"","overlay-opacity":"","overlay-gradient":""},"mobile":{"background-color":"","background-image":"","background-repeat":"repeat","background-position":"center center","background-size":"auto","background-attachment":"scroll","background-type":"","background-media":"","overlay-type":"","overlay-color":"","overlay-opacity":"","overlay-gradient":""}},"ast-content-background-meta":{"desktop":{"background-color":"var(--ast-global-color-5)","background-image":"","background-repeat":"repeat","background-position":"center center","background-size":"auto","background-attachment":"scroll","background-type":"","background-media":"","overlay-type":"","overlay-color":"","overlay-opacity":"","overlay-gradient":""},"tablet":{"background-color":"var(--ast-global-color-5)","background-image":"","background-repeat":"repeat","background-position":"center center","background-size":"auto","background-attachment":"scroll","background-type":"","background-media":"","overlay-type":"","overlay-color":"","overlay-opacity":"","overlay-gradient":""},"mobile":{"background-color":"var(--ast-global-color-5)","background-image":"","background-repeat":"repeat","background-position":"center center","background-size":"auto","background-attachment":"scroll","background-type":"","background-media":"","overlay-type":"","overlay-color":"","overlay-opacity":"","overlay-gradient":""}},"ngg_post_thumbnail":0,"footnotes":""},"yoast_head":"<!-- This site is optimized with the Yoast SEO plugin v23.0 - https:\/\/yoast.com\/wordpress\/plugins\/seo\/ -->\n<title>Turismo de Zamora , Turismo Sostenible<\/title>\n<meta name=\"description\" content=\"Esta es la p\u00e1gina Oficial de Turismo de Diputaci\u00f3n de Zamora, donde podr\u00e1 encontrar toda la informaci\u00f3n para disfrutar al m\u00e1ximo de nuestra provincia.\" \/>\n<meta name=\"robots\" content=\"index, follow, max-snippet:-1, max-image-preview:large, max-video-preview:-1\" \/>\n<link rel=\"canonical\" href=\"https:\/\/turismoenzamora.es\/en\/ruta-del-modernismo\/\" \/>\n<meta property=\"og:locale\" content=\"fr_FR\" \/>\n<meta property=\"og:type\" content=\"article\" \/>\n<meta property=\"og:title\" content=\"Turismo de Zamora , Turismo Sostenible\" \/>\n<meta property=\"og:description\" content=\"Esta es la p\u00e1gina Oficial de Turismo de Diputaci\u00f3n de Zamora, donde podr\u00e1 encontrar toda la informaci\u00f3n para disfrutar al m\u00e1ximo de nuestra provincia.\" \/>\n<meta property=\"og:url\" content=\"https:\/\/turismoenzamora.es\/en\/ruta-del-modernismo\/\" \/>\n<meta property=\"og:site_name\" content=\"Tourisme \u00e0 Zamora\" \/>\n<meta property=\"article:publisher\" content=\"https:\/\/www.facebook.com\/ZamoraSpain\/\" \/>\n<meta property=\"article:modified_time\" content=\"2017-11-20T17:39:23+00:00\" \/>\n<meta property=\"og:image\" content=\"https:\/\/turismoenzamora.es\/wp-content\/uploads\/2017\/08\/modernismo_0-300x179.jpg\" \/>\n<meta name=\"twitter:card\" content=\"summary_large_image\" \/>\n<meta name=\"twitter:site\" content=\"@ZamoraSpain\" \/>\n<meta name=\"twitter:label1\" content=\"Dur\u00e9e de lecture estim\u00e9e\" \/>\n\t<meta name=\"twitter:data1\" content=\"13 minutes\" \/>\n<script type=\"application\/ld+json\" class=\"yoast-schema-graph\">{\"@context\":\"https:\/\/schema.org\",\"@graph\":[{\"@type\":\"WebPage\",\"@id\":\"https:\/\/turismoenzamora.es\/en\/ruta-del-modernismo\/\",\"url\":\"https:\/\/turismoenzamora.es\/en\/ruta-del-modernismo\/\",\"name\":\"Turismo de Zamora , Turismo Sostenible\",\"isPartOf\":{\"@id\":\"https:\/\/turismoenzamora.es\/pt\/#website\"},\"primaryImageOfPage\":{\"@id\":\"https:\/\/turismoenzamora.es\/en\/ruta-del-modernismo\/#primaryimage\"},\"image\":{\"@id\":\"https:\/\/turismoenzamora.es\/en\/ruta-del-modernismo\/#primaryimage\"},\"thumbnailUrl\":\"https:\/\/turismoenzamora.es\/wp-content\/uploads\/2017\/08\/modernismo_0-300x179.jpg\",\"datePublished\":\"2017-08-08T07:15:40+00:00\",\"dateModified\":\"2017-11-20T17:39:23+00:00\",\"description\":\"Esta es la p\u00e1gina Oficial de Turismo de Diputaci\u00f3n de Zamora, donde podr\u00e1 encontrar toda la informaci\u00f3n para disfrutar al m\u00e1ximo de nuestra provincia.\",\"breadcrumb\":{\"@id\":\"https:\/\/turismoenzamora.es\/en\/ruta-del-modernismo\/#breadcrumb\"},\"inLanguage\":\"fr-FR\",\"potentialAction\":[{\"@type\":\"ReadAction\",\"target\":[\"https:\/\/turismoenzamora.es\/en\/ruta-del-modernismo\/\"]}]},{\"@type\":\"ImageObject\",\"inLanguage\":\"fr-FR\",\"@id\":\"https:\/\/turismoenzamora.es\/en\/ruta-del-modernismo\/#primaryimage\",\"url\":\"https:\/\/turismoenzamora.es\/wp-content\/uploads\/2017\/08\/modernismo_0-300x179.jpg\",\"contentUrl\":\"https:\/\/turismoenzamora.es\/wp-content\/uploads\/2017\/08\/modernismo_0-300x179.jpg\"},{\"@type\":\"BreadcrumbList\",\"@id\":\"https:\/\/turismoenzamora.es\/en\/ruta-del-modernismo\/#breadcrumb\",\"itemListElement\":[{\"@type\":\"ListItem\",\"position\":1,\"name\":\"Portada\",\"item\":\"https:\/\/turismoenzamora.es\/\"},{\"@type\":\"ListItem\",\"position\":2,\"name\":\"Modernism Route\"}]},{\"@type\":\"WebSite\",\"@id\":\"https:\/\/turismoenzamora.es\/pt\/#website\",\"url\":\"https:\/\/turismoenzamora.es\/pt\/\",\"name\":\"Turismo sostenible. Patronato de Turismo de la Diputaci\u00f3n de Zamora.&quot;Turismo Sostenible&quot;.\",\"description\":\"Tourisme durable Office du tourisme de la Diputaci\u00f3n de Zamora\",\"publisher\":{\"@id\":\"https:\/\/turismoenzamora.es\/pt\/#organization\"},\"potentialAction\":[{\"@type\":\"SearchAction\",\"target\":{\"@type\":\"EntryPoint\",\"urlTemplate\":\"https:\/\/turismoenzamora.es\/pt\/?s={search_term_string}\"},\"query-input\":\"required name=search_term_string\"}],\"inLanguage\":\"fr-FR\"},{\"@type\":\"Organization\",\"@id\":\"https:\/\/turismoenzamora.es\/pt\/#organization\",\"name\":\"Patronato de Turismo de la Diputaci\u00f3n de Zamora\",\"url\":\"https:\/\/turismoenzamora.es\/pt\/\",\"logo\":{\"@type\":\"ImageObject\",\"inLanguage\":\"fr-FR\",\"@id\":\"https:\/\/turismoenzamora.es\/pt\/#\/schema\/logo\/image\/\",\"url\":\"https:\/\/turismoenzamora.es\/wp-content\/uploads\/2018\/06\/ZamoraLogo.png\",\"contentUrl\":\"https:\/\/turismoenzamora.es\/wp-content\/uploads\/2018\/06\/ZamoraLogo.png\",\"width\":1276,\"height\":290,\"caption\":\"Patronato de Turismo de la Diputaci\u00f3n de Zamora\"},\"image\":{\"@id\":\"https:\/\/turismoenzamora.es\/pt\/#\/schema\/logo\/image\/\"},\"sameAs\":[\"https:\/\/www.facebook.com\/ZamoraSpain\/\",\"https:\/\/x.com\/ZamoraSpain\",\"https:\/\/www.instagram.com\/turismoenzamora.es\/\",\"https:\/\/www.pinterest.es\/TurismoenZamora\/\",\"https:\/\/www.youtube.com\/channel\/UC2bOyOZ-2cLm-uXlBFYUV9w\"]}]}<\/script>\n<!-- \/ Yoast SEO plugin. -->","yoast_head_json":{"title":"Turismo de Zamora , Turismo Sostenible","description":"Esta es la p\u00e1gina Oficial de Turismo de Diputaci\u00f3n de Zamora, donde podr\u00e1 encontrar toda la informaci\u00f3n para disfrutar al m\u00e1ximo de nuestra provincia.","robots":{"index":"index","follow":"follow","max-snippet":"max-snippet:-1","max-image-preview":"max-image-preview:large","max-video-preview":"max-video-preview:-1"},"canonical":"https:\/\/turismoenzamora.es\/en\/ruta-del-modernismo\/","og_locale":"fr_FR","og_type":"article","og_title":"Turismo de Zamora , Turismo Sostenible","og_description":"Esta es la p\u00e1gina Oficial de Turismo de Diputaci\u00f3n de Zamora, donde podr\u00e1 encontrar toda la informaci\u00f3n para disfrutar al m\u00e1ximo de nuestra provincia.","og_url":"https:\/\/turismoenzamora.es\/en\/ruta-del-modernismo\/","og_site_name":"Tourisme \u00e0 Zamora","article_publisher":"https:\/\/www.facebook.com\/ZamoraSpain\/","article_modified_time":"2017-11-20T17:39:23+00:00","og_image":[{"url":"https:\/\/turismoenzamora.es\/wp-content\/uploads\/2017\/08\/modernismo_0-300x179.jpg"}],"twitter_card":"summary_large_image","twitter_site":"@ZamoraSpain","twitter_misc":{"Dur\u00e9e de lecture estim\u00e9e":"13 minutes"},"schema":{"@context":"https:\/\/schema.org","@graph":[{"@type":"WebPage","@id":"https:\/\/turismoenzamora.es\/en\/ruta-del-modernismo\/","url":"https:\/\/turismoenzamora.es\/en\/ruta-del-modernismo\/","name":"Turismo de Zamora , Turismo Sostenible","isPartOf":{"@id":"https:\/\/turismoenzamora.es\/pt\/#website"},"primaryImageOfPage":{"@id":"https:\/\/turismoenzamora.es\/en\/ruta-del-modernismo\/#primaryimage"},"image":{"@id":"https:\/\/turismoenzamora.es\/en\/ruta-del-modernismo\/#primaryimage"},"thumbnailUrl":"https:\/\/turismoenzamora.es\/wp-content\/uploads\/2017\/08\/modernismo_0-300x179.jpg","datePublished":"2017-08-08T07:15:40+00:00","dateModified":"2017-11-20T17:39:23+00:00","description":"Esta es la p\u00e1gina Oficial de Turismo de Diputaci\u00f3n de Zamora, donde podr\u00e1 encontrar toda la informaci\u00f3n para disfrutar al m\u00e1ximo de nuestra provincia.","breadcrumb":{"@id":"https:\/\/turismoenzamora.es\/en\/ruta-del-modernismo\/#breadcrumb"},"inLanguage":"fr-FR","potentialAction":[{"@type":"ReadAction","target":["https:\/\/turismoenzamora.es\/en\/ruta-del-modernismo\/"]}]},{"@type":"ImageObject","inLanguage":"fr-FR","@id":"https:\/\/turismoenzamora.es\/en\/ruta-del-modernismo\/#primaryimage","url":"https:\/\/turismoenzamora.es\/wp-content\/uploads\/2017\/08\/modernismo_0-300x179.jpg","contentUrl":"https:\/\/turismoenzamora.es\/wp-content\/uploads\/2017\/08\/modernismo_0-300x179.jpg"},{"@type":"BreadcrumbList","@id":"https:\/\/turismoenzamora.es\/en\/ruta-del-modernismo\/#breadcrumb","itemListElement":[{"@type":"ListItem","position":1,"name":"Portada","item":"https:\/\/turismoenzamora.es\/"},{"@type":"ListItem","position":2,"name":"Modernism Route"}]},{"@type":"WebSite","@id":"https:\/\/turismoenzamora.es\/pt\/#website","url":"https:\/\/turismoenzamora.es\/pt\/","name":"Turismo sostenible. Patronato de Turismo de la Diputaci\u00f3n de Zamora.&quot;Turismo Sostenible&quot;.","description":"Tourisme durable Office du tourisme de la Diputaci\u00f3n de Zamora","publisher":{"@id":"https:\/\/turismoenzamora.es\/pt\/#organization"},"potentialAction":[{"@type":"SearchAction","target":{"@type":"EntryPoint","urlTemplate":"https:\/\/turismoenzamora.es\/pt\/?s={search_term_string}"},"query-input":"required name=search_term_string"}],"inLanguage":"fr-FR"},{"@type":"Organization","@id":"https:\/\/turismoenzamora.es\/pt\/#organization","name":"Patronato de Turismo de la Diputaci\u00f3n de Zamora","url":"https:\/\/turismoenzamora.es\/pt\/","logo":{"@type":"ImageObject","inLanguage":"fr-FR","@id":"https:\/\/turismoenzamora.es\/pt\/#\/schema\/logo\/image\/","url":"https:\/\/turismoenzamora.es\/wp-content\/uploads\/2018\/06\/ZamoraLogo.png","contentUrl":"https:\/\/turismoenzamora.es\/wp-content\/uploads\/2018\/06\/ZamoraLogo.png","width":1276,"height":290,"caption":"Patronato de Turismo de la Diputaci\u00f3n de Zamora"},"image":{"@id":"https:\/\/turismoenzamora.es\/pt\/#\/schema\/logo\/image\/"},"sameAs":["https:\/\/www.facebook.com\/ZamoraSpain\/","https:\/\/x.com\/ZamoraSpain","https:\/\/www.instagram.com\/turismoenzamora.es\/","https:\/\/www.pinterest.es\/TurismoenZamora\/","https:\/\/www.youtube.com\/channel\/UC2bOyOZ-2cLm-uXlBFYUV9w"]}]}},"_links":{"self":[{"href":"https:\/\/turismoenzamora.es\/fr\/wp-json\/wp\/v2\/pages\/278"}],"collection":[{"href":"https:\/\/turismoenzamora.es\/fr\/wp-json\/wp\/v2\/pages"}],"about":[{"href":"https:\/\/turismoenzamora.es\/fr\/wp-json\/wp\/v2\/types\/page"}],"author":[{"embeddable":true,"href":"https:\/\/turismoenzamora.es\/fr\/wp-json\/wp\/v2\/users\/1"}],"replies":[{"embeddable":true,"href":"https:\/\/turismoenzamora.es\/fr\/wp-json\/wp\/v2\/comments?post=278"}],"version-history":[{"count":0,"href":"https:\/\/turismoenzamora.es\/fr\/wp-json\/wp\/v2\/pages\/278\/revisions"}],"wp:attachment":[{"href":"https:\/\/turismoenzamora.es\/fr\/wp-json\/wp\/v2\/media?parent=278"}],"curies":[{"name":"wp","href":"https:\/\/api.w.org\/{rel}","templated":true}]}}