{"id":267,"date":"2017-08-08T07:13:11","date_gmt":"2017-08-08T07:13:11","guid":{"rendered":"https:\/\/newweb.turismoenzamora.es\/?page_id=267"},"modified":"2017-11-20T17:58:15","modified_gmt":"2017-11-20T17:58:15","slug":"ruta-del-duero","status":"publish","type":"page","link":"https:\/\/turismoenzamora.es\/fr\/ruta-del-duero\/","title":{"rendered":"Route del Duero"},"content":{"rendered":"<p><\/p>\n<h1>Route del Duero<\/h1>\n<p>&nbsp;<\/p>\n<p><img fetchpriority=\"high\" decoding=\"async\" class=\" wp-image-668 aligncenter\" src=\"https:\/\/turismoenzamora.es\/wp-content\/uploads\/2017\/08\/r_duero_1-300x200.jpg\" alt=\"\" width=\"651\" height=\"434\" srcset=\"https:\/\/turismoenzamora.es\/wp-content\/uploads\/2017\/08\/r_duero_1-300x200.jpg 300w, https:\/\/turismoenzamora.es\/wp-content\/uploads\/2017\/08\/r_duero_1.jpg 500w\" sizes=\"(max-width: 651px) 100vw, 651px\" \/><\/p>\n<p>Le Duero entre dans la province par l&rsquo;est, dans les terres fertiles de Toro, traverse la ville de Zamora et poursuit son cours canalis\u00e9 par les terres granitiques de Sayago. Les vignobles sont les fid\u00e8les compagnons du fleuve tout au long de son cours.<\/p>\n<p>QUE VOIR ?<\/p>\n<p>Toro : ensemble historique et monumental. \u00c9glises romanes avec La Coll\u00e9giale \u00e0 leur t\u00eate, mud\u00e9jare comme l&rsquo;\u00e9glise San Salvador, des monast\u00e8res comme celui de Sancti Spiritus, des palais comme celui des Marquis d&rsquo;Alca\u00f1ices, des portes et des remparts\u2026 une exhibition d&rsquo;histoire et de culture dans tous les recoins de cette municipalit\u00e9 \u00e0 l&rsquo;odeur de Toro, vin rouge d&rsquo;appellation d&rsquo;origine. L&rsquo;\u0153notourisme est devenu un autre argument touristique d&rsquo;importance pour les habitants de Toro, gr\u00e2ce \u00e0 des \u00e9v\u00e8nements tels que la F\u00eate des vendanges. Ses c\u00e9l\u00e8bres carnavals ont \u00e9t\u00e9 d\u00e9clar\u00e9s f\u00eate d&rsquo;int\u00e9r\u00eat touristique.<\/p>\n<p>Zamora : ensemble historique. Plus d&rsquo;une vingtaine d&rsquo;\u00e9glises romanes pars\u00e8ment toute la ville et se m\u00e9langent \u00e0 une multitude d&rsquo;immeubles \u00e9clectiques et historiques qui ont permis l&rsquo;inclusion de Zamora dans le groupe exclusif des communes faisant partie de la Route europ\u00e9enne de l&rsquo;Art nouveau. Et de l&rsquo;Art nouveau \u00e0 l&rsquo;architecture contemporaine avec de nombreux b\u00e2timents repr\u00e9sentatifs qui lui ont valu la reconnaissance internationale et ont contribu\u00e9 \u00e0 enrichir le patrimoine de la ville. N&rsquo;oublions pas sa Semaine sainte reconnue au niveau international.<\/p>\n<p>Enclaves proches de Zamora : Arcenillas dont l&rsquo;\u00e9glise paroissiale expose un ensemble de 11 tableaux peints au XVe si\u00e8cle par Fernando Gallego. Casaseca de las Chanas abrite dans son \u00e9glise gothico-Renaissance un retable mani\u00e9riste de Juan Ruiz de Zumeta. La Hiniesta, le portail de son \u00e9glise paroissiale est l&rsquo;un des plus beaux de style gothique de la province et \u00e0 Molacillos, on peut contempler l&rsquo;\u00e9glise, unique exemple de baroque levantin sur ce territoire.<\/p>\n<p>Pereruela est un important enclave potier en activit\u00e9, avec terrines et fours d&rsquo;une terre exceptionnelle.<\/p>\n<p>Fermoselle : ensemble historique, qui d\u00e9ploie une architecture agr\u00e9able. Impressionnantes vues de los Arribes. La Maison du parc de los Arribes del Duero, dans l&rsquo;ancien couvent San Francisco. Ses courses de taureau sur la Plaza Mayor sont c\u00e9l\u00e8bres.<\/p>\n<p>Arribes del Duero : Fariza, Cozcurrita, Pinilla de Fermoselle, Villardiegua de la Ribera, toutes ces municipalit\u00e9s disposent de vues spectaculaires et de belv\u00e9d\u00e8res sur les gorges du Duero. L&rsquo;appellation d&rsquo;origine du vin Arribes offre sur ces terres des c\u00e9pages tels que juan garc\u00eda (autochtone), rufete et tempranillo parmi d&rsquo;autres.<\/p>\n<p>Croisi\u00e8re \u00e9cologique au milieu des Arribes del Duero.<\/p>\n<p><a href=\"https:\/\/turismoenzamora.es\/wp-content\/uploads\/2017\/08\/r_duero.pdf\" target=\"_blank\" rel=\"nooper noopener\"><img loading=\"lazy\" decoding=\"async\" class=\"alignnone size-full wp-image-640\" src=\"https:\/\/turismoenzamora.es\/wp-content\/uploads\/2017\/08\/masinfo.png\" alt=\"\" width=\"63\" height=\"32\" \/><\/a><\/p>\n<p><a href=\"https:\/\/turismoenzamora.es\/wp-content\/uploads\/2017\/08\/r_duero_2.jpg\" target=\"_blank\" rel=\"nooper noopener\"><img decoding=\"async\" class=\"aligncenter wp-image-670 size-large\" src=\"https:\/\/turismoenzamora.es\/wp-content\/uploads\/2017\/08\/r_duero_2-1024x598.jpg\" alt=\"\" width=\"710\" height=\"415\" srcset=\"https:\/\/turismoenzamora.es\/wp-content\/uploads\/2017\/08\/r_duero_2-1024x598.jpg 1024w, https:\/\/turismoenzamora.es\/wp-content\/uploads\/2017\/08\/r_duero_2-300x175.jpg 300w, https:\/\/turismoenzamora.es\/wp-content\/uploads\/2017\/08\/r_duero_2-768x449.jpg 768w, https:\/\/turismoenzamora.es\/wp-content\/uploads\/2017\/08\/r_duero_2.jpg 1689w\" sizes=\"(max-width: 710px) 100vw, 710px\" \/><\/a><\/p>","protected":false},"excerpt":{"rendered":"<p>Route del Duero &nbsp; Le Duero entre dans la province par l&rsquo;est, dans les terres fertiles de Toro, traverse la ville de Zamora et poursuit son cours canalis\u00e9 par les terres granitiques de Sayago. Les vignobles sont les fid\u00e8les compagnons du fleuve tout au long de son cours. QUE VOIR ? Toro : ensemble historique [&hellip;]<\/p>\n","protected":false},"author":1,"featured_media":0,"parent":0,"menu_order":0,"comment_status":"closed","ping_status":"closed","template":"","meta":{"inline_featured_image":false,"site-sidebar-layout":"default","site-content-layout":"","ast-site-content-layout":"","site-content-style":"default","site-sidebar-style":"default","ast-global-header-display":"","ast-banner-title-visibility":"","ast-main-header-display":"","ast-hfb-above-header-display":"","ast-hfb-below-header-display":"","ast-hfb-mobile-header-display":"","site-post-title":"","ast-breadcrumbs-content":"","ast-featured-img":"","footer-sml-layout":"","theme-transparent-header-meta":"","adv-header-id-meta":"","stick-header-meta":"","header-above-stick-meta":"","header-main-stick-meta":"","header-below-stick-meta":"","astra-migrate-meta-layouts":"default","ast-page-background-enabled":"default","ast-page-background-meta":{"desktop":{"background-color":"","background-image":"","background-repeat":"repeat","background-position":"center center","background-size":"auto","background-attachment":"scroll","background-type":"","background-media":"","overlay-type":"","overlay-color":"","overlay-opacity":"","overlay-gradient":""},"tablet":{"background-color":"","background-image":"","background-repeat":"repeat","background-position":"center center","background-size":"auto","background-attachment":"scroll","background-type":"","background-media":"","overlay-type":"","overlay-color":"","overlay-opacity":"","overlay-gradient":""},"mobile":{"background-color":"","background-image":"","background-repeat":"repeat","background-position":"center center","background-size":"auto","background-attachment":"scroll","background-type":"","background-media":"","overlay-type":"","overlay-color":"","overlay-opacity":"","overlay-gradient":""}},"ast-content-background-meta":{"desktop":{"background-color":"var(--ast-global-color-5)","background-image":"","background-repeat":"repeat","background-position":"center center","background-size":"auto","background-attachment":"scroll","background-type":"","background-media":"","overlay-type":"","overlay-color":"","overlay-opacity":"","overlay-gradient":""},"tablet":{"background-color":"var(--ast-global-color-5)","background-image":"","background-repeat":"repeat","background-position":"center center","background-size":"auto","background-attachment":"scroll","background-type":"","background-media":"","overlay-type":"","overlay-color":"","overlay-opacity":"","overlay-gradient":""},"mobile":{"background-color":"var(--ast-global-color-5)","background-image":"","background-repeat":"repeat","background-position":"center center","background-size":"auto","background-attachment":"scroll","background-type":"","background-media":"","overlay-type":"","overlay-color":"","overlay-opacity":"","overlay-gradient":""}},"ngg_post_thumbnail":0,"footnotes":""},"yoast_head":"<!-- This site is optimized with the Yoast SEO plugin v23.0 - https:\/\/yoast.com\/wordpress\/plugins\/seo\/ -->\n<title>Turismo de Zamora , Turismo Sostenible<\/title>\n<meta name=\"description\" content=\"Esta es la p\u00e1gina Oficial de Turismo de Diputaci\u00f3n de Zamora, donde podr\u00e1 encontrar toda la informaci\u00f3n para disfrutar al m\u00e1ximo de nuestra provincia.\" \/>\n<meta name=\"robots\" content=\"index, follow, max-snippet:-1, max-image-preview:large, max-video-preview:-1\" \/>\n<link rel=\"canonical\" href=\"https:\/\/turismoenzamora.es\/ruta-del-duero\/\" \/>\n<meta property=\"og:locale\" content=\"fr_FR\" \/>\n<meta property=\"og:type\" content=\"article\" \/>\n<meta property=\"og:title\" content=\"Turismo de Zamora , Turismo Sostenible\" \/>\n<meta property=\"og:description\" content=\"Esta es la p\u00e1gina Oficial de Turismo de Diputaci\u00f3n de Zamora, donde podr\u00e1 encontrar toda la informaci\u00f3n para disfrutar al m\u00e1ximo de nuestra provincia.\" \/>\n<meta property=\"og:url\" content=\"https:\/\/turismoenzamora.es\/ruta-del-duero\/\" \/>\n<meta property=\"og:site_name\" content=\"Tourisme \u00e0 Zamora\" \/>\n<meta property=\"article:publisher\" content=\"https:\/\/www.facebook.com\/ZamoraSpain\/\" \/>\n<meta property=\"article:modified_time\" content=\"2017-11-20T17:58:15+00:00\" \/>\n<meta property=\"og:image\" content=\"https:\/\/turismoenzamora.es\/wp-content\/uploads\/2017\/08\/r_duero_1-300x200.jpg\" \/>\n<meta name=\"twitter:card\" content=\"summary_large_image\" \/>\n<meta name=\"twitter:site\" content=\"@ZamoraSpain\" \/>\n<meta name=\"twitter:label1\" content=\"Dur\u00e9e de lecture estim\u00e9e\" \/>\n\t<meta name=\"twitter:data1\" content=\"11 minutes\" \/>\n<script type=\"application\/ld+json\" class=\"yoast-schema-graph\">{\"@context\":\"https:\/\/schema.org\",\"@graph\":[{\"@type\":\"WebPage\",\"@id\":\"https:\/\/turismoenzamora.es\/ruta-del-duero\/\",\"url\":\"https:\/\/turismoenzamora.es\/ruta-del-duero\/\",\"name\":\"Turismo de Zamora , Turismo Sostenible\",\"isPartOf\":{\"@id\":\"https:\/\/turismoenzamora.es\/pt\/#website\"},\"primaryImageOfPage\":{\"@id\":\"https:\/\/turismoenzamora.es\/ruta-del-duero\/#primaryimage\"},\"image\":{\"@id\":\"https:\/\/turismoenzamora.es\/ruta-del-duero\/#primaryimage\"},\"thumbnailUrl\":\"https:\/\/turismoenzamora.es\/wp-content\/uploads\/2017\/08\/r_duero_1-300x200.jpg\",\"datePublished\":\"2017-08-08T07:13:11+00:00\",\"dateModified\":\"2017-11-20T17:58:15+00:00\",\"description\":\"Esta es la p\u00e1gina Oficial de Turismo de Diputaci\u00f3n de Zamora, donde podr\u00e1 encontrar toda la informaci\u00f3n para disfrutar al m\u00e1ximo de nuestra provincia.\",\"breadcrumb\":{\"@id\":\"https:\/\/turismoenzamora.es\/ruta-del-duero\/#breadcrumb\"},\"inLanguage\":\"fr-FR\",\"potentialAction\":[{\"@type\":\"ReadAction\",\"target\":[\"https:\/\/turismoenzamora.es\/ruta-del-duero\/\"]}]},{\"@type\":\"ImageObject\",\"inLanguage\":\"fr-FR\",\"@id\":\"https:\/\/turismoenzamora.es\/ruta-del-duero\/#primaryimage\",\"url\":\"https:\/\/turismoenzamora.es\/wp-content\/uploads\/2017\/08\/r_duero_1-300x200.jpg\",\"contentUrl\":\"https:\/\/turismoenzamora.es\/wp-content\/uploads\/2017\/08\/r_duero_1-300x200.jpg\"},{\"@type\":\"BreadcrumbList\",\"@id\":\"https:\/\/turismoenzamora.es\/ruta-del-duero\/#breadcrumb\",\"itemListElement\":[{\"@type\":\"ListItem\",\"position\":1,\"name\":\"Portada\",\"item\":\"https:\/\/turismoenzamora.es\/\"},{\"@type\":\"ListItem\",\"position\":2,\"name\":\"Ruta del Duero\"}]},{\"@type\":\"WebSite\",\"@id\":\"https:\/\/turismoenzamora.es\/pt\/#website\",\"url\":\"https:\/\/turismoenzamora.es\/pt\/\",\"name\":\"Turismo sostenible. Patronato de Turismo de la Diputaci\u00f3n de Zamora.&quot;Turismo Sostenible&quot;.\",\"description\":\"Tourisme durable Office du tourisme de la Diputaci\u00f3n de Zamora\",\"publisher\":{\"@id\":\"https:\/\/turismoenzamora.es\/pt\/#organization\"},\"potentialAction\":[{\"@type\":\"SearchAction\",\"target\":{\"@type\":\"EntryPoint\",\"urlTemplate\":\"https:\/\/turismoenzamora.es\/pt\/?s={search_term_string}\"},\"query-input\":\"required name=search_term_string\"}],\"inLanguage\":\"fr-FR\"},{\"@type\":\"Organization\",\"@id\":\"https:\/\/turismoenzamora.es\/pt\/#organization\",\"name\":\"Patronato de Turismo de la Diputaci\u00f3n de Zamora\",\"url\":\"https:\/\/turismoenzamora.es\/pt\/\",\"logo\":{\"@type\":\"ImageObject\",\"inLanguage\":\"fr-FR\",\"@id\":\"https:\/\/turismoenzamora.es\/pt\/#\/schema\/logo\/image\/\",\"url\":\"https:\/\/turismoenzamora.es\/wp-content\/uploads\/2018\/06\/ZamoraLogo.png\",\"contentUrl\":\"https:\/\/turismoenzamora.es\/wp-content\/uploads\/2018\/06\/ZamoraLogo.png\",\"width\":1276,\"height\":290,\"caption\":\"Patronato de Turismo de la Diputaci\u00f3n de Zamora\"},\"image\":{\"@id\":\"https:\/\/turismoenzamora.es\/pt\/#\/schema\/logo\/image\/\"},\"sameAs\":[\"https:\/\/www.facebook.com\/ZamoraSpain\/\",\"https:\/\/x.com\/ZamoraSpain\",\"https:\/\/www.instagram.com\/turismoenzamora.es\/\",\"https:\/\/www.pinterest.es\/TurismoenZamora\/\",\"https:\/\/www.youtube.com\/channel\/UC2bOyOZ-2cLm-uXlBFYUV9w\"]}]}<\/script>\n<!-- \/ Yoast SEO plugin. -->","yoast_head_json":{"title":"Turismo de Zamora , Turismo Sostenible","description":"Esta es la p\u00e1gina Oficial de Turismo de Diputaci\u00f3n de Zamora, donde podr\u00e1 encontrar toda la informaci\u00f3n para disfrutar al m\u00e1ximo de nuestra provincia.","robots":{"index":"index","follow":"follow","max-snippet":"max-snippet:-1","max-image-preview":"max-image-preview:large","max-video-preview":"max-video-preview:-1"},"canonical":"https:\/\/turismoenzamora.es\/ruta-del-duero\/","og_locale":"fr_FR","og_type":"article","og_title":"Turismo de Zamora , Turismo Sostenible","og_description":"Esta es la p\u00e1gina Oficial de Turismo de Diputaci\u00f3n de Zamora, donde podr\u00e1 encontrar toda la informaci\u00f3n para disfrutar al m\u00e1ximo de nuestra provincia.","og_url":"https:\/\/turismoenzamora.es\/ruta-del-duero\/","og_site_name":"Tourisme \u00e0 Zamora","article_publisher":"https:\/\/www.facebook.com\/ZamoraSpain\/","article_modified_time":"2017-11-20T17:58:15+00:00","og_image":[{"url":"https:\/\/turismoenzamora.es\/wp-content\/uploads\/2017\/08\/r_duero_1-300x200.jpg"}],"twitter_card":"summary_large_image","twitter_site":"@ZamoraSpain","twitter_misc":{"Dur\u00e9e de lecture estim\u00e9e":"11 minutes"},"schema":{"@context":"https:\/\/schema.org","@graph":[{"@type":"WebPage","@id":"https:\/\/turismoenzamora.es\/ruta-del-duero\/","url":"https:\/\/turismoenzamora.es\/ruta-del-duero\/","name":"Turismo de Zamora , Turismo Sostenible","isPartOf":{"@id":"https:\/\/turismoenzamora.es\/pt\/#website"},"primaryImageOfPage":{"@id":"https:\/\/turismoenzamora.es\/ruta-del-duero\/#primaryimage"},"image":{"@id":"https:\/\/turismoenzamora.es\/ruta-del-duero\/#primaryimage"},"thumbnailUrl":"https:\/\/turismoenzamora.es\/wp-content\/uploads\/2017\/08\/r_duero_1-300x200.jpg","datePublished":"2017-08-08T07:13:11+00:00","dateModified":"2017-11-20T17:58:15+00:00","description":"Esta es la p\u00e1gina Oficial de Turismo de Diputaci\u00f3n de Zamora, donde podr\u00e1 encontrar toda la informaci\u00f3n para disfrutar al m\u00e1ximo de nuestra provincia.","breadcrumb":{"@id":"https:\/\/turismoenzamora.es\/ruta-del-duero\/#breadcrumb"},"inLanguage":"fr-FR","potentialAction":[{"@type":"ReadAction","target":["https:\/\/turismoenzamora.es\/ruta-del-duero\/"]}]},{"@type":"ImageObject","inLanguage":"fr-FR","@id":"https:\/\/turismoenzamora.es\/ruta-del-duero\/#primaryimage","url":"https:\/\/turismoenzamora.es\/wp-content\/uploads\/2017\/08\/r_duero_1-300x200.jpg","contentUrl":"https:\/\/turismoenzamora.es\/wp-content\/uploads\/2017\/08\/r_duero_1-300x200.jpg"},{"@type":"BreadcrumbList","@id":"https:\/\/turismoenzamora.es\/ruta-del-duero\/#breadcrumb","itemListElement":[{"@type":"ListItem","position":1,"name":"Portada","item":"https:\/\/turismoenzamora.es\/"},{"@type":"ListItem","position":2,"name":"Ruta del Duero"}]},{"@type":"WebSite","@id":"https:\/\/turismoenzamora.es\/pt\/#website","url":"https:\/\/turismoenzamora.es\/pt\/","name":"Turismo sostenible. Patronato de Turismo de la Diputaci\u00f3n de Zamora.&quot;Turismo Sostenible&quot;.","description":"Tourisme durable Office du tourisme de la Diputaci\u00f3n de Zamora","publisher":{"@id":"https:\/\/turismoenzamora.es\/pt\/#organization"},"potentialAction":[{"@type":"SearchAction","target":{"@type":"EntryPoint","urlTemplate":"https:\/\/turismoenzamora.es\/pt\/?s={search_term_string}"},"query-input":"required name=search_term_string"}],"inLanguage":"fr-FR"},{"@type":"Organization","@id":"https:\/\/turismoenzamora.es\/pt\/#organization","name":"Patronato de Turismo de la Diputaci\u00f3n de Zamora","url":"https:\/\/turismoenzamora.es\/pt\/","logo":{"@type":"ImageObject","inLanguage":"fr-FR","@id":"https:\/\/turismoenzamora.es\/pt\/#\/schema\/logo\/image\/","url":"https:\/\/turismoenzamora.es\/wp-content\/uploads\/2018\/06\/ZamoraLogo.png","contentUrl":"https:\/\/turismoenzamora.es\/wp-content\/uploads\/2018\/06\/ZamoraLogo.png","width":1276,"height":290,"caption":"Patronato de Turismo de la Diputaci\u00f3n de Zamora"},"image":{"@id":"https:\/\/turismoenzamora.es\/pt\/#\/schema\/logo\/image\/"},"sameAs":["https:\/\/www.facebook.com\/ZamoraSpain\/","https:\/\/x.com\/ZamoraSpain","https:\/\/www.instagram.com\/turismoenzamora.es\/","https:\/\/www.pinterest.es\/TurismoenZamora\/","https:\/\/www.youtube.com\/channel\/UC2bOyOZ-2cLm-uXlBFYUV9w"]}]}},"_links":{"self":[{"href":"https:\/\/turismoenzamora.es\/fr\/wp-json\/wp\/v2\/pages\/267"}],"collection":[{"href":"https:\/\/turismoenzamora.es\/fr\/wp-json\/wp\/v2\/pages"}],"about":[{"href":"https:\/\/turismoenzamora.es\/fr\/wp-json\/wp\/v2\/types\/page"}],"author":[{"embeddable":true,"href":"https:\/\/turismoenzamora.es\/fr\/wp-json\/wp\/v2\/users\/1"}],"replies":[{"embeddable":true,"href":"https:\/\/turismoenzamora.es\/fr\/wp-json\/wp\/v2\/comments?post=267"}],"version-history":[{"count":0,"href":"https:\/\/turismoenzamora.es\/fr\/wp-json\/wp\/v2\/pages\/267\/revisions"}],"wp:attachment":[{"href":"https:\/\/turismoenzamora.es\/fr\/wp-json\/wp\/v2\/media?parent=267"}],"curies":[{"name":"wp","href":"https:\/\/api.w.org\/{rel}","templated":true}]}}