{"id":261,"date":"2017-08-08T07:12:29","date_gmt":"2017-08-08T07:12:29","guid":{"rendered":"https:\/\/newweb.turismoenzamora.es\/?page_id=261"},"modified":"2018-02-12T08:12:08","modified_gmt":"2018-02-12T08:12:08","slug":"ruta-de-la-montana","status":"publish","type":"page","link":"https:\/\/turismoenzamora.es\/fr\/ruta-de-la-montana\/","title":{"rendered":"Route de la montagne"},"content":{"rendered":"<p><\/p>\n<h1>Route de la montagne<\/h1>\n<p><img fetchpriority=\"high\" decoding=\"async\" class=\" wp-image-648 aligncenter\" src=\"https:\/\/turismoenzamora.es\/wp-content\/uploads\/2017\/08\/rmonta\u00f1a_1-300x201.jpg\" alt=\"\" width=\"524\" height=\"351\" srcset=\"https:\/\/turismoenzamora.es\/wp-content\/uploads\/2017\/08\/rmonta\u00f1a_1-300x201.jpg 300w, https:\/\/turismoenzamora.es\/wp-content\/uploads\/2017\/08\/rmonta\u00f1a_1.jpg 670w\" sizes=\"(max-width: 524px) 100vw, 524px\" \/><\/p>\n<p>Cette route passe par le canton le plus accident\u00e9 et abrupt de la province de Zamora, Sanabria-Carballeda, o\u00f9 se trouve le Parc naturel du lac de Sanabria et Pe\u00f1a Trevinca, dans la sierra de Segundera, le pic le plus haut de la province avec ses 2 127m d&rsquo;altitude. Les passionn\u00e9s de nature d\u00e9couvriront un cadre naturel riche tout en pratiquant tout type d&rsquo;activit\u00e9s de tourisme rural et sportif : randonn\u00e9es, promenades \u00e0 cheval, VTT, observation des oiseaux et de la flore\u2026<\/p>\n<ul>\n<li>QUE VOIR ?<\/li>\n<li>Puebla de Sanabria : chef-lieu du canton. D\u00e9clar\u00e9 ensemble de monuments historique et artistique. Cela vaut la peine de parcourir ses rues pav\u00e9es o\u00f9 chaque recoin exhale une saveur m\u00e9di\u00e9vale. Son ch\u00e2teau &#8211; aujourd&rsquo;hui centre d&rsquo;interpr\u00e9tation des villes fortifi\u00e9es et si\u00e8ge de l&rsquo;Office du tourisme &#8211; et sa paroisse m\u00e9ritent le d\u00e9tour. Le Mus\u00e9e de Gigantes y Cabezudos, de grandes figurines costum\u00e9es appel\u00e9es G\u00e9ants et Grosses-t\u00eates, est tout \u00e0 fait original.<\/li>\n<li>El Puente de Sanabria : centre commercial du canton qui accueille un march\u00e9 tr\u00e8s populaire tous les lundis.<\/li>\n<li>Les Cascades dans le village pittoresque de Sotillo offrent l&rsquo;un des chemins de randonn\u00e9e les plus int\u00e9ressants car il m\u00e8ne \u00e0 des chutes d&rsquo;eau spectaculaires parmi les ch\u00eanes, les ch\u00e2taigniers et les ifs.<\/li>\n<li>San Mart\u00edn de Casta\u00f1eda : un magnifique site sur le lac, ce qui a \u00e9t\u00e9 d\u00e9terminant pour la construction de l&rsquo;ancien monast\u00e8re cistercien \u00e0 cet endroit. Ce qu&rsquo;il en reste aujourd&rsquo;hui accueille les d\u00e9pendances de la Maison du Parc naturel du lac de Sanabria\u00a0\u00bb<\/li>\n<li>Ribadelago Nuevo et Ribadelago Viejo, deux villages connus pour leur histoire tragique : la rupture du barrage de Vega de Tera. Aujourd&rsquo;hui en \u00e9t\u00e9, on y trouve une ambiance tr\u00e8s anim\u00e9e, et ils sont le point de d\u00e9part de nombreux circuits de randonn\u00e9e comme celui qui passe par le canyon du Tera.<\/li>\n<li>Vigo de Sanabria et Robleda sont des exemples de l&rsquo;architecture populaire.<\/li>\n<li>R\u00e1bano de Sanabria : architecture populaire avec une magnifique croix de pierre du XVIIe si\u00e8cle et le sanctuaire de la Alcobilla, du XVIe si\u00e8cle, r\u00e9nov\u00e9 au XVIIIe.<\/li>\n<li>Au d\u00e9part de San Ciprian, une excursion int\u00e9ressante gravit le c\u00f4t\u00e9 droit du ruisseau de Carambilla jusqu&rsquo;au Pic Faeda (2 024m)<\/li>\n<li>Le Parc naturel du lac de Sanabria renferme le plus grand nombre de lacs d&rsquo;origine glaciaire en Espagne.<\/li>\n<li>Requejo : point de d\u00e9part de l&rsquo;excursion qui conduit \u00e0 la for\u00eat du Tejedelo, une r\u00e9serve d&rsquo;ifs de grande valeur \u00e9cologique.<\/li>\n<li>Lubi\u00e1n : on y visite le Castro (fort) de las Muradellas, el cortello dos lobos (ancien pi\u00e8ge \u00e0 loups) et l&rsquo;ermitage de la Tuiza.<\/li>\n<li>Hermisende : ce village poss\u00e8de un beau presbyt\u00e8re appel\u00e9 \u00ab\u00a0la casa del Cura\u00a0\u00bb (la maison du Cur\u00e9) et d&rsquo;anciens forts.<\/li>\n<li>Rionegro del Puente, une fois dans le canton de la Carballeda, abrite le sanctuaire de la Vierge de la Carballeda.<\/li>\n<li>Muelas de los Caballeros et Donado sont des centres de splendide architecture populaire avec de magnifiques exemples de demeures seigneuriales.<\/li>\n<li>Mombuey : originale \u00e9glise romane du XIIe si\u00e8cle avec son clocher aux pans incurv\u00e9s.<\/li>\n<li>Robledo : si\u00e8ge du centre d&rsquo;interpr\u00e9tation du loup ib\u00e9rique.<\/li>\n<\/ul>\n<p><a href=\"https:\/\/turismoenzamora.es\/wp-content\/uploads\/2017\/08\/rmonta\u00f1a_.pdf\" target=\"_blank\" rel=\"noopener\"><img loading=\"lazy\" decoding=\"async\" class=\"alignnone size-full wp-image-640\" src=\"https:\/\/turismoenzamora.es\/wp-content\/uploads\/2017\/08\/masinfo.png\" alt=\"\" width=\"63\" height=\"32\" \/><\/a><\/p>\n<p><a href=\"https:\/\/turismoenzamora.es\/wp-content\/uploads\/2017\/08\/r_monta\u00f1a_2.jpg\" target=\"_blank\" rel=\"noopener\"><img decoding=\"async\" class=\"aligncenter wp-image-651\" src=\"https:\/\/turismoenzamora.es\/wp-content\/uploads\/2017\/08\/r_monta\u00f1a_2.jpg\" alt=\"\" width=\"804\" height=\"451\" srcset=\"https:\/\/turismoenzamora.es\/wp-content\/uploads\/2017\/08\/r_monta\u00f1a_2.jpg 1686w, https:\/\/turismoenzamora.es\/wp-content\/uploads\/2017\/08\/r_monta\u00f1a_2-300x168.jpg 300w, https:\/\/turismoenzamora.es\/wp-content\/uploads\/2017\/08\/r_monta\u00f1a_2-768x431.jpg 768w, https:\/\/turismoenzamora.es\/wp-content\/uploads\/2017\/08\/r_monta\u00f1a_2-1024x575.jpg 1024w, https:\/\/turismoenzamora.es\/wp-content\/uploads\/2017\/08\/r_monta\u00f1a_2-355x200.jpg 355w\" sizes=\"(max-width: 804px) 100vw, 804px\" \/><\/a><\/p>","protected":false},"excerpt":{"rendered":"<p>Route de la montagne Cette route passe par le canton le plus accident\u00e9 et abrupt de la province de Zamora, Sanabria-Carballeda, o\u00f9 se trouve le Parc naturel du lac de Sanabria et Pe\u00f1a Trevinca, dans la sierra de Segundera, le pic le plus haut de la province avec ses 2 127m d&rsquo;altitude. Les passionn\u00e9s de [&hellip;]<\/p>\n","protected":false},"author":1,"featured_media":0,"parent":0,"menu_order":0,"comment_status":"closed","ping_status":"closed","template":"","meta":{"inline_featured_image":false,"site-sidebar-layout":"default","site-content-layout":"","ast-site-content-layout":"","site-content-style":"default","site-sidebar-style":"default","ast-global-header-display":"","ast-banner-title-visibility":"","ast-main-header-display":"","ast-hfb-above-header-display":"","ast-hfb-below-header-display":"","ast-hfb-mobile-header-display":"","site-post-title":"","ast-breadcrumbs-content":"","ast-featured-img":"","footer-sml-layout":"","theme-transparent-header-meta":"","adv-header-id-meta":"","stick-header-meta":"","header-above-stick-meta":"","header-main-stick-meta":"","header-below-stick-meta":"","astra-migrate-meta-layouts":"default","ast-page-background-enabled":"default","ast-page-background-meta":{"desktop":{"background-color":"","background-image":"","background-repeat":"repeat","background-position":"center center","background-size":"auto","background-attachment":"scroll","background-type":"","background-media":"","overlay-type":"","overlay-color":"","overlay-opacity":"","overlay-gradient":""},"tablet":{"background-color":"","background-image":"","background-repeat":"repeat","background-position":"center center","background-size":"auto","background-attachment":"scroll","background-type":"","background-media":"","overlay-type":"","overlay-color":"","overlay-opacity":"","overlay-gradient":""},"mobile":{"background-color":"","background-image":"","background-repeat":"repeat","background-position":"center center","background-size":"auto","background-attachment":"scroll","background-type":"","background-media":"","overlay-type":"","overlay-color":"","overlay-opacity":"","overlay-gradient":""}},"ast-content-background-meta":{"desktop":{"background-color":"var(--ast-global-color-5)","background-image":"","background-repeat":"repeat","background-position":"center center","background-size":"auto","background-attachment":"scroll","background-type":"","background-media":"","overlay-type":"","overlay-color":"","overlay-opacity":"","overlay-gradient":""},"tablet":{"background-color":"var(--ast-global-color-5)","background-image":"","background-repeat":"repeat","background-position":"center center","background-size":"auto","background-attachment":"scroll","background-type":"","background-media":"","overlay-type":"","overlay-color":"","overlay-opacity":"","overlay-gradient":""},"mobile":{"background-color":"var(--ast-global-color-5)","background-image":"","background-repeat":"repeat","background-position":"center center","background-size":"auto","background-attachment":"scroll","background-type":"","background-media":"","overlay-type":"","overlay-color":"","overlay-opacity":"","overlay-gradient":""}},"ngg_post_thumbnail":0,"footnotes":""},"yoast_head":"<!-- This site is optimized with the Yoast SEO plugin v23.0 - https:\/\/yoast.com\/wordpress\/plugins\/seo\/ -->\n<title>Turismo de Zamora , Turismo Sostenible<\/title>\n<meta name=\"description\" content=\"Esta es la p\u00e1gina Oficial de Turismo de Diputaci\u00f3n de Zamora, donde podr\u00e1 encontrar toda la informaci\u00f3n para disfrutar al m\u00e1ximo de nuestra provincia.\" \/>\n<meta name=\"robots\" content=\"index, follow, max-snippet:-1, max-image-preview:large, max-video-preview:-1\" \/>\n<link rel=\"canonical\" href=\"https:\/\/turismoenzamora.es\/en\/ruta-de-la-montana\/\" \/>\n<meta property=\"og:locale\" content=\"fr_FR\" \/>\n<meta property=\"og:type\" content=\"article\" \/>\n<meta property=\"og:title\" content=\"Turismo de Zamora , Turismo Sostenible\" \/>\n<meta property=\"og:description\" content=\"Esta es la p\u00e1gina Oficial de Turismo de Diputaci\u00f3n de Zamora, donde podr\u00e1 encontrar toda la informaci\u00f3n para disfrutar al m\u00e1ximo de nuestra provincia.\" \/>\n<meta property=\"og:url\" content=\"https:\/\/turismoenzamora.es\/en\/ruta-de-la-montana\/\" \/>\n<meta property=\"og:site_name\" content=\"Tourisme \u00e0 Zamora\" \/>\n<meta property=\"article:publisher\" content=\"https:\/\/www.facebook.com\/ZamoraSpain\/\" \/>\n<meta property=\"article:modified_time\" content=\"2018-02-12T08:12:08+00:00\" \/>\n<meta property=\"og:image\" content=\"https:\/\/turismoenzamora.es\/wp-content\/uploads\/2017\/08\/masinfo.png\" \/>\n<meta name=\"twitter:card\" content=\"summary_large_image\" \/>\n<meta name=\"twitter:site\" content=\"@ZamoraSpain\" \/>\n<meta name=\"twitter:label1\" content=\"Dur\u00e9e de lecture estim\u00e9e\" \/>\n\t<meta name=\"twitter:data1\" content=\"13 minutes\" \/>\n<script type=\"application\/ld+json\" class=\"yoast-schema-graph\">{\"@context\":\"https:\/\/schema.org\",\"@graph\":[{\"@type\":\"WebPage\",\"@id\":\"https:\/\/turismoenzamora.es\/en\/ruta-de-la-montana\/\",\"url\":\"https:\/\/turismoenzamora.es\/en\/ruta-de-la-montana\/\",\"name\":\"Turismo de Zamora , Turismo Sostenible\",\"isPartOf\":{\"@id\":\"https:\/\/turismoenzamora.es\/pt\/#website\"},\"primaryImageOfPage\":{\"@id\":\"https:\/\/turismoenzamora.es\/en\/ruta-de-la-montana\/#primaryimage\"},\"image\":{\"@id\":\"https:\/\/turismoenzamora.es\/en\/ruta-de-la-montana\/#primaryimage\"},\"thumbnailUrl\":\"https:\/\/turismoenzamora.es\/wp-content\/uploads\/2017\/08\/masinfo.png\",\"datePublished\":\"2017-08-08T07:12:29+00:00\",\"dateModified\":\"2018-02-12T08:12:08+00:00\",\"description\":\"Esta es la p\u00e1gina Oficial de Turismo de Diputaci\u00f3n de Zamora, donde podr\u00e1 encontrar toda la informaci\u00f3n para disfrutar al m\u00e1ximo de nuestra provincia.\",\"breadcrumb\":{\"@id\":\"https:\/\/turismoenzamora.es\/en\/ruta-de-la-montana\/#breadcrumb\"},\"inLanguage\":\"fr-FR\",\"potentialAction\":[{\"@type\":\"ReadAction\",\"target\":[\"https:\/\/turismoenzamora.es\/en\/ruta-de-la-montana\/\"]}]},{\"@type\":\"ImageObject\",\"inLanguage\":\"fr-FR\",\"@id\":\"https:\/\/turismoenzamora.es\/en\/ruta-de-la-montana\/#primaryimage\",\"url\":\"https:\/\/turismoenzamora.es\/wp-content\/uploads\/2017\/08\/masinfo.png\",\"contentUrl\":\"https:\/\/turismoenzamora.es\/wp-content\/uploads\/2017\/08\/masinfo.png\"},{\"@type\":\"BreadcrumbList\",\"@id\":\"https:\/\/turismoenzamora.es\/en\/ruta-de-la-montana\/#breadcrumb\",\"itemListElement\":[{\"@type\":\"ListItem\",\"position\":1,\"name\":\"Portada\",\"item\":\"https:\/\/turismoenzamora.es\/\"},{\"@type\":\"ListItem\",\"position\":2,\"name\":\"Mountain Route\"}]},{\"@type\":\"WebSite\",\"@id\":\"https:\/\/turismoenzamora.es\/pt\/#website\",\"url\":\"https:\/\/turismoenzamora.es\/pt\/\",\"name\":\"Turismo sostenible. Patronato de Turismo de la Diputaci\u00f3n de Zamora.&quot;Turismo Sostenible&quot;.\",\"description\":\"Tourisme durable Office du tourisme de la Diputaci\u00f3n de Zamora\",\"publisher\":{\"@id\":\"https:\/\/turismoenzamora.es\/pt\/#organization\"},\"potentialAction\":[{\"@type\":\"SearchAction\",\"target\":{\"@type\":\"EntryPoint\",\"urlTemplate\":\"https:\/\/turismoenzamora.es\/pt\/?s={search_term_string}\"},\"query-input\":\"required name=search_term_string\"}],\"inLanguage\":\"fr-FR\"},{\"@type\":\"Organization\",\"@id\":\"https:\/\/turismoenzamora.es\/pt\/#organization\",\"name\":\"Patronato de Turismo de la Diputaci\u00f3n de Zamora\",\"url\":\"https:\/\/turismoenzamora.es\/pt\/\",\"logo\":{\"@type\":\"ImageObject\",\"inLanguage\":\"fr-FR\",\"@id\":\"https:\/\/turismoenzamora.es\/pt\/#\/schema\/logo\/image\/\",\"url\":\"https:\/\/turismoenzamora.es\/wp-content\/uploads\/2018\/06\/ZamoraLogo.png\",\"contentUrl\":\"https:\/\/turismoenzamora.es\/wp-content\/uploads\/2018\/06\/ZamoraLogo.png\",\"width\":1276,\"height\":290,\"caption\":\"Patronato de Turismo de la Diputaci\u00f3n de Zamora\"},\"image\":{\"@id\":\"https:\/\/turismoenzamora.es\/pt\/#\/schema\/logo\/image\/\"},\"sameAs\":[\"https:\/\/www.facebook.com\/ZamoraSpain\/\",\"https:\/\/x.com\/ZamoraSpain\",\"https:\/\/www.instagram.com\/turismoenzamora.es\/\",\"https:\/\/www.pinterest.es\/TurismoenZamora\/\",\"https:\/\/www.youtube.com\/channel\/UC2bOyOZ-2cLm-uXlBFYUV9w\"]}]}<\/script>\n<!-- \/ Yoast SEO plugin. -->","yoast_head_json":{"title":"Turismo de Zamora , Turismo Sostenible","description":"Esta es la p\u00e1gina Oficial de Turismo de Diputaci\u00f3n de Zamora, donde podr\u00e1 encontrar toda la informaci\u00f3n para disfrutar al m\u00e1ximo de nuestra provincia.","robots":{"index":"index","follow":"follow","max-snippet":"max-snippet:-1","max-image-preview":"max-image-preview:large","max-video-preview":"max-video-preview:-1"},"canonical":"https:\/\/turismoenzamora.es\/en\/ruta-de-la-montana\/","og_locale":"fr_FR","og_type":"article","og_title":"Turismo de Zamora , Turismo Sostenible","og_description":"Esta es la p\u00e1gina Oficial de Turismo de Diputaci\u00f3n de Zamora, donde podr\u00e1 encontrar toda la informaci\u00f3n para disfrutar al m\u00e1ximo de nuestra provincia.","og_url":"https:\/\/turismoenzamora.es\/en\/ruta-de-la-montana\/","og_site_name":"Tourisme \u00e0 Zamora","article_publisher":"https:\/\/www.facebook.com\/ZamoraSpain\/","article_modified_time":"2018-02-12T08:12:08+00:00","og_image":[{"url":"https:\/\/turismoenzamora.es\/wp-content\/uploads\/2017\/08\/masinfo.png"}],"twitter_card":"summary_large_image","twitter_site":"@ZamoraSpain","twitter_misc":{"Dur\u00e9e de lecture estim\u00e9e":"13 minutes"},"schema":{"@context":"https:\/\/schema.org","@graph":[{"@type":"WebPage","@id":"https:\/\/turismoenzamora.es\/en\/ruta-de-la-montana\/","url":"https:\/\/turismoenzamora.es\/en\/ruta-de-la-montana\/","name":"Turismo de Zamora , Turismo Sostenible","isPartOf":{"@id":"https:\/\/turismoenzamora.es\/pt\/#website"},"primaryImageOfPage":{"@id":"https:\/\/turismoenzamora.es\/en\/ruta-de-la-montana\/#primaryimage"},"image":{"@id":"https:\/\/turismoenzamora.es\/en\/ruta-de-la-montana\/#primaryimage"},"thumbnailUrl":"https:\/\/turismoenzamora.es\/wp-content\/uploads\/2017\/08\/masinfo.png","datePublished":"2017-08-08T07:12:29+00:00","dateModified":"2018-02-12T08:12:08+00:00","description":"Esta es la p\u00e1gina Oficial de Turismo de Diputaci\u00f3n de Zamora, donde podr\u00e1 encontrar toda la informaci\u00f3n para disfrutar al m\u00e1ximo de nuestra provincia.","breadcrumb":{"@id":"https:\/\/turismoenzamora.es\/en\/ruta-de-la-montana\/#breadcrumb"},"inLanguage":"fr-FR","potentialAction":[{"@type":"ReadAction","target":["https:\/\/turismoenzamora.es\/en\/ruta-de-la-montana\/"]}]},{"@type":"ImageObject","inLanguage":"fr-FR","@id":"https:\/\/turismoenzamora.es\/en\/ruta-de-la-montana\/#primaryimage","url":"https:\/\/turismoenzamora.es\/wp-content\/uploads\/2017\/08\/masinfo.png","contentUrl":"https:\/\/turismoenzamora.es\/wp-content\/uploads\/2017\/08\/masinfo.png"},{"@type":"BreadcrumbList","@id":"https:\/\/turismoenzamora.es\/en\/ruta-de-la-montana\/#breadcrumb","itemListElement":[{"@type":"ListItem","position":1,"name":"Portada","item":"https:\/\/turismoenzamora.es\/"},{"@type":"ListItem","position":2,"name":"Mountain Route"}]},{"@type":"WebSite","@id":"https:\/\/turismoenzamora.es\/pt\/#website","url":"https:\/\/turismoenzamora.es\/pt\/","name":"Turismo sostenible. Patronato de Turismo de la Diputaci\u00f3n de Zamora.&quot;Turismo Sostenible&quot;.","description":"Tourisme durable Office du tourisme de la Diputaci\u00f3n de Zamora","publisher":{"@id":"https:\/\/turismoenzamora.es\/pt\/#organization"},"potentialAction":[{"@type":"SearchAction","target":{"@type":"EntryPoint","urlTemplate":"https:\/\/turismoenzamora.es\/pt\/?s={search_term_string}"},"query-input":"required name=search_term_string"}],"inLanguage":"fr-FR"},{"@type":"Organization","@id":"https:\/\/turismoenzamora.es\/pt\/#organization","name":"Patronato de Turismo de la Diputaci\u00f3n de Zamora","url":"https:\/\/turismoenzamora.es\/pt\/","logo":{"@type":"ImageObject","inLanguage":"fr-FR","@id":"https:\/\/turismoenzamora.es\/pt\/#\/schema\/logo\/image\/","url":"https:\/\/turismoenzamora.es\/wp-content\/uploads\/2018\/06\/ZamoraLogo.png","contentUrl":"https:\/\/turismoenzamora.es\/wp-content\/uploads\/2018\/06\/ZamoraLogo.png","width":1276,"height":290,"caption":"Patronato de Turismo de la Diputaci\u00f3n de Zamora"},"image":{"@id":"https:\/\/turismoenzamora.es\/pt\/#\/schema\/logo\/image\/"},"sameAs":["https:\/\/www.facebook.com\/ZamoraSpain\/","https:\/\/x.com\/ZamoraSpain","https:\/\/www.instagram.com\/turismoenzamora.es\/","https:\/\/www.pinterest.es\/TurismoenZamora\/","https:\/\/www.youtube.com\/channel\/UC2bOyOZ-2cLm-uXlBFYUV9w"]}]}},"_links":{"self":[{"href":"https:\/\/turismoenzamora.es\/fr\/wp-json\/wp\/v2\/pages\/261"}],"collection":[{"href":"https:\/\/turismoenzamora.es\/fr\/wp-json\/wp\/v2\/pages"}],"about":[{"href":"https:\/\/turismoenzamora.es\/fr\/wp-json\/wp\/v2\/types\/page"}],"author":[{"embeddable":true,"href":"https:\/\/turismoenzamora.es\/fr\/wp-json\/wp\/v2\/users\/1"}],"replies":[{"embeddable":true,"href":"https:\/\/turismoenzamora.es\/fr\/wp-json\/wp\/v2\/comments?post=261"}],"version-history":[{"count":0,"href":"https:\/\/turismoenzamora.es\/fr\/wp-json\/wp\/v2\/pages\/261\/revisions"}],"wp:attachment":[{"href":"https:\/\/turismoenzamora.es\/fr\/wp-json\/wp\/v2\/media?parent=261"}],"curies":[{"name":"wp","href":"https:\/\/api.w.org\/{rel}","templated":true}]}}