{"id":2575,"date":"2017-08-21T10:27:15","date_gmt":"2017-08-21T08:27:15","guid":{"rendered":"https:\/\/newweb.turismoenzamora.es\/?page_id=2575"},"modified":"2026-02-10T17:00:33","modified_gmt":"2026-02-10T16:00:33","slug":"oficinas-de-turismo","status":"publish","type":"page","link":"https:\/\/turismoenzamora.es\/fr\/servicios-turisticos\/informacion-turistica\/oficinas-de-turismo\/","title":{"rendered":"Offices de tourisme"},"content":{"rendered":"\t\t<div data-elementor-type=\"wp-page\" data-elementor-id=\"2575\" class=\"elementor elementor-2575\" data-elementor-post-type=\"page\">\n\t\t\t\t\t\t<section class=\"elementor-section elementor-top-section elementor-element elementor-element-39d51a02 elementor-section-boxed elementor-section-height-default elementor-section-height-default\" data-id=\"39d51a02\" data-element_type=\"section\">\n\t\t\t\t\t\t<div class=\"elementor-container elementor-column-gap-default\">\n\t\t\t\t\t<div class=\"elementor-column elementor-col-100 elementor-top-column elementor-element elementor-element-2f6c61be\" data-id=\"2f6c61be\" data-element_type=\"column\">\n\t\t\t<div class=\"elementor-widget-wrap elementor-element-populated\">\n\t\t\t\t\t\t<div class=\"elementor-element elementor-element-7494354f elementor-widget elementor-widget-text-editor\" data-id=\"7494354f\" data-element_type=\"widget\" data-widget_type=\"text-editor.default\">\n\t\t\t\t<div class=\"elementor-widget-container\">\n\t\t\t\t\t\t\t<p><\/p>\n<h5>ZAMORA<\/h5>\n<p>Oficina Municipal de Turismo<\/p>\n<p>Tfno.: 980 533 694<\/p>\n<p><a href=\"mailto:oficinaturismo@zamora.es\">oficinaturismo@zamora.es<\/a><\/p>\n<p><strong>Del 1 de abril al 31 de mayo.<\/strong> De lunes a s\u00e1bado de 10 a 14 y de 16.30 a 20 horas. Domingos de 10 a 14 h. Tardes cerrado.<\/p>\n<p><strong>Junio, julio, agosto y septiembre.<\/strong> Todos los d\u00edas de 10 a 14 y de 14 a 20 horas.<\/p>\n<p><strong>De octubre a marzo.<\/strong> De lunes a s\u00e1bado de 10 a 14 y de 16 a 19.30 horas. Domingos de 10 a 14 horas.<\/p>\n<p><em>D\u00edas 24 y 31 de diciembre de 10 a 14 horas. D\u00edas 25 de diciembre, 1 y 6 de enero cerrado<\/em><\/p>\n<p>Oficina Regional de Turismo<\/p>\n<p>Tfno.: 980 531 845<\/p>\n<p><a href=\"mailto:oficinadeturismodezamora@jcyl.es\">oficinadeturismodezamora@jcyl.es<\/a><\/p>\n<p>Horario de apertura: Temporada baja: lunes a s\u00e1bados de 9,30h a 14h y de 16h a 19h. domingos de 9,30h a 17h<br>De 1 de julio a 15 de septiembre: lunes a s\u00e1bados de 9,30h a 14h y de 17h a 20h.<br>Domingos de 9,30h a 17h.<br>Cerrado: 25 de diciembre, 1 de enero y las tardes del 24 y 31 de diciembre.<\/p>\n<p><\/p>\n<hr>\n<table border=\"0\" cellspacing=\"1\" cellpadding=\"1\">\n<tbody>\n<tr>\n<td>\n<h5>ALCA\u00d1ICES<\/h5>\n<p>Oficina de Turismo<\/p>\n<p>Tfno.: 980 680 368<\/p>\n<p><u>Horario de Apertura:<\/u><br>De Julio a Octubre: de Martes a Domingo de 11 a 14 horas&nbsp;&nbsp;y de 16 a 19 horas<\/p>\n<\/td>\n<td>\n<h5>BENAVENTE<\/h5>\n<p>Oficina de turismo<\/p>\n<p>Tfno.: 980 634 211 Fax: 980 636 108<\/p>\n<p><a href=\"mailto:turismo@benavente.es\">turismo@benavente.es<\/a><br><u>Horario de apertura:<\/u><br>De lunes a&nbsp;s\u00e1bado de 10h a 14h y de 16,30h a 19,30h. Domingos y festivos de 10,30h a 14h.<\/p>\n<\/td>\n<\/tr>\n<tr>\n<td>\n<h5>TORREGAMONES<\/h5>\n<p>Oficina de turismo<\/p>\n<p>Tfno. 980 616 118<br><u>Horario de apertura:<\/u><br>De Mayo a Septiembre, de Martes a Jueves de 10 a 16 horas y de Viernes a Domingo de 11 a 14:30 h y de 15:30 a 19:30 horas.<br>Lunes cerrado<\/p>\n<\/td>\n<td>\n<h5>FERMOSELLE<\/h5>\n<p>Oficina de turismo<\/p>\n<p>Tfno.: 980 613 535<\/p>\n<p><a href=\"mailto:ofturismofer@hotmail.com\">ofturismofer@hotmail.com<\/a><br><u>Horario de apertura<\/u>:<br>Del 20 de abril a 31 de mayo, s\u00e1bados y domingos de 10h a 14h y de 17,30 a 20,30h.<br>Del 1 de junio a 30 de septiembre, de martes a viernes de 10h a 14h y de 17h a 19,30h. S\u00e1bados y domingos de 10h a 14h y de 17h a 20h.<br>Lunes cerrado<\/p>\n<\/td>\n<\/tr>\n<tr>\n<td>\n<h5>MERCADO DEL PUENTE<\/h5>\n<p>Oficina de Turismo<\/p>\n<p>Tfno.: 980 621 408<\/p>\n<p><a href=\"mailto:oturlago@aytogalende.net\">oturlago@aytogalende.net<\/a><br><u>Horario de apertura:<\/u><br>Abierta todo el a\u00f1o de lunes a domingos de 10h a 14h y de 16,30h a 19,30h.<br>Martes, jueves y domingos de 10h a 14h.<\/p>\n<\/td>\n<td>\n<h5>PUEBLA DE SANABRIA<\/h5>\n<p>Oficina de Turismo<\/p>\n<p>Tfno.: 980 620 734<\/p>\n<p><a href=\"mailto:ofturismo@pueblasanabria.com\">ofturismo@pueblasanabria.com<\/a><br><u>Horario de apertura:<\/u><\/p>\n<p>Abierta todo el a\u00f1o de 11-14 y de 16-20 horas.<\/p>\n<p>Verano: de 11-14 y de 17-21 horas<\/p>\n<\/td>\n<\/tr>\n<tr>\n<td>\n<h5>RIONEGRO DEL PUENTE<\/h5>\n<p>Oficina de Turismo<\/p>\n<p>Tfno.: y Fax: 980 652 161<\/p>\n<p><\/p>\n<\/td>\n<td>\n<h5>TORO<\/h5>\n<p>Oficina de Turismo<\/p>\n<p>Tfno.: 980 694 747<\/p>\n<p><a href=\"mailto:turismo@toroayto.es\">turismo@toroayto.es<\/a><br><u>Horario de apertura<\/u>:<br>abierta todo el a\u00f1o de 10h a 14h y de 16h a 19h<\/p>\n<\/td>\n<\/tr>\n<tr>\n<td>\n<h5>ROBLEDA-CERVANTES<\/h5>\n<p>Oficina de Turismo<br><u>Horario de apertura:<\/u><br>julio y agosto de lunes a domingos de 10h a 13h y de 17h a 20h<\/p>\n<\/td>\n<td>&nbsp;<\/td>\n<\/tr>\n<\/tbody>\n<\/table>\n<p><\/p>\n<p><!-- wp:paragraph --><\/p>\n<p><!-- \/wp:paragraph --><\/p>\t\t\t\t\t\t<\/div>\n\t\t\t\t<\/div>\n\t\t\t\t\t<\/div>\n\t\t<\/div>\n\t\t\t\t\t<\/div>\n\t\t<\/section>\n\t\t\t\t<\/div>\n\t\t","protected":false},"excerpt":{"rendered":"<p>ZAMORA Oficina Municipal de Turismo Tfno.: 980 533 694 oficinaturismo@zamora.es Del 1 de abril al 31 de mayo. De lunes a s\u00e1bado de 10 a 14 y de 16.30 a 20 horas. Domingos de 10 a 14 h. Tardes cerrado. Junio, julio, agosto y septiembre. Todos los d\u00edas de 10 a 14 y de 14 [&hellip;]<\/p>\n","protected":false},"author":1,"featured_media":0,"parent":2059,"menu_order":4,"comment_status":"closed","ping_status":"closed","template":"","meta":{"inline_featured_image":false,"site-sidebar-layout":"default","site-content-layout":"default","ast-site-content-layout":"","site-content-style":"default","site-sidebar-style":"default","ast-global-header-display":"","ast-banner-title-visibility":"","ast-main-header-display":"","ast-hfb-above-header-display":"","ast-hfb-below-header-display":"","ast-hfb-mobile-header-display":"","site-post-title":"","ast-breadcrumbs-content":"","ast-featured-img":"","footer-sml-layout":"","theme-transparent-header-meta":"default","adv-header-id-meta":"","stick-header-meta":"","header-above-stick-meta":"","header-main-stick-meta":"","header-below-stick-meta":"","astra-migrate-meta-layouts":"default","ast-page-background-enabled":"default","ast-page-background-meta":{"desktop":{"background-color":"","background-image":"","background-repeat":"repeat","background-position":"center center","background-size":"auto","background-attachment":"scroll","background-type":"","background-media":"","overlay-type":"","overlay-color":"","overlay-opacity":"","overlay-gradient":""},"tablet":{"background-color":"","background-image":"","background-repeat":"repeat","background-position":"center center","background-size":"auto","background-attachment":"scroll","background-type":"","background-media":"","overlay-type":"","overlay-color":"","overlay-opacity":"","overlay-gradient":""},"mobile":{"background-color":"","background-image":"","background-repeat":"repeat","background-position":"center center","background-size":"auto","background-attachment":"scroll","background-type":"","background-media":"","overlay-type":"","overlay-color":"","overlay-opacity":"","overlay-gradient":""}},"ast-content-background-meta":{"desktop":{"background-color":"var(--ast-global-color-5)","background-image":"","background-repeat":"repeat","background-position":"center center","background-size":"auto","background-attachment":"scroll","background-type":"","background-media":"","overlay-type":"","overlay-color":"","overlay-opacity":"","overlay-gradient":""},"tablet":{"background-color":"var(--ast-global-color-5)","background-image":"","background-repeat":"repeat","background-position":"center center","background-size":"auto","background-attachment":"scroll","background-type":"","background-media":"","overlay-type":"","overlay-color":"","overlay-opacity":"","overlay-gradient":""},"mobile":{"background-color":"var(--ast-global-color-5)","background-image":"","background-repeat":"repeat","background-position":"center center","background-size":"auto","background-attachment":"scroll","background-type":"","background-media":"","overlay-type":"","overlay-color":"","overlay-opacity":"","overlay-gradient":""}},"ngg_post_thumbnail":0,"footnotes":""},"yoast_head":"<!-- This site is optimized with the Yoast SEO plugin v23.0 - https:\/\/yoast.com\/wordpress\/plugins\/seo\/ -->\n<title>Turismo de Zamora , Turismo Sostenible<\/title>\n<meta name=\"description\" content=\"Esta es la p\u00e1gina Oficial de Turismo de Diputaci\u00f3n de Zamora, donde podr\u00e1 encontrar toda la informaci\u00f3n para disfrutar al m\u00e1ximo de nuestra provincia.\" \/>\n<meta name=\"robots\" content=\"index, follow, max-snippet:-1, max-image-preview:large, max-video-preview:-1\" \/>\n<link rel=\"canonical\" href=\"https:\/\/turismoenzamora.es\/servicios-turisticos\/informacion-turistica\/oficinas-de-turismo\/\" \/>\n<meta property=\"og:locale\" content=\"fr_FR\" \/>\n<meta property=\"og:type\" content=\"article\" \/>\n<meta property=\"og:title\" content=\"Turismo de Zamora , Turismo Sostenible\" \/>\n<meta property=\"og:description\" content=\"Esta es la p\u00e1gina Oficial de Turismo de Diputaci\u00f3n de Zamora, donde podr\u00e1 encontrar toda la informaci\u00f3n para disfrutar al m\u00e1ximo de nuestra provincia.\" \/>\n<meta property=\"og:url\" content=\"https:\/\/turismoenzamora.es\/servicios-turisticos\/informacion-turistica\/oficinas-de-turismo\/\" \/>\n<meta property=\"og:site_name\" content=\"Tourisme \u00e0 Zamora\" \/>\n<meta property=\"article:publisher\" content=\"https:\/\/www.facebook.com\/ZamoraSpain\/\" \/>\n<meta property=\"article:modified_time\" content=\"2026-02-10T16:00:33+00:00\" \/>\n<meta name=\"twitter:card\" content=\"summary_large_image\" \/>\n<meta name=\"twitter:site\" content=\"@ZamoraSpain\" \/>\n<meta name=\"twitter:label1\" content=\"Dur\u00e9e de lecture estim\u00e9e\" \/>\n\t<meta name=\"twitter:data1\" content=\"14 minutes\" \/>\n<script type=\"application\/ld+json\" class=\"yoast-schema-graph\">{\"@context\":\"https:\/\/schema.org\",\"@graph\":[{\"@type\":\"WebPage\",\"@id\":\"https:\/\/turismoenzamora.es\/servicios-turisticos\/informacion-turistica\/oficinas-de-turismo\/\",\"url\":\"https:\/\/turismoenzamora.es\/servicios-turisticos\/informacion-turistica\/oficinas-de-turismo\/\",\"name\":\"Turismo de Zamora , Turismo Sostenible\",\"isPartOf\":{\"@id\":\"https:\/\/turismoenzamora.es\/pt\/#website\"},\"datePublished\":\"2017-08-21T08:27:15+00:00\",\"dateModified\":\"2026-02-10T16:00:33+00:00\",\"description\":\"Esta es la p\u00e1gina Oficial de Turismo de Diputaci\u00f3n de Zamora, donde podr\u00e1 encontrar toda la informaci\u00f3n para disfrutar al m\u00e1ximo de nuestra provincia.\",\"breadcrumb\":{\"@id\":\"https:\/\/turismoenzamora.es\/servicios-turisticos\/informacion-turistica\/oficinas-de-turismo\/#breadcrumb\"},\"inLanguage\":\"fr-FR\",\"potentialAction\":[{\"@type\":\"ReadAction\",\"target\":[\"https:\/\/turismoenzamora.es\/servicios-turisticos\/informacion-turistica\/oficinas-de-turismo\/\"]}]},{\"@type\":\"BreadcrumbList\",\"@id\":\"https:\/\/turismoenzamora.es\/servicios-turisticos\/informacion-turistica\/oficinas-de-turismo\/#breadcrumb\",\"itemListElement\":[{\"@type\":\"ListItem\",\"position\":1,\"name\":\"Portada\",\"item\":\"https:\/\/turismoenzamora.es\/\"},{\"@type\":\"ListItem\",\"position\":2,\"name\":\"Servicios Tur\u00edsticos\",\"item\":\"https:\/\/turismoenzamora.es\/fr\/servicios-turisticos\/\"},{\"@type\":\"ListItem\",\"position\":3,\"name\":\"Informations touristiques\",\"item\":\"https:\/\/turismoenzamora.es\/fr\/servicios-turisticos\/informacion-turistica\/\"},{\"@type\":\"ListItem\",\"position\":4,\"name\":\"[:es]Oficinas de turismo[:en]Tourist Offices[:fr]Offices de tourisme[:pt]Ag\u00eancias de Turismo[:de]Tourismusb\u00fcros[:]\"}]},{\"@type\":\"WebSite\",\"@id\":\"https:\/\/turismoenzamora.es\/pt\/#website\",\"url\":\"https:\/\/turismoenzamora.es\/pt\/\",\"name\":\"Turismo sostenible. Patronato de Turismo de la Diputaci\u00f3n de Zamora.&quot;Turismo Sostenible&quot;.\",\"description\":\"Tourisme durable Office du tourisme de la Diputaci\u00f3n de Zamora\",\"publisher\":{\"@id\":\"https:\/\/turismoenzamora.es\/pt\/#organization\"},\"potentialAction\":[{\"@type\":\"SearchAction\",\"target\":{\"@type\":\"EntryPoint\",\"urlTemplate\":\"https:\/\/turismoenzamora.es\/pt\/?s={search_term_string}\"},\"query-input\":\"required name=search_term_string\"}],\"inLanguage\":\"fr-FR\"},{\"@type\":\"Organization\",\"@id\":\"https:\/\/turismoenzamora.es\/pt\/#organization\",\"name\":\"Patronato de Turismo de la Diputaci\u00f3n de Zamora\",\"url\":\"https:\/\/turismoenzamora.es\/pt\/\",\"logo\":{\"@type\":\"ImageObject\",\"inLanguage\":\"fr-FR\",\"@id\":\"https:\/\/turismoenzamora.es\/pt\/#\/schema\/logo\/image\/\",\"url\":\"https:\/\/turismoenzamora.es\/wp-content\/uploads\/2018\/06\/ZamoraLogo.png\",\"contentUrl\":\"https:\/\/turismoenzamora.es\/wp-content\/uploads\/2018\/06\/ZamoraLogo.png\",\"width\":1276,\"height\":290,\"caption\":\"Patronato de Turismo de la Diputaci\u00f3n de Zamora\"},\"image\":{\"@id\":\"https:\/\/turismoenzamora.es\/pt\/#\/schema\/logo\/image\/\"},\"sameAs\":[\"https:\/\/www.facebook.com\/ZamoraSpain\/\",\"https:\/\/x.com\/ZamoraSpain\",\"https:\/\/www.instagram.com\/turismoenzamora.es\/\",\"https:\/\/www.pinterest.es\/TurismoenZamora\/\",\"https:\/\/www.youtube.com\/channel\/UC2bOyOZ-2cLm-uXlBFYUV9w\"]}]}<\/script>\n<!-- \/ Yoast SEO plugin. -->","yoast_head_json":{"title":"Turismo de Zamora , Turismo Sostenible","description":"Esta es la p\u00e1gina Oficial de Turismo de Diputaci\u00f3n de Zamora, donde podr\u00e1 encontrar toda la informaci\u00f3n para disfrutar al m\u00e1ximo de nuestra provincia.","robots":{"index":"index","follow":"follow","max-snippet":"max-snippet:-1","max-image-preview":"max-image-preview:large","max-video-preview":"max-video-preview:-1"},"canonical":"https:\/\/turismoenzamora.es\/servicios-turisticos\/informacion-turistica\/oficinas-de-turismo\/","og_locale":"fr_FR","og_type":"article","og_title":"Turismo de Zamora , Turismo Sostenible","og_description":"Esta es la p\u00e1gina Oficial de Turismo de Diputaci\u00f3n de Zamora, donde podr\u00e1 encontrar toda la informaci\u00f3n para disfrutar al m\u00e1ximo de nuestra provincia.","og_url":"https:\/\/turismoenzamora.es\/servicios-turisticos\/informacion-turistica\/oficinas-de-turismo\/","og_site_name":"Tourisme \u00e0 Zamora","article_publisher":"https:\/\/www.facebook.com\/ZamoraSpain\/","article_modified_time":"2026-02-10T16:00:33+00:00","twitter_card":"summary_large_image","twitter_site":"@ZamoraSpain","twitter_misc":{"Dur\u00e9e de lecture estim\u00e9e":"14 minutes"},"schema":{"@context":"https:\/\/schema.org","@graph":[{"@type":"WebPage","@id":"https:\/\/turismoenzamora.es\/servicios-turisticos\/informacion-turistica\/oficinas-de-turismo\/","url":"https:\/\/turismoenzamora.es\/servicios-turisticos\/informacion-turistica\/oficinas-de-turismo\/","name":"Turismo de Zamora , Turismo Sostenible","isPartOf":{"@id":"https:\/\/turismoenzamora.es\/pt\/#website"},"datePublished":"2017-08-21T08:27:15+00:00","dateModified":"2026-02-10T16:00:33+00:00","description":"Esta es la p\u00e1gina Oficial de Turismo de Diputaci\u00f3n de Zamora, donde podr\u00e1 encontrar toda la informaci\u00f3n para disfrutar al m\u00e1ximo de nuestra provincia.","breadcrumb":{"@id":"https:\/\/turismoenzamora.es\/servicios-turisticos\/informacion-turistica\/oficinas-de-turismo\/#breadcrumb"},"inLanguage":"fr-FR","potentialAction":[{"@type":"ReadAction","target":["https:\/\/turismoenzamora.es\/servicios-turisticos\/informacion-turistica\/oficinas-de-turismo\/"]}]},{"@type":"BreadcrumbList","@id":"https:\/\/turismoenzamora.es\/servicios-turisticos\/informacion-turistica\/oficinas-de-turismo\/#breadcrumb","itemListElement":[{"@type":"ListItem","position":1,"name":"Portada","item":"https:\/\/turismoenzamora.es\/"},{"@type":"ListItem","position":2,"name":"Servicios Tur\u00edsticos","item":"https:\/\/turismoenzamora.es\/fr\/servicios-turisticos\/"},{"@type":"ListItem","position":3,"name":"Informations touristiques","item":"https:\/\/turismoenzamora.es\/fr\/servicios-turisticos\/informacion-turistica\/"},{"@type":"ListItem","position":4,"name":"[:es]Oficinas de turismo[:en]Tourist Offices[:fr]Offices de tourisme[:pt]Ag\u00eancias de Turismo[:de]Tourismusb\u00fcros[:]"}]},{"@type":"WebSite","@id":"https:\/\/turismoenzamora.es\/pt\/#website","url":"https:\/\/turismoenzamora.es\/pt\/","name":"Turismo sostenible. Patronato de Turismo de la Diputaci\u00f3n de Zamora.&quot;Turismo Sostenible&quot;.","description":"Tourisme durable Office du tourisme de la Diputaci\u00f3n de Zamora","publisher":{"@id":"https:\/\/turismoenzamora.es\/pt\/#organization"},"potentialAction":[{"@type":"SearchAction","target":{"@type":"EntryPoint","urlTemplate":"https:\/\/turismoenzamora.es\/pt\/?s={search_term_string}"},"query-input":"required name=search_term_string"}],"inLanguage":"fr-FR"},{"@type":"Organization","@id":"https:\/\/turismoenzamora.es\/pt\/#organization","name":"Patronato de Turismo de la Diputaci\u00f3n de Zamora","url":"https:\/\/turismoenzamora.es\/pt\/","logo":{"@type":"ImageObject","inLanguage":"fr-FR","@id":"https:\/\/turismoenzamora.es\/pt\/#\/schema\/logo\/image\/","url":"https:\/\/turismoenzamora.es\/wp-content\/uploads\/2018\/06\/ZamoraLogo.png","contentUrl":"https:\/\/turismoenzamora.es\/wp-content\/uploads\/2018\/06\/ZamoraLogo.png","width":1276,"height":290,"caption":"Patronato de Turismo de la Diputaci\u00f3n de Zamora"},"image":{"@id":"https:\/\/turismoenzamora.es\/pt\/#\/schema\/logo\/image\/"},"sameAs":["https:\/\/www.facebook.com\/ZamoraSpain\/","https:\/\/x.com\/ZamoraSpain","https:\/\/www.instagram.com\/turismoenzamora.es\/","https:\/\/www.pinterest.es\/TurismoenZamora\/","https:\/\/www.youtube.com\/channel\/UC2bOyOZ-2cLm-uXlBFYUV9w"]}]}},"_links":{"self":[{"href":"https:\/\/turismoenzamora.es\/fr\/wp-json\/wp\/v2\/pages\/2575"}],"collection":[{"href":"https:\/\/turismoenzamora.es\/fr\/wp-json\/wp\/v2\/pages"}],"about":[{"href":"https:\/\/turismoenzamora.es\/fr\/wp-json\/wp\/v2\/types\/page"}],"author":[{"embeddable":true,"href":"https:\/\/turismoenzamora.es\/fr\/wp-json\/wp\/v2\/users\/1"}],"replies":[{"embeddable":true,"href":"https:\/\/turismoenzamora.es\/fr\/wp-json\/wp\/v2\/comments?post=2575"}],"version-history":[{"count":0,"href":"https:\/\/turismoenzamora.es\/fr\/wp-json\/wp\/v2\/pages\/2575\/revisions"}],"up":[{"embeddable":true,"href":"https:\/\/turismoenzamora.es\/fr\/wp-json\/wp\/v2\/pages\/2059"}],"wp:attachment":[{"href":"https:\/\/turismoenzamora.es\/fr\/wp-json\/wp\/v2\/media?parent=2575"}],"curies":[{"name":"wp","href":"https:\/\/api.w.org\/{rel}","templated":true}]}}