{"id":2566,"date":"2017-08-21T09:56:21","date_gmt":"2017-08-21T07:56:21","guid":{"rendered":"https:\/\/newweb.turismoenzamora.es\/?page_id=2566"},"modified":"2023-08-03T14:37:40","modified_gmt":"2023-08-03T12:37:40","slug":"empresas-de-turismo-activo","status":"publish","type":"page","link":"https:\/\/turismoenzamora.es\/fr\/servicios-turisticos\/informacion-turistica\/empresas-de-turismo-activo\/","title":{"rendered":"Entreprise de tourisme actif"},"content":{"rendered":"<p><\/p>\n<h1>Entreprise de tourisme actif<\/h1>\n<p><strong>A VISTA DE LOBO<\/strong><br \/>\nDirecci\u00f3n<\/p>\n<p>C\/ Iglesia, n\u00ba 16<br \/>\nRoales (Zamora)<br \/>\nContacto<\/p>\n<p>Tlf.: 605 25 70 72<br \/>\nWeb: http:\/\/www.avistadelobo.com<\/p>\n<p>&nbsp;<\/p>\n<p>&nbsp;<\/p>\n<hr>\n<p><strong>AHERCA &#8211; TRAS LA HUELLA DEL LOBO<\/strong><br \/>\nDirecci\u00f3n<\/p>\n<p>C\/ El Riego, 59<br \/>\nVillardeciervos (Zamora)<br \/>\nContacto<\/p>\n<p>Tlf.: 646 932 437 &#8211; 600 575 769<br \/>\nEmail: aherca@aherca.com<br \/>\nWeb: http:\/\/www.aherca.com<\/p>\n<p>&nbsp;<\/p>\n<hr>\n<p><strong>CENTRO H\u00cdPICO EQUUS DURI ZAMORA<\/strong><br \/>\nDirecci\u00f3n<\/p>\n<p>Ctra. Fermoselle, Km 12,4 CL-527<br \/>\nPereruela<br \/>\nContacto<\/p>\n<p>Tlf.: 980 051 002<br \/>\nEmail: info@equusduri.com<br \/>\nWeb: http:\/\/www.equusduri.com\/<\/p>\n<p>&nbsp;<\/p>\n<hr>\n<p><strong>CENTRO TUR\u00cdSTICO Y DEPORTIVO LA PEDRIZA<\/strong><br \/>\nDirecci\u00f3n<\/p>\n<p>Parcela 2880, n\u00ba 4<br \/>\nVigo-Galende<br \/>\nContacto<\/p>\n<p>Tlf.: 636 238 159<br \/>\nEmail: vcocofernandez@gmail.com<\/p>\n<p>&nbsp;<\/p>\n<hr>\n<p><strong>CLUB DE VELA ZAMORA<\/strong><br \/>\nDirecci\u00f3n<\/p>\n<p>Santa Clara, 14 (FLOR COLOR)<br \/>\nZamora<br \/>\nContacto<\/p>\n<p>Tlf.: 980 671 178<br \/>\nFax: No disponible<br \/>\nEmail: clubvela.zamora2@hotmail.es<br \/>\nWeb: http:\/\/www.clubdevelazamora.com\/<\/p>\n<p>&nbsp;<\/p>\n<hr>\n<p><strong>DESARROLLO DE NODOS TUR\u00cdSTICOS<\/strong><br \/>\nDirecci\u00f3n<\/p>\n<p>Pablo Morillo, 28 4\u00ba D<br \/>\nZamora<br \/>\nContacto<\/p>\n<p>Tlf.: 607 791 549<br \/>\nEmail: gestion@lantur.es<\/p>\n<p>&nbsp;<\/p>\n<hr>\n<p><strong>DSDARRIBA PARAMOTOR<\/strong><br \/>\nDirecci\u00f3n<\/p>\n<p>C\/ Era de Arriba,n\u00ba 37<br \/>\nAndav\u00edas<br \/>\nContacto<\/p>\n<p>Tlf.: 620 51 10 00<br \/>\nEmail: dsdarriba@gmail.com<br \/>\nWeb: http:\/\/desdearribaparamotor.com<\/p>\n<p>&nbsp;<\/p>\n<hr>\n<p><strong>EL MIRADOR DEL LOBO<\/strong><br \/>\nDirecci\u00f3n<\/p>\n<p>C\/ Milano, 16<br \/>\nCodesal<br \/>\nContacto<\/p>\n<p>Tlf.: 630 762 042<br \/>\nEmail: elmiradordellobo@gmail.com<br \/>\nWeb: http:\/\/www.elmiradordellobo.com\/<\/p>\n<p>&nbsp;<\/p>\n<hr>\n<p><strong>EL PAINTBALL<\/strong><br \/>\nDirecci\u00f3n<\/p>\n<p>C\/ La Pina, 1<br \/>\nToro<br \/>\nContacto<\/p>\n<p>Tlf.: 699 448 388 &#8211; 616 122 758<br \/>\nEmail: reservas@paintbaltoro.es<br \/>\nWeb: http:\/\/www.paintballtoro.com<\/p>\n<p>&nbsp;<\/p>\n<hr>\n<p><strong>EUROPARQUES HISPANO-LUSOS S.R.L<\/strong><br \/>\nDirecci\u00f3n<\/p>\n<p>Avda\/ Tres Cruces, 5 entpla.<br \/>\nZamora<br \/>\nContacto<\/p>\n<p>Tlf.: 980 557 557<br \/>\nFax: 980 557 169<br \/>\nEmail: info@europarques.com<br \/>\nWeb: http:\/\/www.europarques.com\/<\/p>\n<p>&nbsp;<\/p>\n<hr>\n<p><strong>GLOMARK<\/strong><br \/>\nDirecci\u00f3n<\/p>\n<p>Ctra. Tordesillas,60-A<br \/>\nZamora<br \/>\nContacto<\/p>\n<p>Tlf.: 647 46 11 96<br \/>\nEmail: eventos@glomark.es<\/p>\n<p>&nbsp;<\/p>\n<hr>\n<p><strong>GOLF VILLARR\u00cdN<\/strong><br \/>\nDirecci\u00f3n<\/p>\n<p>Camino Colorado, s\/n<br \/>\nVillarr\u00edn de Campos<br \/>\nContacto<\/p>\n<p>Tlf.: +34 980 580 189<br \/>\nFax: +34 980 580 189<br \/>\nEmail: No disponible<br \/>\nWeb: www.golfvillarrin.com<\/p>\n<p>&nbsp;<\/p>\n<hr>\n<p><strong>IBERIAN WILD TRACK<\/strong><br \/>\nDirecci\u00f3n<\/p>\n<p>C\/La Era, n\u00ba 5<br \/>\nVillardeciervos<br \/>\nContacto<\/p>\n<p>Tlf.: 657 03 56 80<br \/>\nEmail: aventuras@iberianwildtrack<\/p>\n<p>&nbsp;<br \/>\n&nbsp;<\/p>\n<hr>\n<p><strong>ILEX CONSULTORA AMBIENTAL<\/strong><br \/>\nDirecci\u00f3n<\/p>\n<p>Jardines de Eduardo Barr\u00f3n, n\u00ba 1, Local 36<\/p>\n<p>Zamora<br \/>\nContacto<\/p>\n<p>Tlf.: 980671307<br \/>\nEmail: ilexconsultores@yahoo.es<\/p>\n<p>&nbsp;<\/p>\n<hr>\n<p><strong>LLOBU<\/strong><br \/>\nDirecci\u00f3n<\/p>\n<p>C\/ Santa Mar\u00eda, 126 &#8211; Bajo Izq.<br \/>\nMah\u00edde de Aliste<br \/>\nContacto<\/p>\n<p>Fax: 677 873 017<br \/>\nEmail: info@llobu.es<br \/>\nWeb: http:\/\/www.llobu.es\/<\/p>\n<p>&nbsp;<\/p>\n<hr>\n<p><strong>MILANATURA<\/strong><br \/>\nDirecci\u00f3n<\/p>\n<p>C\/ Las Llamas, 7<br \/>\nTriuf\u00e9<br \/>\nContacto<\/p>\n<p>Tlf.: 649 506 778<br \/>\nEmail: hola@milanatura.com<br \/>\nWeb: http:\/\/milanatura.com\/<\/p>\n<p>&nbsp;<\/p>\n<hr>\n<p><strong>NUEVOOCIO<\/strong><br \/>\nDirecci\u00f3n<\/p>\n<p>C\/ del R\u00edo, 6<br \/>\nCalzada de Tera<br \/>\nContacto<\/p>\n<p>Tlf.: 696 562 947<br \/>\nEmail: info@nuevoocio.es<br \/>\nWeb: http:\/\/www.nuevoocio.es\/<\/p>\n<p>&nbsp;<\/p>\n<hr>\n<p><strong>PAINTBALL SANABRIA<\/strong><br \/>\nDirecci\u00f3n<\/p>\n<p>Crta. Puebla al Lago, Km.4<br \/>\nEl Puente<br \/>\nContacto<\/p>\n<p>Tlf.: 980 620 295<\/p>\n<p>&nbsp;<\/p>\n<hr>\n<p><strong>PATINES CUSTA LLAGO<\/strong><br \/>\nDirecci\u00f3n<\/p>\n<p>Crta. Ribadelago, s\/n<br \/>\nRibadelago<br \/>\nContacto<\/p>\n<p>Tlf.: 687 664 951<\/p>\n<p>&nbsp;<\/p>\n<hr>\n<p><strong>PATINES SAN JUAN<\/strong><br \/>\nDirecci\u00f3n<\/p>\n<p>Parque Natural del Lago de Sanabria<br \/>\nGalende<br \/>\nContacto<\/p>\n<p>Tlf.: 639 644 295<br \/>\nWeb:<\/p>\n<p>&nbsp;<\/p>\n<hr>\n<p><strong>PATINES VIQUIELLA<\/strong><br \/>\nDirecci\u00f3n<\/p>\n<p>Playa Viquiella &#8211; Carretera del Lago<br \/>\nGalende<br \/>\nContacto<\/p>\n<p>Tlf.: 679 214 672<br \/>\nEmail: edu-brinker@hotmail.com<\/p>\n<p>&nbsp;<\/p>\n<hr>\n<p><strong>RICOBAYO NATURAL<\/strong><br \/>\nDirecci\u00f3n<\/p>\n<p>Playa fluvial de Ricobayo<br \/>\nRicobayo de Alba<br \/>\nContacto<\/p>\n<p>Tlf.: 980 553 008 &#8211; 652 528 713<br \/>\nEmail: info@ricobayonatural.com<br \/>\nWeb: http:\/\/www.ricobayonatural.com<\/p>\n<p>&nbsp;<\/p>\n<hr>\n<p><strong>SALTO 2012 TURISMO ACTIVO<\/strong><br \/>\nDirecci\u00f3n<\/p>\n<p>Salto de Villalcampo<br \/>\nContacto<\/p>\n<p>Tlf.: 980 554 696<br \/>\nEmail: info@arribes-spain.com<\/p>\n<p>&nbsp;<\/p>\n<hr>\n<p><strong>SANABRIA A CABALLO<\/strong><br \/>\nDirecci\u00f3n<\/p>\n<p>Crta. de Trefacio s\/n<br \/>\nPedrazales<br \/>\nContacto<\/p>\n<p>Tlf.: 678 420 815<br \/>\nEmail: info@pedrazalesrural.es<\/p>\n<p>&nbsp;<\/p>\n<hr>\n<p><strong>TRADES AVENTURA<\/strong><br \/>\nDirecci\u00f3n<\/p>\n<p>C\/ Esp\u00edritu Santo, 23 &#8211; parcela 18<br \/>\nZamora<br \/>\nContacto<\/p>\n<p>Tlf.: 609 712 379<br \/>\nEmail: info@tradesaventura.com<br \/>\nWeb: http:\/\/www.tradesaventura.com<\/p>\n<p>&nbsp;<\/p>\n<hr>\n<p><strong>TURMA<\/strong><br \/>\nDirecci\u00f3n<\/p>\n<p>Hern\u00e1n Cort\u00e9s, 34 &#8211; Bajo derecha<br \/>\nZamora<br \/>\nContacto<\/p>\n<p>Tlf.: 980 161 854 &#8211; 616 001 810<br \/>\nEmail: info@turma.es<br \/>\nWeb: http:\/\/www.turma.es\/<\/p>\n<p>&nbsp;<\/p>\n<hr>\n<p><strong>VENIATA<\/strong><br \/>\nDirecci\u00f3n<\/p>\n<p>C\/ La Iglesia, 1<br \/>\nSan Pedro de las Herrer\u00edas<br \/>\nContacto<\/p>\n<p>Tlf.: 980 683 378<br \/>\nEmail: info@ctrveniata.com<br \/>\nWeb: http:\/\/www.ctrveniata.com\/<\/p>\n<p>&nbsp;<\/p>\n<hr>\n<p><strong>ZAMORA AVENTURA<\/strong><br \/>\nDirecci\u00f3n<\/p>\n<p>Avda. Soria Parcela 97<br \/>\nZamora<br \/>\nContacto<\/p>\n<p>Tlf.: 980 40 99 99 ; 684 38 18 01<br \/>\nEmail: info@zamoraventura.com<br \/>\nWeb: http:\/\/www.zamoraventura.com<\/p>\n<p>&nbsp;<\/p>\n<hr>\n<p><strong>ZAMORA NATURAL<\/strong><br \/>\nDirecci\u00f3n<\/p>\n<p>C\/ Iglesia, n\u00ba 14<br \/>\nManganeses de la Lampreana<br \/>\nZamora<br \/>\nContacto<\/p>\n<p>Tlf.: 655 821 899<br \/>\nEmail: info@zamoranatural.com<br \/>\nWeb:<\/p>","protected":false},"excerpt":{"rendered":"<p>Entreprise de tourisme actif A VISTA DE LOBO Direcci\u00f3n C\/ Iglesia, n\u00ba 16 Roales (Zamora) Contacto Tlf.: 605 25 70 72 Web: http:\/\/www.avistadelobo.com &nbsp; &nbsp; AHERCA &#8211; TRAS LA HUELLA DEL LOBO Direcci\u00f3n C\/ El Riego, 59 Villardeciervos (Zamora) Contacto Tlf.: 646 932 437 &#8211; 600 575 769 Email: aherca@aherca.com Web: http:\/\/www.aherca.com &nbsp; CENTRO H\u00cdPICO [&hellip;]<\/p>\n","protected":false},"author":1,"featured_media":0,"parent":2059,"menu_order":3,"comment_status":"closed","ping_status":"closed","template":"","meta":{"inline_featured_image":false,"site-sidebar-layout":"default","site-content-layout":"","ast-site-content-layout":"","site-content-style":"default","site-sidebar-style":"default","ast-global-header-display":"","ast-banner-title-visibility":"","ast-main-header-display":"","ast-hfb-above-header-display":"","ast-hfb-below-header-display":"","ast-hfb-mobile-header-display":"","site-post-title":"","ast-breadcrumbs-content":"","ast-featured-img":"","footer-sml-layout":"","theme-transparent-header-meta":"","adv-header-id-meta":"","stick-header-meta":"","header-above-stick-meta":"","header-main-stick-meta":"","header-below-stick-meta":"","astra-migrate-meta-layouts":"default","ast-page-background-enabled":"default","ast-page-background-meta":{"desktop":{"background-color":"","background-image":"","background-repeat":"repeat","background-position":"center center","background-size":"auto","background-attachment":"scroll","background-type":"","background-media":"","overlay-type":"","overlay-color":"","overlay-opacity":"","overlay-gradient":""},"tablet":{"background-color":"","background-image":"","background-repeat":"repeat","background-position":"center center","background-size":"auto","background-attachment":"scroll","background-type":"","background-media":"","overlay-type":"","overlay-color":"","overlay-opacity":"","overlay-gradient":""},"mobile":{"background-color":"","background-image":"","background-repeat":"repeat","background-position":"center center","background-size":"auto","background-attachment":"scroll","background-type":"","background-media":"","overlay-type":"","overlay-color":"","overlay-opacity":"","overlay-gradient":""}},"ast-content-background-meta":{"desktop":{"background-color":"var(--ast-global-color-5)","background-image":"","background-repeat":"repeat","background-position":"center center","background-size":"auto","background-attachment":"scroll","background-type":"","background-media":"","overlay-type":"","overlay-color":"","overlay-opacity":"","overlay-gradient":""},"tablet":{"background-color":"var(--ast-global-color-5)","background-image":"","background-repeat":"repeat","background-position":"center center","background-size":"auto","background-attachment":"scroll","background-type":"","background-media":"","overlay-type":"","overlay-color":"","overlay-opacity":"","overlay-gradient":""},"mobile":{"background-color":"var(--ast-global-color-5)","background-image":"","background-repeat":"repeat","background-position":"center center","background-size":"auto","background-attachment":"scroll","background-type":"","background-media":"","overlay-type":"","overlay-color":"","overlay-opacity":"","overlay-gradient":""}},"ngg_post_thumbnail":0,"footnotes":""},"yoast_head":"<!-- This site is optimized with the Yoast SEO plugin v23.0 - https:\/\/yoast.com\/wordpress\/plugins\/seo\/ -->\n<title>Turismo de Zamora , Turismo Sostenible<\/title>\n<meta name=\"description\" content=\"Esta es la p\u00e1gina Oficial de Turismo de Diputaci\u00f3n de Zamora, donde podr\u00e1 encontrar toda la informaci\u00f3n para disfrutar al m\u00e1ximo de nuestra provincia.\" \/>\n<meta name=\"robots\" content=\"index, follow, max-snippet:-1, max-image-preview:large, max-video-preview:-1\" \/>\n<link rel=\"canonical\" href=\"https:\/\/turismoenzamora.es\/en\/servicios-turisticos\/informacion-turistica\/empresas-de-turismo-activo\/\" \/>\n<meta property=\"og:locale\" content=\"fr_FR\" \/>\n<meta property=\"og:type\" content=\"article\" \/>\n<meta property=\"og:title\" content=\"Turismo de Zamora , Turismo Sostenible\" \/>\n<meta property=\"og:description\" content=\"Esta es la p\u00e1gina Oficial de Turismo de Diputaci\u00f3n de Zamora, donde podr\u00e1 encontrar toda la informaci\u00f3n para disfrutar al m\u00e1ximo de nuestra provincia.\" \/>\n<meta property=\"og:url\" content=\"https:\/\/turismoenzamora.es\/en\/servicios-turisticos\/informacion-turistica\/empresas-de-turismo-activo\/\" \/>\n<meta property=\"og:site_name\" content=\"Tourisme \u00e0 Zamora\" \/>\n<meta property=\"article:publisher\" content=\"https:\/\/www.facebook.com\/ZamoraSpain\/\" \/>\n<meta property=\"article:modified_time\" content=\"2023-08-03T12:37:40+00:00\" \/>\n<meta name=\"twitter:card\" content=\"summary_large_image\" \/>\n<meta name=\"twitter:site\" content=\"@ZamoraSpain\" \/>\n<meta name=\"twitter:label1\" content=\"Dur\u00e9e de lecture estim\u00e9e\" \/>\n\t<meta name=\"twitter:data1\" content=\"11 minutes\" \/>\n<script type=\"application\/ld+json\" class=\"yoast-schema-graph\">{\"@context\":\"https:\/\/schema.org\",\"@graph\":[{\"@type\":\"WebPage\",\"@id\":\"https:\/\/turismoenzamora.es\/en\/servicios-turisticos\/informacion-turistica\/empresas-de-turismo-activo\/\",\"url\":\"https:\/\/turismoenzamora.es\/en\/servicios-turisticos\/informacion-turistica\/empresas-de-turismo-activo\/\",\"name\":\"Turismo de Zamora , Turismo Sostenible\",\"isPartOf\":{\"@id\":\"https:\/\/turismoenzamora.es\/pt\/#website\"},\"datePublished\":\"2017-08-21T07:56:21+00:00\",\"dateModified\":\"2023-08-03T12:37:40+00:00\",\"description\":\"Esta es la p\u00e1gina Oficial de Turismo de Diputaci\u00f3n de Zamora, donde podr\u00e1 encontrar toda la informaci\u00f3n para disfrutar al m\u00e1ximo de nuestra provincia.\",\"breadcrumb\":{\"@id\":\"https:\/\/turismoenzamora.es\/en\/servicios-turisticos\/informacion-turistica\/empresas-de-turismo-activo\/#breadcrumb\"},\"inLanguage\":\"fr-FR\",\"potentialAction\":[{\"@type\":\"ReadAction\",\"target\":[\"https:\/\/turismoenzamora.es\/en\/servicios-turisticos\/informacion-turistica\/empresas-de-turismo-activo\/\"]}]},{\"@type\":\"BreadcrumbList\",\"@id\":\"https:\/\/turismoenzamora.es\/en\/servicios-turisticos\/informacion-turistica\/empresas-de-turismo-activo\/#breadcrumb\",\"itemListElement\":[{\"@type\":\"ListItem\",\"position\":1,\"name\":\"Portada\",\"item\":\"https:\/\/turismoenzamora.es\/\"},{\"@type\":\"ListItem\",\"position\":2,\"name\":\"Servicios Tur\u00edsticos\",\"item\":\"https:\/\/turismoenzamora.es\/fr\/servicios-turisticos\/\"},{\"@type\":\"ListItem\",\"position\":3,\"name\":\"Informations touristiques\",\"item\":\"https:\/\/turismoenzamora.es\/fr\/servicios-turisticos\/informacion-turistica\/\"},{\"@type\":\"ListItem\",\"position\":4,\"name\":\"Active Tourism Companies\"}]},{\"@type\":\"WebSite\",\"@id\":\"https:\/\/turismoenzamora.es\/pt\/#website\",\"url\":\"https:\/\/turismoenzamora.es\/pt\/\",\"name\":\"Turismo sostenible. Patronato de Turismo de la Diputaci\u00f3n de Zamora.&quot;Turismo Sostenible&quot;.\",\"description\":\"Tourisme durable Office du tourisme de la Diputaci\u00f3n de Zamora\",\"publisher\":{\"@id\":\"https:\/\/turismoenzamora.es\/pt\/#organization\"},\"potentialAction\":[{\"@type\":\"SearchAction\",\"target\":{\"@type\":\"EntryPoint\",\"urlTemplate\":\"https:\/\/turismoenzamora.es\/pt\/?s={search_term_string}\"},\"query-input\":\"required name=search_term_string\"}],\"inLanguage\":\"fr-FR\"},{\"@type\":\"Organization\",\"@id\":\"https:\/\/turismoenzamora.es\/pt\/#organization\",\"name\":\"Patronato de Turismo de la Diputaci\u00f3n de Zamora\",\"url\":\"https:\/\/turismoenzamora.es\/pt\/\",\"logo\":{\"@type\":\"ImageObject\",\"inLanguage\":\"fr-FR\",\"@id\":\"https:\/\/turismoenzamora.es\/pt\/#\/schema\/logo\/image\/\",\"url\":\"https:\/\/turismoenzamora.es\/wp-content\/uploads\/2018\/06\/ZamoraLogo.png\",\"contentUrl\":\"https:\/\/turismoenzamora.es\/wp-content\/uploads\/2018\/06\/ZamoraLogo.png\",\"width\":1276,\"height\":290,\"caption\":\"Patronato de Turismo de la Diputaci\u00f3n de Zamora\"},\"image\":{\"@id\":\"https:\/\/turismoenzamora.es\/pt\/#\/schema\/logo\/image\/\"},\"sameAs\":[\"https:\/\/www.facebook.com\/ZamoraSpain\/\",\"https:\/\/x.com\/ZamoraSpain\",\"https:\/\/www.instagram.com\/turismoenzamora.es\/\",\"https:\/\/www.pinterest.es\/TurismoenZamora\/\",\"https:\/\/www.youtube.com\/channel\/UC2bOyOZ-2cLm-uXlBFYUV9w\"]}]}<\/script>\n<!-- \/ Yoast SEO plugin. -->","yoast_head_json":{"title":"Turismo de Zamora , Turismo Sostenible","description":"Esta es la p\u00e1gina Oficial de Turismo de Diputaci\u00f3n de Zamora, donde podr\u00e1 encontrar toda la informaci\u00f3n para disfrutar al m\u00e1ximo de nuestra provincia.","robots":{"index":"index","follow":"follow","max-snippet":"max-snippet:-1","max-image-preview":"max-image-preview:large","max-video-preview":"max-video-preview:-1"},"canonical":"https:\/\/turismoenzamora.es\/en\/servicios-turisticos\/informacion-turistica\/empresas-de-turismo-activo\/","og_locale":"fr_FR","og_type":"article","og_title":"Turismo de Zamora , Turismo Sostenible","og_description":"Esta es la p\u00e1gina Oficial de Turismo de Diputaci\u00f3n de Zamora, donde podr\u00e1 encontrar toda la informaci\u00f3n para disfrutar al m\u00e1ximo de nuestra provincia.","og_url":"https:\/\/turismoenzamora.es\/en\/servicios-turisticos\/informacion-turistica\/empresas-de-turismo-activo\/","og_site_name":"Tourisme \u00e0 Zamora","article_publisher":"https:\/\/www.facebook.com\/ZamoraSpain\/","article_modified_time":"2023-08-03T12:37:40+00:00","twitter_card":"summary_large_image","twitter_site":"@ZamoraSpain","twitter_misc":{"Dur\u00e9e de lecture estim\u00e9e":"11 minutes"},"schema":{"@context":"https:\/\/schema.org","@graph":[{"@type":"WebPage","@id":"https:\/\/turismoenzamora.es\/en\/servicios-turisticos\/informacion-turistica\/empresas-de-turismo-activo\/","url":"https:\/\/turismoenzamora.es\/en\/servicios-turisticos\/informacion-turistica\/empresas-de-turismo-activo\/","name":"Turismo de Zamora , Turismo Sostenible","isPartOf":{"@id":"https:\/\/turismoenzamora.es\/pt\/#website"},"datePublished":"2017-08-21T07:56:21+00:00","dateModified":"2023-08-03T12:37:40+00:00","description":"Esta es la p\u00e1gina Oficial de Turismo de Diputaci\u00f3n de Zamora, donde podr\u00e1 encontrar toda la informaci\u00f3n para disfrutar al m\u00e1ximo de nuestra provincia.","breadcrumb":{"@id":"https:\/\/turismoenzamora.es\/en\/servicios-turisticos\/informacion-turistica\/empresas-de-turismo-activo\/#breadcrumb"},"inLanguage":"fr-FR","potentialAction":[{"@type":"ReadAction","target":["https:\/\/turismoenzamora.es\/en\/servicios-turisticos\/informacion-turistica\/empresas-de-turismo-activo\/"]}]},{"@type":"BreadcrumbList","@id":"https:\/\/turismoenzamora.es\/en\/servicios-turisticos\/informacion-turistica\/empresas-de-turismo-activo\/#breadcrumb","itemListElement":[{"@type":"ListItem","position":1,"name":"Portada","item":"https:\/\/turismoenzamora.es\/"},{"@type":"ListItem","position":2,"name":"Servicios Tur\u00edsticos","item":"https:\/\/turismoenzamora.es\/fr\/servicios-turisticos\/"},{"@type":"ListItem","position":3,"name":"Informations touristiques","item":"https:\/\/turismoenzamora.es\/fr\/servicios-turisticos\/informacion-turistica\/"},{"@type":"ListItem","position":4,"name":"Active Tourism Companies"}]},{"@type":"WebSite","@id":"https:\/\/turismoenzamora.es\/pt\/#website","url":"https:\/\/turismoenzamora.es\/pt\/","name":"Turismo sostenible. Patronato de Turismo de la Diputaci\u00f3n de Zamora.&quot;Turismo Sostenible&quot;.","description":"Tourisme durable Office du tourisme de la Diputaci\u00f3n de Zamora","publisher":{"@id":"https:\/\/turismoenzamora.es\/pt\/#organization"},"potentialAction":[{"@type":"SearchAction","target":{"@type":"EntryPoint","urlTemplate":"https:\/\/turismoenzamora.es\/pt\/?s={search_term_string}"},"query-input":"required name=search_term_string"}],"inLanguage":"fr-FR"},{"@type":"Organization","@id":"https:\/\/turismoenzamora.es\/pt\/#organization","name":"Patronato de Turismo de la Diputaci\u00f3n de Zamora","url":"https:\/\/turismoenzamora.es\/pt\/","logo":{"@type":"ImageObject","inLanguage":"fr-FR","@id":"https:\/\/turismoenzamora.es\/pt\/#\/schema\/logo\/image\/","url":"https:\/\/turismoenzamora.es\/wp-content\/uploads\/2018\/06\/ZamoraLogo.png","contentUrl":"https:\/\/turismoenzamora.es\/wp-content\/uploads\/2018\/06\/ZamoraLogo.png","width":1276,"height":290,"caption":"Patronato de Turismo de la Diputaci\u00f3n de Zamora"},"image":{"@id":"https:\/\/turismoenzamora.es\/pt\/#\/schema\/logo\/image\/"},"sameAs":["https:\/\/www.facebook.com\/ZamoraSpain\/","https:\/\/x.com\/ZamoraSpain","https:\/\/www.instagram.com\/turismoenzamora.es\/","https:\/\/www.pinterest.es\/TurismoenZamora\/","https:\/\/www.youtube.com\/channel\/UC2bOyOZ-2cLm-uXlBFYUV9w"]}]}},"_links":{"self":[{"href":"https:\/\/turismoenzamora.es\/fr\/wp-json\/wp\/v2\/pages\/2566"}],"collection":[{"href":"https:\/\/turismoenzamora.es\/fr\/wp-json\/wp\/v2\/pages"}],"about":[{"href":"https:\/\/turismoenzamora.es\/fr\/wp-json\/wp\/v2\/types\/page"}],"author":[{"embeddable":true,"href":"https:\/\/turismoenzamora.es\/fr\/wp-json\/wp\/v2\/users\/1"}],"replies":[{"embeddable":true,"href":"https:\/\/turismoenzamora.es\/fr\/wp-json\/wp\/v2\/comments?post=2566"}],"version-history":[{"count":0,"href":"https:\/\/turismoenzamora.es\/fr\/wp-json\/wp\/v2\/pages\/2566\/revisions"}],"up":[{"embeddable":true,"href":"https:\/\/turismoenzamora.es\/fr\/wp-json\/wp\/v2\/pages\/2059"}],"wp:attachment":[{"href":"https:\/\/turismoenzamora.es\/fr\/wp-json\/wp\/v2\/media?parent=2566"}],"curies":[{"name":"wp","href":"https:\/\/api.w.org\/{rel}","templated":true}]}}