{"id":225,"date":"2017-08-08T07:02:42","date_gmt":"2017-08-08T07:02:42","guid":{"rendered":"https:\/\/newweb.turismoenzamora.es\/?page_id=225"},"modified":"2020-01-17T11:48:15","modified_gmt":"2020-01-17T11:48:15","slug":"garbanzo-de-fuentesauco","status":"publish","type":"page","link":"https:\/\/turismoenzamora.es\/fr\/garbanzo-de-fuentesauco\/","title":{"rendered":"Le Pois Chiche de Fuentesa\u00faco"},"content":{"rendered":"<p><\/p>\n<h1 class=\"title\">Le Pois Chiche de Fuentesa\u00faco<\/h1>\n<p><img fetchpriority=\"high\" decoding=\"async\" class=\"wp-image-569 aligncenter\" src=\"https:\/\/turismoenzamora.es\/wp-content\/uploads\/2017\/08\/garbanzo-300x112.jpg\" alt=\"\" width=\"662\" height=\"247\" srcset=\"https:\/\/turismoenzamora.es\/wp-content\/uploads\/2017\/08\/garbanzo-300x112.jpg 300w, https:\/\/turismoenzamora.es\/wp-content\/uploads\/2017\/08\/garbanzo-132x49.jpg 132w, https:\/\/turismoenzamora.es\/wp-content\/uploads\/2017\/08\/garbanzo.jpg 670w\" sizes=\"(max-width: 662px) 100vw, 662px\" \/><\/p>\n<p>D&rsquo;un go\u00fbt agr\u00e9able et muni d&rsquo;un bec courbe et prononc\u00e9, le pois chiche de Fuentesa\u00faco est produit dans 21 municipalit\u00e9s du sud-est de la province, dans le canton de La Guare\u00f1a. Sa capitale est pr\u00e9cis\u00e9ment la localit\u00e9 de Fuentesa\u00faco.<\/p>\n<p>Il est cultiv\u00e9 dans des sols bien drain\u00e9s, la texture de la terre franche ou franche et sableuse. Le pH de la terre doit \u00eatre acide avec des niveaux bas ou moyens de calcaire assimilable.&nbsp;<strong>Cette l\u00e9gumineuse prot\u00e9g\u00e9e par une indication g\u00e9ographique prot\u00e9g\u00e9e (IGP)&nbsp;<\/strong>est stock\u00e9e, conditionn\u00e9e et parfois pr\u00e9par\u00e9e dans la zone de production m\u00eame, qui s&rsquo;\u00e9tend au sud jusqu&rsquo;au canton de La Armu\u00f1a, en raison du fort lien existant entre les deux cantons. Apr\u00e8s cuisson, ce pois chiche a une chair rappelant le beurre et peu granuleuse, et une peau particuli\u00e8rement tendre.<\/p>\n<p>Seuls sortent sur le march\u00e9 avec la garantie d&rsquo;origine homologu\u00e9e par l&rsquo;\u00e9tiquetage du Conseil r\u00e9gulateur les pois chiches secs provenant d&rsquo;industries de conditionnement et les pois chiches pr\u00e9cuits ou cuisin\u00e9s dans les industries de transformation ayant satisfait tous les contr\u00f4les du processus.<\/p>\n<p><a href=\"https:\/\/turismoenzamora.es\/wp-content\/uploads\/2018\/05\/folletoPatrimonioGastron\u00f3mico-1.pdf\"><img decoding=\"async\" src=\"https:\/\/turismoenzamora.es\/wp-content\/uploads\/2017\/08\/masinfo.png\"><\/a><\/p>","protected":false},"excerpt":{"rendered":"<p>Le Pois Chiche de Fuentesa\u00faco D&rsquo;un go\u00fbt agr\u00e9able et muni d&rsquo;un bec courbe et prononc\u00e9, le pois chiche de Fuentesa\u00faco est produit dans 21 municipalit\u00e9s du sud-est de la province, dans le canton de La Guare\u00f1a. Sa capitale est pr\u00e9cis\u00e9ment la localit\u00e9 de Fuentesa\u00faco. Il est cultiv\u00e9 dans des sols bien drain\u00e9s, la texture de [&hellip;]<\/p>\n","protected":false},"author":1,"featured_media":0,"parent":0,"menu_order":0,"comment_status":"closed","ping_status":"closed","template":"","meta":{"inline_featured_image":false,"site-sidebar-layout":"default","site-content-layout":"","ast-site-content-layout":"","site-content-style":"default","site-sidebar-style":"default","ast-global-header-display":"","ast-banner-title-visibility":"","ast-main-header-display":"","ast-hfb-above-header-display":"","ast-hfb-below-header-display":"","ast-hfb-mobile-header-display":"","site-post-title":"","ast-breadcrumbs-content":"","ast-featured-img":"","footer-sml-layout":"","theme-transparent-header-meta":"","adv-header-id-meta":"","stick-header-meta":"","header-above-stick-meta":"","header-main-stick-meta":"","header-below-stick-meta":"","astra-migrate-meta-layouts":"default","ast-page-background-enabled":"default","ast-page-background-meta":{"desktop":{"background-color":"","background-image":"","background-repeat":"repeat","background-position":"center center","background-size":"auto","background-attachment":"scroll","background-type":"","background-media":"","overlay-type":"","overlay-color":"","overlay-opacity":"","overlay-gradient":""},"tablet":{"background-color":"","background-image":"","background-repeat":"repeat","background-position":"center center","background-size":"auto","background-attachment":"scroll","background-type":"","background-media":"","overlay-type":"","overlay-color":"","overlay-opacity":"","overlay-gradient":""},"mobile":{"background-color":"","background-image":"","background-repeat":"repeat","background-position":"center center","background-size":"auto","background-attachment":"scroll","background-type":"","background-media":"","overlay-type":"","overlay-color":"","overlay-opacity":"","overlay-gradient":""}},"ast-content-background-meta":{"desktop":{"background-color":"var(--ast-global-color-5)","background-image":"","background-repeat":"repeat","background-position":"center center","background-size":"auto","background-attachment":"scroll","background-type":"","background-media":"","overlay-type":"","overlay-color":"","overlay-opacity":"","overlay-gradient":""},"tablet":{"background-color":"var(--ast-global-color-5)","background-image":"","background-repeat":"repeat","background-position":"center center","background-size":"auto","background-attachment":"scroll","background-type":"","background-media":"","overlay-type":"","overlay-color":"","overlay-opacity":"","overlay-gradient":""},"mobile":{"background-color":"var(--ast-global-color-5)","background-image":"","background-repeat":"repeat","background-position":"center center","background-size":"auto","background-attachment":"scroll","background-type":"","background-media":"","overlay-type":"","overlay-color":"","overlay-opacity":"","overlay-gradient":""}},"ngg_post_thumbnail":0,"footnotes":""},"yoast_head":"<!-- This site is optimized with the Yoast SEO plugin v23.0 - https:\/\/yoast.com\/wordpress\/plugins\/seo\/ -->\n<title>Turismo de Zamora , Turismo Sostenible<\/title>\n<meta name=\"description\" content=\"Esta es la p\u00e1gina Oficial de Turismo de Diputaci\u00f3n de Zamora, donde podr\u00e1 encontrar toda la informaci\u00f3n para disfrutar al m\u00e1ximo de nuestra provincia.\" \/>\n<meta name=\"robots\" content=\"index, follow, max-snippet:-1, max-image-preview:large, max-video-preview:-1\" \/>\n<link rel=\"canonical\" href=\"https:\/\/turismoenzamora.es\/en\/garbanzo-de-fuentesauco\/\" \/>\n<meta property=\"og:locale\" content=\"fr_FR\" \/>\n<meta property=\"og:type\" content=\"article\" \/>\n<meta property=\"og:title\" content=\"Turismo de Zamora , Turismo Sostenible\" \/>\n<meta property=\"og:description\" content=\"Esta es la p\u00e1gina Oficial de Turismo de Diputaci\u00f3n de Zamora, donde podr\u00e1 encontrar toda la informaci\u00f3n para disfrutar al m\u00e1ximo de nuestra provincia.\" \/>\n<meta property=\"og:url\" content=\"https:\/\/turismoenzamora.es\/en\/garbanzo-de-fuentesauco\/\" \/>\n<meta property=\"og:site_name\" content=\"Tourisme \u00e0 Zamora\" \/>\n<meta property=\"article:publisher\" content=\"https:\/\/www.facebook.com\/ZamoraSpain\/\" \/>\n<meta property=\"article:modified_time\" content=\"2020-01-17T11:48:15+00:00\" \/>\n<meta property=\"og:image\" content=\"https:\/\/turismoenzamora.es\/wp-content\/uploads\/2017\/08\/garbanzo-300x112.jpg\" \/>\n<meta name=\"twitter:card\" content=\"summary_large_image\" \/>\n<meta name=\"twitter:site\" content=\"@ZamoraSpain\" \/>\n<meta name=\"twitter:label1\" content=\"Dur\u00e9e de lecture estim\u00e9e\" \/>\n\t<meta name=\"twitter:data1\" content=\"5 minutes\" \/>\n<script type=\"application\/ld+json\" class=\"yoast-schema-graph\">{\"@context\":\"https:\/\/schema.org\",\"@graph\":[{\"@type\":\"WebPage\",\"@id\":\"https:\/\/turismoenzamora.es\/en\/garbanzo-de-fuentesauco\/\",\"url\":\"https:\/\/turismoenzamora.es\/en\/garbanzo-de-fuentesauco\/\",\"name\":\"Turismo de Zamora , Turismo Sostenible\",\"isPartOf\":{\"@id\":\"https:\/\/turismoenzamora.es\/pt\/#website\"},\"primaryImageOfPage\":{\"@id\":\"https:\/\/turismoenzamora.es\/en\/garbanzo-de-fuentesauco\/#primaryimage\"},\"image\":{\"@id\":\"https:\/\/turismoenzamora.es\/en\/garbanzo-de-fuentesauco\/#primaryimage\"},\"thumbnailUrl\":\"https:\/\/turismoenzamora.es\/wp-content\/uploads\/2017\/08\/garbanzo-300x112.jpg\",\"datePublished\":\"2017-08-08T07:02:42+00:00\",\"dateModified\":\"2020-01-17T11:48:15+00:00\",\"description\":\"Esta es la p\u00e1gina Oficial de Turismo de Diputaci\u00f3n de Zamora, donde podr\u00e1 encontrar toda la informaci\u00f3n para disfrutar al m\u00e1ximo de nuestra provincia.\",\"breadcrumb\":{\"@id\":\"https:\/\/turismoenzamora.es\/en\/garbanzo-de-fuentesauco\/#breadcrumb\"},\"inLanguage\":\"fr-FR\",\"potentialAction\":[{\"@type\":\"ReadAction\",\"target\":[\"https:\/\/turismoenzamora.es\/en\/garbanzo-de-fuentesauco\/\"]}]},{\"@type\":\"ImageObject\",\"inLanguage\":\"fr-FR\",\"@id\":\"https:\/\/turismoenzamora.es\/en\/garbanzo-de-fuentesauco\/#primaryimage\",\"url\":\"https:\/\/turismoenzamora.es\/wp-content\/uploads\/2017\/08\/garbanzo-300x112.jpg\",\"contentUrl\":\"https:\/\/turismoenzamora.es\/wp-content\/uploads\/2017\/08\/garbanzo-300x112.jpg\"},{\"@type\":\"BreadcrumbList\",\"@id\":\"https:\/\/turismoenzamora.es\/en\/garbanzo-de-fuentesauco\/#breadcrumb\",\"itemListElement\":[{\"@type\":\"ListItem\",\"position\":1,\"name\":\"Portada\",\"item\":\"https:\/\/turismoenzamora.es\/\"},{\"@type\":\"ListItem\",\"position\":2,\"name\":\"Chickpeas from Fuentesa\u00faco\"}]},{\"@type\":\"WebSite\",\"@id\":\"https:\/\/turismoenzamora.es\/pt\/#website\",\"url\":\"https:\/\/turismoenzamora.es\/pt\/\",\"name\":\"Turismo sostenible. Patronato de Turismo de la Diputaci\u00f3n de Zamora.&quot;Turismo Sostenible&quot;.\",\"description\":\"Tourisme durable Office du tourisme de la Diputaci\u00f3n de Zamora\",\"publisher\":{\"@id\":\"https:\/\/turismoenzamora.es\/pt\/#organization\"},\"potentialAction\":[{\"@type\":\"SearchAction\",\"target\":{\"@type\":\"EntryPoint\",\"urlTemplate\":\"https:\/\/turismoenzamora.es\/pt\/?s={search_term_string}\"},\"query-input\":\"required name=search_term_string\"}],\"inLanguage\":\"fr-FR\"},{\"@type\":\"Organization\",\"@id\":\"https:\/\/turismoenzamora.es\/pt\/#organization\",\"name\":\"Patronato de Turismo de la Diputaci\u00f3n de Zamora\",\"url\":\"https:\/\/turismoenzamora.es\/pt\/\",\"logo\":{\"@type\":\"ImageObject\",\"inLanguage\":\"fr-FR\",\"@id\":\"https:\/\/turismoenzamora.es\/pt\/#\/schema\/logo\/image\/\",\"url\":\"https:\/\/turismoenzamora.es\/wp-content\/uploads\/2018\/06\/ZamoraLogo.png\",\"contentUrl\":\"https:\/\/turismoenzamora.es\/wp-content\/uploads\/2018\/06\/ZamoraLogo.png\",\"width\":1276,\"height\":290,\"caption\":\"Patronato de Turismo de la Diputaci\u00f3n de Zamora\"},\"image\":{\"@id\":\"https:\/\/turismoenzamora.es\/pt\/#\/schema\/logo\/image\/\"},\"sameAs\":[\"https:\/\/www.facebook.com\/ZamoraSpain\/\",\"https:\/\/x.com\/ZamoraSpain\",\"https:\/\/www.instagram.com\/turismoenzamora.es\/\",\"https:\/\/www.pinterest.es\/TurismoenZamora\/\",\"https:\/\/www.youtube.com\/channel\/UC2bOyOZ-2cLm-uXlBFYUV9w\"]}]}<\/script>\n<!-- \/ Yoast SEO plugin. -->","yoast_head_json":{"title":"Turismo de Zamora , Turismo Sostenible","description":"Esta es la p\u00e1gina Oficial de Turismo de Diputaci\u00f3n de Zamora, donde podr\u00e1 encontrar toda la informaci\u00f3n para disfrutar al m\u00e1ximo de nuestra provincia.","robots":{"index":"index","follow":"follow","max-snippet":"max-snippet:-1","max-image-preview":"max-image-preview:large","max-video-preview":"max-video-preview:-1"},"canonical":"https:\/\/turismoenzamora.es\/en\/garbanzo-de-fuentesauco\/","og_locale":"fr_FR","og_type":"article","og_title":"Turismo de Zamora , Turismo Sostenible","og_description":"Esta es la p\u00e1gina Oficial de Turismo de Diputaci\u00f3n de Zamora, donde podr\u00e1 encontrar toda la informaci\u00f3n para disfrutar al m\u00e1ximo de nuestra provincia.","og_url":"https:\/\/turismoenzamora.es\/en\/garbanzo-de-fuentesauco\/","og_site_name":"Tourisme \u00e0 Zamora","article_publisher":"https:\/\/www.facebook.com\/ZamoraSpain\/","article_modified_time":"2020-01-17T11:48:15+00:00","og_image":[{"url":"https:\/\/turismoenzamora.es\/wp-content\/uploads\/2017\/08\/garbanzo-300x112.jpg"}],"twitter_card":"summary_large_image","twitter_site":"@ZamoraSpain","twitter_misc":{"Dur\u00e9e de lecture estim\u00e9e":"5 minutes"},"schema":{"@context":"https:\/\/schema.org","@graph":[{"@type":"WebPage","@id":"https:\/\/turismoenzamora.es\/en\/garbanzo-de-fuentesauco\/","url":"https:\/\/turismoenzamora.es\/en\/garbanzo-de-fuentesauco\/","name":"Turismo de Zamora , Turismo Sostenible","isPartOf":{"@id":"https:\/\/turismoenzamora.es\/pt\/#website"},"primaryImageOfPage":{"@id":"https:\/\/turismoenzamora.es\/en\/garbanzo-de-fuentesauco\/#primaryimage"},"image":{"@id":"https:\/\/turismoenzamora.es\/en\/garbanzo-de-fuentesauco\/#primaryimage"},"thumbnailUrl":"https:\/\/turismoenzamora.es\/wp-content\/uploads\/2017\/08\/garbanzo-300x112.jpg","datePublished":"2017-08-08T07:02:42+00:00","dateModified":"2020-01-17T11:48:15+00:00","description":"Esta es la p\u00e1gina Oficial de Turismo de Diputaci\u00f3n de Zamora, donde podr\u00e1 encontrar toda la informaci\u00f3n para disfrutar al m\u00e1ximo de nuestra provincia.","breadcrumb":{"@id":"https:\/\/turismoenzamora.es\/en\/garbanzo-de-fuentesauco\/#breadcrumb"},"inLanguage":"fr-FR","potentialAction":[{"@type":"ReadAction","target":["https:\/\/turismoenzamora.es\/en\/garbanzo-de-fuentesauco\/"]}]},{"@type":"ImageObject","inLanguage":"fr-FR","@id":"https:\/\/turismoenzamora.es\/en\/garbanzo-de-fuentesauco\/#primaryimage","url":"https:\/\/turismoenzamora.es\/wp-content\/uploads\/2017\/08\/garbanzo-300x112.jpg","contentUrl":"https:\/\/turismoenzamora.es\/wp-content\/uploads\/2017\/08\/garbanzo-300x112.jpg"},{"@type":"BreadcrumbList","@id":"https:\/\/turismoenzamora.es\/en\/garbanzo-de-fuentesauco\/#breadcrumb","itemListElement":[{"@type":"ListItem","position":1,"name":"Portada","item":"https:\/\/turismoenzamora.es\/"},{"@type":"ListItem","position":2,"name":"Chickpeas from Fuentesa\u00faco"}]},{"@type":"WebSite","@id":"https:\/\/turismoenzamora.es\/pt\/#website","url":"https:\/\/turismoenzamora.es\/pt\/","name":"Turismo sostenible. Patronato de Turismo de la Diputaci\u00f3n de Zamora.&quot;Turismo Sostenible&quot;.","description":"Tourisme durable Office du tourisme de la Diputaci\u00f3n de Zamora","publisher":{"@id":"https:\/\/turismoenzamora.es\/pt\/#organization"},"potentialAction":[{"@type":"SearchAction","target":{"@type":"EntryPoint","urlTemplate":"https:\/\/turismoenzamora.es\/pt\/?s={search_term_string}"},"query-input":"required name=search_term_string"}],"inLanguage":"fr-FR"},{"@type":"Organization","@id":"https:\/\/turismoenzamora.es\/pt\/#organization","name":"Patronato de Turismo de la Diputaci\u00f3n de Zamora","url":"https:\/\/turismoenzamora.es\/pt\/","logo":{"@type":"ImageObject","inLanguage":"fr-FR","@id":"https:\/\/turismoenzamora.es\/pt\/#\/schema\/logo\/image\/","url":"https:\/\/turismoenzamora.es\/wp-content\/uploads\/2018\/06\/ZamoraLogo.png","contentUrl":"https:\/\/turismoenzamora.es\/wp-content\/uploads\/2018\/06\/ZamoraLogo.png","width":1276,"height":290,"caption":"Patronato de Turismo de la Diputaci\u00f3n de Zamora"},"image":{"@id":"https:\/\/turismoenzamora.es\/pt\/#\/schema\/logo\/image\/"},"sameAs":["https:\/\/www.facebook.com\/ZamoraSpain\/","https:\/\/x.com\/ZamoraSpain","https:\/\/www.instagram.com\/turismoenzamora.es\/","https:\/\/www.pinterest.es\/TurismoenZamora\/","https:\/\/www.youtube.com\/channel\/UC2bOyOZ-2cLm-uXlBFYUV9w"]}]}},"_links":{"self":[{"href":"https:\/\/turismoenzamora.es\/fr\/wp-json\/wp\/v2\/pages\/225"}],"collection":[{"href":"https:\/\/turismoenzamora.es\/fr\/wp-json\/wp\/v2\/pages"}],"about":[{"href":"https:\/\/turismoenzamora.es\/fr\/wp-json\/wp\/v2\/types\/page"}],"author":[{"embeddable":true,"href":"https:\/\/turismoenzamora.es\/fr\/wp-json\/wp\/v2\/users\/1"}],"replies":[{"embeddable":true,"href":"https:\/\/turismoenzamora.es\/fr\/wp-json\/wp\/v2\/comments?post=225"}],"version-history":[{"count":0,"href":"https:\/\/turismoenzamora.es\/fr\/wp-json\/wp\/v2\/pages\/225\/revisions"}],"wp:attachment":[{"href":"https:\/\/turismoenzamora.es\/fr\/wp-json\/wp\/v2\/media?parent=225"}],"curies":[{"name":"wp","href":"https:\/\/api.w.org\/{rel}","templated":true}]}}