{"id":2244,"date":"2017-08-18T08:31:31","date_gmt":"2017-08-18T06:31:31","guid":{"rendered":"https:\/\/newweb.turismoenzamora.es\/?page_id=2244"},"modified":"2026-03-27T14:48:11","modified_gmt":"2026-03-27T13:48:11","slug":"horarios-de-apertura-por-la-provincia","status":"publish","type":"page","link":"https:\/\/turismoenzamora.es\/fr\/servicios-turisticos\/informacion-turistica\/horarios-de-apertura\/horarios-de-apertura-por-la-provincia\/","title":{"rendered":"Provincia"},"content":{"rendered":"<ul>\n<li><\/p>\n<h3>Monuments de Puebla de Sanabria<\/h3>\n<h2>\u00c9GLISE DE NUESTRA SE\u00d1ORA DEL AZOGUE<\/h2>\n<p>&#8211; Week-ends, jours f\u00e9ri\u00e9s et week-end prolong\u00e9 11:00-14:00\u00a0und 16:00-21:00 h *<br \/>&#8211; * Dimanche apr\u00e8s-midi se ferme.<\/p>\n<h2>CH\u00c2TEAU \/ OFFICE DE TOURISME<\/h2>\n<p>Tous les jours: 11-14 h. et 16-20 h\u00a0 sauf les dimanches l&rsquo;heure de fermeture sera \u00e0 19 h<\/p>\n<p><strong>Remarques<\/strong><br \/>&#8211; Ch\u00e2teau de Tours: samedi et dimanche \u00e0 19,00 h<\/p>\n<h2>MUS\u00c9E DES G\u00c9ANTS ET \u00ab\u00a0CABEZUDOS\u00a0\u00bb<\/h2>\n<p><strong>Remarques<\/strong><br \/>&#8211; Vues sur Samedi et Dimanche \u00e0 12.30 h<\/p>\n<h2>MYTOLOGICAL \u00c9COLE UNGILDE<\/h2>\n<p>&#8211; Mardi et Vendredi: 16-18 h<br \/>&#8211; Week-ends et jours f\u00e9ri\u00e9s 12-14 h<\/p>\n<h3>Monuments de San Mart\u00edn de Casta\u00f1eda<\/h3>\n<h2>\u00c9GLISE<\/h2>\n<p><strong>Juillet \u00e0 Septembre<\/strong><br \/>&#8211; Mardi au Dimanche: 11-14 h et 17-20 h<br \/>&#8211; Lundi: Ferm\u00e9<\/p>\n<p><strong>Avril \u00e0 Juin<\/strong><br \/>&#8211; Vendredi et samedi: 10-13 h et 17-20 h<br \/>&#8211; Dimanche: le matin uniquement<\/p>\n<p><strong>Octobre \u00e0 D\u00e9cembre<\/strong><br \/>&#8211; Vendredi et samedi: 10-14 h et 16-18 h<br \/>&#8211; Dimanche: le matin uniquement<\/p>\n<p><strong>Remarques<\/strong><br \/>&#8211; Admission g\u00e9n\u00e9rale: 1 \u20ac<\/p>\n<h3>Monuments\u00a0de El Campillo<\/h3>\n<h2>EGLISE DE SAN PEDRO DE LA NAVE<\/h2>\n<p><strong>1 Avril to 30 Septembre\u00a0<\/strong><br \/>&#8211; Du mardi au dimanche: 10-13 h et 17-20 h<\/p>\n<p><strong>1 Octobre au 31 D\u00e9cembre<\/strong><br \/>&#8211; Vendredi et samedi: 10-14 h et 16.30-18.30 h<br \/>&#8211; Dimanche: le matin uniquement<\/p>\n<h3>Monuments de La Hiniesta<\/h3>\n<h2>EGLISE DE SANTA MARIA LA REAL<\/h2>\n<p><strong>Remarques<\/strong><br \/>&#8211; T\u00e9l\u00e9phone: 980 552 110 (don)<\/p>\n<h3>Monuments de Arcenillas<\/h3>\n<h2>\u00c9GLISE PAROISSIALE<\/h2>\n<p><strong>Remarques<\/strong><br \/>&#8211; T\u00e9l\u00e9phone: 980 571 447 (don)<\/p>\n<h3>Monuments de Santa Marta de Tera<\/h3>\n<h2>\u00c9GLISE DE SANTA MARTA<\/h2>\n<p><strong>4 Avril to 30 Septembre<\/strong><br \/>&#8211; Du mardi au Dimanche: 10-13 h et 17-20 h<br \/>&#8211; Lundi: Ferm\u00e9<br \/><strong>1 Octobre au 15 D\u00e9cembre\u00a0<\/strong><br \/>&#8211; Du mardi au dimanche: 16.30-18.30 h et 10-14 h<br \/>&#8211; Lundi: Ferm\u00e9<br \/><strong>Remarques<\/strong><br \/>&#8211; Admission g\u00e9n\u00e9rale: 1 \u20ac<\/p>\n<h3>Monuments\u00a0de Toro<\/h3>\n<h2>COLL\u00c9GIALE DE SANTA MAR\u00cdA LA MAYOR<\/h2>\n<p><strong>1 Mars au 30 Septembre<\/strong><br \/>&#8211; Du mardi au dimanche de 10h30 \u00e0 14 heures et de 17 \u00e0 19h30<br \/>&#8211; Lundi: Ferm\u00e9<br \/><strong>1 Octobre au 31 D\u00e9cembre<\/strong><br \/>&#8211; Du mardi au dimanche de 10 \u00e0 14 ans et de 16,30 \u00e0 18,30<br \/>&#8211; Ferm\u00e9 le lundi<br \/><strong>Remarques<\/strong><br \/>&#8211; Admission g\u00e9n\u00e9rale: 1 \u20ac<\/p>\n<h2>EGLISE DE SAN SALVADOR-MUS\u00c9E DE LOS CABALLEROS<\/h2>\n<p><strong>5 Mai au 30 Septembre<\/strong><br \/>&#8211; Du mardi au Dimanche\u00a010h30-14 h et\u00a017-19h30<br \/>&#8211; Lundi: Ferm\u00e9<br \/><strong>1 Octobre au 31 D\u00e9cembre<\/strong><br \/>&#8211; Du mardi au dimanche de 10-14 h\u00a0 et 16,30-18,30 h<br \/>&#8211; Ferm\u00e9 le lundi<br \/><strong>Remarques<\/strong><br \/>&#8211; Admission g\u00e9n\u00e9rale: 1 \u20ac<\/p>\n<h2>EGLISE DE SAN LORENZO, SAINT SEPULCRO ET DE SAN SEBASTIAN DE LOS CABALLEROS<\/h2>\n<p><strong>5 Mai au 15 Septembre<\/strong><br \/>&#8211; Du vendredi au dimanche, de 10h30-14 h et 17-19h30<br \/><strong>Remarques<\/strong><br \/>&#8211; Admission g\u00e9n\u00e9rale: 1 \u20ac<\/p>\n<h2>MONASTERIO DE SANCTI SPIRITUS<\/h2>\n<p><strong>Remarques<\/strong><br \/>&#8211; Visites guid\u00e9es du mardi au dimanche \u00e0 10h30, 11h30, 12h30, 16h30 et 17h30 h.<br \/>&#8211; Entr\u00e9e individuelle: 4,50 \u20ac<br \/>&#8211; Groupes d&rsquo;entr\u00e9e: 3 \u20ac<\/p>\n<h3>Monuments de Villalonso<\/h3>\n<h2>CH\u00c2TEAU<\/h2>\n<p>&#8211; Jusqu&rsquo;au 11 D\u00e9cembre: dimanche et jours f\u00e9ri\u00e9s de 12 \u00e0 14h30<br \/>(Du 11 D\u00e9cembre to 28 F\u00e9vrier sera ferm\u00e9)<\/p>\n<p>-Mars et Avril: dimanche et jours f\u00e9ri\u00e9s: 12 \u00e0 14h30<\/p>\n<p><strong>Remarques<\/strong><br \/>&#8211; Admission g\u00e9n\u00e9rale: 2,50 \u20ac (1,50 \u20ac groupes)<\/p>\n<h3>Monuments\u00a0de T\u00e1bara<\/h3>\n<h2>\u00c9GLISE DE SANTA MARIA<\/h2>\n<p><strong>De Juin \u00e0 Octobre<\/strong><br \/>&#8211; Du mardi au vendredi 11 heures et demie-13h30 h et de 17:30 h \u00e0 19 h<br \/>&#8211; Samedi matin, juste<br \/><strong>Novembre et D\u00e9cembre<\/strong><br \/>&#8211; Du mardi au samedi de 12 \u00e0 13h30<\/p>\n<h3>Monuments de Fermoselle<\/h3>\n<h2>\u00c9GLISE DE NUESTRA SE\u00d1ORA DE LA ASUNCI\u00d3N<\/h2>\n<p><strong>D&rsquo;Avril \u00e0 Juin<\/strong><br \/>&#8211; Vendredi et samedi: 10-14 h et 16.30-18.30 h<br \/>&#8211; dimanche: 10-14 h<br \/><strong>Juillet et Ao\u00fbt<\/strong><br \/>&#8211; Du mardi au dimanche: 10-13 h et 17-20 h<br \/>&#8211; Lundi: Ferm\u00e9<br \/><strong>D&rsquo;Octobre \u00e0 D\u00e9cembre<\/strong><br \/>&#8211; Vendredi et samedi: 10-14 h et 16.30-18.30 h<br \/>&#8211; dimanche: 10-14 h<\/p>\n<h3>Monuments\u00a0de Benavente<\/h3>\n<h2>\u00c9GLISE DE SANTA MAR\u00cdA DEL AZOGUE ET L&rsquo;\u00c9GLISE DE SAN JUAN DEL MERCADO<\/h2>\n<p><strong>Avril et mai<\/strong><br \/>&#8211; Vendredi et samedi: 10-13 h et 17-20 h<br \/>&#8211; dimanche: 10-13 h<br \/><strong>De Juin \u00e0 Septembre<\/strong><br \/>&#8211; Du mardi au dimanche: de 10,30 \u00e0 14 h et 17 h -20<br \/>&#8211; Lundi: Ferm\u00e9<br \/><strong>D&rsquo;Octobre \u00e0 D\u00e9cembre<\/strong><br \/>&#8211; Vendredi et samedi: 10-14 h et 16.30-18.30 h<br \/>&#8211; dimanche: 10-14 h<\/p>\n<p>&#8211; Co\u00fbt d&rsquo;acc\u00e8s : 2 \u20ac.<\/p>\n<h2>SEMAINE SAINTE MUS\u00c9E BENAVENTE<\/h2>\n<p>&#8211; Du mardi au vendredi: 11.30-13.30 h et 18-20 h<br \/>&#8211; Week-end et jours f\u00e9ri\u00e9s: 11 heures 30-13h30<br \/>&#8211; Lundi: Ferm\u00e9<br \/><strong>Remarques<\/strong><br \/>&#8211; Admission g\u00e9n\u00e9rale: 1,50 \u20ac<\/p>\n<h3>Monuments\u00a0de la Granja de Moreruela<\/h3>\n<h1>MONASTERIO DE SANTA MAR\u00cdA DE MORERUELA<\/h1>\n<p><strong>De Mars \u00e0 Juin<\/strong><br \/>&#8211; Du mercredi au dimanche: 10-14 h et 16-19 h<br \/>&#8211; Vacances: ouvert<br \/><strong>De Juillet \u00e0 Septembre<\/strong><br \/>&#8211; Du mercredi au dimanche: 10-14 h et 17-20 h<br \/>&#8211; Vacances: ouvert<br \/><strong>D&rsquo;Octobre \u00e0 D\u00e9cembre<\/strong><br \/>&#8211; Du mercredi au dimanche: 15:30-17:15 hh 10:30-14<br \/>&#8211; Vacances: ouvert<\/p>\n<h2>CENTRE D&rsquo;INTERPR\u00c9TATION DE THEC\u00cdSTER DE GRANJA DE MORERUELA<\/h2>\n<p><strong>Octobre<\/strong><br \/>&#8211; Du mercredi au dimanche dix heures 30-15h30 \u00e0 14 h et 19 h<\/p>\n<h3>Monuments\u00a0de Molacillos<\/h3>\n<h2>LES CITERNES ROMAINES<\/h2>\n<p><strong>Remarques<\/strong><br \/>&#8211; T\u00e9l\u00e9phone: 665 586 381<\/p>\n<h3>Route arch\u00e9ologique par Valles de Benavente<\/h3>\n<h2>ITIN\u00c9RAIRE ARCH\u00c9OLOGIQUE \u00c0 TRAVERS LES VALL\u00c9ES DE ZAMORA: VIDRIALES, \u00d3RBIGO ET ERIA MANGANESES DE POLVOROSA, MORALES DEL REY, ARRABALDE, SANTIBANEZ DE VIDRIALES ET GRANUCILLO DE VIDRIALES<\/h2>\n<p><strong>De Janvier \u00e0 Juin<\/strong><br \/>&#8211; Les samedis, dimanches et jours f\u00e9ri\u00e9s: 11-14 h et 16-19 h<br \/><strong>De Juillet \u00e0 Ao\u00fbt<\/strong><br \/>&#8211; Du jeudi au dimanche: 11-14 h et 17-20 h<br \/><strong>De Septembre \u00e0 D\u00e9cembre<\/strong><br \/>&#8211; Les samedis, dimanches et jours f\u00e9ri\u00e9s: 11-14 h et 16-19 h<\/p>\n<h3>Casa del\u00a0Parque\u00a0de la province\u00a0de Zamora<\/h3>\n<h2>DU LAC DE SANABRIA ET LES ENVIRONS ET CENTRE DE SAN MARTIN DE CASTA\u00d1EDA<\/h2>\n<p><strong>D&rsquo;Avril \u00e0 Juin<\/strong><br \/>&#8211; Du vendredi au dimanche: 10-14 h et 16-19 h<br \/>&#8211; Ouvert de P\u00e2ques: 2 to 8 Avril<br \/>&#8211; Ouvert: 23 et 30 Avril, 1er et 2 mai<br \/>&#8211; Reste de la semaine: Ouvert pour les groupes (sur r\u00e9servation)<br \/><strong>De Juillet \u00e0 Ao\u00fbt<\/strong><br \/>&#8211; Tous les jours: 10-14 h et 17-20 h<br \/><strong>De Septembre \u00e0 D\u00e9cembre<\/strong><br \/>&#8211; Du jeudi au dimanche: 10-14 h et 16-19 h (Monte G\u00e1ndara)<br \/>-Vendredi-dimanche: 10-14 et 16-19 h (San Mart\u00edn de Casta\u00f1eda)<br \/>&#8211; Reste de la semaine: Ouvert pour les groupes (sur r\u00e9servation)<\/p>\n<p>Horaires d&rsquo;ouverture <strong>d\u00e9cembre 2024<\/strong> : ouvert du jeudi au dimanche. De 10h00 \u00e0 14h00 et de 16h00 \u00e0 20h00<br \/><strong>PONT DE CONSTITUTION:<\/strong> Ouvert du jeudi 5 au lundi 9.<br \/><strong>NO\u00cbL: <\/strong>Ouvert du jeudi 19 d\u00e9cembre au dimanche 5 janvier.<br \/>(Ferm\u00e9 les 24, 25, 31 d\u00e9cembre et les 1er et 6 janvier).<br \/>Ouvert tous les jours pour les groupes sur r\u00e9servation pr\u00e9alable.<\/p>\n<p>Horaires d&rsquo;ouverture <strong>janvier 2025<\/strong> : ouvert du vendredi au dimanche. De 10h00 \u00e0 14h00 et de 16h00 \u00e0 20h00<br \/><strong>NO\u00cbL:<\/strong> Ouvert du jeudi 2 janvier au dimanche 5 janvier.<br \/>(Ferm\u00e9 les 1er et 6 janvier).<\/p>\n<p><strong>Remarques<\/strong><br \/>&#8211; T\u00e9l\u00e9phone: 980 621 595<\/p>\n<h2>LAGUNAS DE VILLAF\u00c1FILA \u00ab\u00a0EL PALOMAR\u00a0\u00bb (VILLAF\u00c1FILA)<\/h2>\n<p><strong>De Janvier \u00e0 Mars<\/strong><br \/>&#8211; Du vendredi au dimanche: 10-14 h et de 16 \u00e0 18,30 h<br \/><strong>D&rsquo;Avril \u00e0 Septembre<\/strong><br \/>&#8211; Du vendredi au dimanche: 11-14 h et de 16 \u00e0 19,30 h<br \/>&#8211; Ferm\u00e9 6 Ao\u00fbt to 6 Septembre (inclus)<br \/><strong>D&rsquo;Octobre \u00e0 D\u00e9cembre<\/strong><br \/>&#8211; Du vendredi au dimanche: 10-14 h et de 16 \u00e0 18,30 h<br \/><strong>Remarques<\/strong><br \/>&#8211; Ouvert de P\u00e2ques et les vacances<br \/>&#8211; Les groupes organis\u00e9s, ouverts sur r\u00e9servation n&rsquo;importe quel jour de l&rsquo;ann\u00e9e<br \/>&#8211; T\u00e9l\u00e9phone: 980 586 046<\/p>\n<h2>ARRIBES DEL DUERO \u00ab\u00a0CONVENTO DE SAN FRANCISCO\u00a0\u00bb (FERMOSELLE)<\/h2>\n<p><strong>De F\u00e9vrier \u00e0 Juin<\/strong><br \/>&#8211; Jeudi: 10-14 h<br \/>&#8211; Vendredi et samedi: 10-14 h et 16-19 h<br \/>&#8211; Dimanche: 10-15 h<br \/><strong>Juillet et Ao\u00fbt<\/strong><br \/>&#8211; Du lundi au samedi de 10 \u00e0 14 h et 17-20 h<br \/>&#8211; dimanche: 10-15 h<br \/><strong>Septembre et Octobre<\/strong><br \/>&#8211; Du lundi au Samedi de 10 \u00e0 14 h et 16-19 h<br \/>&#8211; Dimanche: 10-15 h<br \/><strong>Remarques<\/strong><br \/>&#8211; Le groupe participera \u00e0 n&rsquo;importe quel jour de la semaine sur r\u00e9servation<br \/>&#8211; T\u00e9l\u00e9phone: 980 613 384<\/p>\n<p>","protected":false},"excerpt":{"rendered":"<p>Monuments de Puebla de Sanabria \u00c9GLISE DE NUESTRA SE\u00d1ORA DEL AZOGUE &#8211; Week-ends, jours f\u00e9ri\u00e9s et week-end prolong\u00e9 11:00-14:00\u00a0und 16:00-21:00 h *&#8211; * Dimanche apr\u00e8s-midi se ferme. CH\u00c2TEAU \/ OFFICE DE TOURISME Tous les jours: 11-14 h. et 16-20 h\u00a0 sauf les dimanches l&rsquo;heure de fermeture sera \u00e0 19 h Remarques&#8211; Ch\u00e2teau de Tours: samedi [&hellip;]<\/p>\n","protected":false},"author":1,"featured_media":0,"parent":1733,"menu_order":2,"comment_status":"closed","ping_status":"closed","template":"","meta":{"inline_featured_image":false,"site-sidebar-layout":"default","site-content-layout":"default","ast-site-content-layout":"default","site-content-style":"default","site-sidebar-style":"default","ast-global-header-display":"","ast-banner-title-visibility":"","ast-main-header-display":"","ast-hfb-above-header-display":"","ast-hfb-below-header-display":"","ast-hfb-mobile-header-display":"","site-post-title":"","ast-breadcrumbs-content":"","ast-featured-img":"","footer-sml-layout":"","theme-transparent-header-meta":"default","adv-header-id-meta":"","stick-header-meta":"","header-above-stick-meta":"","header-main-stick-meta":"","header-below-stick-meta":"","astra-migrate-meta-layouts":"set","ast-page-background-enabled":"default","ast-page-background-meta":{"desktop":{"background-color":"","background-image":"","background-repeat":"repeat","background-position":"center center","background-size":"auto","background-attachment":"scroll","background-type":"","background-media":"","overlay-type":"","overlay-color":"","overlay-gradient":""},"tablet":{"background-color":"","background-image":"","background-repeat":"repeat","background-position":"center center","background-size":"auto","background-attachment":"scroll","background-type":"","background-media":"","overlay-type":"","overlay-color":"","overlay-gradient":""},"mobile":{"background-color":"","background-image":"","background-repeat":"repeat","background-position":"center center","background-size":"auto","background-attachment":"scroll","background-type":"","background-media":"","overlay-type":"","overlay-color":"","overlay-gradient":""}},"ast-content-background-meta":{"desktop":{"background-color":"var(--ast-global-color-5)","background-image":"","background-repeat":"repeat","background-position":"center center","background-size":"auto","background-attachment":"scroll","background-type":"","background-media":"","overlay-type":"","overlay-color":"","overlay-gradient":""},"tablet":{"background-color":"var(--ast-global-color-5)","background-image":"","background-repeat":"repeat","background-position":"center center","background-size":"auto","background-attachment":"scroll","background-type":"","background-media":"","overlay-type":"","overlay-color":"","overlay-gradient":""},"mobile":{"background-color":"var(--ast-global-color-5)","background-image":"","background-repeat":"repeat","background-position":"center center","background-size":"auto","background-attachment":"scroll","background-type":"","background-media":"","overlay-type":"","overlay-color":"","overlay-gradient":""}},"ngg_post_thumbnail":0,"footnotes":""},"yoast_head":"<!-- This site is optimized with the Yoast SEO plugin v23.0 - https:\/\/yoast.com\/wordpress\/plugins\/seo\/ -->\n<title>Turismo de Zamora , Turismo Sostenible<\/title>\n<meta name=\"description\" content=\"Esta es la p\u00e1gina Oficial de Turismo de Diputaci\u00f3n de Zamora, donde podr\u00e1 encontrar toda la informaci\u00f3n para disfrutar al m\u00e1ximo de nuestra provincia.\" \/>\n<meta name=\"robots\" content=\"index, follow, max-snippet:-1, max-image-preview:large, max-video-preview:-1\" \/>\n<link rel=\"canonical\" href=\"https:\/\/turismoenzamora.es\/servicios-turisticos\/informacion-turistica\/horarios-de-apertura\/horarios-de-apertura-por-la-provincia\/\" \/>\n<meta property=\"og:locale\" content=\"fr_FR\" \/>\n<meta property=\"og:type\" content=\"article\" \/>\n<meta property=\"og:title\" content=\"Turismo de Zamora , Turismo Sostenible\" \/>\n<meta property=\"og:description\" content=\"Esta es la p\u00e1gina Oficial de Turismo de Diputaci\u00f3n de Zamora, donde podr\u00e1 encontrar toda la informaci\u00f3n para disfrutar al m\u00e1ximo de nuestra provincia.\" \/>\n<meta property=\"og:url\" content=\"https:\/\/turismoenzamora.es\/servicios-turisticos\/informacion-turistica\/horarios-de-apertura\/horarios-de-apertura-por-la-provincia\/\" \/>\n<meta property=\"og:site_name\" content=\"Tourisme \u00e0 Zamora\" \/>\n<meta property=\"article:publisher\" content=\"https:\/\/www.facebook.com\/ZamoraSpain\/\" \/>\n<meta property=\"article:modified_time\" content=\"2026-03-27T13:48:11+00:00\" \/>\n<meta name=\"twitter:card\" content=\"summary_large_image\" \/>\n<meta name=\"twitter:site\" content=\"@ZamoraSpain\" \/>\n<meta name=\"twitter:label1\" content=\"Dur\u00e9e de lecture estim\u00e9e\" \/>\n\t<meta name=\"twitter:data1\" content=\"46 minutes\" \/>\n<script type=\"application\/ld+json\" class=\"yoast-schema-graph\">{\"@context\":\"https:\/\/schema.org\",\"@graph\":[{\"@type\":\"WebPage\",\"@id\":\"https:\/\/turismoenzamora.es\/servicios-turisticos\/informacion-turistica\/horarios-de-apertura\/horarios-de-apertura-por-la-provincia\/\",\"url\":\"https:\/\/turismoenzamora.es\/servicios-turisticos\/informacion-turistica\/horarios-de-apertura\/horarios-de-apertura-por-la-provincia\/\",\"name\":\"Turismo de Zamora , Turismo Sostenible\",\"isPartOf\":{\"@id\":\"https:\/\/turismoenzamora.es\/pt\/#website\"},\"datePublished\":\"2017-08-18T06:31:31+00:00\",\"dateModified\":\"2026-03-27T13:48:11+00:00\",\"description\":\"Esta es la p\u00e1gina Oficial de Turismo de Diputaci\u00f3n de Zamora, donde podr\u00e1 encontrar toda la informaci\u00f3n para disfrutar al m\u00e1ximo de nuestra provincia.\",\"breadcrumb\":{\"@id\":\"https:\/\/turismoenzamora.es\/servicios-turisticos\/informacion-turistica\/horarios-de-apertura\/horarios-de-apertura-por-la-provincia\/#breadcrumb\"},\"inLanguage\":\"fr-FR\",\"potentialAction\":[{\"@type\":\"ReadAction\",\"target\":[\"https:\/\/turismoenzamora.es\/servicios-turisticos\/informacion-turistica\/horarios-de-apertura\/horarios-de-apertura-por-la-provincia\/\"]}]},{\"@type\":\"BreadcrumbList\",\"@id\":\"https:\/\/turismoenzamora.es\/servicios-turisticos\/informacion-turistica\/horarios-de-apertura\/horarios-de-apertura-por-la-provincia\/#breadcrumb\",\"itemListElement\":[{\"@type\":\"ListItem\",\"position\":1,\"name\":\"Portada\",\"item\":\"https:\/\/turismoenzamora.es\/\"},{\"@type\":\"ListItem\",\"position\":2,\"name\":\"Servicios Tur\u00edsticos\",\"item\":\"https:\/\/turismoenzamora.es\/fr\/servicios-turisticos\/\"},{\"@type\":\"ListItem\",\"position\":3,\"name\":\"Informations touristiques\",\"item\":\"https:\/\/turismoenzamora.es\/fr\/servicios-turisticos\/informacion-turistica\/\"},{\"@type\":\"ListItem\",\"position\":4,\"name\":\"Horarios de apertura\",\"item\":\"https:\/\/turismoenzamora.es\/servicios-turisticos\/informacion-turistica\/horarios-de-apertura\/\"},{\"@type\":\"ListItem\",\"position\":5,\"name\":\"[:es]Horarios de apertura por la Provincia[:en]Provincia[:fr]Provincia[:pt]Provincia[:de]Provincia[:]\"}]},{\"@type\":\"WebSite\",\"@id\":\"https:\/\/turismoenzamora.es\/pt\/#website\",\"url\":\"https:\/\/turismoenzamora.es\/pt\/\",\"name\":\"Turismo sostenible. Patronato de Turismo de la Diputaci\u00f3n de Zamora.&quot;Turismo Sostenible&quot;.\",\"description\":\"Tourisme durable Office du tourisme de la Diputaci\u00f3n de Zamora\",\"publisher\":{\"@id\":\"https:\/\/turismoenzamora.es\/pt\/#organization\"},\"potentialAction\":[{\"@type\":\"SearchAction\",\"target\":{\"@type\":\"EntryPoint\",\"urlTemplate\":\"https:\/\/turismoenzamora.es\/pt\/?s={search_term_string}\"},\"query-input\":\"required name=search_term_string\"}],\"inLanguage\":\"fr-FR\"},{\"@type\":\"Organization\",\"@id\":\"https:\/\/turismoenzamora.es\/pt\/#organization\",\"name\":\"Patronato de Turismo de la Diputaci\u00f3n de Zamora\",\"url\":\"https:\/\/turismoenzamora.es\/pt\/\",\"logo\":{\"@type\":\"ImageObject\",\"inLanguage\":\"fr-FR\",\"@id\":\"https:\/\/turismoenzamora.es\/pt\/#\/schema\/logo\/image\/\",\"url\":\"https:\/\/turismoenzamora.es\/wp-content\/uploads\/2018\/06\/ZamoraLogo.png\",\"contentUrl\":\"https:\/\/turismoenzamora.es\/wp-content\/uploads\/2018\/06\/ZamoraLogo.png\",\"width\":1276,\"height\":290,\"caption\":\"Patronato de Turismo de la Diputaci\u00f3n de Zamora\"},\"image\":{\"@id\":\"https:\/\/turismoenzamora.es\/pt\/#\/schema\/logo\/image\/\"},\"sameAs\":[\"https:\/\/www.facebook.com\/ZamoraSpain\/\",\"https:\/\/x.com\/ZamoraSpain\",\"https:\/\/www.instagram.com\/turismoenzamora.es\/\",\"https:\/\/www.pinterest.es\/TurismoenZamora\/\",\"https:\/\/www.youtube.com\/channel\/UC2bOyOZ-2cLm-uXlBFYUV9w\"]}]}<\/script>\n<!-- \/ Yoast SEO plugin. -->","yoast_head_json":{"title":"Turismo de Zamora , Turismo Sostenible","description":"Esta es la p\u00e1gina Oficial de Turismo de Diputaci\u00f3n de Zamora, donde podr\u00e1 encontrar toda la informaci\u00f3n para disfrutar al m\u00e1ximo de nuestra provincia.","robots":{"index":"index","follow":"follow","max-snippet":"max-snippet:-1","max-image-preview":"max-image-preview:large","max-video-preview":"max-video-preview:-1"},"canonical":"https:\/\/turismoenzamora.es\/servicios-turisticos\/informacion-turistica\/horarios-de-apertura\/horarios-de-apertura-por-la-provincia\/","og_locale":"fr_FR","og_type":"article","og_title":"Turismo de Zamora , Turismo Sostenible","og_description":"Esta es la p\u00e1gina Oficial de Turismo de Diputaci\u00f3n de Zamora, donde podr\u00e1 encontrar toda la informaci\u00f3n para disfrutar al m\u00e1ximo de nuestra provincia.","og_url":"https:\/\/turismoenzamora.es\/servicios-turisticos\/informacion-turistica\/horarios-de-apertura\/horarios-de-apertura-por-la-provincia\/","og_site_name":"Tourisme \u00e0 Zamora","article_publisher":"https:\/\/www.facebook.com\/ZamoraSpain\/","article_modified_time":"2026-03-27T13:48:11+00:00","twitter_card":"summary_large_image","twitter_site":"@ZamoraSpain","twitter_misc":{"Dur\u00e9e de lecture estim\u00e9e":"46 minutes"},"schema":{"@context":"https:\/\/schema.org","@graph":[{"@type":"WebPage","@id":"https:\/\/turismoenzamora.es\/servicios-turisticos\/informacion-turistica\/horarios-de-apertura\/horarios-de-apertura-por-la-provincia\/","url":"https:\/\/turismoenzamora.es\/servicios-turisticos\/informacion-turistica\/horarios-de-apertura\/horarios-de-apertura-por-la-provincia\/","name":"Turismo de Zamora , Turismo Sostenible","isPartOf":{"@id":"https:\/\/turismoenzamora.es\/pt\/#website"},"datePublished":"2017-08-18T06:31:31+00:00","dateModified":"2026-03-27T13:48:11+00:00","description":"Esta es la p\u00e1gina Oficial de Turismo de Diputaci\u00f3n de Zamora, donde podr\u00e1 encontrar toda la informaci\u00f3n para disfrutar al m\u00e1ximo de nuestra provincia.","breadcrumb":{"@id":"https:\/\/turismoenzamora.es\/servicios-turisticos\/informacion-turistica\/horarios-de-apertura\/horarios-de-apertura-por-la-provincia\/#breadcrumb"},"inLanguage":"fr-FR","potentialAction":[{"@type":"ReadAction","target":["https:\/\/turismoenzamora.es\/servicios-turisticos\/informacion-turistica\/horarios-de-apertura\/horarios-de-apertura-por-la-provincia\/"]}]},{"@type":"BreadcrumbList","@id":"https:\/\/turismoenzamora.es\/servicios-turisticos\/informacion-turistica\/horarios-de-apertura\/horarios-de-apertura-por-la-provincia\/#breadcrumb","itemListElement":[{"@type":"ListItem","position":1,"name":"Portada","item":"https:\/\/turismoenzamora.es\/"},{"@type":"ListItem","position":2,"name":"Servicios Tur\u00edsticos","item":"https:\/\/turismoenzamora.es\/fr\/servicios-turisticos\/"},{"@type":"ListItem","position":3,"name":"Informations touristiques","item":"https:\/\/turismoenzamora.es\/fr\/servicios-turisticos\/informacion-turistica\/"},{"@type":"ListItem","position":4,"name":"Horarios de apertura","item":"https:\/\/turismoenzamora.es\/servicios-turisticos\/informacion-turistica\/horarios-de-apertura\/"},{"@type":"ListItem","position":5,"name":"[:es]Horarios de apertura por la Provincia[:en]Provincia[:fr]Provincia[:pt]Provincia[:de]Provincia[:]"}]},{"@type":"WebSite","@id":"https:\/\/turismoenzamora.es\/pt\/#website","url":"https:\/\/turismoenzamora.es\/pt\/","name":"Turismo sostenible. Patronato de Turismo de la Diputaci\u00f3n de Zamora.&quot;Turismo Sostenible&quot;.","description":"Tourisme durable Office du tourisme de la Diputaci\u00f3n de Zamora","publisher":{"@id":"https:\/\/turismoenzamora.es\/pt\/#organization"},"potentialAction":[{"@type":"SearchAction","target":{"@type":"EntryPoint","urlTemplate":"https:\/\/turismoenzamora.es\/pt\/?s={search_term_string}"},"query-input":"required name=search_term_string"}],"inLanguage":"fr-FR"},{"@type":"Organization","@id":"https:\/\/turismoenzamora.es\/pt\/#organization","name":"Patronato de Turismo de la Diputaci\u00f3n de Zamora","url":"https:\/\/turismoenzamora.es\/pt\/","logo":{"@type":"ImageObject","inLanguage":"fr-FR","@id":"https:\/\/turismoenzamora.es\/pt\/#\/schema\/logo\/image\/","url":"https:\/\/turismoenzamora.es\/wp-content\/uploads\/2018\/06\/ZamoraLogo.png","contentUrl":"https:\/\/turismoenzamora.es\/wp-content\/uploads\/2018\/06\/ZamoraLogo.png","width":1276,"height":290,"caption":"Patronato de Turismo de la Diputaci\u00f3n de Zamora"},"image":{"@id":"https:\/\/turismoenzamora.es\/pt\/#\/schema\/logo\/image\/"},"sameAs":["https:\/\/www.facebook.com\/ZamoraSpain\/","https:\/\/x.com\/ZamoraSpain","https:\/\/www.instagram.com\/turismoenzamora.es\/","https:\/\/www.pinterest.es\/TurismoenZamora\/","https:\/\/www.youtube.com\/channel\/UC2bOyOZ-2cLm-uXlBFYUV9w"]}]}},"_links":{"self":[{"href":"https:\/\/turismoenzamora.es\/fr\/wp-json\/wp\/v2\/pages\/2244"}],"collection":[{"href":"https:\/\/turismoenzamora.es\/fr\/wp-json\/wp\/v2\/pages"}],"about":[{"href":"https:\/\/turismoenzamora.es\/fr\/wp-json\/wp\/v2\/types\/page"}],"author":[{"embeddable":true,"href":"https:\/\/turismoenzamora.es\/fr\/wp-json\/wp\/v2\/users\/1"}],"replies":[{"embeddable":true,"href":"https:\/\/turismoenzamora.es\/fr\/wp-json\/wp\/v2\/comments?post=2244"}],"version-history":[{"count":0,"href":"https:\/\/turismoenzamora.es\/fr\/wp-json\/wp\/v2\/pages\/2244\/revisions"}],"up":[{"embeddable":true,"href":"https:\/\/turismoenzamora.es\/fr\/wp-json\/wp\/v2\/pages\/1733"}],"wp:attachment":[{"href":"https:\/\/turismoenzamora.es\/fr\/wp-json\/wp\/v2\/media?parent=2244"}],"curies":[{"name":"wp","href":"https:\/\/api.w.org\/{rel}","templated":true}]}}